{"id":260372,"date":"2026-03-14T23:49:11","date_gmt":"2026-03-14T22:49:11","guid":{"rendered":"https:\/\/schweizversand.ch\/produkt\/xq-max-yoga-matte-eva\/"},"modified":"2026-04-19T02:05:50","modified_gmt":"2026-04-19T00:05:50","slug":"xq-max-yoga-matte-eva","status":"publish","type":"product","link":"https:\/\/schweizversand.ch\/it\/produkt\/xq-max-yoga-matte-eva\/","title":{"rendered":"Tappetino da yoga XQ Max EVA"},"content":{"rendered":"<div>Questo tappetino fitness \u00e8 ideale come tappetino da pavimento o da ginnastica e pu\u00f2 essere utilizzato per un&#8217;ampia variet\u00e0 di esercizi. Che si tratti di yoga, Pilates o esercizi per la gravidanza, questo tappetino rende gli esercizi a terra pi\u00f9 comodi e meno sforzano le articolazioni. La superficie ruvida offre presa ed \u00e8 resistente. Il tappetino da ginnastica \u00e8 molto leggero e facile da fissare grazie alle cinghie di fissaggio. Il tappetino pu\u00f2 essere riposto facilmente e risparmiando spazio. \u00c8 adatto anche per il campeggio, offrendo protezione da umidit\u00e0, freddo e terreno irregolare. Yoga, ginnastica e altro ancora. &nbsp; &nbsp; &nbsp; &nbsp;<br \/>Spiaggia &nbsp; &nbsp; &nbsp; &nbsp; &nbsp;<br \/>Dimensioni circa: 180 x 60 x 0,4 cm &nbsp; &nbsp; &nbsp; &nbsp; &nbsp; &nbsp;<br \/>Peso approssimativo: 120 g&nbsp; &nbsp; &nbsp; &nbsp; &nbsp; &nbsp; &nbsp;<br \/>Materiale: 80% EVA \/ 15% Calcio \/ 5% Altro&nbsp; &nbsp; &nbsp; &nbsp;<br \/>&nbsp; &nbsp; &nbsp; &nbsp;<br \/>Non \u00e8 possibile scegliere il colore. La spedizione sar\u00e0 assortita fino a esaurimento scorte.&nbsp; &nbsp; &nbsp; &nbsp; &nbsp; &nbsp;<br \/>Prezzo per tappetino<\/p>\n<\/div>\n","protected":false},"excerpt":{"rendered":"<p>XQ Max Yoga Matte EVA bietet rutschfesten Halt, ist leicht, strapazierf\u00e4hig und ideal f\u00fcr Yoga, Pilates, Schwangerschaftsgymnastik sowie Camping und Outdoor-Eins\u00e4tze.<\/p>\n","protected":false},"featured_media":157463,"comment_status":"open","ping_status":"closed","template":"","meta":[],"product_brand":[],"product_cat":[38960],"product_tag":[],"class_list":{"0":"post-260372","1":"product","2":"type-product","3":"status-publish","4":"has-post-thumbnail","6":"product_cat-yoga-pilates","7":"product_shipping_class-global_methods","9":"first","10":"instock","11":"taxable","12":"shipping-taxable","13":"purchasable","14":"product-type-simple"},"yoast_head":"<!-- This site is optimized with the Yoast SEO plugin v27.4 - https:\/\/yoast.com\/product\/yoast-seo-wordpress\/ -->\n<title>XQ Max Yoga Matte EVA<\/title>\n<meta name=\"description\" content=\"Die Fitnessmatte ist ideal als Boden- oder Turnmatte und f\u00fcr die verschiedensten \u00dcbungen nutzbar.\u00a0 \u00a0 \u00a0 \u00a0 \u00a0 Ob Yoga, Pilates oder Schwangerschaftsgymnastik, mit\" \/>\n<meta name=\"robots\" content=\"index, follow, max-snippet:-1, max-image-preview:large, max-video-preview:-1\" \/>\n<link rel=\"canonical\" href=\"https:\/\/schweizversand.ch\/it\/produkt\/xq-max-yoga-matte-eva\/\" \/>\n<meta property=\"og:locale\" content=\"it_IT\" \/>\n<meta property=\"og:type\" content=\"article\" \/>\n<meta property=\"og:title\" content=\"XQ Max Yoga Matte EVA\" \/>\n<meta property=\"og:description\" content=\"Die Fitnessmatte ist ideal als Boden- oder Turnmatte und f\u00fcr die verschiedensten \u00dcbungen nutzbar.\u00a0 \u00a0 \u00a0 \u00a0 \u00a0 Ob Yoga, Pilates oder Schwangerschaftsgymnastik, mit\" \/>\n<meta property=\"og:url\" content=\"https:\/\/schweizversand.ch\/it\/produkt\/xq-max-yoga-matte-eva\/\" \/>\n<meta property=\"og:site_name\" content=\"Schweizer Shop f\u00fcr Sport, Spiel und Freizeit\" \/>\n<meta property=\"article:publisher\" content=\"https:\/\/www.facebook.com\/Schweizversand\" \/>\n<meta property=\"article:modified_time\" content=\"2026-04-19T00:05:50+00:00\" \/>\n<meta property=\"og:image\" content=\"https:\/\/schweizversand.ch\/wp-content\/uploads\/2026\/02\/5471546227.jpg\" \/>\n\t<meta property=\"og:image:width\" content=\"1024\" \/>\n\t<meta property=\"og:image:height\" content=\"768\" \/>\n\t<meta property=\"og:image:type\" content=\"image\/jpeg\" \/>\n<meta name=\"twitter:card\" content=\"summary_large_image\" \/>\n<meta name=\"twitter:label1\" content=\"Tempo di lettura stimato\" \/>\n\t<meta name=\"twitter:data1\" content=\"1 minuto\" \/>\n<script type=\"application\/ld+json\" class=\"yoast-schema-graph\">{\"@context\":\"https:\\\/\\\/schema.org\",\"@graph\":[{\"@type\":\"WebPage\",\"@id\":\"https:\\\/\\\/schweizversand.ch\\\/it\\\/produkt\\\/xq-max-yoga-matte-eva\\\/\",\"url\":\"https:\\\/\\\/schweizversand.ch\\\/it\\\/produkt\\\/xq-max-yoga-matte-eva\\\/\",\"name\":\"XQ Max Yoga Matte EVA\",\"isPartOf\":{\"@id\":\"https:\\\/\\\/schweizversand.ch\\\/it\\\/#website\"},\"primaryImageOfPage\":{\"@id\":\"https:\\\/\\\/schweizversand.ch\\\/it\\\/produkt\\\/xq-max-yoga-matte-eva\\\/#primaryimage\"},\"image\":{\"@id\":\"https:\\\/\\\/schweizversand.ch\\\/it\\\/produkt\\\/xq-max-yoga-matte-eva\\\/#primaryimage\"},\"thumbnailUrl\":\"https:\\\/\\\/schweizversand.ch\\\/wp-content\\\/uploads\\\/2026\\\/02\\\/5471546227.jpg\",\"datePublished\":\"2026-03-14T22:49:11+00:00\",\"dateModified\":\"2026-04-19T00:05:50+00:00\",\"description\":\"Die Fitnessmatte ist ideal als Boden- oder Turnmatte und f\u00fcr die verschiedensten \u00dcbungen nutzbar.\u00a0 \u00a0 \u00a0 \u00a0 \u00a0 Ob Yoga, Pilates oder Schwangerschaftsgymnastik, mit\",\"breadcrumb\":{\"@id\":\"https:\\\/\\\/schweizversand.ch\\\/it\\\/produkt\\\/xq-max-yoga-matte-eva\\\/#breadcrumb\"},\"inLanguage\":\"it-IT\",\"potentialAction\":[{\"@type\":\"ReadAction\",\"target\":[\"https:\\\/\\\/schweizversand.ch\\\/it\\\/produkt\\\/xq-max-yoga-matte-eva\\\/\"]}]},{\"@type\":\"ImageObject\",\"inLanguage\":\"it-IT\",\"@id\":\"https:\\\/\\\/schweizversand.ch\\\/it\\\/produkt\\\/xq-max-yoga-matte-eva\\\/#primaryimage\",\"url\":\"https:\\\/\\\/schweizversand.ch\\\/wp-content\\\/uploads\\\/2026\\\/02\\\/5471546227.jpg\",\"contentUrl\":\"https:\\\/\\\/schweizversand.ch\\\/wp-content\\\/uploads\\\/2026\\\/02\\\/5471546227.jpg\",\"width\":1024,\"height\":768},{\"@type\":\"BreadcrumbList\",\"@id\":\"https:\\\/\\\/schweizversand.ch\\\/it\\\/produkt\\\/xq-max-yoga-matte-eva\\\/#breadcrumb\",\"itemListElement\":[{\"@type\":\"ListItem\",\"position\":1,\"name\":\"Startseite\",\"item\":\"https:\\\/\\\/schweizversand.ch\\\/it\\\/home\\\/\"},{\"@type\":\"ListItem\",\"position\":2,\"name\":\"Shop\",\"item\":\"https:\\\/\\\/schweizversand.ch\\\/it\\\/shop\\\/\"},{\"@type\":\"ListItem\",\"position\":3,\"name\":\"Sport\",\"item\":\"https:\\\/\\\/schweizversand.ch\\\/it\\\/produkt-kategorie\\\/sport-it\\\/\"},{\"@type\":\"ListItem\",\"position\":4,\"name\":\"Fitness\",\"item\":\"https:\\\/\\\/schweizversand.ch\\\/it\\\/produkt-kategorie\\\/sport-it\\\/fitness\\\/\"},{\"@type\":\"ListItem\",\"position\":5,\"name\":\"Yoga e Pilates\",\"item\":\"https:\\\/\\\/schweizversand.ch\\\/it\\\/produkt-kategorie\\\/sport-it\\\/fitness\\\/yoga-pilates\\\/\"},{\"@type\":\"ListItem\",\"position\":6,\"name\":\"Tappetino da yoga XQ Max EVA\"}]},{\"@type\":\"WebSite\",\"@id\":\"https:\\\/\\\/schweizversand.ch\\\/it\\\/#website\",\"url\":\"https:\\\/\\\/schweizversand.ch\\\/it\\\/\",\"name\":\"Schweizer Shop f\u00fcr Sport, Spiel und Freizeit\",\"description\":\"Gratisversand ab 50.- (netto), ab eigenem schweizer Lager, Lieferung innert 48h\",\"publisher\":{\"@id\":\"https:\\\/\\\/schweizversand.ch\\\/it\\\/#organization\"},\"alternateName\":\"Schweizversand.ch\",\"potentialAction\":[{\"@type\":\"SearchAction\",\"target\":{\"@type\":\"EntryPoint\",\"urlTemplate\":\"https:\\\/\\\/schweizversand.ch\\\/it\\\/?s={search_term_string}\"},\"query-input\":{\"@type\":\"PropertyValueSpecification\",\"valueRequired\":true,\"valueName\":\"search_term_string\"}}],\"inLanguage\":\"it-IT\"},{\"@type\":\"Organization\",\"@id\":\"https:\\\/\\\/schweizversand.ch\\\/it\\\/#organization\",\"name\":\"Schweizversand.ch\",\"url\":\"https:\\\/\\\/schweizversand.ch\\\/it\\\/\",\"logo\":{\"@type\":\"ImageObject\",\"inLanguage\":\"it-IT\",\"@id\":\"https:\\\/\\\/schweizversand.ch\\\/it\\\/#\\\/schema\\\/logo\\\/image\\\/\",\"url\":\"https:\\\/\\\/schweizversand.ch\\\/wp-content\\\/uploads\\\/2026\\\/03\\\/Logo_Rund_Final-1.png\",\"contentUrl\":\"https:\\\/\\\/schweizversand.ch\\\/wp-content\\\/uploads\\\/2026\\\/03\\\/Logo_Rund_Final-1.png\",\"width\":404,\"height\":404,\"caption\":\"Schweizversand.ch\"},\"image\":{\"@id\":\"https:\\\/\\\/schweizversand.ch\\\/it\\\/#\\\/schema\\\/logo\\\/image\\\/\"},\"sameAs\":[\"https:\\\/\\\/www.facebook.com\\\/Schweizversand\",\"https:\\\/\\\/www.instagram.com\\\/schweizversand.ch\\\/\"]}]}<\/script>\n<!-- \/ Yoast SEO plugin. -->","yoast_head_json":{"title":"XQ Max Yoga Matte EVA","description":"Die Fitnessmatte ist ideal als Boden- oder Turnmatte und f\u00fcr die verschiedensten \u00dcbungen nutzbar.\u00a0 \u00a0 \u00a0 \u00a0 \u00a0 Ob Yoga, Pilates oder Schwangerschaftsgymnastik, mit","robots":{"index":"index","follow":"follow","max-snippet":"max-snippet:-1","max-image-preview":"max-image-preview:large","max-video-preview":"max-video-preview:-1"},"canonical":"https:\/\/schweizversand.ch\/it\/produkt\/xq-max-yoga-matte-eva\/","og_locale":"it_IT","og_type":"article","og_title":"XQ Max Yoga Matte EVA","og_description":"Die Fitnessmatte ist ideal als Boden- oder Turnmatte und f\u00fcr die verschiedensten \u00dcbungen nutzbar.\u00a0 \u00a0 \u00a0 \u00a0 \u00a0 Ob Yoga, Pilates oder Schwangerschaftsgymnastik, mit","og_url":"https:\/\/schweizversand.ch\/it\/produkt\/xq-max-yoga-matte-eva\/","og_site_name":"Schweizer Shop f\u00fcr Sport, Spiel und Freizeit","article_publisher":"https:\/\/www.facebook.com\/Schweizversand","article_modified_time":"2026-04-19T00:05:50+00:00","og_image":[{"width":1024,"height":768,"url":"https:\/\/schweizversand.ch\/wp-content\/uploads\/2026\/02\/5471546227.jpg","type":"image\/jpeg"}],"twitter_card":"summary_large_image","twitter_misc":{"Tempo di lettura stimato":"1 minuto"},"schema":{"@context":"https:\/\/schema.org","@graph":[{"@type":"WebPage","@id":"https:\/\/schweizversand.ch\/it\/produkt\/xq-max-yoga-matte-eva\/","url":"https:\/\/schweizversand.ch\/it\/produkt\/xq-max-yoga-matte-eva\/","name":"XQ Max Yoga Matte EVA","isPartOf":{"@id":"https:\/\/schweizversand.ch\/it\/#website"},"primaryImageOfPage":{"@id":"https:\/\/schweizversand.ch\/it\/produkt\/xq-max-yoga-matte-eva\/#primaryimage"},"image":{"@id":"https:\/\/schweizversand.ch\/it\/produkt\/xq-max-yoga-matte-eva\/#primaryimage"},"thumbnailUrl":"https:\/\/schweizversand.ch\/wp-content\/uploads\/2026\/02\/5471546227.jpg","datePublished":"2026-03-14T22:49:11+00:00","dateModified":"2026-04-19T00:05:50+00:00","description":"Die Fitnessmatte ist ideal als Boden- oder Turnmatte und f\u00fcr die verschiedensten \u00dcbungen nutzbar.\u00a0 \u00a0 \u00a0 \u00a0 \u00a0 Ob Yoga, Pilates oder Schwangerschaftsgymnastik, mit","breadcrumb":{"@id":"https:\/\/schweizversand.ch\/it\/produkt\/xq-max-yoga-matte-eva\/#breadcrumb"},"inLanguage":"it-IT","potentialAction":[{"@type":"ReadAction","target":["https:\/\/schweizversand.ch\/it\/produkt\/xq-max-yoga-matte-eva\/"]}]},{"@type":"ImageObject","inLanguage":"it-IT","@id":"https:\/\/schweizversand.ch\/it\/produkt\/xq-max-yoga-matte-eva\/#primaryimage","url":"https:\/\/schweizversand.ch\/wp-content\/uploads\/2026\/02\/5471546227.jpg","contentUrl":"https:\/\/schweizversand.ch\/wp-content\/uploads\/2026\/02\/5471546227.jpg","width":1024,"height":768},{"@type":"BreadcrumbList","@id":"https:\/\/schweizversand.ch\/it\/produkt\/xq-max-yoga-matte-eva\/#breadcrumb","itemListElement":[{"@type":"ListItem","position":1,"name":"Startseite","item":"https:\/\/schweizversand.ch\/it\/home\/"},{"@type":"ListItem","position":2,"name":"Shop","item":"https:\/\/schweizversand.ch\/it\/shop\/"},{"@type":"ListItem","position":3,"name":"Sport","item":"https:\/\/schweizversand.ch\/it\/produkt-kategorie\/sport-it\/"},{"@type":"ListItem","position":4,"name":"Fitness","item":"https:\/\/schweizversand.ch\/it\/produkt-kategorie\/sport-it\/fitness\/"},{"@type":"ListItem","position":5,"name":"Yoga e Pilates","item":"https:\/\/schweizversand.ch\/it\/produkt-kategorie\/sport-it\/fitness\/yoga-pilates\/"},{"@type":"ListItem","position":6,"name":"Tappetino da yoga XQ Max EVA"}]},{"@type":"WebSite","@id":"https:\/\/schweizversand.ch\/it\/#website","url":"https:\/\/schweizversand.ch\/it\/","name":"Schweizer Shop f\u00fcr Sport, Spiel und Freizeit","description":"Gratisversand ab 50.- (netto), ab eigenem schweizer Lager, Lieferung innert 48h","publisher":{"@id":"https:\/\/schweizversand.ch\/it\/#organization"},"alternateName":"Schweizversand.ch","potentialAction":[{"@type":"SearchAction","target":{"@type":"EntryPoint","urlTemplate":"https:\/\/schweizversand.ch\/it\/?s={search_term_string}"},"query-input":{"@type":"PropertyValueSpecification","valueRequired":true,"valueName":"search_term_string"}}],"inLanguage":"it-IT"},{"@type":"Organization","@id":"https:\/\/schweizversand.ch\/it\/#organization","name":"Schweizversand.ch","url":"https:\/\/schweizversand.ch\/it\/","logo":{"@type":"ImageObject","inLanguage":"it-IT","@id":"https:\/\/schweizversand.ch\/it\/#\/schema\/logo\/image\/","url":"https:\/\/schweizversand.ch\/wp-content\/uploads\/2026\/03\/Logo_Rund_Final-1.png","contentUrl":"https:\/\/schweizversand.ch\/wp-content\/uploads\/2026\/03\/Logo_Rund_Final-1.png","width":404,"height":404,"caption":"Schweizversand.ch"},"image":{"@id":"https:\/\/schweizversand.ch\/it\/#\/schema\/logo\/image\/"},"sameAs":["https:\/\/www.facebook.com\/Schweizversand","https:\/\/www.instagram.com\/schweizversand.ch\/"]}]}},"jetpack_sharing_enabled":true,"_links":{"self":[{"href":"https:\/\/schweizversand.ch\/it\/wp-json\/wp\/v2\/product\/260372","targetHints":{"allow":["GET"]}}],"collection":[{"href":"https:\/\/schweizversand.ch\/it\/wp-json\/wp\/v2\/product"}],"about":[{"href":"https:\/\/schweizversand.ch\/it\/wp-json\/wp\/v2\/types\/product"}],"replies":[{"embeddable":true,"href":"https:\/\/schweizversand.ch\/it\/wp-json\/wp\/v2\/comments?post=260372"}],"wp:featuredmedia":[{"embeddable":true,"href":"https:\/\/schweizversand.ch\/it\/wp-json\/wp\/v2\/media\/157463"}],"wp:attachment":[{"href":"https:\/\/schweizversand.ch\/it\/wp-json\/wp\/v2\/media?parent=260372"}],"wp:term":[{"taxonomy":"product_brand","embeddable":true,"href":"https:\/\/schweizversand.ch\/it\/wp-json\/wp\/v2\/product_brand?post=260372"},{"taxonomy":"product_cat","embeddable":true,"href":"https:\/\/schweizversand.ch\/it\/wp-json\/wp\/v2\/product_cat?post=260372"},{"taxonomy":"product_tag","embeddable":true,"href":"https:\/\/schweizversand.ch\/it\/wp-json\/wp\/v2\/product_tag?post=260372"}],"curies":[{"name":"wp","href":"https:\/\/api.w.org\/{rel}","templated":true}]}}