{"id":260377,"date":"2026-03-14T23:49:13","date_gmt":"2026-03-14T22:49:13","guid":{"rendered":"https:\/\/schweizversand.ch\/produkt\/ultra-fresh-nachfuellung-luftentfeuchter\/"},"modified":"2026-04-21T15:35:29","modified_gmt":"2026-04-21T13:35:29","slug":"ultra-fresh-nachfuellung-luftentfeuchter","status":"publish","type":"product","link":"https:\/\/schweizversand.ch\/it\/produkt\/ultra-fresh-nachfuellung-luftentfeuchter\/","title":{"rendered":"Deumidificatore Ultra Fresh Refill"},"content":{"rendered":"<h1><strong>Confezione da 3 ricariche per deumidificatore (400 g)<\/strong><\/h1>\n<div>Di&#8217; addio all&#8217;umidit\u00e0 in eccesso! Questa pratica confezione da 3 ricariche per deumidificatore offre una soluzione efficace per migliorare in modo sostenibile il clima interno e prevenire la formazione di muffe e odori di muffa.<\/p>\n<\/div>\n<div><strong>Massime prestazioni di deumidificazione<\/strong><br \/>Ogni sacchetto contiene 400 g di granuli deumidificanti altamente efficaci che legano in modo affidabile l&#8217;umidit\u00e0 presente nell&#8217;aria ambiente. Questo potente deumidificatore da 400 g garantisce un clima piacevole e salutare in tutte le aree della casa. Il vantaggio: protezione da muffe e odori. L&#8217;uso regolare di questo assorbitore di umidit\u00e0 \u00e8 essenziale per prevenire i danni causati dalla condensa. Protegge efficacemente i tuoi oggetti di valore e le stanze da ruggine, muffa e odori di muffa. Questa \u00e8 la confezione di ricarica per deumidificatore ideale per scantinati, ripostigli, garage o camper, dove il rischio di formazione di muffa \u00e8 particolarmente elevato. Caratteristiche del prodotto e applicazione: &#8211; Contenuto: 3 sacchetti di ricarica per deumidificatore da 400 g &#8211; Elevata capacit\u00e0 di assorbimento: lega efficacemente l&#8217;umidit\u00e0 in eccesso &#8211; Imballaggio protettivo: ogni sacchetto \u00e8 inoltre confezionato in un sacchetto protettivo in PP (massima durata di conservazione) &#8211; Facile da usare: basta inserire il sacchetto nel deumidificatore appropriato e iniziare immediatamente. Compatibilit\u00e0: questi sacchetti di ricarica sono universalmente compatibili e si adattano ai nostri modelli 760000020, 760000050, 760000060 e 760000070. Garantisci una deumidificazione duratura con questo set. Aria asciutta e fresca nelle tue stanze.<\/p>\n<\/div>\n<div>\n<\/div>\n","protected":false},"excerpt":{"rendered":"<p>Ultra Fresh Nachf\u00fcllung Luftentfeuchter sch\u00fctzt effektiv vor Feuchtigkeit, Schimmel und Ger\u00fcchen. 3er Set mit 400g Granulat f\u00fcr ein gesundes Raumklima.<\/p>\n","protected":false},"featured_media":157515,"comment_status":"open","ping_status":"closed","template":"","meta":[],"product_brand":[],"product_cat":[39103],"product_tag":[],"class_list":{"0":"post-260377","1":"product","2":"type-product","3":"status-publish","4":"has-post-thumbnail","6":"product_cat-raumklima","7":"product_shipping_class-global_methods","9":"first","10":"instock","11":"taxable","12":"shipping-taxable","13":"purchasable","14":"product-type-simple"},"yoast_head":"<!-- This site is optimized with the Yoast SEO plugin v27.4 - https:\/\/yoast.com\/product\/yoast-seo-wordpress\/ -->\n<title>Ultra Fresh Nachf\u00fcllung Luftentfeuchter<\/title>\n<meta name=\"description\" content=\"Luftentfeuchter Nachf\u00fcllbeutel 3er Set (400g) Sagen Sie \u00fcbersch\u00fcssiger Feuchtigkeit den Kampf an! Dieses praktische 3er Set Luftentfeuchter Nachf\u00fcllbeutel biete\" \/>\n<meta name=\"robots\" content=\"index, follow, max-snippet:-1, max-image-preview:large, max-video-preview:-1\" \/>\n<link rel=\"canonical\" href=\"https:\/\/schweizversand.ch\/it\/produkt\/ultra-fresh-nachfuellung-luftentfeuchter\/\" \/>\n<meta property=\"og:locale\" content=\"it_IT\" \/>\n<meta property=\"og:type\" content=\"article\" \/>\n<meta property=\"og:title\" content=\"Ultra Fresh Nachf\u00fcllung Luftentfeuchter\" \/>\n<meta property=\"og:description\" content=\"Luftentfeuchter Nachf\u00fcllbeutel 3er Set (400g) Sagen Sie \u00fcbersch\u00fcssiger Feuchtigkeit den Kampf an! Dieses praktische 3er Set Luftentfeuchter Nachf\u00fcllbeutel biete\" \/>\n<meta property=\"og:url\" content=\"https:\/\/schweizversand.ch\/it\/produkt\/ultra-fresh-nachfuellung-luftentfeuchter\/\" \/>\n<meta property=\"og:site_name\" content=\"Schweizer Shop f\u00fcr Sport, Spiel und Freizeit\" \/>\n<meta property=\"article:publisher\" content=\"https:\/\/www.facebook.com\/Schweizversand\" \/>\n<meta property=\"article:modified_time\" content=\"2026-04-21T13:35:29+00:00\" \/>\n<meta property=\"og:image\" content=\"https:\/\/schweizversand.ch\/wp-content\/uploads\/2026\/02\/5471875428.jpg\" \/>\n\t<meta property=\"og:image:width\" content=\"1024\" \/>\n\t<meta property=\"og:image:height\" content=\"298\" \/>\n\t<meta property=\"og:image:type\" content=\"image\/jpeg\" \/>\n<meta name=\"twitter:card\" content=\"summary_large_image\" \/>\n<meta name=\"twitter:label1\" content=\"Tempo di lettura stimato\" \/>\n\t<meta name=\"twitter:data1\" content=\"1 minuto\" \/>\n<script type=\"application\/ld+json\" class=\"yoast-schema-graph\">{\"@context\":\"https:\\\/\\\/schema.org\",\"@graph\":[{\"@type\":\"WebPage\",\"@id\":\"https:\\\/\\\/schweizversand.ch\\\/it\\\/produkt\\\/ultra-fresh-nachfuellung-luftentfeuchter\\\/\",\"url\":\"https:\\\/\\\/schweizversand.ch\\\/it\\\/produkt\\\/ultra-fresh-nachfuellung-luftentfeuchter\\\/\",\"name\":\"Ultra Fresh Nachf\u00fcllung Luftentfeuchter\",\"isPartOf\":{\"@id\":\"https:\\\/\\\/schweizversand.ch\\\/it\\\/#website\"},\"primaryImageOfPage\":{\"@id\":\"https:\\\/\\\/schweizversand.ch\\\/it\\\/produkt\\\/ultra-fresh-nachfuellung-luftentfeuchter\\\/#primaryimage\"},\"image\":{\"@id\":\"https:\\\/\\\/schweizversand.ch\\\/it\\\/produkt\\\/ultra-fresh-nachfuellung-luftentfeuchter\\\/#primaryimage\"},\"thumbnailUrl\":\"https:\\\/\\\/schweizversand.ch\\\/wp-content\\\/uploads\\\/2026\\\/02\\\/5471875428.jpg\",\"datePublished\":\"2026-03-14T22:49:13+00:00\",\"dateModified\":\"2026-04-21T13:35:29+00:00\",\"description\":\"Luftentfeuchter Nachf\u00fcllbeutel 3er Set (400g) Sagen Sie \u00fcbersch\u00fcssiger Feuchtigkeit den Kampf an! Dieses praktische 3er Set Luftentfeuchter Nachf\u00fcllbeutel biete\",\"breadcrumb\":{\"@id\":\"https:\\\/\\\/schweizversand.ch\\\/it\\\/produkt\\\/ultra-fresh-nachfuellung-luftentfeuchter\\\/#breadcrumb\"},\"inLanguage\":\"it-IT\",\"potentialAction\":[{\"@type\":\"ReadAction\",\"target\":[\"https:\\\/\\\/schweizversand.ch\\\/it\\\/produkt\\\/ultra-fresh-nachfuellung-luftentfeuchter\\\/\"]}]},{\"@type\":\"ImageObject\",\"inLanguage\":\"it-IT\",\"@id\":\"https:\\\/\\\/schweizversand.ch\\\/it\\\/produkt\\\/ultra-fresh-nachfuellung-luftentfeuchter\\\/#primaryimage\",\"url\":\"https:\\\/\\\/schweizversand.ch\\\/wp-content\\\/uploads\\\/2026\\\/02\\\/5471875428.jpg\",\"contentUrl\":\"https:\\\/\\\/schweizversand.ch\\\/wp-content\\\/uploads\\\/2026\\\/02\\\/5471875428.jpg\",\"width\":1024,\"height\":298},{\"@type\":\"BreadcrumbList\",\"@id\":\"https:\\\/\\\/schweizversand.ch\\\/it\\\/produkt\\\/ultra-fresh-nachfuellung-luftentfeuchter\\\/#breadcrumb\",\"itemListElement\":[{\"@type\":\"ListItem\",\"position\":1,\"name\":\"Startseite\",\"item\":\"https:\\\/\\\/schweizversand.ch\\\/it\\\/home\\\/\"},{\"@type\":\"ListItem\",\"position\":2,\"name\":\"Shop\",\"item\":\"https:\\\/\\\/schweizversand.ch\\\/it\\\/shop\\\/\"},{\"@type\":\"ListItem\",\"position\":3,\"name\":\"Casa\",\"item\":\"https:\\\/\\\/schweizversand.ch\\\/it\\\/produkt-kategorie\\\/casa\\\/\"},{\"@type\":\"ListItem\",\"position\":4,\"name\":\"Raumklima\",\"item\":\"https:\\\/\\\/schweizversand.ch\\\/it\\\/produkt-kategorie\\\/casa\\\/raumklima\\\/\"},{\"@type\":\"ListItem\",\"position\":5,\"name\":\"Deumidificatore Ultra Fresh Refill\"}]},{\"@type\":\"WebSite\",\"@id\":\"https:\\\/\\\/schweizversand.ch\\\/it\\\/#website\",\"url\":\"https:\\\/\\\/schweizversand.ch\\\/it\\\/\",\"name\":\"Schweizer Shop f\u00fcr Sport, Spiel und Freizeit\",\"description\":\"Gratisversand ab 50.- (netto), ab eigenem schweizer Lager, Lieferung innert 48h\",\"publisher\":{\"@id\":\"https:\\\/\\\/schweizversand.ch\\\/it\\\/#organization\"},\"alternateName\":\"Schweizversand.ch\",\"potentialAction\":[{\"@type\":\"SearchAction\",\"target\":{\"@type\":\"EntryPoint\",\"urlTemplate\":\"https:\\\/\\\/schweizversand.ch\\\/it\\\/?s={search_term_string}\"},\"query-input\":{\"@type\":\"PropertyValueSpecification\",\"valueRequired\":true,\"valueName\":\"search_term_string\"}}],\"inLanguage\":\"it-IT\"},{\"@type\":\"Organization\",\"@id\":\"https:\\\/\\\/schweizversand.ch\\\/it\\\/#organization\",\"name\":\"Schweizversand.ch\",\"url\":\"https:\\\/\\\/schweizversand.ch\\\/it\\\/\",\"logo\":{\"@type\":\"ImageObject\",\"inLanguage\":\"it-IT\",\"@id\":\"https:\\\/\\\/schweizversand.ch\\\/it\\\/#\\\/schema\\\/logo\\\/image\\\/\",\"url\":\"https:\\\/\\\/schweizversand.ch\\\/wp-content\\\/uploads\\\/2026\\\/03\\\/Logo_Rund_Final-1.png\",\"contentUrl\":\"https:\\\/\\\/schweizversand.ch\\\/wp-content\\\/uploads\\\/2026\\\/03\\\/Logo_Rund_Final-1.png\",\"width\":404,\"height\":404,\"caption\":\"Schweizversand.ch\"},\"image\":{\"@id\":\"https:\\\/\\\/schweizversand.ch\\\/it\\\/#\\\/schema\\\/logo\\\/image\\\/\"},\"sameAs\":[\"https:\\\/\\\/www.facebook.com\\\/Schweizversand\",\"https:\\\/\\\/www.instagram.com\\\/schweizversand.ch\\\/\"]}]}<\/script>\n<!-- \/ Yoast SEO plugin. -->","yoast_head_json":{"title":"Ultra Fresh Nachf\u00fcllung Luftentfeuchter","description":"Luftentfeuchter Nachf\u00fcllbeutel 3er Set (400g) Sagen Sie \u00fcbersch\u00fcssiger Feuchtigkeit den Kampf an! Dieses praktische 3er Set Luftentfeuchter Nachf\u00fcllbeutel biete","robots":{"index":"index","follow":"follow","max-snippet":"max-snippet:-1","max-image-preview":"max-image-preview:large","max-video-preview":"max-video-preview:-1"},"canonical":"https:\/\/schweizversand.ch\/it\/produkt\/ultra-fresh-nachfuellung-luftentfeuchter\/","og_locale":"it_IT","og_type":"article","og_title":"Ultra Fresh Nachf\u00fcllung Luftentfeuchter","og_description":"Luftentfeuchter Nachf\u00fcllbeutel 3er Set (400g) Sagen Sie \u00fcbersch\u00fcssiger Feuchtigkeit den Kampf an! Dieses praktische 3er Set Luftentfeuchter Nachf\u00fcllbeutel biete","og_url":"https:\/\/schweizversand.ch\/it\/produkt\/ultra-fresh-nachfuellung-luftentfeuchter\/","og_site_name":"Schweizer Shop f\u00fcr Sport, Spiel und Freizeit","article_publisher":"https:\/\/www.facebook.com\/Schweizversand","article_modified_time":"2026-04-21T13:35:29+00:00","og_image":[{"width":1024,"height":298,"url":"https:\/\/schweizversand.ch\/wp-content\/uploads\/2026\/02\/5471875428.jpg","type":"image\/jpeg"}],"twitter_card":"summary_large_image","twitter_misc":{"Tempo di lettura stimato":"1 minuto"},"schema":{"@context":"https:\/\/schema.org","@graph":[{"@type":"WebPage","@id":"https:\/\/schweizversand.ch\/it\/produkt\/ultra-fresh-nachfuellung-luftentfeuchter\/","url":"https:\/\/schweizversand.ch\/it\/produkt\/ultra-fresh-nachfuellung-luftentfeuchter\/","name":"Ultra Fresh Nachf\u00fcllung Luftentfeuchter","isPartOf":{"@id":"https:\/\/schweizversand.ch\/it\/#website"},"primaryImageOfPage":{"@id":"https:\/\/schweizversand.ch\/it\/produkt\/ultra-fresh-nachfuellung-luftentfeuchter\/#primaryimage"},"image":{"@id":"https:\/\/schweizversand.ch\/it\/produkt\/ultra-fresh-nachfuellung-luftentfeuchter\/#primaryimage"},"thumbnailUrl":"https:\/\/schweizversand.ch\/wp-content\/uploads\/2026\/02\/5471875428.jpg","datePublished":"2026-03-14T22:49:13+00:00","dateModified":"2026-04-21T13:35:29+00:00","description":"Luftentfeuchter Nachf\u00fcllbeutel 3er Set (400g) Sagen Sie \u00fcbersch\u00fcssiger Feuchtigkeit den Kampf an! Dieses praktische 3er Set Luftentfeuchter Nachf\u00fcllbeutel biete","breadcrumb":{"@id":"https:\/\/schweizversand.ch\/it\/produkt\/ultra-fresh-nachfuellung-luftentfeuchter\/#breadcrumb"},"inLanguage":"it-IT","potentialAction":[{"@type":"ReadAction","target":["https:\/\/schweizversand.ch\/it\/produkt\/ultra-fresh-nachfuellung-luftentfeuchter\/"]}]},{"@type":"ImageObject","inLanguage":"it-IT","@id":"https:\/\/schweizversand.ch\/it\/produkt\/ultra-fresh-nachfuellung-luftentfeuchter\/#primaryimage","url":"https:\/\/schweizversand.ch\/wp-content\/uploads\/2026\/02\/5471875428.jpg","contentUrl":"https:\/\/schweizversand.ch\/wp-content\/uploads\/2026\/02\/5471875428.jpg","width":1024,"height":298},{"@type":"BreadcrumbList","@id":"https:\/\/schweizversand.ch\/it\/produkt\/ultra-fresh-nachfuellung-luftentfeuchter\/#breadcrumb","itemListElement":[{"@type":"ListItem","position":1,"name":"Startseite","item":"https:\/\/schweizversand.ch\/it\/home\/"},{"@type":"ListItem","position":2,"name":"Shop","item":"https:\/\/schweizversand.ch\/it\/shop\/"},{"@type":"ListItem","position":3,"name":"Casa","item":"https:\/\/schweizversand.ch\/it\/produkt-kategorie\/casa\/"},{"@type":"ListItem","position":4,"name":"Raumklima","item":"https:\/\/schweizversand.ch\/it\/produkt-kategorie\/casa\/raumklima\/"},{"@type":"ListItem","position":5,"name":"Deumidificatore Ultra Fresh Refill"}]},{"@type":"WebSite","@id":"https:\/\/schweizversand.ch\/it\/#website","url":"https:\/\/schweizversand.ch\/it\/","name":"Schweizer Shop f\u00fcr Sport, Spiel und Freizeit","description":"Gratisversand ab 50.- (netto), ab eigenem schweizer Lager, Lieferung innert 48h","publisher":{"@id":"https:\/\/schweizversand.ch\/it\/#organization"},"alternateName":"Schweizversand.ch","potentialAction":[{"@type":"SearchAction","target":{"@type":"EntryPoint","urlTemplate":"https:\/\/schweizversand.ch\/it\/?s={search_term_string}"},"query-input":{"@type":"PropertyValueSpecification","valueRequired":true,"valueName":"search_term_string"}}],"inLanguage":"it-IT"},{"@type":"Organization","@id":"https:\/\/schweizversand.ch\/it\/#organization","name":"Schweizversand.ch","url":"https:\/\/schweizversand.ch\/it\/","logo":{"@type":"ImageObject","inLanguage":"it-IT","@id":"https:\/\/schweizversand.ch\/it\/#\/schema\/logo\/image\/","url":"https:\/\/schweizversand.ch\/wp-content\/uploads\/2026\/03\/Logo_Rund_Final-1.png","contentUrl":"https:\/\/schweizversand.ch\/wp-content\/uploads\/2026\/03\/Logo_Rund_Final-1.png","width":404,"height":404,"caption":"Schweizversand.ch"},"image":{"@id":"https:\/\/schweizversand.ch\/it\/#\/schema\/logo\/image\/"},"sameAs":["https:\/\/www.facebook.com\/Schweizversand","https:\/\/www.instagram.com\/schweizversand.ch\/"]}]}},"jetpack_sharing_enabled":true,"_links":{"self":[{"href":"https:\/\/schweizversand.ch\/it\/wp-json\/wp\/v2\/product\/260377","targetHints":{"allow":["GET"]}}],"collection":[{"href":"https:\/\/schweizversand.ch\/it\/wp-json\/wp\/v2\/product"}],"about":[{"href":"https:\/\/schweizversand.ch\/it\/wp-json\/wp\/v2\/types\/product"}],"replies":[{"embeddable":true,"href":"https:\/\/schweizversand.ch\/it\/wp-json\/wp\/v2\/comments?post=260377"}],"wp:featuredmedia":[{"embeddable":true,"href":"https:\/\/schweizversand.ch\/it\/wp-json\/wp\/v2\/media\/157515"}],"wp:attachment":[{"href":"https:\/\/schweizversand.ch\/it\/wp-json\/wp\/v2\/media?parent=260377"}],"wp:term":[{"taxonomy":"product_brand","embeddable":true,"href":"https:\/\/schweizversand.ch\/it\/wp-json\/wp\/v2\/product_brand?post=260377"},{"taxonomy":"product_cat","embeddable":true,"href":"https:\/\/schweizversand.ch\/it\/wp-json\/wp\/v2\/product_cat?post=260377"},{"taxonomy":"product_tag","embeddable":true,"href":"https:\/\/schweizversand.ch\/it\/wp-json\/wp\/v2\/product_tag?post=260377"}],"curies":[{"name":"wp","href":"https:\/\/api.w.org\/{rel}","templated":true}]}}