{"id":260378,"date":"2026-03-14T23:49:16","date_gmt":"2026-03-14T22:49:16","guid":{"rendered":"https:\/\/schweizversand.ch\/produkt\/ultra-clean-schwamm-24-er-set\/"},"modified":"2026-04-19T02:05:51","modified_gmt":"2026-04-19T00:05:51","slug":"ultra-clean-schwamm-24-er-set","status":"publish","type":"product","link":"https:\/\/schweizversand.ch\/it\/produkt\/ultra-clean-schwamm-24-er-set\/","title":{"rendered":"set di 24 spugne ultra pulite"},"content":{"rendered":"<p>Risultati puliti a ogni passata!<\/p>\n<p>Scopri l&#8217;aiutante perfetto in cucina: la spugna Ultra Clean in un set da 24 pezzi. Grazie alla sua doppia funzionalit\u00e0, questa spugna garantisce piatti brillanti e pentole e padelle impeccabilmente pulite.<\/p>\n<p>Caratteristiche principali:<\/p>\n<p>\u2022 Azione bifacciale: la spugna ha un lato ruvido, perfetto per rimuovere lo sporco ostinato o i residui di cibo bruciato. Il lato pi\u00f9 morbido \u00e8 ideale per la pulizia generale delle stoviglie.<\/p>\n<p>\u2022 Versatilit\u00e0 d&#8217;uso: che tu debba rimuovere i residui di cibo bruciato dalla tua padella preferita o semplicemente lavare i piatti, questa spugna \u00e8 il tuo strumento di pulizia preferito.<\/p>\n<p>\u2022 Alta qualit\u00e0: questa spugna non \u00e8 solo efficace, ma anche resistente, quindi mantiene la sua forma anche dopo un uso ripetuto.<\/p>\n<p>\u2022 Colorata e pratica: il set contiene 24 spugne nei vivaci colori rosa, blu, giallo e verde. Questo ti consente di utilizzare spugne diverse per diverse attivit\u00e0 di pulizia o semplicemente di sostituirle regolarmente.<\/p>\n<p>\u2022 Dimensioni perfette: con le sue dimensioni di 8,5 cm \u00d7 6,5 cm \u00d7 4 cm, la spugna si adatta perfettamente alla mano, facilitando la pulizia.<\/p>\n<p>Conclusione:<\/p>\n<p>Il set di 24 spugne Ultra Clean \u00e8 un must per ogni casa. Con la sua doppia funzionalit\u00e0 e i colori vivaci, rende la pulizia non solo efficace, ma anche un po&#8217; pi\u00f9 divertente. Investi in questo set e scopri come lavare i piatti e pulire diventa un gioco da ragazzi!<\/p>\n","protected":false},"excerpt":{"rendered":"<p>Ultra clean Schwamm 24-er Set reinigt gr\u00fcndlich mit rauer und sanfter Seite. Perfekt f\u00fcr hartn\u00e4ckigen Schmutz und empfindliches Geschirr \u2013 langlebig und vielseitig.<\/p>\n","protected":false},"featured_media":157560,"comment_status":"open","ping_status":"closed","template":"","meta":[],"product_brand":[],"product_cat":[38391],"product_tag":[],"class_list":{"0":"post-260378","1":"product","2":"type-product","3":"status-publish","4":"has-post-thumbnail","6":"product_cat-reinigungsutensilien","7":"product_shipping_class-global_methods","9":"first","10":"instock","11":"taxable","12":"shipping-taxable","13":"purchasable","14":"product-type-simple"},"yoast_head":"<!-- This site is optimized with the Yoast SEO plugin v27.4 - https:\/\/yoast.com\/product\/yoast-seo-wordpress\/ -->\n<title>ultra clean Schwamm 24-er Set<\/title>\n<meta name=\"description\" content=\"Saubere Ergebnisse mit jedem Wisch!\u00a0 Entdecken Sie den ultimativen Helfer f\u00fcr Ihre K\u00fcche: den ultra clean Schwamm im 24-er Set. Mit seiner zweifachen Funktiona\" \/>\n<meta name=\"robots\" content=\"index, follow, max-snippet:-1, max-image-preview:large, max-video-preview:-1\" \/>\n<link rel=\"canonical\" href=\"https:\/\/schweizversand.ch\/it\/produkt\/ultra-clean-schwamm-24-er-set\/\" \/>\n<meta property=\"og:locale\" content=\"it_IT\" \/>\n<meta property=\"og:type\" content=\"article\" \/>\n<meta property=\"og:title\" content=\"ultra clean Schwamm 24-er Set\" \/>\n<meta property=\"og:description\" content=\"Saubere Ergebnisse mit jedem Wisch!\u00a0 Entdecken Sie den ultimativen Helfer f\u00fcr Ihre K\u00fcche: den ultra clean Schwamm im 24-er Set. Mit seiner zweifachen Funktiona\" \/>\n<meta property=\"og:url\" content=\"https:\/\/schweizversand.ch\/it\/produkt\/ultra-clean-schwamm-24-er-set\/\" \/>\n<meta property=\"og:site_name\" content=\"Schweizer Shop f\u00fcr Sport, Spiel und Freizeit\" \/>\n<meta property=\"article:publisher\" content=\"https:\/\/www.facebook.com\/Schweizversand\" \/>\n<meta property=\"article:modified_time\" content=\"2026-04-19T00:05:51+00:00\" \/>\n<meta property=\"og:image\" content=\"https:\/\/schweizversand.ch\/wp-content\/uploads\/2026\/02\/5471551751.jpg\" \/>\n\t<meta property=\"og:image:width\" content=\"1024\" \/>\n\t<meta property=\"og:image:height\" content=\"1024\" \/>\n\t<meta property=\"og:image:type\" content=\"image\/jpeg\" \/>\n<meta name=\"twitter:card\" content=\"summary_large_image\" \/>\n<meta name=\"twitter:label1\" content=\"Tempo di lettura stimato\" \/>\n\t<meta name=\"twitter:data1\" content=\"1 minuto\" \/>\n<script type=\"application\/ld+json\" class=\"yoast-schema-graph\">{\"@context\":\"https:\\\/\\\/schema.org\",\"@graph\":[{\"@type\":\"WebPage\",\"@id\":\"https:\\\/\\\/schweizversand.ch\\\/it\\\/produkt\\\/ultra-clean-schwamm-24-er-set\\\/\",\"url\":\"https:\\\/\\\/schweizversand.ch\\\/it\\\/produkt\\\/ultra-clean-schwamm-24-er-set\\\/\",\"name\":\"ultra clean Schwamm 24-er Set\",\"isPartOf\":{\"@id\":\"https:\\\/\\\/schweizversand.ch\\\/it\\\/#website\"},\"primaryImageOfPage\":{\"@id\":\"https:\\\/\\\/schweizversand.ch\\\/it\\\/produkt\\\/ultra-clean-schwamm-24-er-set\\\/#primaryimage\"},\"image\":{\"@id\":\"https:\\\/\\\/schweizversand.ch\\\/it\\\/produkt\\\/ultra-clean-schwamm-24-er-set\\\/#primaryimage\"},\"thumbnailUrl\":\"https:\\\/\\\/schweizversand.ch\\\/wp-content\\\/uploads\\\/2026\\\/02\\\/5471551751.jpg\",\"datePublished\":\"2026-03-14T22:49:16+00:00\",\"dateModified\":\"2026-04-19T00:05:51+00:00\",\"description\":\"Saubere Ergebnisse mit jedem Wisch!\u00a0 Entdecken Sie den ultimativen Helfer f\u00fcr Ihre K\u00fcche: den ultra clean Schwamm im 24-er Set. Mit seiner zweifachen Funktiona\",\"breadcrumb\":{\"@id\":\"https:\\\/\\\/schweizversand.ch\\\/it\\\/produkt\\\/ultra-clean-schwamm-24-er-set\\\/#breadcrumb\"},\"inLanguage\":\"it-IT\",\"potentialAction\":[{\"@type\":\"ReadAction\",\"target\":[\"https:\\\/\\\/schweizversand.ch\\\/it\\\/produkt\\\/ultra-clean-schwamm-24-er-set\\\/\"]}]},{\"@type\":\"ImageObject\",\"inLanguage\":\"it-IT\",\"@id\":\"https:\\\/\\\/schweizversand.ch\\\/it\\\/produkt\\\/ultra-clean-schwamm-24-er-set\\\/#primaryimage\",\"url\":\"https:\\\/\\\/schweizversand.ch\\\/wp-content\\\/uploads\\\/2026\\\/02\\\/5471551751.jpg\",\"contentUrl\":\"https:\\\/\\\/schweizversand.ch\\\/wp-content\\\/uploads\\\/2026\\\/02\\\/5471551751.jpg\",\"width\":1024,\"height\":1024},{\"@type\":\"BreadcrumbList\",\"@id\":\"https:\\\/\\\/schweizversand.ch\\\/it\\\/produkt\\\/ultra-clean-schwamm-24-er-set\\\/#breadcrumb\",\"itemListElement\":[{\"@type\":\"ListItem\",\"position\":1,\"name\":\"Startseite\",\"item\":\"https:\\\/\\\/schweizversand.ch\\\/it\\\/home\\\/\"},{\"@type\":\"ListItem\",\"position\":2,\"name\":\"Shop\",\"item\":\"https:\\\/\\\/schweizversand.ch\\\/it\\\/shop\\\/\"},{\"@type\":\"ListItem\",\"position\":3,\"name\":\"Casa\",\"item\":\"https:\\\/\\\/schweizversand.ch\\\/it\\\/produkt-kategorie\\\/casa\\\/\"},{\"@type\":\"ListItem\",\"position\":4,\"name\":\"Aspirapolvere\",\"item\":\"https:\\\/\\\/schweizversand.ch\\\/it\\\/produkt-kategorie\\\/casa\\\/aspirapolvere\\\/\"},{\"@type\":\"ListItem\",\"position\":5,\"name\":\"Pulizia\",\"item\":\"https:\\\/\\\/schweizversand.ch\\\/it\\\/produkt-kategorie\\\/casa\\\/aspirapolvere\\\/reinigungsutensilien\\\/\"},{\"@type\":\"ListItem\",\"position\":6,\"name\":\"set di 24 spugne ultra pulite\"}]},{\"@type\":\"WebSite\",\"@id\":\"https:\\\/\\\/schweizversand.ch\\\/it\\\/#website\",\"url\":\"https:\\\/\\\/schweizversand.ch\\\/it\\\/\",\"name\":\"Schweizer Shop f\u00fcr Sport, Spiel und Freizeit\",\"description\":\"Gratisversand ab 50.- (netto), ab eigenem schweizer Lager, Lieferung innert 48h\",\"publisher\":{\"@id\":\"https:\\\/\\\/schweizversand.ch\\\/it\\\/#organization\"},\"alternateName\":\"Schweizversand.ch\",\"potentialAction\":[{\"@type\":\"SearchAction\",\"target\":{\"@type\":\"EntryPoint\",\"urlTemplate\":\"https:\\\/\\\/schweizversand.ch\\\/it\\\/?s={search_term_string}\"},\"query-input\":{\"@type\":\"PropertyValueSpecification\",\"valueRequired\":true,\"valueName\":\"search_term_string\"}}],\"inLanguage\":\"it-IT\"},{\"@type\":\"Organization\",\"@id\":\"https:\\\/\\\/schweizversand.ch\\\/it\\\/#organization\",\"name\":\"Schweizversand.ch\",\"url\":\"https:\\\/\\\/schweizversand.ch\\\/it\\\/\",\"logo\":{\"@type\":\"ImageObject\",\"inLanguage\":\"it-IT\",\"@id\":\"https:\\\/\\\/schweizversand.ch\\\/it\\\/#\\\/schema\\\/logo\\\/image\\\/\",\"url\":\"https:\\\/\\\/schweizversand.ch\\\/wp-content\\\/uploads\\\/2026\\\/03\\\/Logo_Rund_Final-1.png\",\"contentUrl\":\"https:\\\/\\\/schweizversand.ch\\\/wp-content\\\/uploads\\\/2026\\\/03\\\/Logo_Rund_Final-1.png\",\"width\":404,\"height\":404,\"caption\":\"Schweizversand.ch\"},\"image\":{\"@id\":\"https:\\\/\\\/schweizversand.ch\\\/it\\\/#\\\/schema\\\/logo\\\/image\\\/\"},\"sameAs\":[\"https:\\\/\\\/www.facebook.com\\\/Schweizversand\",\"https:\\\/\\\/www.instagram.com\\\/schweizversand.ch\\\/\"]}]}<\/script>\n<!-- \/ Yoast SEO plugin. -->","yoast_head_json":{"title":"ultra clean Schwamm 24-er Set","description":"Saubere Ergebnisse mit jedem Wisch!\u00a0 Entdecken Sie den ultimativen Helfer f\u00fcr Ihre K\u00fcche: den ultra clean Schwamm im 24-er Set. Mit seiner zweifachen Funktiona","robots":{"index":"index","follow":"follow","max-snippet":"max-snippet:-1","max-image-preview":"max-image-preview:large","max-video-preview":"max-video-preview:-1"},"canonical":"https:\/\/schweizversand.ch\/it\/produkt\/ultra-clean-schwamm-24-er-set\/","og_locale":"it_IT","og_type":"article","og_title":"ultra clean Schwamm 24-er Set","og_description":"Saubere Ergebnisse mit jedem Wisch!\u00a0 Entdecken Sie den ultimativen Helfer f\u00fcr Ihre K\u00fcche: den ultra clean Schwamm im 24-er Set. Mit seiner zweifachen Funktiona","og_url":"https:\/\/schweizversand.ch\/it\/produkt\/ultra-clean-schwamm-24-er-set\/","og_site_name":"Schweizer Shop f\u00fcr Sport, Spiel und Freizeit","article_publisher":"https:\/\/www.facebook.com\/Schweizversand","article_modified_time":"2026-04-19T00:05:51+00:00","og_image":[{"width":1024,"height":1024,"url":"https:\/\/schweizversand.ch\/wp-content\/uploads\/2026\/02\/5471551751.jpg","type":"image\/jpeg"}],"twitter_card":"summary_large_image","twitter_misc":{"Tempo di lettura stimato":"1 minuto"},"schema":{"@context":"https:\/\/schema.org","@graph":[{"@type":"WebPage","@id":"https:\/\/schweizversand.ch\/it\/produkt\/ultra-clean-schwamm-24-er-set\/","url":"https:\/\/schweizversand.ch\/it\/produkt\/ultra-clean-schwamm-24-er-set\/","name":"ultra clean Schwamm 24-er Set","isPartOf":{"@id":"https:\/\/schweizversand.ch\/it\/#website"},"primaryImageOfPage":{"@id":"https:\/\/schweizversand.ch\/it\/produkt\/ultra-clean-schwamm-24-er-set\/#primaryimage"},"image":{"@id":"https:\/\/schweizversand.ch\/it\/produkt\/ultra-clean-schwamm-24-er-set\/#primaryimage"},"thumbnailUrl":"https:\/\/schweizversand.ch\/wp-content\/uploads\/2026\/02\/5471551751.jpg","datePublished":"2026-03-14T22:49:16+00:00","dateModified":"2026-04-19T00:05:51+00:00","description":"Saubere Ergebnisse mit jedem Wisch!\u00a0 Entdecken Sie den ultimativen Helfer f\u00fcr Ihre K\u00fcche: den ultra clean Schwamm im 24-er Set. Mit seiner zweifachen Funktiona","breadcrumb":{"@id":"https:\/\/schweizversand.ch\/it\/produkt\/ultra-clean-schwamm-24-er-set\/#breadcrumb"},"inLanguage":"it-IT","potentialAction":[{"@type":"ReadAction","target":["https:\/\/schweizversand.ch\/it\/produkt\/ultra-clean-schwamm-24-er-set\/"]}]},{"@type":"ImageObject","inLanguage":"it-IT","@id":"https:\/\/schweizversand.ch\/it\/produkt\/ultra-clean-schwamm-24-er-set\/#primaryimage","url":"https:\/\/schweizversand.ch\/wp-content\/uploads\/2026\/02\/5471551751.jpg","contentUrl":"https:\/\/schweizversand.ch\/wp-content\/uploads\/2026\/02\/5471551751.jpg","width":1024,"height":1024},{"@type":"BreadcrumbList","@id":"https:\/\/schweizversand.ch\/it\/produkt\/ultra-clean-schwamm-24-er-set\/#breadcrumb","itemListElement":[{"@type":"ListItem","position":1,"name":"Startseite","item":"https:\/\/schweizversand.ch\/it\/home\/"},{"@type":"ListItem","position":2,"name":"Shop","item":"https:\/\/schweizversand.ch\/it\/shop\/"},{"@type":"ListItem","position":3,"name":"Casa","item":"https:\/\/schweizversand.ch\/it\/produkt-kategorie\/casa\/"},{"@type":"ListItem","position":4,"name":"Aspirapolvere","item":"https:\/\/schweizversand.ch\/it\/produkt-kategorie\/casa\/aspirapolvere\/"},{"@type":"ListItem","position":5,"name":"Pulizia","item":"https:\/\/schweizversand.ch\/it\/produkt-kategorie\/casa\/aspirapolvere\/reinigungsutensilien\/"},{"@type":"ListItem","position":6,"name":"set di 24 spugne ultra pulite"}]},{"@type":"WebSite","@id":"https:\/\/schweizversand.ch\/it\/#website","url":"https:\/\/schweizversand.ch\/it\/","name":"Schweizer Shop f\u00fcr Sport, Spiel und Freizeit","description":"Gratisversand ab 50.- (netto), ab eigenem schweizer Lager, Lieferung innert 48h","publisher":{"@id":"https:\/\/schweizversand.ch\/it\/#organization"},"alternateName":"Schweizversand.ch","potentialAction":[{"@type":"SearchAction","target":{"@type":"EntryPoint","urlTemplate":"https:\/\/schweizversand.ch\/it\/?s={search_term_string}"},"query-input":{"@type":"PropertyValueSpecification","valueRequired":true,"valueName":"search_term_string"}}],"inLanguage":"it-IT"},{"@type":"Organization","@id":"https:\/\/schweizversand.ch\/it\/#organization","name":"Schweizversand.ch","url":"https:\/\/schweizversand.ch\/it\/","logo":{"@type":"ImageObject","inLanguage":"it-IT","@id":"https:\/\/schweizversand.ch\/it\/#\/schema\/logo\/image\/","url":"https:\/\/schweizversand.ch\/wp-content\/uploads\/2026\/03\/Logo_Rund_Final-1.png","contentUrl":"https:\/\/schweizversand.ch\/wp-content\/uploads\/2026\/03\/Logo_Rund_Final-1.png","width":404,"height":404,"caption":"Schweizversand.ch"},"image":{"@id":"https:\/\/schweizversand.ch\/it\/#\/schema\/logo\/image\/"},"sameAs":["https:\/\/www.facebook.com\/Schweizversand","https:\/\/www.instagram.com\/schweizversand.ch\/"]}]}},"jetpack_sharing_enabled":true,"_links":{"self":[{"href":"https:\/\/schweizversand.ch\/it\/wp-json\/wp\/v2\/product\/260378","targetHints":{"allow":["GET"]}}],"collection":[{"href":"https:\/\/schweizversand.ch\/it\/wp-json\/wp\/v2\/product"}],"about":[{"href":"https:\/\/schweizversand.ch\/it\/wp-json\/wp\/v2\/types\/product"}],"replies":[{"embeddable":true,"href":"https:\/\/schweizversand.ch\/it\/wp-json\/wp\/v2\/comments?post=260378"}],"wp:featuredmedia":[{"embeddable":true,"href":"https:\/\/schweizversand.ch\/it\/wp-json\/wp\/v2\/media\/157560"}],"wp:attachment":[{"href":"https:\/\/schweizversand.ch\/it\/wp-json\/wp\/v2\/media?parent=260378"}],"wp:term":[{"taxonomy":"product_brand","embeddable":true,"href":"https:\/\/schweizversand.ch\/it\/wp-json\/wp\/v2\/product_brand?post=260378"},{"taxonomy":"product_cat","embeddable":true,"href":"https:\/\/schweizversand.ch\/it\/wp-json\/wp\/v2\/product_cat?post=260378"},{"taxonomy":"product_tag","embeddable":true,"href":"https:\/\/schweizversand.ch\/it\/wp-json\/wp\/v2\/product_tag?post=260378"}],"curies":[{"name":"wp","href":"https:\/\/api.w.org\/{rel}","templated":true}]}}