{"id":260379,"date":"2026-03-14T23:49:16","date_gmt":"2026-03-14T22:49:16","guid":{"rendered":"https:\/\/schweizversand.ch\/produkt\/unicomfort-anti-ermuedungsmatte\/"},"modified":"2026-04-19T15:36:28","modified_gmt":"2026-04-19T13:36:28","slug":"unicomfort-anti-ermuedungsmatte","status":"publish","type":"product","link":"https:\/\/schweizversand.ch\/it\/produkt\/unicomfort-anti-ermuedungsmatte\/","title":{"rendered":"Set di 2 tappetini da lavoro CHAMP"},"content":{"rendered":"<h1><strong>Tappetino Antifatica Unicomfort 90&#215;150 cm<\/strong><\/h1>\n<div>Aumenta il comfort e la produttivit\u00e0 della tua postazione di lavoro in piedi con il <strong>tappetino da lavoro ergonomico<\/strong> di Unicomfort. Questo essenziale <strong>tappetino antifatica<\/strong> riduce lo sforzo su piedi, gambe e schiena, garantendo un&#8217;esperienza di lavoro notevolmente pi\u00f9 confortevole.<\/p>\n<\/div>\n<div><strong>Ergonomia e sicurezza<\/strong><br \/>Questo speciale <strong>tappetino per postazioni di lavoro in piedi<\/strong> \u00e8 progettato per prevenire efficacemente l&#8217;affaticamento. Il design sagomato non solo offre maggiore comfort, ma migliora anche la presa, riducendo al minimo il rischio di incidenti. I bordi smussati prevengono inoltre i rischi di inciampo, aumentando la sicurezza in qualsiasi ambiente.<\/p>\n<\/div>\n<div><strong>Materiale e durata<\/strong><br \/>Il tappetino industriale \u00e8 realizzato al 100% in poliuretano ad alta densit\u00e0 (HDPF), il che lo rende estremamente durevole e resistente agli strappi. Offre un&#8217;eccellente protezione del pavimento ed \u00e8 resistente a quasi tutti i liquidi e le sostanze chimiche tipicamente presenti in officine, magazzini o fabbriche. Il supporto antiscivolo mantiene il tappetino saldamente in posizione.<\/p>\n<\/div>\n<div><strong>Qualit\u00e0 e garanzia certificate<\/strong><br \/>Questo tappetino da lavoro di alta qualit\u00e0 \u00e8 stato testato per REACH, PAH, resistenza chimica e resistenza al fuoco per garantire i pi\u00f9 elevati standard. Siamo certi della sua qualit\u00e0 e ti offriamo una generosa garanzia di 5 anni sul prodotto.<\/p>\n<\/div>\n<div><strong>Dettagli del prodotto<\/strong><br \/>&#8211; Marchio: Unicomfort<br \/>&#8211; Superficie antiscivolo<br \/>&#8211; Larghezza del prodotto: 90 cm<br \/>&#8211; Lunghezza del prodotto: 150 cm<br \/>&#8211; Spessore del prodotto: 1,5 cm<br \/>&#8211; Peso: 1,9 kg<\/p>\n<\/div>\n<div>Investi nella salute e nell&#8217;efficienza dei tuoi dipendenti. Ordina oggi stesso il tappetino antifatica Unicomfort e scopri la differenza nel tuo lavoro quotidiano.<\/p>\n<\/div>\n<div><\/div>\n","protected":false},"excerpt":{"rendered":"<p>CHAMP Arbeitsmatten 2-er Set bieten ergonomischen Komfort, reduzieren Erm\u00fcdung und erh\u00f6hen die Sicherheit an Ihrem Steharbeitsplatz durch rutschfestes, langlebiges Design.<\/p>\n","protected":false},"featured_media":230506,"comment_status":"open","ping_status":"closed","template":"","meta":[],"product_brand":[],"product_cat":[38970],"product_tag":[],"class_list":{"0":"post-260379","1":"product","2":"type-product","3":"status-publish","4":"has-post-thumbnail","6":"product_cat-diverses","7":"product_shipping_class-global_methods","9":"first","10":"instock","11":"taxable","12":"shipping-taxable","13":"purchasable","14":"product-type-simple"},"yoast_head":"<!-- This site is optimized with the Yoast SEO plugin v27.4 - https:\/\/yoast.com\/product\/yoast-seo-wordpress\/ -->\n<title>CHAMP Arbeitsmatten 2-er Set<\/title>\n<meta name=\"description\" content=\"Unicomfort Anti-Erm\u00fcdungsmatte 90x150 cm Steigern Sie Komfort und Produktivit\u00e4t an Ihrem Steharbeitsplatz mit der ergonomischen Arbeitsmatte von Unicomfort. Die\" \/>\n<meta name=\"robots\" content=\"index, follow, max-snippet:-1, max-image-preview:large, max-video-preview:-1\" \/>\n<link rel=\"canonical\" href=\"https:\/\/schweizversand.ch\/it\/produkt\/unicomfort-anti-ermuedungsmatte\/\" \/>\n<meta property=\"og:locale\" content=\"it_IT\" \/>\n<meta property=\"og:type\" content=\"article\" \/>\n<meta property=\"og:title\" content=\"CHAMP Arbeitsmatten 2-er Set\" \/>\n<meta property=\"og:description\" content=\"Unicomfort Anti-Erm\u00fcdungsmatte 90x150 cm Steigern Sie Komfort und Produktivit\u00e4t an Ihrem Steharbeitsplatz mit der ergonomischen Arbeitsmatte von Unicomfort. Die\" \/>\n<meta property=\"og:url\" content=\"https:\/\/schweizversand.ch\/it\/produkt\/unicomfort-anti-ermuedungsmatte\/\" \/>\n<meta property=\"og:site_name\" content=\"Schweizer Shop f\u00fcr Sport, Spiel und Freizeit\" \/>\n<meta property=\"article:publisher\" content=\"https:\/\/www.facebook.com\/Schweizversand\" \/>\n<meta property=\"article:modified_time\" content=\"2026-04-19T13:36:28+00:00\" \/>\n<meta property=\"og:image\" content=\"https:\/\/schweizversand.ch\/wp-content\/uploads\/2026\/03\/5635228698.jpg\" \/>\n\t<meta property=\"og:image:width\" content=\"1024\" \/>\n\t<meta property=\"og:image:height\" content=\"526\" \/>\n\t<meta property=\"og:image:type\" content=\"image\/jpeg\" \/>\n<meta name=\"twitter:card\" content=\"summary_large_image\" \/>\n<meta name=\"twitter:label1\" content=\"Tempo di lettura stimato\" \/>\n\t<meta name=\"twitter:data1\" content=\"1 minuto\" \/>\n<script type=\"application\/ld+json\" class=\"yoast-schema-graph\">{\"@context\":\"https:\\\/\\\/schema.org\",\"@graph\":[{\"@type\":\"WebPage\",\"@id\":\"https:\\\/\\\/schweizversand.ch\\\/it\\\/produkt\\\/unicomfort-anti-ermuedungsmatte\\\/\",\"url\":\"https:\\\/\\\/schweizversand.ch\\\/it\\\/produkt\\\/unicomfort-anti-ermuedungsmatte\\\/\",\"name\":\"CHAMP Arbeitsmatten 2-er Set\",\"isPartOf\":{\"@id\":\"https:\\\/\\\/schweizversand.ch\\\/it\\\/#website\"},\"primaryImageOfPage\":{\"@id\":\"https:\\\/\\\/schweizversand.ch\\\/it\\\/produkt\\\/unicomfort-anti-ermuedungsmatte\\\/#primaryimage\"},\"image\":{\"@id\":\"https:\\\/\\\/schweizversand.ch\\\/it\\\/produkt\\\/unicomfort-anti-ermuedungsmatte\\\/#primaryimage\"},\"thumbnailUrl\":\"https:\\\/\\\/schweizversand.ch\\\/wp-content\\\/uploads\\\/2026\\\/03\\\/5635228698.jpg\",\"datePublished\":\"2026-03-14T22:49:16+00:00\",\"dateModified\":\"2026-04-19T13:36:28+00:00\",\"description\":\"Unicomfort Anti-Erm\u00fcdungsmatte 90x150 cm Steigern Sie Komfort und Produktivit\u00e4t an Ihrem Steharbeitsplatz mit der ergonomischen Arbeitsmatte von Unicomfort. Die\",\"breadcrumb\":{\"@id\":\"https:\\\/\\\/schweizversand.ch\\\/it\\\/produkt\\\/unicomfort-anti-ermuedungsmatte\\\/#breadcrumb\"},\"inLanguage\":\"it-IT\",\"potentialAction\":[{\"@type\":\"ReadAction\",\"target\":[\"https:\\\/\\\/schweizversand.ch\\\/it\\\/produkt\\\/unicomfort-anti-ermuedungsmatte\\\/\"]}]},{\"@type\":\"ImageObject\",\"inLanguage\":\"it-IT\",\"@id\":\"https:\\\/\\\/schweizversand.ch\\\/it\\\/produkt\\\/unicomfort-anti-ermuedungsmatte\\\/#primaryimage\",\"url\":\"https:\\\/\\\/schweizversand.ch\\\/wp-content\\\/uploads\\\/2026\\\/03\\\/5635228698.jpg\",\"contentUrl\":\"https:\\\/\\\/schweizversand.ch\\\/wp-content\\\/uploads\\\/2026\\\/03\\\/5635228698.jpg\",\"width\":1024,\"height\":526},{\"@type\":\"BreadcrumbList\",\"@id\":\"https:\\\/\\\/schweizversand.ch\\\/it\\\/produkt\\\/unicomfort-anti-ermuedungsmatte\\\/#breadcrumb\",\"itemListElement\":[{\"@type\":\"ListItem\",\"position\":1,\"name\":\"Startseite\",\"item\":\"https:\\\/\\\/schweizversand.ch\\\/it\\\/home\\\/\"},{\"@type\":\"ListItem\",\"position\":2,\"name\":\"Shop\",\"item\":\"https:\\\/\\\/schweizversand.ch\\\/it\\\/shop\\\/\"},{\"@type\":\"ListItem\",\"position\":3,\"name\":\"Ufficio e cancelleria\",\"item\":\"https:\\\/\\\/schweizversand.ch\\\/it\\\/produkt-kategorie\\\/ufficio-e-cancelleria\\\/\"},{\"@type\":\"ListItem\",\"position\":4,\"name\":\"Posto di lavoro\",\"item\":\"https:\\\/\\\/schweizversand.ch\\\/it\\\/produkt-kategorie\\\/ufficio-e-cancelleria\\\/posto-di-lavoro\\\/\"},{\"@type\":\"ListItem\",\"position\":5,\"name\":\"Varie\",\"item\":\"https:\\\/\\\/schweizversand.ch\\\/it\\\/produkt-kategorie\\\/ufficio-e-cancelleria\\\/posto-di-lavoro\\\/diverses\\\/\"},{\"@type\":\"ListItem\",\"position\":6,\"name\":\"Set di 2 tappetini da lavoro CHAMP\"}]},{\"@type\":\"WebSite\",\"@id\":\"https:\\\/\\\/schweizversand.ch\\\/it\\\/#website\",\"url\":\"https:\\\/\\\/schweizversand.ch\\\/it\\\/\",\"name\":\"Schweizer Shop f\u00fcr Sport, Spiel und Freizeit\",\"description\":\"Gratisversand ab 50.- (netto), ab eigenem schweizer Lager, Lieferung innert 48h\",\"publisher\":{\"@id\":\"https:\\\/\\\/schweizversand.ch\\\/it\\\/#organization\"},\"alternateName\":\"Schweizversand.ch\",\"potentialAction\":[{\"@type\":\"SearchAction\",\"target\":{\"@type\":\"EntryPoint\",\"urlTemplate\":\"https:\\\/\\\/schweizversand.ch\\\/it\\\/?s={search_term_string}\"},\"query-input\":{\"@type\":\"PropertyValueSpecification\",\"valueRequired\":true,\"valueName\":\"search_term_string\"}}],\"inLanguage\":\"it-IT\"},{\"@type\":\"Organization\",\"@id\":\"https:\\\/\\\/schweizversand.ch\\\/it\\\/#organization\",\"name\":\"Schweizversand.ch\",\"url\":\"https:\\\/\\\/schweizversand.ch\\\/it\\\/\",\"logo\":{\"@type\":\"ImageObject\",\"inLanguage\":\"it-IT\",\"@id\":\"https:\\\/\\\/schweizversand.ch\\\/it\\\/#\\\/schema\\\/logo\\\/image\\\/\",\"url\":\"https:\\\/\\\/schweizversand.ch\\\/wp-content\\\/uploads\\\/2026\\\/03\\\/Logo_Rund_Final-1.png\",\"contentUrl\":\"https:\\\/\\\/schweizversand.ch\\\/wp-content\\\/uploads\\\/2026\\\/03\\\/Logo_Rund_Final-1.png\",\"width\":404,\"height\":404,\"caption\":\"Schweizversand.ch\"},\"image\":{\"@id\":\"https:\\\/\\\/schweizversand.ch\\\/it\\\/#\\\/schema\\\/logo\\\/image\\\/\"},\"sameAs\":[\"https:\\\/\\\/www.facebook.com\\\/Schweizversand\",\"https:\\\/\\\/www.instagram.com\\\/schweizversand.ch\\\/\"]}]}<\/script>\n<!-- \/ Yoast SEO plugin. -->","yoast_head_json":{"title":"CHAMP Arbeitsmatten 2-er Set","description":"Unicomfort Anti-Erm\u00fcdungsmatte 90x150 cm Steigern Sie Komfort und Produktivit\u00e4t an Ihrem Steharbeitsplatz mit der ergonomischen Arbeitsmatte von Unicomfort. Die","robots":{"index":"index","follow":"follow","max-snippet":"max-snippet:-1","max-image-preview":"max-image-preview:large","max-video-preview":"max-video-preview:-1"},"canonical":"https:\/\/schweizversand.ch\/it\/produkt\/unicomfort-anti-ermuedungsmatte\/","og_locale":"it_IT","og_type":"article","og_title":"CHAMP Arbeitsmatten 2-er Set","og_description":"Unicomfort Anti-Erm\u00fcdungsmatte 90x150 cm Steigern Sie Komfort und Produktivit\u00e4t an Ihrem Steharbeitsplatz mit der ergonomischen Arbeitsmatte von Unicomfort. Die","og_url":"https:\/\/schweizversand.ch\/it\/produkt\/unicomfort-anti-ermuedungsmatte\/","og_site_name":"Schweizer Shop f\u00fcr Sport, Spiel und Freizeit","article_publisher":"https:\/\/www.facebook.com\/Schweizversand","article_modified_time":"2026-04-19T13:36:28+00:00","og_image":[{"width":1024,"height":526,"url":"https:\/\/schweizversand.ch\/wp-content\/uploads\/2026\/03\/5635228698.jpg","type":"image\/jpeg"}],"twitter_card":"summary_large_image","twitter_misc":{"Tempo di lettura stimato":"1 minuto"},"schema":{"@context":"https:\/\/schema.org","@graph":[{"@type":"WebPage","@id":"https:\/\/schweizversand.ch\/it\/produkt\/unicomfort-anti-ermuedungsmatte\/","url":"https:\/\/schweizversand.ch\/it\/produkt\/unicomfort-anti-ermuedungsmatte\/","name":"CHAMP Arbeitsmatten 2-er Set","isPartOf":{"@id":"https:\/\/schweizversand.ch\/it\/#website"},"primaryImageOfPage":{"@id":"https:\/\/schweizversand.ch\/it\/produkt\/unicomfort-anti-ermuedungsmatte\/#primaryimage"},"image":{"@id":"https:\/\/schweizversand.ch\/it\/produkt\/unicomfort-anti-ermuedungsmatte\/#primaryimage"},"thumbnailUrl":"https:\/\/schweizversand.ch\/wp-content\/uploads\/2026\/03\/5635228698.jpg","datePublished":"2026-03-14T22:49:16+00:00","dateModified":"2026-04-19T13:36:28+00:00","description":"Unicomfort Anti-Erm\u00fcdungsmatte 90x150 cm Steigern Sie Komfort und Produktivit\u00e4t an Ihrem Steharbeitsplatz mit der ergonomischen Arbeitsmatte von Unicomfort. Die","breadcrumb":{"@id":"https:\/\/schweizversand.ch\/it\/produkt\/unicomfort-anti-ermuedungsmatte\/#breadcrumb"},"inLanguage":"it-IT","potentialAction":[{"@type":"ReadAction","target":["https:\/\/schweizversand.ch\/it\/produkt\/unicomfort-anti-ermuedungsmatte\/"]}]},{"@type":"ImageObject","inLanguage":"it-IT","@id":"https:\/\/schweizversand.ch\/it\/produkt\/unicomfort-anti-ermuedungsmatte\/#primaryimage","url":"https:\/\/schweizversand.ch\/wp-content\/uploads\/2026\/03\/5635228698.jpg","contentUrl":"https:\/\/schweizversand.ch\/wp-content\/uploads\/2026\/03\/5635228698.jpg","width":1024,"height":526},{"@type":"BreadcrumbList","@id":"https:\/\/schweizversand.ch\/it\/produkt\/unicomfort-anti-ermuedungsmatte\/#breadcrumb","itemListElement":[{"@type":"ListItem","position":1,"name":"Startseite","item":"https:\/\/schweizversand.ch\/it\/home\/"},{"@type":"ListItem","position":2,"name":"Shop","item":"https:\/\/schweizversand.ch\/it\/shop\/"},{"@type":"ListItem","position":3,"name":"Ufficio e cancelleria","item":"https:\/\/schweizversand.ch\/it\/produkt-kategorie\/ufficio-e-cancelleria\/"},{"@type":"ListItem","position":4,"name":"Posto di lavoro","item":"https:\/\/schweizversand.ch\/it\/produkt-kategorie\/ufficio-e-cancelleria\/posto-di-lavoro\/"},{"@type":"ListItem","position":5,"name":"Varie","item":"https:\/\/schweizversand.ch\/it\/produkt-kategorie\/ufficio-e-cancelleria\/posto-di-lavoro\/diverses\/"},{"@type":"ListItem","position":6,"name":"Set di 2 tappetini da lavoro CHAMP"}]},{"@type":"WebSite","@id":"https:\/\/schweizversand.ch\/it\/#website","url":"https:\/\/schweizversand.ch\/it\/","name":"Schweizer Shop f\u00fcr Sport, Spiel und Freizeit","description":"Gratisversand ab 50.- (netto), ab eigenem schweizer Lager, Lieferung innert 48h","publisher":{"@id":"https:\/\/schweizversand.ch\/it\/#organization"},"alternateName":"Schweizversand.ch","potentialAction":[{"@type":"SearchAction","target":{"@type":"EntryPoint","urlTemplate":"https:\/\/schweizversand.ch\/it\/?s={search_term_string}"},"query-input":{"@type":"PropertyValueSpecification","valueRequired":true,"valueName":"search_term_string"}}],"inLanguage":"it-IT"},{"@type":"Organization","@id":"https:\/\/schweizversand.ch\/it\/#organization","name":"Schweizversand.ch","url":"https:\/\/schweizversand.ch\/it\/","logo":{"@type":"ImageObject","inLanguage":"it-IT","@id":"https:\/\/schweizversand.ch\/it\/#\/schema\/logo\/image\/","url":"https:\/\/schweizversand.ch\/wp-content\/uploads\/2026\/03\/Logo_Rund_Final-1.png","contentUrl":"https:\/\/schweizversand.ch\/wp-content\/uploads\/2026\/03\/Logo_Rund_Final-1.png","width":404,"height":404,"caption":"Schweizversand.ch"},"image":{"@id":"https:\/\/schweizversand.ch\/it\/#\/schema\/logo\/image\/"},"sameAs":["https:\/\/www.facebook.com\/Schweizversand","https:\/\/www.instagram.com\/schweizversand.ch\/"]}]}},"jetpack_sharing_enabled":true,"_links":{"self":[{"href":"https:\/\/schweizversand.ch\/it\/wp-json\/wp\/v2\/product\/260379","targetHints":{"allow":["GET"]}}],"collection":[{"href":"https:\/\/schweizversand.ch\/it\/wp-json\/wp\/v2\/product"}],"about":[{"href":"https:\/\/schweizversand.ch\/it\/wp-json\/wp\/v2\/types\/product"}],"replies":[{"embeddable":true,"href":"https:\/\/schweizversand.ch\/it\/wp-json\/wp\/v2\/comments?post=260379"}],"wp:featuredmedia":[{"embeddable":true,"href":"https:\/\/schweizversand.ch\/it\/wp-json\/wp\/v2\/media\/230506"}],"wp:attachment":[{"href":"https:\/\/schweizversand.ch\/it\/wp-json\/wp\/v2\/media?parent=260379"}],"wp:term":[{"taxonomy":"product_brand","embeddable":true,"href":"https:\/\/schweizversand.ch\/it\/wp-json\/wp\/v2\/product_brand?post=260379"},{"taxonomy":"product_cat","embeddable":true,"href":"https:\/\/schweizversand.ch\/it\/wp-json\/wp\/v2\/product_cat?post=260379"},{"taxonomy":"product_tag","embeddable":true,"href":"https:\/\/schweizversand.ch\/it\/wp-json\/wp\/v2\/product_tag?post=260379"}],"curies":[{"name":"wp","href":"https:\/\/api.w.org\/{rel}","templated":true}]}}