{"id":260391,"date":"2026-03-15T00:06:13","date_gmt":"2026-03-14T23:06:13","guid":{"rendered":"https:\/\/schweizversand.ch\/produkt\/fyasa-kinderkostuem-badeanzug-im-retro-stil\/"},"modified":"2026-04-19T15:36:33","modified_gmt":"2026-04-19T13:36:33","slug":"fyasa-kinderkostuem-badeanzug-im-retro-stil","status":"publish","type":"product","link":"https:\/\/schweizversand.ch\/it\/produkt\/fyasa-kinderkostuem-badeanzug-im-retro-stil\/","title":{"rendered":"costume da bagno per bambini fyasa in stile retr\u00f2"},"content":{"rendered":"<p>Costume da bagno in stile retr\u00f2 per bambini &#8211; Divertente look a righe per i piccoli amanti dell&#8217;acqua!<\/p>\n<\/p>\n<p>Con questo divertente costume da bagno a righe, il tuo bambino sar\u00e0 la star di ogni carnevale, Marted\u00ec Grasso o festa a tema! Il design ricorda i classici costumi da bagno di epoche passate e garantir\u00e0 tante risate e allegria.<\/p>\n<\/p>\n<p>Dettagli del prodotto:<\/p>\n<\/p>\n<p>\u2022 Include: 1 costume intero a righe (Buzo)<\/p>\n<\/p>\n<p>\u2022 Fascia d&#8217;et\u00e0: Adatto ai bambini (neonati)<\/p>\n<\/p>\n<p>\u2022 Colore: Classico look a righe<\/p>\n<\/p>\n<p>\u2022 Ideale per: Marted\u00ec Grasso, carnevale, recite scolastiche, feste a tema estive<\/p>\n<\/p>\n<p>\u2022 Accessori: Nessun altro accessorio incluso<\/p>\n<\/p>\n<p>Comodo, originale e semplicemente adorabile: il costume perfetto per i piccoli amanti del divertimento!<\/p>\n","protected":false},"excerpt":{"rendered":"<p>fyasa Kinderkost\u00fcm Badeanzug im Retro-Stil begeistert mit lustigem Ringellook. Perfekt f\u00fcr Fasching, Karneval und Mottopartys \u2013 bequem, originell und voller Spa\u00df!<\/p>\n","protected":false},"featured_media":158309,"comment_status":"open","ping_status":"closed","template":"","meta":[],"product_brand":[],"product_cat":[38202],"product_tag":[],"class_list":{"0":"post-260391","1":"product","2":"type-product","3":"status-publish","4":"has-post-thumbnail","6":"product_cat-kostueme","7":"product_shipping_class-global_methods","9":"first","10":"instock","11":"taxable","12":"shipping-taxable","13":"purchasable","14":"product-type-simple"},"yoast_head":"<!-- This site is optimized with the Yoast SEO plugin v27.4 - https:\/\/yoast.com\/product\/yoast-seo-wordpress\/ -->\n<title>fyasa Kinderkost\u00fcm Badeanzug im Retro-Stil<\/title>\n<meta name=\"description\" content=\"Kinderkost\u00fcm Badeanzug im Retro-Stil \u2013 Lustiger Ringellook f\u00fcr kleine Wasserratten! Mit diesem witzigen Badeanzug-Kost\u00fcm im Streifenlook wird dein Kind zum Sta\" \/>\n<meta name=\"robots\" content=\"index, follow, max-snippet:-1, max-image-preview:large, max-video-preview:-1\" \/>\n<link rel=\"canonical\" href=\"https:\/\/schweizversand.ch\/it\/produkt\/fyasa-kinderkostuem-badeanzug-im-retro-stil\/\" \/>\n<meta property=\"og:locale\" content=\"it_IT\" \/>\n<meta property=\"og:type\" content=\"article\" \/>\n<meta property=\"og:title\" content=\"fyasa Kinderkost\u00fcm Badeanzug im Retro-Stil\" \/>\n<meta property=\"og:description\" content=\"Kinderkost\u00fcm Badeanzug im Retro-Stil \u2013 Lustiger Ringellook f\u00fcr kleine Wasserratten! Mit diesem witzigen Badeanzug-Kost\u00fcm im Streifenlook wird dein Kind zum Sta\" \/>\n<meta property=\"og:url\" content=\"https:\/\/schweizversand.ch\/it\/produkt\/fyasa-kinderkostuem-badeanzug-im-retro-stil\/\" \/>\n<meta property=\"og:site_name\" content=\"Schweizer Shop f\u00fcr Sport, Spiel und Freizeit\" \/>\n<meta property=\"article:publisher\" content=\"https:\/\/www.facebook.com\/Schweizversand\" \/>\n<meta property=\"article:modified_time\" content=\"2026-04-19T13:36:33+00:00\" \/>\n<meta property=\"og:image\" content=\"https:\/\/schweizversand.ch\/wp-content\/uploads\/2026\/02\/5471920514.jpg\" \/>\n\t<meta property=\"og:image:width\" content=\"1024\" \/>\n\t<meta property=\"og:image:height\" content=\"1024\" \/>\n\t<meta property=\"og:image:type\" content=\"image\/jpeg\" \/>\n<meta name=\"twitter:card\" content=\"summary_large_image\" \/>\n<meta name=\"twitter:label1\" content=\"Tempo di lettura stimato\" \/>\n\t<meta name=\"twitter:data1\" content=\"1 minuto\" \/>\n<script type=\"application\/ld+json\" class=\"yoast-schema-graph\">{\"@context\":\"https:\\\/\\\/schema.org\",\"@graph\":[{\"@type\":\"WebPage\",\"@id\":\"https:\\\/\\\/schweizversand.ch\\\/it\\\/produkt\\\/fyasa-kinderkostuem-badeanzug-im-retro-stil\\\/\",\"url\":\"https:\\\/\\\/schweizversand.ch\\\/it\\\/produkt\\\/fyasa-kinderkostuem-badeanzug-im-retro-stil\\\/\",\"name\":\"fyasa Kinderkost\u00fcm Badeanzug im Retro-Stil\",\"isPartOf\":{\"@id\":\"https:\\\/\\\/schweizversand.ch\\\/it\\\/#website\"},\"primaryImageOfPage\":{\"@id\":\"https:\\\/\\\/schweizversand.ch\\\/it\\\/produkt\\\/fyasa-kinderkostuem-badeanzug-im-retro-stil\\\/#primaryimage\"},\"image\":{\"@id\":\"https:\\\/\\\/schweizversand.ch\\\/it\\\/produkt\\\/fyasa-kinderkostuem-badeanzug-im-retro-stil\\\/#primaryimage\"},\"thumbnailUrl\":\"https:\\\/\\\/schweizversand.ch\\\/wp-content\\\/uploads\\\/2026\\\/02\\\/5471920514.jpg\",\"datePublished\":\"2026-03-14T23:06:13+00:00\",\"dateModified\":\"2026-04-19T13:36:33+00:00\",\"description\":\"Kinderkost\u00fcm Badeanzug im Retro-Stil \u2013 Lustiger Ringellook f\u00fcr kleine Wasserratten! Mit diesem witzigen Badeanzug-Kost\u00fcm im Streifenlook wird dein Kind zum Sta\",\"breadcrumb\":{\"@id\":\"https:\\\/\\\/schweizversand.ch\\\/it\\\/produkt\\\/fyasa-kinderkostuem-badeanzug-im-retro-stil\\\/#breadcrumb\"},\"inLanguage\":\"it-IT\",\"potentialAction\":[{\"@type\":\"ReadAction\",\"target\":[\"https:\\\/\\\/schweizversand.ch\\\/it\\\/produkt\\\/fyasa-kinderkostuem-badeanzug-im-retro-stil\\\/\"]}]},{\"@type\":\"ImageObject\",\"inLanguage\":\"it-IT\",\"@id\":\"https:\\\/\\\/schweizversand.ch\\\/it\\\/produkt\\\/fyasa-kinderkostuem-badeanzug-im-retro-stil\\\/#primaryimage\",\"url\":\"https:\\\/\\\/schweizversand.ch\\\/wp-content\\\/uploads\\\/2026\\\/02\\\/5471920514.jpg\",\"contentUrl\":\"https:\\\/\\\/schweizversand.ch\\\/wp-content\\\/uploads\\\/2026\\\/02\\\/5471920514.jpg\",\"width\":1024,\"height\":1024},{\"@type\":\"BreadcrumbList\",\"@id\":\"https:\\\/\\\/schweizversand.ch\\\/it\\\/produkt\\\/fyasa-kinderkostuem-badeanzug-im-retro-stil\\\/#breadcrumb\",\"itemListElement\":[{\"@type\":\"ListItem\",\"position\":1,\"name\":\"Startseite\",\"item\":\"https:\\\/\\\/schweizversand.ch\\\/it\\\/home\\\/\"},{\"@type\":\"ListItem\",\"position\":2,\"name\":\"Shop\",\"item\":\"https:\\\/\\\/schweizversand.ch\\\/it\\\/shop\\\/\"},{\"@type\":\"ListItem\",\"position\":3,\"name\":\"Moda\",\"item\":\"https:\\\/\\\/schweizversand.ch\\\/it\\\/produkt-kategorie\\\/moda\\\/\"},{\"@type\":\"ListItem\",\"position\":4,\"name\":\"Moda unisex\",\"item\":\"https:\\\/\\\/schweizversand.ch\\\/it\\\/produkt-kategorie\\\/moda\\\/moda-unisex\\\/\"},{\"@type\":\"ListItem\",\"position\":5,\"name\":\"Costumi\",\"item\":\"https:\\\/\\\/schweizversand.ch\\\/it\\\/produkt-kategorie\\\/moda\\\/moda-unisex\\\/kostueme\\\/\"},{\"@type\":\"ListItem\",\"position\":6,\"name\":\"costume da bagno per bambini fyasa in stile retr\u00f2\"}]},{\"@type\":\"WebSite\",\"@id\":\"https:\\\/\\\/schweizversand.ch\\\/it\\\/#website\",\"url\":\"https:\\\/\\\/schweizversand.ch\\\/it\\\/\",\"name\":\"Schweizer Shop f\u00fcr Sport, Spiel und Freizeit\",\"description\":\"Gratisversand ab 50.- (netto), ab eigenem schweizer Lager, Lieferung innert 48h\",\"publisher\":{\"@id\":\"https:\\\/\\\/schweizversand.ch\\\/it\\\/#organization\"},\"alternateName\":\"Schweizversand.ch\",\"potentialAction\":[{\"@type\":\"SearchAction\",\"target\":{\"@type\":\"EntryPoint\",\"urlTemplate\":\"https:\\\/\\\/schweizversand.ch\\\/it\\\/?s={search_term_string}\"},\"query-input\":{\"@type\":\"PropertyValueSpecification\",\"valueRequired\":true,\"valueName\":\"search_term_string\"}}],\"inLanguage\":\"it-IT\"},{\"@type\":\"Organization\",\"@id\":\"https:\\\/\\\/schweizversand.ch\\\/it\\\/#organization\",\"name\":\"Schweizversand.ch\",\"url\":\"https:\\\/\\\/schweizversand.ch\\\/it\\\/\",\"logo\":{\"@type\":\"ImageObject\",\"inLanguage\":\"it-IT\",\"@id\":\"https:\\\/\\\/schweizversand.ch\\\/it\\\/#\\\/schema\\\/logo\\\/image\\\/\",\"url\":\"https:\\\/\\\/schweizversand.ch\\\/wp-content\\\/uploads\\\/2026\\\/03\\\/Logo_Rund_Final-1.png\",\"contentUrl\":\"https:\\\/\\\/schweizversand.ch\\\/wp-content\\\/uploads\\\/2026\\\/03\\\/Logo_Rund_Final-1.png\",\"width\":404,\"height\":404,\"caption\":\"Schweizversand.ch\"},\"image\":{\"@id\":\"https:\\\/\\\/schweizversand.ch\\\/it\\\/#\\\/schema\\\/logo\\\/image\\\/\"},\"sameAs\":[\"https:\\\/\\\/www.facebook.com\\\/Schweizversand\",\"https:\\\/\\\/www.instagram.com\\\/schweizversand.ch\\\/\"]}]}<\/script>\n<!-- \/ Yoast SEO plugin. -->","yoast_head_json":{"title":"fyasa Kinderkost\u00fcm Badeanzug im Retro-Stil","description":"Kinderkost\u00fcm Badeanzug im Retro-Stil \u2013 Lustiger Ringellook f\u00fcr kleine Wasserratten! Mit diesem witzigen Badeanzug-Kost\u00fcm im Streifenlook wird dein Kind zum Sta","robots":{"index":"index","follow":"follow","max-snippet":"max-snippet:-1","max-image-preview":"max-image-preview:large","max-video-preview":"max-video-preview:-1"},"canonical":"https:\/\/schweizversand.ch\/it\/produkt\/fyasa-kinderkostuem-badeanzug-im-retro-stil\/","og_locale":"it_IT","og_type":"article","og_title":"fyasa Kinderkost\u00fcm Badeanzug im Retro-Stil","og_description":"Kinderkost\u00fcm Badeanzug im Retro-Stil \u2013 Lustiger Ringellook f\u00fcr kleine Wasserratten! Mit diesem witzigen Badeanzug-Kost\u00fcm im Streifenlook wird dein Kind zum Sta","og_url":"https:\/\/schweizversand.ch\/it\/produkt\/fyasa-kinderkostuem-badeanzug-im-retro-stil\/","og_site_name":"Schweizer Shop f\u00fcr Sport, Spiel und Freizeit","article_publisher":"https:\/\/www.facebook.com\/Schweizversand","article_modified_time":"2026-04-19T13:36:33+00:00","og_image":[{"width":1024,"height":1024,"url":"https:\/\/schweizversand.ch\/wp-content\/uploads\/2026\/02\/5471920514.jpg","type":"image\/jpeg"}],"twitter_card":"summary_large_image","twitter_misc":{"Tempo di lettura stimato":"1 minuto"},"schema":{"@context":"https:\/\/schema.org","@graph":[{"@type":"WebPage","@id":"https:\/\/schweizversand.ch\/it\/produkt\/fyasa-kinderkostuem-badeanzug-im-retro-stil\/","url":"https:\/\/schweizversand.ch\/it\/produkt\/fyasa-kinderkostuem-badeanzug-im-retro-stil\/","name":"fyasa Kinderkost\u00fcm Badeanzug im Retro-Stil","isPartOf":{"@id":"https:\/\/schweizversand.ch\/it\/#website"},"primaryImageOfPage":{"@id":"https:\/\/schweizversand.ch\/it\/produkt\/fyasa-kinderkostuem-badeanzug-im-retro-stil\/#primaryimage"},"image":{"@id":"https:\/\/schweizversand.ch\/it\/produkt\/fyasa-kinderkostuem-badeanzug-im-retro-stil\/#primaryimage"},"thumbnailUrl":"https:\/\/schweizversand.ch\/wp-content\/uploads\/2026\/02\/5471920514.jpg","datePublished":"2026-03-14T23:06:13+00:00","dateModified":"2026-04-19T13:36:33+00:00","description":"Kinderkost\u00fcm Badeanzug im Retro-Stil \u2013 Lustiger Ringellook f\u00fcr kleine Wasserratten! Mit diesem witzigen Badeanzug-Kost\u00fcm im Streifenlook wird dein Kind zum Sta","breadcrumb":{"@id":"https:\/\/schweizversand.ch\/it\/produkt\/fyasa-kinderkostuem-badeanzug-im-retro-stil\/#breadcrumb"},"inLanguage":"it-IT","potentialAction":[{"@type":"ReadAction","target":["https:\/\/schweizversand.ch\/it\/produkt\/fyasa-kinderkostuem-badeanzug-im-retro-stil\/"]}]},{"@type":"ImageObject","inLanguage":"it-IT","@id":"https:\/\/schweizversand.ch\/it\/produkt\/fyasa-kinderkostuem-badeanzug-im-retro-stil\/#primaryimage","url":"https:\/\/schweizversand.ch\/wp-content\/uploads\/2026\/02\/5471920514.jpg","contentUrl":"https:\/\/schweizversand.ch\/wp-content\/uploads\/2026\/02\/5471920514.jpg","width":1024,"height":1024},{"@type":"BreadcrumbList","@id":"https:\/\/schweizversand.ch\/it\/produkt\/fyasa-kinderkostuem-badeanzug-im-retro-stil\/#breadcrumb","itemListElement":[{"@type":"ListItem","position":1,"name":"Startseite","item":"https:\/\/schweizversand.ch\/it\/home\/"},{"@type":"ListItem","position":2,"name":"Shop","item":"https:\/\/schweizversand.ch\/it\/shop\/"},{"@type":"ListItem","position":3,"name":"Moda","item":"https:\/\/schweizversand.ch\/it\/produkt-kategorie\/moda\/"},{"@type":"ListItem","position":4,"name":"Moda unisex","item":"https:\/\/schweizversand.ch\/it\/produkt-kategorie\/moda\/moda-unisex\/"},{"@type":"ListItem","position":5,"name":"Costumi","item":"https:\/\/schweizversand.ch\/it\/produkt-kategorie\/moda\/moda-unisex\/kostueme\/"},{"@type":"ListItem","position":6,"name":"costume da bagno per bambini fyasa in stile retr\u00f2"}]},{"@type":"WebSite","@id":"https:\/\/schweizversand.ch\/it\/#website","url":"https:\/\/schweizversand.ch\/it\/","name":"Schweizer Shop f\u00fcr Sport, Spiel und Freizeit","description":"Gratisversand ab 50.- (netto), ab eigenem schweizer Lager, Lieferung innert 48h","publisher":{"@id":"https:\/\/schweizversand.ch\/it\/#organization"},"alternateName":"Schweizversand.ch","potentialAction":[{"@type":"SearchAction","target":{"@type":"EntryPoint","urlTemplate":"https:\/\/schweizversand.ch\/it\/?s={search_term_string}"},"query-input":{"@type":"PropertyValueSpecification","valueRequired":true,"valueName":"search_term_string"}}],"inLanguage":"it-IT"},{"@type":"Organization","@id":"https:\/\/schweizversand.ch\/it\/#organization","name":"Schweizversand.ch","url":"https:\/\/schweizversand.ch\/it\/","logo":{"@type":"ImageObject","inLanguage":"it-IT","@id":"https:\/\/schweizversand.ch\/it\/#\/schema\/logo\/image\/","url":"https:\/\/schweizversand.ch\/wp-content\/uploads\/2026\/03\/Logo_Rund_Final-1.png","contentUrl":"https:\/\/schweizversand.ch\/wp-content\/uploads\/2026\/03\/Logo_Rund_Final-1.png","width":404,"height":404,"caption":"Schweizversand.ch"},"image":{"@id":"https:\/\/schweizversand.ch\/it\/#\/schema\/logo\/image\/"},"sameAs":["https:\/\/www.facebook.com\/Schweizversand","https:\/\/www.instagram.com\/schweizversand.ch\/"]}]}},"jetpack_sharing_enabled":true,"_links":{"self":[{"href":"https:\/\/schweizversand.ch\/it\/wp-json\/wp\/v2\/product\/260391","targetHints":{"allow":["GET"]}}],"collection":[{"href":"https:\/\/schweizversand.ch\/it\/wp-json\/wp\/v2\/product"}],"about":[{"href":"https:\/\/schweizversand.ch\/it\/wp-json\/wp\/v2\/types\/product"}],"replies":[{"embeddable":true,"href":"https:\/\/schweizversand.ch\/it\/wp-json\/wp\/v2\/comments?post=260391"}],"wp:featuredmedia":[{"embeddable":true,"href":"https:\/\/schweizversand.ch\/it\/wp-json\/wp\/v2\/media\/158309"}],"wp:attachment":[{"href":"https:\/\/schweizversand.ch\/it\/wp-json\/wp\/v2\/media?parent=260391"}],"wp:term":[{"taxonomy":"product_brand","embeddable":true,"href":"https:\/\/schweizversand.ch\/it\/wp-json\/wp\/v2\/product_brand?post=260391"},{"taxonomy":"product_cat","embeddable":true,"href":"https:\/\/schweizversand.ch\/it\/wp-json\/wp\/v2\/product_cat?post=260391"},{"taxonomy":"product_tag","embeddable":true,"href":"https:\/\/schweizversand.ch\/it\/wp-json\/wp\/v2\/product_tag?post=260391"}],"curies":[{"name":"wp","href":"https:\/\/api.w.org\/{rel}","templated":true}]}}