{"id":260394,"date":"2026-03-15T00:06:16","date_gmt":"2026-03-14T23:06:16","guid":{"rendered":"https:\/\/schweizversand.ch\/produkt\/waboba-wieners-circle-spiel\/"},"modified":"2026-04-21T15:35:36","modified_gmt":"2026-04-21T13:35:36","slug":"waboba-wieners-circle-spiel","status":"publish","type":"product","link":"https:\/\/schweizversand.ch\/it\/produkt\/waboba-wieners-circle-spiel\/","title":{"rendered":"Il gioco del cerchio di Waboba Wiener"},"content":{"rendered":"<div><strong>Wiener\u2019s Circle Game \u2013 Il gioco di lancio stravagante per grandi e piccini!<\/strong>&nbsp;<\/p>\n<\/div>\n<div>Pronti per un sacco di risate? Nel <strong>Wiener\u2019s Circle Game<\/strong>, tutto ruota attorno a: <strong>Lancia la salsiccia, colpisci la bocca e vinci!<\/strong><br \/> Questo esilarante gioco a bersaglio garantisce divertimento ovunque, che sia <strong>in giardino, nella vasca idromassaggio, a una festa in casa o in soggiorno<\/strong>.<\/p>\n<\/div>\n<div>Il gioco \u00e8 <strong>leggero, portatile e veloce da montare<\/strong> e garantisce tanti momenti divertenti. Basta appendere il bersaglio, afferrare i wurstel e iniziare a lanciare: chi ha l&#8217;occhio migliore nel lanciare salsicce?<\/p>\n<\/div>\n<div><strong>In evidenza:<br \/><\/strong><\/div>\n<ul>\n<li><strong>Divertente gioco di lancio<\/strong> per bambini, adolescenti e adulti. Adulti\n<\/li>\n<li>Adatto per uso interno ed esterno: ideale per feste, ricevimenti in giardino e serate in famiglia\n<\/li>\n<li><strong>Si monta rapidamente e pu\u00f2 essere utilizzato ovunque\n<\/li>\n<li>Include 1 bersaglio + 2 salsicce AIRLYFT da lanciare\n<\/li>\n<li>Perfetto per gare e sfide: chi sar\u00e0 il &#8220;Re di Vienna&#8221;?\n<\/li>\n<li>Un regalo fantastico per compleanni, Natale o semplicemente per farsi una risata\n<\/li>\n<\/ul>\n<div><strong>Gioco del cerchio di Vienna<\/strong>: il gioco di lancio pi\u00f9 divertente da quando sono state inventate le salsicce!<br \/>Ideale per chiunque abbia senso dell&#8217;umorismo e voglia di qualcosa di completamente diverso!<\/p>\n<\/div>\n","protected":false},"excerpt":{"rendered":"<p>Waboba Wiener\u2019s Circle Spiel \u2013 Lustiges Wurfspiel f\u00fcr drinnen und drau\u00dfen. Schnell aufgebaut, tragbar und ideal f\u00fcr Partys, Familie &amp; spannende Wettk\u00e4mpfe!<\/p>\n","protected":false},"featured_media":158383,"comment_status":"open","ping_status":"closed","template":"","meta":[],"product_brand":[],"product_cat":[38185],"product_tag":[],"class_list":{"0":"post-260394","1":"product","2":"type-product","3":"status-publish","4":"has-post-thumbnail","6":"product_cat-gesellschaftsspiel","7":"product_shipping_class-global_methods","9":"first","10":"instock","11":"taxable","12":"shipping-taxable","13":"purchasable","14":"product-type-simple"},"yoast_head":"<!-- This site is optimized with the Yoast SEO plugin v27.4 - https:\/\/yoast.com\/product\/yoast-seo-wordpress\/ -->\n<title>Waboba Wiener\u2019s Circle Spiel<\/title>\n<meta name=\"description\" content=\"Wiener\u2019s Circle Game \u2013 Das abgefahrene Wurfspiel f\u00fcr Gro\u00df und Klein! \u00a0 Bereit f\u00fcr jede Menge Lacher? Beim Wiener\u2019s Circle Game hei\u00dft es: Wirf die Wurst \u2013 triff\" \/>\n<meta name=\"robots\" content=\"index, follow, max-snippet:-1, max-image-preview:large, max-video-preview:-1\" \/>\n<link rel=\"canonical\" href=\"https:\/\/schweizversand.ch\/it\/produkt\/waboba-wieners-circle-spiel\/\" \/>\n<meta property=\"og:locale\" content=\"it_IT\" \/>\n<meta property=\"og:type\" content=\"article\" \/>\n<meta property=\"og:title\" content=\"Waboba Wiener\u2019s Circle Spiel\" \/>\n<meta property=\"og:description\" content=\"Wiener\u2019s Circle Game \u2013 Das abgefahrene Wurfspiel f\u00fcr Gro\u00df und Klein! \u00a0 Bereit f\u00fcr jede Menge Lacher? Beim Wiener\u2019s Circle Game hei\u00dft es: Wirf die Wurst \u2013 triff\" \/>\n<meta property=\"og:url\" content=\"https:\/\/schweizversand.ch\/it\/produkt\/waboba-wieners-circle-spiel\/\" \/>\n<meta property=\"og:site_name\" content=\"Schweizer Shop f\u00fcr Sport, Spiel und Freizeit\" \/>\n<meta property=\"article:publisher\" content=\"https:\/\/www.facebook.com\/Schweizversand\" \/>\n<meta property=\"article:modified_time\" content=\"2026-04-21T13:35:36+00:00\" \/>\n<meta property=\"og:image\" content=\"https:\/\/schweizversand.ch\/wp-content\/uploads\/2026\/02\/5472035312.jpg\" \/>\n\t<meta property=\"og:image:width\" content=\"1024\" \/>\n\t<meta property=\"og:image:height\" content=\"683\" \/>\n\t<meta property=\"og:image:type\" content=\"image\/jpeg\" \/>\n<meta name=\"twitter:card\" content=\"summary_large_image\" \/>\n<meta name=\"twitter:label1\" content=\"Tempo di lettura stimato\" \/>\n\t<meta name=\"twitter:data1\" content=\"1 minuto\" \/>\n<script type=\"application\/ld+json\" class=\"yoast-schema-graph\">{\"@context\":\"https:\\\/\\\/schema.org\",\"@graph\":[{\"@type\":\"WebPage\",\"@id\":\"https:\\\/\\\/schweizversand.ch\\\/it\\\/produkt\\\/waboba-wieners-circle-spiel\\\/\",\"url\":\"https:\\\/\\\/schweizversand.ch\\\/it\\\/produkt\\\/waboba-wieners-circle-spiel\\\/\",\"name\":\"Waboba Wiener\u2019s Circle Spiel\",\"isPartOf\":{\"@id\":\"https:\\\/\\\/schweizversand.ch\\\/it\\\/#website\"},\"primaryImageOfPage\":{\"@id\":\"https:\\\/\\\/schweizversand.ch\\\/it\\\/produkt\\\/waboba-wieners-circle-spiel\\\/#primaryimage\"},\"image\":{\"@id\":\"https:\\\/\\\/schweizversand.ch\\\/it\\\/produkt\\\/waboba-wieners-circle-spiel\\\/#primaryimage\"},\"thumbnailUrl\":\"https:\\\/\\\/schweizversand.ch\\\/wp-content\\\/uploads\\\/2026\\\/02\\\/5472035312.jpg\",\"datePublished\":\"2026-03-14T23:06:16+00:00\",\"dateModified\":\"2026-04-21T13:35:36+00:00\",\"description\":\"Wiener\u2019s Circle Game \u2013 Das abgefahrene Wurfspiel f\u00fcr Gro\u00df und Klein! \u00a0 Bereit f\u00fcr jede Menge Lacher? Beim Wiener\u2019s Circle Game hei\u00dft es: Wirf die Wurst \u2013 triff\",\"breadcrumb\":{\"@id\":\"https:\\\/\\\/schweizversand.ch\\\/it\\\/produkt\\\/waboba-wieners-circle-spiel\\\/#breadcrumb\"},\"inLanguage\":\"it-IT\",\"potentialAction\":[{\"@type\":\"ReadAction\",\"target\":[\"https:\\\/\\\/schweizversand.ch\\\/it\\\/produkt\\\/waboba-wieners-circle-spiel\\\/\"]}]},{\"@type\":\"ImageObject\",\"inLanguage\":\"it-IT\",\"@id\":\"https:\\\/\\\/schweizversand.ch\\\/it\\\/produkt\\\/waboba-wieners-circle-spiel\\\/#primaryimage\",\"url\":\"https:\\\/\\\/schweizversand.ch\\\/wp-content\\\/uploads\\\/2026\\\/02\\\/5472035312.jpg\",\"contentUrl\":\"https:\\\/\\\/schweizversand.ch\\\/wp-content\\\/uploads\\\/2026\\\/02\\\/5472035312.jpg\",\"width\":1024,\"height\":683},{\"@type\":\"BreadcrumbList\",\"@id\":\"https:\\\/\\\/schweizversand.ch\\\/it\\\/produkt\\\/waboba-wieners-circle-spiel\\\/#breadcrumb\",\"itemListElement\":[{\"@type\":\"ListItem\",\"position\":1,\"name\":\"Startseite\",\"item\":\"https:\\\/\\\/schweizversand.ch\\\/it\\\/home\\\/\"},{\"@type\":\"ListItem\",\"position\":2,\"name\":\"Shop\",\"item\":\"https:\\\/\\\/schweizversand.ch\\\/it\\\/shop\\\/\"},{\"@type\":\"ListItem\",\"position\":3,\"name\":\"Giocattoli e giochi\",\"item\":\"https:\\\/\\\/schweizversand.ch\\\/it\\\/produkt-kategorie\\\/giocattoli-e-giochi\\\/\"},{\"@type\":\"ListItem\",\"position\":4,\"name\":\"Spiele &amp; Puzzles\",\"item\":\"https:\\\/\\\/schweizversand.ch\\\/produkt-kategorie\\\/spielzeuge-spiele\\\/spiele-puzzles-spielzeuge-spiele\\\/\"},{\"@type\":\"ListItem\",\"position\":5,\"name\":\"Gesellschaftsspiel\",\"item\":\"https:\\\/\\\/schweizversand.ch\\\/produkt-kategorie\\\/spielzeuge-spiele\\\/spiele-puzzles-spielzeuge-spiele\\\/gesellschaftsspiel\\\/\"},{\"@type\":\"ListItem\",\"position\":6,\"name\":\"Il gioco del cerchio di Waboba Wiener\"}]},{\"@type\":\"WebSite\",\"@id\":\"https:\\\/\\\/schweizversand.ch\\\/it\\\/#website\",\"url\":\"https:\\\/\\\/schweizversand.ch\\\/it\\\/\",\"name\":\"Schweizer Shop f\u00fcr Sport, Spiel und Freizeit\",\"description\":\"Gratisversand ab 50.- (netto), ab eigenem schweizer Lager, Lieferung innert 48h\",\"publisher\":{\"@id\":\"https:\\\/\\\/schweizversand.ch\\\/it\\\/#organization\"},\"alternateName\":\"Schweizversand.ch\",\"potentialAction\":[{\"@type\":\"SearchAction\",\"target\":{\"@type\":\"EntryPoint\",\"urlTemplate\":\"https:\\\/\\\/schweizversand.ch\\\/it\\\/?s={search_term_string}\"},\"query-input\":{\"@type\":\"PropertyValueSpecification\",\"valueRequired\":true,\"valueName\":\"search_term_string\"}}],\"inLanguage\":\"it-IT\"},{\"@type\":\"Organization\",\"@id\":\"https:\\\/\\\/schweizversand.ch\\\/it\\\/#organization\",\"name\":\"Schweizversand.ch\",\"url\":\"https:\\\/\\\/schweizversand.ch\\\/it\\\/\",\"logo\":{\"@type\":\"ImageObject\",\"inLanguage\":\"it-IT\",\"@id\":\"https:\\\/\\\/schweizversand.ch\\\/it\\\/#\\\/schema\\\/logo\\\/image\\\/\",\"url\":\"https:\\\/\\\/schweizversand.ch\\\/wp-content\\\/uploads\\\/2026\\\/03\\\/Logo_Rund_Final-1.png\",\"contentUrl\":\"https:\\\/\\\/schweizversand.ch\\\/wp-content\\\/uploads\\\/2026\\\/03\\\/Logo_Rund_Final-1.png\",\"width\":404,\"height\":404,\"caption\":\"Schweizversand.ch\"},\"image\":{\"@id\":\"https:\\\/\\\/schweizversand.ch\\\/it\\\/#\\\/schema\\\/logo\\\/image\\\/\"},\"sameAs\":[\"https:\\\/\\\/www.facebook.com\\\/Schweizversand\",\"https:\\\/\\\/www.instagram.com\\\/schweizversand.ch\\\/\"]}]}<\/script>\n<!-- \/ Yoast SEO plugin. -->","yoast_head_json":{"title":"Waboba Wiener\u2019s Circle Spiel","description":"Wiener\u2019s Circle Game \u2013 Das abgefahrene Wurfspiel f\u00fcr Gro\u00df und Klein! \u00a0 Bereit f\u00fcr jede Menge Lacher? Beim Wiener\u2019s Circle Game hei\u00dft es: Wirf die Wurst \u2013 triff","robots":{"index":"index","follow":"follow","max-snippet":"max-snippet:-1","max-image-preview":"max-image-preview:large","max-video-preview":"max-video-preview:-1"},"canonical":"https:\/\/schweizversand.ch\/it\/produkt\/waboba-wieners-circle-spiel\/","og_locale":"it_IT","og_type":"article","og_title":"Waboba Wiener\u2019s Circle Spiel","og_description":"Wiener\u2019s Circle Game \u2013 Das abgefahrene Wurfspiel f\u00fcr Gro\u00df und Klein! \u00a0 Bereit f\u00fcr jede Menge Lacher? Beim Wiener\u2019s Circle Game hei\u00dft es: Wirf die Wurst \u2013 triff","og_url":"https:\/\/schweizversand.ch\/it\/produkt\/waboba-wieners-circle-spiel\/","og_site_name":"Schweizer Shop f\u00fcr Sport, Spiel und Freizeit","article_publisher":"https:\/\/www.facebook.com\/Schweizversand","article_modified_time":"2026-04-21T13:35:36+00:00","og_image":[{"width":1024,"height":683,"url":"https:\/\/schweizversand.ch\/wp-content\/uploads\/2026\/02\/5472035312.jpg","type":"image\/jpeg"}],"twitter_card":"summary_large_image","twitter_misc":{"Tempo di lettura stimato":"1 minuto"},"schema":{"@context":"https:\/\/schema.org","@graph":[{"@type":"WebPage","@id":"https:\/\/schweizversand.ch\/it\/produkt\/waboba-wieners-circle-spiel\/","url":"https:\/\/schweizversand.ch\/it\/produkt\/waboba-wieners-circle-spiel\/","name":"Waboba Wiener\u2019s Circle Spiel","isPartOf":{"@id":"https:\/\/schweizversand.ch\/it\/#website"},"primaryImageOfPage":{"@id":"https:\/\/schweizversand.ch\/it\/produkt\/waboba-wieners-circle-spiel\/#primaryimage"},"image":{"@id":"https:\/\/schweizversand.ch\/it\/produkt\/waboba-wieners-circle-spiel\/#primaryimage"},"thumbnailUrl":"https:\/\/schweizversand.ch\/wp-content\/uploads\/2026\/02\/5472035312.jpg","datePublished":"2026-03-14T23:06:16+00:00","dateModified":"2026-04-21T13:35:36+00:00","description":"Wiener\u2019s Circle Game \u2013 Das abgefahrene Wurfspiel f\u00fcr Gro\u00df und Klein! \u00a0 Bereit f\u00fcr jede Menge Lacher? Beim Wiener\u2019s Circle Game hei\u00dft es: Wirf die Wurst \u2013 triff","breadcrumb":{"@id":"https:\/\/schweizversand.ch\/it\/produkt\/waboba-wieners-circle-spiel\/#breadcrumb"},"inLanguage":"it-IT","potentialAction":[{"@type":"ReadAction","target":["https:\/\/schweizversand.ch\/it\/produkt\/waboba-wieners-circle-spiel\/"]}]},{"@type":"ImageObject","inLanguage":"it-IT","@id":"https:\/\/schweizversand.ch\/it\/produkt\/waboba-wieners-circle-spiel\/#primaryimage","url":"https:\/\/schweizversand.ch\/wp-content\/uploads\/2026\/02\/5472035312.jpg","contentUrl":"https:\/\/schweizversand.ch\/wp-content\/uploads\/2026\/02\/5472035312.jpg","width":1024,"height":683},{"@type":"BreadcrumbList","@id":"https:\/\/schweizversand.ch\/it\/produkt\/waboba-wieners-circle-spiel\/#breadcrumb","itemListElement":[{"@type":"ListItem","position":1,"name":"Startseite","item":"https:\/\/schweizversand.ch\/it\/home\/"},{"@type":"ListItem","position":2,"name":"Shop","item":"https:\/\/schweizversand.ch\/it\/shop\/"},{"@type":"ListItem","position":3,"name":"Giocattoli e giochi","item":"https:\/\/schweizversand.ch\/it\/produkt-kategorie\/giocattoli-e-giochi\/"},{"@type":"ListItem","position":4,"name":"Spiele &amp; Puzzles","item":"https:\/\/schweizversand.ch\/produkt-kategorie\/spielzeuge-spiele\/spiele-puzzles-spielzeuge-spiele\/"},{"@type":"ListItem","position":5,"name":"Gesellschaftsspiel","item":"https:\/\/schweizversand.ch\/produkt-kategorie\/spielzeuge-spiele\/spiele-puzzles-spielzeuge-spiele\/gesellschaftsspiel\/"},{"@type":"ListItem","position":6,"name":"Il gioco del cerchio di Waboba Wiener"}]},{"@type":"WebSite","@id":"https:\/\/schweizversand.ch\/it\/#website","url":"https:\/\/schweizversand.ch\/it\/","name":"Schweizer Shop f\u00fcr Sport, Spiel und Freizeit","description":"Gratisversand ab 50.- (netto), ab eigenem schweizer Lager, Lieferung innert 48h","publisher":{"@id":"https:\/\/schweizversand.ch\/it\/#organization"},"alternateName":"Schweizversand.ch","potentialAction":[{"@type":"SearchAction","target":{"@type":"EntryPoint","urlTemplate":"https:\/\/schweizversand.ch\/it\/?s={search_term_string}"},"query-input":{"@type":"PropertyValueSpecification","valueRequired":true,"valueName":"search_term_string"}}],"inLanguage":"it-IT"},{"@type":"Organization","@id":"https:\/\/schweizversand.ch\/it\/#organization","name":"Schweizversand.ch","url":"https:\/\/schweizversand.ch\/it\/","logo":{"@type":"ImageObject","inLanguage":"it-IT","@id":"https:\/\/schweizversand.ch\/it\/#\/schema\/logo\/image\/","url":"https:\/\/schweizversand.ch\/wp-content\/uploads\/2026\/03\/Logo_Rund_Final-1.png","contentUrl":"https:\/\/schweizversand.ch\/wp-content\/uploads\/2026\/03\/Logo_Rund_Final-1.png","width":404,"height":404,"caption":"Schweizversand.ch"},"image":{"@id":"https:\/\/schweizversand.ch\/it\/#\/schema\/logo\/image\/"},"sameAs":["https:\/\/www.facebook.com\/Schweizversand","https:\/\/www.instagram.com\/schweizversand.ch\/"]}]}},"jetpack_sharing_enabled":true,"_links":{"self":[{"href":"https:\/\/schweizversand.ch\/it\/wp-json\/wp\/v2\/product\/260394","targetHints":{"allow":["GET"]}}],"collection":[{"href":"https:\/\/schweizversand.ch\/it\/wp-json\/wp\/v2\/product"}],"about":[{"href":"https:\/\/schweizversand.ch\/it\/wp-json\/wp\/v2\/types\/product"}],"replies":[{"embeddable":true,"href":"https:\/\/schweizversand.ch\/it\/wp-json\/wp\/v2\/comments?post=260394"}],"wp:featuredmedia":[{"embeddable":true,"href":"https:\/\/schweizversand.ch\/it\/wp-json\/wp\/v2\/media\/158383"}],"wp:attachment":[{"href":"https:\/\/schweizversand.ch\/it\/wp-json\/wp\/v2\/media?parent=260394"}],"wp:term":[{"taxonomy":"product_brand","embeddable":true,"href":"https:\/\/schweizversand.ch\/it\/wp-json\/wp\/v2\/product_brand?post=260394"},{"taxonomy":"product_cat","embeddable":true,"href":"https:\/\/schweizversand.ch\/it\/wp-json\/wp\/v2\/product_cat?post=260394"},{"taxonomy":"product_tag","embeddable":true,"href":"https:\/\/schweizversand.ch\/it\/wp-json\/wp\/v2\/product_tag?post=260394"}],"curies":[{"name":"wp","href":"https:\/\/api.w.org\/{rel}","templated":true}]}}