{"id":260398,"date":"2026-03-15T00:27:50","date_gmt":"2026-03-14T23:27:50","guid":{"rendered":"https:\/\/schweizversand.ch\/produkt\/trudi-einhorn-pompons\/"},"modified":"2026-04-19T02:05:58","modified_gmt":"2026-04-19T00:05:58","slug":"trudi-einhorn-pompons","status":"publish","type":"product","link":"https:\/\/schweizversand.ch\/it\/produkt\/trudi-einhorn-pompons\/","title":{"rendered":"Trudi Pom-Pom Unicorno"},"content":{"rendered":"<h1><strong>Portachiavi Unicorno Pom-Pom Trudi<\/strong><\/h1>\n<div>Scopri gli incantevoli <strong>pom-pom unicorno<\/strong> della nuova e colorata collezione Trudi. Questi <strong>portachiavi di peluche<\/strong> non sono solo accattivanti, ma sono anche il compagno perfetto per borse, zaini o portachiavi.<\/p>\n<\/div>\n<div><strong>Design e fascino<\/strong><br \/>Ogni <strong>portachiavi Trudi<\/strong> affascina con la sua dolce espressione e la fantasiosa combinazione di lunghi capelli ed elementi scintillanti. Il nastro di raso perfettamente coordinato sottolinea il design magico di questo <strong>piccolo peluche unicorno<\/strong>.<\/p>\n<\/div>\n<div><strong>Materiali e cura di alta qualit\u00e0<\/strong><br \/>Realizzati in morbida <strong>fibra di poliestere<\/strong>, questi piccoli peluche offrono una piacevole sensazione al tatto. L&#8217;<strong>coccolone unicorno<\/strong> \u00e8 progettato per mantenere la sua lucentezza, in particolare il luccicante <strong>pom-pom glitterato<\/strong>.<\/p>\n<\/div>\n<div><strong>Dettagli del prodotto e sicurezza<\/strong><br \/>&#8211; Dimensioni: A 13 x L 8 x P 8 cm circa<br \/>&#8211; Materiale: Fibra di poliestere<br \/>&#8211; Et\u00e0 consigliata: Adatto dai 3 anni in su<br \/>&#8211; Istruzioni per la cura: Si consiglia il lavaggio a mano o in lavatrice a 30\u00b0C<\/p>\n<\/div>\n<div>Acquista subito questo incantevole ciondolo <strong>unicorno con pompon<\/strong> e aggiungi un po&#8217; di brillantezza alla tua vita di tutti i giorni.<\/p>\n<\/div>\n<div><\/div>\n","protected":false},"excerpt":{"rendered":"<p>Trudi Einhorn Pompons begeistern mit weicher Polyesterfaser, funkelndem Glitzer und farbenfrohem Design \u2013 der perfekte, magische Schl\u00fcsselanh\u00e4nger f\u00fcr jeden Tag.<\/p>\n","protected":false},"featured_media":158400,"comment_status":"open","ping_status":"closed","template":"","meta":[],"product_brand":[],"product_cat":[38907],"product_tag":[],"class_list":{"0":"post-260398","1":"product","2":"type-product","3":"status-publish","4":"has-post-thumbnail","6":"product_cat-plueschtier","7":"product_shipping_class-global_methods","9":"first","10":"instock","11":"taxable","12":"shipping-taxable","13":"purchasable","14":"product-type-simple"},"yoast_head":"<!-- This site is optimized with the Yoast SEO plugin v27.4 - https:\/\/yoast.com\/product\/yoast-seo-wordpress\/ -->\n<title>Trudi Einhorn Pompons<\/title>\n<meta name=\"description\" content=\"Einhorn Pompons Trudi Schl\u00fcsselanh\u00e4nger Entdecken Sie die bezaubernden Einhorn Pompons aus der neuen, farbenfrohen Kollektion von Trudi. Diese Pl\u00fcschtier Schl\u00fcs\" \/>\n<meta name=\"robots\" content=\"index, follow, max-snippet:-1, max-image-preview:large, max-video-preview:-1\" \/>\n<link rel=\"canonical\" href=\"https:\/\/schweizversand.ch\/it\/produkt\/trudi-einhorn-pompons\/\" \/>\n<meta property=\"og:locale\" content=\"it_IT\" \/>\n<meta property=\"og:type\" content=\"article\" \/>\n<meta property=\"og:title\" content=\"Trudi Einhorn Pompons\" \/>\n<meta property=\"og:description\" content=\"Einhorn Pompons Trudi Schl\u00fcsselanh\u00e4nger Entdecken Sie die bezaubernden Einhorn Pompons aus der neuen, farbenfrohen Kollektion von Trudi. Diese Pl\u00fcschtier Schl\u00fcs\" \/>\n<meta property=\"og:url\" content=\"https:\/\/schweizversand.ch\/it\/produkt\/trudi-einhorn-pompons\/\" \/>\n<meta property=\"og:site_name\" content=\"Schweizer Shop f\u00fcr Sport, Spiel und Freizeit\" \/>\n<meta property=\"article:publisher\" content=\"https:\/\/www.facebook.com\/Schweizversand\" \/>\n<meta property=\"article:modified_time\" content=\"2026-04-19T00:05:58+00:00\" \/>\n<meta property=\"og:image\" content=\"https:\/\/schweizversand.ch\/wp-content\/uploads\/2026\/02\/5472097066.jpg\" \/>\n\t<meta property=\"og:image:width\" content=\"1024\" \/>\n\t<meta property=\"og:image:height\" content=\"974\" \/>\n\t<meta property=\"og:image:type\" content=\"image\/jpeg\" \/>\n<meta name=\"twitter:card\" content=\"summary_large_image\" \/>\n<meta name=\"twitter:label1\" content=\"Tempo di lettura stimato\" \/>\n\t<meta name=\"twitter:data1\" content=\"1 minuto\" \/>\n<script type=\"application\/ld+json\" class=\"yoast-schema-graph\">{\"@context\":\"https:\\\/\\\/schema.org\",\"@graph\":[{\"@type\":\"WebPage\",\"@id\":\"https:\\\/\\\/schweizversand.ch\\\/it\\\/produkt\\\/trudi-einhorn-pompons\\\/\",\"url\":\"https:\\\/\\\/schweizversand.ch\\\/it\\\/produkt\\\/trudi-einhorn-pompons\\\/\",\"name\":\"Trudi Einhorn Pompons\",\"isPartOf\":{\"@id\":\"https:\\\/\\\/schweizversand.ch\\\/it\\\/#website\"},\"primaryImageOfPage\":{\"@id\":\"https:\\\/\\\/schweizversand.ch\\\/it\\\/produkt\\\/trudi-einhorn-pompons\\\/#primaryimage\"},\"image\":{\"@id\":\"https:\\\/\\\/schweizversand.ch\\\/it\\\/produkt\\\/trudi-einhorn-pompons\\\/#primaryimage\"},\"thumbnailUrl\":\"https:\\\/\\\/schweizversand.ch\\\/wp-content\\\/uploads\\\/2026\\\/02\\\/5472097066.jpg\",\"datePublished\":\"2026-03-14T23:27:50+00:00\",\"dateModified\":\"2026-04-19T00:05:58+00:00\",\"description\":\"Einhorn Pompons Trudi Schl\u00fcsselanh\u00e4nger Entdecken Sie die bezaubernden Einhorn Pompons aus der neuen, farbenfrohen Kollektion von Trudi. Diese Pl\u00fcschtier Schl\u00fcs\",\"breadcrumb\":{\"@id\":\"https:\\\/\\\/schweizversand.ch\\\/it\\\/produkt\\\/trudi-einhorn-pompons\\\/#breadcrumb\"},\"inLanguage\":\"it-IT\",\"potentialAction\":[{\"@type\":\"ReadAction\",\"target\":[\"https:\\\/\\\/schweizversand.ch\\\/it\\\/produkt\\\/trudi-einhorn-pompons\\\/\"]}]},{\"@type\":\"ImageObject\",\"inLanguage\":\"it-IT\",\"@id\":\"https:\\\/\\\/schweizversand.ch\\\/it\\\/produkt\\\/trudi-einhorn-pompons\\\/#primaryimage\",\"url\":\"https:\\\/\\\/schweizversand.ch\\\/wp-content\\\/uploads\\\/2026\\\/02\\\/5472097066.jpg\",\"contentUrl\":\"https:\\\/\\\/schweizversand.ch\\\/wp-content\\\/uploads\\\/2026\\\/02\\\/5472097066.jpg\",\"width\":1024,\"height\":974},{\"@type\":\"BreadcrumbList\",\"@id\":\"https:\\\/\\\/schweizversand.ch\\\/it\\\/produkt\\\/trudi-einhorn-pompons\\\/#breadcrumb\",\"itemListElement\":[{\"@type\":\"ListItem\",\"position\":1,\"name\":\"Startseite\",\"item\":\"https:\\\/\\\/schweizversand.ch\\\/it\\\/home\\\/\"},{\"@type\":\"ListItem\",\"position\":2,\"name\":\"Shop\",\"item\":\"https:\\\/\\\/schweizversand.ch\\\/it\\\/shop\\\/\"},{\"@type\":\"ListItem\",\"position\":3,\"name\":\"Giocattoli e giochi\",\"item\":\"https:\\\/\\\/schweizversand.ch\\\/it\\\/produkt-kategorie\\\/giocattoli-e-giochi\\\/\"},{\"@type\":\"ListItem\",\"position\":4,\"name\":\"Figuren &amp; Puppen\",\"item\":\"https:\\\/\\\/schweizversand.ch\\\/produkt-kategorie\\\/spielzeuge-spiele\\\/figuren-puppen-spielzeuge-spiele\\\/\"},{\"@type\":\"ListItem\",\"position\":5,\"name\":\"Pl\u00fcschtier\",\"item\":\"https:\\\/\\\/schweizversand.ch\\\/produkt-kategorie\\\/spielzeuge-spiele\\\/figuren-puppen-spielzeuge-spiele\\\/plueschtier\\\/\"},{\"@type\":\"ListItem\",\"position\":6,\"name\":\"Trudi Pom-Pom Unicorno\"}]},{\"@type\":\"WebSite\",\"@id\":\"https:\\\/\\\/schweizversand.ch\\\/it\\\/#website\",\"url\":\"https:\\\/\\\/schweizversand.ch\\\/it\\\/\",\"name\":\"Schweizer Shop f\u00fcr Sport, Spiel und Freizeit\",\"description\":\"Gratisversand ab 50.- (netto), ab eigenem schweizer Lager, Lieferung innert 48h\",\"publisher\":{\"@id\":\"https:\\\/\\\/schweizversand.ch\\\/it\\\/#organization\"},\"alternateName\":\"Schweizversand.ch\",\"potentialAction\":[{\"@type\":\"SearchAction\",\"target\":{\"@type\":\"EntryPoint\",\"urlTemplate\":\"https:\\\/\\\/schweizversand.ch\\\/it\\\/?s={search_term_string}\"},\"query-input\":{\"@type\":\"PropertyValueSpecification\",\"valueRequired\":true,\"valueName\":\"search_term_string\"}}],\"inLanguage\":\"it-IT\"},{\"@type\":\"Organization\",\"@id\":\"https:\\\/\\\/schweizversand.ch\\\/it\\\/#organization\",\"name\":\"Schweizversand.ch\",\"url\":\"https:\\\/\\\/schweizversand.ch\\\/it\\\/\",\"logo\":{\"@type\":\"ImageObject\",\"inLanguage\":\"it-IT\",\"@id\":\"https:\\\/\\\/schweizversand.ch\\\/it\\\/#\\\/schema\\\/logo\\\/image\\\/\",\"url\":\"https:\\\/\\\/schweizversand.ch\\\/wp-content\\\/uploads\\\/2026\\\/03\\\/Logo_Rund_Final-1.png\",\"contentUrl\":\"https:\\\/\\\/schweizversand.ch\\\/wp-content\\\/uploads\\\/2026\\\/03\\\/Logo_Rund_Final-1.png\",\"width\":404,\"height\":404,\"caption\":\"Schweizversand.ch\"},\"image\":{\"@id\":\"https:\\\/\\\/schweizversand.ch\\\/it\\\/#\\\/schema\\\/logo\\\/image\\\/\"},\"sameAs\":[\"https:\\\/\\\/www.facebook.com\\\/Schweizversand\",\"https:\\\/\\\/www.instagram.com\\\/schweizversand.ch\\\/\"]}]}<\/script>\n<!-- \/ Yoast SEO plugin. -->","yoast_head_json":{"title":"Trudi Einhorn Pompons","description":"Einhorn Pompons Trudi Schl\u00fcsselanh\u00e4nger Entdecken Sie die bezaubernden Einhorn Pompons aus der neuen, farbenfrohen Kollektion von Trudi. Diese Pl\u00fcschtier Schl\u00fcs","robots":{"index":"index","follow":"follow","max-snippet":"max-snippet:-1","max-image-preview":"max-image-preview:large","max-video-preview":"max-video-preview:-1"},"canonical":"https:\/\/schweizversand.ch\/it\/produkt\/trudi-einhorn-pompons\/","og_locale":"it_IT","og_type":"article","og_title":"Trudi Einhorn Pompons","og_description":"Einhorn Pompons Trudi Schl\u00fcsselanh\u00e4nger Entdecken Sie die bezaubernden Einhorn Pompons aus der neuen, farbenfrohen Kollektion von Trudi. Diese Pl\u00fcschtier Schl\u00fcs","og_url":"https:\/\/schweizversand.ch\/it\/produkt\/trudi-einhorn-pompons\/","og_site_name":"Schweizer Shop f\u00fcr Sport, Spiel und Freizeit","article_publisher":"https:\/\/www.facebook.com\/Schweizversand","article_modified_time":"2026-04-19T00:05:58+00:00","og_image":[{"width":1024,"height":974,"url":"https:\/\/schweizversand.ch\/wp-content\/uploads\/2026\/02\/5472097066.jpg","type":"image\/jpeg"}],"twitter_card":"summary_large_image","twitter_misc":{"Tempo di lettura stimato":"1 minuto"},"schema":{"@context":"https:\/\/schema.org","@graph":[{"@type":"WebPage","@id":"https:\/\/schweizversand.ch\/it\/produkt\/trudi-einhorn-pompons\/","url":"https:\/\/schweizversand.ch\/it\/produkt\/trudi-einhorn-pompons\/","name":"Trudi Einhorn Pompons","isPartOf":{"@id":"https:\/\/schweizversand.ch\/it\/#website"},"primaryImageOfPage":{"@id":"https:\/\/schweizversand.ch\/it\/produkt\/trudi-einhorn-pompons\/#primaryimage"},"image":{"@id":"https:\/\/schweizversand.ch\/it\/produkt\/trudi-einhorn-pompons\/#primaryimage"},"thumbnailUrl":"https:\/\/schweizversand.ch\/wp-content\/uploads\/2026\/02\/5472097066.jpg","datePublished":"2026-03-14T23:27:50+00:00","dateModified":"2026-04-19T00:05:58+00:00","description":"Einhorn Pompons Trudi Schl\u00fcsselanh\u00e4nger Entdecken Sie die bezaubernden Einhorn Pompons aus der neuen, farbenfrohen Kollektion von Trudi. Diese Pl\u00fcschtier Schl\u00fcs","breadcrumb":{"@id":"https:\/\/schweizversand.ch\/it\/produkt\/trudi-einhorn-pompons\/#breadcrumb"},"inLanguage":"it-IT","potentialAction":[{"@type":"ReadAction","target":["https:\/\/schweizversand.ch\/it\/produkt\/trudi-einhorn-pompons\/"]}]},{"@type":"ImageObject","inLanguage":"it-IT","@id":"https:\/\/schweizversand.ch\/it\/produkt\/trudi-einhorn-pompons\/#primaryimage","url":"https:\/\/schweizversand.ch\/wp-content\/uploads\/2026\/02\/5472097066.jpg","contentUrl":"https:\/\/schweizversand.ch\/wp-content\/uploads\/2026\/02\/5472097066.jpg","width":1024,"height":974},{"@type":"BreadcrumbList","@id":"https:\/\/schweizversand.ch\/it\/produkt\/trudi-einhorn-pompons\/#breadcrumb","itemListElement":[{"@type":"ListItem","position":1,"name":"Startseite","item":"https:\/\/schweizversand.ch\/it\/home\/"},{"@type":"ListItem","position":2,"name":"Shop","item":"https:\/\/schweizversand.ch\/it\/shop\/"},{"@type":"ListItem","position":3,"name":"Giocattoli e giochi","item":"https:\/\/schweizversand.ch\/it\/produkt-kategorie\/giocattoli-e-giochi\/"},{"@type":"ListItem","position":4,"name":"Figuren &amp; Puppen","item":"https:\/\/schweizversand.ch\/produkt-kategorie\/spielzeuge-spiele\/figuren-puppen-spielzeuge-spiele\/"},{"@type":"ListItem","position":5,"name":"Pl\u00fcschtier","item":"https:\/\/schweizversand.ch\/produkt-kategorie\/spielzeuge-spiele\/figuren-puppen-spielzeuge-spiele\/plueschtier\/"},{"@type":"ListItem","position":6,"name":"Trudi Pom-Pom Unicorno"}]},{"@type":"WebSite","@id":"https:\/\/schweizversand.ch\/it\/#website","url":"https:\/\/schweizversand.ch\/it\/","name":"Schweizer Shop f\u00fcr Sport, Spiel und Freizeit","description":"Gratisversand ab 50.- (netto), ab eigenem schweizer Lager, Lieferung innert 48h","publisher":{"@id":"https:\/\/schweizversand.ch\/it\/#organization"},"alternateName":"Schweizversand.ch","potentialAction":[{"@type":"SearchAction","target":{"@type":"EntryPoint","urlTemplate":"https:\/\/schweizversand.ch\/it\/?s={search_term_string}"},"query-input":{"@type":"PropertyValueSpecification","valueRequired":true,"valueName":"search_term_string"}}],"inLanguage":"it-IT"},{"@type":"Organization","@id":"https:\/\/schweizversand.ch\/it\/#organization","name":"Schweizversand.ch","url":"https:\/\/schweizversand.ch\/it\/","logo":{"@type":"ImageObject","inLanguage":"it-IT","@id":"https:\/\/schweizversand.ch\/it\/#\/schema\/logo\/image\/","url":"https:\/\/schweizversand.ch\/wp-content\/uploads\/2026\/03\/Logo_Rund_Final-1.png","contentUrl":"https:\/\/schweizversand.ch\/wp-content\/uploads\/2026\/03\/Logo_Rund_Final-1.png","width":404,"height":404,"caption":"Schweizversand.ch"},"image":{"@id":"https:\/\/schweizversand.ch\/it\/#\/schema\/logo\/image\/"},"sameAs":["https:\/\/www.facebook.com\/Schweizversand","https:\/\/www.instagram.com\/schweizversand.ch\/"]}]}},"jetpack_sharing_enabled":true,"_links":{"self":[{"href":"https:\/\/schweizversand.ch\/it\/wp-json\/wp\/v2\/product\/260398","targetHints":{"allow":["GET"]}}],"collection":[{"href":"https:\/\/schweizversand.ch\/it\/wp-json\/wp\/v2\/product"}],"about":[{"href":"https:\/\/schweizversand.ch\/it\/wp-json\/wp\/v2\/types\/product"}],"replies":[{"embeddable":true,"href":"https:\/\/schweizversand.ch\/it\/wp-json\/wp\/v2\/comments?post=260398"}],"wp:featuredmedia":[{"embeddable":true,"href":"https:\/\/schweizversand.ch\/it\/wp-json\/wp\/v2\/media\/158400"}],"wp:attachment":[{"href":"https:\/\/schweizversand.ch\/it\/wp-json\/wp\/v2\/media?parent=260398"}],"wp:term":[{"taxonomy":"product_brand","embeddable":true,"href":"https:\/\/schweizversand.ch\/it\/wp-json\/wp\/v2\/product_brand?post=260398"},{"taxonomy":"product_cat","embeddable":true,"href":"https:\/\/schweizversand.ch\/it\/wp-json\/wp\/v2\/product_cat?post=260398"},{"taxonomy":"product_tag","embeddable":true,"href":"https:\/\/schweizversand.ch\/it\/wp-json\/wp\/v2\/product_tag?post=260398"}],"curies":[{"name":"wp","href":"https:\/\/api.w.org\/{rel}","templated":true}]}}