{"id":260402,"date":"2026-03-15T00:28:07","date_gmt":"2026-03-14T23:28:07","guid":{"rendered":"https:\/\/schweizversand.ch\/produkt\/yes-toys-fast-food-spielset\/"},"modified":"2026-04-26T15:35:22","modified_gmt":"2026-04-26T13:35:22","slug":"yes-toys-fast-food-spielset","status":"publish","type":"product","link":"https:\/\/schweizversand.ch\/it\/produkt\/yes-toys-fast-food-spielset\/","title":{"rendered":"S\u00ec Giocattoli Fast Food Playset"},"content":{"rendered":"<h1><strong>Playset Fast Food<\/strong><\/h1>\n<div>Scopri il <strong>Playset Fast Food<\/strong> definitivo che stimola la creativit\u00e0 e il gioco di ruolo. Questo set innovativo non \u00e8 solo un giocattolo completo, ma anche un pratico <strong>porta-giocattoli<\/strong> facile da trasportare e che si trasforma in un&#8217;entusiasmante bancarella di cibo ovunque. Ideale per piccoli imprenditori dai 3 anni in su.<\/p>\n<\/div>\n<div><strong>Espositore a 3 livelli<\/strong><br \/>Ci\u00f2 che rende speciale questo set \u00e8 la sua versatilit\u00e0. Il compatto contenitore si apre in un lampo trasformandosi in un impressionante <strong>espositore a 3 livelli<\/strong>. Questa struttura offre una presentazione chiara e crea lo sfondo perfetto per ore di gioco di ruolo fantasioso. Ampia gamma di accessori per il playset: questo set offre tutto ci\u00f2 di cui piccoli chef e venditori hanno bisogno per un&#8217;autentica esperienza di fast food. Da hamburger e patatine fritte a bevande e bottiglie di ketchup, la variet\u00e0 di accessori garantisce diversi scenari di gioco. Promuove le capacit\u00e0 motorie fini e l&#8217;interazione sociale mentre i bambini giocano insieme e prendono le ordinazioni. Design e portabilit\u00e0: grazie alla tracolla, il tuo bambino pu\u00f2 portare facilmente il set da gioco Fast Food ovunque. Che sia a casa di un amico, in giardino o in viaggio, la struttura robusta protegge il contenuto, mentre la tracolla garantisce un comfort di trasporto ottimale. Le dimensioni compatte rendono il riordino un gioco da ragazzi e consentono di risparmiare spazio. Divertimento sostenibile senza batterie: questo set \u00e8 un giocattolo puramente meccanico e senza batterie. Non sono necessarie batterie, il che non solo fa risparmiare denaro, ma significa anche che il divertimento non viene mai interrotto da batterie scariche. Il tuo bambino potr\u00e0 concentrarsi completamente sul creativo <strong>set di gioco di ruolo per bambini<\/strong>.<\/p>\n<\/div>\n<div><strong>Caratteristiche del prodotto e contenuto della confezione<\/strong><br \/>&#8211; Tipo di prodotto: Set a tema Fast Food \/ Gioco di ruolo<br \/>&#8211; Molti accessori<br \/>&#8211; Caratteristica speciale: Si trasforma in un espositore a 3 livelli<br \/>&#8211; Mobilit\u00e0: Include tracolla per un facile trasporto<br \/>&#8211; Alimentazione: <strong>Giocattolo senza batterie<\/strong> (non sono necessarie batterie)<br \/>&#8211; Et\u00e0 consigliata: Adatto a bambini dai 3 anni in su<\/p>\n<\/div>\n<div>Acquista subito questo versatile <strong>set di gioco Fast Food<\/strong> e regala al tuo bambino un mondo pieno di possibilit\u00e0 creative e di entusiasmanti giochi di ruolo. Pronto per la prossima grande promozione di snack?<\/p>\n<\/div>\n<div><\/div>\n","protected":false},"excerpt":{"rendered":"<p>Yes Toys Fast Food Spielset begeistert mit 3 Etagen Display, umfangreichem Zubeh\u00f6r und praktischer Tragetasche \u2013 ideal f\u00fcr kreatives Rollenspiel ab 3 Jahren.<\/p>\n","protected":false},"featured_media":158445,"comment_status":"open","ping_status":"closed","template":"","meta":[],"product_brand":[],"product_cat":[38200],"product_tag":[],"class_list":{"0":"post-260402","1":"product","2":"type-product","3":"status-publish","4":"has-post-thumbnail","6":"product_cat-lernspiel","7":"product_shipping_class-global_methods","9":"first","10":"instock","11":"taxable","12":"shipping-taxable","13":"purchasable","14":"product-type-simple"},"yoast_head":"<!-- This site is optimized with the Yoast SEO plugin v27.4 - https:\/\/yoast.com\/product\/yoast-seo-wordpress\/ -->\n<title>Yes Toys Fast Food Spielset<\/title>\n<meta name=\"description\" content=\"Fast Food Spielset\u00a0 Entdecken Sie das ultimative Fast Food Spielset , das Kreativit\u00e4t und Rollenspiel f\u00f6rdert. Dieses innovative Set ist nicht nur ein umfangrei\" \/>\n<meta name=\"robots\" content=\"index, follow, max-snippet:-1, max-image-preview:large, max-video-preview:-1\" \/>\n<link rel=\"canonical\" href=\"https:\/\/schweizversand.ch\/it\/produkt\/yes-toys-fast-food-spielset\/\" \/>\n<meta property=\"og:locale\" content=\"it_IT\" \/>\n<meta property=\"og:type\" content=\"article\" \/>\n<meta property=\"og:title\" content=\"Yes Toys Fast Food Spielset\" \/>\n<meta property=\"og:description\" content=\"Fast Food Spielset\u00a0 Entdecken Sie das ultimative Fast Food Spielset , das Kreativit\u00e4t und Rollenspiel f\u00f6rdert. Dieses innovative Set ist nicht nur ein umfangrei\" \/>\n<meta property=\"og:url\" content=\"https:\/\/schweizversand.ch\/it\/produkt\/yes-toys-fast-food-spielset\/\" \/>\n<meta property=\"og:site_name\" content=\"Schweizer Shop f\u00fcr Sport, Spiel und Freizeit\" \/>\n<meta property=\"article:publisher\" content=\"https:\/\/www.facebook.com\/Schweizversand\" \/>\n<meta property=\"article:modified_time\" content=\"2026-04-26T13:35:22+00:00\" \/>\n<meta property=\"og:image\" content=\"https:\/\/schweizversand.ch\/wp-content\/uploads\/2026\/02\/5472075438.jpg\" \/>\n\t<meta property=\"og:image:width\" content=\"792\" \/>\n\t<meta property=\"og:image:height\" content=\"1024\" \/>\n\t<meta property=\"og:image:type\" content=\"image\/jpeg\" \/>\n<meta name=\"twitter:card\" content=\"summary_large_image\" \/>\n<meta name=\"twitter:label1\" content=\"Tempo di lettura stimato\" \/>\n\t<meta name=\"twitter:data1\" content=\"2 minuto\" \/>\n<script type=\"application\/ld+json\" class=\"yoast-schema-graph\">{\"@context\":\"https:\\\/\\\/schema.org\",\"@graph\":[{\"@type\":\"WebPage\",\"@id\":\"https:\\\/\\\/schweizversand.ch\\\/it\\\/produkt\\\/yes-toys-fast-food-spielset\\\/\",\"url\":\"https:\\\/\\\/schweizversand.ch\\\/it\\\/produkt\\\/yes-toys-fast-food-spielset\\\/\",\"name\":\"Yes Toys Fast Food Spielset\",\"isPartOf\":{\"@id\":\"https:\\\/\\\/schweizversand.ch\\\/it\\\/#website\"},\"primaryImageOfPage\":{\"@id\":\"https:\\\/\\\/schweizversand.ch\\\/it\\\/produkt\\\/yes-toys-fast-food-spielset\\\/#primaryimage\"},\"image\":{\"@id\":\"https:\\\/\\\/schweizversand.ch\\\/it\\\/produkt\\\/yes-toys-fast-food-spielset\\\/#primaryimage\"},\"thumbnailUrl\":\"https:\\\/\\\/schweizversand.ch\\\/wp-content\\\/uploads\\\/2026\\\/02\\\/5472075438.jpg\",\"datePublished\":\"2026-03-14T23:28:07+00:00\",\"dateModified\":\"2026-04-26T13:35:22+00:00\",\"description\":\"Fast Food Spielset\u00a0 Entdecken Sie das ultimative Fast Food Spielset , das Kreativit\u00e4t und Rollenspiel f\u00f6rdert. Dieses innovative Set ist nicht nur ein umfangrei\",\"breadcrumb\":{\"@id\":\"https:\\\/\\\/schweizversand.ch\\\/it\\\/produkt\\\/yes-toys-fast-food-spielset\\\/#breadcrumb\"},\"inLanguage\":\"it-IT\",\"potentialAction\":[{\"@type\":\"ReadAction\",\"target\":[\"https:\\\/\\\/schweizversand.ch\\\/it\\\/produkt\\\/yes-toys-fast-food-spielset\\\/\"]}]},{\"@type\":\"ImageObject\",\"inLanguage\":\"it-IT\",\"@id\":\"https:\\\/\\\/schweizversand.ch\\\/it\\\/produkt\\\/yes-toys-fast-food-spielset\\\/#primaryimage\",\"url\":\"https:\\\/\\\/schweizversand.ch\\\/wp-content\\\/uploads\\\/2026\\\/02\\\/5472075438.jpg\",\"contentUrl\":\"https:\\\/\\\/schweizversand.ch\\\/wp-content\\\/uploads\\\/2026\\\/02\\\/5472075438.jpg\",\"width\":792,\"height\":1024},{\"@type\":\"BreadcrumbList\",\"@id\":\"https:\\\/\\\/schweizversand.ch\\\/it\\\/produkt\\\/yes-toys-fast-food-spielset\\\/#breadcrumb\",\"itemListElement\":[{\"@type\":\"ListItem\",\"position\":1,\"name\":\"Startseite\",\"item\":\"https:\\\/\\\/schweizversand.ch\\\/it\\\/home\\\/\"},{\"@type\":\"ListItem\",\"position\":2,\"name\":\"Shop\",\"item\":\"https:\\\/\\\/schweizversand.ch\\\/it\\\/shop\\\/\"},{\"@type\":\"ListItem\",\"position\":3,\"name\":\"Giocattoli e giochi\",\"item\":\"https:\\\/\\\/schweizversand.ch\\\/it\\\/produkt-kategorie\\\/giocattoli-e-giochi\\\/\"},{\"@type\":\"ListItem\",\"position\":4,\"name\":\"Giochi e puzzle\",\"item\":\"https:\\\/\\\/schweizversand.ch\\\/it\\\/produkt-kategorie\\\/giocattoli-e-giochi\\\/giochi-e-puzzle\\\/\"},{\"@type\":\"ListItem\",\"position\":5,\"name\":\"Giochi educativi\",\"item\":\"https:\\\/\\\/schweizversand.ch\\\/en\\\/produkt-kategorie\\\/lernspiel\\\/\"},{\"@type\":\"ListItem\",\"position\":6,\"name\":\"S\u00ec Giocattoli Fast Food Playset\"}]},{\"@type\":\"WebSite\",\"@id\":\"https:\\\/\\\/schweizversand.ch\\\/it\\\/#website\",\"url\":\"https:\\\/\\\/schweizversand.ch\\\/it\\\/\",\"name\":\"Schweizer Shop f\u00fcr Sport, Spiel und Freizeit\",\"description\":\"Gratisversand ab 50.- (netto), ab eigenem schweizer Lager, Lieferung innert 48h\",\"publisher\":{\"@id\":\"https:\\\/\\\/schweizversand.ch\\\/it\\\/#organization\"},\"alternateName\":\"Schweizversand.ch\",\"potentialAction\":[{\"@type\":\"SearchAction\",\"target\":{\"@type\":\"EntryPoint\",\"urlTemplate\":\"https:\\\/\\\/schweizversand.ch\\\/it\\\/?s={search_term_string}\"},\"query-input\":{\"@type\":\"PropertyValueSpecification\",\"valueRequired\":true,\"valueName\":\"search_term_string\"}}],\"inLanguage\":\"it-IT\"},{\"@type\":\"Organization\",\"@id\":\"https:\\\/\\\/schweizversand.ch\\\/it\\\/#organization\",\"name\":\"Schweizversand.ch\",\"url\":\"https:\\\/\\\/schweizversand.ch\\\/it\\\/\",\"logo\":{\"@type\":\"ImageObject\",\"inLanguage\":\"it-IT\",\"@id\":\"https:\\\/\\\/schweizversand.ch\\\/it\\\/#\\\/schema\\\/logo\\\/image\\\/\",\"url\":\"https:\\\/\\\/schweizversand.ch\\\/wp-content\\\/uploads\\\/2026\\\/03\\\/Logo_Rund_Final-1.png\",\"contentUrl\":\"https:\\\/\\\/schweizversand.ch\\\/wp-content\\\/uploads\\\/2026\\\/03\\\/Logo_Rund_Final-1.png\",\"width\":404,\"height\":404,\"caption\":\"Schweizversand.ch\"},\"image\":{\"@id\":\"https:\\\/\\\/schweizversand.ch\\\/it\\\/#\\\/schema\\\/logo\\\/image\\\/\"},\"sameAs\":[\"https:\\\/\\\/www.facebook.com\\\/Schweizversand\",\"https:\\\/\\\/www.instagram.com\\\/schweizversand.ch\\\/\"]}]}<\/script>\n<!-- \/ Yoast SEO plugin. -->","yoast_head_json":{"title":"Yes Toys Fast Food Spielset","description":"Fast Food Spielset\u00a0 Entdecken Sie das ultimative Fast Food Spielset , das Kreativit\u00e4t und Rollenspiel f\u00f6rdert. Dieses innovative Set ist nicht nur ein umfangrei","robots":{"index":"index","follow":"follow","max-snippet":"max-snippet:-1","max-image-preview":"max-image-preview:large","max-video-preview":"max-video-preview:-1"},"canonical":"https:\/\/schweizversand.ch\/it\/produkt\/yes-toys-fast-food-spielset\/","og_locale":"it_IT","og_type":"article","og_title":"Yes Toys Fast Food Spielset","og_description":"Fast Food Spielset\u00a0 Entdecken Sie das ultimative Fast Food Spielset , das Kreativit\u00e4t und Rollenspiel f\u00f6rdert. Dieses innovative Set ist nicht nur ein umfangrei","og_url":"https:\/\/schweizversand.ch\/it\/produkt\/yes-toys-fast-food-spielset\/","og_site_name":"Schweizer Shop f\u00fcr Sport, Spiel und Freizeit","article_publisher":"https:\/\/www.facebook.com\/Schweizversand","article_modified_time":"2026-04-26T13:35:22+00:00","og_image":[{"width":792,"height":1024,"url":"https:\/\/schweizversand.ch\/wp-content\/uploads\/2026\/02\/5472075438.jpg","type":"image\/jpeg"}],"twitter_card":"summary_large_image","twitter_misc":{"Tempo di lettura stimato":"2 minuto"},"schema":{"@context":"https:\/\/schema.org","@graph":[{"@type":"WebPage","@id":"https:\/\/schweizversand.ch\/it\/produkt\/yes-toys-fast-food-spielset\/","url":"https:\/\/schweizversand.ch\/it\/produkt\/yes-toys-fast-food-spielset\/","name":"Yes Toys Fast Food Spielset","isPartOf":{"@id":"https:\/\/schweizversand.ch\/it\/#website"},"primaryImageOfPage":{"@id":"https:\/\/schweizversand.ch\/it\/produkt\/yes-toys-fast-food-spielset\/#primaryimage"},"image":{"@id":"https:\/\/schweizversand.ch\/it\/produkt\/yes-toys-fast-food-spielset\/#primaryimage"},"thumbnailUrl":"https:\/\/schweizversand.ch\/wp-content\/uploads\/2026\/02\/5472075438.jpg","datePublished":"2026-03-14T23:28:07+00:00","dateModified":"2026-04-26T13:35:22+00:00","description":"Fast Food Spielset\u00a0 Entdecken Sie das ultimative Fast Food Spielset , das Kreativit\u00e4t und Rollenspiel f\u00f6rdert. Dieses innovative Set ist nicht nur ein umfangrei","breadcrumb":{"@id":"https:\/\/schweizversand.ch\/it\/produkt\/yes-toys-fast-food-spielset\/#breadcrumb"},"inLanguage":"it-IT","potentialAction":[{"@type":"ReadAction","target":["https:\/\/schweizversand.ch\/it\/produkt\/yes-toys-fast-food-spielset\/"]}]},{"@type":"ImageObject","inLanguage":"it-IT","@id":"https:\/\/schweizversand.ch\/it\/produkt\/yes-toys-fast-food-spielset\/#primaryimage","url":"https:\/\/schweizversand.ch\/wp-content\/uploads\/2026\/02\/5472075438.jpg","contentUrl":"https:\/\/schweizversand.ch\/wp-content\/uploads\/2026\/02\/5472075438.jpg","width":792,"height":1024},{"@type":"BreadcrumbList","@id":"https:\/\/schweizversand.ch\/it\/produkt\/yes-toys-fast-food-spielset\/#breadcrumb","itemListElement":[{"@type":"ListItem","position":1,"name":"Startseite","item":"https:\/\/schweizversand.ch\/it\/home\/"},{"@type":"ListItem","position":2,"name":"Shop","item":"https:\/\/schweizversand.ch\/it\/shop\/"},{"@type":"ListItem","position":3,"name":"Giocattoli e giochi","item":"https:\/\/schweizversand.ch\/it\/produkt-kategorie\/giocattoli-e-giochi\/"},{"@type":"ListItem","position":4,"name":"Giochi e puzzle","item":"https:\/\/schweizversand.ch\/it\/produkt-kategorie\/giocattoli-e-giochi\/giochi-e-puzzle\/"},{"@type":"ListItem","position":5,"name":"Giochi educativi","item":"https:\/\/schweizversand.ch\/en\/produkt-kategorie\/lernspiel\/"},{"@type":"ListItem","position":6,"name":"S\u00ec Giocattoli Fast Food Playset"}]},{"@type":"WebSite","@id":"https:\/\/schweizversand.ch\/it\/#website","url":"https:\/\/schweizversand.ch\/it\/","name":"Schweizer Shop f\u00fcr Sport, Spiel und Freizeit","description":"Gratisversand ab 50.- (netto), ab eigenem schweizer Lager, Lieferung innert 48h","publisher":{"@id":"https:\/\/schweizversand.ch\/it\/#organization"},"alternateName":"Schweizversand.ch","potentialAction":[{"@type":"SearchAction","target":{"@type":"EntryPoint","urlTemplate":"https:\/\/schweizversand.ch\/it\/?s={search_term_string}"},"query-input":{"@type":"PropertyValueSpecification","valueRequired":true,"valueName":"search_term_string"}}],"inLanguage":"it-IT"},{"@type":"Organization","@id":"https:\/\/schweizversand.ch\/it\/#organization","name":"Schweizversand.ch","url":"https:\/\/schweizversand.ch\/it\/","logo":{"@type":"ImageObject","inLanguage":"it-IT","@id":"https:\/\/schweizversand.ch\/it\/#\/schema\/logo\/image\/","url":"https:\/\/schweizversand.ch\/wp-content\/uploads\/2026\/03\/Logo_Rund_Final-1.png","contentUrl":"https:\/\/schweizversand.ch\/wp-content\/uploads\/2026\/03\/Logo_Rund_Final-1.png","width":404,"height":404,"caption":"Schweizversand.ch"},"image":{"@id":"https:\/\/schweizversand.ch\/it\/#\/schema\/logo\/image\/"},"sameAs":["https:\/\/www.facebook.com\/Schweizversand","https:\/\/www.instagram.com\/schweizversand.ch\/"]}]}},"jetpack_sharing_enabled":true,"_links":{"self":[{"href":"https:\/\/schweizversand.ch\/it\/wp-json\/wp\/v2\/product\/260402","targetHints":{"allow":["GET"]}}],"collection":[{"href":"https:\/\/schweizversand.ch\/it\/wp-json\/wp\/v2\/product"}],"about":[{"href":"https:\/\/schweizversand.ch\/it\/wp-json\/wp\/v2\/types\/product"}],"replies":[{"embeddable":true,"href":"https:\/\/schweizversand.ch\/it\/wp-json\/wp\/v2\/comments?post=260402"}],"wp:featuredmedia":[{"embeddable":true,"href":"https:\/\/schweizversand.ch\/it\/wp-json\/wp\/v2\/media\/158445"}],"wp:attachment":[{"href":"https:\/\/schweizversand.ch\/it\/wp-json\/wp\/v2\/media?parent=260402"}],"wp:term":[{"taxonomy":"product_brand","embeddable":true,"href":"https:\/\/schweizversand.ch\/it\/wp-json\/wp\/v2\/product_brand?post=260402"},{"taxonomy":"product_cat","embeddable":true,"href":"https:\/\/schweizversand.ch\/it\/wp-json\/wp\/v2\/product_cat?post=260402"},{"taxonomy":"product_tag","embeddable":true,"href":"https:\/\/schweizversand.ch\/it\/wp-json\/wp\/v2\/product_tag?post=260402"}],"curies":[{"name":"wp","href":"https:\/\/api.w.org\/{rel}","templated":true}]}}