{"id":260405,"date":"2026-03-15T00:28:09","date_gmt":"2026-03-14T23:28:09","guid":{"rendered":"https:\/\/schweizversand.ch\/produkt\/trudi-rehkitz-berty-gross\/"},"modified":"2026-04-19T02:06:02","modified_gmt":"2026-04-19T00:06:02","slug":"trudi-rehkitz-berty-gross","status":"publish","type":"product","link":"https:\/\/schweizversand.ch\/it\/produkt\/trudi-rehkitz-berty-gross\/","title":{"rendered":"Trudi Rehkitz Berty gross"},"content":{"rendered":"<h1><strong>Peluche Trudi Classic &#8211; Cervo (28 cm)<\/strong><\/h1>\n<div>Scopri gli intramontabili <strong>peluche Trudi<\/strong> che da generazioni deliziano i bambini. Questo cervo dettagliato della collezione Trudi Classic incarna il famoso <strong>peluche Cuore Trudi<\/strong> ed \u00e8 un fedele compagno per il tuo bambino.<\/p>\n<\/div>\n<div><strong>Famiglia Trudi Classic unica<\/strong><br \/>I protagonisti di questo mondo sono raffigurati in amorevoli famiglie di peluche. Proprio come nella vita reale, i peluche crescono con il tuo bambino: pi\u00f9 &#8220;cresce&#8221; il bambino, pi\u00f9 <strong>grandi<\/strong> diventano i peluche. Questo cervo colpisce per la sua posa autentica e il suo sguardo dolce, rendendolo un vero amico per la vita.<\/p>\n<\/div>\n<div><strong>Massima qualit\u00e0 e sicurezza<\/strong><br \/>Ogni peluche Trudi \u00e8 realizzato con cura e garantito per durare a lungo. Nella sua produzione vengono utilizzati solo materiali di alta qualit\u00e0. Questo peluche dettagliato non \u00e8 solo un giocattolo, ma promuove anche le capacit\u00e0 sensoriali e psicomotorie dei bambini piccoli. \u00c8 particolarmente adatto come <strong>peluche per neonati<\/strong> e offre la massima sicurezza.<\/p>\n<\/div>\n<div><strong>Dettagli del prodotto e cura<\/strong><br \/>Qui troverai le informazioni pi\u00f9 importanti sul tuo nuovo, <strong>classico peluche di alta qualit\u00e0<\/strong>:<br \/>&#8211; Licenza: Trudi Classic<br \/>&#8211; Tipo di animale: Cervo<br \/>&#8211; Descrizione esatta del colore: Marrone rossiccio, bianco<br \/>&#8211; Funzioni del peluche: Interattivo<br \/>&#8211; Altezza: 28 cm<br \/>&#8211; Cura: Lavabile in lavatrice<\/p>\n<\/div>\n<div>Assicurati questo <strong>classico peluche<\/strong>, che colpisce per la sua qualit\u00e0 e il suo fascino e regaler\u00e0 al tuo bambino molte ore felici.<\/p>\n<\/div>\n<div><\/div>\n","protected":false},"excerpt":{"rendered":"<p>Trudi Rehkitz Berty gross \u2013 28 cm hochwertiges Pl\u00fcschtier mit liebevollen Details, sicher und langlebig. Ein treuer Kuschelfreund f\u00fcr Kinderherzen seit Generationen.<\/p>\n","protected":false},"featured_media":158468,"comment_status":"open","ping_status":"closed","template":"","meta":[],"product_brand":[],"product_cat":[38907],"product_tag":[],"class_list":{"0":"post-260405","1":"product","2":"type-product","3":"status-publish","4":"has-post-thumbnail","6":"product_cat-plueschtier","7":"product_shipping_class-global_methods","9":"first","10":"instock","11":"taxable","12":"shipping-taxable","13":"purchasable","14":"product-type-simple"},"yoast_head":"<!-- This site is optimized with the Yoast SEO plugin v27.4 - https:\/\/yoast.com\/product\/yoast-seo-wordpress\/ -->\n<title>Trudi Rehkitz Berty gross<\/title>\n<meta name=\"description\" content=\"Trudi Pl\u00fcschtier Klassiker \u2013 Reh (28 cm) Entdecken Sie die zeitlosen Trudi Pl\u00fcschtiere , die seit Generationen Kinderherzen h\u00f6herschlagen lassen. Dieses detailr\" \/>\n<meta name=\"robots\" content=\"index, follow, max-snippet:-1, max-image-preview:large, max-video-preview:-1\" \/>\n<link rel=\"canonical\" href=\"https:\/\/schweizversand.ch\/it\/produkt\/trudi-rehkitz-berty-gross\/\" \/>\n<meta property=\"og:locale\" content=\"it_IT\" \/>\n<meta property=\"og:type\" content=\"article\" \/>\n<meta property=\"og:title\" content=\"Trudi Rehkitz Berty gross\" \/>\n<meta property=\"og:description\" content=\"Trudi Pl\u00fcschtier Klassiker \u2013 Reh (28 cm) Entdecken Sie die zeitlosen Trudi Pl\u00fcschtiere , die seit Generationen Kinderherzen h\u00f6herschlagen lassen. Dieses detailr\" \/>\n<meta property=\"og:url\" content=\"https:\/\/schweizversand.ch\/it\/produkt\/trudi-rehkitz-berty-gross\/\" \/>\n<meta property=\"og:site_name\" content=\"Schweizer Shop f\u00fcr Sport, Spiel und Freizeit\" \/>\n<meta property=\"article:publisher\" content=\"https:\/\/www.facebook.com\/Schweizversand\" \/>\n<meta property=\"article:modified_time\" content=\"2026-04-19T00:06:02+00:00\" \/>\n<meta property=\"og:image\" content=\"https:\/\/schweizversand.ch\/wp-content\/uploads\/2026\/02\/5504963999.jpg\" \/>\n\t<meta property=\"og:image:width\" content=\"1024\" \/>\n\t<meta property=\"og:image:height\" content=\"895\" \/>\n\t<meta property=\"og:image:type\" content=\"image\/jpeg\" \/>\n<meta name=\"twitter:card\" content=\"summary_large_image\" \/>\n<meta name=\"twitter:label1\" content=\"Tempo di lettura stimato\" \/>\n\t<meta name=\"twitter:data1\" content=\"1 minuto\" \/>\n<script type=\"application\/ld+json\" class=\"yoast-schema-graph\">{\"@context\":\"https:\\\/\\\/schema.org\",\"@graph\":[{\"@type\":\"WebPage\",\"@id\":\"https:\\\/\\\/schweizversand.ch\\\/it\\\/produkt\\\/trudi-rehkitz-berty-gross\\\/\",\"url\":\"https:\\\/\\\/schweizversand.ch\\\/it\\\/produkt\\\/trudi-rehkitz-berty-gross\\\/\",\"name\":\"Trudi Rehkitz Berty gross\",\"isPartOf\":{\"@id\":\"https:\\\/\\\/schweizversand.ch\\\/it\\\/#website\"},\"primaryImageOfPage\":{\"@id\":\"https:\\\/\\\/schweizversand.ch\\\/it\\\/produkt\\\/trudi-rehkitz-berty-gross\\\/#primaryimage\"},\"image\":{\"@id\":\"https:\\\/\\\/schweizversand.ch\\\/it\\\/produkt\\\/trudi-rehkitz-berty-gross\\\/#primaryimage\"},\"thumbnailUrl\":\"https:\\\/\\\/schweizversand.ch\\\/wp-content\\\/uploads\\\/2026\\\/02\\\/5504963999.jpg\",\"datePublished\":\"2026-03-14T23:28:09+00:00\",\"dateModified\":\"2026-04-19T00:06:02+00:00\",\"description\":\"Trudi Pl\u00fcschtier Klassiker \u2013 Reh (28 cm) Entdecken Sie die zeitlosen Trudi Pl\u00fcschtiere , die seit Generationen Kinderherzen h\u00f6herschlagen lassen. Dieses detailr\",\"breadcrumb\":{\"@id\":\"https:\\\/\\\/schweizversand.ch\\\/it\\\/produkt\\\/trudi-rehkitz-berty-gross\\\/#breadcrumb\"},\"inLanguage\":\"it-IT\",\"potentialAction\":[{\"@type\":\"ReadAction\",\"target\":[\"https:\\\/\\\/schweizversand.ch\\\/it\\\/produkt\\\/trudi-rehkitz-berty-gross\\\/\"]}]},{\"@type\":\"ImageObject\",\"inLanguage\":\"it-IT\",\"@id\":\"https:\\\/\\\/schweizversand.ch\\\/it\\\/produkt\\\/trudi-rehkitz-berty-gross\\\/#primaryimage\",\"url\":\"https:\\\/\\\/schweizversand.ch\\\/wp-content\\\/uploads\\\/2026\\\/02\\\/5504963999.jpg\",\"contentUrl\":\"https:\\\/\\\/schweizversand.ch\\\/wp-content\\\/uploads\\\/2026\\\/02\\\/5504963999.jpg\",\"width\":1024,\"height\":895},{\"@type\":\"BreadcrumbList\",\"@id\":\"https:\\\/\\\/schweizversand.ch\\\/it\\\/produkt\\\/trudi-rehkitz-berty-gross\\\/#breadcrumb\",\"itemListElement\":[{\"@type\":\"ListItem\",\"position\":1,\"name\":\"Startseite\",\"item\":\"https:\\\/\\\/schweizversand.ch\\\/it\\\/home\\\/\"},{\"@type\":\"ListItem\",\"position\":2,\"name\":\"Shop\",\"item\":\"https:\\\/\\\/schweizversand.ch\\\/it\\\/shop\\\/\"},{\"@type\":\"ListItem\",\"position\":3,\"name\":\"Giocattoli e giochi\",\"item\":\"https:\\\/\\\/schweizversand.ch\\\/it\\\/produkt-kategorie\\\/giocattoli-e-giochi\\\/\"},{\"@type\":\"ListItem\",\"position\":4,\"name\":\"Figuren &amp; Puppen\",\"item\":\"https:\\\/\\\/schweizversand.ch\\\/produkt-kategorie\\\/spielzeuge-spiele\\\/figuren-puppen-spielzeuge-spiele\\\/\"},{\"@type\":\"ListItem\",\"position\":5,\"name\":\"Pl\u00fcschtier\",\"item\":\"https:\\\/\\\/schweizversand.ch\\\/produkt-kategorie\\\/spielzeuge-spiele\\\/figuren-puppen-spielzeuge-spiele\\\/plueschtier\\\/\"},{\"@type\":\"ListItem\",\"position\":6,\"name\":\"Trudi Rehkitz Berty gross\"}]},{\"@type\":\"WebSite\",\"@id\":\"https:\\\/\\\/schweizversand.ch\\\/it\\\/#website\",\"url\":\"https:\\\/\\\/schweizversand.ch\\\/it\\\/\",\"name\":\"Schweizer Shop f\u00fcr Sport, Spiel und Freizeit\",\"description\":\"Gratisversand ab 50.- (netto), ab eigenem schweizer Lager, Lieferung innert 48h\",\"publisher\":{\"@id\":\"https:\\\/\\\/schweizversand.ch\\\/it\\\/#organization\"},\"alternateName\":\"Schweizversand.ch\",\"potentialAction\":[{\"@type\":\"SearchAction\",\"target\":{\"@type\":\"EntryPoint\",\"urlTemplate\":\"https:\\\/\\\/schweizversand.ch\\\/it\\\/?s={search_term_string}\"},\"query-input\":{\"@type\":\"PropertyValueSpecification\",\"valueRequired\":true,\"valueName\":\"search_term_string\"}}],\"inLanguage\":\"it-IT\"},{\"@type\":\"Organization\",\"@id\":\"https:\\\/\\\/schweizversand.ch\\\/it\\\/#organization\",\"name\":\"Schweizversand.ch\",\"url\":\"https:\\\/\\\/schweizversand.ch\\\/it\\\/\",\"logo\":{\"@type\":\"ImageObject\",\"inLanguage\":\"it-IT\",\"@id\":\"https:\\\/\\\/schweizversand.ch\\\/it\\\/#\\\/schema\\\/logo\\\/image\\\/\",\"url\":\"https:\\\/\\\/schweizversand.ch\\\/wp-content\\\/uploads\\\/2026\\\/03\\\/Logo_Rund_Final-1.png\",\"contentUrl\":\"https:\\\/\\\/schweizversand.ch\\\/wp-content\\\/uploads\\\/2026\\\/03\\\/Logo_Rund_Final-1.png\",\"width\":404,\"height\":404,\"caption\":\"Schweizversand.ch\"},\"image\":{\"@id\":\"https:\\\/\\\/schweizversand.ch\\\/it\\\/#\\\/schema\\\/logo\\\/image\\\/\"},\"sameAs\":[\"https:\\\/\\\/www.facebook.com\\\/Schweizversand\",\"https:\\\/\\\/www.instagram.com\\\/schweizversand.ch\\\/\"]}]}<\/script>\n<!-- \/ Yoast SEO plugin. -->","yoast_head_json":{"title":"Trudi Rehkitz Berty gross","description":"Trudi Pl\u00fcschtier Klassiker \u2013 Reh (28 cm) Entdecken Sie die zeitlosen Trudi Pl\u00fcschtiere , die seit Generationen Kinderherzen h\u00f6herschlagen lassen. Dieses detailr","robots":{"index":"index","follow":"follow","max-snippet":"max-snippet:-1","max-image-preview":"max-image-preview:large","max-video-preview":"max-video-preview:-1"},"canonical":"https:\/\/schweizversand.ch\/it\/produkt\/trudi-rehkitz-berty-gross\/","og_locale":"it_IT","og_type":"article","og_title":"Trudi Rehkitz Berty gross","og_description":"Trudi Pl\u00fcschtier Klassiker \u2013 Reh (28 cm) Entdecken Sie die zeitlosen Trudi Pl\u00fcschtiere , die seit Generationen Kinderherzen h\u00f6herschlagen lassen. Dieses detailr","og_url":"https:\/\/schweizversand.ch\/it\/produkt\/trudi-rehkitz-berty-gross\/","og_site_name":"Schweizer Shop f\u00fcr Sport, Spiel und Freizeit","article_publisher":"https:\/\/www.facebook.com\/Schweizversand","article_modified_time":"2026-04-19T00:06:02+00:00","og_image":[{"width":1024,"height":895,"url":"https:\/\/schweizversand.ch\/wp-content\/uploads\/2026\/02\/5504963999.jpg","type":"image\/jpeg"}],"twitter_card":"summary_large_image","twitter_misc":{"Tempo di lettura stimato":"1 minuto"},"schema":{"@context":"https:\/\/schema.org","@graph":[{"@type":"WebPage","@id":"https:\/\/schweizversand.ch\/it\/produkt\/trudi-rehkitz-berty-gross\/","url":"https:\/\/schweizversand.ch\/it\/produkt\/trudi-rehkitz-berty-gross\/","name":"Trudi Rehkitz Berty gross","isPartOf":{"@id":"https:\/\/schweizversand.ch\/it\/#website"},"primaryImageOfPage":{"@id":"https:\/\/schweizversand.ch\/it\/produkt\/trudi-rehkitz-berty-gross\/#primaryimage"},"image":{"@id":"https:\/\/schweizversand.ch\/it\/produkt\/trudi-rehkitz-berty-gross\/#primaryimage"},"thumbnailUrl":"https:\/\/schweizversand.ch\/wp-content\/uploads\/2026\/02\/5504963999.jpg","datePublished":"2026-03-14T23:28:09+00:00","dateModified":"2026-04-19T00:06:02+00:00","description":"Trudi Pl\u00fcschtier Klassiker \u2013 Reh (28 cm) Entdecken Sie die zeitlosen Trudi Pl\u00fcschtiere , die seit Generationen Kinderherzen h\u00f6herschlagen lassen. Dieses detailr","breadcrumb":{"@id":"https:\/\/schweizversand.ch\/it\/produkt\/trudi-rehkitz-berty-gross\/#breadcrumb"},"inLanguage":"it-IT","potentialAction":[{"@type":"ReadAction","target":["https:\/\/schweizversand.ch\/it\/produkt\/trudi-rehkitz-berty-gross\/"]}]},{"@type":"ImageObject","inLanguage":"it-IT","@id":"https:\/\/schweizversand.ch\/it\/produkt\/trudi-rehkitz-berty-gross\/#primaryimage","url":"https:\/\/schweizversand.ch\/wp-content\/uploads\/2026\/02\/5504963999.jpg","contentUrl":"https:\/\/schweizversand.ch\/wp-content\/uploads\/2026\/02\/5504963999.jpg","width":1024,"height":895},{"@type":"BreadcrumbList","@id":"https:\/\/schweizversand.ch\/it\/produkt\/trudi-rehkitz-berty-gross\/#breadcrumb","itemListElement":[{"@type":"ListItem","position":1,"name":"Startseite","item":"https:\/\/schweizversand.ch\/it\/home\/"},{"@type":"ListItem","position":2,"name":"Shop","item":"https:\/\/schweizversand.ch\/it\/shop\/"},{"@type":"ListItem","position":3,"name":"Giocattoli e giochi","item":"https:\/\/schweizversand.ch\/it\/produkt-kategorie\/giocattoli-e-giochi\/"},{"@type":"ListItem","position":4,"name":"Figuren &amp; Puppen","item":"https:\/\/schweizversand.ch\/produkt-kategorie\/spielzeuge-spiele\/figuren-puppen-spielzeuge-spiele\/"},{"@type":"ListItem","position":5,"name":"Pl\u00fcschtier","item":"https:\/\/schweizversand.ch\/produkt-kategorie\/spielzeuge-spiele\/figuren-puppen-spielzeuge-spiele\/plueschtier\/"},{"@type":"ListItem","position":6,"name":"Trudi Rehkitz Berty gross"}]},{"@type":"WebSite","@id":"https:\/\/schweizversand.ch\/it\/#website","url":"https:\/\/schweizversand.ch\/it\/","name":"Schweizer Shop f\u00fcr Sport, Spiel und Freizeit","description":"Gratisversand ab 50.- (netto), ab eigenem schweizer Lager, Lieferung innert 48h","publisher":{"@id":"https:\/\/schweizversand.ch\/it\/#organization"},"alternateName":"Schweizversand.ch","potentialAction":[{"@type":"SearchAction","target":{"@type":"EntryPoint","urlTemplate":"https:\/\/schweizversand.ch\/it\/?s={search_term_string}"},"query-input":{"@type":"PropertyValueSpecification","valueRequired":true,"valueName":"search_term_string"}}],"inLanguage":"it-IT"},{"@type":"Organization","@id":"https:\/\/schweizversand.ch\/it\/#organization","name":"Schweizversand.ch","url":"https:\/\/schweizversand.ch\/it\/","logo":{"@type":"ImageObject","inLanguage":"it-IT","@id":"https:\/\/schweizversand.ch\/it\/#\/schema\/logo\/image\/","url":"https:\/\/schweizversand.ch\/wp-content\/uploads\/2026\/03\/Logo_Rund_Final-1.png","contentUrl":"https:\/\/schweizversand.ch\/wp-content\/uploads\/2026\/03\/Logo_Rund_Final-1.png","width":404,"height":404,"caption":"Schweizversand.ch"},"image":{"@id":"https:\/\/schweizversand.ch\/it\/#\/schema\/logo\/image\/"},"sameAs":["https:\/\/www.facebook.com\/Schweizversand","https:\/\/www.instagram.com\/schweizversand.ch\/"]}]}},"jetpack_sharing_enabled":true,"_links":{"self":[{"href":"https:\/\/schweizversand.ch\/it\/wp-json\/wp\/v2\/product\/260405","targetHints":{"allow":["GET"]}}],"collection":[{"href":"https:\/\/schweizversand.ch\/it\/wp-json\/wp\/v2\/product"}],"about":[{"href":"https:\/\/schweizversand.ch\/it\/wp-json\/wp\/v2\/types\/product"}],"replies":[{"embeddable":true,"href":"https:\/\/schweizversand.ch\/it\/wp-json\/wp\/v2\/comments?post=260405"}],"wp:featuredmedia":[{"embeddable":true,"href":"https:\/\/schweizversand.ch\/it\/wp-json\/wp\/v2\/media\/158468"}],"wp:attachment":[{"href":"https:\/\/schweizversand.ch\/it\/wp-json\/wp\/v2\/media?parent=260405"}],"wp:term":[{"taxonomy":"product_brand","embeddable":true,"href":"https:\/\/schweizversand.ch\/it\/wp-json\/wp\/v2\/product_brand?post=260405"},{"taxonomy":"product_cat","embeddable":true,"href":"https:\/\/schweizversand.ch\/it\/wp-json\/wp\/v2\/product_cat?post=260405"},{"taxonomy":"product_tag","embeddable":true,"href":"https:\/\/schweizversand.ch\/it\/wp-json\/wp\/v2\/product_tag?post=260405"}],"curies":[{"name":"wp","href":"https:\/\/api.w.org\/{rel}","templated":true}]}}