{"id":260414,"date":"2026-03-15T00:55:16","date_gmt":"2026-03-14T23:55:16","guid":{"rendered":"https:\/\/schweizversand.ch\/produkt\/wunder-baum-lufterfrischer-city-style\/"},"modified":"2026-04-19T15:36:59","modified_gmt":"2026-04-19T13:36:59","slug":"wunder-baum-lufterfrischer-city-style","status":"publish","type":"product","link":"https:\/\/schweizversand.ch\/it\/produkt\/wunder-baum-lufterfrischer-city-style\/","title":{"rendered":"Deodorante per ambienti Miracle Tree &#8220;City Style&#8221;"},"content":{"rendered":"<p>Scopri il deodorante per ambienti Wunder-Baum, un accessorio essenziale per la tua auto o la tua casa. Prodotto da Wunder-Baum AG, questo deodorante per ambienti non solo diffonde una piacevole fragranza, ma aggiunge anche un tocco di freschezza all&#8217;ambiente circostante.<\/p>\n<\/p>\n<p>Con la sua forma a forma di un grazioso albero, il deodorante per ambienti crea all&#8217;istante un&#8217;atmosfera rinvigorente. La sua amata fragranza si diffonde, regalando un&#8217;esperienza rinfrescante che rivitalizza i sensi.<\/p>\n<\/p>\n<p>Avvertenze<\/p>\n<\/p>\n<p>\u2022 Avvertenza di pericolo: Pu\u00f2 provocare una reazione allergica cutanea. Tossico per gli organismi acquatici con effetti di lunga durata.<\/p>\n<\/p>\n<p>\u2022 Fragranza: City Style<\/p>\n<\/p>\n<p>\u2022 Avvertenza di prudenza: In caso di consultazione di un medico, tenere a disposizione il contenitore o l&#8217;etichetta del prodotto. Tenere fuori dalla portata dei bambini. In caso di contatto con la pelle: lavare abbondantemente con acqua e sapone. Smaltire i prodotti usati con i rifiuti domestici; smaltire i prodotti non utilizzati presso i punti di raccolta dei rifiuti pericolosi.<\/p>\n","protected":false},"excerpt":{"rendered":"<p>Wunder-Baum Lufterfrischer &#8220;City Style&#8221; \u2013 Frischer Duft und stylisches Design f\u00fcr Auto und Zuhause. Belebe deine Sinne und genie\u00dfe langanhaltende Frische \u00fcberall.<\/p>\n","protected":false},"featured_media":160162,"comment_status":"open","ping_status":"closed","template":"","meta":[],"product_brand":[],"product_cat":[38390],"product_tag":[],"class_list":{"0":"post-260414","1":"product","2":"type-product","3":"status-publish","4":"has-post-thumbnail","6":"product_cat-raumduft","7":"product_shipping_class-global_methods","9":"first","10":"instock","11":"taxable","12":"shipping-taxable","13":"purchasable","14":"product-type-simple"},"yoast_head":"<!-- This site is optimized with the Yoast SEO plugin v27.4 - https:\/\/yoast.com\/product\/yoast-seo-wordpress\/ -->\n<title>Wunder-Baum Lufterfrischer &quot;City Style&quot;<\/title>\n<meta name=\"description\" content=\"Entdecken Sie den Wunder-Baum Lufterfrischer ein unverzichtbares Zubeh\u00f6r f\u00fcr Ihr Fahrzeug oder Ihren Wohnraum. Hergestellt von der Wunder-Baum AG, sorgt dieser\" \/>\n<meta name=\"robots\" content=\"index, follow, max-snippet:-1, max-image-preview:large, max-video-preview:-1\" \/>\n<link rel=\"canonical\" href=\"https:\/\/schweizversand.ch\/it\/produkt\/wunder-baum-lufterfrischer-city-style\/\" \/>\n<meta property=\"og:locale\" content=\"it_IT\" \/>\n<meta property=\"og:type\" content=\"article\" \/>\n<meta property=\"og:title\" content=\"Wunder-Baum Lufterfrischer &quot;City Style&quot;\" \/>\n<meta property=\"og:description\" content=\"Entdecken Sie den Wunder-Baum Lufterfrischer ein unverzichtbares Zubeh\u00f6r f\u00fcr Ihr Fahrzeug oder Ihren Wohnraum. Hergestellt von der Wunder-Baum AG, sorgt dieser\" \/>\n<meta property=\"og:url\" content=\"https:\/\/schweizversand.ch\/it\/produkt\/wunder-baum-lufterfrischer-city-style\/\" \/>\n<meta property=\"og:site_name\" content=\"Schweizer Shop f\u00fcr Sport, Spiel und Freizeit\" \/>\n<meta property=\"article:publisher\" content=\"https:\/\/www.facebook.com\/Schweizversand\" \/>\n<meta property=\"article:modified_time\" content=\"2026-04-19T13:36:59+00:00\" \/>\n<meta property=\"og:image\" content=\"https:\/\/schweizversand.ch\/wp-content\/uploads\/2026\/02\/5471973344.png\" \/>\n\t<meta property=\"og:image:width\" content=\"1024\" \/>\n\t<meta property=\"og:image:height\" content=\"1024\" \/>\n\t<meta property=\"og:image:type\" content=\"image\/png\" \/>\n<meta name=\"twitter:card\" content=\"summary_large_image\" \/>\n<meta name=\"twitter:label1\" content=\"Tempo di lettura stimato\" \/>\n\t<meta name=\"twitter:data1\" content=\"1 minuto\" \/>\n<script type=\"application\/ld+json\" class=\"yoast-schema-graph\">{\"@context\":\"https:\\\/\\\/schema.org\",\"@graph\":[{\"@type\":\"WebPage\",\"@id\":\"https:\\\/\\\/schweizversand.ch\\\/it\\\/produkt\\\/wunder-baum-lufterfrischer-city-style\\\/\",\"url\":\"https:\\\/\\\/schweizversand.ch\\\/it\\\/produkt\\\/wunder-baum-lufterfrischer-city-style\\\/\",\"name\":\"Wunder-Baum Lufterfrischer \\\"City Style\\\"\",\"isPartOf\":{\"@id\":\"https:\\\/\\\/schweizversand.ch\\\/it\\\/#website\"},\"primaryImageOfPage\":{\"@id\":\"https:\\\/\\\/schweizversand.ch\\\/it\\\/produkt\\\/wunder-baum-lufterfrischer-city-style\\\/#primaryimage\"},\"image\":{\"@id\":\"https:\\\/\\\/schweizversand.ch\\\/it\\\/produkt\\\/wunder-baum-lufterfrischer-city-style\\\/#primaryimage\"},\"thumbnailUrl\":\"https:\\\/\\\/schweizversand.ch\\\/wp-content\\\/uploads\\\/2026\\\/02\\\/5471973344.png\",\"datePublished\":\"2026-03-14T23:55:16+00:00\",\"dateModified\":\"2026-04-19T13:36:59+00:00\",\"description\":\"Entdecken Sie den Wunder-Baum Lufterfrischer ein unverzichtbares Zubeh\u00f6r f\u00fcr Ihr Fahrzeug oder Ihren Wohnraum. Hergestellt von der Wunder-Baum AG, sorgt dieser\",\"breadcrumb\":{\"@id\":\"https:\\\/\\\/schweizversand.ch\\\/it\\\/produkt\\\/wunder-baum-lufterfrischer-city-style\\\/#breadcrumb\"},\"inLanguage\":\"it-IT\",\"potentialAction\":[{\"@type\":\"ReadAction\",\"target\":[\"https:\\\/\\\/schweizversand.ch\\\/it\\\/produkt\\\/wunder-baum-lufterfrischer-city-style\\\/\"]}]},{\"@type\":\"ImageObject\",\"inLanguage\":\"it-IT\",\"@id\":\"https:\\\/\\\/schweizversand.ch\\\/it\\\/produkt\\\/wunder-baum-lufterfrischer-city-style\\\/#primaryimage\",\"url\":\"https:\\\/\\\/schweizversand.ch\\\/wp-content\\\/uploads\\\/2026\\\/02\\\/5471973344.png\",\"contentUrl\":\"https:\\\/\\\/schweizversand.ch\\\/wp-content\\\/uploads\\\/2026\\\/02\\\/5471973344.png\",\"width\":1024,\"height\":1024},{\"@type\":\"BreadcrumbList\",\"@id\":\"https:\\\/\\\/schweizversand.ch\\\/it\\\/produkt\\\/wunder-baum-lufterfrischer-city-style\\\/#breadcrumb\",\"itemListElement\":[{\"@type\":\"ListItem\",\"position\":1,\"name\":\"Startseite\",\"item\":\"https:\\\/\\\/schweizversand.ch\\\/it\\\/home\\\/\"},{\"@type\":\"ListItem\",\"position\":2,\"name\":\"Shop\",\"item\":\"https:\\\/\\\/schweizversand.ch\\\/it\\\/shop\\\/\"},{\"@type\":\"ListItem\",\"position\":3,\"name\":\"Home\",\"item\":\"https:\\\/\\\/schweizversand.ch\\\/it\\\/produkt-kategorie\\\/home\\\/\"},{\"@type\":\"ListItem\",\"position\":4,\"name\":\"Decorazioni e accessori\",\"item\":\"https:\\\/\\\/schweizversand.ch\\\/it\\\/produkt-kategorie\\\/home\\\/decorazioni-e-accessori\\\/\"},{\"@type\":\"ListItem\",\"position\":5,\"name\":\"Profumi per ambienti\",\"item\":\"https:\\\/\\\/schweizversand.ch\\\/en\\\/produkt-kategorie\\\/raumduft\\\/\"},{\"@type\":\"ListItem\",\"position\":6,\"name\":\"Deodorante per ambienti Miracle Tree &#8222;City Style&#8220;\"}]},{\"@type\":\"WebSite\",\"@id\":\"https:\\\/\\\/schweizversand.ch\\\/it\\\/#website\",\"url\":\"https:\\\/\\\/schweizversand.ch\\\/it\\\/\",\"name\":\"Schweizer Shop f\u00fcr Sport, Spiel und Freizeit\",\"description\":\"Gratisversand ab 50.- (netto), ab eigenem schweizer Lager, Lieferung innert 48h\",\"publisher\":{\"@id\":\"https:\\\/\\\/schweizversand.ch\\\/it\\\/#organization\"},\"alternateName\":\"Schweizversand.ch\",\"potentialAction\":[{\"@type\":\"SearchAction\",\"target\":{\"@type\":\"EntryPoint\",\"urlTemplate\":\"https:\\\/\\\/schweizversand.ch\\\/it\\\/?s={search_term_string}\"},\"query-input\":{\"@type\":\"PropertyValueSpecification\",\"valueRequired\":true,\"valueName\":\"search_term_string\"}}],\"inLanguage\":\"it-IT\"},{\"@type\":\"Organization\",\"@id\":\"https:\\\/\\\/schweizversand.ch\\\/it\\\/#organization\",\"name\":\"Schweizversand.ch\",\"url\":\"https:\\\/\\\/schweizversand.ch\\\/it\\\/\",\"logo\":{\"@type\":\"ImageObject\",\"inLanguage\":\"it-IT\",\"@id\":\"https:\\\/\\\/schweizversand.ch\\\/it\\\/#\\\/schema\\\/logo\\\/image\\\/\",\"url\":\"https:\\\/\\\/schweizversand.ch\\\/wp-content\\\/uploads\\\/2026\\\/03\\\/Logo_Rund_Final-1.png\",\"contentUrl\":\"https:\\\/\\\/schweizversand.ch\\\/wp-content\\\/uploads\\\/2026\\\/03\\\/Logo_Rund_Final-1.png\",\"width\":404,\"height\":404,\"caption\":\"Schweizversand.ch\"},\"image\":{\"@id\":\"https:\\\/\\\/schweizversand.ch\\\/it\\\/#\\\/schema\\\/logo\\\/image\\\/\"},\"sameAs\":[\"https:\\\/\\\/www.facebook.com\\\/Schweizversand\",\"https:\\\/\\\/www.instagram.com\\\/schweizversand.ch\\\/\"]}]}<\/script>\n<!-- \/ Yoast SEO plugin. -->","yoast_head_json":{"title":"Wunder-Baum Lufterfrischer \"City Style\"","description":"Entdecken Sie den Wunder-Baum Lufterfrischer ein unverzichtbares Zubeh\u00f6r f\u00fcr Ihr Fahrzeug oder Ihren Wohnraum. Hergestellt von der Wunder-Baum AG, sorgt dieser","robots":{"index":"index","follow":"follow","max-snippet":"max-snippet:-1","max-image-preview":"max-image-preview:large","max-video-preview":"max-video-preview:-1"},"canonical":"https:\/\/schweizversand.ch\/it\/produkt\/wunder-baum-lufterfrischer-city-style\/","og_locale":"it_IT","og_type":"article","og_title":"Wunder-Baum Lufterfrischer \"City Style\"","og_description":"Entdecken Sie den Wunder-Baum Lufterfrischer ein unverzichtbares Zubeh\u00f6r f\u00fcr Ihr Fahrzeug oder Ihren Wohnraum. Hergestellt von der Wunder-Baum AG, sorgt dieser","og_url":"https:\/\/schweizversand.ch\/it\/produkt\/wunder-baum-lufterfrischer-city-style\/","og_site_name":"Schweizer Shop f\u00fcr Sport, Spiel und Freizeit","article_publisher":"https:\/\/www.facebook.com\/Schweizversand","article_modified_time":"2026-04-19T13:36:59+00:00","og_image":[{"width":1024,"height":1024,"url":"https:\/\/schweizversand.ch\/wp-content\/uploads\/2026\/02\/5471973344.png","type":"image\/png"}],"twitter_card":"summary_large_image","twitter_misc":{"Tempo di lettura stimato":"1 minuto"},"schema":{"@context":"https:\/\/schema.org","@graph":[{"@type":"WebPage","@id":"https:\/\/schweizversand.ch\/it\/produkt\/wunder-baum-lufterfrischer-city-style\/","url":"https:\/\/schweizversand.ch\/it\/produkt\/wunder-baum-lufterfrischer-city-style\/","name":"Wunder-Baum Lufterfrischer \"City Style\"","isPartOf":{"@id":"https:\/\/schweizversand.ch\/it\/#website"},"primaryImageOfPage":{"@id":"https:\/\/schweizversand.ch\/it\/produkt\/wunder-baum-lufterfrischer-city-style\/#primaryimage"},"image":{"@id":"https:\/\/schweizversand.ch\/it\/produkt\/wunder-baum-lufterfrischer-city-style\/#primaryimage"},"thumbnailUrl":"https:\/\/schweizversand.ch\/wp-content\/uploads\/2026\/02\/5471973344.png","datePublished":"2026-03-14T23:55:16+00:00","dateModified":"2026-04-19T13:36:59+00:00","description":"Entdecken Sie den Wunder-Baum Lufterfrischer ein unverzichtbares Zubeh\u00f6r f\u00fcr Ihr Fahrzeug oder Ihren Wohnraum. Hergestellt von der Wunder-Baum AG, sorgt dieser","breadcrumb":{"@id":"https:\/\/schweizversand.ch\/it\/produkt\/wunder-baum-lufterfrischer-city-style\/#breadcrumb"},"inLanguage":"it-IT","potentialAction":[{"@type":"ReadAction","target":["https:\/\/schweizversand.ch\/it\/produkt\/wunder-baum-lufterfrischer-city-style\/"]}]},{"@type":"ImageObject","inLanguage":"it-IT","@id":"https:\/\/schweizversand.ch\/it\/produkt\/wunder-baum-lufterfrischer-city-style\/#primaryimage","url":"https:\/\/schweizversand.ch\/wp-content\/uploads\/2026\/02\/5471973344.png","contentUrl":"https:\/\/schweizversand.ch\/wp-content\/uploads\/2026\/02\/5471973344.png","width":1024,"height":1024},{"@type":"BreadcrumbList","@id":"https:\/\/schweizversand.ch\/it\/produkt\/wunder-baum-lufterfrischer-city-style\/#breadcrumb","itemListElement":[{"@type":"ListItem","position":1,"name":"Startseite","item":"https:\/\/schweizversand.ch\/it\/home\/"},{"@type":"ListItem","position":2,"name":"Shop","item":"https:\/\/schweizversand.ch\/it\/shop\/"},{"@type":"ListItem","position":3,"name":"Home","item":"https:\/\/schweizversand.ch\/it\/produkt-kategorie\/home\/"},{"@type":"ListItem","position":4,"name":"Decorazioni e accessori","item":"https:\/\/schweizversand.ch\/it\/produkt-kategorie\/home\/decorazioni-e-accessori\/"},{"@type":"ListItem","position":5,"name":"Profumi per ambienti","item":"https:\/\/schweizversand.ch\/en\/produkt-kategorie\/raumduft\/"},{"@type":"ListItem","position":6,"name":"Deodorante per ambienti Miracle Tree &#8222;City Style&#8220;"}]},{"@type":"WebSite","@id":"https:\/\/schweizversand.ch\/it\/#website","url":"https:\/\/schweizversand.ch\/it\/","name":"Schweizer Shop f\u00fcr Sport, Spiel und Freizeit","description":"Gratisversand ab 50.- (netto), ab eigenem schweizer Lager, Lieferung innert 48h","publisher":{"@id":"https:\/\/schweizversand.ch\/it\/#organization"},"alternateName":"Schweizversand.ch","potentialAction":[{"@type":"SearchAction","target":{"@type":"EntryPoint","urlTemplate":"https:\/\/schweizversand.ch\/it\/?s={search_term_string}"},"query-input":{"@type":"PropertyValueSpecification","valueRequired":true,"valueName":"search_term_string"}}],"inLanguage":"it-IT"},{"@type":"Organization","@id":"https:\/\/schweizversand.ch\/it\/#organization","name":"Schweizversand.ch","url":"https:\/\/schweizversand.ch\/it\/","logo":{"@type":"ImageObject","inLanguage":"it-IT","@id":"https:\/\/schweizversand.ch\/it\/#\/schema\/logo\/image\/","url":"https:\/\/schweizversand.ch\/wp-content\/uploads\/2026\/03\/Logo_Rund_Final-1.png","contentUrl":"https:\/\/schweizversand.ch\/wp-content\/uploads\/2026\/03\/Logo_Rund_Final-1.png","width":404,"height":404,"caption":"Schweizversand.ch"},"image":{"@id":"https:\/\/schweizversand.ch\/it\/#\/schema\/logo\/image\/"},"sameAs":["https:\/\/www.facebook.com\/Schweizversand","https:\/\/www.instagram.com\/schweizversand.ch\/"]}]}},"jetpack_sharing_enabled":true,"_links":{"self":[{"href":"https:\/\/schweizversand.ch\/it\/wp-json\/wp\/v2\/product\/260414","targetHints":{"allow":["GET"]}}],"collection":[{"href":"https:\/\/schweizversand.ch\/it\/wp-json\/wp\/v2\/product"}],"about":[{"href":"https:\/\/schweizversand.ch\/it\/wp-json\/wp\/v2\/types\/product"}],"replies":[{"embeddable":true,"href":"https:\/\/schweizversand.ch\/it\/wp-json\/wp\/v2\/comments?post=260414"}],"wp:featuredmedia":[{"embeddable":true,"href":"https:\/\/schweizversand.ch\/it\/wp-json\/wp\/v2\/media\/160162"}],"wp:attachment":[{"href":"https:\/\/schweizversand.ch\/it\/wp-json\/wp\/v2\/media?parent=260414"}],"wp:term":[{"taxonomy":"product_brand","embeddable":true,"href":"https:\/\/schweizversand.ch\/it\/wp-json\/wp\/v2\/product_brand?post=260414"},{"taxonomy":"product_cat","embeddable":true,"href":"https:\/\/schweizversand.ch\/it\/wp-json\/wp\/v2\/product_cat?post=260414"},{"taxonomy":"product_tag","embeddable":true,"href":"https:\/\/schweizversand.ch\/it\/wp-json\/wp\/v2\/product_tag?post=260414"}],"curies":[{"name":"wp","href":"https:\/\/api.w.org\/{rel}","templated":true}]}}