{"id":260418,"date":"2026-03-15T00:55:18","date_gmt":"2026-03-14T23:55:18","guid":{"rendered":"https:\/\/schweizversand.ch\/produkt\/zoggs-dc-superhero-wonder-woman-tauchball-2er-pack\/"},"modified":"2026-04-19T02:06:26","modified_gmt":"2026-04-19T00:06:26","slug":"zoggs-dc-superhero-wonder-woman-tauchball-2er-pack","status":"publish","type":"product","link":"https:\/\/schweizversand.ch\/it\/produkt\/zoggs-dc-superhero-wonder-woman-tauchball-2er-pack\/","title":{"rendered":"Zoggs DC Superhero Wonder Woman Diving Ball, confezione da 2"},"content":{"rendered":"<h1><strong>Palla da sub in neoprene di Wonder Woman<\/strong><\/h1>\n<div>La <strong>palla da sub Wonder Woman<\/strong> \u00e8 il <strong>gioco da sub perfetto per tutti i piccoli supereroi. Questo entusiasmante gioco di riporto in acqua promuove in modo giocoso la sicurezza in acqua e offre un divertimento ricco di azione in piscina.<\/p>\n<\/div>\n<div><strong>Divertimento e rafforzamento della fiducia in se stessi<\/strong><br \/>Sfida i tuoi bambini a recuperare la palla dal fondo della piscina. La palla da sub affonda rapidamente ed \u00e8 ideale per una gara emozionante in cui i nuotatori esperti possono mostrare le loro abilit\u00e0. Questo <strong>gioco da sub Wonder Woman<\/strong> rende l&#8217;allenamento un piacere.<\/p>\n<\/div>\n<div><strong>Materiale e design di alta qualit\u00e0<\/strong><br \/>Questa <strong>palla da sub in neoprene<\/strong> \u00e8 appositamente progettata per l&#8217;uso in acqua ed \u00e8 estremamente resistente. Il design accattivante con la stampa integrale di Wonder Woman rende la palla altamente visibile e non passa inosservata.<\/p>\n<\/div>\n<div><strong>Caratteristiche del prodotto<\/strong><br \/>&#8211; Diametro: 55 mm<br \/>&#8211; Materiale: Palla rivestita in neoprene<br \/>&#8211; Particolarit\u00e0: Dotata di fascia galleggiante per una migliore presa<br \/>&#8211; Funzione: Affonda in acqua come <strong>palla da tuffo<\/strong> e gioco di riporto<br \/>&#8211; Design: Stampa integrale di Wonder Woman<\/p>\n<\/div>\n<div>Acquista questo fantastico <strong>gioco da piscina per bambini<\/strong> e vivi momenti indimenticabili pieni di azione e divertimento nell&#8217;acqua fresca!<\/p>\n<\/div>\n<div><\/div>\n","protected":false},"excerpt":{"rendered":"<p>Zoggs DC Superhero Wonder Woman Tauchball, 2er Pack: F\u00f6rdert spielerisch Wassersicherheit und Spa\u00df mit robustem Neopren-Design. Perfekt f\u00fcr kleine Superhelden im Pool!<\/p>\n","protected":false},"featured_media":160197,"comment_status":"open","ping_status":"closed","template":"","meta":[],"product_brand":[],"product_cat":[38551],"product_tag":[],"class_list":{"0":"post-260418","1":"product","2":"type-product","3":"status-publish","4":"has-post-thumbnail","6":"product_cat-wasserspielzeug","7":"product_shipping_class-global_methods","9":"first","10":"instock","11":"taxable","12":"shipping-taxable","13":"purchasable","14":"product-type-simple"},"yoast_head":"<!-- This site is optimized with the Yoast SEO plugin v27.4 - https:\/\/yoast.com\/product\/yoast-seo-wordpress\/ -->\n<title>Zoggs DC Superhero Wonder Woman Tauchball, 2er Pack<\/title>\n<meta name=\"description\" content=\"Wonder Woman Tauchball Neopren Der Wonder Woman Tauchball ist das perfekte Tauchspielzeug Pool f\u00fcr alle kleinen Superhelden. Dieses spannende Wasser Apportiersp\" \/>\n<meta name=\"robots\" content=\"index, follow, max-snippet:-1, max-image-preview:large, max-video-preview:-1\" \/>\n<link rel=\"canonical\" href=\"https:\/\/schweizversand.ch\/it\/produkt\/zoggs-dc-superhero-wonder-woman-tauchball-2er-pack\/\" \/>\n<meta property=\"og:locale\" content=\"it_IT\" \/>\n<meta property=\"og:type\" content=\"article\" \/>\n<meta property=\"og:title\" content=\"Zoggs DC Superhero Wonder Woman Tauchball, 2er Pack\" \/>\n<meta property=\"og:description\" content=\"Wonder Woman Tauchball Neopren Der Wonder Woman Tauchball ist das perfekte Tauchspielzeug Pool f\u00fcr alle kleinen Superhelden. Dieses spannende Wasser Apportiersp\" \/>\n<meta property=\"og:url\" content=\"https:\/\/schweizversand.ch\/it\/produkt\/zoggs-dc-superhero-wonder-woman-tauchball-2er-pack\/\" \/>\n<meta property=\"og:site_name\" content=\"Schweizer Shop f\u00fcr Sport, Spiel und Freizeit\" \/>\n<meta property=\"article:publisher\" content=\"https:\/\/www.facebook.com\/Schweizversand\" \/>\n<meta property=\"article:modified_time\" content=\"2026-04-19T00:06:26+00:00\" \/>\n<meta property=\"og:image\" content=\"https:\/\/schweizversand.ch\/wp-content\/uploads\/2026\/02\/5471671259.jpg\" \/>\n\t<meta property=\"og:image:width\" content=\"1024\" \/>\n\t<meta property=\"og:image:height\" content=\"296\" \/>\n\t<meta property=\"og:image:type\" content=\"image\/jpeg\" \/>\n<meta name=\"twitter:card\" content=\"summary_large_image\" \/>\n<meta name=\"twitter:label1\" content=\"Tempo di lettura stimato\" \/>\n\t<meta name=\"twitter:data1\" content=\"1 minuto\" \/>\n<script type=\"application\/ld+json\" class=\"yoast-schema-graph\">{\"@context\":\"https:\\\/\\\/schema.org\",\"@graph\":[{\"@type\":\"WebPage\",\"@id\":\"https:\\\/\\\/schweizversand.ch\\\/it\\\/produkt\\\/zoggs-dc-superhero-wonder-woman-tauchball-2er-pack\\\/\",\"url\":\"https:\\\/\\\/schweizversand.ch\\\/it\\\/produkt\\\/zoggs-dc-superhero-wonder-woman-tauchball-2er-pack\\\/\",\"name\":\"Zoggs DC Superhero Wonder Woman Tauchball, 2er Pack\",\"isPartOf\":{\"@id\":\"https:\\\/\\\/schweizversand.ch\\\/it\\\/#website\"},\"primaryImageOfPage\":{\"@id\":\"https:\\\/\\\/schweizversand.ch\\\/it\\\/produkt\\\/zoggs-dc-superhero-wonder-woman-tauchball-2er-pack\\\/#primaryimage\"},\"image\":{\"@id\":\"https:\\\/\\\/schweizversand.ch\\\/it\\\/produkt\\\/zoggs-dc-superhero-wonder-woman-tauchball-2er-pack\\\/#primaryimage\"},\"thumbnailUrl\":\"https:\\\/\\\/schweizversand.ch\\\/wp-content\\\/uploads\\\/2026\\\/02\\\/5471671259.jpg\",\"datePublished\":\"2026-03-14T23:55:18+00:00\",\"dateModified\":\"2026-04-19T00:06:26+00:00\",\"description\":\"Wonder Woman Tauchball Neopren Der Wonder Woman Tauchball ist das perfekte Tauchspielzeug Pool f\u00fcr alle kleinen Superhelden. Dieses spannende Wasser Apportiersp\",\"breadcrumb\":{\"@id\":\"https:\\\/\\\/schweizversand.ch\\\/it\\\/produkt\\\/zoggs-dc-superhero-wonder-woman-tauchball-2er-pack\\\/#breadcrumb\"},\"inLanguage\":\"it-IT\",\"potentialAction\":[{\"@type\":\"ReadAction\",\"target\":[\"https:\\\/\\\/schweizversand.ch\\\/it\\\/produkt\\\/zoggs-dc-superhero-wonder-woman-tauchball-2er-pack\\\/\"]}]},{\"@type\":\"ImageObject\",\"inLanguage\":\"it-IT\",\"@id\":\"https:\\\/\\\/schweizversand.ch\\\/it\\\/produkt\\\/zoggs-dc-superhero-wonder-woman-tauchball-2er-pack\\\/#primaryimage\",\"url\":\"https:\\\/\\\/schweizversand.ch\\\/wp-content\\\/uploads\\\/2026\\\/02\\\/5471671259.jpg\",\"contentUrl\":\"https:\\\/\\\/schweizversand.ch\\\/wp-content\\\/uploads\\\/2026\\\/02\\\/5471671259.jpg\",\"width\":1024,\"height\":296},{\"@type\":\"BreadcrumbList\",\"@id\":\"https:\\\/\\\/schweizversand.ch\\\/it\\\/produkt\\\/zoggs-dc-superhero-wonder-woman-tauchball-2er-pack\\\/#breadcrumb\",\"itemListElement\":[{\"@type\":\"ListItem\",\"position\":1,\"name\":\"Startseite\",\"item\":\"https:\\\/\\\/schweizversand.ch\\\/it\\\/home\\\/\"},{\"@type\":\"ListItem\",\"position\":2,\"name\":\"Shop\",\"item\":\"https:\\\/\\\/schweizversand.ch\\\/it\\\/shop\\\/\"},{\"@type\":\"ListItem\",\"position\":3,\"name\":\"Giocattoli e giochi\",\"item\":\"https:\\\/\\\/schweizversand.ch\\\/it\\\/produkt-kategorie\\\/giocattoli-e-giochi\\\/\"},{\"@type\":\"ListItem\",\"position\":4,\"name\":\"Giochi all'aperto\",\"item\":\"https:\\\/\\\/schweizversand.ch\\\/it\\\/produkt-kategorie\\\/giocattoli-e-giochi\\\/giochi-allaperto\\\/\"},{\"@type\":\"ListItem\",\"position\":5,\"name\":\"Giochi d'acqua\",\"item\":\"https:\\\/\\\/schweizversand.ch\\\/it\\\/produkt-kategorie\\\/giocattoli-e-giochi\\\/giochi-allaperto\\\/wasserspielzeug\\\/\"},{\"@type\":\"ListItem\",\"position\":6,\"name\":\"Zoggs DC Superhero Wonder Woman Diving Ball, confezione da 2\"}]},{\"@type\":\"WebSite\",\"@id\":\"https:\\\/\\\/schweizversand.ch\\\/it\\\/#website\",\"url\":\"https:\\\/\\\/schweizversand.ch\\\/it\\\/\",\"name\":\"Schweizer Shop f\u00fcr Sport, Spiel und Freizeit\",\"description\":\"Gratisversand ab 50.- (netto), ab eigenem schweizer Lager, Lieferung innert 48h\",\"publisher\":{\"@id\":\"https:\\\/\\\/schweizversand.ch\\\/it\\\/#organization\"},\"alternateName\":\"Schweizversand.ch\",\"potentialAction\":[{\"@type\":\"SearchAction\",\"target\":{\"@type\":\"EntryPoint\",\"urlTemplate\":\"https:\\\/\\\/schweizversand.ch\\\/it\\\/?s={search_term_string}\"},\"query-input\":{\"@type\":\"PropertyValueSpecification\",\"valueRequired\":true,\"valueName\":\"search_term_string\"}}],\"inLanguage\":\"it-IT\"},{\"@type\":\"Organization\",\"@id\":\"https:\\\/\\\/schweizversand.ch\\\/it\\\/#organization\",\"name\":\"Schweizversand.ch\",\"url\":\"https:\\\/\\\/schweizversand.ch\\\/it\\\/\",\"logo\":{\"@type\":\"ImageObject\",\"inLanguage\":\"it-IT\",\"@id\":\"https:\\\/\\\/schweizversand.ch\\\/it\\\/#\\\/schema\\\/logo\\\/image\\\/\",\"url\":\"https:\\\/\\\/schweizversand.ch\\\/wp-content\\\/uploads\\\/2026\\\/03\\\/Logo_Rund_Final-1.png\",\"contentUrl\":\"https:\\\/\\\/schweizversand.ch\\\/wp-content\\\/uploads\\\/2026\\\/03\\\/Logo_Rund_Final-1.png\",\"width\":404,\"height\":404,\"caption\":\"Schweizversand.ch\"},\"image\":{\"@id\":\"https:\\\/\\\/schweizversand.ch\\\/it\\\/#\\\/schema\\\/logo\\\/image\\\/\"},\"sameAs\":[\"https:\\\/\\\/www.facebook.com\\\/Schweizversand\",\"https:\\\/\\\/www.instagram.com\\\/schweizversand.ch\\\/\"]}]}<\/script>\n<!-- \/ Yoast SEO plugin. -->","yoast_head_json":{"title":"Zoggs DC Superhero Wonder Woman Tauchball, 2er Pack","description":"Wonder Woman Tauchball Neopren Der Wonder Woman Tauchball ist das perfekte Tauchspielzeug Pool f\u00fcr alle kleinen Superhelden. Dieses spannende Wasser Apportiersp","robots":{"index":"index","follow":"follow","max-snippet":"max-snippet:-1","max-image-preview":"max-image-preview:large","max-video-preview":"max-video-preview:-1"},"canonical":"https:\/\/schweizversand.ch\/it\/produkt\/zoggs-dc-superhero-wonder-woman-tauchball-2er-pack\/","og_locale":"it_IT","og_type":"article","og_title":"Zoggs DC Superhero Wonder Woman Tauchball, 2er Pack","og_description":"Wonder Woman Tauchball Neopren Der Wonder Woman Tauchball ist das perfekte Tauchspielzeug Pool f\u00fcr alle kleinen Superhelden. Dieses spannende Wasser Apportiersp","og_url":"https:\/\/schweizversand.ch\/it\/produkt\/zoggs-dc-superhero-wonder-woman-tauchball-2er-pack\/","og_site_name":"Schweizer Shop f\u00fcr Sport, Spiel und Freizeit","article_publisher":"https:\/\/www.facebook.com\/Schweizversand","article_modified_time":"2026-04-19T00:06:26+00:00","og_image":[{"width":1024,"height":296,"url":"https:\/\/schweizversand.ch\/wp-content\/uploads\/2026\/02\/5471671259.jpg","type":"image\/jpeg"}],"twitter_card":"summary_large_image","twitter_misc":{"Tempo di lettura stimato":"1 minuto"},"schema":{"@context":"https:\/\/schema.org","@graph":[{"@type":"WebPage","@id":"https:\/\/schweizversand.ch\/it\/produkt\/zoggs-dc-superhero-wonder-woman-tauchball-2er-pack\/","url":"https:\/\/schweizversand.ch\/it\/produkt\/zoggs-dc-superhero-wonder-woman-tauchball-2er-pack\/","name":"Zoggs DC Superhero Wonder Woman Tauchball, 2er Pack","isPartOf":{"@id":"https:\/\/schweizversand.ch\/it\/#website"},"primaryImageOfPage":{"@id":"https:\/\/schweizversand.ch\/it\/produkt\/zoggs-dc-superhero-wonder-woman-tauchball-2er-pack\/#primaryimage"},"image":{"@id":"https:\/\/schweizversand.ch\/it\/produkt\/zoggs-dc-superhero-wonder-woman-tauchball-2er-pack\/#primaryimage"},"thumbnailUrl":"https:\/\/schweizversand.ch\/wp-content\/uploads\/2026\/02\/5471671259.jpg","datePublished":"2026-03-14T23:55:18+00:00","dateModified":"2026-04-19T00:06:26+00:00","description":"Wonder Woman Tauchball Neopren Der Wonder Woman Tauchball ist das perfekte Tauchspielzeug Pool f\u00fcr alle kleinen Superhelden. Dieses spannende Wasser Apportiersp","breadcrumb":{"@id":"https:\/\/schweizversand.ch\/it\/produkt\/zoggs-dc-superhero-wonder-woman-tauchball-2er-pack\/#breadcrumb"},"inLanguage":"it-IT","potentialAction":[{"@type":"ReadAction","target":["https:\/\/schweizversand.ch\/it\/produkt\/zoggs-dc-superhero-wonder-woman-tauchball-2er-pack\/"]}]},{"@type":"ImageObject","inLanguage":"it-IT","@id":"https:\/\/schweizversand.ch\/it\/produkt\/zoggs-dc-superhero-wonder-woman-tauchball-2er-pack\/#primaryimage","url":"https:\/\/schweizversand.ch\/wp-content\/uploads\/2026\/02\/5471671259.jpg","contentUrl":"https:\/\/schweizversand.ch\/wp-content\/uploads\/2026\/02\/5471671259.jpg","width":1024,"height":296},{"@type":"BreadcrumbList","@id":"https:\/\/schweizversand.ch\/it\/produkt\/zoggs-dc-superhero-wonder-woman-tauchball-2er-pack\/#breadcrumb","itemListElement":[{"@type":"ListItem","position":1,"name":"Startseite","item":"https:\/\/schweizversand.ch\/it\/home\/"},{"@type":"ListItem","position":2,"name":"Shop","item":"https:\/\/schweizversand.ch\/it\/shop\/"},{"@type":"ListItem","position":3,"name":"Giocattoli e giochi","item":"https:\/\/schweizversand.ch\/it\/produkt-kategorie\/giocattoli-e-giochi\/"},{"@type":"ListItem","position":4,"name":"Giochi all'aperto","item":"https:\/\/schweizversand.ch\/it\/produkt-kategorie\/giocattoli-e-giochi\/giochi-allaperto\/"},{"@type":"ListItem","position":5,"name":"Giochi d'acqua","item":"https:\/\/schweizversand.ch\/it\/produkt-kategorie\/giocattoli-e-giochi\/giochi-allaperto\/wasserspielzeug\/"},{"@type":"ListItem","position":6,"name":"Zoggs DC Superhero Wonder Woman Diving Ball, confezione da 2"}]},{"@type":"WebSite","@id":"https:\/\/schweizversand.ch\/it\/#website","url":"https:\/\/schweizversand.ch\/it\/","name":"Schweizer Shop f\u00fcr Sport, Spiel und Freizeit","description":"Gratisversand ab 50.- (netto), ab eigenem schweizer Lager, Lieferung innert 48h","publisher":{"@id":"https:\/\/schweizversand.ch\/it\/#organization"},"alternateName":"Schweizversand.ch","potentialAction":[{"@type":"SearchAction","target":{"@type":"EntryPoint","urlTemplate":"https:\/\/schweizversand.ch\/it\/?s={search_term_string}"},"query-input":{"@type":"PropertyValueSpecification","valueRequired":true,"valueName":"search_term_string"}}],"inLanguage":"it-IT"},{"@type":"Organization","@id":"https:\/\/schweizversand.ch\/it\/#organization","name":"Schweizversand.ch","url":"https:\/\/schweizversand.ch\/it\/","logo":{"@type":"ImageObject","inLanguage":"it-IT","@id":"https:\/\/schweizversand.ch\/it\/#\/schema\/logo\/image\/","url":"https:\/\/schweizversand.ch\/wp-content\/uploads\/2026\/03\/Logo_Rund_Final-1.png","contentUrl":"https:\/\/schweizversand.ch\/wp-content\/uploads\/2026\/03\/Logo_Rund_Final-1.png","width":404,"height":404,"caption":"Schweizversand.ch"},"image":{"@id":"https:\/\/schweizversand.ch\/it\/#\/schema\/logo\/image\/"},"sameAs":["https:\/\/www.facebook.com\/Schweizversand","https:\/\/www.instagram.com\/schweizversand.ch\/"]}]}},"jetpack_sharing_enabled":true,"_links":{"self":[{"href":"https:\/\/schweizversand.ch\/it\/wp-json\/wp\/v2\/product\/260418","targetHints":{"allow":["GET"]}}],"collection":[{"href":"https:\/\/schweizversand.ch\/it\/wp-json\/wp\/v2\/product"}],"about":[{"href":"https:\/\/schweizversand.ch\/it\/wp-json\/wp\/v2\/types\/product"}],"replies":[{"embeddable":true,"href":"https:\/\/schweizversand.ch\/it\/wp-json\/wp\/v2\/comments?post=260418"}],"wp:featuredmedia":[{"embeddable":true,"href":"https:\/\/schweizversand.ch\/it\/wp-json\/wp\/v2\/media\/160197"}],"wp:attachment":[{"href":"https:\/\/schweizversand.ch\/it\/wp-json\/wp\/v2\/media?parent=260418"}],"wp:term":[{"taxonomy":"product_brand","embeddable":true,"href":"https:\/\/schweizversand.ch\/it\/wp-json\/wp\/v2\/product_brand?post=260418"},{"taxonomy":"product_cat","embeddable":true,"href":"https:\/\/schweizversand.ch\/it\/wp-json\/wp\/v2\/product_cat?post=260418"},{"taxonomy":"product_tag","embeddable":true,"href":"https:\/\/schweizversand.ch\/it\/wp-json\/wp\/v2\/product_tag?post=260418"}],"curies":[{"name":"wp","href":"https:\/\/api.w.org\/{rel}","templated":true}]}}