{"id":260434,"date":"2026-03-15T00:55:44","date_gmt":"2026-03-14T23:55:44","guid":{"rendered":"https:\/\/schweizversand.ch\/produkt\/trespass-snuggles-fleece-decke-2\/"},"modified":"2026-04-20T02:05:24","modified_gmt":"2026-04-20T00:05:24","slug":"trespass-snuggles-fleece-decke-2","status":"publish","type":"product","link":"https:\/\/schweizversand.ch\/it\/produkt\/trespass-snuggles-fleece-decke-2\/","title":{"rendered":"Trespass SNUGGLES &#8211; Coperta in pile"},"content":{"rendered":"<h1><strong>Coperta in pile Trespass \u2013 120&#215;180 cm<\/strong><\/h1>\n<div>La <strong>coperta in pile Trespass<\/strong> \u00e8 la tua compagna essenziale per calore e intimit\u00e0, ovunque ti portino i tuoi viaggi. Questa versatile <strong>coperta da viaggio<\/strong> unisce leggerezza e massimo comfort ed \u00e8 perfetta per chi non vuole rinunciare alla comodit\u00e0 in viaggio.<\/p>\n<\/div>\n<div><strong>Ideale per attivit\u00e0 all&#8217;aperto e viaggi<\/strong><br \/>Che si tratti di lunghi viaggi in auto, picnic o come <strong>coperta da campeggio<\/strong>, questa coperta offre un calore affidabile. Grazie al suo design compatto e arrotolabile, la <strong>leggera coperta in pile<\/strong> pu\u00f2 essere facilmente riposta, rendendola la compagna di viaggio ideale per ogni situazione.<\/p>\n<\/div>\n<div><strong>Materiale e comfort<\/strong><br \/>La coperta \u00e8 realizzata in 100% poliestere e presenta un pile particolarmente morbido al tatto. Questo materiale \u00e8 piacevole sulla pelle e offre un comfort immediato. Il pile \u00e8 anche isolante e caldo, rendendola la coperta perfetta per l&#8217;esterno quando le temperature scendono.<\/p>\n<\/div>\n<div><strong>Caratteristiche e dimensioni del prodotto<\/strong><br \/>&#8211; Dimensioni: 120 x 180 cm<br \/>&#8211; Materiale: 100% poliestere (pile morbido al tatto)<br \/>&#8211; Caratteristiche: leggera, pieghevole e isolante<br \/>&#8211; Manutenzione: resistente e facile da pulire<\/p>\n<\/div>\n<div>Acquista subito la tua coperta Trespass e goditi comfort e calore mentre viaggi, fai campeggio o semplicemente ti rilassi a casa sul divano. Questa coperta in pile \u00e8 la soluzione pratica e morbida per tutte le tue esigenze.<\/p>\n<\/div>\n<div><\/div>\n","protected":false},"excerpt":{"rendered":"<p>Trespass SNUGGLES &#8211; Fleece Decke bietet leichte W\u00e4rme und weichen Komfort auf Reisen. Kompakt, kuschelig und ideal f\u00fcr Outdoor, Camping oder gem\u00fctliche Momente unterwegs.<\/p>\n","protected":false},"featured_media":166937,"comment_status":"open","ping_status":"closed","template":"","meta":[],"product_brand":[],"product_cat":[38228],"product_tag":[],"class_list":{"0":"post-260434","1":"product","2":"type-product","3":"status-publish","4":"has-post-thumbnail","6":"product_cat-wohntextilien-teppiche","7":"product_shipping_class-global_methods","9":"first","10":"instock","11":"taxable","12":"shipping-taxable","13":"purchasable","14":"product-type-simple"},"yoast_head":"<!-- This site is optimized with the Yoast SEO plugin v27.4 - https:\/\/yoast.com\/product\/yoast-seo-wordpress\/ -->\n<title>Trespass SNUGGLES - Fleece Decke<\/title>\n<meta name=\"description\" content=\"Trespass Fleecedecke \u2013 120x180 cm Die Trespass Fleecedecke ist Ihr unverzichtbarer Begleiter f\u00fcr W\u00e4rme und Gem\u00fctlichkeit, egal wohin die Reise geht. Diese viels\" \/>\n<meta name=\"robots\" content=\"index, follow, max-snippet:-1, max-image-preview:large, max-video-preview:-1\" \/>\n<link rel=\"canonical\" href=\"https:\/\/schweizversand.ch\/it\/produkt\/trespass-snuggles-fleece-decke-2\/\" \/>\n<meta property=\"og:locale\" content=\"it_IT\" \/>\n<meta property=\"og:type\" content=\"article\" \/>\n<meta property=\"og:title\" content=\"Trespass SNUGGLES - Fleece Decke\" \/>\n<meta property=\"og:description\" content=\"Trespass Fleecedecke \u2013 120x180 cm Die Trespass Fleecedecke ist Ihr unverzichtbarer Begleiter f\u00fcr W\u00e4rme und Gem\u00fctlichkeit, egal wohin die Reise geht. Diese viels\" \/>\n<meta property=\"og:url\" content=\"https:\/\/schweizversand.ch\/it\/produkt\/trespass-snuggles-fleece-decke-2\/\" \/>\n<meta property=\"og:site_name\" content=\"Schweizer Shop f\u00fcr Sport, Spiel und Freizeit\" \/>\n<meta property=\"article:publisher\" content=\"https:\/\/www.facebook.com\/Schweizversand\" \/>\n<meta property=\"article:modified_time\" content=\"2026-04-20T00:05:24+00:00\" \/>\n<meta property=\"og:image\" content=\"https:\/\/schweizversand.ch\/wp-content\/uploads\/2026\/02\/5594858034.jpg\" \/>\n\t<meta property=\"og:image:width\" content=\"1024\" \/>\n\t<meta property=\"og:image:height\" content=\"1024\" \/>\n\t<meta property=\"og:image:type\" content=\"image\/jpeg\" \/>\n<meta name=\"twitter:card\" content=\"summary_large_image\" \/>\n<meta name=\"twitter:label1\" content=\"Tempo di lettura stimato\" \/>\n\t<meta name=\"twitter:data1\" content=\"1 minuto\" \/>\n<script type=\"application\/ld+json\" class=\"yoast-schema-graph\">{\"@context\":\"https:\\\/\\\/schema.org\",\"@graph\":[{\"@type\":\"WebPage\",\"@id\":\"https:\\\/\\\/schweizversand.ch\\\/it\\\/produkt\\\/trespass-snuggles-fleece-decke-2\\\/\",\"url\":\"https:\\\/\\\/schweizversand.ch\\\/it\\\/produkt\\\/trespass-snuggles-fleece-decke-2\\\/\",\"name\":\"Trespass SNUGGLES - Fleece Decke\",\"isPartOf\":{\"@id\":\"https:\\\/\\\/schweizversand.ch\\\/it\\\/#website\"},\"primaryImageOfPage\":{\"@id\":\"https:\\\/\\\/schweizversand.ch\\\/it\\\/produkt\\\/trespass-snuggles-fleece-decke-2\\\/#primaryimage\"},\"image\":{\"@id\":\"https:\\\/\\\/schweizversand.ch\\\/it\\\/produkt\\\/trespass-snuggles-fleece-decke-2\\\/#primaryimage\"},\"thumbnailUrl\":\"https:\\\/\\\/schweizversand.ch\\\/wp-content\\\/uploads\\\/2026\\\/02\\\/5594858034.jpg\",\"datePublished\":\"2026-03-14T23:55:44+00:00\",\"dateModified\":\"2026-04-20T00:05:24+00:00\",\"description\":\"Trespass Fleecedecke \u2013 120x180 cm Die Trespass Fleecedecke ist Ihr unverzichtbarer Begleiter f\u00fcr W\u00e4rme und Gem\u00fctlichkeit, egal wohin die Reise geht. Diese viels\",\"breadcrumb\":{\"@id\":\"https:\\\/\\\/schweizversand.ch\\\/it\\\/produkt\\\/trespass-snuggles-fleece-decke-2\\\/#breadcrumb\"},\"inLanguage\":\"it-IT\",\"potentialAction\":[{\"@type\":\"ReadAction\",\"target\":[\"https:\\\/\\\/schweizversand.ch\\\/it\\\/produkt\\\/trespass-snuggles-fleece-decke-2\\\/\"]}]},{\"@type\":\"ImageObject\",\"inLanguage\":\"it-IT\",\"@id\":\"https:\\\/\\\/schweizversand.ch\\\/it\\\/produkt\\\/trespass-snuggles-fleece-decke-2\\\/#primaryimage\",\"url\":\"https:\\\/\\\/schweizversand.ch\\\/wp-content\\\/uploads\\\/2026\\\/02\\\/5594858034.jpg\",\"contentUrl\":\"https:\\\/\\\/schweizversand.ch\\\/wp-content\\\/uploads\\\/2026\\\/02\\\/5594858034.jpg\",\"width\":1024,\"height\":1024},{\"@type\":\"BreadcrumbList\",\"@id\":\"https:\\\/\\\/schweizversand.ch\\\/it\\\/produkt\\\/trespass-snuggles-fleece-decke-2\\\/#breadcrumb\",\"itemListElement\":[{\"@type\":\"ListItem\",\"position\":1,\"name\":\"Startseite\",\"item\":\"https:\\\/\\\/schweizversand.ch\\\/it\\\/home\\\/\"},{\"@type\":\"ListItem\",\"position\":2,\"name\":\"Shop\",\"item\":\"https:\\\/\\\/schweizversand.ch\\\/it\\\/shop\\\/\"},{\"@type\":\"ListItem\",\"position\":3,\"name\":\"Home\",\"item\":\"https:\\\/\\\/schweizversand.ch\\\/it\\\/produkt-kategorie\\\/home\\\/\"},{\"@type\":\"ListItem\",\"position\":4,\"name\":\"Tessili per la casa\",\"item\":\"https:\\\/\\\/schweizversand.ch\\\/it\\\/produkt-kategorie\\\/home\\\/tessili-per-la-casa\\\/\"},{\"@type\":\"ListItem\",\"position\":5,\"name\":\"Tessili per la casa e tappeti\",\"item\":\"https:\\\/\\\/schweizversand.ch\\\/it\\\/produkt-kategorie\\\/home\\\/tessili-per-la-casa\\\/wohntextilien-teppiche\\\/\"},{\"@type\":\"ListItem\",\"position\":6,\"name\":\"Trespass SNUGGLES &#8211; Coperta in pile\"}]},{\"@type\":\"WebSite\",\"@id\":\"https:\\\/\\\/schweizversand.ch\\\/it\\\/#website\",\"url\":\"https:\\\/\\\/schweizversand.ch\\\/it\\\/\",\"name\":\"Schweizer Shop f\u00fcr Sport, Spiel und Freizeit\",\"description\":\"Gratisversand ab 50.- (netto), ab eigenem schweizer Lager, Lieferung innert 48h\",\"publisher\":{\"@id\":\"https:\\\/\\\/schweizversand.ch\\\/it\\\/#organization\"},\"alternateName\":\"Schweizversand.ch\",\"potentialAction\":[{\"@type\":\"SearchAction\",\"target\":{\"@type\":\"EntryPoint\",\"urlTemplate\":\"https:\\\/\\\/schweizversand.ch\\\/it\\\/?s={search_term_string}\"},\"query-input\":{\"@type\":\"PropertyValueSpecification\",\"valueRequired\":true,\"valueName\":\"search_term_string\"}}],\"inLanguage\":\"it-IT\"},{\"@type\":\"Organization\",\"@id\":\"https:\\\/\\\/schweizversand.ch\\\/it\\\/#organization\",\"name\":\"Schweizversand.ch\",\"url\":\"https:\\\/\\\/schweizversand.ch\\\/it\\\/\",\"logo\":{\"@type\":\"ImageObject\",\"inLanguage\":\"it-IT\",\"@id\":\"https:\\\/\\\/schweizversand.ch\\\/it\\\/#\\\/schema\\\/logo\\\/image\\\/\",\"url\":\"https:\\\/\\\/schweizversand.ch\\\/wp-content\\\/uploads\\\/2026\\\/03\\\/Logo_Rund_Final-1.png\",\"contentUrl\":\"https:\\\/\\\/schweizversand.ch\\\/wp-content\\\/uploads\\\/2026\\\/03\\\/Logo_Rund_Final-1.png\",\"width\":404,\"height\":404,\"caption\":\"Schweizversand.ch\"},\"image\":{\"@id\":\"https:\\\/\\\/schweizversand.ch\\\/it\\\/#\\\/schema\\\/logo\\\/image\\\/\"},\"sameAs\":[\"https:\\\/\\\/www.facebook.com\\\/Schweizversand\",\"https:\\\/\\\/www.instagram.com\\\/schweizversand.ch\\\/\"]}]}<\/script>\n<!-- \/ Yoast SEO plugin. -->","yoast_head_json":{"title":"Trespass SNUGGLES - Fleece Decke","description":"Trespass Fleecedecke \u2013 120x180 cm Die Trespass Fleecedecke ist Ihr unverzichtbarer Begleiter f\u00fcr W\u00e4rme und Gem\u00fctlichkeit, egal wohin die Reise geht. Diese viels","robots":{"index":"index","follow":"follow","max-snippet":"max-snippet:-1","max-image-preview":"max-image-preview:large","max-video-preview":"max-video-preview:-1"},"canonical":"https:\/\/schweizversand.ch\/it\/produkt\/trespass-snuggles-fleece-decke-2\/","og_locale":"it_IT","og_type":"article","og_title":"Trespass SNUGGLES - Fleece Decke","og_description":"Trespass Fleecedecke \u2013 120x180 cm Die Trespass Fleecedecke ist Ihr unverzichtbarer Begleiter f\u00fcr W\u00e4rme und Gem\u00fctlichkeit, egal wohin die Reise geht. Diese viels","og_url":"https:\/\/schweizversand.ch\/it\/produkt\/trespass-snuggles-fleece-decke-2\/","og_site_name":"Schweizer Shop f\u00fcr Sport, Spiel und Freizeit","article_publisher":"https:\/\/www.facebook.com\/Schweizversand","article_modified_time":"2026-04-20T00:05:24+00:00","og_image":[{"width":1024,"height":1024,"url":"https:\/\/schweizversand.ch\/wp-content\/uploads\/2026\/02\/5594858034.jpg","type":"image\/jpeg"}],"twitter_card":"summary_large_image","twitter_misc":{"Tempo di lettura stimato":"1 minuto"},"schema":{"@context":"https:\/\/schema.org","@graph":[{"@type":"WebPage","@id":"https:\/\/schweizversand.ch\/it\/produkt\/trespass-snuggles-fleece-decke-2\/","url":"https:\/\/schweizversand.ch\/it\/produkt\/trespass-snuggles-fleece-decke-2\/","name":"Trespass SNUGGLES - Fleece Decke","isPartOf":{"@id":"https:\/\/schweizversand.ch\/it\/#website"},"primaryImageOfPage":{"@id":"https:\/\/schweizversand.ch\/it\/produkt\/trespass-snuggles-fleece-decke-2\/#primaryimage"},"image":{"@id":"https:\/\/schweizversand.ch\/it\/produkt\/trespass-snuggles-fleece-decke-2\/#primaryimage"},"thumbnailUrl":"https:\/\/schweizversand.ch\/wp-content\/uploads\/2026\/02\/5594858034.jpg","datePublished":"2026-03-14T23:55:44+00:00","dateModified":"2026-04-20T00:05:24+00:00","description":"Trespass Fleecedecke \u2013 120x180 cm Die Trespass Fleecedecke ist Ihr unverzichtbarer Begleiter f\u00fcr W\u00e4rme und Gem\u00fctlichkeit, egal wohin die Reise geht. Diese viels","breadcrumb":{"@id":"https:\/\/schweizversand.ch\/it\/produkt\/trespass-snuggles-fleece-decke-2\/#breadcrumb"},"inLanguage":"it-IT","potentialAction":[{"@type":"ReadAction","target":["https:\/\/schweizversand.ch\/it\/produkt\/trespass-snuggles-fleece-decke-2\/"]}]},{"@type":"ImageObject","inLanguage":"it-IT","@id":"https:\/\/schweizversand.ch\/it\/produkt\/trespass-snuggles-fleece-decke-2\/#primaryimage","url":"https:\/\/schweizversand.ch\/wp-content\/uploads\/2026\/02\/5594858034.jpg","contentUrl":"https:\/\/schweizversand.ch\/wp-content\/uploads\/2026\/02\/5594858034.jpg","width":1024,"height":1024},{"@type":"BreadcrumbList","@id":"https:\/\/schweizversand.ch\/it\/produkt\/trespass-snuggles-fleece-decke-2\/#breadcrumb","itemListElement":[{"@type":"ListItem","position":1,"name":"Startseite","item":"https:\/\/schweizversand.ch\/it\/home\/"},{"@type":"ListItem","position":2,"name":"Shop","item":"https:\/\/schweizversand.ch\/it\/shop\/"},{"@type":"ListItem","position":3,"name":"Home","item":"https:\/\/schweizversand.ch\/it\/produkt-kategorie\/home\/"},{"@type":"ListItem","position":4,"name":"Tessili per la casa","item":"https:\/\/schweizversand.ch\/it\/produkt-kategorie\/home\/tessili-per-la-casa\/"},{"@type":"ListItem","position":5,"name":"Tessili per la casa e tappeti","item":"https:\/\/schweizversand.ch\/it\/produkt-kategorie\/home\/tessili-per-la-casa\/wohntextilien-teppiche\/"},{"@type":"ListItem","position":6,"name":"Trespass SNUGGLES &#8211; Coperta in pile"}]},{"@type":"WebSite","@id":"https:\/\/schweizversand.ch\/it\/#website","url":"https:\/\/schweizversand.ch\/it\/","name":"Schweizer Shop f\u00fcr Sport, Spiel und Freizeit","description":"Gratisversand ab 50.- (netto), ab eigenem schweizer Lager, Lieferung innert 48h","publisher":{"@id":"https:\/\/schweizversand.ch\/it\/#organization"},"alternateName":"Schweizversand.ch","potentialAction":[{"@type":"SearchAction","target":{"@type":"EntryPoint","urlTemplate":"https:\/\/schweizversand.ch\/it\/?s={search_term_string}"},"query-input":{"@type":"PropertyValueSpecification","valueRequired":true,"valueName":"search_term_string"}}],"inLanguage":"it-IT"},{"@type":"Organization","@id":"https:\/\/schweizversand.ch\/it\/#organization","name":"Schweizversand.ch","url":"https:\/\/schweizversand.ch\/it\/","logo":{"@type":"ImageObject","inLanguage":"it-IT","@id":"https:\/\/schweizversand.ch\/it\/#\/schema\/logo\/image\/","url":"https:\/\/schweizversand.ch\/wp-content\/uploads\/2026\/03\/Logo_Rund_Final-1.png","contentUrl":"https:\/\/schweizversand.ch\/wp-content\/uploads\/2026\/03\/Logo_Rund_Final-1.png","width":404,"height":404,"caption":"Schweizversand.ch"},"image":{"@id":"https:\/\/schweizversand.ch\/it\/#\/schema\/logo\/image\/"},"sameAs":["https:\/\/www.facebook.com\/Schweizversand","https:\/\/www.instagram.com\/schweizversand.ch\/"]}]}},"jetpack_sharing_enabled":true,"_links":{"self":[{"href":"https:\/\/schweizversand.ch\/it\/wp-json\/wp\/v2\/product\/260434","targetHints":{"allow":["GET"]}}],"collection":[{"href":"https:\/\/schweizversand.ch\/it\/wp-json\/wp\/v2\/product"}],"about":[{"href":"https:\/\/schweizversand.ch\/it\/wp-json\/wp\/v2\/types\/product"}],"replies":[{"embeddable":true,"href":"https:\/\/schweizversand.ch\/it\/wp-json\/wp\/v2\/comments?post=260434"}],"wp:featuredmedia":[{"embeddable":true,"href":"https:\/\/schweizversand.ch\/it\/wp-json\/wp\/v2\/media\/166937"}],"wp:attachment":[{"href":"https:\/\/schweizversand.ch\/it\/wp-json\/wp\/v2\/media?parent=260434"}],"wp:term":[{"taxonomy":"product_brand","embeddable":true,"href":"https:\/\/schweizversand.ch\/it\/wp-json\/wp\/v2\/product_brand?post=260434"},{"taxonomy":"product_cat","embeddable":true,"href":"https:\/\/schweizversand.ch\/it\/wp-json\/wp\/v2\/product_cat?post=260434"},{"taxonomy":"product_tag","embeddable":true,"href":"https:\/\/schweizversand.ch\/it\/wp-json\/wp\/v2\/product_tag?post=260434"}],"curies":[{"name":"wp","href":"https:\/\/api.w.org\/{rel}","templated":true}]}}