{"id":260442,"date":"2026-03-15T00:55:45","date_gmt":"2026-03-14T23:55:45","guid":{"rendered":"https:\/\/schweizversand.ch\/produkt\/trespass-qikpac-kinder-regenjacke\/"},"modified":"2026-04-19T15:37:12","modified_gmt":"2026-04-19T13:37:12","slug":"trespass-qikpac-kinder-regenjacke","status":"publish","type":"product","link":"https:\/\/schweizversand.ch\/it\/produkt\/trespass-qikpac-kinder-regenjacke\/","title":{"rendered":"Giacca antipioggia per bambini Trespass QIKPAC"},"content":{"rendered":"<p>La QIKPAK JACKET \u00e8 una giacca antipioggia impermeabile per bambini, progettata con caratteristiche pratiche. Utilizza la tecnologia Tres-Tex, che offre propriet\u00e0 impermeabili, antivento e traspiranti. Le superfici della giacca sono trattate per respingere l&#8217;acqua e allontanare l&#8217;umidit\u00e0 dal corpo. Queste caratteristiche consentono alla giacca di resistere a una colonna d&#8217;acqua fino a 5.000 mm, mantenendo al contempo la traspirabilit\u00e0 con un tasso di trasmissione del vapore di 5.000 g\/m\u00b2\/24 ore. La giacca antipioggia \u00e8 anche antivento e presenta cuciture sigillate per una maggiore protezione dagli agenti atmosferici. \u00c8 dotata di due tasche con cerniera per riporre gli oggetti essenziali durante le attivit\u00e0 all&#8217;aperto come escursioni, ciclismo o passeggiate a scuola. Una caratteristica speciale di questa giacca sono le sue dimensioni compatte. Pu\u00f2 essere facilmente arrotolata e inserita nella borsa a rete inclusa. Questo la rende particolarmente pratica per i viaggi, poich\u00e9 pu\u00f2 essere facilmente riposta quando necessario. La QIKPAK JACKET \u00e8 realizzata in 100% poliammide, un materiale resistente ideale per le attivit\u00e0 all&#8217;aperto. &#8211; Giacca antipioggia impermeabile arrotolabile in modo compatto &#8211; Impermeabile fino a 5.000 mm di colonna d&#8217;acqua &#8211; Traspirante fino a 5.000 g\/m\u00b2\/24 ore &#8211; Antivento; cuciture sigillate &#8211; 2 tasche con cerniera &#8211; 100% poliammide<\/p>\n","protected":false},"excerpt":{"rendered":"<p>Trespass QIKPAC Kinder Regenjacke sch\u00fctzt wasserdicht, winddicht und atmungsaktiv mit Tres-Tex Technologie. Praktisch mit Rei\u00dfverschlusstaschen f\u00fcr jedes Abenteuer.<\/p>\n","protected":false},"featured_media":160720,"comment_status":"open","ping_status":"closed","template":"","meta":[],"product_brand":[],"product_cat":[38544],"product_tag":[],"class_list":{"0":"post-260442","1":"product","2":"type-product","3":"status-publish","4":"has-post-thumbnail","6":"product_cat-outdoorbekleidung","7":"product_shipping_class-global_methods","9":"first","10":"instock","11":"taxable","12":"shipping-taxable","13":"purchasable","14":"product-type-simple"},"yoast_head":"<!-- This site is optimized with the Yoast SEO plugin v27.4 - https:\/\/yoast.com\/product\/yoast-seo-wordpress\/ -->\n<title>Trespass QIKPAC Kinder Regenjacke<\/title>\n<meta name=\"description\" content=\"Die QIKPAK JACKET ist eine wasserdichte Regenjacke f\u00fcr Kinder, die auf praktische Funktionen ausgerichtet ist. Sie verwendet die Tres-Tex Technologie, die wasse\" \/>\n<meta name=\"robots\" content=\"index, follow, max-snippet:-1, max-image-preview:large, max-video-preview:-1\" \/>\n<link rel=\"canonical\" href=\"https:\/\/schweizversand.ch\/it\/produkt\/trespass-qikpac-kinder-regenjacke\/\" \/>\n<meta property=\"og:locale\" content=\"it_IT\" \/>\n<meta property=\"og:type\" content=\"article\" \/>\n<meta property=\"og:title\" content=\"Trespass QIKPAC Kinder Regenjacke\" \/>\n<meta property=\"og:description\" content=\"Die QIKPAK JACKET ist eine wasserdichte Regenjacke f\u00fcr Kinder, die auf praktische Funktionen ausgerichtet ist. Sie verwendet die Tres-Tex Technologie, die wasse\" \/>\n<meta property=\"og:url\" content=\"https:\/\/schweizversand.ch\/it\/produkt\/trespass-qikpac-kinder-regenjacke\/\" \/>\n<meta property=\"og:site_name\" content=\"Schweizer Shop f\u00fcr Sport, Spiel und Freizeit\" \/>\n<meta property=\"article:publisher\" content=\"https:\/\/www.facebook.com\/Schweizversand\" \/>\n<meta property=\"article:modified_time\" content=\"2026-04-19T13:37:12+00:00\" \/>\n<meta property=\"og:image\" content=\"https:\/\/schweizversand.ch\/wp-content\/uploads\/2026\/02\/5471489739.jpg\" \/>\n\t<meta property=\"og:image:width\" content=\"754\" \/>\n\t<meta property=\"og:image:height\" content=\"1024\" \/>\n\t<meta property=\"og:image:type\" content=\"image\/jpeg\" \/>\n<meta name=\"twitter:card\" content=\"summary_large_image\" \/>\n<meta name=\"twitter:label1\" content=\"Tempo di lettura stimato\" \/>\n\t<meta name=\"twitter:data1\" content=\"1 minuto\" \/>\n<script type=\"application\/ld+json\" class=\"yoast-schema-graph\">{\"@context\":\"https:\\\/\\\/schema.org\",\"@graph\":[{\"@type\":\"WebPage\",\"@id\":\"https:\\\/\\\/schweizversand.ch\\\/it\\\/produkt\\\/trespass-qikpac-kinder-regenjacke\\\/\",\"url\":\"https:\\\/\\\/schweizversand.ch\\\/it\\\/produkt\\\/trespass-qikpac-kinder-regenjacke\\\/\",\"name\":\"Trespass QIKPAC Kinder Regenjacke\",\"isPartOf\":{\"@id\":\"https:\\\/\\\/schweizversand.ch\\\/it\\\/#website\"},\"primaryImageOfPage\":{\"@id\":\"https:\\\/\\\/schweizversand.ch\\\/it\\\/produkt\\\/trespass-qikpac-kinder-regenjacke\\\/#primaryimage\"},\"image\":{\"@id\":\"https:\\\/\\\/schweizversand.ch\\\/it\\\/produkt\\\/trespass-qikpac-kinder-regenjacke\\\/#primaryimage\"},\"thumbnailUrl\":\"https:\\\/\\\/schweizversand.ch\\\/wp-content\\\/uploads\\\/2026\\\/02\\\/5471489739.jpg\",\"datePublished\":\"2026-03-14T23:55:45+00:00\",\"dateModified\":\"2026-04-19T13:37:12+00:00\",\"description\":\"Die QIKPAK JACKET ist eine wasserdichte Regenjacke f\u00fcr Kinder, die auf praktische Funktionen ausgerichtet ist. Sie verwendet die Tres-Tex Technologie, die wasse\",\"breadcrumb\":{\"@id\":\"https:\\\/\\\/schweizversand.ch\\\/it\\\/produkt\\\/trespass-qikpac-kinder-regenjacke\\\/#breadcrumb\"},\"inLanguage\":\"it-IT\",\"potentialAction\":[{\"@type\":\"ReadAction\",\"target\":[\"https:\\\/\\\/schweizversand.ch\\\/it\\\/produkt\\\/trespass-qikpac-kinder-regenjacke\\\/\"]}]},{\"@type\":\"ImageObject\",\"inLanguage\":\"it-IT\",\"@id\":\"https:\\\/\\\/schweizversand.ch\\\/it\\\/produkt\\\/trespass-qikpac-kinder-regenjacke\\\/#primaryimage\",\"url\":\"https:\\\/\\\/schweizversand.ch\\\/wp-content\\\/uploads\\\/2026\\\/02\\\/5471489739.jpg\",\"contentUrl\":\"https:\\\/\\\/schweizversand.ch\\\/wp-content\\\/uploads\\\/2026\\\/02\\\/5471489739.jpg\",\"width\":754,\"height\":1024},{\"@type\":\"BreadcrumbList\",\"@id\":\"https:\\\/\\\/schweizversand.ch\\\/it\\\/produkt\\\/trespass-qikpac-kinder-regenjacke\\\/#breadcrumb\",\"itemListElement\":[{\"@type\":\"ListItem\",\"position\":1,\"name\":\"Startseite\",\"item\":\"https:\\\/\\\/schweizversand.ch\\\/it\\\/home\\\/\"},{\"@type\":\"ListItem\",\"position\":2,\"name\":\"Shop\",\"item\":\"https:\\\/\\\/schweizversand.ch\\\/it\\\/shop\\\/\"},{\"@type\":\"ListItem\",\"position\":3,\"name\":\"Sport\",\"item\":\"https:\\\/\\\/schweizversand.ch\\\/it\\\/produkt-kategorie\\\/sport-it\\\/\"},{\"@type\":\"ListItem\",\"position\":4,\"name\":\"All'aperto\",\"item\":\"https:\\\/\\\/schweizversand.ch\\\/it\\\/produkt-kategorie\\\/sport-it\\\/allaperto\\\/\"},{\"@type\":\"ListItem\",\"position\":5,\"name\":\"Abbigliamento per attivit\u00e0 all'aperto\",\"item\":\"https:\\\/\\\/schweizversand.ch\\\/it\\\/produkt-kategorie\\\/sport-it\\\/allaperto\\\/outdoorbekleidung\\\/\"},{\"@type\":\"ListItem\",\"position\":6,\"name\":\"Giacca antipioggia per bambini Trespass QIKPAC\"}]},{\"@type\":\"WebSite\",\"@id\":\"https:\\\/\\\/schweizversand.ch\\\/it\\\/#website\",\"url\":\"https:\\\/\\\/schweizversand.ch\\\/it\\\/\",\"name\":\"Schweizer Shop f\u00fcr Sport, Spiel und Freizeit\",\"description\":\"Gratisversand ab 50.- (netto), ab eigenem schweizer Lager, Lieferung innert 48h\",\"publisher\":{\"@id\":\"https:\\\/\\\/schweizversand.ch\\\/it\\\/#organization\"},\"alternateName\":\"Schweizversand.ch\",\"potentialAction\":[{\"@type\":\"SearchAction\",\"target\":{\"@type\":\"EntryPoint\",\"urlTemplate\":\"https:\\\/\\\/schweizversand.ch\\\/it\\\/?s={search_term_string}\"},\"query-input\":{\"@type\":\"PropertyValueSpecification\",\"valueRequired\":true,\"valueName\":\"search_term_string\"}}],\"inLanguage\":\"it-IT\"},{\"@type\":\"Organization\",\"@id\":\"https:\\\/\\\/schweizversand.ch\\\/it\\\/#organization\",\"name\":\"Schweizversand.ch\",\"url\":\"https:\\\/\\\/schweizversand.ch\\\/it\\\/\",\"logo\":{\"@type\":\"ImageObject\",\"inLanguage\":\"it-IT\",\"@id\":\"https:\\\/\\\/schweizversand.ch\\\/it\\\/#\\\/schema\\\/logo\\\/image\\\/\",\"url\":\"https:\\\/\\\/schweizversand.ch\\\/wp-content\\\/uploads\\\/2026\\\/03\\\/Logo_Rund_Final-1.png\",\"contentUrl\":\"https:\\\/\\\/schweizversand.ch\\\/wp-content\\\/uploads\\\/2026\\\/03\\\/Logo_Rund_Final-1.png\",\"width\":404,\"height\":404,\"caption\":\"Schweizversand.ch\"},\"image\":{\"@id\":\"https:\\\/\\\/schweizversand.ch\\\/it\\\/#\\\/schema\\\/logo\\\/image\\\/\"},\"sameAs\":[\"https:\\\/\\\/www.facebook.com\\\/Schweizversand\",\"https:\\\/\\\/www.instagram.com\\\/schweizversand.ch\\\/\"]}]}<\/script>\n<!-- \/ Yoast SEO plugin. -->","yoast_head_json":{"title":"Trespass QIKPAC Kinder Regenjacke","description":"Die QIKPAK JACKET ist eine wasserdichte Regenjacke f\u00fcr Kinder, die auf praktische Funktionen ausgerichtet ist. Sie verwendet die Tres-Tex Technologie, die wasse","robots":{"index":"index","follow":"follow","max-snippet":"max-snippet:-1","max-image-preview":"max-image-preview:large","max-video-preview":"max-video-preview:-1"},"canonical":"https:\/\/schweizversand.ch\/it\/produkt\/trespass-qikpac-kinder-regenjacke\/","og_locale":"it_IT","og_type":"article","og_title":"Trespass QIKPAC Kinder Regenjacke","og_description":"Die QIKPAK JACKET ist eine wasserdichte Regenjacke f\u00fcr Kinder, die auf praktische Funktionen ausgerichtet ist. Sie verwendet die Tres-Tex Technologie, die wasse","og_url":"https:\/\/schweizversand.ch\/it\/produkt\/trespass-qikpac-kinder-regenjacke\/","og_site_name":"Schweizer Shop f\u00fcr Sport, Spiel und Freizeit","article_publisher":"https:\/\/www.facebook.com\/Schweizversand","article_modified_time":"2026-04-19T13:37:12+00:00","og_image":[{"width":754,"height":1024,"url":"https:\/\/schweizversand.ch\/wp-content\/uploads\/2026\/02\/5471489739.jpg","type":"image\/jpeg"}],"twitter_card":"summary_large_image","twitter_misc":{"Tempo di lettura stimato":"1 minuto"},"schema":{"@context":"https:\/\/schema.org","@graph":[{"@type":"WebPage","@id":"https:\/\/schweizversand.ch\/it\/produkt\/trespass-qikpac-kinder-regenjacke\/","url":"https:\/\/schweizversand.ch\/it\/produkt\/trespass-qikpac-kinder-regenjacke\/","name":"Trespass QIKPAC Kinder Regenjacke","isPartOf":{"@id":"https:\/\/schweizversand.ch\/it\/#website"},"primaryImageOfPage":{"@id":"https:\/\/schweizversand.ch\/it\/produkt\/trespass-qikpac-kinder-regenjacke\/#primaryimage"},"image":{"@id":"https:\/\/schweizversand.ch\/it\/produkt\/trespass-qikpac-kinder-regenjacke\/#primaryimage"},"thumbnailUrl":"https:\/\/schweizversand.ch\/wp-content\/uploads\/2026\/02\/5471489739.jpg","datePublished":"2026-03-14T23:55:45+00:00","dateModified":"2026-04-19T13:37:12+00:00","description":"Die QIKPAK JACKET ist eine wasserdichte Regenjacke f\u00fcr Kinder, die auf praktische Funktionen ausgerichtet ist. Sie verwendet die Tres-Tex Technologie, die wasse","breadcrumb":{"@id":"https:\/\/schweizversand.ch\/it\/produkt\/trespass-qikpac-kinder-regenjacke\/#breadcrumb"},"inLanguage":"it-IT","potentialAction":[{"@type":"ReadAction","target":["https:\/\/schweizversand.ch\/it\/produkt\/trespass-qikpac-kinder-regenjacke\/"]}]},{"@type":"ImageObject","inLanguage":"it-IT","@id":"https:\/\/schweizversand.ch\/it\/produkt\/trespass-qikpac-kinder-regenjacke\/#primaryimage","url":"https:\/\/schweizversand.ch\/wp-content\/uploads\/2026\/02\/5471489739.jpg","contentUrl":"https:\/\/schweizversand.ch\/wp-content\/uploads\/2026\/02\/5471489739.jpg","width":754,"height":1024},{"@type":"BreadcrumbList","@id":"https:\/\/schweizversand.ch\/it\/produkt\/trespass-qikpac-kinder-regenjacke\/#breadcrumb","itemListElement":[{"@type":"ListItem","position":1,"name":"Startseite","item":"https:\/\/schweizversand.ch\/it\/home\/"},{"@type":"ListItem","position":2,"name":"Shop","item":"https:\/\/schweizversand.ch\/it\/shop\/"},{"@type":"ListItem","position":3,"name":"Sport","item":"https:\/\/schweizversand.ch\/it\/produkt-kategorie\/sport-it\/"},{"@type":"ListItem","position":4,"name":"All'aperto","item":"https:\/\/schweizversand.ch\/it\/produkt-kategorie\/sport-it\/allaperto\/"},{"@type":"ListItem","position":5,"name":"Abbigliamento per attivit\u00e0 all'aperto","item":"https:\/\/schweizversand.ch\/it\/produkt-kategorie\/sport-it\/allaperto\/outdoorbekleidung\/"},{"@type":"ListItem","position":6,"name":"Giacca antipioggia per bambini Trespass QIKPAC"}]},{"@type":"WebSite","@id":"https:\/\/schweizversand.ch\/it\/#website","url":"https:\/\/schweizversand.ch\/it\/","name":"Schweizer Shop f\u00fcr Sport, Spiel und Freizeit","description":"Gratisversand ab 50.- (netto), ab eigenem schweizer Lager, Lieferung innert 48h","publisher":{"@id":"https:\/\/schweizversand.ch\/it\/#organization"},"alternateName":"Schweizversand.ch","potentialAction":[{"@type":"SearchAction","target":{"@type":"EntryPoint","urlTemplate":"https:\/\/schweizversand.ch\/it\/?s={search_term_string}"},"query-input":{"@type":"PropertyValueSpecification","valueRequired":true,"valueName":"search_term_string"}}],"inLanguage":"it-IT"},{"@type":"Organization","@id":"https:\/\/schweizversand.ch\/it\/#organization","name":"Schweizversand.ch","url":"https:\/\/schweizversand.ch\/it\/","logo":{"@type":"ImageObject","inLanguage":"it-IT","@id":"https:\/\/schweizversand.ch\/it\/#\/schema\/logo\/image\/","url":"https:\/\/schweizversand.ch\/wp-content\/uploads\/2026\/03\/Logo_Rund_Final-1.png","contentUrl":"https:\/\/schweizversand.ch\/wp-content\/uploads\/2026\/03\/Logo_Rund_Final-1.png","width":404,"height":404,"caption":"Schweizversand.ch"},"image":{"@id":"https:\/\/schweizversand.ch\/it\/#\/schema\/logo\/image\/"},"sameAs":["https:\/\/www.facebook.com\/Schweizversand","https:\/\/www.instagram.com\/schweizversand.ch\/"]}]}},"jetpack_sharing_enabled":true,"_links":{"self":[{"href":"https:\/\/schweizversand.ch\/it\/wp-json\/wp\/v2\/product\/260442","targetHints":{"allow":["GET"]}}],"collection":[{"href":"https:\/\/schweizversand.ch\/it\/wp-json\/wp\/v2\/product"}],"about":[{"href":"https:\/\/schweizversand.ch\/it\/wp-json\/wp\/v2\/types\/product"}],"replies":[{"embeddable":true,"href":"https:\/\/schweizversand.ch\/it\/wp-json\/wp\/v2\/comments?post=260442"}],"wp:featuredmedia":[{"embeddable":true,"href":"https:\/\/schweizversand.ch\/it\/wp-json\/wp\/v2\/media\/160720"}],"wp:attachment":[{"href":"https:\/\/schweizversand.ch\/it\/wp-json\/wp\/v2\/media?parent=260442"}],"wp:term":[{"taxonomy":"product_brand","embeddable":true,"href":"https:\/\/schweizversand.ch\/it\/wp-json\/wp\/v2\/product_brand?post=260442"},{"taxonomy":"product_cat","embeddable":true,"href":"https:\/\/schweizversand.ch\/it\/wp-json\/wp\/v2\/product_cat?post=260442"},{"taxonomy":"product_tag","embeddable":true,"href":"https:\/\/schweizversand.ch\/it\/wp-json\/wp\/v2\/product_tag?post=260442"}],"curies":[{"name":"wp","href":"https:\/\/api.w.org\/{rel}","templated":true}]}}