{"id":260446,"date":"2026-03-15T00:55:46","date_gmt":"2026-03-14T23:55:46","guid":{"rendered":"https:\/\/schweizversand.ch\/produkt\/trespass-qikpac-regenhose-unisex-3\/"},"modified":"2026-04-12T02:10:34","modified_gmt":"2026-04-12T00:10:34","slug":"trespass-qikpac-regenhose-unisex-3","status":"publish","type":"product","link":"https:\/\/schweizversand.ch\/it\/produkt\/trespass-qikpac-regenhose-unisex-3\/","title":{"rendered":"Pantaloni antipioggia Trespass QIKPAC &#8211; UNISEX"},"content":{"rendered":"<h1><strong>Pantaloni antipioggia Trespass &#8211; Impermeabili e traspiranti<\/strong><\/h1>\n<div>Proteggiti efficacemente da vento e intemperie con i <strong>pantaloni antipioggia Trespass<\/strong>. Questi <strong>pantaloni impermeabili<\/strong> sono stati appositamente progettati per mantenerti asciutto e comodo durante tutte le attivit\u00e0 all&#8217;aperto, indipendentemente dalla pioggia intensa.<\/p>\n<\/div>\n<div><strong>Protezione dalle intemperie superiore<\/strong><br \/>Questi <strong>sovrapantaloni<\/strong> offrono un&#8217;eccellente protezione grazie al materiale Tres-Tex di alta qualit\u00e0. Il materiale \u00e8 impermeabile fino a 5000 mm, antivento e traspirante, garantendo un comfort ottimale. Le cuciture sigillate impediscono in modo affidabile la penetrazione dell&#8217;umidit\u00e0, garantendoti di rimanere completamente asciutto anche in caso di pioggia prolungata. Comfort e dettagli pratici: l&#8217;elastico in vita offre una vestibilit\u00e0 comoda e consente di indossarli e toglierli rapidamente e facilmente. I polsini dei pantaloni antipioggia sono regolabili con bottoni automatici, consentendo una vestibilit\u00e0 personalizzata. Le pratiche aperture laterali servono come accesso alle tasche, mentre un&#8217;ulteriore apertura posteriore ne migliora la funzionalit\u00e0.<\/p>\n<\/div>\n<div><strong>Dettagli del prodotto e contenuto della confezione<\/strong><br \/>&#8211; Materiale: Tres-Tex (impermeabile 5000 mm, antivento, traspirante)<br \/>&#8211; Taglia (vita): XL &#8211; 99\/104 cm<br \/>&#8211; Cucitura interna: XL &#8211; 80 cm<br \/>&#8211; Cuciture: completamente sigillate<br \/>&#8211; Cintura: elastica per una vestibilit\u00e0 ottimale<br \/>&#8211; Contenuto della confezione: include una pratica borsa con coulisse per un facile stoccaggio e trasporto<\/p>\n<\/div>\n<div>Investi in questi affidabili pantaloni antipioggia per essere perfettamente equipaggiato per qualsiasi condizione atmosferica. I pantaloni antipioggia Trespass sono il tuo compagno ideale per tutte le avventure all&#8217;aria aperta.<\/p>\n<\/div>\n<div><\/div>\n","protected":false},"excerpt":{"rendered":"<p>Trespass QIKPAC Regenhose &#8211; UNISEX sch\u00fctzt mit wasserdichtem, winddichtem und atmungsaktivem Tres-Tex-Material zuverl\u00e4ssig vor Regen. Komfortabel und praktisch f\u00fcr jede Outdoor-Tour.<\/p>\n","protected":false},"featured_media":160738,"comment_status":"open","ping_status":"closed","template":"","meta":[],"product_brand":[],"product_cat":[38544],"product_tag":[],"class_list":{"0":"post-260446","1":"product","2":"type-product","3":"status-publish","4":"has-post-thumbnail","6":"product_cat-outdoorbekleidung","7":"product_shipping_class-global_methods","9":"first","10":"instock","11":"taxable","12":"shipping-taxable","13":"purchasable","14":"product-type-simple"},"yoast_head":"<!-- This site is optimized with the Yoast SEO plugin v27.3 - https:\/\/yoast.com\/product\/yoast-seo-wordpress\/ -->\n<title>Trespass QIKPAC Regenhose - UNISEX<\/title>\n<meta name=\"description\" content=\"Trespass Regenhose \u2013 Wasserdicht und Atmungsaktiv Sch\u00fctzen Sie sich effektiv vor Wind und Wetter mit der Trespass Regenhose . Diese wasserdichte Hose wurde spez\" \/>\n<meta name=\"robots\" content=\"index, follow, max-snippet:-1, max-image-preview:large, max-video-preview:-1\" \/>\n<link rel=\"canonical\" href=\"https:\/\/schweizversand.ch\/it\/produkt\/trespass-qikpac-regenhose-unisex-3\/\" \/>\n<meta property=\"og:locale\" content=\"it_IT\" \/>\n<meta property=\"og:type\" content=\"article\" \/>\n<meta property=\"og:title\" content=\"Trespass QIKPAC Regenhose - UNISEX\" \/>\n<meta property=\"og:description\" content=\"Trespass Regenhose \u2013 Wasserdicht und Atmungsaktiv Sch\u00fctzen Sie sich effektiv vor Wind und Wetter mit der Trespass Regenhose . Diese wasserdichte Hose wurde spez\" \/>\n<meta property=\"og:url\" content=\"https:\/\/schweizversand.ch\/it\/produkt\/trespass-qikpac-regenhose-unisex-3\/\" \/>\n<meta property=\"og:site_name\" content=\"Schweizer Shop f\u00fcr Sport, Spiel und Freizeit\" \/>\n<meta property=\"article:publisher\" content=\"https:\/\/www.facebook.com\/Schweizversand\" \/>\n<meta property=\"article:modified_time\" content=\"2026-04-12T00:10:34+00:00\" \/>\n<meta property=\"og:image\" content=\"https:\/\/schweizversand.ch\/wp-content\/uploads\/2026\/02\/5471486979.jpg\" \/>\n\t<meta property=\"og:image:width\" content=\"891\" \/>\n\t<meta property=\"og:image:height\" content=\"1024\" \/>\n\t<meta property=\"og:image:type\" content=\"image\/jpeg\" \/>\n<meta name=\"twitter:card\" content=\"summary_large_image\" \/>\n<meta name=\"twitter:label1\" content=\"Tempo di lettura stimato\" \/>\n\t<meta name=\"twitter:data1\" content=\"1 minuto\" \/>\n<script type=\"application\/ld+json\" class=\"yoast-schema-graph\">{\"@context\":\"https:\\\/\\\/schema.org\",\"@graph\":[{\"@type\":\"WebPage\",\"@id\":\"https:\\\/\\\/schweizversand.ch\\\/it\\\/produkt\\\/trespass-qikpac-regenhose-unisex-3\\\/\",\"url\":\"https:\\\/\\\/schweizversand.ch\\\/it\\\/produkt\\\/trespass-qikpac-regenhose-unisex-3\\\/\",\"name\":\"Trespass QIKPAC Regenhose - UNISEX\",\"isPartOf\":{\"@id\":\"https:\\\/\\\/schweizversand.ch\\\/it\\\/#website\"},\"primaryImageOfPage\":{\"@id\":\"https:\\\/\\\/schweizversand.ch\\\/it\\\/produkt\\\/trespass-qikpac-regenhose-unisex-3\\\/#primaryimage\"},\"image\":{\"@id\":\"https:\\\/\\\/schweizversand.ch\\\/it\\\/produkt\\\/trespass-qikpac-regenhose-unisex-3\\\/#primaryimage\"},\"thumbnailUrl\":\"https:\\\/\\\/schweizversand.ch\\\/wp-content\\\/uploads\\\/2026\\\/02\\\/5471486979.jpg\",\"datePublished\":\"2026-03-14T23:55:46+00:00\",\"dateModified\":\"2026-04-12T00:10:34+00:00\",\"description\":\"Trespass Regenhose \u2013 Wasserdicht und Atmungsaktiv Sch\u00fctzen Sie sich effektiv vor Wind und Wetter mit der Trespass Regenhose . Diese wasserdichte Hose wurde spez\",\"breadcrumb\":{\"@id\":\"https:\\\/\\\/schweizversand.ch\\\/it\\\/produkt\\\/trespass-qikpac-regenhose-unisex-3\\\/#breadcrumb\"},\"inLanguage\":\"it-IT\",\"potentialAction\":[{\"@type\":\"ReadAction\",\"target\":[\"https:\\\/\\\/schweizversand.ch\\\/it\\\/produkt\\\/trespass-qikpac-regenhose-unisex-3\\\/\"]}]},{\"@type\":\"ImageObject\",\"inLanguage\":\"it-IT\",\"@id\":\"https:\\\/\\\/schweizversand.ch\\\/it\\\/produkt\\\/trespass-qikpac-regenhose-unisex-3\\\/#primaryimage\",\"url\":\"https:\\\/\\\/schweizversand.ch\\\/wp-content\\\/uploads\\\/2026\\\/02\\\/5471486979.jpg\",\"contentUrl\":\"https:\\\/\\\/schweizversand.ch\\\/wp-content\\\/uploads\\\/2026\\\/02\\\/5471486979.jpg\",\"width\":891,\"height\":1024},{\"@type\":\"BreadcrumbList\",\"@id\":\"https:\\\/\\\/schweizversand.ch\\\/it\\\/produkt\\\/trespass-qikpac-regenhose-unisex-3\\\/#breadcrumb\",\"itemListElement\":[{\"@type\":\"ListItem\",\"position\":1,\"name\":\"Startseite\",\"item\":\"https:\\\/\\\/schweizversand.ch\\\/it\\\/\"},{\"@type\":\"ListItem\",\"position\":2,\"name\":\"Shop\",\"item\":\"https:\\\/\\\/schweizversand.ch\\\/it\\\/shop\\\/\"},{\"@type\":\"ListItem\",\"position\":3,\"name\":\"Pantaloni antipioggia Trespass QIKPAC &#8211; UNISEX\"}]},{\"@type\":\"WebSite\",\"@id\":\"https:\\\/\\\/schweizversand.ch\\\/it\\\/#website\",\"url\":\"https:\\\/\\\/schweizversand.ch\\\/it\\\/\",\"name\":\"Schweizer Shop f\u00fcr Sport, Spiel und Freizeit\",\"description\":\"Gratisversand ab 50.- (netto), ab eigenem schweizer Lager, Lieferung innert 48h\",\"publisher\":{\"@id\":\"https:\\\/\\\/schweizversand.ch\\\/it\\\/#organization\"},\"alternateName\":\"Schweizversand.ch\",\"potentialAction\":[{\"@type\":\"SearchAction\",\"target\":{\"@type\":\"EntryPoint\",\"urlTemplate\":\"https:\\\/\\\/schweizversand.ch\\\/it\\\/?s={search_term_string}\"},\"query-input\":{\"@type\":\"PropertyValueSpecification\",\"valueRequired\":true,\"valueName\":\"search_term_string\"}}],\"inLanguage\":\"it-IT\"},{\"@type\":\"Organization\",\"@id\":\"https:\\\/\\\/schweizversand.ch\\\/it\\\/#organization\",\"name\":\"Schweizversand.ch\",\"url\":\"https:\\\/\\\/schweizversand.ch\\\/it\\\/\",\"logo\":{\"@type\":\"ImageObject\",\"inLanguage\":\"it-IT\",\"@id\":\"https:\\\/\\\/schweizversand.ch\\\/it\\\/#\\\/schema\\\/logo\\\/image\\\/\",\"url\":\"https:\\\/\\\/schweizversand.ch\\\/wp-content\\\/uploads\\\/2026\\\/03\\\/Logo_Rund_Final-1.png\",\"contentUrl\":\"https:\\\/\\\/schweizversand.ch\\\/wp-content\\\/uploads\\\/2026\\\/03\\\/Logo_Rund_Final-1.png\",\"width\":404,\"height\":404,\"caption\":\"Schweizversand.ch\"},\"image\":{\"@id\":\"https:\\\/\\\/schweizversand.ch\\\/it\\\/#\\\/schema\\\/logo\\\/image\\\/\"},\"sameAs\":[\"https:\\\/\\\/www.facebook.com\\\/Schweizversand\",\"https:\\\/\\\/www.instagram.com\\\/schweizversand.ch\\\/\"]}]}<\/script>\n<!-- \/ Yoast SEO plugin. -->","yoast_head_json":{"title":"Trespass QIKPAC Regenhose - UNISEX","description":"Trespass Regenhose \u2013 Wasserdicht und Atmungsaktiv Sch\u00fctzen Sie sich effektiv vor Wind und Wetter mit der Trespass Regenhose . Diese wasserdichte Hose wurde spez","robots":{"index":"index","follow":"follow","max-snippet":"max-snippet:-1","max-image-preview":"max-image-preview:large","max-video-preview":"max-video-preview:-1"},"canonical":"https:\/\/schweizversand.ch\/it\/produkt\/trespass-qikpac-regenhose-unisex-3\/","og_locale":"it_IT","og_type":"article","og_title":"Trespass QIKPAC Regenhose - UNISEX","og_description":"Trespass Regenhose \u2013 Wasserdicht und Atmungsaktiv Sch\u00fctzen Sie sich effektiv vor Wind und Wetter mit der Trespass Regenhose . Diese wasserdichte Hose wurde spez","og_url":"https:\/\/schweizversand.ch\/it\/produkt\/trespass-qikpac-regenhose-unisex-3\/","og_site_name":"Schweizer Shop f\u00fcr Sport, Spiel und Freizeit","article_publisher":"https:\/\/www.facebook.com\/Schweizversand","article_modified_time":"2026-04-12T00:10:34+00:00","og_image":[{"width":891,"height":1024,"url":"https:\/\/schweizversand.ch\/wp-content\/uploads\/2026\/02\/5471486979.jpg","type":"image\/jpeg"}],"twitter_card":"summary_large_image","twitter_misc":{"Tempo di lettura stimato":"1 minuto"},"schema":{"@context":"https:\/\/schema.org","@graph":[{"@type":"WebPage","@id":"https:\/\/schweizversand.ch\/it\/produkt\/trespass-qikpac-regenhose-unisex-3\/","url":"https:\/\/schweizversand.ch\/it\/produkt\/trespass-qikpac-regenhose-unisex-3\/","name":"Trespass QIKPAC Regenhose - UNISEX","isPartOf":{"@id":"https:\/\/schweizversand.ch\/it\/#website"},"primaryImageOfPage":{"@id":"https:\/\/schweizversand.ch\/it\/produkt\/trespass-qikpac-regenhose-unisex-3\/#primaryimage"},"image":{"@id":"https:\/\/schweizversand.ch\/it\/produkt\/trespass-qikpac-regenhose-unisex-3\/#primaryimage"},"thumbnailUrl":"https:\/\/schweizversand.ch\/wp-content\/uploads\/2026\/02\/5471486979.jpg","datePublished":"2026-03-14T23:55:46+00:00","dateModified":"2026-04-12T00:10:34+00:00","description":"Trespass Regenhose \u2013 Wasserdicht und Atmungsaktiv Sch\u00fctzen Sie sich effektiv vor Wind und Wetter mit der Trespass Regenhose . Diese wasserdichte Hose wurde spez","breadcrumb":{"@id":"https:\/\/schweizversand.ch\/it\/produkt\/trespass-qikpac-regenhose-unisex-3\/#breadcrumb"},"inLanguage":"it-IT","potentialAction":[{"@type":"ReadAction","target":["https:\/\/schweizversand.ch\/it\/produkt\/trespass-qikpac-regenhose-unisex-3\/"]}]},{"@type":"ImageObject","inLanguage":"it-IT","@id":"https:\/\/schweizversand.ch\/it\/produkt\/trespass-qikpac-regenhose-unisex-3\/#primaryimage","url":"https:\/\/schweizversand.ch\/wp-content\/uploads\/2026\/02\/5471486979.jpg","contentUrl":"https:\/\/schweizversand.ch\/wp-content\/uploads\/2026\/02\/5471486979.jpg","width":891,"height":1024},{"@type":"BreadcrumbList","@id":"https:\/\/schweizversand.ch\/it\/produkt\/trespass-qikpac-regenhose-unisex-3\/#breadcrumb","itemListElement":[{"@type":"ListItem","position":1,"name":"Startseite","item":"https:\/\/schweizversand.ch\/it\/"},{"@type":"ListItem","position":2,"name":"Shop","item":"https:\/\/schweizversand.ch\/it\/shop\/"},{"@type":"ListItem","position":3,"name":"Pantaloni antipioggia Trespass QIKPAC &#8211; UNISEX"}]},{"@type":"WebSite","@id":"https:\/\/schweizversand.ch\/it\/#website","url":"https:\/\/schweizversand.ch\/it\/","name":"Schweizer Shop f\u00fcr Sport, Spiel und Freizeit","description":"Gratisversand ab 50.- (netto), ab eigenem schweizer Lager, Lieferung innert 48h","publisher":{"@id":"https:\/\/schweizversand.ch\/it\/#organization"},"alternateName":"Schweizversand.ch","potentialAction":[{"@type":"SearchAction","target":{"@type":"EntryPoint","urlTemplate":"https:\/\/schweizversand.ch\/it\/?s={search_term_string}"},"query-input":{"@type":"PropertyValueSpecification","valueRequired":true,"valueName":"search_term_string"}}],"inLanguage":"it-IT"},{"@type":"Organization","@id":"https:\/\/schweizversand.ch\/it\/#organization","name":"Schweizversand.ch","url":"https:\/\/schweizversand.ch\/it\/","logo":{"@type":"ImageObject","inLanguage":"it-IT","@id":"https:\/\/schweizversand.ch\/it\/#\/schema\/logo\/image\/","url":"https:\/\/schweizversand.ch\/wp-content\/uploads\/2026\/03\/Logo_Rund_Final-1.png","contentUrl":"https:\/\/schweizversand.ch\/wp-content\/uploads\/2026\/03\/Logo_Rund_Final-1.png","width":404,"height":404,"caption":"Schweizversand.ch"},"image":{"@id":"https:\/\/schweizversand.ch\/it\/#\/schema\/logo\/image\/"},"sameAs":["https:\/\/www.facebook.com\/Schweizversand","https:\/\/www.instagram.com\/schweizversand.ch\/"]}]}},"jetpack_sharing_enabled":true,"_links":{"self":[{"href":"https:\/\/schweizversand.ch\/it\/wp-json\/wp\/v2\/product\/260446","targetHints":{"allow":["GET"]}}],"collection":[{"href":"https:\/\/schweizversand.ch\/it\/wp-json\/wp\/v2\/product"}],"about":[{"href":"https:\/\/schweizversand.ch\/it\/wp-json\/wp\/v2\/types\/product"}],"replies":[{"embeddable":true,"href":"https:\/\/schweizversand.ch\/it\/wp-json\/wp\/v2\/comments?post=260446"}],"wp:featuredmedia":[{"embeddable":true,"href":"https:\/\/schweizversand.ch\/it\/wp-json\/wp\/v2\/media\/160738"}],"wp:attachment":[{"href":"https:\/\/schweizversand.ch\/it\/wp-json\/wp\/v2\/media?parent=260446"}],"wp:term":[{"taxonomy":"product_brand","embeddable":true,"href":"https:\/\/schweizversand.ch\/it\/wp-json\/wp\/v2\/product_brand?post=260446"},{"taxonomy":"product_cat","embeddable":true,"href":"https:\/\/schweizversand.ch\/it\/wp-json\/wp\/v2\/product_cat?post=260446"},{"taxonomy":"product_tag","embeddable":true,"href":"https:\/\/schweizversand.ch\/it\/wp-json\/wp\/v2\/product_tag?post=260446"}],"curies":[{"name":"wp","href":"https:\/\/api.w.org\/{rel}","templated":true}]}}