{"id":260465,"date":"2026-03-15T00:55:48","date_gmt":"2026-03-14T23:55:48","guid":{"rendered":"https:\/\/schweizversand.ch\/produkt\/trespass-softly-damen-kaputzenpullover-16\/"},"modified":"2026-04-17T15:36:44","modified_gmt":"2026-04-17T13:36:44","slug":"trespass-softly-damen-kaputzenpullover-16","status":"publish","type":"product","link":"https:\/\/schweizversand.ch\/it\/produkt\/trespass-softly-damen-kaputzenpullover-16\/","title":{"rendered":"Trespass SOFTLY &#8211; felpa con cappuccio da donna"},"content":{"rendered":"<p>Il comfort incontra la funzionalit\u00e0: la tua nuova felpa con cappuccio preferita!<\/p>\n<\/p>\n<p>Questa felpa con cappuccio unisce un design moderno al massimo comfort e alle caratteristiche pratiche. Grazie alla composizione dei materiali di alta qualit\u00e0 e ai dettagli curati, \u00e8 la compagna perfetta per ogni occasione, dal tempo libero, allo sport, al relax a casa.<\/p>\n<\/p>\n<p>Punti di forza e caratteristiche:<\/p>\n<\/p>\n<p>Riga tinta in filo su tessuto m\u00e9lange: esalta l&#8217;estetica con un look testurizzato unico<\/p>\n<\/p>\n<p>Tessuto morbido al tatto e doppia spazzolatura: per una sensazione di comfort e comfort<\/p>\n<\/p>\n<p>Cappuccio fisso con coulisse per maggiore protezione e stile: offre una copertura ottimale e un look sportivo<\/p>\n<\/p>\n<p>Mezza zip sullo scollo: per indossare e togliere facilmente e ventilazione regolabile<\/p>\n<\/p>\n<p>Tasca a marsupio: una pratica tasca per mani calde o piccoli oggetti<\/p>\n<\/p>\n<p>Spacchi laterali sull&#8217;orlo: per una maggiore libert\u00e0 di movimento e una vestibilit\u00e0 comoda<\/p>\n<\/p>\n<p>Maniche lunghe con bordi a contrasto: un tocco di stile per un look moderno<\/p>\n<\/p>\n<p>Tessuto di alta qualit\u00e0:<\/p>\n<\/p>\n<p>Materiale: Tessuto a maglia in 88% poliestere e 12% elastan: flessibile, resistente e facile da pulire<\/p>\n<\/p>\n<p>Peso: 270 g\/m\u00b2: ideale per un rapporto equilibrato tra calore e traspirabilit\u00e0<\/p>\n<\/p>\n<p>Che sia un&#8217;aggiunta elegante al tuo guardaroba streetwear, un pratico compagno per le attivit\u00e0 all&#8217;aperto o una comoda felpa con cappuccio per le giornate di relax, questo modello ti offre comfort, funzionalit\u00e0 e stile in uno.<\/p>\n","protected":false},"excerpt":{"rendered":"<p>Trespass SOFTLY \u2013 Damen Kapuzenpullover mit kuscheligem, geb\u00fcrstetem Stoff, stylischem Streifen, praktischer Kapuze und halbem Rei\u00dfverschluss f\u00fcr Komfort und Funktion.<\/p>\n","protected":false},"featured_media":160803,"comment_status":"open","ping_status":"closed","template":"","meta":[],"product_brand":[],"product_cat":[38223],"product_tag":[],"class_list":{"0":"post-260465","1":"product","2":"type-product","3":"status-publish","4":"has-post-thumbnail","6":"product_cat-damenbekleidung","7":"product_shipping_class-global_methods","9":"first","10":"instock","11":"taxable","12":"shipping-taxable","13":"purchasable","14":"product-type-simple"},"yoast_head":"<!-- This site is optimized with the Yoast SEO plugin v27.4 - https:\/\/yoast.com\/product\/yoast-seo-wordpress\/ -->\n<title>Trespass SOFTLY - Damen Kaputzenpullover<\/title>\n<meta name=\"description\" content=\"Komfort trifft auf Funktionalit\u00e4t \u2013 Dein neuer Lieblings-Hoodie! Dieser Hoodie vereint modernes Design mit maximaler Bequemlichkeit und praktischen Features. D\" \/>\n<meta name=\"robots\" content=\"index, follow, max-snippet:-1, max-image-preview:large, max-video-preview:-1\" \/>\n<link rel=\"canonical\" href=\"https:\/\/schweizversand.ch\/it\/produkt\/trespass-softly-damen-kaputzenpullover-16\/\" \/>\n<meta property=\"og:locale\" content=\"it_IT\" \/>\n<meta property=\"og:type\" content=\"article\" \/>\n<meta property=\"og:title\" content=\"Trespass SOFTLY - Damen Kaputzenpullover\" \/>\n<meta property=\"og:description\" content=\"Komfort trifft auf Funktionalit\u00e4t \u2013 Dein neuer Lieblings-Hoodie! Dieser Hoodie vereint modernes Design mit maximaler Bequemlichkeit und praktischen Features. D\" \/>\n<meta property=\"og:url\" content=\"https:\/\/schweizversand.ch\/it\/produkt\/trespass-softly-damen-kaputzenpullover-16\/\" \/>\n<meta property=\"og:site_name\" content=\"Schweizer Shop f\u00fcr Sport, Spiel und Freizeit\" \/>\n<meta property=\"article:publisher\" content=\"https:\/\/www.facebook.com\/Schweizversand\" \/>\n<meta property=\"article:modified_time\" content=\"2026-04-17T13:36:44+00:00\" \/>\n<meta property=\"og:image\" content=\"https:\/\/schweizversand.ch\/wp-content\/uploads\/2026\/02\/5471841427.jpg\" \/>\n\t<meta property=\"og:image:width\" content=\"731\" \/>\n\t<meta property=\"og:image:height\" content=\"1024\" \/>\n\t<meta property=\"og:image:type\" content=\"image\/jpeg\" \/>\n<meta name=\"twitter:card\" content=\"summary_large_image\" \/>\n<meta name=\"twitter:label1\" content=\"Tempo di lettura stimato\" \/>\n\t<meta name=\"twitter:data1\" content=\"1 minuto\" \/>\n<script type=\"application\/ld+json\" class=\"yoast-schema-graph\">{\"@context\":\"https:\\\/\\\/schema.org\",\"@graph\":[{\"@type\":\"WebPage\",\"@id\":\"https:\\\/\\\/schweizversand.ch\\\/it\\\/produkt\\\/trespass-softly-damen-kaputzenpullover-16\\\/\",\"url\":\"https:\\\/\\\/schweizversand.ch\\\/it\\\/produkt\\\/trespass-softly-damen-kaputzenpullover-16\\\/\",\"name\":\"Trespass SOFTLY - Damen Kaputzenpullover\",\"isPartOf\":{\"@id\":\"https:\\\/\\\/schweizversand.ch\\\/it\\\/#website\"},\"primaryImageOfPage\":{\"@id\":\"https:\\\/\\\/schweizversand.ch\\\/it\\\/produkt\\\/trespass-softly-damen-kaputzenpullover-16\\\/#primaryimage\"},\"image\":{\"@id\":\"https:\\\/\\\/schweizversand.ch\\\/it\\\/produkt\\\/trespass-softly-damen-kaputzenpullover-16\\\/#primaryimage\"},\"thumbnailUrl\":\"https:\\\/\\\/schweizversand.ch\\\/wp-content\\\/uploads\\\/2026\\\/02\\\/5471841427.jpg\",\"datePublished\":\"2026-03-14T23:55:48+00:00\",\"dateModified\":\"2026-04-17T13:36:44+00:00\",\"description\":\"Komfort trifft auf Funktionalit\u00e4t \u2013 Dein neuer Lieblings-Hoodie! Dieser Hoodie vereint modernes Design mit maximaler Bequemlichkeit und praktischen Features. D\",\"breadcrumb\":{\"@id\":\"https:\\\/\\\/schweizversand.ch\\\/it\\\/produkt\\\/trespass-softly-damen-kaputzenpullover-16\\\/#breadcrumb\"},\"inLanguage\":\"it-IT\",\"potentialAction\":[{\"@type\":\"ReadAction\",\"target\":[\"https:\\\/\\\/schweizversand.ch\\\/it\\\/produkt\\\/trespass-softly-damen-kaputzenpullover-16\\\/\"]}]},{\"@type\":\"ImageObject\",\"inLanguage\":\"it-IT\",\"@id\":\"https:\\\/\\\/schweizversand.ch\\\/it\\\/produkt\\\/trespass-softly-damen-kaputzenpullover-16\\\/#primaryimage\",\"url\":\"https:\\\/\\\/schweizversand.ch\\\/wp-content\\\/uploads\\\/2026\\\/02\\\/5471841427.jpg\",\"contentUrl\":\"https:\\\/\\\/schweizversand.ch\\\/wp-content\\\/uploads\\\/2026\\\/02\\\/5471841427.jpg\",\"width\":731,\"height\":1024},{\"@type\":\"BreadcrumbList\",\"@id\":\"https:\\\/\\\/schweizversand.ch\\\/it\\\/produkt\\\/trespass-softly-damen-kaputzenpullover-16\\\/#breadcrumb\",\"itemListElement\":[{\"@type\":\"ListItem\",\"position\":1,\"name\":\"Startseite\",\"item\":\"https:\\\/\\\/schweizversand.ch\\\/it\\\/home\\\/\"},{\"@type\":\"ListItem\",\"position\":2,\"name\":\"Shop\",\"item\":\"https:\\\/\\\/schweizversand.ch\\\/it\\\/shop\\\/\"},{\"@type\":\"ListItem\",\"position\":3,\"name\":\"Moda\",\"item\":\"https:\\\/\\\/schweizversand.ch\\\/it\\\/produkt-kategorie\\\/moda\\\/\"},{\"@type\":\"ListItem\",\"position\":4,\"name\":\"Moda femminile\",\"item\":\"https:\\\/\\\/schweizversand.ch\\\/it\\\/produkt-kategorie\\\/moda\\\/moda-femminile\\\/\"},{\"@type\":\"ListItem\",\"position\":5,\"name\":\"Abbigliamento femminile\",\"item\":\"https:\\\/\\\/schweizversand.ch\\\/it\\\/produkt-kategorie\\\/moda\\\/moda-femminile\\\/damenbekleidung\\\/\"},{\"@type\":\"ListItem\",\"position\":6,\"name\":\"Trespass SOFTLY &#8211; felpa con cappuccio da donna\"}]},{\"@type\":\"WebSite\",\"@id\":\"https:\\\/\\\/schweizversand.ch\\\/it\\\/#website\",\"url\":\"https:\\\/\\\/schweizversand.ch\\\/it\\\/\",\"name\":\"Schweizer Shop f\u00fcr Sport, Spiel und Freizeit\",\"description\":\"Gratisversand ab 50.- (netto), ab eigenem schweizer Lager, Lieferung innert 48h\",\"publisher\":{\"@id\":\"https:\\\/\\\/schweizversand.ch\\\/it\\\/#organization\"},\"alternateName\":\"Schweizversand.ch\",\"potentialAction\":[{\"@type\":\"SearchAction\",\"target\":{\"@type\":\"EntryPoint\",\"urlTemplate\":\"https:\\\/\\\/schweizversand.ch\\\/it\\\/?s={search_term_string}\"},\"query-input\":{\"@type\":\"PropertyValueSpecification\",\"valueRequired\":true,\"valueName\":\"search_term_string\"}}],\"inLanguage\":\"it-IT\"},{\"@type\":\"Organization\",\"@id\":\"https:\\\/\\\/schweizversand.ch\\\/it\\\/#organization\",\"name\":\"Schweizversand.ch\",\"url\":\"https:\\\/\\\/schweizversand.ch\\\/it\\\/\",\"logo\":{\"@type\":\"ImageObject\",\"inLanguage\":\"it-IT\",\"@id\":\"https:\\\/\\\/schweizversand.ch\\\/it\\\/#\\\/schema\\\/logo\\\/image\\\/\",\"url\":\"https:\\\/\\\/schweizversand.ch\\\/wp-content\\\/uploads\\\/2026\\\/03\\\/Logo_Rund_Final-1.png\",\"contentUrl\":\"https:\\\/\\\/schweizversand.ch\\\/wp-content\\\/uploads\\\/2026\\\/03\\\/Logo_Rund_Final-1.png\",\"width\":404,\"height\":404,\"caption\":\"Schweizversand.ch\"},\"image\":{\"@id\":\"https:\\\/\\\/schweizversand.ch\\\/it\\\/#\\\/schema\\\/logo\\\/image\\\/\"},\"sameAs\":[\"https:\\\/\\\/www.facebook.com\\\/Schweizversand\",\"https:\\\/\\\/www.instagram.com\\\/schweizversand.ch\\\/\"]}]}<\/script>\n<!-- \/ Yoast SEO plugin. -->","yoast_head_json":{"title":"Trespass SOFTLY - Damen Kaputzenpullover","description":"Komfort trifft auf Funktionalit\u00e4t \u2013 Dein neuer Lieblings-Hoodie! Dieser Hoodie vereint modernes Design mit maximaler Bequemlichkeit und praktischen Features. D","robots":{"index":"index","follow":"follow","max-snippet":"max-snippet:-1","max-image-preview":"max-image-preview:large","max-video-preview":"max-video-preview:-1"},"canonical":"https:\/\/schweizversand.ch\/it\/produkt\/trespass-softly-damen-kaputzenpullover-16\/","og_locale":"it_IT","og_type":"article","og_title":"Trespass SOFTLY - Damen Kaputzenpullover","og_description":"Komfort trifft auf Funktionalit\u00e4t \u2013 Dein neuer Lieblings-Hoodie! Dieser Hoodie vereint modernes Design mit maximaler Bequemlichkeit und praktischen Features. D","og_url":"https:\/\/schweizversand.ch\/it\/produkt\/trespass-softly-damen-kaputzenpullover-16\/","og_site_name":"Schweizer Shop f\u00fcr Sport, Spiel und Freizeit","article_publisher":"https:\/\/www.facebook.com\/Schweizversand","article_modified_time":"2026-04-17T13:36:44+00:00","og_image":[{"width":731,"height":1024,"url":"https:\/\/schweizversand.ch\/wp-content\/uploads\/2026\/02\/5471841427.jpg","type":"image\/jpeg"}],"twitter_card":"summary_large_image","twitter_misc":{"Tempo di lettura stimato":"1 minuto"},"schema":{"@context":"https:\/\/schema.org","@graph":[{"@type":"WebPage","@id":"https:\/\/schweizversand.ch\/it\/produkt\/trespass-softly-damen-kaputzenpullover-16\/","url":"https:\/\/schweizversand.ch\/it\/produkt\/trespass-softly-damen-kaputzenpullover-16\/","name":"Trespass SOFTLY - Damen Kaputzenpullover","isPartOf":{"@id":"https:\/\/schweizversand.ch\/it\/#website"},"primaryImageOfPage":{"@id":"https:\/\/schweizversand.ch\/it\/produkt\/trespass-softly-damen-kaputzenpullover-16\/#primaryimage"},"image":{"@id":"https:\/\/schweizversand.ch\/it\/produkt\/trespass-softly-damen-kaputzenpullover-16\/#primaryimage"},"thumbnailUrl":"https:\/\/schweizversand.ch\/wp-content\/uploads\/2026\/02\/5471841427.jpg","datePublished":"2026-03-14T23:55:48+00:00","dateModified":"2026-04-17T13:36:44+00:00","description":"Komfort trifft auf Funktionalit\u00e4t \u2013 Dein neuer Lieblings-Hoodie! Dieser Hoodie vereint modernes Design mit maximaler Bequemlichkeit und praktischen Features. D","breadcrumb":{"@id":"https:\/\/schweizversand.ch\/it\/produkt\/trespass-softly-damen-kaputzenpullover-16\/#breadcrumb"},"inLanguage":"it-IT","potentialAction":[{"@type":"ReadAction","target":["https:\/\/schweizversand.ch\/it\/produkt\/trespass-softly-damen-kaputzenpullover-16\/"]}]},{"@type":"ImageObject","inLanguage":"it-IT","@id":"https:\/\/schweizversand.ch\/it\/produkt\/trespass-softly-damen-kaputzenpullover-16\/#primaryimage","url":"https:\/\/schweizversand.ch\/wp-content\/uploads\/2026\/02\/5471841427.jpg","contentUrl":"https:\/\/schweizversand.ch\/wp-content\/uploads\/2026\/02\/5471841427.jpg","width":731,"height":1024},{"@type":"BreadcrumbList","@id":"https:\/\/schweizversand.ch\/it\/produkt\/trespass-softly-damen-kaputzenpullover-16\/#breadcrumb","itemListElement":[{"@type":"ListItem","position":1,"name":"Startseite","item":"https:\/\/schweizversand.ch\/it\/home\/"},{"@type":"ListItem","position":2,"name":"Shop","item":"https:\/\/schweizversand.ch\/it\/shop\/"},{"@type":"ListItem","position":3,"name":"Moda","item":"https:\/\/schweizversand.ch\/it\/produkt-kategorie\/moda\/"},{"@type":"ListItem","position":4,"name":"Moda femminile","item":"https:\/\/schweizversand.ch\/it\/produkt-kategorie\/moda\/moda-femminile\/"},{"@type":"ListItem","position":5,"name":"Abbigliamento femminile","item":"https:\/\/schweizversand.ch\/it\/produkt-kategorie\/moda\/moda-femminile\/damenbekleidung\/"},{"@type":"ListItem","position":6,"name":"Trespass SOFTLY &#8211; felpa con cappuccio da donna"}]},{"@type":"WebSite","@id":"https:\/\/schweizversand.ch\/it\/#website","url":"https:\/\/schweizversand.ch\/it\/","name":"Schweizer Shop f\u00fcr Sport, Spiel und Freizeit","description":"Gratisversand ab 50.- (netto), ab eigenem schweizer Lager, Lieferung innert 48h","publisher":{"@id":"https:\/\/schweizversand.ch\/it\/#organization"},"alternateName":"Schweizversand.ch","potentialAction":[{"@type":"SearchAction","target":{"@type":"EntryPoint","urlTemplate":"https:\/\/schweizversand.ch\/it\/?s={search_term_string}"},"query-input":{"@type":"PropertyValueSpecification","valueRequired":true,"valueName":"search_term_string"}}],"inLanguage":"it-IT"},{"@type":"Organization","@id":"https:\/\/schweizversand.ch\/it\/#organization","name":"Schweizversand.ch","url":"https:\/\/schweizversand.ch\/it\/","logo":{"@type":"ImageObject","inLanguage":"it-IT","@id":"https:\/\/schweizversand.ch\/it\/#\/schema\/logo\/image\/","url":"https:\/\/schweizversand.ch\/wp-content\/uploads\/2026\/03\/Logo_Rund_Final-1.png","contentUrl":"https:\/\/schweizversand.ch\/wp-content\/uploads\/2026\/03\/Logo_Rund_Final-1.png","width":404,"height":404,"caption":"Schweizversand.ch"},"image":{"@id":"https:\/\/schweizversand.ch\/it\/#\/schema\/logo\/image\/"},"sameAs":["https:\/\/www.facebook.com\/Schweizversand","https:\/\/www.instagram.com\/schweizversand.ch\/"]}]}},"jetpack_sharing_enabled":true,"_links":{"self":[{"href":"https:\/\/schweizversand.ch\/it\/wp-json\/wp\/v2\/product\/260465","targetHints":{"allow":["GET"]}}],"collection":[{"href":"https:\/\/schweizversand.ch\/it\/wp-json\/wp\/v2\/product"}],"about":[{"href":"https:\/\/schweizversand.ch\/it\/wp-json\/wp\/v2\/types\/product"}],"replies":[{"embeddable":true,"href":"https:\/\/schweizversand.ch\/it\/wp-json\/wp\/v2\/comments?post=260465"}],"wp:featuredmedia":[{"embeddable":true,"href":"https:\/\/schweizversand.ch\/it\/wp-json\/wp\/v2\/media\/160803"}],"wp:attachment":[{"href":"https:\/\/schweizversand.ch\/it\/wp-json\/wp\/v2\/media?parent=260465"}],"wp:term":[{"taxonomy":"product_brand","embeddable":true,"href":"https:\/\/schweizversand.ch\/it\/wp-json\/wp\/v2\/product_brand?post=260465"},{"taxonomy":"product_cat","embeddable":true,"href":"https:\/\/schweizversand.ch\/it\/wp-json\/wp\/v2\/product_cat?post=260465"},{"taxonomy":"product_tag","embeddable":true,"href":"https:\/\/schweizversand.ch\/it\/wp-json\/wp\/v2\/product_tag?post=260465"}],"curies":[{"name":"wp","href":"https:\/\/api.w.org\/{rel}","templated":true}]}}