{"id":260478,"date":"2026-03-15T00:55:49","date_gmt":"2026-03-14T23:55:49","guid":{"rendered":"https:\/\/schweizversand.ch\/produkt\/trespass-metraya-damenpullover-mit-kapuze-11\/"},"modified":"2026-05-01T15:35:39","modified_gmt":"2026-05-01T13:35:39","slug":"trespass-metraya-damenpullover-mit-kapuze-11","status":"publish","type":"product","link":"https:\/\/schweizversand.ch\/it\/produkt\/trespass-metraya-damenpullover-mit-kapuze-11\/","title":{"rendered":"Trespass METRAYA &#8211; Maglione con cappuccio da donna"},"content":{"rendered":"<p>Scopri il comfort del pile spazzolato doppio: il tuo compagno perfetto per le giornate fredde! Questo pullover di alta qualit\u00e0, realizzato al 100% in poliestere, offre un eccellente isolamento termico e una sensazione di incredibile comfort. Il pile spazzolato doppio garantisce il massimo comfort anche a basse temperature. La tecnologia Airtrap ti protegge dal freddo, mentre il materiale traspirante garantisce una perfetta regolazione della temperatura. La mezza zip sul collo consente una regolazione flessibile in base alle condizioni meteorologiche e alle tue esigenze. Il cappuccio e la tasca frontale a marsupio offrono ulteriore comfort e spazio. La bordatura sull&#8217;orlo e sul cappuccio conferisce al pullover un look moderno, mentre l&#8217;elegante stemma sulla manica completa perfettamente il design. Grazie alla maglia robusta e al tessuto leggero da 200 g\/m\u00b2, il pullover \u00e8 adatto sia per le attivit\u00e0 sportive che per l&#8217;uso quotidiano. Rendilo il tuo nuovo preferito! Ideale per le persone attive che non scendono a compromessi tra stile e funzionalit\u00e0.<\/p>\n","protected":false},"excerpt":{"rendered":"<p>Trespass METRAYA kombiniert doppelseitig geb\u00fcrstetes Vlies, Airtrap-Technologie und Kapuze f\u00fcr optimalen W\u00e4rmeschutz und h\u00f6chsten Komfort an kalten Tagen.<\/p>\n","protected":false},"featured_media":160846,"comment_status":"open","ping_status":"closed","template":"","meta":[],"product_brand":[],"product_cat":[38223],"product_tag":[],"class_list":{"0":"post-260478","1":"product","2":"type-product","3":"status-publish","4":"has-post-thumbnail","6":"product_cat-damenbekleidung","7":"product_shipping_class-global_methods","9":"first","10":"instock","11":"taxable","12":"shipping-taxable","13":"purchasable","14":"product-type-simple"},"yoast_head":"<!-- This site is optimized with the Yoast SEO plugin v27.5 - https:\/\/yoast.com\/product\/yoast-seo-wordpress\/ -->\n<title>Trespass METRAYA - Damenpullover mit Kapuze<\/title>\n<meta name=\"description\" content=\"Entdecke den Komfort des doppelseitig geb\u00fcrstete Vlies\u00a0 \u2013 Dein perfekter Begleiter f\u00fcr kalte Tage! \u00a0 Mit diesem hochwertigen Pullover aus 100% Polyester setzt d\" \/>\n<meta name=\"robots\" content=\"index, follow, max-snippet:-1, max-image-preview:large, max-video-preview:-1\" \/>\n<link rel=\"canonical\" href=\"https:\/\/schweizversand.ch\/it\/produkt\/trespass-metraya-damenpullover-mit-kapuze-11\/\" \/>\n<meta property=\"og:locale\" content=\"it_IT\" \/>\n<meta property=\"og:type\" content=\"article\" \/>\n<meta property=\"og:title\" content=\"Trespass METRAYA - Damenpullover mit Kapuze\" \/>\n<meta property=\"og:description\" content=\"Entdecke den Komfort des doppelseitig geb\u00fcrstete Vlies\u00a0 \u2013 Dein perfekter Begleiter f\u00fcr kalte Tage! \u00a0 Mit diesem hochwertigen Pullover aus 100% Polyester setzt d\" \/>\n<meta property=\"og:url\" content=\"https:\/\/schweizversand.ch\/it\/produkt\/trespass-metraya-damenpullover-mit-kapuze-11\/\" \/>\n<meta property=\"og:site_name\" content=\"Schweizer Shop f\u00fcr Sport, Spiel und Freizeit\" \/>\n<meta property=\"article:publisher\" content=\"https:\/\/www.facebook.com\/Schweizversand\" \/>\n<meta property=\"article:modified_time\" content=\"2026-05-01T13:35:39+00:00\" \/>\n<meta property=\"og:image\" content=\"https:\/\/schweizversand.ch\/wp-content\/uploads\/2026\/02\/5471834756.jpg\" \/>\n\t<meta property=\"og:image:width\" content=\"732\" \/>\n\t<meta property=\"og:image:height\" content=\"1024\" \/>\n\t<meta property=\"og:image:type\" content=\"image\/jpeg\" \/>\n<meta name=\"twitter:card\" content=\"summary_large_image\" \/>\n<meta name=\"twitter:label1\" content=\"Tempo di lettura stimato\" \/>\n\t<meta name=\"twitter:data1\" content=\"1 minuto\" \/>\n<script type=\"application\/ld+json\" class=\"yoast-schema-graph\">{\"@context\":\"https:\\\/\\\/schema.org\",\"@graph\":[{\"@type\":\"WebPage\",\"@id\":\"https:\\\/\\\/schweizversand.ch\\\/it\\\/produkt\\\/trespass-metraya-damenpullover-mit-kapuze-11\\\/\",\"url\":\"https:\\\/\\\/schweizversand.ch\\\/it\\\/produkt\\\/trespass-metraya-damenpullover-mit-kapuze-11\\\/\",\"name\":\"Trespass METRAYA - Damenpullover mit Kapuze\",\"isPartOf\":{\"@id\":\"https:\\\/\\\/schweizversand.ch\\\/it\\\/#website\"},\"primaryImageOfPage\":{\"@id\":\"https:\\\/\\\/schweizversand.ch\\\/it\\\/produkt\\\/trespass-metraya-damenpullover-mit-kapuze-11\\\/#primaryimage\"},\"image\":{\"@id\":\"https:\\\/\\\/schweizversand.ch\\\/it\\\/produkt\\\/trespass-metraya-damenpullover-mit-kapuze-11\\\/#primaryimage\"},\"thumbnailUrl\":\"https:\\\/\\\/schweizversand.ch\\\/wp-content\\\/uploads\\\/2026\\\/02\\\/5471834756.jpg\",\"datePublished\":\"2026-03-14T23:55:49+00:00\",\"dateModified\":\"2026-05-01T13:35:39+00:00\",\"description\":\"Entdecke den Komfort des doppelseitig geb\u00fcrstete Vlies\u00a0 \u2013 Dein perfekter Begleiter f\u00fcr kalte Tage! \u00a0 Mit diesem hochwertigen Pullover aus 100% Polyester setzt d\",\"breadcrumb\":{\"@id\":\"https:\\\/\\\/schweizversand.ch\\\/it\\\/produkt\\\/trespass-metraya-damenpullover-mit-kapuze-11\\\/#breadcrumb\"},\"inLanguage\":\"it-IT\",\"potentialAction\":[{\"@type\":\"ReadAction\",\"target\":[\"https:\\\/\\\/schweizversand.ch\\\/it\\\/produkt\\\/trespass-metraya-damenpullover-mit-kapuze-11\\\/\"]}]},{\"@type\":\"ImageObject\",\"inLanguage\":\"it-IT\",\"@id\":\"https:\\\/\\\/schweizversand.ch\\\/it\\\/produkt\\\/trespass-metraya-damenpullover-mit-kapuze-11\\\/#primaryimage\",\"url\":\"https:\\\/\\\/schweizversand.ch\\\/wp-content\\\/uploads\\\/2026\\\/02\\\/5471834756.jpg\",\"contentUrl\":\"https:\\\/\\\/schweizversand.ch\\\/wp-content\\\/uploads\\\/2026\\\/02\\\/5471834756.jpg\",\"width\":732,\"height\":1024},{\"@type\":\"BreadcrumbList\",\"@id\":\"https:\\\/\\\/schweizversand.ch\\\/it\\\/produkt\\\/trespass-metraya-damenpullover-mit-kapuze-11\\\/#breadcrumb\",\"itemListElement\":[{\"@type\":\"ListItem\",\"position\":1,\"name\":\"Startseite\",\"item\":\"https:\\\/\\\/schweizversand.ch\\\/it\\\/home\\\/\"},{\"@type\":\"ListItem\",\"position\":2,\"name\":\"Shop\",\"item\":\"https:\\\/\\\/schweizversand.ch\\\/it\\\/shop\\\/\"},{\"@type\":\"ListItem\",\"position\":3,\"name\":\"Moda\",\"item\":\"https:\\\/\\\/schweizversand.ch\\\/it\\\/produkt-kategorie\\\/moda\\\/\"},{\"@type\":\"ListItem\",\"position\":4,\"name\":\"Moda femminile\",\"item\":\"https:\\\/\\\/schweizversand.ch\\\/it\\\/produkt-kategorie\\\/moda\\\/moda-femminile\\\/\"},{\"@type\":\"ListItem\",\"position\":5,\"name\":\"Abbigliamento femminile\",\"item\":\"https:\\\/\\\/schweizversand.ch\\\/it\\\/produkt-kategorie\\\/moda\\\/moda-femminile\\\/damenbekleidung\\\/\"},{\"@type\":\"ListItem\",\"position\":6,\"name\":\"Trespass METRAYA &#8211; Maglione con cappuccio da donna\"}]},{\"@type\":\"WebSite\",\"@id\":\"https:\\\/\\\/schweizversand.ch\\\/it\\\/#website\",\"url\":\"https:\\\/\\\/schweizversand.ch\\\/it\\\/\",\"name\":\"Schweizer Shop f\u00fcr Sport, Spiel und Freizeit\",\"description\":\"Gratisversand ab 50.- (netto), ab eigenem schweizer Lager, Lieferung innert 48h\",\"publisher\":{\"@id\":\"https:\\\/\\\/schweizversand.ch\\\/it\\\/#organization\"},\"alternateName\":\"Schweizversand.ch\",\"potentialAction\":[{\"@type\":\"SearchAction\",\"target\":{\"@type\":\"EntryPoint\",\"urlTemplate\":\"https:\\\/\\\/schweizversand.ch\\\/it\\\/?s={search_term_string}\"},\"query-input\":{\"@type\":\"PropertyValueSpecification\",\"valueRequired\":true,\"valueName\":\"search_term_string\"}}],\"inLanguage\":\"it-IT\"},{\"@type\":\"Organization\",\"@id\":\"https:\\\/\\\/schweizversand.ch\\\/it\\\/#organization\",\"name\":\"Schweizversand.ch\",\"url\":\"https:\\\/\\\/schweizversand.ch\\\/it\\\/\",\"logo\":{\"@type\":\"ImageObject\",\"inLanguage\":\"it-IT\",\"@id\":\"https:\\\/\\\/schweizversand.ch\\\/it\\\/#\\\/schema\\\/logo\\\/image\\\/\",\"url\":\"https:\\\/\\\/schweizversand.ch\\\/wp-content\\\/uploads\\\/2026\\\/03\\\/Logo_Rund_Final-1.png\",\"contentUrl\":\"https:\\\/\\\/schweizversand.ch\\\/wp-content\\\/uploads\\\/2026\\\/03\\\/Logo_Rund_Final-1.png\",\"width\":404,\"height\":404,\"caption\":\"Schweizversand.ch\"},\"image\":{\"@id\":\"https:\\\/\\\/schweizversand.ch\\\/it\\\/#\\\/schema\\\/logo\\\/image\\\/\"},\"sameAs\":[\"https:\\\/\\\/www.facebook.com\\\/Schweizversand\",\"https:\\\/\\\/www.instagram.com\\\/schweizversand.ch\\\/\"]}]}<\/script>\n<!-- \/ Yoast SEO plugin. -->","yoast_head_json":{"title":"Trespass METRAYA - Damenpullover mit Kapuze","description":"Entdecke den Komfort des doppelseitig geb\u00fcrstete Vlies\u00a0 \u2013 Dein perfekter Begleiter f\u00fcr kalte Tage! \u00a0 Mit diesem hochwertigen Pullover aus 100% Polyester setzt d","robots":{"index":"index","follow":"follow","max-snippet":"max-snippet:-1","max-image-preview":"max-image-preview:large","max-video-preview":"max-video-preview:-1"},"canonical":"https:\/\/schweizversand.ch\/it\/produkt\/trespass-metraya-damenpullover-mit-kapuze-11\/","og_locale":"it_IT","og_type":"article","og_title":"Trespass METRAYA - Damenpullover mit Kapuze","og_description":"Entdecke den Komfort des doppelseitig geb\u00fcrstete Vlies\u00a0 \u2013 Dein perfekter Begleiter f\u00fcr kalte Tage! \u00a0 Mit diesem hochwertigen Pullover aus 100% Polyester setzt d","og_url":"https:\/\/schweizversand.ch\/it\/produkt\/trespass-metraya-damenpullover-mit-kapuze-11\/","og_site_name":"Schweizer Shop f\u00fcr Sport, Spiel und Freizeit","article_publisher":"https:\/\/www.facebook.com\/Schweizversand","article_modified_time":"2026-05-01T13:35:39+00:00","og_image":[{"width":732,"height":1024,"url":"https:\/\/schweizversand.ch\/wp-content\/uploads\/2026\/02\/5471834756.jpg","type":"image\/jpeg"}],"twitter_card":"summary_large_image","twitter_misc":{"Tempo di lettura stimato":"1 minuto"},"schema":{"@context":"https:\/\/schema.org","@graph":[{"@type":"WebPage","@id":"https:\/\/schweizversand.ch\/it\/produkt\/trespass-metraya-damenpullover-mit-kapuze-11\/","url":"https:\/\/schweizversand.ch\/it\/produkt\/trespass-metraya-damenpullover-mit-kapuze-11\/","name":"Trespass METRAYA - Damenpullover mit Kapuze","isPartOf":{"@id":"https:\/\/schweizversand.ch\/it\/#website"},"primaryImageOfPage":{"@id":"https:\/\/schweizversand.ch\/it\/produkt\/trespass-metraya-damenpullover-mit-kapuze-11\/#primaryimage"},"image":{"@id":"https:\/\/schweizversand.ch\/it\/produkt\/trespass-metraya-damenpullover-mit-kapuze-11\/#primaryimage"},"thumbnailUrl":"https:\/\/schweizversand.ch\/wp-content\/uploads\/2026\/02\/5471834756.jpg","datePublished":"2026-03-14T23:55:49+00:00","dateModified":"2026-05-01T13:35:39+00:00","description":"Entdecke den Komfort des doppelseitig geb\u00fcrstete Vlies\u00a0 \u2013 Dein perfekter Begleiter f\u00fcr kalte Tage! \u00a0 Mit diesem hochwertigen Pullover aus 100% Polyester setzt d","breadcrumb":{"@id":"https:\/\/schweizversand.ch\/it\/produkt\/trespass-metraya-damenpullover-mit-kapuze-11\/#breadcrumb"},"inLanguage":"it-IT","potentialAction":[{"@type":"ReadAction","target":["https:\/\/schweizversand.ch\/it\/produkt\/trespass-metraya-damenpullover-mit-kapuze-11\/"]}]},{"@type":"ImageObject","inLanguage":"it-IT","@id":"https:\/\/schweizversand.ch\/it\/produkt\/trespass-metraya-damenpullover-mit-kapuze-11\/#primaryimage","url":"https:\/\/schweizversand.ch\/wp-content\/uploads\/2026\/02\/5471834756.jpg","contentUrl":"https:\/\/schweizversand.ch\/wp-content\/uploads\/2026\/02\/5471834756.jpg","width":732,"height":1024},{"@type":"BreadcrumbList","@id":"https:\/\/schweizversand.ch\/it\/produkt\/trespass-metraya-damenpullover-mit-kapuze-11\/#breadcrumb","itemListElement":[{"@type":"ListItem","position":1,"name":"Startseite","item":"https:\/\/schweizversand.ch\/it\/home\/"},{"@type":"ListItem","position":2,"name":"Shop","item":"https:\/\/schweizversand.ch\/it\/shop\/"},{"@type":"ListItem","position":3,"name":"Moda","item":"https:\/\/schweizversand.ch\/it\/produkt-kategorie\/moda\/"},{"@type":"ListItem","position":4,"name":"Moda femminile","item":"https:\/\/schweizversand.ch\/it\/produkt-kategorie\/moda\/moda-femminile\/"},{"@type":"ListItem","position":5,"name":"Abbigliamento femminile","item":"https:\/\/schweizversand.ch\/it\/produkt-kategorie\/moda\/moda-femminile\/damenbekleidung\/"},{"@type":"ListItem","position":6,"name":"Trespass METRAYA &#8211; Maglione con cappuccio da donna"}]},{"@type":"WebSite","@id":"https:\/\/schweizversand.ch\/it\/#website","url":"https:\/\/schweizversand.ch\/it\/","name":"Schweizer Shop f\u00fcr Sport, Spiel und Freizeit","description":"Gratisversand ab 50.- (netto), ab eigenem schweizer Lager, Lieferung innert 48h","publisher":{"@id":"https:\/\/schweizversand.ch\/it\/#organization"},"alternateName":"Schweizversand.ch","potentialAction":[{"@type":"SearchAction","target":{"@type":"EntryPoint","urlTemplate":"https:\/\/schweizversand.ch\/it\/?s={search_term_string}"},"query-input":{"@type":"PropertyValueSpecification","valueRequired":true,"valueName":"search_term_string"}}],"inLanguage":"it-IT"},{"@type":"Organization","@id":"https:\/\/schweizversand.ch\/it\/#organization","name":"Schweizversand.ch","url":"https:\/\/schweizversand.ch\/it\/","logo":{"@type":"ImageObject","inLanguage":"it-IT","@id":"https:\/\/schweizversand.ch\/it\/#\/schema\/logo\/image\/","url":"https:\/\/schweizversand.ch\/wp-content\/uploads\/2026\/03\/Logo_Rund_Final-1.png","contentUrl":"https:\/\/schweizversand.ch\/wp-content\/uploads\/2026\/03\/Logo_Rund_Final-1.png","width":404,"height":404,"caption":"Schweizversand.ch"},"image":{"@id":"https:\/\/schweizversand.ch\/it\/#\/schema\/logo\/image\/"},"sameAs":["https:\/\/www.facebook.com\/Schweizversand","https:\/\/www.instagram.com\/schweizversand.ch\/"]}]}},"jetpack_sharing_enabled":true,"_links":{"self":[{"href":"https:\/\/schweizversand.ch\/it\/wp-json\/wp\/v2\/product\/260478","targetHints":{"allow":["GET"]}}],"collection":[{"href":"https:\/\/schweizversand.ch\/it\/wp-json\/wp\/v2\/product"}],"about":[{"href":"https:\/\/schweizversand.ch\/it\/wp-json\/wp\/v2\/types\/product"}],"replies":[{"embeddable":true,"href":"https:\/\/schweizversand.ch\/it\/wp-json\/wp\/v2\/comments?post=260478"}],"wp:featuredmedia":[{"embeddable":true,"href":"https:\/\/schweizversand.ch\/it\/wp-json\/wp\/v2\/media\/160846"}],"wp:attachment":[{"href":"https:\/\/schweizversand.ch\/it\/wp-json\/wp\/v2\/media?parent=260478"}],"wp:term":[{"taxonomy":"product_brand","embeddable":true,"href":"https:\/\/schweizversand.ch\/it\/wp-json\/wp\/v2\/product_brand?post=260478"},{"taxonomy":"product_cat","embeddable":true,"href":"https:\/\/schweizversand.ch\/it\/wp-json\/wp\/v2\/product_cat?post=260478"},{"taxonomy":"product_tag","embeddable":true,"href":"https:\/\/schweizversand.ch\/it\/wp-json\/wp\/v2\/product_tag?post=260478"}],"curies":[{"name":"wp","href":"https:\/\/api.w.org\/{rel}","templated":true}]}}