{"id":260487,"date":"2026-03-20T02:00:48","date_gmt":"2026-03-20T01:00:48","guid":{"rendered":"https:\/\/schweizversand.ch\/produkt\/trespass-vistal-tasche\/"},"modified":"2026-04-15T02:05:12","modified_gmt":"2026-04-15T00:05:12","slug":"trespass-vistal-tasche","status":"publish","type":"product","link":"https:\/\/schweizversand.ch\/it\/produkt\/trespass-vistal-tasche\/","title":{"rendered":"Borsa Trespass VISTAL"},"content":{"rendered":"<p>Borsa Tote Packaway \u2013 Tanto spazio, dimensioni compatte<br \/>\n<br \/>Che sia per l&#8217;uso quotidiano, per un weekend fuori porta o per una gita di shopping improvvisata, la borsa Tote Packaway \u00e8 sempre a portata di mano quando ne hai bisogno. E quando non serve? Scompare nella sua tasca integrata, risparmiando spazio. Super leggera, compatta e sorprendentemente spaziosa.<\/p>\n<p>Dotata di uno scomparto principale con cerniera, una pratica tasca frontale, una tasca interna e pratici passanti elastici e catene a margherita, questa borsa offre versatili opzioni organizzative. Il cinturino bicolore aggiunge un tocco di stile garantendo al contempo un trasporto confortevole.<\/p>\n<p>Caratteristiche tecniche:<\/p>\n<p>\u2022 Ultra compatto e ripiegabile, ideale per gli spostamenti<\/p>\n<p>\u2022 Scomparto principale e tasca frontale con cerniera, per riporre gli oggetti in modo sicuro<\/p>\n<p>\u2022 Daisy chain e anelli elastici, espandibili in modo flessibile<\/p>\n<p>\u2022 Cinghie bicolore, eleganti e comode<\/p>\n<p>\u2022 Materiale leggero, perfetto per viaggi o uscite improvvisate<\/p>\n<p>Composizione del tessuto:<\/p>\n<p>\u2022 Materiale esterno: 100% poliestere<\/p>\n<p>La borsa che vorrai sempre avere con te: leggera, pratica e dal design curato.<\/p>\n","protected":false},"excerpt":{"rendered":"<p>Trespass VISTAL Tasche bietet viel Stauraum, ist ultrakompakt verstaubar und punktet mit Rei\u00dfverschlussf\u00e4chern sowie praktischen Bungee Loops f\u00fcr maximale Organisation.<\/p>\n","protected":false},"featured_media":258147,"comment_status":"open","ping_status":"closed","template":"","meta":[],"product_brand":[],"product_cat":[38176],"product_tag":[],"class_list":{"0":"post-260487","1":"product","2":"type-product","3":"status-publish","4":"has-post-thumbnail","6":"product_cat-taschen-rucksack","7":"product_shipping_class-global_methods","9":"first","10":"instock","11":"taxable","12":"shipping-taxable","13":"purchasable","14":"product-type-simple"},"yoast_head":"<!-- This site is optimized with the Yoast SEO plugin v27.4 - https:\/\/yoast.com\/product\/yoast-seo-wordpress\/ -->\n<title>Trespass VISTAL Tasche<\/title>\n<meta name=\"description\" content=\"Packaway Tote Bag \u2013 Viel Platz, klein verpackt Ob f\u00fcr den Alltag, den Wochenendtrip oder den spontanen Einkauf \u2013 die Packaway Tote Bag ist immer zur Stelle, we\" \/>\n<meta name=\"robots\" content=\"index, follow, max-snippet:-1, max-image-preview:large, max-video-preview:-1\" \/>\n<link rel=\"canonical\" href=\"https:\/\/schweizversand.ch\/it\/produkt\/trespass-vistal-tasche\/\" \/>\n<meta property=\"og:locale\" content=\"it_IT\" \/>\n<meta property=\"og:type\" content=\"article\" \/>\n<meta property=\"og:title\" content=\"Trespass VISTAL Tasche\" \/>\n<meta property=\"og:description\" content=\"Packaway Tote Bag \u2013 Viel Platz, klein verpackt Ob f\u00fcr den Alltag, den Wochenendtrip oder den spontanen Einkauf \u2013 die Packaway Tote Bag ist immer zur Stelle, we\" \/>\n<meta property=\"og:url\" content=\"https:\/\/schweizversand.ch\/it\/produkt\/trespass-vistal-tasche\/\" \/>\n<meta property=\"og:site_name\" content=\"Schweizer Shop f\u00fcr Sport, Spiel und Freizeit\" \/>\n<meta property=\"article:publisher\" content=\"https:\/\/www.facebook.com\/Schweizversand\" \/>\n<meta property=\"article:modified_time\" content=\"2026-04-15T00:05:12+00:00\" \/>\n<meta property=\"og:image\" content=\"https:\/\/schweizversand.ch\/wp-content\/uploads\/2026\/03\/5471880863.jpg\" \/>\n\t<meta property=\"og:image:width\" content=\"732\" \/>\n\t<meta property=\"og:image:height\" content=\"1024\" \/>\n\t<meta property=\"og:image:type\" content=\"image\/jpeg\" \/>\n<meta name=\"twitter:card\" content=\"summary_large_image\" \/>\n<meta name=\"twitter:label1\" content=\"Tempo di lettura stimato\" \/>\n\t<meta name=\"twitter:data1\" content=\"1 minuto\" \/>\n<script type=\"application\/ld+json\" class=\"yoast-schema-graph\">{\"@context\":\"https:\\\/\\\/schema.org\",\"@graph\":[{\"@type\":\"WebPage\",\"@id\":\"https:\\\/\\\/schweizversand.ch\\\/it\\\/produkt\\\/trespass-vistal-tasche\\\/\",\"url\":\"https:\\\/\\\/schweizversand.ch\\\/it\\\/produkt\\\/trespass-vistal-tasche\\\/\",\"name\":\"Trespass VISTAL Tasche\",\"isPartOf\":{\"@id\":\"https:\\\/\\\/schweizversand.ch\\\/it\\\/#website\"},\"primaryImageOfPage\":{\"@id\":\"https:\\\/\\\/schweizversand.ch\\\/it\\\/produkt\\\/trespass-vistal-tasche\\\/#primaryimage\"},\"image\":{\"@id\":\"https:\\\/\\\/schweizversand.ch\\\/it\\\/produkt\\\/trespass-vistal-tasche\\\/#primaryimage\"},\"thumbnailUrl\":\"https:\\\/\\\/schweizversand.ch\\\/wp-content\\\/uploads\\\/2026\\\/03\\\/5471880863.jpg\",\"datePublished\":\"2026-03-20T01:00:48+00:00\",\"dateModified\":\"2026-04-15T00:05:12+00:00\",\"description\":\"Packaway Tote Bag \u2013 Viel Platz, klein verpackt Ob f\u00fcr den Alltag, den Wochenendtrip oder den spontanen Einkauf \u2013 die Packaway Tote Bag ist immer zur Stelle, we\",\"breadcrumb\":{\"@id\":\"https:\\\/\\\/schweizversand.ch\\\/it\\\/produkt\\\/trespass-vistal-tasche\\\/#breadcrumb\"},\"inLanguage\":\"it-IT\",\"potentialAction\":[{\"@type\":\"ReadAction\",\"target\":[\"https:\\\/\\\/schweizversand.ch\\\/it\\\/produkt\\\/trespass-vistal-tasche\\\/\"]}]},{\"@type\":\"ImageObject\",\"inLanguage\":\"it-IT\",\"@id\":\"https:\\\/\\\/schweizversand.ch\\\/it\\\/produkt\\\/trespass-vistal-tasche\\\/#primaryimage\",\"url\":\"https:\\\/\\\/schweizversand.ch\\\/wp-content\\\/uploads\\\/2026\\\/03\\\/5471880863.jpg\",\"contentUrl\":\"https:\\\/\\\/schweizversand.ch\\\/wp-content\\\/uploads\\\/2026\\\/03\\\/5471880863.jpg\",\"width\":732,\"height\":1024},{\"@type\":\"BreadcrumbList\",\"@id\":\"https:\\\/\\\/schweizversand.ch\\\/it\\\/produkt\\\/trespass-vistal-tasche\\\/#breadcrumb\",\"itemListElement\":[{\"@type\":\"ListItem\",\"position\":1,\"name\":\"Startseite\",\"item\":\"https:\\\/\\\/schweizversand.ch\\\/it\\\/\"},{\"@type\":\"ListItem\",\"position\":2,\"name\":\"Shop\",\"item\":\"https:\\\/\\\/schweizversand.ch\\\/it\\\/shop\\\/\"},{\"@type\":\"ListItem\",\"position\":3,\"name\":\"Viaggi\",\"item\":\"https:\\\/\\\/schweizversand.ch\\\/it\\\/produkt-kategorie\\\/viaggi\\\/\"},{\"@type\":\"ListItem\",\"position\":4,\"name\":\"Borse e bagagli\",\"item\":\"https:\\\/\\\/schweizversand.ch\\\/it\\\/produkt-kategorie\\\/viaggi\\\/borse-e-bagagli\\\/\"},{\"@type\":\"ListItem\",\"position\":5,\"name\":\"Borse e zaini\",\"item\":\"https:\\\/\\\/schweizversand.ch\\\/it\\\/produkt-kategorie\\\/viaggi\\\/borse-e-bagagli\\\/taschen-rucksack\\\/\"},{\"@type\":\"ListItem\",\"position\":6,\"name\":\"Borsa Trespass VISTAL\"}]},{\"@type\":\"WebSite\",\"@id\":\"https:\\\/\\\/schweizversand.ch\\\/it\\\/#website\",\"url\":\"https:\\\/\\\/schweizversand.ch\\\/it\\\/\",\"name\":\"Schweizer Shop f\u00fcr Sport, Spiel und Freizeit\",\"description\":\"Gratisversand ab 50.- (netto), ab eigenem schweizer Lager, Lieferung innert 48h\",\"publisher\":{\"@id\":\"https:\\\/\\\/schweizversand.ch\\\/it\\\/#organization\"},\"alternateName\":\"Schweizversand.ch\",\"potentialAction\":[{\"@type\":\"SearchAction\",\"target\":{\"@type\":\"EntryPoint\",\"urlTemplate\":\"https:\\\/\\\/schweizversand.ch\\\/it\\\/?s={search_term_string}\"},\"query-input\":{\"@type\":\"PropertyValueSpecification\",\"valueRequired\":true,\"valueName\":\"search_term_string\"}}],\"inLanguage\":\"it-IT\"},{\"@type\":\"Organization\",\"@id\":\"https:\\\/\\\/schweizversand.ch\\\/it\\\/#organization\",\"name\":\"Schweizversand.ch\",\"url\":\"https:\\\/\\\/schweizversand.ch\\\/it\\\/\",\"logo\":{\"@type\":\"ImageObject\",\"inLanguage\":\"it-IT\",\"@id\":\"https:\\\/\\\/schweizversand.ch\\\/it\\\/#\\\/schema\\\/logo\\\/image\\\/\",\"url\":\"https:\\\/\\\/schweizversand.ch\\\/wp-content\\\/uploads\\\/2026\\\/03\\\/Logo_Rund_Final-1.png\",\"contentUrl\":\"https:\\\/\\\/schweizversand.ch\\\/wp-content\\\/uploads\\\/2026\\\/03\\\/Logo_Rund_Final-1.png\",\"width\":404,\"height\":404,\"caption\":\"Schweizversand.ch\"},\"image\":{\"@id\":\"https:\\\/\\\/schweizversand.ch\\\/it\\\/#\\\/schema\\\/logo\\\/image\\\/\"},\"sameAs\":[\"https:\\\/\\\/www.facebook.com\\\/Schweizversand\",\"https:\\\/\\\/www.instagram.com\\\/schweizversand.ch\\\/\"]}]}<\/script>\n<!-- \/ Yoast SEO plugin. -->","yoast_head_json":{"title":"Trespass VISTAL Tasche","description":"Packaway Tote Bag \u2013 Viel Platz, klein verpackt Ob f\u00fcr den Alltag, den Wochenendtrip oder den spontanen Einkauf \u2013 die Packaway Tote Bag ist immer zur Stelle, we","robots":{"index":"index","follow":"follow","max-snippet":"max-snippet:-1","max-image-preview":"max-image-preview:large","max-video-preview":"max-video-preview:-1"},"canonical":"https:\/\/schweizversand.ch\/it\/produkt\/trespass-vistal-tasche\/","og_locale":"it_IT","og_type":"article","og_title":"Trespass VISTAL Tasche","og_description":"Packaway Tote Bag \u2013 Viel Platz, klein verpackt Ob f\u00fcr den Alltag, den Wochenendtrip oder den spontanen Einkauf \u2013 die Packaway Tote Bag ist immer zur Stelle, we","og_url":"https:\/\/schweizversand.ch\/it\/produkt\/trespass-vistal-tasche\/","og_site_name":"Schweizer Shop f\u00fcr Sport, Spiel und Freizeit","article_publisher":"https:\/\/www.facebook.com\/Schweizversand","article_modified_time":"2026-04-15T00:05:12+00:00","og_image":[{"width":732,"height":1024,"url":"https:\/\/schweizversand.ch\/wp-content\/uploads\/2026\/03\/5471880863.jpg","type":"image\/jpeg"}],"twitter_card":"summary_large_image","twitter_misc":{"Tempo di lettura stimato":"1 minuto"},"schema":{"@context":"https:\/\/schema.org","@graph":[{"@type":"WebPage","@id":"https:\/\/schweizversand.ch\/it\/produkt\/trespass-vistal-tasche\/","url":"https:\/\/schweizversand.ch\/it\/produkt\/trespass-vistal-tasche\/","name":"Trespass VISTAL Tasche","isPartOf":{"@id":"https:\/\/schweizversand.ch\/it\/#website"},"primaryImageOfPage":{"@id":"https:\/\/schweizversand.ch\/it\/produkt\/trespass-vistal-tasche\/#primaryimage"},"image":{"@id":"https:\/\/schweizversand.ch\/it\/produkt\/trespass-vistal-tasche\/#primaryimage"},"thumbnailUrl":"https:\/\/schweizversand.ch\/wp-content\/uploads\/2026\/03\/5471880863.jpg","datePublished":"2026-03-20T01:00:48+00:00","dateModified":"2026-04-15T00:05:12+00:00","description":"Packaway Tote Bag \u2013 Viel Platz, klein verpackt Ob f\u00fcr den Alltag, den Wochenendtrip oder den spontanen Einkauf \u2013 die Packaway Tote Bag ist immer zur Stelle, we","breadcrumb":{"@id":"https:\/\/schweizversand.ch\/it\/produkt\/trespass-vistal-tasche\/#breadcrumb"},"inLanguage":"it-IT","potentialAction":[{"@type":"ReadAction","target":["https:\/\/schweizversand.ch\/it\/produkt\/trespass-vistal-tasche\/"]}]},{"@type":"ImageObject","inLanguage":"it-IT","@id":"https:\/\/schweizversand.ch\/it\/produkt\/trespass-vistal-tasche\/#primaryimage","url":"https:\/\/schweizversand.ch\/wp-content\/uploads\/2026\/03\/5471880863.jpg","contentUrl":"https:\/\/schweizversand.ch\/wp-content\/uploads\/2026\/03\/5471880863.jpg","width":732,"height":1024},{"@type":"BreadcrumbList","@id":"https:\/\/schweizversand.ch\/it\/produkt\/trespass-vistal-tasche\/#breadcrumb","itemListElement":[{"@type":"ListItem","position":1,"name":"Startseite","item":"https:\/\/schweizversand.ch\/it\/"},{"@type":"ListItem","position":2,"name":"Shop","item":"https:\/\/schweizversand.ch\/it\/shop\/"},{"@type":"ListItem","position":3,"name":"Viaggi","item":"https:\/\/schweizversand.ch\/it\/produkt-kategorie\/viaggi\/"},{"@type":"ListItem","position":4,"name":"Borse e bagagli","item":"https:\/\/schweizversand.ch\/it\/produkt-kategorie\/viaggi\/borse-e-bagagli\/"},{"@type":"ListItem","position":5,"name":"Borse e zaini","item":"https:\/\/schweizversand.ch\/it\/produkt-kategorie\/viaggi\/borse-e-bagagli\/taschen-rucksack\/"},{"@type":"ListItem","position":6,"name":"Borsa Trespass VISTAL"}]},{"@type":"WebSite","@id":"https:\/\/schweizversand.ch\/it\/#website","url":"https:\/\/schweizversand.ch\/it\/","name":"Schweizer Shop f\u00fcr Sport, Spiel und Freizeit","description":"Gratisversand ab 50.- (netto), ab eigenem schweizer Lager, Lieferung innert 48h","publisher":{"@id":"https:\/\/schweizversand.ch\/it\/#organization"},"alternateName":"Schweizversand.ch","potentialAction":[{"@type":"SearchAction","target":{"@type":"EntryPoint","urlTemplate":"https:\/\/schweizversand.ch\/it\/?s={search_term_string}"},"query-input":{"@type":"PropertyValueSpecification","valueRequired":true,"valueName":"search_term_string"}}],"inLanguage":"it-IT"},{"@type":"Organization","@id":"https:\/\/schweizversand.ch\/it\/#organization","name":"Schweizversand.ch","url":"https:\/\/schweizversand.ch\/it\/","logo":{"@type":"ImageObject","inLanguage":"it-IT","@id":"https:\/\/schweizversand.ch\/it\/#\/schema\/logo\/image\/","url":"https:\/\/schweizversand.ch\/wp-content\/uploads\/2026\/03\/Logo_Rund_Final-1.png","contentUrl":"https:\/\/schweizversand.ch\/wp-content\/uploads\/2026\/03\/Logo_Rund_Final-1.png","width":404,"height":404,"caption":"Schweizversand.ch"},"image":{"@id":"https:\/\/schweizversand.ch\/it\/#\/schema\/logo\/image\/"},"sameAs":["https:\/\/www.facebook.com\/Schweizversand","https:\/\/www.instagram.com\/schweizversand.ch\/"]}]}},"jetpack_sharing_enabled":true,"_links":{"self":[{"href":"https:\/\/schweizversand.ch\/it\/wp-json\/wp\/v2\/product\/260487","targetHints":{"allow":["GET"]}}],"collection":[{"href":"https:\/\/schweizversand.ch\/it\/wp-json\/wp\/v2\/product"}],"about":[{"href":"https:\/\/schweizversand.ch\/it\/wp-json\/wp\/v2\/types\/product"}],"replies":[{"embeddable":true,"href":"https:\/\/schweizversand.ch\/it\/wp-json\/wp\/v2\/comments?post=260487"}],"wp:featuredmedia":[{"embeddable":true,"href":"https:\/\/schweizversand.ch\/it\/wp-json\/wp\/v2\/media\/258147"}],"wp:attachment":[{"href":"https:\/\/schweizversand.ch\/it\/wp-json\/wp\/v2\/media?parent=260487"}],"wp:term":[{"taxonomy":"product_brand","embeddable":true,"href":"https:\/\/schweizversand.ch\/it\/wp-json\/wp\/v2\/product_brand?post=260487"},{"taxonomy":"product_cat","embeddable":true,"href":"https:\/\/schweizversand.ch\/it\/wp-json\/wp\/v2\/product_cat?post=260487"},{"taxonomy":"product_tag","embeddable":true,"href":"https:\/\/schweizversand.ch\/it\/wp-json\/wp\/v2\/product_tag?post=260487"}],"curies":[{"name":"wp","href":"https:\/\/api.w.org\/{rel}","templated":true}]}}