{"id":260542,"date":"2026-03-15T00:06:43","date_gmt":"2026-03-14T23:06:43","guid":{"rendered":"https:\/\/schweizversand.ch\/produkt\/trespass-scarp-b-herren-wanderschuhe-2\/"},"modified":"2026-04-11T15:35:51","modified_gmt":"2026-04-11T13:35:51","slug":"trespass-scarp-b-herren-wanderschuhe-2","status":"publish","type":"product","link":"https:\/\/schweizversand.ch\/it\/produkt\/trespass-scarp-b-herren-wanderschuhe-2\/","title":{"rendered":"Scarponi da trekking da uomo Trespass SCARP B"},"content":{"rendered":"<h1><strong>Stivali casual da uomo &#8211; Scarpa impermeabile con suola antiscivolo<\/strong><\/h1>\n<div>Scopri il compagno ideale per le tue avventure all&#8217;aria aperta e per l&#8217;uso quotidiano: questi robusti <strong>stivali casual da uomo<\/strong>. Questi stivali combinano un design elegante con la massima funzionalit\u00e0, offrendoti protezione e comfort ottimali, indipendentemente dalle condizioni atmosferiche.<\/p>\n<\/div>\n<div><strong>Protezione e traspirabilit\u00e0 perfette<\/strong><br \/>Questa <strong>scarpa outdoor da uomo<\/strong> \u00e8 dotata di una membrana avanzata, impermeabile e allo stesso tempo <strong>traspirante<\/strong>. Questa tecnologia garantisce che l&#8217;umidit\u00e0 venga tenuta fuori dall&#8217;esterno, mentre il sudore pu\u00f2 fuoriuscire dall&#8217;interno. Questo mantiene i piedi asciutti e piacevolmente caldi: una caratteristica essenziale per le lunghe giornate all&#8217;aperto.<\/p>\n<\/div>\n<div><strong>Comfort e stabilit\u00e0 a ogni passo<\/strong><br \/>Il comfort di questi stivali \u00e8 eccezionale grazie a diversi componenti ben progettati. L&#8217;intersuola in Phylon (EVA sagomata) offre un&#8217;eccellente ammortizzazione e stabilizzazione, assorbendo gli impatti e riducendo l&#8217;affaticamento. Inoltre, il plantare imbottito e sagomato garantisce una calzata personalizzata e un eccellente supporto del piede. Il collare e la linguetta imbottiti contribuiscono ulteriormente all&#8217;elevato livello di comfort. Costruzione robusta per la massima durata: questo scarpone \u00e8 progettato per terreni impegnativi. Lo scarpone impermeabile \u00e8 dotato di una robusta punta protettiva che protegge da urti e abrasioni. La linguetta \u00e8 realizzata come una linguetta a soffietto, impedendo efficacemente l&#8217;ingresso di sporco e acqua. La combinazione di PU, tessuto e pelle scamosciata nella tomaia garantisce un&#8217;elevata durata e un aspetto accattivante. Appoggio sicuro grazie alla suola antiscivolo: la suola in EVA sagomata e gomma offre un&#8217;aderenza eccellente. Questo disegno del battistrada offre la massima trazione e resistenza allo scivolamento su superfici bagnate, irregolari o scivolose. Che tu sia su sentieri forestali, sentieri rocciosi o in citt\u00e0, questo scarpone traspirante ti offrir\u00e0 sempre un supporto sicuro. Composizione e caratteristiche del materiale: &#8211; Tomaia: PU \/ Tessuto \/ Pelle scamosciata &#8211; Fodera: Tessuto &#8211; Suola: EVA modellata \/ Gomma &#8211; Caratteristiche: Impermeabile e traspirante &#8211; Dettagli tecnici a colpo d&#8217;occhio: &#8211; Tipo di scarpa: Scarponcino da trekking \/ Scarponcino casual &#8211; Membrana: Impermeabile e traspirante &#8211; Linguetta: Linguetta a soffietto (cucita) &#8211; Protezione: Puntale robusto &#8211; Intersuola: Intersuola in phylon ammortizzata e stabilizzante &#8211; Plantare: ammortizzato e sagomato &#8211; Investi in Questi versatili scarponi casual da uomo offrono il perfetto mix di stile, protezione e comfort. Ordina ora e preparati per la tua prossima avventura.<\/p>\n","protected":false},"excerpt":{"rendered":"<p>Trespass SCARP B Herren Wanderschuhe bieten wasserdichten Schutz, atmungsaktiven Komfort und rutschfeste Grip-Sohlen \u2013 ideal f\u00fcr Outdoor-Abenteuer und den Alltag.<\/p>\n","protected":false},"featured_media":161254,"comment_status":"open","ping_status":"closed","template":"","meta":[],"product_brand":[],"product_cat":[38383],"product_tag":[],"class_list":{"0":"post-260542","1":"product","2":"type-product","3":"status-publish","4":"has-post-thumbnail","6":"product_cat-wandern","7":"product_shipping_class-global_methods","9":"first","10":"instock","11":"taxable","12":"shipping-taxable","13":"purchasable","14":"product-type-simple"},"yoast_head":"<!-- This site is optimized with the Yoast SEO plugin v27.3 - https:\/\/yoast.com\/product\/yoast-seo-wordpress\/ -->\n<title>Trespass SCARP B Herren Wanderschuhe<\/title>\n<meta name=\"description\" content=\"Herren Casual Boot \u2013 Wasserdichter Schuh mit Grip Sohle Entdecken Sie den ultimativen Begleiter f\u00fcr Ihre Outdoor-Abenteuer und den t\u00e4glichen Gebrauch: diesen ro\" \/>\n<meta name=\"robots\" content=\"index, follow, max-snippet:-1, max-image-preview:large, max-video-preview:-1\" \/>\n<link rel=\"canonical\" href=\"https:\/\/schweizversand.ch\/it\/produkt\/trespass-scarp-b-herren-wanderschuhe-2\/\" \/>\n<meta property=\"og:locale\" content=\"it_IT\" \/>\n<meta property=\"og:type\" content=\"article\" \/>\n<meta property=\"og:title\" content=\"Trespass SCARP B Herren Wanderschuhe\" \/>\n<meta property=\"og:description\" content=\"Herren Casual Boot \u2013 Wasserdichter Schuh mit Grip Sohle Entdecken Sie den ultimativen Begleiter f\u00fcr Ihre Outdoor-Abenteuer und den t\u00e4glichen Gebrauch: diesen ro\" \/>\n<meta property=\"og:url\" content=\"https:\/\/schweizversand.ch\/it\/produkt\/trespass-scarp-b-herren-wanderschuhe-2\/\" \/>\n<meta property=\"og:site_name\" content=\"Schweizer Shop f\u00fcr Sport, Spiel und Freizeit\" \/>\n<meta property=\"article:publisher\" content=\"https:\/\/www.facebook.com\/Schweizversand\" \/>\n<meta property=\"article:modified_time\" content=\"2026-04-11T13:35:51+00:00\" \/>\n<meta property=\"og:image\" content=\"https:\/\/schweizversand.ch\/wp-content\/uploads\/2026\/02\/5471756202.jpg\" \/>\n\t<meta property=\"og:image:width\" content=\"1024\" \/>\n\t<meta property=\"og:image:height\" content=\"1024\" \/>\n\t<meta property=\"og:image:type\" content=\"image\/jpeg\" \/>\n<meta name=\"twitter:card\" content=\"summary_large_image\" \/>\n<meta name=\"twitter:label1\" content=\"Tempo di lettura stimato\" \/>\n\t<meta name=\"twitter:data1\" content=\"2 minuto\" \/>\n<script type=\"application\/ld+json\" class=\"yoast-schema-graph\">{\"@context\":\"https:\\\/\\\/schema.org\",\"@graph\":[{\"@type\":\"WebPage\",\"@id\":\"https:\\\/\\\/schweizversand.ch\\\/it\\\/produkt\\\/trespass-scarp-b-herren-wanderschuhe-2\\\/\",\"url\":\"https:\\\/\\\/schweizversand.ch\\\/it\\\/produkt\\\/trespass-scarp-b-herren-wanderschuhe-2\\\/\",\"name\":\"Trespass SCARP B Herren Wanderschuhe\",\"isPartOf\":{\"@id\":\"https:\\\/\\\/schweizversand.ch\\\/it\\\/#website\"},\"primaryImageOfPage\":{\"@id\":\"https:\\\/\\\/schweizversand.ch\\\/it\\\/produkt\\\/trespass-scarp-b-herren-wanderschuhe-2\\\/#primaryimage\"},\"image\":{\"@id\":\"https:\\\/\\\/schweizversand.ch\\\/it\\\/produkt\\\/trespass-scarp-b-herren-wanderschuhe-2\\\/#primaryimage\"},\"thumbnailUrl\":\"https:\\\/\\\/schweizversand.ch\\\/wp-content\\\/uploads\\\/2026\\\/02\\\/5471756202.jpg\",\"datePublished\":\"2026-03-14T23:06:43+00:00\",\"dateModified\":\"2026-04-11T13:35:51+00:00\",\"description\":\"Herren Casual Boot \u2013 Wasserdichter Schuh mit Grip Sohle Entdecken Sie den ultimativen Begleiter f\u00fcr Ihre Outdoor-Abenteuer und den t\u00e4glichen Gebrauch: diesen ro\",\"breadcrumb\":{\"@id\":\"https:\\\/\\\/schweizversand.ch\\\/it\\\/produkt\\\/trespass-scarp-b-herren-wanderschuhe-2\\\/#breadcrumb\"},\"inLanguage\":\"it-IT\",\"potentialAction\":[{\"@type\":\"ReadAction\",\"target\":[\"https:\\\/\\\/schweizversand.ch\\\/it\\\/produkt\\\/trespass-scarp-b-herren-wanderschuhe-2\\\/\"]}]},{\"@type\":\"ImageObject\",\"inLanguage\":\"it-IT\",\"@id\":\"https:\\\/\\\/schweizversand.ch\\\/it\\\/produkt\\\/trespass-scarp-b-herren-wanderschuhe-2\\\/#primaryimage\",\"url\":\"https:\\\/\\\/schweizversand.ch\\\/wp-content\\\/uploads\\\/2026\\\/02\\\/5471756202.jpg\",\"contentUrl\":\"https:\\\/\\\/schweizversand.ch\\\/wp-content\\\/uploads\\\/2026\\\/02\\\/5471756202.jpg\",\"width\":1024,\"height\":1024},{\"@type\":\"BreadcrumbList\",\"@id\":\"https:\\\/\\\/schweizversand.ch\\\/it\\\/produkt\\\/trespass-scarp-b-herren-wanderschuhe-2\\\/#breadcrumb\",\"itemListElement\":[{\"@type\":\"ListItem\",\"position\":1,\"name\":\"Startseite\",\"item\":\"https:\\\/\\\/schweizversand.ch\\\/it\\\/\"},{\"@type\":\"ListItem\",\"position\":2,\"name\":\"Shop\",\"item\":\"https:\\\/\\\/schweizversand.ch\\\/it\\\/shop\\\/\"},{\"@type\":\"ListItem\",\"position\":3,\"name\":\"Scarponi da trekking da uomo Trespass SCARP B\"}]},{\"@type\":\"WebSite\",\"@id\":\"https:\\\/\\\/schweizversand.ch\\\/it\\\/#website\",\"url\":\"https:\\\/\\\/schweizversand.ch\\\/it\\\/\",\"name\":\"Schweizer Shop f\u00fcr Sport, Spiel und Freizeit\",\"description\":\"Gratisversand ab 50.- (netto), ab eigenem schweizer Lager, Lieferung innert 48h\",\"publisher\":{\"@id\":\"https:\\\/\\\/schweizversand.ch\\\/it\\\/#organization\"},\"alternateName\":\"Schweizversand.ch\",\"potentialAction\":[{\"@type\":\"SearchAction\",\"target\":{\"@type\":\"EntryPoint\",\"urlTemplate\":\"https:\\\/\\\/schweizversand.ch\\\/it\\\/?s={search_term_string}\"},\"query-input\":{\"@type\":\"PropertyValueSpecification\",\"valueRequired\":true,\"valueName\":\"search_term_string\"}}],\"inLanguage\":\"it-IT\"},{\"@type\":\"Organization\",\"@id\":\"https:\\\/\\\/schweizversand.ch\\\/it\\\/#organization\",\"name\":\"Schweizversand.ch\",\"url\":\"https:\\\/\\\/schweizversand.ch\\\/it\\\/\",\"logo\":{\"@type\":\"ImageObject\",\"inLanguage\":\"it-IT\",\"@id\":\"https:\\\/\\\/schweizversand.ch\\\/it\\\/#\\\/schema\\\/logo\\\/image\\\/\",\"url\":\"https:\\\/\\\/schweizversand.ch\\\/wp-content\\\/uploads\\\/2026\\\/03\\\/Logo_Rund_Final-1.png\",\"contentUrl\":\"https:\\\/\\\/schweizversand.ch\\\/wp-content\\\/uploads\\\/2026\\\/03\\\/Logo_Rund_Final-1.png\",\"width\":404,\"height\":404,\"caption\":\"Schweizversand.ch\"},\"image\":{\"@id\":\"https:\\\/\\\/schweizversand.ch\\\/it\\\/#\\\/schema\\\/logo\\\/image\\\/\"},\"sameAs\":[\"https:\\\/\\\/www.facebook.com\\\/Schweizversand\",\"https:\\\/\\\/www.instagram.com\\\/schweizversand.ch\\\/\"]}]}<\/script>\n<!-- \/ Yoast SEO plugin. -->","yoast_head_json":{"title":"Trespass SCARP B Herren Wanderschuhe","description":"Herren Casual Boot \u2013 Wasserdichter Schuh mit Grip Sohle Entdecken Sie den ultimativen Begleiter f\u00fcr Ihre Outdoor-Abenteuer und den t\u00e4glichen Gebrauch: diesen ro","robots":{"index":"index","follow":"follow","max-snippet":"max-snippet:-1","max-image-preview":"max-image-preview:large","max-video-preview":"max-video-preview:-1"},"canonical":"https:\/\/schweizversand.ch\/it\/produkt\/trespass-scarp-b-herren-wanderschuhe-2\/","og_locale":"it_IT","og_type":"article","og_title":"Trespass SCARP B Herren Wanderschuhe","og_description":"Herren Casual Boot \u2013 Wasserdichter Schuh mit Grip Sohle Entdecken Sie den ultimativen Begleiter f\u00fcr Ihre Outdoor-Abenteuer und den t\u00e4glichen Gebrauch: diesen ro","og_url":"https:\/\/schweizversand.ch\/it\/produkt\/trespass-scarp-b-herren-wanderschuhe-2\/","og_site_name":"Schweizer Shop f\u00fcr Sport, Spiel und Freizeit","article_publisher":"https:\/\/www.facebook.com\/Schweizversand","article_modified_time":"2026-04-11T13:35:51+00:00","og_image":[{"width":1024,"height":1024,"url":"https:\/\/schweizversand.ch\/wp-content\/uploads\/2026\/02\/5471756202.jpg","type":"image\/jpeg"}],"twitter_card":"summary_large_image","twitter_misc":{"Tempo di lettura stimato":"2 minuto"},"schema":{"@context":"https:\/\/schema.org","@graph":[{"@type":"WebPage","@id":"https:\/\/schweizversand.ch\/it\/produkt\/trespass-scarp-b-herren-wanderschuhe-2\/","url":"https:\/\/schweizversand.ch\/it\/produkt\/trespass-scarp-b-herren-wanderschuhe-2\/","name":"Trespass SCARP B Herren Wanderschuhe","isPartOf":{"@id":"https:\/\/schweizversand.ch\/it\/#website"},"primaryImageOfPage":{"@id":"https:\/\/schweizversand.ch\/it\/produkt\/trespass-scarp-b-herren-wanderschuhe-2\/#primaryimage"},"image":{"@id":"https:\/\/schweizversand.ch\/it\/produkt\/trespass-scarp-b-herren-wanderschuhe-2\/#primaryimage"},"thumbnailUrl":"https:\/\/schweizversand.ch\/wp-content\/uploads\/2026\/02\/5471756202.jpg","datePublished":"2026-03-14T23:06:43+00:00","dateModified":"2026-04-11T13:35:51+00:00","description":"Herren Casual Boot \u2013 Wasserdichter Schuh mit Grip Sohle Entdecken Sie den ultimativen Begleiter f\u00fcr Ihre Outdoor-Abenteuer und den t\u00e4glichen Gebrauch: diesen ro","breadcrumb":{"@id":"https:\/\/schweizversand.ch\/it\/produkt\/trespass-scarp-b-herren-wanderschuhe-2\/#breadcrumb"},"inLanguage":"it-IT","potentialAction":[{"@type":"ReadAction","target":["https:\/\/schweizversand.ch\/it\/produkt\/trespass-scarp-b-herren-wanderschuhe-2\/"]}]},{"@type":"ImageObject","inLanguage":"it-IT","@id":"https:\/\/schweizversand.ch\/it\/produkt\/trespass-scarp-b-herren-wanderschuhe-2\/#primaryimage","url":"https:\/\/schweizversand.ch\/wp-content\/uploads\/2026\/02\/5471756202.jpg","contentUrl":"https:\/\/schweizversand.ch\/wp-content\/uploads\/2026\/02\/5471756202.jpg","width":1024,"height":1024},{"@type":"BreadcrumbList","@id":"https:\/\/schweizversand.ch\/it\/produkt\/trespass-scarp-b-herren-wanderschuhe-2\/#breadcrumb","itemListElement":[{"@type":"ListItem","position":1,"name":"Startseite","item":"https:\/\/schweizversand.ch\/it\/"},{"@type":"ListItem","position":2,"name":"Shop","item":"https:\/\/schweizversand.ch\/it\/shop\/"},{"@type":"ListItem","position":3,"name":"Scarponi da trekking da uomo Trespass SCARP B"}]},{"@type":"WebSite","@id":"https:\/\/schweizversand.ch\/it\/#website","url":"https:\/\/schweizversand.ch\/it\/","name":"Schweizer Shop f\u00fcr Sport, Spiel und Freizeit","description":"Gratisversand ab 50.- (netto), ab eigenem schweizer Lager, Lieferung innert 48h","publisher":{"@id":"https:\/\/schweizversand.ch\/it\/#organization"},"alternateName":"Schweizversand.ch","potentialAction":[{"@type":"SearchAction","target":{"@type":"EntryPoint","urlTemplate":"https:\/\/schweizversand.ch\/it\/?s={search_term_string}"},"query-input":{"@type":"PropertyValueSpecification","valueRequired":true,"valueName":"search_term_string"}}],"inLanguage":"it-IT"},{"@type":"Organization","@id":"https:\/\/schweizversand.ch\/it\/#organization","name":"Schweizversand.ch","url":"https:\/\/schweizversand.ch\/it\/","logo":{"@type":"ImageObject","inLanguage":"it-IT","@id":"https:\/\/schweizversand.ch\/it\/#\/schema\/logo\/image\/","url":"https:\/\/schweizversand.ch\/wp-content\/uploads\/2026\/03\/Logo_Rund_Final-1.png","contentUrl":"https:\/\/schweizversand.ch\/wp-content\/uploads\/2026\/03\/Logo_Rund_Final-1.png","width":404,"height":404,"caption":"Schweizversand.ch"},"image":{"@id":"https:\/\/schweizversand.ch\/it\/#\/schema\/logo\/image\/"},"sameAs":["https:\/\/www.facebook.com\/Schweizversand","https:\/\/www.instagram.com\/schweizversand.ch\/"]}]}},"jetpack_sharing_enabled":true,"_links":{"self":[{"href":"https:\/\/schweizversand.ch\/it\/wp-json\/wp\/v2\/product\/260542","targetHints":{"allow":["GET"]}}],"collection":[{"href":"https:\/\/schweizversand.ch\/it\/wp-json\/wp\/v2\/product"}],"about":[{"href":"https:\/\/schweizversand.ch\/it\/wp-json\/wp\/v2\/types\/product"}],"replies":[{"embeddable":true,"href":"https:\/\/schweizversand.ch\/it\/wp-json\/wp\/v2\/comments?post=260542"}],"wp:featuredmedia":[{"embeddable":true,"href":"https:\/\/schweizversand.ch\/it\/wp-json\/wp\/v2\/media\/161254"}],"wp:attachment":[{"href":"https:\/\/schweizversand.ch\/it\/wp-json\/wp\/v2\/media?parent=260542"}],"wp:term":[{"taxonomy":"product_brand","embeddable":true,"href":"https:\/\/schweizversand.ch\/it\/wp-json\/wp\/v2\/product_brand?post=260542"},{"taxonomy":"product_cat","embeddable":true,"href":"https:\/\/schweizversand.ch\/it\/wp-json\/wp\/v2\/product_cat?post=260542"},{"taxonomy":"product_tag","embeddable":true,"href":"https:\/\/schweizversand.ch\/it\/wp-json\/wp\/v2\/product_tag?post=260542"}],"curies":[{"name":"wp","href":"https:\/\/api.w.org\/{rel}","templated":true}]}}