{"id":260559,"date":"2026-03-15T00:06:46","date_gmt":"2026-03-14T23:06:46","guid":{"rendered":"https:\/\/schweizversand.ch\/produkt\/trespass-tilbury-damenjacke-2\/"},"modified":"2026-04-19T15:37:18","modified_gmt":"2026-04-19T13:37:18","slug":"trespass-tilbury-damenjacke-2","status":"publish","type":"product","link":"https:\/\/schweizversand.ch\/it\/produkt\/trespass-tilbury-damenjacke-2\/","title":{"rendered":"Trespass TILBURY &#8211; Giacca da donna"},"content":{"rendered":"<p>La giacca impermeabile da donna Trespass Tilbury \u00e8 ideale per le donne che amano le avventure all&#8217;aria aperta e desiderano rimanere asciutte ed eleganti. Questa giacca offre una protezione completa dagli elementi grazie a un design studiato nei minimi dettagli:<\/p>\n<p>\u2022 Cerniera frontale impermeabile: mantiene asciutti anche sotto la pioggia battente, impedendo all&#8217;acqua di entrare.<\/p>\n<p>\u2022 Cappuccio regolabile e ripiegabile: questo cappuccio si estrae facilmente quando necessario per una maggiore protezione da vento e pioggia. Quando non viene utilizzato, pu\u00f2 essere ripiegato per risparmiare spazio.<\/p>\n<p>\u2022 Patta antivento interna: offre ulteriore protezione da vento e freddo, garantendo il massimo comfort anche in caso di maltempo.<\/p>\n<p>\u2022 Due tasche con cerniera: comode tasche per tenere gli oggetti essenziali al sicuro e a portata di mano.<\/p>\n<p>Con le sue cuciture sigillate e il design curato nei minimi dettagli, questa giacca \u00e8 perfetta per chi ama trascorrere il tempo all&#8217;aria aperta senza doversi preoccupare del meteo.<\/p>\n<p>\u2022 Con le sue cuciture sigillate e il design curato nei minimi dettagli, questa giacca \u00e8 perfetta per chi ama stare all&#8217;aria aperta senza doversi preoccupare del meteo.<\/p>\n<p>\u2022 \u2605 &#8230; <br \/>Fodera in taffet\u00e0 Taslan<\/p>\n<p>Cappuccio regolabile ripiegabile<\/p>\n<p>2 tasche con cerniera<\/p>\n<p>Cerniera frontale impermeabile<\/p>\n<p>Patta antivento interna<\/p>\n<p>Polsini regolabili<\/p>\n<p>Orlo regolabile<\/p>\n<p>Coulisse<\/p>\n<p>Orlo posteriore curvo<\/p>\n<p>Composizione del materiale<\/p>\n<p>Tessuto esterno: 100% poliammide, tessuto, rivestimento in PU<br \/>\n<br \/>Fodera: 100% poliestere<\/p>\n","protected":false},"excerpt":{"rendered":"<p>Trespass TILBURY &#8211; Damenjacke sch\u00fctzt mit wasserdichtem Rei\u00dfverschluss, verstellbarer Kapuze und Sturmklappe zuverl\u00e4ssig vor Wind und Regen \u2013 stylisch und funktional.<\/p>\n","protected":false},"featured_media":161306,"comment_status":"open","ping_status":"closed","template":"","meta":[],"product_brand":[],"product_cat":[38544],"product_tag":[],"class_list":{"0":"post-260559","1":"product","2":"type-product","3":"status-publish","4":"has-post-thumbnail","6":"product_cat-outdoorbekleidung","7":"product_shipping_class-global_methods","9":"first","10":"instock","11":"taxable","12":"shipping-taxable","13":"purchasable","14":"product-type-simple"},"yoast_head":"<!-- This site is optimized with the Yoast SEO plugin v27.4 - https:\/\/yoast.com\/product\/yoast-seo-wordpress\/ -->\n<title>Trespass TILBURY - Damenjacke<\/title>\n<meta name=\"description\" content=\"Die Trespass Tilbury Damen-Wasserjacke ist ideal f\u00fcr Frauen, die Abenteuer in der Natur lieben und gleichzeitig trocken und stilvoll bleiben m\u00f6chten. Diese Jack\" \/>\n<meta name=\"robots\" content=\"index, follow, max-snippet:-1, max-image-preview:large, max-video-preview:-1\" \/>\n<link rel=\"canonical\" href=\"https:\/\/schweizversand.ch\/it\/produkt\/trespass-tilbury-damenjacke-2\/\" \/>\n<meta property=\"og:locale\" content=\"it_IT\" \/>\n<meta property=\"og:type\" content=\"article\" \/>\n<meta property=\"og:title\" content=\"Trespass TILBURY - Damenjacke\" \/>\n<meta property=\"og:description\" content=\"Die Trespass Tilbury Damen-Wasserjacke ist ideal f\u00fcr Frauen, die Abenteuer in der Natur lieben und gleichzeitig trocken und stilvoll bleiben m\u00f6chten. Diese Jack\" \/>\n<meta property=\"og:url\" content=\"https:\/\/schweizversand.ch\/it\/produkt\/trespass-tilbury-damenjacke-2\/\" \/>\n<meta property=\"og:site_name\" content=\"Schweizer Shop f\u00fcr Sport, Spiel und Freizeit\" \/>\n<meta property=\"article:publisher\" content=\"https:\/\/www.facebook.com\/Schweizversand\" \/>\n<meta property=\"article:modified_time\" content=\"2026-04-19T13:37:18+00:00\" \/>\n<meta property=\"og:image\" content=\"https:\/\/schweizversand.ch\/wp-content\/uploads\/2026\/02\/5471763458.jpg\" \/>\n\t<meta property=\"og:image:width\" content=\"1024\" \/>\n\t<meta property=\"og:image:height\" content=\"1024\" \/>\n\t<meta property=\"og:image:type\" content=\"image\/jpeg\" \/>\n<meta name=\"twitter:card\" content=\"summary_large_image\" \/>\n<meta name=\"twitter:label1\" content=\"Tempo di lettura stimato\" \/>\n\t<meta name=\"twitter:data1\" content=\"1 minuto\" \/>\n<script type=\"application\/ld+json\" class=\"yoast-schema-graph\">{\"@context\":\"https:\\\/\\\/schema.org\",\"@graph\":[{\"@type\":\"WebPage\",\"@id\":\"https:\\\/\\\/schweizversand.ch\\\/it\\\/produkt\\\/trespass-tilbury-damenjacke-2\\\/\",\"url\":\"https:\\\/\\\/schweizversand.ch\\\/it\\\/produkt\\\/trespass-tilbury-damenjacke-2\\\/\",\"name\":\"Trespass TILBURY - Damenjacke\",\"isPartOf\":{\"@id\":\"https:\\\/\\\/schweizversand.ch\\\/it\\\/#website\"},\"primaryImageOfPage\":{\"@id\":\"https:\\\/\\\/schweizversand.ch\\\/it\\\/produkt\\\/trespass-tilbury-damenjacke-2\\\/#primaryimage\"},\"image\":{\"@id\":\"https:\\\/\\\/schweizversand.ch\\\/it\\\/produkt\\\/trespass-tilbury-damenjacke-2\\\/#primaryimage\"},\"thumbnailUrl\":\"https:\\\/\\\/schweizversand.ch\\\/wp-content\\\/uploads\\\/2026\\\/02\\\/5471763458.jpg\",\"datePublished\":\"2026-03-14T23:06:46+00:00\",\"dateModified\":\"2026-04-19T13:37:18+00:00\",\"description\":\"Die Trespass Tilbury Damen-Wasserjacke ist ideal f\u00fcr Frauen, die Abenteuer in der Natur lieben und gleichzeitig trocken und stilvoll bleiben m\u00f6chten. Diese Jack\",\"breadcrumb\":{\"@id\":\"https:\\\/\\\/schweizversand.ch\\\/it\\\/produkt\\\/trespass-tilbury-damenjacke-2\\\/#breadcrumb\"},\"inLanguage\":\"it-IT\",\"potentialAction\":[{\"@type\":\"ReadAction\",\"target\":[\"https:\\\/\\\/schweizversand.ch\\\/it\\\/produkt\\\/trespass-tilbury-damenjacke-2\\\/\"]}]},{\"@type\":\"ImageObject\",\"inLanguage\":\"it-IT\",\"@id\":\"https:\\\/\\\/schweizversand.ch\\\/it\\\/produkt\\\/trespass-tilbury-damenjacke-2\\\/#primaryimage\",\"url\":\"https:\\\/\\\/schweizversand.ch\\\/wp-content\\\/uploads\\\/2026\\\/02\\\/5471763458.jpg\",\"contentUrl\":\"https:\\\/\\\/schweizversand.ch\\\/wp-content\\\/uploads\\\/2026\\\/02\\\/5471763458.jpg\",\"width\":1024,\"height\":1024},{\"@type\":\"BreadcrumbList\",\"@id\":\"https:\\\/\\\/schweizversand.ch\\\/it\\\/produkt\\\/trespass-tilbury-damenjacke-2\\\/#breadcrumb\",\"itemListElement\":[{\"@type\":\"ListItem\",\"position\":1,\"name\":\"Startseite\",\"item\":\"https:\\\/\\\/schweizversand.ch\\\/it\\\/home\\\/\"},{\"@type\":\"ListItem\",\"position\":2,\"name\":\"Shop\",\"item\":\"https:\\\/\\\/schweizversand.ch\\\/it\\\/shop\\\/\"},{\"@type\":\"ListItem\",\"position\":3,\"name\":\"Sport\",\"item\":\"https:\\\/\\\/schweizversand.ch\\\/it\\\/produkt-kategorie\\\/sport-it\\\/\"},{\"@type\":\"ListItem\",\"position\":4,\"name\":\"All'aperto\",\"item\":\"https:\\\/\\\/schweizversand.ch\\\/it\\\/produkt-kategorie\\\/sport-it\\\/allaperto\\\/\"},{\"@type\":\"ListItem\",\"position\":5,\"name\":\"Abbigliamento per attivit\u00e0 all'aperto\",\"item\":\"https:\\\/\\\/schweizversand.ch\\\/it\\\/produkt-kategorie\\\/sport-it\\\/allaperto\\\/outdoorbekleidung\\\/\"},{\"@type\":\"ListItem\",\"position\":6,\"name\":\"Trespass TILBURY &#8211; Giacca da donna\"}]},{\"@type\":\"WebSite\",\"@id\":\"https:\\\/\\\/schweizversand.ch\\\/it\\\/#website\",\"url\":\"https:\\\/\\\/schweizversand.ch\\\/it\\\/\",\"name\":\"Schweizer Shop f\u00fcr Sport, Spiel und Freizeit\",\"description\":\"Gratisversand ab 50.- (netto), ab eigenem schweizer Lager, Lieferung innert 48h\",\"publisher\":{\"@id\":\"https:\\\/\\\/schweizversand.ch\\\/it\\\/#organization\"},\"alternateName\":\"Schweizversand.ch\",\"potentialAction\":[{\"@type\":\"SearchAction\",\"target\":{\"@type\":\"EntryPoint\",\"urlTemplate\":\"https:\\\/\\\/schweizversand.ch\\\/it\\\/?s={search_term_string}\"},\"query-input\":{\"@type\":\"PropertyValueSpecification\",\"valueRequired\":true,\"valueName\":\"search_term_string\"}}],\"inLanguage\":\"it-IT\"},{\"@type\":\"Organization\",\"@id\":\"https:\\\/\\\/schweizversand.ch\\\/it\\\/#organization\",\"name\":\"Schweizversand.ch\",\"url\":\"https:\\\/\\\/schweizversand.ch\\\/it\\\/\",\"logo\":{\"@type\":\"ImageObject\",\"inLanguage\":\"it-IT\",\"@id\":\"https:\\\/\\\/schweizversand.ch\\\/it\\\/#\\\/schema\\\/logo\\\/image\\\/\",\"url\":\"https:\\\/\\\/schweizversand.ch\\\/wp-content\\\/uploads\\\/2026\\\/03\\\/Logo_Rund_Final-1.png\",\"contentUrl\":\"https:\\\/\\\/schweizversand.ch\\\/wp-content\\\/uploads\\\/2026\\\/03\\\/Logo_Rund_Final-1.png\",\"width\":404,\"height\":404,\"caption\":\"Schweizversand.ch\"},\"image\":{\"@id\":\"https:\\\/\\\/schweizversand.ch\\\/it\\\/#\\\/schema\\\/logo\\\/image\\\/\"},\"sameAs\":[\"https:\\\/\\\/www.facebook.com\\\/Schweizversand\",\"https:\\\/\\\/www.instagram.com\\\/schweizversand.ch\\\/\"]}]}<\/script>\n<!-- \/ Yoast SEO plugin. -->","yoast_head_json":{"title":"Trespass TILBURY - Damenjacke","description":"Die Trespass Tilbury Damen-Wasserjacke ist ideal f\u00fcr Frauen, die Abenteuer in der Natur lieben und gleichzeitig trocken und stilvoll bleiben m\u00f6chten. Diese Jack","robots":{"index":"index","follow":"follow","max-snippet":"max-snippet:-1","max-image-preview":"max-image-preview:large","max-video-preview":"max-video-preview:-1"},"canonical":"https:\/\/schweizversand.ch\/it\/produkt\/trespass-tilbury-damenjacke-2\/","og_locale":"it_IT","og_type":"article","og_title":"Trespass TILBURY - Damenjacke","og_description":"Die Trespass Tilbury Damen-Wasserjacke ist ideal f\u00fcr Frauen, die Abenteuer in der Natur lieben und gleichzeitig trocken und stilvoll bleiben m\u00f6chten. Diese Jack","og_url":"https:\/\/schweizversand.ch\/it\/produkt\/trespass-tilbury-damenjacke-2\/","og_site_name":"Schweizer Shop f\u00fcr Sport, Spiel und Freizeit","article_publisher":"https:\/\/www.facebook.com\/Schweizversand","article_modified_time":"2026-04-19T13:37:18+00:00","og_image":[{"width":1024,"height":1024,"url":"https:\/\/schweizversand.ch\/wp-content\/uploads\/2026\/02\/5471763458.jpg","type":"image\/jpeg"}],"twitter_card":"summary_large_image","twitter_misc":{"Tempo di lettura stimato":"1 minuto"},"schema":{"@context":"https:\/\/schema.org","@graph":[{"@type":"WebPage","@id":"https:\/\/schweizversand.ch\/it\/produkt\/trespass-tilbury-damenjacke-2\/","url":"https:\/\/schweizversand.ch\/it\/produkt\/trespass-tilbury-damenjacke-2\/","name":"Trespass TILBURY - Damenjacke","isPartOf":{"@id":"https:\/\/schweizversand.ch\/it\/#website"},"primaryImageOfPage":{"@id":"https:\/\/schweizversand.ch\/it\/produkt\/trespass-tilbury-damenjacke-2\/#primaryimage"},"image":{"@id":"https:\/\/schweizversand.ch\/it\/produkt\/trespass-tilbury-damenjacke-2\/#primaryimage"},"thumbnailUrl":"https:\/\/schweizversand.ch\/wp-content\/uploads\/2026\/02\/5471763458.jpg","datePublished":"2026-03-14T23:06:46+00:00","dateModified":"2026-04-19T13:37:18+00:00","description":"Die Trespass Tilbury Damen-Wasserjacke ist ideal f\u00fcr Frauen, die Abenteuer in der Natur lieben und gleichzeitig trocken und stilvoll bleiben m\u00f6chten. Diese Jack","breadcrumb":{"@id":"https:\/\/schweizversand.ch\/it\/produkt\/trespass-tilbury-damenjacke-2\/#breadcrumb"},"inLanguage":"it-IT","potentialAction":[{"@type":"ReadAction","target":["https:\/\/schweizversand.ch\/it\/produkt\/trespass-tilbury-damenjacke-2\/"]}]},{"@type":"ImageObject","inLanguage":"it-IT","@id":"https:\/\/schweizversand.ch\/it\/produkt\/trespass-tilbury-damenjacke-2\/#primaryimage","url":"https:\/\/schweizversand.ch\/wp-content\/uploads\/2026\/02\/5471763458.jpg","contentUrl":"https:\/\/schweizversand.ch\/wp-content\/uploads\/2026\/02\/5471763458.jpg","width":1024,"height":1024},{"@type":"BreadcrumbList","@id":"https:\/\/schweizversand.ch\/it\/produkt\/trespass-tilbury-damenjacke-2\/#breadcrumb","itemListElement":[{"@type":"ListItem","position":1,"name":"Startseite","item":"https:\/\/schweizversand.ch\/it\/home\/"},{"@type":"ListItem","position":2,"name":"Shop","item":"https:\/\/schweizversand.ch\/it\/shop\/"},{"@type":"ListItem","position":3,"name":"Sport","item":"https:\/\/schweizversand.ch\/it\/produkt-kategorie\/sport-it\/"},{"@type":"ListItem","position":4,"name":"All'aperto","item":"https:\/\/schweizversand.ch\/it\/produkt-kategorie\/sport-it\/allaperto\/"},{"@type":"ListItem","position":5,"name":"Abbigliamento per attivit\u00e0 all'aperto","item":"https:\/\/schweizversand.ch\/it\/produkt-kategorie\/sport-it\/allaperto\/outdoorbekleidung\/"},{"@type":"ListItem","position":6,"name":"Trespass TILBURY &#8211; Giacca da donna"}]},{"@type":"WebSite","@id":"https:\/\/schweizversand.ch\/it\/#website","url":"https:\/\/schweizversand.ch\/it\/","name":"Schweizer Shop f\u00fcr Sport, Spiel und Freizeit","description":"Gratisversand ab 50.- (netto), ab eigenem schweizer Lager, Lieferung innert 48h","publisher":{"@id":"https:\/\/schweizversand.ch\/it\/#organization"},"alternateName":"Schweizversand.ch","potentialAction":[{"@type":"SearchAction","target":{"@type":"EntryPoint","urlTemplate":"https:\/\/schweizversand.ch\/it\/?s={search_term_string}"},"query-input":{"@type":"PropertyValueSpecification","valueRequired":true,"valueName":"search_term_string"}}],"inLanguage":"it-IT"},{"@type":"Organization","@id":"https:\/\/schweizversand.ch\/it\/#organization","name":"Schweizversand.ch","url":"https:\/\/schweizversand.ch\/it\/","logo":{"@type":"ImageObject","inLanguage":"it-IT","@id":"https:\/\/schweizversand.ch\/it\/#\/schema\/logo\/image\/","url":"https:\/\/schweizversand.ch\/wp-content\/uploads\/2026\/03\/Logo_Rund_Final-1.png","contentUrl":"https:\/\/schweizversand.ch\/wp-content\/uploads\/2026\/03\/Logo_Rund_Final-1.png","width":404,"height":404,"caption":"Schweizversand.ch"},"image":{"@id":"https:\/\/schweizversand.ch\/it\/#\/schema\/logo\/image\/"},"sameAs":["https:\/\/www.facebook.com\/Schweizversand","https:\/\/www.instagram.com\/schweizversand.ch\/"]}]}},"jetpack_sharing_enabled":true,"_links":{"self":[{"href":"https:\/\/schweizversand.ch\/it\/wp-json\/wp\/v2\/product\/260559","targetHints":{"allow":["GET"]}}],"collection":[{"href":"https:\/\/schweizversand.ch\/it\/wp-json\/wp\/v2\/product"}],"about":[{"href":"https:\/\/schweizversand.ch\/it\/wp-json\/wp\/v2\/types\/product"}],"replies":[{"embeddable":true,"href":"https:\/\/schweizversand.ch\/it\/wp-json\/wp\/v2\/comments?post=260559"}],"wp:featuredmedia":[{"embeddable":true,"href":"https:\/\/schweizversand.ch\/it\/wp-json\/wp\/v2\/media\/161306"}],"wp:attachment":[{"href":"https:\/\/schweizversand.ch\/it\/wp-json\/wp\/v2\/media?parent=260559"}],"wp:term":[{"taxonomy":"product_brand","embeddable":true,"href":"https:\/\/schweizversand.ch\/it\/wp-json\/wp\/v2\/product_brand?post=260559"},{"taxonomy":"product_cat","embeddable":true,"href":"https:\/\/schweizversand.ch\/it\/wp-json\/wp\/v2\/product_cat?post=260559"},{"taxonomy":"product_tag","embeddable":true,"href":"https:\/\/schweizversand.ch\/it\/wp-json\/wp\/v2\/product_tag?post=260559"}],"curies":[{"name":"wp","href":"https:\/\/api.w.org\/{rel}","templated":true}]}}