{"id":260597,"date":"2026-03-15T00:06:56","date_gmt":"2026-03-14T23:06:56","guid":{"rendered":"https:\/\/schweizversand.ch\/produkt\/trespass-tara-damen-fleecejacke\/"},"modified":"2026-04-21T15:36:22","modified_gmt":"2026-04-21T13:36:22","slug":"trespass-tara-damen-fleecejacke","status":"publish","type":"product","link":"https:\/\/schweizversand.ch\/it\/produkt\/trespass-tara-damen-fleecejacke\/","title":{"rendered":"Trespass TARA &#8211; giacca in pile da donna"},"content":{"rendered":"<p>Il pile da donna Trespass AT200 Tara \u00e8 realizzato con precisione in tessuto AT200 di alta qualit\u00e0. Questo pile \u00e8 perfetto per avventure all&#8217;aria aperta o gite per il tempo libero, garantendo stile e funzionalit\u00e0 per qualsiasi attivit\u00e0.<\/p>\n<p>Il cappuccio integrato offre una protezione extra dagli elementi, mantenendoti al caldo e al caldo.<\/p>\n<p>Cerniera frontale a tutta lunghezza &#8211; La comoda cerniera a tutta lunghezza consente di regolare facilmente ventilazione e stile, rendendolo facile e veloce da indossare e togliere.<\/p>\n<p>3 tasche con cerniera &#8211; Diverse tasche con cerniera di sicurezza assicurano che i tuoi oggetti essenziali siano sempre a portata di mano.<\/p>\n<p>Polsini elasticizzati interni con fori per i pollici &#8211; Prova una vestibilit\u00e0 comoda e un calore maggiore con i polsini elasticizzati interni con fori per i pollici per una maggiore versatilit\u00e0.<\/p>\n<p>Composizione del materiale<br \/>\n<br \/>100% poliestere<\/p>\n","protected":false},"excerpt":{"rendered":"<p>Trespass TARA \u2013 Damen Fleecejacke aus hochwertigem AT200-Material mit Kapuze, durchgehendem Rei\u00dfverschluss und 3 Taschen f\u00fcr warmen, funktionalen Outdoor-Komfort.<\/p>\n","protected":false},"featured_media":161487,"comment_status":"open","ping_status":"closed","template":"","meta":[],"product_brand":[],"product_cat":[38544],"product_tag":[],"class_list":{"0":"post-260597","1":"product","2":"type-product","3":"status-publish","4":"has-post-thumbnail","6":"product_cat-outdoorbekleidung","7":"product_shipping_class-global_methods","9":"first","10":"instock","11":"taxable","12":"shipping-taxable","13":"purchasable","14":"product-type-simple"},"yoast_head":"<!-- This site is optimized with the Yoast SEO plugin v27.4 - https:\/\/yoast.com\/product\/yoast-seo-wordpress\/ -->\n<title>Trespass TARA - Damen Fleecejacke<\/title>\n<meta name=\"description\" content=\"Das Trespass Ladies Fleece AT200 Tara wurde mit Pr\u00e4zision aus hochwertigem AT200-Material hergestellt. Das Fleece eignet sich f\u00fcr Outdoor-Abenteuer oder Freizei\" \/>\n<meta name=\"robots\" content=\"index, follow, max-snippet:-1, max-image-preview:large, max-video-preview:-1\" \/>\n<link rel=\"canonical\" href=\"https:\/\/schweizversand.ch\/it\/produkt\/trespass-tara-damen-fleecejacke\/\" \/>\n<meta property=\"og:locale\" content=\"it_IT\" \/>\n<meta property=\"og:type\" content=\"article\" \/>\n<meta property=\"og:title\" content=\"Trespass TARA - Damen Fleecejacke\" \/>\n<meta property=\"og:description\" content=\"Das Trespass Ladies Fleece AT200 Tara wurde mit Pr\u00e4zision aus hochwertigem AT200-Material hergestellt. Das Fleece eignet sich f\u00fcr Outdoor-Abenteuer oder Freizei\" \/>\n<meta property=\"og:url\" content=\"https:\/\/schweizversand.ch\/it\/produkt\/trespass-tara-damen-fleecejacke\/\" \/>\n<meta property=\"og:site_name\" content=\"Schweizer Shop f\u00fcr Sport, Spiel und Freizeit\" \/>\n<meta property=\"article:publisher\" content=\"https:\/\/www.facebook.com\/Schweizversand\" \/>\n<meta property=\"article:modified_time\" content=\"2026-04-21T13:36:22+00:00\" \/>\n<meta property=\"og:image\" content=\"https:\/\/schweizversand.ch\/wp-content\/uploads\/2026\/02\/5471763666.jpg\" \/>\n\t<meta property=\"og:image:width\" content=\"1024\" \/>\n\t<meta property=\"og:image:height\" content=\"1024\" \/>\n\t<meta property=\"og:image:type\" content=\"image\/jpeg\" \/>\n<meta name=\"twitter:card\" content=\"summary_large_image\" \/>\n<meta name=\"twitter:label1\" content=\"Tempo di lettura stimato\" \/>\n\t<meta name=\"twitter:data1\" content=\"1 minuto\" \/>\n<script type=\"application\/ld+json\" class=\"yoast-schema-graph\">{\"@context\":\"https:\\\/\\\/schema.org\",\"@graph\":[{\"@type\":\"WebPage\",\"@id\":\"https:\\\/\\\/schweizversand.ch\\\/it\\\/produkt\\\/trespass-tara-damen-fleecejacke\\\/\",\"url\":\"https:\\\/\\\/schweizversand.ch\\\/it\\\/produkt\\\/trespass-tara-damen-fleecejacke\\\/\",\"name\":\"Trespass TARA - Damen Fleecejacke\",\"isPartOf\":{\"@id\":\"https:\\\/\\\/schweizversand.ch\\\/it\\\/#website\"},\"primaryImageOfPage\":{\"@id\":\"https:\\\/\\\/schweizversand.ch\\\/it\\\/produkt\\\/trespass-tara-damen-fleecejacke\\\/#primaryimage\"},\"image\":{\"@id\":\"https:\\\/\\\/schweizversand.ch\\\/it\\\/produkt\\\/trespass-tara-damen-fleecejacke\\\/#primaryimage\"},\"thumbnailUrl\":\"https:\\\/\\\/schweizversand.ch\\\/wp-content\\\/uploads\\\/2026\\\/02\\\/5471763666.jpg\",\"datePublished\":\"2026-03-14T23:06:56+00:00\",\"dateModified\":\"2026-04-21T13:36:22+00:00\",\"description\":\"Das Trespass Ladies Fleece AT200 Tara wurde mit Pr\u00e4zision aus hochwertigem AT200-Material hergestellt. Das Fleece eignet sich f\u00fcr Outdoor-Abenteuer oder Freizei\",\"breadcrumb\":{\"@id\":\"https:\\\/\\\/schweizversand.ch\\\/it\\\/produkt\\\/trespass-tara-damen-fleecejacke\\\/#breadcrumb\"},\"inLanguage\":\"it-IT\",\"potentialAction\":[{\"@type\":\"ReadAction\",\"target\":[\"https:\\\/\\\/schweizversand.ch\\\/it\\\/produkt\\\/trespass-tara-damen-fleecejacke\\\/\"]}]},{\"@type\":\"ImageObject\",\"inLanguage\":\"it-IT\",\"@id\":\"https:\\\/\\\/schweizversand.ch\\\/it\\\/produkt\\\/trespass-tara-damen-fleecejacke\\\/#primaryimage\",\"url\":\"https:\\\/\\\/schweizversand.ch\\\/wp-content\\\/uploads\\\/2026\\\/02\\\/5471763666.jpg\",\"contentUrl\":\"https:\\\/\\\/schweizversand.ch\\\/wp-content\\\/uploads\\\/2026\\\/02\\\/5471763666.jpg\",\"width\":1024,\"height\":1024},{\"@type\":\"BreadcrumbList\",\"@id\":\"https:\\\/\\\/schweizversand.ch\\\/it\\\/produkt\\\/trespass-tara-damen-fleecejacke\\\/#breadcrumb\",\"itemListElement\":[{\"@type\":\"ListItem\",\"position\":1,\"name\":\"Startseite\",\"item\":\"https:\\\/\\\/schweizversand.ch\\\/it\\\/home\\\/\"},{\"@type\":\"ListItem\",\"position\":2,\"name\":\"Shop\",\"item\":\"https:\\\/\\\/schweizversand.ch\\\/it\\\/shop\\\/\"},{\"@type\":\"ListItem\",\"position\":3,\"name\":\"Sport\",\"item\":\"https:\\\/\\\/schweizversand.ch\\\/it\\\/produkt-kategorie\\\/sport-it\\\/\"},{\"@type\":\"ListItem\",\"position\":4,\"name\":\"All'aperto\",\"item\":\"https:\\\/\\\/schweizversand.ch\\\/it\\\/produkt-kategorie\\\/sport-it\\\/allaperto\\\/\"},{\"@type\":\"ListItem\",\"position\":5,\"name\":\"Abbigliamento per attivit\u00e0 all'aperto\",\"item\":\"https:\\\/\\\/schweizversand.ch\\\/it\\\/produkt-kategorie\\\/sport-it\\\/allaperto\\\/outdoorbekleidung\\\/\"},{\"@type\":\"ListItem\",\"position\":6,\"name\":\"Trespass TARA &#8211; giacca in pile da donna\"}]},{\"@type\":\"WebSite\",\"@id\":\"https:\\\/\\\/schweizversand.ch\\\/it\\\/#website\",\"url\":\"https:\\\/\\\/schweizversand.ch\\\/it\\\/\",\"name\":\"Schweizer Shop f\u00fcr Sport, Spiel und Freizeit\",\"description\":\"Gratisversand ab 50.- (netto), ab eigenem schweizer Lager, Lieferung innert 48h\",\"publisher\":{\"@id\":\"https:\\\/\\\/schweizversand.ch\\\/it\\\/#organization\"},\"alternateName\":\"Schweizversand.ch\",\"potentialAction\":[{\"@type\":\"SearchAction\",\"target\":{\"@type\":\"EntryPoint\",\"urlTemplate\":\"https:\\\/\\\/schweizversand.ch\\\/it\\\/?s={search_term_string}\"},\"query-input\":{\"@type\":\"PropertyValueSpecification\",\"valueRequired\":true,\"valueName\":\"search_term_string\"}}],\"inLanguage\":\"it-IT\"},{\"@type\":\"Organization\",\"@id\":\"https:\\\/\\\/schweizversand.ch\\\/it\\\/#organization\",\"name\":\"Schweizversand.ch\",\"url\":\"https:\\\/\\\/schweizversand.ch\\\/it\\\/\",\"logo\":{\"@type\":\"ImageObject\",\"inLanguage\":\"it-IT\",\"@id\":\"https:\\\/\\\/schweizversand.ch\\\/it\\\/#\\\/schema\\\/logo\\\/image\\\/\",\"url\":\"https:\\\/\\\/schweizversand.ch\\\/wp-content\\\/uploads\\\/2026\\\/03\\\/Logo_Rund_Final-1.png\",\"contentUrl\":\"https:\\\/\\\/schweizversand.ch\\\/wp-content\\\/uploads\\\/2026\\\/03\\\/Logo_Rund_Final-1.png\",\"width\":404,\"height\":404,\"caption\":\"Schweizversand.ch\"},\"image\":{\"@id\":\"https:\\\/\\\/schweizversand.ch\\\/it\\\/#\\\/schema\\\/logo\\\/image\\\/\"},\"sameAs\":[\"https:\\\/\\\/www.facebook.com\\\/Schweizversand\",\"https:\\\/\\\/www.instagram.com\\\/schweizversand.ch\\\/\"]}]}<\/script>\n<!-- \/ Yoast SEO plugin. -->","yoast_head_json":{"title":"Trespass TARA - Damen Fleecejacke","description":"Das Trespass Ladies Fleece AT200 Tara wurde mit Pr\u00e4zision aus hochwertigem AT200-Material hergestellt. Das Fleece eignet sich f\u00fcr Outdoor-Abenteuer oder Freizei","robots":{"index":"index","follow":"follow","max-snippet":"max-snippet:-1","max-image-preview":"max-image-preview:large","max-video-preview":"max-video-preview:-1"},"canonical":"https:\/\/schweizversand.ch\/it\/produkt\/trespass-tara-damen-fleecejacke\/","og_locale":"it_IT","og_type":"article","og_title":"Trespass TARA - Damen Fleecejacke","og_description":"Das Trespass Ladies Fleece AT200 Tara wurde mit Pr\u00e4zision aus hochwertigem AT200-Material hergestellt. Das Fleece eignet sich f\u00fcr Outdoor-Abenteuer oder Freizei","og_url":"https:\/\/schweizversand.ch\/it\/produkt\/trespass-tara-damen-fleecejacke\/","og_site_name":"Schweizer Shop f\u00fcr Sport, Spiel und Freizeit","article_publisher":"https:\/\/www.facebook.com\/Schweizversand","article_modified_time":"2026-04-21T13:36:22+00:00","og_image":[{"width":1024,"height":1024,"url":"https:\/\/schweizversand.ch\/wp-content\/uploads\/2026\/02\/5471763666.jpg","type":"image\/jpeg"}],"twitter_card":"summary_large_image","twitter_misc":{"Tempo di lettura stimato":"1 minuto"},"schema":{"@context":"https:\/\/schema.org","@graph":[{"@type":"WebPage","@id":"https:\/\/schweizversand.ch\/it\/produkt\/trespass-tara-damen-fleecejacke\/","url":"https:\/\/schweizversand.ch\/it\/produkt\/trespass-tara-damen-fleecejacke\/","name":"Trespass TARA - Damen Fleecejacke","isPartOf":{"@id":"https:\/\/schweizversand.ch\/it\/#website"},"primaryImageOfPage":{"@id":"https:\/\/schweizversand.ch\/it\/produkt\/trespass-tara-damen-fleecejacke\/#primaryimage"},"image":{"@id":"https:\/\/schweizversand.ch\/it\/produkt\/trespass-tara-damen-fleecejacke\/#primaryimage"},"thumbnailUrl":"https:\/\/schweizversand.ch\/wp-content\/uploads\/2026\/02\/5471763666.jpg","datePublished":"2026-03-14T23:06:56+00:00","dateModified":"2026-04-21T13:36:22+00:00","description":"Das Trespass Ladies Fleece AT200 Tara wurde mit Pr\u00e4zision aus hochwertigem AT200-Material hergestellt. Das Fleece eignet sich f\u00fcr Outdoor-Abenteuer oder Freizei","breadcrumb":{"@id":"https:\/\/schweizversand.ch\/it\/produkt\/trespass-tara-damen-fleecejacke\/#breadcrumb"},"inLanguage":"it-IT","potentialAction":[{"@type":"ReadAction","target":["https:\/\/schweizversand.ch\/it\/produkt\/trespass-tara-damen-fleecejacke\/"]}]},{"@type":"ImageObject","inLanguage":"it-IT","@id":"https:\/\/schweizversand.ch\/it\/produkt\/trespass-tara-damen-fleecejacke\/#primaryimage","url":"https:\/\/schweizversand.ch\/wp-content\/uploads\/2026\/02\/5471763666.jpg","contentUrl":"https:\/\/schweizversand.ch\/wp-content\/uploads\/2026\/02\/5471763666.jpg","width":1024,"height":1024},{"@type":"BreadcrumbList","@id":"https:\/\/schweizversand.ch\/it\/produkt\/trespass-tara-damen-fleecejacke\/#breadcrumb","itemListElement":[{"@type":"ListItem","position":1,"name":"Startseite","item":"https:\/\/schweizversand.ch\/it\/home\/"},{"@type":"ListItem","position":2,"name":"Shop","item":"https:\/\/schweizversand.ch\/it\/shop\/"},{"@type":"ListItem","position":3,"name":"Sport","item":"https:\/\/schweizversand.ch\/it\/produkt-kategorie\/sport-it\/"},{"@type":"ListItem","position":4,"name":"All'aperto","item":"https:\/\/schweizversand.ch\/it\/produkt-kategorie\/sport-it\/allaperto\/"},{"@type":"ListItem","position":5,"name":"Abbigliamento per attivit\u00e0 all'aperto","item":"https:\/\/schweizversand.ch\/it\/produkt-kategorie\/sport-it\/allaperto\/outdoorbekleidung\/"},{"@type":"ListItem","position":6,"name":"Trespass TARA &#8211; giacca in pile da donna"}]},{"@type":"WebSite","@id":"https:\/\/schweizversand.ch\/it\/#website","url":"https:\/\/schweizversand.ch\/it\/","name":"Schweizer Shop f\u00fcr Sport, Spiel und Freizeit","description":"Gratisversand ab 50.- (netto), ab eigenem schweizer Lager, Lieferung innert 48h","publisher":{"@id":"https:\/\/schweizversand.ch\/it\/#organization"},"alternateName":"Schweizversand.ch","potentialAction":[{"@type":"SearchAction","target":{"@type":"EntryPoint","urlTemplate":"https:\/\/schweizversand.ch\/it\/?s={search_term_string}"},"query-input":{"@type":"PropertyValueSpecification","valueRequired":true,"valueName":"search_term_string"}}],"inLanguage":"it-IT"},{"@type":"Organization","@id":"https:\/\/schweizversand.ch\/it\/#organization","name":"Schweizversand.ch","url":"https:\/\/schweizversand.ch\/it\/","logo":{"@type":"ImageObject","inLanguage":"it-IT","@id":"https:\/\/schweizversand.ch\/it\/#\/schema\/logo\/image\/","url":"https:\/\/schweizversand.ch\/wp-content\/uploads\/2026\/03\/Logo_Rund_Final-1.png","contentUrl":"https:\/\/schweizversand.ch\/wp-content\/uploads\/2026\/03\/Logo_Rund_Final-1.png","width":404,"height":404,"caption":"Schweizversand.ch"},"image":{"@id":"https:\/\/schweizversand.ch\/it\/#\/schema\/logo\/image\/"},"sameAs":["https:\/\/www.facebook.com\/Schweizversand","https:\/\/www.instagram.com\/schweizversand.ch\/"]}]}},"jetpack_sharing_enabled":true,"_links":{"self":[{"href":"https:\/\/schweizversand.ch\/it\/wp-json\/wp\/v2\/product\/260597","targetHints":{"allow":["GET"]}}],"collection":[{"href":"https:\/\/schweizversand.ch\/it\/wp-json\/wp\/v2\/product"}],"about":[{"href":"https:\/\/schweizversand.ch\/it\/wp-json\/wp\/v2\/types\/product"}],"replies":[{"embeddable":true,"href":"https:\/\/schweizversand.ch\/it\/wp-json\/wp\/v2\/comments?post=260597"}],"wp:featuredmedia":[{"embeddable":true,"href":"https:\/\/schweizversand.ch\/it\/wp-json\/wp\/v2\/media\/161487"}],"wp:attachment":[{"href":"https:\/\/schweizversand.ch\/it\/wp-json\/wp\/v2\/media?parent=260597"}],"wp:term":[{"taxonomy":"product_brand","embeddable":true,"href":"https:\/\/schweizversand.ch\/it\/wp-json\/wp\/v2\/product_brand?post=260597"},{"taxonomy":"product_cat","embeddable":true,"href":"https:\/\/schweizversand.ch\/it\/wp-json\/wp\/v2\/product_cat?post=260597"},{"taxonomy":"product_tag","embeddable":true,"href":"https:\/\/schweizversand.ch\/it\/wp-json\/wp\/v2\/product_tag?post=260597"}],"curies":[{"name":"wp","href":"https:\/\/api.w.org\/{rel}","templated":true}]}}