{"id":260604,"date":"2026-03-15T00:06:58","date_gmt":"2026-03-14T23:06:58","guid":{"rendered":"https:\/\/schweizversand.ch\/produkt\/trespass-softly-damen-kaputzenpullover-2\/"},"modified":"2026-05-02T02:05:22","modified_gmt":"2026-05-02T00:05:22","slug":"trespass-softly-damen-kaputzenpullover-2","status":"publish","type":"product","link":"https:\/\/schweizversand.ch\/it\/produkt\/trespass-softly-damen-kaputzenpullover-2\/","title":{"rendered":"Trespass SOFTLY &#8211; felpa con cappuccio da donna"},"content":{"rendered":"<p>Questa felpa con cappuccio unisce stile e funzionalit\u00e0, rendendola ideale per l&#8217;uso quotidiano e per le attivit\u00e0 sportive. Il morbido materiale garantisce un comfort eccezionale, mentre dettagli curati come la mezza zip e la tasca a marsupio offrono ulteriore praticit\u00e0.<\/p>\n<\/p>\n<p>Specifiche tecniche &#8211; Felpa con cappuccio<\/p>\n<\/p>\n<p>Design e comfort:<\/p>\n<\/p>\n<p>\u2022 Stile: Righe tinte in filo su tessuto m\u00e9lange per un look moderno<\/p>\n<\/p>\n<p>\u2022 Morbida al tatto: Spazzolata su entrambi i lati per una sensazione di comfort<\/p>\n<\/p>\n<p>\u2022 Cappuccio: Cappuccio fisso con coulisse per maggiore protezione e stile<\/p>\n<\/p>\n<p>\u2022 Tasca a marsupio: Pratica tasca per tenere le mani al caldo o riporre piccoli oggetti<\/p>\n<\/p>\n<p>\u2022 Chiusura: Mezza zip sullo scollo per indossarla e toglierla facilmente<\/p>\n<\/p>\n<p>\u2022 Spacchi laterali sull&#8217;orlo: Maggiore libert\u00e0 di movimento<\/p>\n<\/p>\n<p>Materiale e caratteristiche:<\/p>\n<\/p>\n<p>\u2022 Composizione del tessuto: 88% poliestere, 12% elastan<\/p>\n<\/p>\n<p>\u2022 Peso del tessuto: 270 g, che garantisce un buon equilibrio tra calore e leggerezza<\/p>\n<\/p>\n<p>\u2022 Finiture: Dettagli a contrasto per un tocco di stile<\/p>\n","protected":false},"excerpt":{"rendered":"<p>Trespass SOFTLY &#8211; Damen Kapuzenpullover vereint weichen Tragekomfort mit stylischem Garnstreifen, praktischem \u00bd-Rei\u00dfverschluss und K\u00e4ngurutasche f\u00fcr Alltag und Sport.<\/p>\n","protected":false},"featured_media":161503,"comment_status":"open","ping_status":"closed","template":"","meta":[],"product_brand":[],"product_cat":[38223],"product_tag":[],"class_list":{"0":"post-260604","1":"product","2":"type-product","3":"status-publish","4":"has-post-thumbnail","6":"product_cat-damenbekleidung","7":"product_shipping_class-global_methods","9":"first","10":"instock","11":"taxable","12":"shipping-taxable","13":"purchasable","14":"product-type-simple"},"yoast_head":"<!-- This site is optimized with the Yoast SEO plugin v27.5 - https:\/\/yoast.com\/product\/yoast-seo-wordpress\/ -->\n<title>Trespass SOFTLY - Damen Kaputzenpullover<\/title>\n<meta name=\"description\" content=\"Dieser Kapuzenpullover vereint Stil und Funktionalit\u00e4t und ist ideal f\u00fcr den Alltag sowie sportliche Aktivit\u00e4ten. Das weiche Material sorgt f\u00fcr hohen Tragekomfo\" \/>\n<meta name=\"robots\" content=\"index, follow, max-snippet:-1, max-image-preview:large, max-video-preview:-1\" \/>\n<link rel=\"canonical\" href=\"https:\/\/schweizversand.ch\/it\/produkt\/trespass-softly-damen-kaputzenpullover-2\/\" \/>\n<meta property=\"og:locale\" content=\"it_IT\" \/>\n<meta property=\"og:type\" content=\"article\" \/>\n<meta property=\"og:title\" content=\"Trespass SOFTLY - Damen Kaputzenpullover\" \/>\n<meta property=\"og:description\" content=\"Dieser Kapuzenpullover vereint Stil und Funktionalit\u00e4t und ist ideal f\u00fcr den Alltag sowie sportliche Aktivit\u00e4ten. Das weiche Material sorgt f\u00fcr hohen Tragekomfo\" \/>\n<meta property=\"og:url\" content=\"https:\/\/schweizversand.ch\/it\/produkt\/trespass-softly-damen-kaputzenpullover-2\/\" \/>\n<meta property=\"og:site_name\" content=\"Schweizer Shop f\u00fcr Sport, Spiel und Freizeit\" \/>\n<meta property=\"article:publisher\" content=\"https:\/\/www.facebook.com\/Schweizversand\" \/>\n<meta property=\"article:modified_time\" content=\"2026-05-02T00:05:22+00:00\" \/>\n<meta property=\"og:image\" content=\"https:\/\/schweizversand.ch\/wp-content\/uploads\/2026\/02\/5471841158.jpg\" \/>\n\t<meta property=\"og:image:width\" content=\"1024\" \/>\n\t<meta property=\"og:image:height\" content=\"1024\" \/>\n\t<meta property=\"og:image:type\" content=\"image\/jpeg\" \/>\n<meta name=\"twitter:card\" content=\"summary_large_image\" \/>\n<meta name=\"twitter:label1\" content=\"Tempo di lettura stimato\" \/>\n\t<meta name=\"twitter:data1\" content=\"1 minuto\" \/>\n<script type=\"application\/ld+json\" class=\"yoast-schema-graph\">{\"@context\":\"https:\\\/\\\/schema.org\",\"@graph\":[{\"@type\":\"WebPage\",\"@id\":\"https:\\\/\\\/schweizversand.ch\\\/it\\\/produkt\\\/trespass-softly-damen-kaputzenpullover-2\\\/\",\"url\":\"https:\\\/\\\/schweizversand.ch\\\/it\\\/produkt\\\/trespass-softly-damen-kaputzenpullover-2\\\/\",\"name\":\"Trespass SOFTLY - Damen Kaputzenpullover\",\"isPartOf\":{\"@id\":\"https:\\\/\\\/schweizversand.ch\\\/it\\\/#website\"},\"primaryImageOfPage\":{\"@id\":\"https:\\\/\\\/schweizversand.ch\\\/it\\\/produkt\\\/trespass-softly-damen-kaputzenpullover-2\\\/#primaryimage\"},\"image\":{\"@id\":\"https:\\\/\\\/schweizversand.ch\\\/it\\\/produkt\\\/trespass-softly-damen-kaputzenpullover-2\\\/#primaryimage\"},\"thumbnailUrl\":\"https:\\\/\\\/schweizversand.ch\\\/wp-content\\\/uploads\\\/2026\\\/02\\\/5471841158.jpg\",\"datePublished\":\"2026-03-14T23:06:58+00:00\",\"dateModified\":\"2026-05-02T00:05:22+00:00\",\"description\":\"Dieser Kapuzenpullover vereint Stil und Funktionalit\u00e4t und ist ideal f\u00fcr den Alltag sowie sportliche Aktivit\u00e4ten. Das weiche Material sorgt f\u00fcr hohen Tragekomfo\",\"breadcrumb\":{\"@id\":\"https:\\\/\\\/schweizversand.ch\\\/it\\\/produkt\\\/trespass-softly-damen-kaputzenpullover-2\\\/#breadcrumb\"},\"inLanguage\":\"it-IT\",\"potentialAction\":[{\"@type\":\"ReadAction\",\"target\":[\"https:\\\/\\\/schweizversand.ch\\\/it\\\/produkt\\\/trespass-softly-damen-kaputzenpullover-2\\\/\"]}]},{\"@type\":\"ImageObject\",\"inLanguage\":\"it-IT\",\"@id\":\"https:\\\/\\\/schweizversand.ch\\\/it\\\/produkt\\\/trespass-softly-damen-kaputzenpullover-2\\\/#primaryimage\",\"url\":\"https:\\\/\\\/schweizversand.ch\\\/wp-content\\\/uploads\\\/2026\\\/02\\\/5471841158.jpg\",\"contentUrl\":\"https:\\\/\\\/schweizversand.ch\\\/wp-content\\\/uploads\\\/2026\\\/02\\\/5471841158.jpg\",\"width\":1024,\"height\":1024},{\"@type\":\"BreadcrumbList\",\"@id\":\"https:\\\/\\\/schweizversand.ch\\\/it\\\/produkt\\\/trespass-softly-damen-kaputzenpullover-2\\\/#breadcrumb\",\"itemListElement\":[{\"@type\":\"ListItem\",\"position\":1,\"name\":\"Startseite\",\"item\":\"https:\\\/\\\/schweizversand.ch\\\/it\\\/home\\\/\"},{\"@type\":\"ListItem\",\"position\":2,\"name\":\"Shop\",\"item\":\"https:\\\/\\\/schweizversand.ch\\\/it\\\/shop\\\/\"},{\"@type\":\"ListItem\",\"position\":3,\"name\":\"Moda\",\"item\":\"https:\\\/\\\/schweizversand.ch\\\/it\\\/produkt-kategorie\\\/moda\\\/\"},{\"@type\":\"ListItem\",\"position\":4,\"name\":\"Moda femminile\",\"item\":\"https:\\\/\\\/schweizversand.ch\\\/it\\\/produkt-kategorie\\\/moda\\\/moda-femminile\\\/\"},{\"@type\":\"ListItem\",\"position\":5,\"name\":\"Abbigliamento femminile\",\"item\":\"https:\\\/\\\/schweizversand.ch\\\/it\\\/produkt-kategorie\\\/moda\\\/moda-femminile\\\/damenbekleidung\\\/\"},{\"@type\":\"ListItem\",\"position\":6,\"name\":\"Trespass SOFTLY &#8211; felpa con cappuccio da donna\"}]},{\"@type\":\"WebSite\",\"@id\":\"https:\\\/\\\/schweizversand.ch\\\/it\\\/#website\",\"url\":\"https:\\\/\\\/schweizversand.ch\\\/it\\\/\",\"name\":\"Schweizer Shop f\u00fcr Sport, Spiel und Freizeit\",\"description\":\"Gratisversand ab 50.- (netto), ab eigenem schweizer Lager, Lieferung innert 48h\",\"publisher\":{\"@id\":\"https:\\\/\\\/schweizversand.ch\\\/it\\\/#organization\"},\"alternateName\":\"Schweizversand.ch\",\"potentialAction\":[{\"@type\":\"SearchAction\",\"target\":{\"@type\":\"EntryPoint\",\"urlTemplate\":\"https:\\\/\\\/schweizversand.ch\\\/it\\\/?s={search_term_string}\"},\"query-input\":{\"@type\":\"PropertyValueSpecification\",\"valueRequired\":true,\"valueName\":\"search_term_string\"}}],\"inLanguage\":\"it-IT\"},{\"@type\":\"Organization\",\"@id\":\"https:\\\/\\\/schweizversand.ch\\\/it\\\/#organization\",\"name\":\"Schweizversand.ch\",\"url\":\"https:\\\/\\\/schweizversand.ch\\\/it\\\/\",\"logo\":{\"@type\":\"ImageObject\",\"inLanguage\":\"it-IT\",\"@id\":\"https:\\\/\\\/schweizversand.ch\\\/it\\\/#\\\/schema\\\/logo\\\/image\\\/\",\"url\":\"https:\\\/\\\/schweizversand.ch\\\/wp-content\\\/uploads\\\/2026\\\/03\\\/Logo_Rund_Final-1.png\",\"contentUrl\":\"https:\\\/\\\/schweizversand.ch\\\/wp-content\\\/uploads\\\/2026\\\/03\\\/Logo_Rund_Final-1.png\",\"width\":404,\"height\":404,\"caption\":\"Schweizversand.ch\"},\"image\":{\"@id\":\"https:\\\/\\\/schweizversand.ch\\\/it\\\/#\\\/schema\\\/logo\\\/image\\\/\"},\"sameAs\":[\"https:\\\/\\\/www.facebook.com\\\/Schweizversand\",\"https:\\\/\\\/www.instagram.com\\\/schweizversand.ch\\\/\"]}]}<\/script>\n<!-- \/ Yoast SEO plugin. -->","yoast_head_json":{"title":"Trespass SOFTLY - Damen Kaputzenpullover","description":"Dieser Kapuzenpullover vereint Stil und Funktionalit\u00e4t und ist ideal f\u00fcr den Alltag sowie sportliche Aktivit\u00e4ten. Das weiche Material sorgt f\u00fcr hohen Tragekomfo","robots":{"index":"index","follow":"follow","max-snippet":"max-snippet:-1","max-image-preview":"max-image-preview:large","max-video-preview":"max-video-preview:-1"},"canonical":"https:\/\/schweizversand.ch\/it\/produkt\/trespass-softly-damen-kaputzenpullover-2\/","og_locale":"it_IT","og_type":"article","og_title":"Trespass SOFTLY - Damen Kaputzenpullover","og_description":"Dieser Kapuzenpullover vereint Stil und Funktionalit\u00e4t und ist ideal f\u00fcr den Alltag sowie sportliche Aktivit\u00e4ten. Das weiche Material sorgt f\u00fcr hohen Tragekomfo","og_url":"https:\/\/schweizversand.ch\/it\/produkt\/trespass-softly-damen-kaputzenpullover-2\/","og_site_name":"Schweizer Shop f\u00fcr Sport, Spiel und Freizeit","article_publisher":"https:\/\/www.facebook.com\/Schweizversand","article_modified_time":"2026-05-02T00:05:22+00:00","og_image":[{"width":1024,"height":1024,"url":"https:\/\/schweizversand.ch\/wp-content\/uploads\/2026\/02\/5471841158.jpg","type":"image\/jpeg"}],"twitter_card":"summary_large_image","twitter_misc":{"Tempo di lettura stimato":"1 minuto"},"schema":{"@context":"https:\/\/schema.org","@graph":[{"@type":"WebPage","@id":"https:\/\/schweizversand.ch\/it\/produkt\/trespass-softly-damen-kaputzenpullover-2\/","url":"https:\/\/schweizversand.ch\/it\/produkt\/trespass-softly-damen-kaputzenpullover-2\/","name":"Trespass SOFTLY - Damen Kaputzenpullover","isPartOf":{"@id":"https:\/\/schweizversand.ch\/it\/#website"},"primaryImageOfPage":{"@id":"https:\/\/schweizversand.ch\/it\/produkt\/trespass-softly-damen-kaputzenpullover-2\/#primaryimage"},"image":{"@id":"https:\/\/schweizversand.ch\/it\/produkt\/trespass-softly-damen-kaputzenpullover-2\/#primaryimage"},"thumbnailUrl":"https:\/\/schweizversand.ch\/wp-content\/uploads\/2026\/02\/5471841158.jpg","datePublished":"2026-03-14T23:06:58+00:00","dateModified":"2026-05-02T00:05:22+00:00","description":"Dieser Kapuzenpullover vereint Stil und Funktionalit\u00e4t und ist ideal f\u00fcr den Alltag sowie sportliche Aktivit\u00e4ten. Das weiche Material sorgt f\u00fcr hohen Tragekomfo","breadcrumb":{"@id":"https:\/\/schweizversand.ch\/it\/produkt\/trespass-softly-damen-kaputzenpullover-2\/#breadcrumb"},"inLanguage":"it-IT","potentialAction":[{"@type":"ReadAction","target":["https:\/\/schweizversand.ch\/it\/produkt\/trespass-softly-damen-kaputzenpullover-2\/"]}]},{"@type":"ImageObject","inLanguage":"it-IT","@id":"https:\/\/schweizversand.ch\/it\/produkt\/trespass-softly-damen-kaputzenpullover-2\/#primaryimage","url":"https:\/\/schweizversand.ch\/wp-content\/uploads\/2026\/02\/5471841158.jpg","contentUrl":"https:\/\/schweizversand.ch\/wp-content\/uploads\/2026\/02\/5471841158.jpg","width":1024,"height":1024},{"@type":"BreadcrumbList","@id":"https:\/\/schweizversand.ch\/it\/produkt\/trespass-softly-damen-kaputzenpullover-2\/#breadcrumb","itemListElement":[{"@type":"ListItem","position":1,"name":"Startseite","item":"https:\/\/schweizversand.ch\/it\/home\/"},{"@type":"ListItem","position":2,"name":"Shop","item":"https:\/\/schweizversand.ch\/it\/shop\/"},{"@type":"ListItem","position":3,"name":"Moda","item":"https:\/\/schweizversand.ch\/it\/produkt-kategorie\/moda\/"},{"@type":"ListItem","position":4,"name":"Moda femminile","item":"https:\/\/schweizversand.ch\/it\/produkt-kategorie\/moda\/moda-femminile\/"},{"@type":"ListItem","position":5,"name":"Abbigliamento femminile","item":"https:\/\/schweizversand.ch\/it\/produkt-kategorie\/moda\/moda-femminile\/damenbekleidung\/"},{"@type":"ListItem","position":6,"name":"Trespass SOFTLY &#8211; felpa con cappuccio da donna"}]},{"@type":"WebSite","@id":"https:\/\/schweizversand.ch\/it\/#website","url":"https:\/\/schweizversand.ch\/it\/","name":"Schweizer Shop f\u00fcr Sport, Spiel und Freizeit","description":"Gratisversand ab 50.- (netto), ab eigenem schweizer Lager, Lieferung innert 48h","publisher":{"@id":"https:\/\/schweizversand.ch\/it\/#organization"},"alternateName":"Schweizversand.ch","potentialAction":[{"@type":"SearchAction","target":{"@type":"EntryPoint","urlTemplate":"https:\/\/schweizversand.ch\/it\/?s={search_term_string}"},"query-input":{"@type":"PropertyValueSpecification","valueRequired":true,"valueName":"search_term_string"}}],"inLanguage":"it-IT"},{"@type":"Organization","@id":"https:\/\/schweizversand.ch\/it\/#organization","name":"Schweizversand.ch","url":"https:\/\/schweizversand.ch\/it\/","logo":{"@type":"ImageObject","inLanguage":"it-IT","@id":"https:\/\/schweizversand.ch\/it\/#\/schema\/logo\/image\/","url":"https:\/\/schweizversand.ch\/wp-content\/uploads\/2026\/03\/Logo_Rund_Final-1.png","contentUrl":"https:\/\/schweizversand.ch\/wp-content\/uploads\/2026\/03\/Logo_Rund_Final-1.png","width":404,"height":404,"caption":"Schweizversand.ch"},"image":{"@id":"https:\/\/schweizversand.ch\/it\/#\/schema\/logo\/image\/"},"sameAs":["https:\/\/www.facebook.com\/Schweizversand","https:\/\/www.instagram.com\/schweizversand.ch\/"]}]}},"jetpack_sharing_enabled":true,"_links":{"self":[{"href":"https:\/\/schweizversand.ch\/it\/wp-json\/wp\/v2\/product\/260604","targetHints":{"allow":["GET"]}}],"collection":[{"href":"https:\/\/schweizversand.ch\/it\/wp-json\/wp\/v2\/product"}],"about":[{"href":"https:\/\/schweizversand.ch\/it\/wp-json\/wp\/v2\/types\/product"}],"replies":[{"embeddable":true,"href":"https:\/\/schweizversand.ch\/it\/wp-json\/wp\/v2\/comments?post=260604"}],"wp:featuredmedia":[{"embeddable":true,"href":"https:\/\/schweizversand.ch\/it\/wp-json\/wp\/v2\/media\/161503"}],"wp:attachment":[{"href":"https:\/\/schweizversand.ch\/it\/wp-json\/wp\/v2\/media?parent=260604"}],"wp:term":[{"taxonomy":"product_brand","embeddable":true,"href":"https:\/\/schweizversand.ch\/it\/wp-json\/wp\/v2\/product_brand?post=260604"},{"taxonomy":"product_cat","embeddable":true,"href":"https:\/\/schweizversand.ch\/it\/wp-json\/wp\/v2\/product_cat?post=260604"},{"taxonomy":"product_tag","embeddable":true,"href":"https:\/\/schweizversand.ch\/it\/wp-json\/wp\/v2\/product_tag?post=260604"}],"curies":[{"name":"wp","href":"https:\/\/api.w.org\/{rel}","templated":true}]}}