{"id":260621,"date":"2026-03-15T00:07:06","date_gmt":"2026-03-14T23:07:06","guid":{"rendered":"https:\/\/schweizversand.ch\/produkt\/trespass-vickland-damen-t-shirt-8\/"},"modified":"2026-04-16T02:06:08","modified_gmt":"2026-04-16T00:06:08","slug":"trespass-vickland-damen-t-shirt-8","status":"publish","type":"product","link":"https:\/\/schweizversand.ch\/it\/produkt\/trespass-vickland-damen-t-shirt-8\/","title":{"rendered":"Maglietta da donna Trespass Vickland"},"content":{"rendered":"<p>La T-shirt VICKLAND \u00e8 un&#8217;ottima scelta per le attivit\u00e0 all&#8217;aperto e gli sport, soprattutto quando fa caldo. Offre comfort, gestione dell&#8217;umidit\u00e0 e resistenza, caratteristiche essenziali per questo tipo di attivit\u00e0.<\/p>\n<\/p>\n<p>\u2022 Maniche corte: ideale per le giornate calde o per le attivit\u00e0 sportive che richiedono libert\u00e0 di movimento.<\/p>\n<\/p>\n<p>\u2022 Girocollo: il classico girocollo conferisce alla T-shirt un design senza tempo.<\/p>\n<\/p>\n<p>\u2022 Logo Trespass sul retro: il logo sul retro aggiunge un tocco personale alla T-shirt e dimostra il tuo supporto al marchio.<\/p>\n<\/p>\n<p>\u2022 Stampa Duoskin sulla manica: la stampa Duoskin indica probabilmente le propriet\u00e0 traspiranti che mantengono la T-shirt asciutta e confortevole.<\/p>\n<\/p>\n<p>\u2022 Maglia: il fatto che la T-shirt sia lavorata a maglia suggerisce qualit\u00e0 e resistenza.<\/p>\n<\/p>\n<p>\u2022 100% poliestere: il materiale 100% poliestere \u00e8 noto per le sue propriet\u00e0 traspiranti e di asciugatura rapida.<\/p>\n<\/p>\n<p>\u2022 Peso 160 g\/m\u00b2: il peso medio di 160 g\/m\u00b2 indica un materiale leggero e traspirante.<\/p>\n<\/p>\n<p>\u2022 Traspirante: la maglietta \u00e8 progettata per allontanare il sudore e l&#8217;umidit\u00e0 dal corpo, rendendola particolarmente adatta alle attivit\u00e0 sportive.<\/p>\n<\/p>\n<p>\u2022 Asciugatura rapida: le propriet\u00e0 di asciugatura rapida aiutano l&#8217;umidit\u00e0 a evaporare rapidamente, mantenendoti asciutto.<\/p>\n<\/p>\n<p>\u2022 Lavaggio a 40 gradi: la temperatura di lavaggio consigliata di 40 gradi aiuta a mantenere la qualit\u00e0 e la vestibilit\u00e0 della maglietta.<\/p>\n","protected":false},"excerpt":{"rendered":"<p>Trespass Vickland Damen T-Shirt bietet optimalen Komfort und Feuchtigkeitsmanagement f\u00fcr sportliche Aktivit\u00e4ten bei warmem Wetter \u2013 leicht, atmungsaktiv und langlebig.<\/p>\n","protected":false},"featured_media":161626,"comment_status":"open","ping_status":"closed","template":"","meta":[],"product_brand":[],"product_cat":[38542],"product_tag":[],"class_list":{"0":"post-260621","1":"product","2":"type-product","3":"status-publish","4":"has-post-thumbnail","6":"product_cat-fitness-textilien","7":"product_shipping_class-global_methods","9":"first","10":"instock","11":"taxable","12":"shipping-taxable","13":"purchasable","14":"product-type-simple"},"yoast_head":"<!-- This site is optimized with the Yoast SEO plugin v27.4 - https:\/\/yoast.com\/product\/yoast-seo-wordpress\/ -->\n<title>Trespass Vickland Damen T-shirt<\/title>\n<meta name=\"description\" content=\"Das VICKLAND T-Shirt ist eine ausgezeichnete Wahl f\u00fcr Aktivit\u00e4ten im Freien und sportliche Bet\u00e4tigungen, insbesondere bei warmem Wetter. Es bietet Komfort, Feuc\" \/>\n<meta name=\"robots\" content=\"index, follow, max-snippet:-1, max-image-preview:large, max-video-preview:-1\" \/>\n<link rel=\"canonical\" href=\"https:\/\/schweizversand.ch\/it\/produkt\/trespass-vickland-damen-t-shirt-8\/\" \/>\n<meta property=\"og:locale\" content=\"it_IT\" \/>\n<meta property=\"og:type\" content=\"article\" \/>\n<meta property=\"og:title\" content=\"Trespass Vickland Damen T-shirt\" \/>\n<meta property=\"og:description\" content=\"Das VICKLAND T-Shirt ist eine ausgezeichnete Wahl f\u00fcr Aktivit\u00e4ten im Freien und sportliche Bet\u00e4tigungen, insbesondere bei warmem Wetter. Es bietet Komfort, Feuc\" \/>\n<meta property=\"og:url\" content=\"https:\/\/schweizversand.ch\/it\/produkt\/trespass-vickland-damen-t-shirt-8\/\" \/>\n<meta property=\"og:site_name\" content=\"Schweizer Shop f\u00fcr Sport, Spiel und Freizeit\" \/>\n<meta property=\"article:publisher\" content=\"https:\/\/www.facebook.com\/Schweizversand\" \/>\n<meta property=\"article:modified_time\" content=\"2026-04-16T00:06:08+00:00\" \/>\n<meta property=\"og:image\" content=\"https:\/\/schweizversand.ch\/wp-content\/uploads\/2026\/02\/5471850096.jpg\" \/>\n\t<meta property=\"og:image:width\" content=\"654\" \/>\n\t<meta property=\"og:image:height\" content=\"1024\" \/>\n\t<meta property=\"og:image:type\" content=\"image\/jpeg\" \/>\n<meta name=\"twitter:card\" content=\"summary_large_image\" \/>\n<meta name=\"twitter:label1\" content=\"Tempo di lettura stimato\" \/>\n\t<meta name=\"twitter:data1\" content=\"1 minuto\" \/>\n<script type=\"application\/ld+json\" class=\"yoast-schema-graph\">{\"@context\":\"https:\\\/\\\/schema.org\",\"@graph\":[{\"@type\":\"WebPage\",\"@id\":\"https:\\\/\\\/schweizversand.ch\\\/it\\\/produkt\\\/trespass-vickland-damen-t-shirt-8\\\/\",\"url\":\"https:\\\/\\\/schweizversand.ch\\\/it\\\/produkt\\\/trespass-vickland-damen-t-shirt-8\\\/\",\"name\":\"Trespass Vickland Damen T-shirt\",\"isPartOf\":{\"@id\":\"https:\\\/\\\/schweizversand.ch\\\/it\\\/#website\"},\"primaryImageOfPage\":{\"@id\":\"https:\\\/\\\/schweizversand.ch\\\/it\\\/produkt\\\/trespass-vickland-damen-t-shirt-8\\\/#primaryimage\"},\"image\":{\"@id\":\"https:\\\/\\\/schweizversand.ch\\\/it\\\/produkt\\\/trespass-vickland-damen-t-shirt-8\\\/#primaryimage\"},\"thumbnailUrl\":\"https:\\\/\\\/schweizversand.ch\\\/wp-content\\\/uploads\\\/2026\\\/02\\\/5471850096.jpg\",\"datePublished\":\"2026-03-14T23:07:06+00:00\",\"dateModified\":\"2026-04-16T00:06:08+00:00\",\"description\":\"Das VICKLAND T-Shirt ist eine ausgezeichnete Wahl f\u00fcr Aktivit\u00e4ten im Freien und sportliche Bet\u00e4tigungen, insbesondere bei warmem Wetter. Es bietet Komfort, Feuc\",\"breadcrumb\":{\"@id\":\"https:\\\/\\\/schweizversand.ch\\\/it\\\/produkt\\\/trespass-vickland-damen-t-shirt-8\\\/#breadcrumb\"},\"inLanguage\":\"it-IT\",\"potentialAction\":[{\"@type\":\"ReadAction\",\"target\":[\"https:\\\/\\\/schweizversand.ch\\\/it\\\/produkt\\\/trespass-vickland-damen-t-shirt-8\\\/\"]}]},{\"@type\":\"ImageObject\",\"inLanguage\":\"it-IT\",\"@id\":\"https:\\\/\\\/schweizversand.ch\\\/it\\\/produkt\\\/trespass-vickland-damen-t-shirt-8\\\/#primaryimage\",\"url\":\"https:\\\/\\\/schweizversand.ch\\\/wp-content\\\/uploads\\\/2026\\\/02\\\/5471850096.jpg\",\"contentUrl\":\"https:\\\/\\\/schweizversand.ch\\\/wp-content\\\/uploads\\\/2026\\\/02\\\/5471850096.jpg\",\"width\":654,\"height\":1024},{\"@type\":\"BreadcrumbList\",\"@id\":\"https:\\\/\\\/schweizversand.ch\\\/it\\\/produkt\\\/trespass-vickland-damen-t-shirt-8\\\/#breadcrumb\",\"itemListElement\":[{\"@type\":\"ListItem\",\"position\":1,\"name\":\"Startseite\",\"item\":\"https:\\\/\\\/schweizversand.ch\\\/it\\\/\"},{\"@type\":\"ListItem\",\"position\":2,\"name\":\"Shop\",\"item\":\"https:\\\/\\\/schweizversand.ch\\\/it\\\/shop\\\/\"},{\"@type\":\"ListItem\",\"position\":3,\"name\":\"Sport\",\"item\":\"https:\\\/\\\/schweizversand.ch\\\/it\\\/produkt-kategorie\\\/sport-it\\\/\"},{\"@type\":\"ListItem\",\"position\":4,\"name\":\"Fitness\",\"item\":\"https:\\\/\\\/schweizversand.ch\\\/it\\\/produkt-kategorie\\\/sport-it\\\/fitness\\\/\"},{\"@type\":\"ListItem\",\"position\":5,\"name\":\"Tessili per il fitness\",\"item\":\"https:\\\/\\\/schweizversand.ch\\\/it\\\/produkt-kategorie\\\/sport-it\\\/fitness\\\/fitness-textilien\\\/\"},{\"@type\":\"ListItem\",\"position\":6,\"name\":\"Maglietta da donna Trespass Vickland\"}]},{\"@type\":\"WebSite\",\"@id\":\"https:\\\/\\\/schweizversand.ch\\\/it\\\/#website\",\"url\":\"https:\\\/\\\/schweizversand.ch\\\/it\\\/\",\"name\":\"Schweizer Shop f\u00fcr Sport, Spiel und Freizeit\",\"description\":\"Gratisversand ab 50.- (netto), ab eigenem schweizer Lager, Lieferung innert 48h\",\"publisher\":{\"@id\":\"https:\\\/\\\/schweizversand.ch\\\/it\\\/#organization\"},\"alternateName\":\"Schweizversand.ch\",\"potentialAction\":[{\"@type\":\"SearchAction\",\"target\":{\"@type\":\"EntryPoint\",\"urlTemplate\":\"https:\\\/\\\/schweizversand.ch\\\/it\\\/?s={search_term_string}\"},\"query-input\":{\"@type\":\"PropertyValueSpecification\",\"valueRequired\":true,\"valueName\":\"search_term_string\"}}],\"inLanguage\":\"it-IT\"},{\"@type\":\"Organization\",\"@id\":\"https:\\\/\\\/schweizversand.ch\\\/it\\\/#organization\",\"name\":\"Schweizversand.ch\",\"url\":\"https:\\\/\\\/schweizversand.ch\\\/it\\\/\",\"logo\":{\"@type\":\"ImageObject\",\"inLanguage\":\"it-IT\",\"@id\":\"https:\\\/\\\/schweizversand.ch\\\/it\\\/#\\\/schema\\\/logo\\\/image\\\/\",\"url\":\"https:\\\/\\\/schweizversand.ch\\\/wp-content\\\/uploads\\\/2026\\\/03\\\/Logo_Rund_Final-1.png\",\"contentUrl\":\"https:\\\/\\\/schweizversand.ch\\\/wp-content\\\/uploads\\\/2026\\\/03\\\/Logo_Rund_Final-1.png\",\"width\":404,\"height\":404,\"caption\":\"Schweizversand.ch\"},\"image\":{\"@id\":\"https:\\\/\\\/schweizversand.ch\\\/it\\\/#\\\/schema\\\/logo\\\/image\\\/\"},\"sameAs\":[\"https:\\\/\\\/www.facebook.com\\\/Schweizversand\",\"https:\\\/\\\/www.instagram.com\\\/schweizversand.ch\\\/\"]}]}<\/script>\n<!-- \/ Yoast SEO plugin. -->","yoast_head_json":{"title":"Trespass Vickland Damen T-shirt","description":"Das VICKLAND T-Shirt ist eine ausgezeichnete Wahl f\u00fcr Aktivit\u00e4ten im Freien und sportliche Bet\u00e4tigungen, insbesondere bei warmem Wetter. Es bietet Komfort, Feuc","robots":{"index":"index","follow":"follow","max-snippet":"max-snippet:-1","max-image-preview":"max-image-preview:large","max-video-preview":"max-video-preview:-1"},"canonical":"https:\/\/schweizversand.ch\/it\/produkt\/trespass-vickland-damen-t-shirt-8\/","og_locale":"it_IT","og_type":"article","og_title":"Trespass Vickland Damen T-shirt","og_description":"Das VICKLAND T-Shirt ist eine ausgezeichnete Wahl f\u00fcr Aktivit\u00e4ten im Freien und sportliche Bet\u00e4tigungen, insbesondere bei warmem Wetter. Es bietet Komfort, Feuc","og_url":"https:\/\/schweizversand.ch\/it\/produkt\/trespass-vickland-damen-t-shirt-8\/","og_site_name":"Schweizer Shop f\u00fcr Sport, Spiel und Freizeit","article_publisher":"https:\/\/www.facebook.com\/Schweizversand","article_modified_time":"2026-04-16T00:06:08+00:00","og_image":[{"width":654,"height":1024,"url":"https:\/\/schweizversand.ch\/wp-content\/uploads\/2026\/02\/5471850096.jpg","type":"image\/jpeg"}],"twitter_card":"summary_large_image","twitter_misc":{"Tempo di lettura stimato":"1 minuto"},"schema":{"@context":"https:\/\/schema.org","@graph":[{"@type":"WebPage","@id":"https:\/\/schweizversand.ch\/it\/produkt\/trespass-vickland-damen-t-shirt-8\/","url":"https:\/\/schweizversand.ch\/it\/produkt\/trespass-vickland-damen-t-shirt-8\/","name":"Trespass Vickland Damen T-shirt","isPartOf":{"@id":"https:\/\/schweizversand.ch\/it\/#website"},"primaryImageOfPage":{"@id":"https:\/\/schweizversand.ch\/it\/produkt\/trespass-vickland-damen-t-shirt-8\/#primaryimage"},"image":{"@id":"https:\/\/schweizversand.ch\/it\/produkt\/trespass-vickland-damen-t-shirt-8\/#primaryimage"},"thumbnailUrl":"https:\/\/schweizversand.ch\/wp-content\/uploads\/2026\/02\/5471850096.jpg","datePublished":"2026-03-14T23:07:06+00:00","dateModified":"2026-04-16T00:06:08+00:00","description":"Das VICKLAND T-Shirt ist eine ausgezeichnete Wahl f\u00fcr Aktivit\u00e4ten im Freien und sportliche Bet\u00e4tigungen, insbesondere bei warmem Wetter. Es bietet Komfort, Feuc","breadcrumb":{"@id":"https:\/\/schweizversand.ch\/it\/produkt\/trespass-vickland-damen-t-shirt-8\/#breadcrumb"},"inLanguage":"it-IT","potentialAction":[{"@type":"ReadAction","target":["https:\/\/schweizversand.ch\/it\/produkt\/trespass-vickland-damen-t-shirt-8\/"]}]},{"@type":"ImageObject","inLanguage":"it-IT","@id":"https:\/\/schweizversand.ch\/it\/produkt\/trespass-vickland-damen-t-shirt-8\/#primaryimage","url":"https:\/\/schweizversand.ch\/wp-content\/uploads\/2026\/02\/5471850096.jpg","contentUrl":"https:\/\/schweizversand.ch\/wp-content\/uploads\/2026\/02\/5471850096.jpg","width":654,"height":1024},{"@type":"BreadcrumbList","@id":"https:\/\/schweizversand.ch\/it\/produkt\/trespass-vickland-damen-t-shirt-8\/#breadcrumb","itemListElement":[{"@type":"ListItem","position":1,"name":"Startseite","item":"https:\/\/schweizversand.ch\/it\/"},{"@type":"ListItem","position":2,"name":"Shop","item":"https:\/\/schweizversand.ch\/it\/shop\/"},{"@type":"ListItem","position":3,"name":"Sport","item":"https:\/\/schweizversand.ch\/it\/produkt-kategorie\/sport-it\/"},{"@type":"ListItem","position":4,"name":"Fitness","item":"https:\/\/schweizversand.ch\/it\/produkt-kategorie\/sport-it\/fitness\/"},{"@type":"ListItem","position":5,"name":"Tessili per il fitness","item":"https:\/\/schweizversand.ch\/it\/produkt-kategorie\/sport-it\/fitness\/fitness-textilien\/"},{"@type":"ListItem","position":6,"name":"Maglietta da donna Trespass Vickland"}]},{"@type":"WebSite","@id":"https:\/\/schweizversand.ch\/it\/#website","url":"https:\/\/schweizversand.ch\/it\/","name":"Schweizer Shop f\u00fcr Sport, Spiel und Freizeit","description":"Gratisversand ab 50.- (netto), ab eigenem schweizer Lager, Lieferung innert 48h","publisher":{"@id":"https:\/\/schweizversand.ch\/it\/#organization"},"alternateName":"Schweizversand.ch","potentialAction":[{"@type":"SearchAction","target":{"@type":"EntryPoint","urlTemplate":"https:\/\/schweizversand.ch\/it\/?s={search_term_string}"},"query-input":{"@type":"PropertyValueSpecification","valueRequired":true,"valueName":"search_term_string"}}],"inLanguage":"it-IT"},{"@type":"Organization","@id":"https:\/\/schweizversand.ch\/it\/#organization","name":"Schweizversand.ch","url":"https:\/\/schweizversand.ch\/it\/","logo":{"@type":"ImageObject","inLanguage":"it-IT","@id":"https:\/\/schweizversand.ch\/it\/#\/schema\/logo\/image\/","url":"https:\/\/schweizversand.ch\/wp-content\/uploads\/2026\/03\/Logo_Rund_Final-1.png","contentUrl":"https:\/\/schweizversand.ch\/wp-content\/uploads\/2026\/03\/Logo_Rund_Final-1.png","width":404,"height":404,"caption":"Schweizversand.ch"},"image":{"@id":"https:\/\/schweizversand.ch\/it\/#\/schema\/logo\/image\/"},"sameAs":["https:\/\/www.facebook.com\/Schweizversand","https:\/\/www.instagram.com\/schweizversand.ch\/"]}]}},"jetpack_sharing_enabled":true,"_links":{"self":[{"href":"https:\/\/schweizversand.ch\/it\/wp-json\/wp\/v2\/product\/260621","targetHints":{"allow":["GET"]}}],"collection":[{"href":"https:\/\/schweizversand.ch\/it\/wp-json\/wp\/v2\/product"}],"about":[{"href":"https:\/\/schweizversand.ch\/it\/wp-json\/wp\/v2\/types\/product"}],"replies":[{"embeddable":true,"href":"https:\/\/schweizversand.ch\/it\/wp-json\/wp\/v2\/comments?post=260621"}],"wp:featuredmedia":[{"embeddable":true,"href":"https:\/\/schweizversand.ch\/it\/wp-json\/wp\/v2\/media\/161626"}],"wp:attachment":[{"href":"https:\/\/schweizversand.ch\/it\/wp-json\/wp\/v2\/media?parent=260621"}],"wp:term":[{"taxonomy":"product_brand","embeddable":true,"href":"https:\/\/schweizversand.ch\/it\/wp-json\/wp\/v2\/product_brand?post=260621"},{"taxonomy":"product_cat","embeddable":true,"href":"https:\/\/schweizversand.ch\/it\/wp-json\/wp\/v2\/product_cat?post=260621"},{"taxonomy":"product_tag","embeddable":true,"href":"https:\/\/schweizversand.ch\/it\/wp-json\/wp\/v2\/product_tag?post=260621"}],"curies":[{"name":"wp","href":"https:\/\/api.w.org\/{rel}","templated":true}]}}