{"id":260638,"date":"2026-03-15T00:56:00","date_gmt":"2026-03-14T23:56:00","guid":{"rendered":"https:\/\/schweizversand.ch\/produkt\/trespass-vickland-damen-t-shirt-29\/"},"modified":"2026-05-01T15:35:49","modified_gmt":"2026-05-01T13:35:49","slug":"trespass-vickland-damen-t-shirt-29","status":"publish","type":"product","link":"https:\/\/schweizversand.ch\/it\/produkt\/trespass-vickland-damen-t-shirt-29\/","title":{"rendered":"Maglietta da donna Trespass VICKLAND"},"content":{"rendered":"<h1><strong>T-shirt da uomo VICKLAND per attivit\u00e0 all&#8217;aria aperta<\/strong><\/h1>\n<div>Scopri la <strong>t-shirt da uomo VICKLAND per attivit\u00e0 all&#8217;aria aperta<\/strong>, la tua compagna ideale per attivit\u00e0 sportive ed escursioni impegnative. Questa <strong>maglia tecnica a maniche corte<\/strong> \u00e8 stata sviluppata appositamente per offrirti il \u200b\u200bmassimo comfort e un&#8217;eccellente <strong>gestione dell&#8217;umidit\u00e0<\/strong> nelle giornate calde.<\/p>\n<\/div>\n<div><strong>Prestazioni convincenti<\/strong><br \/>La <strong>t-shirt sportiva da uomo<\/strong> combina leggerezza con tecnologia all&#8217;avanguardia. Grazie alla stampa Duoskin e alla struttura a maglia, allontana l&#8217;umidit\u00e0 in modo affidabile, garantendoti sempre asciutto e prestazioni al massimo. \u00c8 la maglietta da trekking perfetta per lunghe giornate nella natura. Materiale e propriet\u00e0: la maglietta VICKLAND \u00e8 realizzata in 100% poliestere, noto per le sue propriet\u00e0 di asciugatura rapida e resistenza. Il peso del tessuto di 160 g\/m\u00b2 garantisce traspirabilit\u00e0 senza compromettere la resistenza.<\/p>\n<\/div>\n<div><strong>Dettagli del prodotto a colpo d&#8217;occhio<\/strong><br \/>&#8211; Materiale: 100% poliestere (lavorato a maglia)<br \/>&#8211; Vestibilit\u00e0: manica corta con classico scollo rotondo<br \/>&#8211; Peso: 160 g\/m\u00b2<br \/>&#8211; Tecnologia: gestione efficace dell&#8217;umidit\u00e0 e asciugatura rapida<br \/>&#8211; Design: logo Trespass sul retro e stampa Duoskin sulla manica<\/p>\n<\/div>\n<div>Investi in questa <strong>maglia tecnica a maniche corte<\/strong> di alta qualit\u00e0 e scopri la differenza nelle tue prossime avventure all&#8217;aria aperta. Ordina subito la <strong>maglia da esterno VICKLAND<\/strong> e goditi il \u200b\u200bmassimo comfort.<\/p>\n<\/div>\n<div>\n<\/div>\n","protected":false},"excerpt":{"rendered":"<p>Trespass VICKLAND Damen-T-Shirt bietet optimalen Komfort und schnelles Feuchtigkeitsmanagement f\u00fcr aktive Outdoor-Tage. Leicht, atmungsaktiv und perfekt f\u00fcr Wanderungen.<\/p>\n","protected":false},"featured_media":151540,"comment_status":"open","ping_status":"closed","template":"","meta":[],"product_brand":[],"product_cat":[38542],"product_tag":[],"class_list":{"0":"post-260638","1":"product","2":"type-product","3":"status-publish","4":"has-post-thumbnail","6":"product_cat-fitness-textilien","7":"product_shipping_class-global_methods","9":"first","10":"instock","11":"taxable","12":"shipping-taxable","13":"purchasable","14":"product-type-simple"},"yoast_head":"<!-- This site is optimized with the Yoast SEO plugin v27.5 - https:\/\/yoast.com\/product\/yoast-seo-wordpress\/ -->\n<title>Trespass VICKLAND Damen-T-Shirt<\/title>\n<meta name=\"description\" content=\"VICKLAND T-Shirt Outdoor Herren Entdecken Sie das VICKLAND T-Shirt Outdoor , Ihr idealer Begleiter f\u00fcr anspruchsvolle sportliche Bet\u00e4tigungen und Wanderungen. D\" \/>\n<meta name=\"robots\" content=\"index, follow, max-snippet:-1, max-image-preview:large, max-video-preview:-1\" \/>\n<link rel=\"canonical\" href=\"https:\/\/schweizversand.ch\/it\/produkt\/trespass-vickland-damen-t-shirt-29\/\" \/>\n<meta property=\"og:locale\" content=\"it_IT\" \/>\n<meta property=\"og:type\" content=\"article\" \/>\n<meta property=\"og:title\" content=\"Trespass VICKLAND Damen-T-Shirt\" \/>\n<meta property=\"og:description\" content=\"VICKLAND T-Shirt Outdoor Herren Entdecken Sie das VICKLAND T-Shirt Outdoor , Ihr idealer Begleiter f\u00fcr anspruchsvolle sportliche Bet\u00e4tigungen und Wanderungen. D\" \/>\n<meta property=\"og:url\" content=\"https:\/\/schweizversand.ch\/it\/produkt\/trespass-vickland-damen-t-shirt-29\/\" \/>\n<meta property=\"og:site_name\" content=\"Schweizer Shop f\u00fcr Sport, Spiel und Freizeit\" \/>\n<meta property=\"article:publisher\" content=\"https:\/\/www.facebook.com\/Schweizversand\" \/>\n<meta property=\"article:modified_time\" content=\"2026-05-01T13:35:49+00:00\" \/>\n<meta property=\"og:image\" content=\"https:\/\/schweizversand.ch\/wp-content\/uploads\/2026\/02\/5471696480.jpg\" \/>\n\t<meta property=\"og:image:width\" content=\"1024\" \/>\n\t<meta property=\"og:image:height\" content=\"1024\" \/>\n\t<meta property=\"og:image:type\" content=\"image\/jpeg\" \/>\n<meta name=\"twitter:card\" content=\"summary_large_image\" \/>\n<meta name=\"twitter:label1\" content=\"Tempo di lettura stimato\" \/>\n\t<meta name=\"twitter:data1\" content=\"1 minuto\" \/>\n<script type=\"application\/ld+json\" class=\"yoast-schema-graph\">{\"@context\":\"https:\\\/\\\/schema.org\",\"@graph\":[{\"@type\":\"WebPage\",\"@id\":\"https:\\\/\\\/schweizversand.ch\\\/it\\\/produkt\\\/trespass-vickland-damen-t-shirt-29\\\/\",\"url\":\"https:\\\/\\\/schweizversand.ch\\\/it\\\/produkt\\\/trespass-vickland-damen-t-shirt-29\\\/\",\"name\":\"Trespass VICKLAND Damen-T-Shirt\",\"isPartOf\":{\"@id\":\"https:\\\/\\\/schweizversand.ch\\\/it\\\/#website\"},\"primaryImageOfPage\":{\"@id\":\"https:\\\/\\\/schweizversand.ch\\\/it\\\/produkt\\\/trespass-vickland-damen-t-shirt-29\\\/#primaryimage\"},\"image\":{\"@id\":\"https:\\\/\\\/schweizversand.ch\\\/it\\\/produkt\\\/trespass-vickland-damen-t-shirt-29\\\/#primaryimage\"},\"thumbnailUrl\":\"https:\\\/\\\/schweizversand.ch\\\/wp-content\\\/uploads\\\/2026\\\/02\\\/5471696480.jpg\",\"datePublished\":\"2026-03-14T23:56:00+00:00\",\"dateModified\":\"2026-05-01T13:35:49+00:00\",\"description\":\"VICKLAND T-Shirt Outdoor Herren Entdecken Sie das VICKLAND T-Shirt Outdoor , Ihr idealer Begleiter f\u00fcr anspruchsvolle sportliche Bet\u00e4tigungen und Wanderungen. D\",\"breadcrumb\":{\"@id\":\"https:\\\/\\\/schweizversand.ch\\\/it\\\/produkt\\\/trespass-vickland-damen-t-shirt-29\\\/#breadcrumb\"},\"inLanguage\":\"it-IT\",\"potentialAction\":[{\"@type\":\"ReadAction\",\"target\":[\"https:\\\/\\\/schweizversand.ch\\\/it\\\/produkt\\\/trespass-vickland-damen-t-shirt-29\\\/\"]}]},{\"@type\":\"ImageObject\",\"inLanguage\":\"it-IT\",\"@id\":\"https:\\\/\\\/schweizversand.ch\\\/it\\\/produkt\\\/trespass-vickland-damen-t-shirt-29\\\/#primaryimage\",\"url\":\"https:\\\/\\\/schweizversand.ch\\\/wp-content\\\/uploads\\\/2026\\\/02\\\/5471696480.jpg\",\"contentUrl\":\"https:\\\/\\\/schweizversand.ch\\\/wp-content\\\/uploads\\\/2026\\\/02\\\/5471696480.jpg\",\"width\":1024,\"height\":1024},{\"@type\":\"BreadcrumbList\",\"@id\":\"https:\\\/\\\/schweizversand.ch\\\/it\\\/produkt\\\/trespass-vickland-damen-t-shirt-29\\\/#breadcrumb\",\"itemListElement\":[{\"@type\":\"ListItem\",\"position\":1,\"name\":\"Startseite\",\"item\":\"https:\\\/\\\/schweizversand.ch\\\/it\\\/home\\\/\"},{\"@type\":\"ListItem\",\"position\":2,\"name\":\"Shop\",\"item\":\"https:\\\/\\\/schweizversand.ch\\\/it\\\/shop\\\/\"},{\"@type\":\"ListItem\",\"position\":3,\"name\":\"Sport\",\"item\":\"https:\\\/\\\/schweizversand.ch\\\/it\\\/produkt-kategorie\\\/sport-it\\\/\"},{\"@type\":\"ListItem\",\"position\":4,\"name\":\"Fitness\",\"item\":\"https:\\\/\\\/schweizversand.ch\\\/it\\\/produkt-kategorie\\\/sport-it\\\/fitness\\\/\"},{\"@type\":\"ListItem\",\"position\":5,\"name\":\"Tessili per il fitness\",\"item\":\"https:\\\/\\\/schweizversand.ch\\\/it\\\/produkt-kategorie\\\/sport-it\\\/fitness\\\/fitness-textilien\\\/\"},{\"@type\":\"ListItem\",\"position\":6,\"name\":\"Maglietta da donna Trespass VICKLAND\"}]},{\"@type\":\"WebSite\",\"@id\":\"https:\\\/\\\/schweizversand.ch\\\/it\\\/#website\",\"url\":\"https:\\\/\\\/schweizversand.ch\\\/it\\\/\",\"name\":\"Schweizer Shop f\u00fcr Sport, Spiel und Freizeit\",\"description\":\"Gratisversand ab 50.- (netto), ab eigenem schweizer Lager, Lieferung innert 48h\",\"publisher\":{\"@id\":\"https:\\\/\\\/schweizversand.ch\\\/it\\\/#organization\"},\"alternateName\":\"Schweizversand.ch\",\"potentialAction\":[{\"@type\":\"SearchAction\",\"target\":{\"@type\":\"EntryPoint\",\"urlTemplate\":\"https:\\\/\\\/schweizversand.ch\\\/it\\\/?s={search_term_string}\"},\"query-input\":{\"@type\":\"PropertyValueSpecification\",\"valueRequired\":true,\"valueName\":\"search_term_string\"}}],\"inLanguage\":\"it-IT\"},{\"@type\":\"Organization\",\"@id\":\"https:\\\/\\\/schweizversand.ch\\\/it\\\/#organization\",\"name\":\"Schweizversand.ch\",\"url\":\"https:\\\/\\\/schweizversand.ch\\\/it\\\/\",\"logo\":{\"@type\":\"ImageObject\",\"inLanguage\":\"it-IT\",\"@id\":\"https:\\\/\\\/schweizversand.ch\\\/it\\\/#\\\/schema\\\/logo\\\/image\\\/\",\"url\":\"https:\\\/\\\/schweizversand.ch\\\/wp-content\\\/uploads\\\/2026\\\/03\\\/Logo_Rund_Final-1.png\",\"contentUrl\":\"https:\\\/\\\/schweizversand.ch\\\/wp-content\\\/uploads\\\/2026\\\/03\\\/Logo_Rund_Final-1.png\",\"width\":404,\"height\":404,\"caption\":\"Schweizversand.ch\"},\"image\":{\"@id\":\"https:\\\/\\\/schweizversand.ch\\\/it\\\/#\\\/schema\\\/logo\\\/image\\\/\"},\"sameAs\":[\"https:\\\/\\\/www.facebook.com\\\/Schweizversand\",\"https:\\\/\\\/www.instagram.com\\\/schweizversand.ch\\\/\"]}]}<\/script>\n<!-- \/ Yoast SEO plugin. -->","yoast_head_json":{"title":"Trespass VICKLAND Damen-T-Shirt","description":"VICKLAND T-Shirt Outdoor Herren Entdecken Sie das VICKLAND T-Shirt Outdoor , Ihr idealer Begleiter f\u00fcr anspruchsvolle sportliche Bet\u00e4tigungen und Wanderungen. D","robots":{"index":"index","follow":"follow","max-snippet":"max-snippet:-1","max-image-preview":"max-image-preview:large","max-video-preview":"max-video-preview:-1"},"canonical":"https:\/\/schweizversand.ch\/it\/produkt\/trespass-vickland-damen-t-shirt-29\/","og_locale":"it_IT","og_type":"article","og_title":"Trespass VICKLAND Damen-T-Shirt","og_description":"VICKLAND T-Shirt Outdoor Herren Entdecken Sie das VICKLAND T-Shirt Outdoor , Ihr idealer Begleiter f\u00fcr anspruchsvolle sportliche Bet\u00e4tigungen und Wanderungen. D","og_url":"https:\/\/schweizversand.ch\/it\/produkt\/trespass-vickland-damen-t-shirt-29\/","og_site_name":"Schweizer Shop f\u00fcr Sport, Spiel und Freizeit","article_publisher":"https:\/\/www.facebook.com\/Schweizversand","article_modified_time":"2026-05-01T13:35:49+00:00","og_image":[{"width":1024,"height":1024,"url":"https:\/\/schweizversand.ch\/wp-content\/uploads\/2026\/02\/5471696480.jpg","type":"image\/jpeg"}],"twitter_card":"summary_large_image","twitter_misc":{"Tempo di lettura stimato":"1 minuto"},"schema":{"@context":"https:\/\/schema.org","@graph":[{"@type":"WebPage","@id":"https:\/\/schweizversand.ch\/it\/produkt\/trespass-vickland-damen-t-shirt-29\/","url":"https:\/\/schweizversand.ch\/it\/produkt\/trespass-vickland-damen-t-shirt-29\/","name":"Trespass VICKLAND Damen-T-Shirt","isPartOf":{"@id":"https:\/\/schweizversand.ch\/it\/#website"},"primaryImageOfPage":{"@id":"https:\/\/schweizversand.ch\/it\/produkt\/trespass-vickland-damen-t-shirt-29\/#primaryimage"},"image":{"@id":"https:\/\/schweizversand.ch\/it\/produkt\/trespass-vickland-damen-t-shirt-29\/#primaryimage"},"thumbnailUrl":"https:\/\/schweizversand.ch\/wp-content\/uploads\/2026\/02\/5471696480.jpg","datePublished":"2026-03-14T23:56:00+00:00","dateModified":"2026-05-01T13:35:49+00:00","description":"VICKLAND T-Shirt Outdoor Herren Entdecken Sie das VICKLAND T-Shirt Outdoor , Ihr idealer Begleiter f\u00fcr anspruchsvolle sportliche Bet\u00e4tigungen und Wanderungen. D","breadcrumb":{"@id":"https:\/\/schweizversand.ch\/it\/produkt\/trespass-vickland-damen-t-shirt-29\/#breadcrumb"},"inLanguage":"it-IT","potentialAction":[{"@type":"ReadAction","target":["https:\/\/schweizversand.ch\/it\/produkt\/trespass-vickland-damen-t-shirt-29\/"]}]},{"@type":"ImageObject","inLanguage":"it-IT","@id":"https:\/\/schweizversand.ch\/it\/produkt\/trespass-vickland-damen-t-shirt-29\/#primaryimage","url":"https:\/\/schweizversand.ch\/wp-content\/uploads\/2026\/02\/5471696480.jpg","contentUrl":"https:\/\/schweizversand.ch\/wp-content\/uploads\/2026\/02\/5471696480.jpg","width":1024,"height":1024},{"@type":"BreadcrumbList","@id":"https:\/\/schweizversand.ch\/it\/produkt\/trespass-vickland-damen-t-shirt-29\/#breadcrumb","itemListElement":[{"@type":"ListItem","position":1,"name":"Startseite","item":"https:\/\/schweizversand.ch\/it\/home\/"},{"@type":"ListItem","position":2,"name":"Shop","item":"https:\/\/schweizversand.ch\/it\/shop\/"},{"@type":"ListItem","position":3,"name":"Sport","item":"https:\/\/schweizversand.ch\/it\/produkt-kategorie\/sport-it\/"},{"@type":"ListItem","position":4,"name":"Fitness","item":"https:\/\/schweizversand.ch\/it\/produkt-kategorie\/sport-it\/fitness\/"},{"@type":"ListItem","position":5,"name":"Tessili per il fitness","item":"https:\/\/schweizversand.ch\/it\/produkt-kategorie\/sport-it\/fitness\/fitness-textilien\/"},{"@type":"ListItem","position":6,"name":"Maglietta da donna Trespass VICKLAND"}]},{"@type":"WebSite","@id":"https:\/\/schweizversand.ch\/it\/#website","url":"https:\/\/schweizversand.ch\/it\/","name":"Schweizer Shop f\u00fcr Sport, Spiel und Freizeit","description":"Gratisversand ab 50.- (netto), ab eigenem schweizer Lager, Lieferung innert 48h","publisher":{"@id":"https:\/\/schweizversand.ch\/it\/#organization"},"alternateName":"Schweizversand.ch","potentialAction":[{"@type":"SearchAction","target":{"@type":"EntryPoint","urlTemplate":"https:\/\/schweizversand.ch\/it\/?s={search_term_string}"},"query-input":{"@type":"PropertyValueSpecification","valueRequired":true,"valueName":"search_term_string"}}],"inLanguage":"it-IT"},{"@type":"Organization","@id":"https:\/\/schweizversand.ch\/it\/#organization","name":"Schweizversand.ch","url":"https:\/\/schweizversand.ch\/it\/","logo":{"@type":"ImageObject","inLanguage":"it-IT","@id":"https:\/\/schweizversand.ch\/it\/#\/schema\/logo\/image\/","url":"https:\/\/schweizversand.ch\/wp-content\/uploads\/2026\/03\/Logo_Rund_Final-1.png","contentUrl":"https:\/\/schweizversand.ch\/wp-content\/uploads\/2026\/03\/Logo_Rund_Final-1.png","width":404,"height":404,"caption":"Schweizversand.ch"},"image":{"@id":"https:\/\/schweizversand.ch\/it\/#\/schema\/logo\/image\/"},"sameAs":["https:\/\/www.facebook.com\/Schweizversand","https:\/\/www.instagram.com\/schweizversand.ch\/"]}]}},"jetpack_sharing_enabled":true,"_links":{"self":[{"href":"https:\/\/schweizversand.ch\/it\/wp-json\/wp\/v2\/product\/260638","targetHints":{"allow":["GET"]}}],"collection":[{"href":"https:\/\/schweizversand.ch\/it\/wp-json\/wp\/v2\/product"}],"about":[{"href":"https:\/\/schweizversand.ch\/it\/wp-json\/wp\/v2\/types\/product"}],"replies":[{"embeddable":true,"href":"https:\/\/schweizversand.ch\/it\/wp-json\/wp\/v2\/comments?post=260638"}],"wp:featuredmedia":[{"embeddable":true,"href":"https:\/\/schweizversand.ch\/it\/wp-json\/wp\/v2\/media\/151540"}],"wp:attachment":[{"href":"https:\/\/schweizversand.ch\/it\/wp-json\/wp\/v2\/media?parent=260638"}],"wp:term":[{"taxonomy":"product_brand","embeddable":true,"href":"https:\/\/schweizversand.ch\/it\/wp-json\/wp\/v2\/product_brand?post=260638"},{"taxonomy":"product_cat","embeddable":true,"href":"https:\/\/schweizversand.ch\/it\/wp-json\/wp\/v2\/product_cat?post=260638"},{"taxonomy":"product_tag","embeddable":true,"href":"https:\/\/schweizversand.ch\/it\/wp-json\/wp\/v2\/product_tag?post=260638"}],"curies":[{"name":"wp","href":"https:\/\/api.w.org\/{rel}","templated":true}]}}