{"id":260687,"date":"2026-03-15T00:56:09","date_gmt":"2026-03-14T23:56:09","guid":{"rendered":"https:\/\/schweizversand.ch\/produkt\/trespass-qikpac-damen-regenjacke-5\/"},"modified":"2026-04-05T15:35:48","modified_gmt":"2026-04-05T13:35:48","slug":"trespass-qikpac-damen-regenjacke-5","status":"publish","type":"product","link":"https:\/\/schweizversand.ch\/it\/produkt\/trespass-qikpac-damen-regenjacke-5\/","title":{"rendered":"Giacca antipioggia da donna Trespass QIKPAC"},"content":{"rendered":"<p>La QIKPAK JACKET \u00e8 una giacca antipioggia minimalista che punta interamente sulla funzionalit\u00e0. \u00c8 dotata della nostra tecnologia Tres-Tex, impermeabile, antivento e traspirante. Questa tecnologia utilizza rivestimenti flessibili e funzionali con trattamenti superficiali per respingere l&#8217;acqua e allontanare l&#8217;umidit\u00e0 dagli strati interni. Grazie a queste propriet\u00e0, la giacca antipioggia QIKPAK pu\u00f2 resistere a una colonna d&#8217;acqua fino a 5.000 mm e offre un indice di traspirabilit\u00e0 di 5.000 g\/m\u00b2\/24 ore.<\/p>\n<p>Questa giacca offre funzionalit\u00e0, protezione e comfort in un design elegante e pratico, rendendola ideale per le attivit\u00e0 all&#8217;aperto e le condizioni meteorologiche variabili.<\/p>\n<p>La giacca \u00e8 dotata di due tasche con cerniera dove \u00e8 possibile riporre in sicurezza oggetti essenziali come chiavi, monete o lo smartphone. \u00c8 anche antivento e le cuciture sono sigillate per una maggiore protezione dagli agenti atmosferici.<\/p>\n<p>Una caratteristica speciale della QIKPAK JACKET \u00e8 la sua compattezza. Pu\u00f2 essere facilmente arrotolata e riposta in modo compatto. Una borsa a rete inclusa rende ancora pi\u00f9 facile riporre e trasportare la giacca. Questo ti permette di portare la giacca comodamente con te e di averla sempre a portata di mano quando ne hai bisogno.<\/p>\n<p>In sintesi, le caratteristiche principali della QIKPAK JACKET sono:<\/p>\n<p>\u2022 Giacca antipioggia impermeabile e arrotolabile in modo compatto<\/p>\n<p>\u2022 Impermeabile fino a 5.000 mm<\/p>\n<p>\u2022 Traspirante fino a 5.000 g\/m\u00b2\/24 ore<\/p>\n<p>\u2022 Antivento con cuciture sigillate<\/p>\n<p>\u2022 2 tasche con cerniera<\/p>\n","protected":false},"excerpt":{"rendered":"<p>Trespass QIKPAC Damen Regenjacke sch\u00fctzt mit wasserdichter, winddichter Tres-Tex-Technologie (5.000 mm) und atmungsaktivem Design \u2013 ideal f\u00fcr wechselhaftes Outdoor-Wetter.<\/p>\n","protected":false},"featured_media":161903,"comment_status":"open","ping_status":"closed","template":"","meta":[],"product_brand":[],"product_cat":[38378],"product_tag":[],"class_list":{"0":"post-260687","1":"product","2":"type-product","3":"status-publish","4":"has-post-thumbnail","6":"product_cat-outdoorausruestung","7":"product_shipping_class-global_methods","9":"first","10":"instock","11":"taxable","12":"shipping-taxable","13":"purchasable","14":"product-type-simple"},"yoast_head":"<!-- This site is optimized with the Yoast SEO plugin v27.3 - https:\/\/yoast.com\/product\/yoast-seo-wordpress\/ -->\n<title>Trespass QIKPAC Damen Regenjacke<\/title>\n<meta name=\"description\" content=\"Die QIKPAK JACKET ist eine minimalistische Regenjacke, die sich voll und ganz auf Funktionalit\u00e4t konzentriert. Sie ist mit unserer Tres-Tex Technologie ausgesta\" \/>\n<meta name=\"robots\" content=\"index, follow, max-snippet:-1, max-image-preview:large, max-video-preview:-1\" \/>\n<link rel=\"canonical\" href=\"https:\/\/schweizversand.ch\/it\/produkt\/trespass-qikpac-damen-regenjacke-5\/\" \/>\n<meta property=\"og:locale\" content=\"it_IT\" \/>\n<meta property=\"og:type\" content=\"article\" \/>\n<meta property=\"og:title\" content=\"Trespass QIKPAC Damen Regenjacke\" \/>\n<meta property=\"og:description\" content=\"Die QIKPAK JACKET ist eine minimalistische Regenjacke, die sich voll und ganz auf Funktionalit\u00e4t konzentriert. Sie ist mit unserer Tres-Tex Technologie ausgesta\" \/>\n<meta property=\"og:url\" content=\"https:\/\/schweizversand.ch\/it\/produkt\/trespass-qikpac-damen-regenjacke-5\/\" \/>\n<meta property=\"og:site_name\" content=\"Schweizer Shop f\u00fcr Sport, Spiel und Freizeit\" \/>\n<meta property=\"article:publisher\" content=\"https:\/\/www.facebook.com\/Schweizversand\" \/>\n<meta property=\"article:modified_time\" content=\"2026-04-05T13:35:48+00:00\" \/>\n<meta property=\"og:image\" content=\"https:\/\/schweizversand.ch\/wp-content\/uploads\/2026\/02\/5475345069.jpg\" \/>\n\t<meta property=\"og:image:width\" content=\"725\" \/>\n\t<meta property=\"og:image:height\" content=\"1024\" \/>\n\t<meta property=\"og:image:type\" content=\"image\/jpeg\" \/>\n<meta name=\"twitter:card\" content=\"summary_large_image\" \/>\n<meta name=\"twitter:label1\" content=\"Tempo di lettura stimato\" \/>\n\t<meta name=\"twitter:data1\" content=\"1 minuto\" \/>\n<script type=\"application\/ld+json\" class=\"yoast-schema-graph\">{\"@context\":\"https:\\\/\\\/schema.org\",\"@graph\":[{\"@type\":\"WebPage\",\"@id\":\"https:\\\/\\\/schweizversand.ch\\\/it\\\/produkt\\\/trespass-qikpac-damen-regenjacke-5\\\/\",\"url\":\"https:\\\/\\\/schweizversand.ch\\\/it\\\/produkt\\\/trespass-qikpac-damen-regenjacke-5\\\/\",\"name\":\"Trespass QIKPAC Damen Regenjacke\",\"isPartOf\":{\"@id\":\"https:\\\/\\\/schweizversand.ch\\\/it\\\/#website\"},\"primaryImageOfPage\":{\"@id\":\"https:\\\/\\\/schweizversand.ch\\\/it\\\/produkt\\\/trespass-qikpac-damen-regenjacke-5\\\/#primaryimage\"},\"image\":{\"@id\":\"https:\\\/\\\/schweizversand.ch\\\/it\\\/produkt\\\/trespass-qikpac-damen-regenjacke-5\\\/#primaryimage\"},\"thumbnailUrl\":\"https:\\\/\\\/schweizversand.ch\\\/wp-content\\\/uploads\\\/2026\\\/02\\\/5475345069.jpg\",\"datePublished\":\"2026-03-14T23:56:09+00:00\",\"dateModified\":\"2026-04-05T13:35:48+00:00\",\"description\":\"Die QIKPAK JACKET ist eine minimalistische Regenjacke, die sich voll und ganz auf Funktionalit\u00e4t konzentriert. Sie ist mit unserer Tres-Tex Technologie ausgesta\",\"breadcrumb\":{\"@id\":\"https:\\\/\\\/schweizversand.ch\\\/it\\\/produkt\\\/trespass-qikpac-damen-regenjacke-5\\\/#breadcrumb\"},\"inLanguage\":\"it-IT\",\"potentialAction\":[{\"@type\":\"ReadAction\",\"target\":[\"https:\\\/\\\/schweizversand.ch\\\/it\\\/produkt\\\/trespass-qikpac-damen-regenjacke-5\\\/\"]}]},{\"@type\":\"ImageObject\",\"inLanguage\":\"it-IT\",\"@id\":\"https:\\\/\\\/schweizversand.ch\\\/it\\\/produkt\\\/trespass-qikpac-damen-regenjacke-5\\\/#primaryimage\",\"url\":\"https:\\\/\\\/schweizversand.ch\\\/wp-content\\\/uploads\\\/2026\\\/02\\\/5475345069.jpg\",\"contentUrl\":\"https:\\\/\\\/schweizversand.ch\\\/wp-content\\\/uploads\\\/2026\\\/02\\\/5475345069.jpg\",\"width\":725,\"height\":1024},{\"@type\":\"BreadcrumbList\",\"@id\":\"https:\\\/\\\/schweizversand.ch\\\/it\\\/produkt\\\/trespass-qikpac-damen-regenjacke-5\\\/#breadcrumb\",\"itemListElement\":[{\"@type\":\"ListItem\",\"position\":1,\"name\":\"Startseite\",\"item\":\"https:\\\/\\\/schweizversand.ch\\\/it\\\/\"},{\"@type\":\"ListItem\",\"position\":2,\"name\":\"Shop\",\"item\":\"https:\\\/\\\/schweizversand.ch\\\/it\\\/shop\\\/\"},{\"@type\":\"ListItem\",\"position\":3,\"name\":\"Giacca antipioggia da donna Trespass QIKPAC\"}]},{\"@type\":\"WebSite\",\"@id\":\"https:\\\/\\\/schweizversand.ch\\\/it\\\/#website\",\"url\":\"https:\\\/\\\/schweizversand.ch\\\/it\\\/\",\"name\":\"Schweizer Shop f\u00fcr Sport, Spiel und Freizeit\",\"description\":\"Gratisversand ab 50.- (netto), ab eigenem schweizer Lager, Lieferung innert 48h\",\"publisher\":{\"@id\":\"https:\\\/\\\/schweizversand.ch\\\/it\\\/#organization\"},\"alternateName\":\"Schweizversand.ch\",\"potentialAction\":[{\"@type\":\"SearchAction\",\"target\":{\"@type\":\"EntryPoint\",\"urlTemplate\":\"https:\\\/\\\/schweizversand.ch\\\/it\\\/?s={search_term_string}\"},\"query-input\":{\"@type\":\"PropertyValueSpecification\",\"valueRequired\":true,\"valueName\":\"search_term_string\"}}],\"inLanguage\":\"it-IT\"},{\"@type\":\"Organization\",\"@id\":\"https:\\\/\\\/schweizversand.ch\\\/it\\\/#organization\",\"name\":\"Schweizversand.ch\",\"url\":\"https:\\\/\\\/schweizversand.ch\\\/it\\\/\",\"logo\":{\"@type\":\"ImageObject\",\"inLanguage\":\"it-IT\",\"@id\":\"https:\\\/\\\/schweizversand.ch\\\/it\\\/#\\\/schema\\\/logo\\\/image\\\/\",\"url\":\"https:\\\/\\\/schweizversand.ch\\\/wp-content\\\/uploads\\\/2026\\\/03\\\/Logo_Rund_Final-1.png\",\"contentUrl\":\"https:\\\/\\\/schweizversand.ch\\\/wp-content\\\/uploads\\\/2026\\\/03\\\/Logo_Rund_Final-1.png\",\"width\":404,\"height\":404,\"caption\":\"Schweizversand.ch\"},\"image\":{\"@id\":\"https:\\\/\\\/schweizversand.ch\\\/it\\\/#\\\/schema\\\/logo\\\/image\\\/\"},\"sameAs\":[\"https:\\\/\\\/www.facebook.com\\\/Schweizversand\",\"https:\\\/\\\/www.instagram.com\\\/schweizversand.ch\\\/\"]}]}<\/script>\n<!-- \/ Yoast SEO plugin. -->","yoast_head_json":{"title":"Trespass QIKPAC Damen Regenjacke","description":"Die QIKPAK JACKET ist eine minimalistische Regenjacke, die sich voll und ganz auf Funktionalit\u00e4t konzentriert. Sie ist mit unserer Tres-Tex Technologie ausgesta","robots":{"index":"index","follow":"follow","max-snippet":"max-snippet:-1","max-image-preview":"max-image-preview:large","max-video-preview":"max-video-preview:-1"},"canonical":"https:\/\/schweizversand.ch\/it\/produkt\/trespass-qikpac-damen-regenjacke-5\/","og_locale":"it_IT","og_type":"article","og_title":"Trespass QIKPAC Damen Regenjacke","og_description":"Die QIKPAK JACKET ist eine minimalistische Regenjacke, die sich voll und ganz auf Funktionalit\u00e4t konzentriert. Sie ist mit unserer Tres-Tex Technologie ausgesta","og_url":"https:\/\/schweizversand.ch\/it\/produkt\/trespass-qikpac-damen-regenjacke-5\/","og_site_name":"Schweizer Shop f\u00fcr Sport, Spiel und Freizeit","article_publisher":"https:\/\/www.facebook.com\/Schweizversand","article_modified_time":"2026-04-05T13:35:48+00:00","og_image":[{"width":725,"height":1024,"url":"https:\/\/schweizversand.ch\/wp-content\/uploads\/2026\/02\/5475345069.jpg","type":"image\/jpeg"}],"twitter_card":"summary_large_image","twitter_misc":{"Tempo di lettura stimato":"1 minuto"},"schema":{"@context":"https:\/\/schema.org","@graph":[{"@type":"WebPage","@id":"https:\/\/schweizversand.ch\/it\/produkt\/trespass-qikpac-damen-regenjacke-5\/","url":"https:\/\/schweizversand.ch\/it\/produkt\/trespass-qikpac-damen-regenjacke-5\/","name":"Trespass QIKPAC Damen Regenjacke","isPartOf":{"@id":"https:\/\/schweizversand.ch\/it\/#website"},"primaryImageOfPage":{"@id":"https:\/\/schweizversand.ch\/it\/produkt\/trespass-qikpac-damen-regenjacke-5\/#primaryimage"},"image":{"@id":"https:\/\/schweizversand.ch\/it\/produkt\/trespass-qikpac-damen-regenjacke-5\/#primaryimage"},"thumbnailUrl":"https:\/\/schweizversand.ch\/wp-content\/uploads\/2026\/02\/5475345069.jpg","datePublished":"2026-03-14T23:56:09+00:00","dateModified":"2026-04-05T13:35:48+00:00","description":"Die QIKPAK JACKET ist eine minimalistische Regenjacke, die sich voll und ganz auf Funktionalit\u00e4t konzentriert. Sie ist mit unserer Tres-Tex Technologie ausgesta","breadcrumb":{"@id":"https:\/\/schweizversand.ch\/it\/produkt\/trespass-qikpac-damen-regenjacke-5\/#breadcrumb"},"inLanguage":"it-IT","potentialAction":[{"@type":"ReadAction","target":["https:\/\/schweizversand.ch\/it\/produkt\/trespass-qikpac-damen-regenjacke-5\/"]}]},{"@type":"ImageObject","inLanguage":"it-IT","@id":"https:\/\/schweizversand.ch\/it\/produkt\/trespass-qikpac-damen-regenjacke-5\/#primaryimage","url":"https:\/\/schweizversand.ch\/wp-content\/uploads\/2026\/02\/5475345069.jpg","contentUrl":"https:\/\/schweizversand.ch\/wp-content\/uploads\/2026\/02\/5475345069.jpg","width":725,"height":1024},{"@type":"BreadcrumbList","@id":"https:\/\/schweizversand.ch\/it\/produkt\/trespass-qikpac-damen-regenjacke-5\/#breadcrumb","itemListElement":[{"@type":"ListItem","position":1,"name":"Startseite","item":"https:\/\/schweizversand.ch\/it\/"},{"@type":"ListItem","position":2,"name":"Shop","item":"https:\/\/schweizversand.ch\/it\/shop\/"},{"@type":"ListItem","position":3,"name":"Giacca antipioggia da donna Trespass QIKPAC"}]},{"@type":"WebSite","@id":"https:\/\/schweizversand.ch\/it\/#website","url":"https:\/\/schweizversand.ch\/it\/","name":"Schweizer Shop f\u00fcr Sport, Spiel und Freizeit","description":"Gratisversand ab 50.- (netto), ab eigenem schweizer Lager, Lieferung innert 48h","publisher":{"@id":"https:\/\/schweizversand.ch\/it\/#organization"},"alternateName":"Schweizversand.ch","potentialAction":[{"@type":"SearchAction","target":{"@type":"EntryPoint","urlTemplate":"https:\/\/schweizversand.ch\/it\/?s={search_term_string}"},"query-input":{"@type":"PropertyValueSpecification","valueRequired":true,"valueName":"search_term_string"}}],"inLanguage":"it-IT"},{"@type":"Organization","@id":"https:\/\/schweizversand.ch\/it\/#organization","name":"Schweizversand.ch","url":"https:\/\/schweizversand.ch\/it\/","logo":{"@type":"ImageObject","inLanguage":"it-IT","@id":"https:\/\/schweizversand.ch\/it\/#\/schema\/logo\/image\/","url":"https:\/\/schweizversand.ch\/wp-content\/uploads\/2026\/03\/Logo_Rund_Final-1.png","contentUrl":"https:\/\/schweizversand.ch\/wp-content\/uploads\/2026\/03\/Logo_Rund_Final-1.png","width":404,"height":404,"caption":"Schweizversand.ch"},"image":{"@id":"https:\/\/schweizversand.ch\/it\/#\/schema\/logo\/image\/"},"sameAs":["https:\/\/www.facebook.com\/Schweizversand","https:\/\/www.instagram.com\/schweizversand.ch\/"]}]}},"jetpack_sharing_enabled":true,"_links":{"self":[{"href":"https:\/\/schweizversand.ch\/it\/wp-json\/wp\/v2\/product\/260687","targetHints":{"allow":["GET"]}}],"collection":[{"href":"https:\/\/schweizversand.ch\/it\/wp-json\/wp\/v2\/product"}],"about":[{"href":"https:\/\/schweizversand.ch\/it\/wp-json\/wp\/v2\/types\/product"}],"replies":[{"embeddable":true,"href":"https:\/\/schweizversand.ch\/it\/wp-json\/wp\/v2\/comments?post=260687"}],"wp:featuredmedia":[{"embeddable":true,"href":"https:\/\/schweizversand.ch\/it\/wp-json\/wp\/v2\/media\/161903"}],"wp:attachment":[{"href":"https:\/\/schweizversand.ch\/it\/wp-json\/wp\/v2\/media?parent=260687"}],"wp:term":[{"taxonomy":"product_brand","embeddable":true,"href":"https:\/\/schweizversand.ch\/it\/wp-json\/wp\/v2\/product_brand?post=260687"},{"taxonomy":"product_cat","embeddable":true,"href":"https:\/\/schweizversand.ch\/it\/wp-json\/wp\/v2\/product_cat?post=260687"},{"taxonomy":"product_tag","embeddable":true,"href":"https:\/\/schweizversand.ch\/it\/wp-json\/wp\/v2\/product_tag?post=260687"}],"curies":[{"name":"wp","href":"https:\/\/api.w.org\/{rel}","templated":true}]}}