{"id":260705,"date":"2026-03-15T00:56:12","date_gmt":"2026-03-14T23:56:12","guid":{"rendered":"https:\/\/schweizversand.ch\/produkt\/trespass-gillon-ii-mittelhoher-kinder-wanderschuh-unisex-4\/"},"modified":"2026-04-20T02:05:38","modified_gmt":"2026-04-20T00:05:38","slug":"trespass-gillon-ii-mittelhoher-kinder-wanderschuh-unisex-4","status":"publish","type":"product","link":"https:\/\/schweizversand.ch\/it\/produkt\/trespass-gillon-ii-mittelhoher-kinder-wanderschuh-unisex-4\/","title":{"rendered":"Scarpa da trekking unisex per bambini Trespass GILLON II di media altezza"},"content":{"rendered":"<p>Scarponi da trekking Trespass Gillon II per bambini: protezione e comfort per ogni avventura<\/p>\n<p>Prepara i tuoi bambini a qualsiasi avventura all&#8217;aria aperta: con gli scarponi da trekking Trespass Gillon II, i loro piedi rimarranno asciutti, comodi e perfettamente protetti. Ideali per gite, escursioni o per l&#8217;uso quotidiano in qualsiasi condizione atmosferica.<\/p>\n<p>\u2714 Impermeabili e traspiranti<\/p>\n<p> Grazie alla membrana integrata, i piedi dei bambini rimangono asciutti, senza surriscaldarsi.<\/p>\n<p>\u2714 Design a taglio medio<\/p>\n<p> Il design a taglio medio offre stabilit\u00e0 e un supporto ottimale della caviglia.<\/p>\n<p>\u2714 Protezione da sporco e umidit\u00e0<\/p>\n<p> La linguetta a soffietto impedisce l&#8217;ingresso di acqua e piccole pietre.<\/p>\n<p>\u2714 Punta e tallone rinforzati<\/p>\n<p>Per maggiore protezione e durata, anche su terreni accidentati.<\/p>\n<p>\u2714 Comfort superiore<\/p>\n<p>Il collarino e la linguetta imbottiti offrono supporto e una calzata confortevole per tutto il giorno.<\/p>\n<p>\u2714 Tomaia stabilizzante e soletta interna confortevole<\/p>\n<p>Con plantare sagomato e supporto per una camminata piacevole.<\/p>\n<p>\u2714 Suola antiscivolo<\/p>\n<p>La resistente suola in TPR garantisce una presa salda su diverse superfici.<\/p>\n<p>Composizione del materiale:<\/p>\n<p>\u2022 Tomaia: PU \/ Tessuto<br \/>\n\u2022 Fodera: Tessuto<\/p>\n<p>\u2022 Soletta: EVA<\/p>\n<p>\u2022 Suola: TPR<\/p>\n<p>Con questi scarponi da trekking, sarai pronto per la tua prossima avventura!<\/p>\n","protected":false},"excerpt":{"rendered":"<p>Trespass GILLON II mittelhoher Kinder Wanderschuh unisex sch\u00fctzt mit wasserdichter Membran, stabilem Halt und verst\u00e4rktem Schutz f\u00fcr trockene, bequeme Abenteuerf\u00fc\u00dfe.<\/p>\n","protected":false},"featured_media":162029,"comment_status":"open","ping_status":"closed","template":"","meta":[],"product_brand":[],"product_cat":[38383],"product_tag":[],"class_list":{"0":"post-260705","1":"product","2":"type-product","3":"status-publish","4":"has-post-thumbnail","6":"product_cat-wandern","7":"product_shipping_class-global_methods","9":"first","10":"instock","11":"taxable","12":"shipping-taxable","13":"purchasable","14":"product-type-simple"},"yoast_head":"<!-- This site is optimized with the Yoast SEO plugin v27.4 - https:\/\/yoast.com\/product\/yoast-seo-wordpress\/ -->\n<title>Trespass GILLON II mittelhoher Kinder Wanderschuh unisex<\/title>\n<meta name=\"description\" content=\"Trespass Gillon II Kinder-Wanderschuhe \u2013 Schutz &amp; Komfort f\u00fcr jedes Abenteuer Mach deine Kinder bereit f\u00fcr jedes Outdoor-Abenteuer \u2013 mit den Trespass Gillon II\" \/>\n<meta name=\"robots\" content=\"index, follow, max-snippet:-1, max-image-preview:large, max-video-preview:-1\" \/>\n<link rel=\"canonical\" href=\"https:\/\/schweizversand.ch\/it\/produkt\/trespass-gillon-ii-mittelhoher-kinder-wanderschuh-unisex-4\/\" \/>\n<meta property=\"og:locale\" content=\"it_IT\" \/>\n<meta property=\"og:type\" content=\"article\" \/>\n<meta property=\"og:title\" content=\"Trespass GILLON II mittelhoher Kinder Wanderschuh unisex\" \/>\n<meta property=\"og:description\" content=\"Trespass Gillon II Kinder-Wanderschuhe \u2013 Schutz &amp; Komfort f\u00fcr jedes Abenteuer Mach deine Kinder bereit f\u00fcr jedes Outdoor-Abenteuer \u2013 mit den Trespass Gillon II\" \/>\n<meta property=\"og:url\" content=\"https:\/\/schweizversand.ch\/it\/produkt\/trespass-gillon-ii-mittelhoher-kinder-wanderschuh-unisex-4\/\" \/>\n<meta property=\"og:site_name\" content=\"Schweizer Shop f\u00fcr Sport, Spiel und Freizeit\" \/>\n<meta property=\"article:publisher\" content=\"https:\/\/www.facebook.com\/Schweizversand\" \/>\n<meta property=\"article:modified_time\" content=\"2026-04-20T00:05:38+00:00\" \/>\n<meta property=\"og:image\" content=\"https:\/\/schweizversand.ch\/wp-content\/uploads\/2026\/02\/5471872799.jpg\" \/>\n\t<meta property=\"og:image:width\" content=\"1024\" \/>\n\t<meta property=\"og:image:height\" content=\"890\" \/>\n\t<meta property=\"og:image:type\" content=\"image\/jpeg\" \/>\n<meta name=\"twitter:card\" content=\"summary_large_image\" \/>\n<meta name=\"twitter:label1\" content=\"Tempo di lettura stimato\" \/>\n\t<meta name=\"twitter:data1\" content=\"1 minuto\" \/>\n<script type=\"application\/ld+json\" class=\"yoast-schema-graph\">{\"@context\":\"https:\\\/\\\/schema.org\",\"@graph\":[{\"@type\":\"WebPage\",\"@id\":\"https:\\\/\\\/schweizversand.ch\\\/it\\\/produkt\\\/trespass-gillon-ii-mittelhoher-kinder-wanderschuh-unisex-4\\\/\",\"url\":\"https:\\\/\\\/schweizversand.ch\\\/it\\\/produkt\\\/trespass-gillon-ii-mittelhoher-kinder-wanderschuh-unisex-4\\\/\",\"name\":\"Trespass GILLON II mittelhoher Kinder Wanderschuh unisex\",\"isPartOf\":{\"@id\":\"https:\\\/\\\/schweizversand.ch\\\/it\\\/#website\"},\"primaryImageOfPage\":{\"@id\":\"https:\\\/\\\/schweizversand.ch\\\/it\\\/produkt\\\/trespass-gillon-ii-mittelhoher-kinder-wanderschuh-unisex-4\\\/#primaryimage\"},\"image\":{\"@id\":\"https:\\\/\\\/schweizversand.ch\\\/it\\\/produkt\\\/trespass-gillon-ii-mittelhoher-kinder-wanderschuh-unisex-4\\\/#primaryimage\"},\"thumbnailUrl\":\"https:\\\/\\\/schweizversand.ch\\\/wp-content\\\/uploads\\\/2026\\\/02\\\/5471872799.jpg\",\"datePublished\":\"2026-03-14T23:56:12+00:00\",\"dateModified\":\"2026-04-20T00:05:38+00:00\",\"description\":\"Trespass Gillon II Kinder-Wanderschuhe \u2013 Schutz & Komfort f\u00fcr jedes Abenteuer Mach deine Kinder bereit f\u00fcr jedes Outdoor-Abenteuer \u2013 mit den Trespass Gillon II\",\"breadcrumb\":{\"@id\":\"https:\\\/\\\/schweizversand.ch\\\/it\\\/produkt\\\/trespass-gillon-ii-mittelhoher-kinder-wanderschuh-unisex-4\\\/#breadcrumb\"},\"inLanguage\":\"it-IT\",\"potentialAction\":[{\"@type\":\"ReadAction\",\"target\":[\"https:\\\/\\\/schweizversand.ch\\\/it\\\/produkt\\\/trespass-gillon-ii-mittelhoher-kinder-wanderschuh-unisex-4\\\/\"]}]},{\"@type\":\"ImageObject\",\"inLanguage\":\"it-IT\",\"@id\":\"https:\\\/\\\/schweizversand.ch\\\/it\\\/produkt\\\/trespass-gillon-ii-mittelhoher-kinder-wanderschuh-unisex-4\\\/#primaryimage\",\"url\":\"https:\\\/\\\/schweizversand.ch\\\/wp-content\\\/uploads\\\/2026\\\/02\\\/5471872799.jpg\",\"contentUrl\":\"https:\\\/\\\/schweizversand.ch\\\/wp-content\\\/uploads\\\/2026\\\/02\\\/5471872799.jpg\",\"width\":1024,\"height\":890},{\"@type\":\"BreadcrumbList\",\"@id\":\"https:\\\/\\\/schweizversand.ch\\\/it\\\/produkt\\\/trespass-gillon-ii-mittelhoher-kinder-wanderschuh-unisex-4\\\/#breadcrumb\",\"itemListElement\":[{\"@type\":\"ListItem\",\"position\":1,\"name\":\"Startseite\",\"item\":\"https:\\\/\\\/schweizversand.ch\\\/it\\\/home\\\/\"},{\"@type\":\"ListItem\",\"position\":2,\"name\":\"Shop\",\"item\":\"https:\\\/\\\/schweizversand.ch\\\/it\\\/shop\\\/\"},{\"@type\":\"ListItem\",\"position\":3,\"name\":\"Sport\",\"item\":\"https:\\\/\\\/schweizversand.ch\\\/it\\\/produkt-kategorie\\\/sport-it\\\/\"},{\"@type\":\"ListItem\",\"position\":4,\"name\":\"All'aperto\",\"item\":\"https:\\\/\\\/schweizversand.ch\\\/it\\\/produkt-kategorie\\\/sport-it\\\/allaperto\\\/\"},{\"@type\":\"ListItem\",\"position\":5,\"name\":\"Escursionismo\",\"item\":\"https:\\\/\\\/schweizversand.ch\\\/it\\\/produkt-kategorie\\\/sport-it\\\/allaperto\\\/wandern\\\/\"},{\"@type\":\"ListItem\",\"position\":6,\"name\":\"Scarpa da trekking unisex per bambini Trespass GILLON II di media altezza\"}]},{\"@type\":\"WebSite\",\"@id\":\"https:\\\/\\\/schweizversand.ch\\\/it\\\/#website\",\"url\":\"https:\\\/\\\/schweizversand.ch\\\/it\\\/\",\"name\":\"Schweizer Shop f\u00fcr Sport, Spiel und Freizeit\",\"description\":\"Gratisversand ab 50.- (netto), ab eigenem schweizer Lager, Lieferung innert 48h\",\"publisher\":{\"@id\":\"https:\\\/\\\/schweizversand.ch\\\/it\\\/#organization\"},\"alternateName\":\"Schweizversand.ch\",\"potentialAction\":[{\"@type\":\"SearchAction\",\"target\":{\"@type\":\"EntryPoint\",\"urlTemplate\":\"https:\\\/\\\/schweizversand.ch\\\/it\\\/?s={search_term_string}\"},\"query-input\":{\"@type\":\"PropertyValueSpecification\",\"valueRequired\":true,\"valueName\":\"search_term_string\"}}],\"inLanguage\":\"it-IT\"},{\"@type\":\"Organization\",\"@id\":\"https:\\\/\\\/schweizversand.ch\\\/it\\\/#organization\",\"name\":\"Schweizversand.ch\",\"url\":\"https:\\\/\\\/schweizversand.ch\\\/it\\\/\",\"logo\":{\"@type\":\"ImageObject\",\"inLanguage\":\"it-IT\",\"@id\":\"https:\\\/\\\/schweizversand.ch\\\/it\\\/#\\\/schema\\\/logo\\\/image\\\/\",\"url\":\"https:\\\/\\\/schweizversand.ch\\\/wp-content\\\/uploads\\\/2026\\\/03\\\/Logo_Rund_Final-1.png\",\"contentUrl\":\"https:\\\/\\\/schweizversand.ch\\\/wp-content\\\/uploads\\\/2026\\\/03\\\/Logo_Rund_Final-1.png\",\"width\":404,\"height\":404,\"caption\":\"Schweizversand.ch\"},\"image\":{\"@id\":\"https:\\\/\\\/schweizversand.ch\\\/it\\\/#\\\/schema\\\/logo\\\/image\\\/\"},\"sameAs\":[\"https:\\\/\\\/www.facebook.com\\\/Schweizversand\",\"https:\\\/\\\/www.instagram.com\\\/schweizversand.ch\\\/\"]}]}<\/script>\n<!-- \/ Yoast SEO plugin. -->","yoast_head_json":{"title":"Trespass GILLON II mittelhoher Kinder Wanderschuh unisex","description":"Trespass Gillon II Kinder-Wanderschuhe \u2013 Schutz & Komfort f\u00fcr jedes Abenteuer Mach deine Kinder bereit f\u00fcr jedes Outdoor-Abenteuer \u2013 mit den Trespass Gillon II","robots":{"index":"index","follow":"follow","max-snippet":"max-snippet:-1","max-image-preview":"max-image-preview:large","max-video-preview":"max-video-preview:-1"},"canonical":"https:\/\/schweizversand.ch\/it\/produkt\/trespass-gillon-ii-mittelhoher-kinder-wanderschuh-unisex-4\/","og_locale":"it_IT","og_type":"article","og_title":"Trespass GILLON II mittelhoher Kinder Wanderschuh unisex","og_description":"Trespass Gillon II Kinder-Wanderschuhe \u2013 Schutz & Komfort f\u00fcr jedes Abenteuer Mach deine Kinder bereit f\u00fcr jedes Outdoor-Abenteuer \u2013 mit den Trespass Gillon II","og_url":"https:\/\/schweizversand.ch\/it\/produkt\/trespass-gillon-ii-mittelhoher-kinder-wanderschuh-unisex-4\/","og_site_name":"Schweizer Shop f\u00fcr Sport, Spiel und Freizeit","article_publisher":"https:\/\/www.facebook.com\/Schweizversand","article_modified_time":"2026-04-20T00:05:38+00:00","og_image":[{"width":1024,"height":890,"url":"https:\/\/schweizversand.ch\/wp-content\/uploads\/2026\/02\/5471872799.jpg","type":"image\/jpeg"}],"twitter_card":"summary_large_image","twitter_misc":{"Tempo di lettura stimato":"1 minuto"},"schema":{"@context":"https:\/\/schema.org","@graph":[{"@type":"WebPage","@id":"https:\/\/schweizversand.ch\/it\/produkt\/trespass-gillon-ii-mittelhoher-kinder-wanderschuh-unisex-4\/","url":"https:\/\/schweizversand.ch\/it\/produkt\/trespass-gillon-ii-mittelhoher-kinder-wanderschuh-unisex-4\/","name":"Trespass GILLON II mittelhoher Kinder Wanderschuh unisex","isPartOf":{"@id":"https:\/\/schweizversand.ch\/it\/#website"},"primaryImageOfPage":{"@id":"https:\/\/schweizversand.ch\/it\/produkt\/trespass-gillon-ii-mittelhoher-kinder-wanderschuh-unisex-4\/#primaryimage"},"image":{"@id":"https:\/\/schweizversand.ch\/it\/produkt\/trespass-gillon-ii-mittelhoher-kinder-wanderschuh-unisex-4\/#primaryimage"},"thumbnailUrl":"https:\/\/schweizversand.ch\/wp-content\/uploads\/2026\/02\/5471872799.jpg","datePublished":"2026-03-14T23:56:12+00:00","dateModified":"2026-04-20T00:05:38+00:00","description":"Trespass Gillon II Kinder-Wanderschuhe \u2013 Schutz & Komfort f\u00fcr jedes Abenteuer Mach deine Kinder bereit f\u00fcr jedes Outdoor-Abenteuer \u2013 mit den Trespass Gillon II","breadcrumb":{"@id":"https:\/\/schweizversand.ch\/it\/produkt\/trespass-gillon-ii-mittelhoher-kinder-wanderschuh-unisex-4\/#breadcrumb"},"inLanguage":"it-IT","potentialAction":[{"@type":"ReadAction","target":["https:\/\/schweizversand.ch\/it\/produkt\/trespass-gillon-ii-mittelhoher-kinder-wanderschuh-unisex-4\/"]}]},{"@type":"ImageObject","inLanguage":"it-IT","@id":"https:\/\/schweizversand.ch\/it\/produkt\/trespass-gillon-ii-mittelhoher-kinder-wanderschuh-unisex-4\/#primaryimage","url":"https:\/\/schweizversand.ch\/wp-content\/uploads\/2026\/02\/5471872799.jpg","contentUrl":"https:\/\/schweizversand.ch\/wp-content\/uploads\/2026\/02\/5471872799.jpg","width":1024,"height":890},{"@type":"BreadcrumbList","@id":"https:\/\/schweizversand.ch\/it\/produkt\/trespass-gillon-ii-mittelhoher-kinder-wanderschuh-unisex-4\/#breadcrumb","itemListElement":[{"@type":"ListItem","position":1,"name":"Startseite","item":"https:\/\/schweizversand.ch\/it\/home\/"},{"@type":"ListItem","position":2,"name":"Shop","item":"https:\/\/schweizversand.ch\/it\/shop\/"},{"@type":"ListItem","position":3,"name":"Sport","item":"https:\/\/schweizversand.ch\/it\/produkt-kategorie\/sport-it\/"},{"@type":"ListItem","position":4,"name":"All'aperto","item":"https:\/\/schweizversand.ch\/it\/produkt-kategorie\/sport-it\/allaperto\/"},{"@type":"ListItem","position":5,"name":"Escursionismo","item":"https:\/\/schweizversand.ch\/it\/produkt-kategorie\/sport-it\/allaperto\/wandern\/"},{"@type":"ListItem","position":6,"name":"Scarpa da trekking unisex per bambini Trespass GILLON II di media altezza"}]},{"@type":"WebSite","@id":"https:\/\/schweizversand.ch\/it\/#website","url":"https:\/\/schweizversand.ch\/it\/","name":"Schweizer Shop f\u00fcr Sport, Spiel und Freizeit","description":"Gratisversand ab 50.- (netto), ab eigenem schweizer Lager, Lieferung innert 48h","publisher":{"@id":"https:\/\/schweizversand.ch\/it\/#organization"},"alternateName":"Schweizversand.ch","potentialAction":[{"@type":"SearchAction","target":{"@type":"EntryPoint","urlTemplate":"https:\/\/schweizversand.ch\/it\/?s={search_term_string}"},"query-input":{"@type":"PropertyValueSpecification","valueRequired":true,"valueName":"search_term_string"}}],"inLanguage":"it-IT"},{"@type":"Organization","@id":"https:\/\/schweizversand.ch\/it\/#organization","name":"Schweizversand.ch","url":"https:\/\/schweizversand.ch\/it\/","logo":{"@type":"ImageObject","inLanguage":"it-IT","@id":"https:\/\/schweizversand.ch\/it\/#\/schema\/logo\/image\/","url":"https:\/\/schweizversand.ch\/wp-content\/uploads\/2026\/03\/Logo_Rund_Final-1.png","contentUrl":"https:\/\/schweizversand.ch\/wp-content\/uploads\/2026\/03\/Logo_Rund_Final-1.png","width":404,"height":404,"caption":"Schweizversand.ch"},"image":{"@id":"https:\/\/schweizversand.ch\/it\/#\/schema\/logo\/image\/"},"sameAs":["https:\/\/www.facebook.com\/Schweizversand","https:\/\/www.instagram.com\/schweizversand.ch\/"]}]}},"jetpack_sharing_enabled":true,"_links":{"self":[{"href":"https:\/\/schweizversand.ch\/it\/wp-json\/wp\/v2\/product\/260705","targetHints":{"allow":["GET"]}}],"collection":[{"href":"https:\/\/schweizversand.ch\/it\/wp-json\/wp\/v2\/product"}],"about":[{"href":"https:\/\/schweizversand.ch\/it\/wp-json\/wp\/v2\/types\/product"}],"replies":[{"embeddable":true,"href":"https:\/\/schweizversand.ch\/it\/wp-json\/wp\/v2\/comments?post=260705"}],"wp:featuredmedia":[{"embeddable":true,"href":"https:\/\/schweizversand.ch\/it\/wp-json\/wp\/v2\/media\/162029"}],"wp:attachment":[{"href":"https:\/\/schweizversand.ch\/it\/wp-json\/wp\/v2\/media?parent=260705"}],"wp:term":[{"taxonomy":"product_brand","embeddable":true,"href":"https:\/\/schweizversand.ch\/it\/wp-json\/wp\/v2\/product_brand?post=260705"},{"taxonomy":"product_cat","embeddable":true,"href":"https:\/\/schweizversand.ch\/it\/wp-json\/wp\/v2\/product_cat?post=260705"},{"taxonomy":"product_tag","embeddable":true,"href":"https:\/\/schweizversand.ch\/it\/wp-json\/wp\/v2\/product_tag?post=260705"}],"curies":[{"name":"wp","href":"https:\/\/api.w.org\/{rel}","templated":true}]}}