{"id":260718,"date":"2026-03-15T00:56:13","date_gmt":"2026-03-14T23:56:13","guid":{"rendered":"https:\/\/schweizversand.ch\/produkt\/trespass-gillon-ii-halbhohe-kinder-wanderschuhe-2\/"},"modified":"2026-04-20T02:05:38","modified_gmt":"2026-04-20T00:05:38","slug":"trespass-gillon-ii-halbhohe-kinder-wanderschuhe-2","status":"publish","type":"product","link":"https:\/\/schweizversand.ch\/it\/produkt\/trespass-gillon-ii-halbhohe-kinder-wanderschuhe-2\/","title":{"rendered":"Scarponi da trekking per bambini Trespass GILLON II di media altezza"},"content":{"rendered":"<p>Pronti per qualsiasi avventura, con gli scarponi da trekking per bambini Trespass Gillon II!<\/p>\n<\/p>\n<p>Che si tratti di una passeggiata nel bosco o di una gita al parco giochi, questi scarponi robusti e impermeabili offrono un&#8217;eccellente protezione per i piedi dei bambini. Il design traspirante garantisce comfort e asciutto, anche in caso di pioggia.<\/p>\n<\/p>\n<p>&#8211; Impermeabili e traspiranti: mantengono i piedini asciutti e freschi<\/p>\n<\/p>\n<p>&#8211; Supporto ammortizzato: con collarino e linguetta di supporto<\/p>\n<\/p>\n<p>&#8211; Protezione di punta e tallone: \u200b\u200bper un gioco senza pensieri<\/p>\n<\/p>\n<p>&#8211; Calzata comoda: grazie al plantare sagomato e alla suola antiscivolo<\/p>\n<\/p>\n<p>Materiale:<\/p>\n<\/p>\n<p>Tomaia: PU\/Tessuto | Fodera: Tessuto | Soletta: EVA | Suola: TPR<\/p>\n","protected":false},"excerpt":{"rendered":"<p>Trespass GILLON II halbhohe Kinder-Wanderschuhe bieten wasserdichten Schutz, atmungsaktiven Komfort und rutschfeste Sohlen f\u00fcr sichere, abenteuerlustige Kinderf\u00fc\u00dfe bei jedem Wetter.<\/p>\n","protected":false},"featured_media":162107,"comment_status":"open","ping_status":"closed","template":"","meta":[],"product_brand":[],"product_cat":[38383],"product_tag":[],"class_list":{"0":"post-260718","1":"product","2":"type-product","3":"status-publish","4":"has-post-thumbnail","6":"product_cat-wandern","7":"product_shipping_class-global_methods","9":"first","10":"instock","11":"taxable","12":"shipping-taxable","13":"purchasable","14":"product-type-simple"},"yoast_head":"<!-- This site is optimized with the Yoast SEO plugin v27.4 - https:\/\/yoast.com\/product\/yoast-seo-wordpress\/ -->\n<title>Trespass GILLON II halbhohe Kinder-Wanderschuhe<\/title>\n<meta name=\"description\" content=\"Bereit f\u00fcr jedes Abenteuer \u2013 mit den Trespass Gillon II Kinder-Wanderschuhen! Ob Waldspaziergang oder Spielplatz \u2013 mit diesen robusten und wasserdichten Schuhe\" \/>\n<meta name=\"robots\" content=\"index, follow, max-snippet:-1, max-image-preview:large, max-video-preview:-1\" \/>\n<link rel=\"canonical\" href=\"https:\/\/schweizversand.ch\/it\/produkt\/trespass-gillon-ii-halbhohe-kinder-wanderschuhe-2\/\" \/>\n<meta property=\"og:locale\" content=\"it_IT\" \/>\n<meta property=\"og:type\" content=\"article\" \/>\n<meta property=\"og:title\" content=\"Trespass GILLON II halbhohe Kinder-Wanderschuhe\" \/>\n<meta property=\"og:description\" content=\"Bereit f\u00fcr jedes Abenteuer \u2013 mit den Trespass Gillon II Kinder-Wanderschuhen! Ob Waldspaziergang oder Spielplatz \u2013 mit diesen robusten und wasserdichten Schuhe\" \/>\n<meta property=\"og:url\" content=\"https:\/\/schweizversand.ch\/it\/produkt\/trespass-gillon-ii-halbhohe-kinder-wanderschuhe-2\/\" \/>\n<meta property=\"og:site_name\" content=\"Schweizer Shop f\u00fcr Sport, Spiel und Freizeit\" \/>\n<meta property=\"article:publisher\" content=\"https:\/\/www.facebook.com\/Schweizversand\" \/>\n<meta property=\"article:modified_time\" content=\"2026-04-20T00:05:38+00:00\" \/>\n<meta property=\"og:image\" content=\"https:\/\/schweizversand.ch\/wp-content\/uploads\/2026\/02\/5471872495.jpg\" \/>\n\t<meta property=\"og:image:width\" content=\"1024\" \/>\n\t<meta property=\"og:image:height\" content=\"807\" \/>\n\t<meta property=\"og:image:type\" content=\"image\/jpeg\" \/>\n<meta name=\"twitter:card\" content=\"summary_large_image\" \/>\n<meta name=\"twitter:label1\" content=\"Tempo di lettura stimato\" \/>\n\t<meta name=\"twitter:data1\" content=\"1 minuto\" \/>\n<script type=\"application\/ld+json\" class=\"yoast-schema-graph\">{\"@context\":\"https:\\\/\\\/schema.org\",\"@graph\":[{\"@type\":\"WebPage\",\"@id\":\"https:\\\/\\\/schweizversand.ch\\\/it\\\/produkt\\\/trespass-gillon-ii-halbhohe-kinder-wanderschuhe-2\\\/\",\"url\":\"https:\\\/\\\/schweizversand.ch\\\/it\\\/produkt\\\/trespass-gillon-ii-halbhohe-kinder-wanderschuhe-2\\\/\",\"name\":\"Trespass GILLON II halbhohe Kinder-Wanderschuhe\",\"isPartOf\":{\"@id\":\"https:\\\/\\\/schweizversand.ch\\\/it\\\/#website\"},\"primaryImageOfPage\":{\"@id\":\"https:\\\/\\\/schweizversand.ch\\\/it\\\/produkt\\\/trespass-gillon-ii-halbhohe-kinder-wanderschuhe-2\\\/#primaryimage\"},\"image\":{\"@id\":\"https:\\\/\\\/schweizversand.ch\\\/it\\\/produkt\\\/trespass-gillon-ii-halbhohe-kinder-wanderschuhe-2\\\/#primaryimage\"},\"thumbnailUrl\":\"https:\\\/\\\/schweizversand.ch\\\/wp-content\\\/uploads\\\/2026\\\/02\\\/5471872495.jpg\",\"datePublished\":\"2026-03-14T23:56:13+00:00\",\"dateModified\":\"2026-04-20T00:05:38+00:00\",\"description\":\"Bereit f\u00fcr jedes Abenteuer \u2013 mit den Trespass Gillon II Kinder-Wanderschuhen! Ob Waldspaziergang oder Spielplatz \u2013 mit diesen robusten und wasserdichten Schuhe\",\"breadcrumb\":{\"@id\":\"https:\\\/\\\/schweizversand.ch\\\/it\\\/produkt\\\/trespass-gillon-ii-halbhohe-kinder-wanderschuhe-2\\\/#breadcrumb\"},\"inLanguage\":\"it-IT\",\"potentialAction\":[{\"@type\":\"ReadAction\",\"target\":[\"https:\\\/\\\/schweizversand.ch\\\/it\\\/produkt\\\/trespass-gillon-ii-halbhohe-kinder-wanderschuhe-2\\\/\"]}]},{\"@type\":\"ImageObject\",\"inLanguage\":\"it-IT\",\"@id\":\"https:\\\/\\\/schweizversand.ch\\\/it\\\/produkt\\\/trespass-gillon-ii-halbhohe-kinder-wanderschuhe-2\\\/#primaryimage\",\"url\":\"https:\\\/\\\/schweizversand.ch\\\/wp-content\\\/uploads\\\/2026\\\/02\\\/5471872495.jpg\",\"contentUrl\":\"https:\\\/\\\/schweizversand.ch\\\/wp-content\\\/uploads\\\/2026\\\/02\\\/5471872495.jpg\",\"width\":1024,\"height\":807},{\"@type\":\"BreadcrumbList\",\"@id\":\"https:\\\/\\\/schweizversand.ch\\\/it\\\/produkt\\\/trespass-gillon-ii-halbhohe-kinder-wanderschuhe-2\\\/#breadcrumb\",\"itemListElement\":[{\"@type\":\"ListItem\",\"position\":1,\"name\":\"Startseite\",\"item\":\"https:\\\/\\\/schweizversand.ch\\\/it\\\/home\\\/\"},{\"@type\":\"ListItem\",\"position\":2,\"name\":\"Shop\",\"item\":\"https:\\\/\\\/schweizversand.ch\\\/it\\\/shop\\\/\"},{\"@type\":\"ListItem\",\"position\":3,\"name\":\"Sport\",\"item\":\"https:\\\/\\\/schweizversand.ch\\\/it\\\/produkt-kategorie\\\/sport-it\\\/\"},{\"@type\":\"ListItem\",\"position\":4,\"name\":\"All'aperto\",\"item\":\"https:\\\/\\\/schweizversand.ch\\\/it\\\/produkt-kategorie\\\/sport-it\\\/allaperto\\\/\"},{\"@type\":\"ListItem\",\"position\":5,\"name\":\"Escursionismo\",\"item\":\"https:\\\/\\\/schweizversand.ch\\\/it\\\/produkt-kategorie\\\/sport-it\\\/allaperto\\\/wandern\\\/\"},{\"@type\":\"ListItem\",\"position\":6,\"name\":\"Scarponi da trekking per bambini Trespass GILLON II di media altezza\"}]},{\"@type\":\"WebSite\",\"@id\":\"https:\\\/\\\/schweizversand.ch\\\/it\\\/#website\",\"url\":\"https:\\\/\\\/schweizversand.ch\\\/it\\\/\",\"name\":\"Schweizer Shop f\u00fcr Sport, Spiel und Freizeit\",\"description\":\"Gratisversand ab 50.- (netto), ab eigenem schweizer Lager, Lieferung innert 48h\",\"publisher\":{\"@id\":\"https:\\\/\\\/schweizversand.ch\\\/it\\\/#organization\"},\"alternateName\":\"Schweizversand.ch\",\"potentialAction\":[{\"@type\":\"SearchAction\",\"target\":{\"@type\":\"EntryPoint\",\"urlTemplate\":\"https:\\\/\\\/schweizversand.ch\\\/it\\\/?s={search_term_string}\"},\"query-input\":{\"@type\":\"PropertyValueSpecification\",\"valueRequired\":true,\"valueName\":\"search_term_string\"}}],\"inLanguage\":\"it-IT\"},{\"@type\":\"Organization\",\"@id\":\"https:\\\/\\\/schweizversand.ch\\\/it\\\/#organization\",\"name\":\"Schweizversand.ch\",\"url\":\"https:\\\/\\\/schweizversand.ch\\\/it\\\/\",\"logo\":{\"@type\":\"ImageObject\",\"inLanguage\":\"it-IT\",\"@id\":\"https:\\\/\\\/schweizversand.ch\\\/it\\\/#\\\/schema\\\/logo\\\/image\\\/\",\"url\":\"https:\\\/\\\/schweizversand.ch\\\/wp-content\\\/uploads\\\/2026\\\/03\\\/Logo_Rund_Final-1.png\",\"contentUrl\":\"https:\\\/\\\/schweizversand.ch\\\/wp-content\\\/uploads\\\/2026\\\/03\\\/Logo_Rund_Final-1.png\",\"width\":404,\"height\":404,\"caption\":\"Schweizversand.ch\"},\"image\":{\"@id\":\"https:\\\/\\\/schweizversand.ch\\\/it\\\/#\\\/schema\\\/logo\\\/image\\\/\"},\"sameAs\":[\"https:\\\/\\\/www.facebook.com\\\/Schweizversand\",\"https:\\\/\\\/www.instagram.com\\\/schweizversand.ch\\\/\"]}]}<\/script>\n<!-- \/ Yoast SEO plugin. -->","yoast_head_json":{"title":"Trespass GILLON II halbhohe Kinder-Wanderschuhe","description":"Bereit f\u00fcr jedes Abenteuer \u2013 mit den Trespass Gillon II Kinder-Wanderschuhen! Ob Waldspaziergang oder Spielplatz \u2013 mit diesen robusten und wasserdichten Schuhe","robots":{"index":"index","follow":"follow","max-snippet":"max-snippet:-1","max-image-preview":"max-image-preview:large","max-video-preview":"max-video-preview:-1"},"canonical":"https:\/\/schweizversand.ch\/it\/produkt\/trespass-gillon-ii-halbhohe-kinder-wanderschuhe-2\/","og_locale":"it_IT","og_type":"article","og_title":"Trespass GILLON II halbhohe Kinder-Wanderschuhe","og_description":"Bereit f\u00fcr jedes Abenteuer \u2013 mit den Trespass Gillon II Kinder-Wanderschuhen! Ob Waldspaziergang oder Spielplatz \u2013 mit diesen robusten und wasserdichten Schuhe","og_url":"https:\/\/schweizversand.ch\/it\/produkt\/trespass-gillon-ii-halbhohe-kinder-wanderschuhe-2\/","og_site_name":"Schweizer Shop f\u00fcr Sport, Spiel und Freizeit","article_publisher":"https:\/\/www.facebook.com\/Schweizversand","article_modified_time":"2026-04-20T00:05:38+00:00","og_image":[{"width":1024,"height":807,"url":"https:\/\/schweizversand.ch\/wp-content\/uploads\/2026\/02\/5471872495.jpg","type":"image\/jpeg"}],"twitter_card":"summary_large_image","twitter_misc":{"Tempo di lettura stimato":"1 minuto"},"schema":{"@context":"https:\/\/schema.org","@graph":[{"@type":"WebPage","@id":"https:\/\/schweizversand.ch\/it\/produkt\/trespass-gillon-ii-halbhohe-kinder-wanderschuhe-2\/","url":"https:\/\/schweizversand.ch\/it\/produkt\/trespass-gillon-ii-halbhohe-kinder-wanderschuhe-2\/","name":"Trespass GILLON II halbhohe Kinder-Wanderschuhe","isPartOf":{"@id":"https:\/\/schweizversand.ch\/it\/#website"},"primaryImageOfPage":{"@id":"https:\/\/schweizversand.ch\/it\/produkt\/trespass-gillon-ii-halbhohe-kinder-wanderschuhe-2\/#primaryimage"},"image":{"@id":"https:\/\/schweizversand.ch\/it\/produkt\/trespass-gillon-ii-halbhohe-kinder-wanderschuhe-2\/#primaryimage"},"thumbnailUrl":"https:\/\/schweizversand.ch\/wp-content\/uploads\/2026\/02\/5471872495.jpg","datePublished":"2026-03-14T23:56:13+00:00","dateModified":"2026-04-20T00:05:38+00:00","description":"Bereit f\u00fcr jedes Abenteuer \u2013 mit den Trespass Gillon II Kinder-Wanderschuhen! Ob Waldspaziergang oder Spielplatz \u2013 mit diesen robusten und wasserdichten Schuhe","breadcrumb":{"@id":"https:\/\/schweizversand.ch\/it\/produkt\/trespass-gillon-ii-halbhohe-kinder-wanderschuhe-2\/#breadcrumb"},"inLanguage":"it-IT","potentialAction":[{"@type":"ReadAction","target":["https:\/\/schweizversand.ch\/it\/produkt\/trespass-gillon-ii-halbhohe-kinder-wanderschuhe-2\/"]}]},{"@type":"ImageObject","inLanguage":"it-IT","@id":"https:\/\/schweizversand.ch\/it\/produkt\/trespass-gillon-ii-halbhohe-kinder-wanderschuhe-2\/#primaryimage","url":"https:\/\/schweizversand.ch\/wp-content\/uploads\/2026\/02\/5471872495.jpg","contentUrl":"https:\/\/schweizversand.ch\/wp-content\/uploads\/2026\/02\/5471872495.jpg","width":1024,"height":807},{"@type":"BreadcrumbList","@id":"https:\/\/schweizversand.ch\/it\/produkt\/trespass-gillon-ii-halbhohe-kinder-wanderschuhe-2\/#breadcrumb","itemListElement":[{"@type":"ListItem","position":1,"name":"Startseite","item":"https:\/\/schweizversand.ch\/it\/home\/"},{"@type":"ListItem","position":2,"name":"Shop","item":"https:\/\/schweizversand.ch\/it\/shop\/"},{"@type":"ListItem","position":3,"name":"Sport","item":"https:\/\/schweizversand.ch\/it\/produkt-kategorie\/sport-it\/"},{"@type":"ListItem","position":4,"name":"All'aperto","item":"https:\/\/schweizversand.ch\/it\/produkt-kategorie\/sport-it\/allaperto\/"},{"@type":"ListItem","position":5,"name":"Escursionismo","item":"https:\/\/schweizversand.ch\/it\/produkt-kategorie\/sport-it\/allaperto\/wandern\/"},{"@type":"ListItem","position":6,"name":"Scarponi da trekking per bambini Trespass GILLON II di media altezza"}]},{"@type":"WebSite","@id":"https:\/\/schweizversand.ch\/it\/#website","url":"https:\/\/schweizversand.ch\/it\/","name":"Schweizer Shop f\u00fcr Sport, Spiel und Freizeit","description":"Gratisversand ab 50.- (netto), ab eigenem schweizer Lager, Lieferung innert 48h","publisher":{"@id":"https:\/\/schweizversand.ch\/it\/#organization"},"alternateName":"Schweizversand.ch","potentialAction":[{"@type":"SearchAction","target":{"@type":"EntryPoint","urlTemplate":"https:\/\/schweizversand.ch\/it\/?s={search_term_string}"},"query-input":{"@type":"PropertyValueSpecification","valueRequired":true,"valueName":"search_term_string"}}],"inLanguage":"it-IT"},{"@type":"Organization","@id":"https:\/\/schweizversand.ch\/it\/#organization","name":"Schweizversand.ch","url":"https:\/\/schweizversand.ch\/it\/","logo":{"@type":"ImageObject","inLanguage":"it-IT","@id":"https:\/\/schweizversand.ch\/it\/#\/schema\/logo\/image\/","url":"https:\/\/schweizversand.ch\/wp-content\/uploads\/2026\/03\/Logo_Rund_Final-1.png","contentUrl":"https:\/\/schweizversand.ch\/wp-content\/uploads\/2026\/03\/Logo_Rund_Final-1.png","width":404,"height":404,"caption":"Schweizversand.ch"},"image":{"@id":"https:\/\/schweizversand.ch\/it\/#\/schema\/logo\/image\/"},"sameAs":["https:\/\/www.facebook.com\/Schweizversand","https:\/\/www.instagram.com\/schweizversand.ch\/"]}]}},"jetpack_sharing_enabled":true,"_links":{"self":[{"href":"https:\/\/schweizversand.ch\/it\/wp-json\/wp\/v2\/product\/260718","targetHints":{"allow":["GET"]}}],"collection":[{"href":"https:\/\/schweizversand.ch\/it\/wp-json\/wp\/v2\/product"}],"about":[{"href":"https:\/\/schweizversand.ch\/it\/wp-json\/wp\/v2\/types\/product"}],"replies":[{"embeddable":true,"href":"https:\/\/schweizversand.ch\/it\/wp-json\/wp\/v2\/comments?post=260718"}],"wp:featuredmedia":[{"embeddable":true,"href":"https:\/\/schweizversand.ch\/it\/wp-json\/wp\/v2\/media\/162107"}],"wp:attachment":[{"href":"https:\/\/schweizversand.ch\/it\/wp-json\/wp\/v2\/media?parent=260718"}],"wp:term":[{"taxonomy":"product_brand","embeddable":true,"href":"https:\/\/schweizversand.ch\/it\/wp-json\/wp\/v2\/product_brand?post=260718"},{"taxonomy":"product_cat","embeddable":true,"href":"https:\/\/schweizversand.ch\/it\/wp-json\/wp\/v2\/product_cat?post=260718"},{"taxonomy":"product_tag","embeddable":true,"href":"https:\/\/schweizversand.ch\/it\/wp-json\/wp\/v2\/product_tag?post=260718"}],"curies":[{"name":"wp","href":"https:\/\/api.w.org\/{rel}","templated":true}]}}