{"id":260750,"date":"2026-03-15T00:56:21","date_gmt":"2026-03-14T23:56:21","guid":{"rendered":"https:\/\/schweizversand.ch\/produkt\/trespass-lox-damen-neoprenanzug-3mm\/"},"modified":"2026-04-20T15:36:43","modified_gmt":"2026-04-20T13:36:43","slug":"trespass-lox-damen-neoprenanzug-3mm","status":"publish","type":"product","link":"https:\/\/schweizversand.ch\/it\/produkt\/trespass-lox-damen-neoprenanzug-3mm\/","title":{"rendered":"Muta da donna Trespass LOX 3 mm"},"content":{"rendered":"<p>Muta Trespass Full Body &#8211; La tua compagna per le avventure acquatiche<\/p>\n<p>Design ergonomico per un comfort ottimale: questa muta integrale \u00e8 progettata con una vestibilit\u00e0 ergonomica che si adatta perfettamente al tuo corpo. Che tu stia surfando, immergendoti o nuotando, questa muta offre la massima libert\u00e0 di movimento e una sensazione di comfort.<\/p>\n<p>Facile da indossare e da togliere: grazie alla comoda cerniera posteriore, indossare e togliere questa muta \u00e8 un gioco da ragazzi. La cerniera garantisce anche una vestibilit\u00e0 sicura durante le tue attivit\u00e0 in acqua.<\/p>\n<p>Tasca portachiavi integrata: non dovrai pi\u00f9 preoccuparti delle chiavi o di altri piccoli oggetti di valore. Questa muta \u00e8 dotata di una tasca portachiavi interna per tenere al sicuro i tuoi effetti personali.<\/p>\n<p>Materiali di alta qualit\u00e0 per prestazioni ottimali: realizzata in schiuma con strato inferiore in maglia e neoprene 100% laminato con poliammide, questa muta offre un eccellente isolamento termico e resistenza. Lo spessore di 3 mm offre l&#8217;equilibrio ideale tra isolamento e libert\u00e0 di movimento.<\/p>\n<p>La muta integrale Trespass \u00e8 la scelta perfetta per gli appassionati di sport acquatici di tutti i livelli. Conquista l&#8217;acqua con sicurezza e comfort: acquista subito la tua muta e preparati per avventure indimenticabili!<\/p>\n","protected":false},"excerpt":{"rendered":"<p>Trespass LOX Damen Neoprenanzug 3mm bietet ergonomischen Komfort, maximale Bewegungsfreiheit und praktisches Schl\u00fcsselversteck. Perfekt f\u00fcr alle Wassersportabenteuer!<\/p>\n","protected":false},"featured_media":243105,"comment_status":"open","ping_status":"closed","template":"","meta":[],"product_brand":[],"product_cat":[38761],"product_tag":[],"class_list":{"0":"post-260750","1":"product","2":"type-product","3":"status-publish","4":"has-post-thumbnail","6":"product_cat-schwimmen-tauchen","7":"product_shipping_class-global_methods","9":"first","10":"instock","11":"taxable","12":"shipping-taxable","13":"purchasable","14":"product-type-simple"},"yoast_head":"<!-- This site is optimized with the Yoast SEO plugin v27.4 - https:\/\/yoast.com\/product\/yoast-seo-wordpress\/ -->\n<title>Trespass LOX Damen Neoprenanzug 3mm<\/title>\n<meta name=\"description\" content=\"Trespass Ganzk\u00f6rper-Neoprenanzug - Dein Begleiter f\u00fcr Wassersportabenteuer Ergonomisches Design f\u00fcr optimalen Komfort: Dieser Ganzk\u00f6rper-Neoprenanzug wurde mit\" \/>\n<meta name=\"robots\" content=\"index, follow, max-snippet:-1, max-image-preview:large, max-video-preview:-1\" \/>\n<link rel=\"canonical\" href=\"https:\/\/schweizversand.ch\/it\/produkt\/trespass-lox-damen-neoprenanzug-3mm\/\" \/>\n<meta property=\"og:locale\" content=\"it_IT\" \/>\n<meta property=\"og:type\" content=\"article\" \/>\n<meta property=\"og:title\" content=\"Trespass LOX Damen Neoprenanzug 3mm\" \/>\n<meta property=\"og:description\" content=\"Trespass Ganzk\u00f6rper-Neoprenanzug - Dein Begleiter f\u00fcr Wassersportabenteuer Ergonomisches Design f\u00fcr optimalen Komfort: Dieser Ganzk\u00f6rper-Neoprenanzug wurde mit\" \/>\n<meta property=\"og:url\" content=\"https:\/\/schweizversand.ch\/it\/produkt\/trespass-lox-damen-neoprenanzug-3mm\/\" \/>\n<meta property=\"og:site_name\" content=\"Schweizer Shop f\u00fcr Sport, Spiel und Freizeit\" \/>\n<meta property=\"article:publisher\" content=\"https:\/\/www.facebook.com\/Schweizversand\" \/>\n<meta property=\"article:modified_time\" content=\"2026-04-20T13:36:43+00:00\" \/>\n<meta property=\"og:image\" content=\"https:\/\/schweizversand.ch\/wp-content\/uploads\/2026\/03\/5471574646.jpg\" \/>\n\t<meta property=\"og:image:width\" content=\"710\" \/>\n\t<meta property=\"og:image:height\" content=\"1024\" \/>\n\t<meta property=\"og:image:type\" content=\"image\/jpeg\" \/>\n<meta name=\"twitter:card\" content=\"summary_large_image\" \/>\n<meta name=\"twitter:label1\" content=\"Tempo di lettura stimato\" \/>\n\t<meta name=\"twitter:data1\" content=\"1 minuto\" \/>\n<script type=\"application\/ld+json\" class=\"yoast-schema-graph\">{\"@context\":\"https:\\\/\\\/schema.org\",\"@graph\":[{\"@type\":\"WebPage\",\"@id\":\"https:\\\/\\\/schweizversand.ch\\\/it\\\/produkt\\\/trespass-lox-damen-neoprenanzug-3mm\\\/\",\"url\":\"https:\\\/\\\/schweizversand.ch\\\/it\\\/produkt\\\/trespass-lox-damen-neoprenanzug-3mm\\\/\",\"name\":\"Trespass LOX Damen Neoprenanzug 3mm\",\"isPartOf\":{\"@id\":\"https:\\\/\\\/schweizversand.ch\\\/it\\\/#website\"},\"primaryImageOfPage\":{\"@id\":\"https:\\\/\\\/schweizversand.ch\\\/it\\\/produkt\\\/trespass-lox-damen-neoprenanzug-3mm\\\/#primaryimage\"},\"image\":{\"@id\":\"https:\\\/\\\/schweizversand.ch\\\/it\\\/produkt\\\/trespass-lox-damen-neoprenanzug-3mm\\\/#primaryimage\"},\"thumbnailUrl\":\"https:\\\/\\\/schweizversand.ch\\\/wp-content\\\/uploads\\\/2026\\\/03\\\/5471574646.jpg\",\"datePublished\":\"2026-03-14T23:56:21+00:00\",\"dateModified\":\"2026-04-20T13:36:43+00:00\",\"description\":\"Trespass Ganzk\u00f6rper-Neoprenanzug - Dein Begleiter f\u00fcr Wassersportabenteuer Ergonomisches Design f\u00fcr optimalen Komfort: Dieser Ganzk\u00f6rper-Neoprenanzug wurde mit\",\"breadcrumb\":{\"@id\":\"https:\\\/\\\/schweizversand.ch\\\/it\\\/produkt\\\/trespass-lox-damen-neoprenanzug-3mm\\\/#breadcrumb\"},\"inLanguage\":\"it-IT\",\"potentialAction\":[{\"@type\":\"ReadAction\",\"target\":[\"https:\\\/\\\/schweizversand.ch\\\/it\\\/produkt\\\/trespass-lox-damen-neoprenanzug-3mm\\\/\"]}]},{\"@type\":\"ImageObject\",\"inLanguage\":\"it-IT\",\"@id\":\"https:\\\/\\\/schweizversand.ch\\\/it\\\/produkt\\\/trespass-lox-damen-neoprenanzug-3mm\\\/#primaryimage\",\"url\":\"https:\\\/\\\/schweizversand.ch\\\/wp-content\\\/uploads\\\/2026\\\/03\\\/5471574646.jpg\",\"contentUrl\":\"https:\\\/\\\/schweizversand.ch\\\/wp-content\\\/uploads\\\/2026\\\/03\\\/5471574646.jpg\",\"width\":710,\"height\":1024},{\"@type\":\"BreadcrumbList\",\"@id\":\"https:\\\/\\\/schweizversand.ch\\\/it\\\/produkt\\\/trespass-lox-damen-neoprenanzug-3mm\\\/#breadcrumb\",\"itemListElement\":[{\"@type\":\"ListItem\",\"position\":1,\"name\":\"Startseite\",\"item\":\"https:\\\/\\\/schweizversand.ch\\\/it\\\/home\\\/\"},{\"@type\":\"ListItem\",\"position\":2,\"name\":\"Shop\",\"item\":\"https:\\\/\\\/schweizversand.ch\\\/it\\\/shop\\\/\"},{\"@type\":\"ListItem\",\"position\":3,\"name\":\"Sport\",\"item\":\"https:\\\/\\\/schweizversand.ch\\\/it\\\/produkt-kategorie\\\/sport-it\\\/\"},{\"@type\":\"ListItem\",\"position\":4,\"name\":\"Sport acquatici\",\"item\":\"https:\\\/\\\/schweizversand.ch\\\/it\\\/produkt-kategorie\\\/sport-it\\\/sport-acquatici\\\/\"},{\"@type\":\"ListItem\",\"position\":5,\"name\":\"Nuoto e immersioni\",\"item\":\"https:\\\/\\\/schweizversand.ch\\\/it\\\/produkt-kategorie\\\/sport-it\\\/sport-acquatici\\\/schwimmen-tauchen\\\/\"},{\"@type\":\"ListItem\",\"position\":6,\"name\":\"Muta da donna Trespass LOX 3 mm\"}]},{\"@type\":\"WebSite\",\"@id\":\"https:\\\/\\\/schweizversand.ch\\\/it\\\/#website\",\"url\":\"https:\\\/\\\/schweizversand.ch\\\/it\\\/\",\"name\":\"Schweizer Shop f\u00fcr Sport, Spiel und Freizeit\",\"description\":\"Gratisversand ab 50.- (netto), ab eigenem schweizer Lager, Lieferung innert 48h\",\"publisher\":{\"@id\":\"https:\\\/\\\/schweizversand.ch\\\/it\\\/#organization\"},\"alternateName\":\"Schweizversand.ch\",\"potentialAction\":[{\"@type\":\"SearchAction\",\"target\":{\"@type\":\"EntryPoint\",\"urlTemplate\":\"https:\\\/\\\/schweizversand.ch\\\/it\\\/?s={search_term_string}\"},\"query-input\":{\"@type\":\"PropertyValueSpecification\",\"valueRequired\":true,\"valueName\":\"search_term_string\"}}],\"inLanguage\":\"it-IT\"},{\"@type\":\"Organization\",\"@id\":\"https:\\\/\\\/schweizversand.ch\\\/it\\\/#organization\",\"name\":\"Schweizversand.ch\",\"url\":\"https:\\\/\\\/schweizversand.ch\\\/it\\\/\",\"logo\":{\"@type\":\"ImageObject\",\"inLanguage\":\"it-IT\",\"@id\":\"https:\\\/\\\/schweizversand.ch\\\/it\\\/#\\\/schema\\\/logo\\\/image\\\/\",\"url\":\"https:\\\/\\\/schweizversand.ch\\\/wp-content\\\/uploads\\\/2026\\\/03\\\/Logo_Rund_Final-1.png\",\"contentUrl\":\"https:\\\/\\\/schweizversand.ch\\\/wp-content\\\/uploads\\\/2026\\\/03\\\/Logo_Rund_Final-1.png\",\"width\":404,\"height\":404,\"caption\":\"Schweizversand.ch\"},\"image\":{\"@id\":\"https:\\\/\\\/schweizversand.ch\\\/it\\\/#\\\/schema\\\/logo\\\/image\\\/\"},\"sameAs\":[\"https:\\\/\\\/www.facebook.com\\\/Schweizversand\",\"https:\\\/\\\/www.instagram.com\\\/schweizversand.ch\\\/\"]}]}<\/script>\n<!-- \/ Yoast SEO plugin. -->","yoast_head_json":{"title":"Trespass LOX Damen Neoprenanzug 3mm","description":"Trespass Ganzk\u00f6rper-Neoprenanzug - Dein Begleiter f\u00fcr Wassersportabenteuer Ergonomisches Design f\u00fcr optimalen Komfort: Dieser Ganzk\u00f6rper-Neoprenanzug wurde mit","robots":{"index":"index","follow":"follow","max-snippet":"max-snippet:-1","max-image-preview":"max-image-preview:large","max-video-preview":"max-video-preview:-1"},"canonical":"https:\/\/schweizversand.ch\/it\/produkt\/trespass-lox-damen-neoprenanzug-3mm\/","og_locale":"it_IT","og_type":"article","og_title":"Trespass LOX Damen Neoprenanzug 3mm","og_description":"Trespass Ganzk\u00f6rper-Neoprenanzug - Dein Begleiter f\u00fcr Wassersportabenteuer Ergonomisches Design f\u00fcr optimalen Komfort: Dieser Ganzk\u00f6rper-Neoprenanzug wurde mit","og_url":"https:\/\/schweizversand.ch\/it\/produkt\/trespass-lox-damen-neoprenanzug-3mm\/","og_site_name":"Schweizer Shop f\u00fcr Sport, Spiel und Freizeit","article_publisher":"https:\/\/www.facebook.com\/Schweizversand","article_modified_time":"2026-04-20T13:36:43+00:00","og_image":[{"width":710,"height":1024,"url":"https:\/\/schweizversand.ch\/wp-content\/uploads\/2026\/03\/5471574646.jpg","type":"image\/jpeg"}],"twitter_card":"summary_large_image","twitter_misc":{"Tempo di lettura stimato":"1 minuto"},"schema":{"@context":"https:\/\/schema.org","@graph":[{"@type":"WebPage","@id":"https:\/\/schweizversand.ch\/it\/produkt\/trespass-lox-damen-neoprenanzug-3mm\/","url":"https:\/\/schweizversand.ch\/it\/produkt\/trespass-lox-damen-neoprenanzug-3mm\/","name":"Trespass LOX Damen Neoprenanzug 3mm","isPartOf":{"@id":"https:\/\/schweizversand.ch\/it\/#website"},"primaryImageOfPage":{"@id":"https:\/\/schweizversand.ch\/it\/produkt\/trespass-lox-damen-neoprenanzug-3mm\/#primaryimage"},"image":{"@id":"https:\/\/schweizversand.ch\/it\/produkt\/trespass-lox-damen-neoprenanzug-3mm\/#primaryimage"},"thumbnailUrl":"https:\/\/schweizversand.ch\/wp-content\/uploads\/2026\/03\/5471574646.jpg","datePublished":"2026-03-14T23:56:21+00:00","dateModified":"2026-04-20T13:36:43+00:00","description":"Trespass Ganzk\u00f6rper-Neoprenanzug - Dein Begleiter f\u00fcr Wassersportabenteuer Ergonomisches Design f\u00fcr optimalen Komfort: Dieser Ganzk\u00f6rper-Neoprenanzug wurde mit","breadcrumb":{"@id":"https:\/\/schweizversand.ch\/it\/produkt\/trespass-lox-damen-neoprenanzug-3mm\/#breadcrumb"},"inLanguage":"it-IT","potentialAction":[{"@type":"ReadAction","target":["https:\/\/schweizversand.ch\/it\/produkt\/trespass-lox-damen-neoprenanzug-3mm\/"]}]},{"@type":"ImageObject","inLanguage":"it-IT","@id":"https:\/\/schweizversand.ch\/it\/produkt\/trespass-lox-damen-neoprenanzug-3mm\/#primaryimage","url":"https:\/\/schweizversand.ch\/wp-content\/uploads\/2026\/03\/5471574646.jpg","contentUrl":"https:\/\/schweizversand.ch\/wp-content\/uploads\/2026\/03\/5471574646.jpg","width":710,"height":1024},{"@type":"BreadcrumbList","@id":"https:\/\/schweizversand.ch\/it\/produkt\/trespass-lox-damen-neoprenanzug-3mm\/#breadcrumb","itemListElement":[{"@type":"ListItem","position":1,"name":"Startseite","item":"https:\/\/schweizversand.ch\/it\/home\/"},{"@type":"ListItem","position":2,"name":"Shop","item":"https:\/\/schweizversand.ch\/it\/shop\/"},{"@type":"ListItem","position":3,"name":"Sport","item":"https:\/\/schweizversand.ch\/it\/produkt-kategorie\/sport-it\/"},{"@type":"ListItem","position":4,"name":"Sport acquatici","item":"https:\/\/schweizversand.ch\/it\/produkt-kategorie\/sport-it\/sport-acquatici\/"},{"@type":"ListItem","position":5,"name":"Nuoto e immersioni","item":"https:\/\/schweizversand.ch\/it\/produkt-kategorie\/sport-it\/sport-acquatici\/schwimmen-tauchen\/"},{"@type":"ListItem","position":6,"name":"Muta da donna Trespass LOX 3 mm"}]},{"@type":"WebSite","@id":"https:\/\/schweizversand.ch\/it\/#website","url":"https:\/\/schweizversand.ch\/it\/","name":"Schweizer Shop f\u00fcr Sport, Spiel und Freizeit","description":"Gratisversand ab 50.- (netto), ab eigenem schweizer Lager, Lieferung innert 48h","publisher":{"@id":"https:\/\/schweizversand.ch\/it\/#organization"},"alternateName":"Schweizversand.ch","potentialAction":[{"@type":"SearchAction","target":{"@type":"EntryPoint","urlTemplate":"https:\/\/schweizversand.ch\/it\/?s={search_term_string}"},"query-input":{"@type":"PropertyValueSpecification","valueRequired":true,"valueName":"search_term_string"}}],"inLanguage":"it-IT"},{"@type":"Organization","@id":"https:\/\/schweizversand.ch\/it\/#organization","name":"Schweizversand.ch","url":"https:\/\/schweizversand.ch\/it\/","logo":{"@type":"ImageObject","inLanguage":"it-IT","@id":"https:\/\/schweizversand.ch\/it\/#\/schema\/logo\/image\/","url":"https:\/\/schweizversand.ch\/wp-content\/uploads\/2026\/03\/Logo_Rund_Final-1.png","contentUrl":"https:\/\/schweizversand.ch\/wp-content\/uploads\/2026\/03\/Logo_Rund_Final-1.png","width":404,"height":404,"caption":"Schweizversand.ch"},"image":{"@id":"https:\/\/schweizversand.ch\/it\/#\/schema\/logo\/image\/"},"sameAs":["https:\/\/www.facebook.com\/Schweizversand","https:\/\/www.instagram.com\/schweizversand.ch\/"]}]}},"jetpack_sharing_enabled":true,"_links":{"self":[{"href":"https:\/\/schweizversand.ch\/it\/wp-json\/wp\/v2\/product\/260750","targetHints":{"allow":["GET"]}}],"collection":[{"href":"https:\/\/schweizversand.ch\/it\/wp-json\/wp\/v2\/product"}],"about":[{"href":"https:\/\/schweizversand.ch\/it\/wp-json\/wp\/v2\/types\/product"}],"replies":[{"embeddable":true,"href":"https:\/\/schweizversand.ch\/it\/wp-json\/wp\/v2\/comments?post=260750"}],"wp:featuredmedia":[{"embeddable":true,"href":"https:\/\/schweizversand.ch\/it\/wp-json\/wp\/v2\/media\/243105"}],"wp:attachment":[{"href":"https:\/\/schweizversand.ch\/it\/wp-json\/wp\/v2\/media?parent=260750"}],"wp:term":[{"taxonomy":"product_brand","embeddable":true,"href":"https:\/\/schweizversand.ch\/it\/wp-json\/wp\/v2\/product_brand?post=260750"},{"taxonomy":"product_cat","embeddable":true,"href":"https:\/\/schweizversand.ch\/it\/wp-json\/wp\/v2\/product_cat?post=260750"},{"taxonomy":"product_tag","embeddable":true,"href":"https:\/\/schweizversand.ch\/it\/wp-json\/wp\/v2\/product_tag?post=260750"}],"curies":[{"name":"wp","href":"https:\/\/api.w.org\/{rel}","templated":true}]}}