{"id":260810,"date":"2026-03-20T02:01:07","date_gmt":"2026-03-20T01:01:07","guid":{"rendered":"https:\/\/schweizversand.ch\/produkt\/trespass-laces-130-schnuersenkel-2\/"},"modified":"2026-04-15T02:05:28","modified_gmt":"2026-04-15T00:05:28","slug":"trespass-laces-130-schnuersenkel-2","status":"publish","type":"product","link":"https:\/\/schweizversand.ch\/it\/produkt\/trespass-laces-130-schnuersenkel-2\/","title":{"rendered":"Trespass LACES 130 lacci per scarpe"},"content":{"rendered":"<h1><strong>Lacci rotondi per scarponi da trekking 130 cm, neri<\/strong><\/h1>\n<div>Scopri i <strong>lacci di ricambio ideali per scarponi da trekking<\/strong>, che garantiscono la massima affidabilit\u00e0 e durata. Questi <strong>lacci rotondi da 130 cm<\/strong> sono appositamente progettati per l&#8217;uso in ambienti difficili e offrono un supporto ottimale per le tue escursioni.<\/p>\n<\/div>\n<div><strong>Vestibilit\u00e0 perfetta e stabilit\u00e0<\/strong><br \/>Con una lunghezza di 130 cm, questi lacci sono ideali per <strong>scarponi da trekking<\/strong> e scarponi fino a <strong>10 occhielli<\/strong>. Garantiscono un&#8217;allacciatura sicura e salda che non si allenta, anche durante lunghe escursioni o terreni difficili. Goditi il \u200b\u200bcomfort e la stabilit\u00e0 di cui hai bisogno per le tue avventure all&#8217;aria aperta. Materiale e durata: realizzati in 100% poliestere, questi lacci neri sono estremamente robusti e resistenti all&#8217;abrasione e all&#8217;umidit\u00e0. Il materiale di alta qualit\u00e0 garantisce che questi lacci resistenti mantengano forma e colore anche in caso di uso intensivo. Un accessorio affidabile che non ti deluder\u00e0.<\/p>\n<\/div>\n<div><strong>Dettagli del prodotto e contenuto della confezione<\/strong><br \/>&#8211; Lunghezza: 2 x 130 cm (un paio)<br \/>&#8211; Colore: Nero<br \/>&#8211; Materiale: 100% Poliestere<br \/>&#8211; Adatto per: <strong>lacci con 10 occhielli<\/strong> e meno<\/p>\n<\/div>\n<div>Migliora la tua attrezzatura e assicurati che i tuoi <strong>lacci da trekking<\/strong> possano resistere alle sollecitazioni dell&#8217;escursionismo. Ordina ora e beneficia della massima sicurezza a ogni passo.<\/p>\n<\/div>\n<div>\n<\/div>\n","protected":false},"excerpt":{"rendered":"<p>Trespass LACES 130 Schn\u00fcrsenkel bieten langlebige, robuste 130 cm Schn\u00fcrung f\u00fcr Wanderstiefel mit bis zu 10 \u00d6sen \u2013 zuverl\u00e4ssiger Halt und optimaler Komfort bei jedem Outdoor-Abenteuer.<\/p>\n","protected":false},"featured_media":261009,"comment_status":"open","ping_status":"closed","template":"","meta":[],"product_brand":[],"product_cat":[39105],"product_tag":[],"class_list":{"0":"post-260810","1":"product","2":"type-product","3":"status-publish","4":"has-post-thumbnail","6":"product_cat-outdoorschuhe","7":"product_shipping_class-global_methods","9":"first","10":"instock","11":"taxable","12":"shipping-taxable","13":"purchasable","14":"product-type-simple"},"yoast_head":"<!-- This site is optimized with the Yoast SEO plugin v27.4 - https:\/\/yoast.com\/product\/yoast-seo-wordpress\/ -->\n<title>Trespass LACES 130 Schn\u00fcrsenkel<\/title>\n<meta name=\"description\" content=\"Runde Schn\u00fcrsenkel Wanderschuhe 130cm, Schwarz Entdecken Sie die idealen Ersatzschn\u00fcrsenkel Trekkingstiefel , die h\u00f6chste Zuverl\u00e4ssigkeit und Langlebigkeit gara\" \/>\n<meta name=\"robots\" content=\"index, follow, max-snippet:-1, max-image-preview:large, max-video-preview:-1\" \/>\n<link rel=\"canonical\" href=\"https:\/\/schweizversand.ch\/it\/produkt\/trespass-laces-130-schnuersenkel-2\/\" \/>\n<meta property=\"og:locale\" content=\"it_IT\" \/>\n<meta property=\"og:type\" content=\"article\" \/>\n<meta property=\"og:title\" content=\"Trespass LACES 130 Schn\u00fcrsenkel\" \/>\n<meta property=\"og:description\" content=\"Runde Schn\u00fcrsenkel Wanderschuhe 130cm, Schwarz Entdecken Sie die idealen Ersatzschn\u00fcrsenkel Trekkingstiefel , die h\u00f6chste Zuverl\u00e4ssigkeit und Langlebigkeit gara\" \/>\n<meta property=\"og:url\" content=\"https:\/\/schweizversand.ch\/it\/produkt\/trespass-laces-130-schnuersenkel-2\/\" \/>\n<meta property=\"og:site_name\" content=\"Schweizer Shop f\u00fcr Sport, Spiel und Freizeit\" \/>\n<meta property=\"article:publisher\" content=\"https:\/\/www.facebook.com\/Schweizversand\" \/>\n<meta property=\"article:modified_time\" content=\"2026-04-15T00:05:28+00:00\" \/>\n<meta property=\"og:image\" content=\"https:\/\/schweizversand.ch\/wp-content\/uploads\/2026\/03\/5678299012.jpg\" \/>\n\t<meta property=\"og:image:width\" content=\"710\" \/>\n\t<meta property=\"og:image:height\" content=\"1024\" \/>\n\t<meta property=\"og:image:type\" content=\"image\/jpeg\" \/>\n<meta name=\"twitter:card\" content=\"summary_large_image\" \/>\n<meta name=\"twitter:label1\" content=\"Tempo di lettura stimato\" \/>\n\t<meta name=\"twitter:data1\" content=\"1 minuto\" \/>\n<script type=\"application\/ld+json\" class=\"yoast-schema-graph\">{\"@context\":\"https:\\\/\\\/schema.org\",\"@graph\":[{\"@type\":\"WebPage\",\"@id\":\"https:\\\/\\\/schweizversand.ch\\\/it\\\/produkt\\\/trespass-laces-130-schnuersenkel-2\\\/\",\"url\":\"https:\\\/\\\/schweizversand.ch\\\/it\\\/produkt\\\/trespass-laces-130-schnuersenkel-2\\\/\",\"name\":\"Trespass LACES 130 Schn\u00fcrsenkel\",\"isPartOf\":{\"@id\":\"https:\\\/\\\/schweizversand.ch\\\/it\\\/#website\"},\"primaryImageOfPage\":{\"@id\":\"https:\\\/\\\/schweizversand.ch\\\/it\\\/produkt\\\/trespass-laces-130-schnuersenkel-2\\\/#primaryimage\"},\"image\":{\"@id\":\"https:\\\/\\\/schweizversand.ch\\\/it\\\/produkt\\\/trespass-laces-130-schnuersenkel-2\\\/#primaryimage\"},\"thumbnailUrl\":\"https:\\\/\\\/schweizversand.ch\\\/wp-content\\\/uploads\\\/2026\\\/03\\\/5678299012.jpg\",\"datePublished\":\"2026-03-20T01:01:07+00:00\",\"dateModified\":\"2026-04-15T00:05:28+00:00\",\"description\":\"Runde Schn\u00fcrsenkel Wanderschuhe 130cm, Schwarz Entdecken Sie die idealen Ersatzschn\u00fcrsenkel Trekkingstiefel , die h\u00f6chste Zuverl\u00e4ssigkeit und Langlebigkeit gara\",\"breadcrumb\":{\"@id\":\"https:\\\/\\\/schweizversand.ch\\\/it\\\/produkt\\\/trespass-laces-130-schnuersenkel-2\\\/#breadcrumb\"},\"inLanguage\":\"it-IT\",\"potentialAction\":[{\"@type\":\"ReadAction\",\"target\":[\"https:\\\/\\\/schweizversand.ch\\\/it\\\/produkt\\\/trespass-laces-130-schnuersenkel-2\\\/\"]}]},{\"@type\":\"ImageObject\",\"inLanguage\":\"it-IT\",\"@id\":\"https:\\\/\\\/schweizversand.ch\\\/it\\\/produkt\\\/trespass-laces-130-schnuersenkel-2\\\/#primaryimage\",\"url\":\"https:\\\/\\\/schweizversand.ch\\\/wp-content\\\/uploads\\\/2026\\\/03\\\/5678299012.jpg\",\"contentUrl\":\"https:\\\/\\\/schweizversand.ch\\\/wp-content\\\/uploads\\\/2026\\\/03\\\/5678299012.jpg\",\"width\":710,\"height\":1024},{\"@type\":\"BreadcrumbList\",\"@id\":\"https:\\\/\\\/schweizversand.ch\\\/it\\\/produkt\\\/trespass-laces-130-schnuersenkel-2\\\/#breadcrumb\",\"itemListElement\":[{\"@type\":\"ListItem\",\"position\":1,\"name\":\"Startseite\",\"item\":\"https:\\\/\\\/schweizversand.ch\\\/it\\\/\"},{\"@type\":\"ListItem\",\"position\":2,\"name\":\"Shop\",\"item\":\"https:\\\/\\\/schweizversand.ch\\\/it\\\/shop\\\/\"},{\"@type\":\"ListItem\",\"position\":3,\"name\":\"Sport\",\"item\":\"https:\\\/\\\/schweizversand.ch\\\/it\\\/produkt-kategorie\\\/sport-it\\\/\"},{\"@type\":\"ListItem\",\"position\":4,\"name\":\"All'aperto\",\"item\":\"https:\\\/\\\/schweizversand.ch\\\/it\\\/produkt-kategorie\\\/sport-it\\\/allaperto\\\/\"},{\"@type\":\"ListItem\",\"position\":5,\"name\":\"Outdoorschuhe\",\"item\":\"https:\\\/\\\/schweizversand.ch\\\/it\\\/produkt-kategorie\\\/sport-it\\\/allaperto\\\/outdoorschuhe\\\/\"},{\"@type\":\"ListItem\",\"position\":6,\"name\":\"Trespass LACES 130 lacci per scarpe\"}]},{\"@type\":\"WebSite\",\"@id\":\"https:\\\/\\\/schweizversand.ch\\\/it\\\/#website\",\"url\":\"https:\\\/\\\/schweizversand.ch\\\/it\\\/\",\"name\":\"Schweizer Shop f\u00fcr Sport, Spiel und Freizeit\",\"description\":\"Gratisversand ab 50.- (netto), ab eigenem schweizer Lager, Lieferung innert 48h\",\"publisher\":{\"@id\":\"https:\\\/\\\/schweizversand.ch\\\/it\\\/#organization\"},\"alternateName\":\"Schweizversand.ch\",\"potentialAction\":[{\"@type\":\"SearchAction\",\"target\":{\"@type\":\"EntryPoint\",\"urlTemplate\":\"https:\\\/\\\/schweizversand.ch\\\/it\\\/?s={search_term_string}\"},\"query-input\":{\"@type\":\"PropertyValueSpecification\",\"valueRequired\":true,\"valueName\":\"search_term_string\"}}],\"inLanguage\":\"it-IT\"},{\"@type\":\"Organization\",\"@id\":\"https:\\\/\\\/schweizversand.ch\\\/it\\\/#organization\",\"name\":\"Schweizversand.ch\",\"url\":\"https:\\\/\\\/schweizversand.ch\\\/it\\\/\",\"logo\":{\"@type\":\"ImageObject\",\"inLanguage\":\"it-IT\",\"@id\":\"https:\\\/\\\/schweizversand.ch\\\/it\\\/#\\\/schema\\\/logo\\\/image\\\/\",\"url\":\"https:\\\/\\\/schweizversand.ch\\\/wp-content\\\/uploads\\\/2026\\\/03\\\/Logo_Rund_Final-1.png\",\"contentUrl\":\"https:\\\/\\\/schweizversand.ch\\\/wp-content\\\/uploads\\\/2026\\\/03\\\/Logo_Rund_Final-1.png\",\"width\":404,\"height\":404,\"caption\":\"Schweizversand.ch\"},\"image\":{\"@id\":\"https:\\\/\\\/schweizversand.ch\\\/it\\\/#\\\/schema\\\/logo\\\/image\\\/\"},\"sameAs\":[\"https:\\\/\\\/www.facebook.com\\\/Schweizversand\",\"https:\\\/\\\/www.instagram.com\\\/schweizversand.ch\\\/\"]}]}<\/script>\n<!-- \/ Yoast SEO plugin. -->","yoast_head_json":{"title":"Trespass LACES 130 Schn\u00fcrsenkel","description":"Runde Schn\u00fcrsenkel Wanderschuhe 130cm, Schwarz Entdecken Sie die idealen Ersatzschn\u00fcrsenkel Trekkingstiefel , die h\u00f6chste Zuverl\u00e4ssigkeit und Langlebigkeit gara","robots":{"index":"index","follow":"follow","max-snippet":"max-snippet:-1","max-image-preview":"max-image-preview:large","max-video-preview":"max-video-preview:-1"},"canonical":"https:\/\/schweizversand.ch\/it\/produkt\/trespass-laces-130-schnuersenkel-2\/","og_locale":"it_IT","og_type":"article","og_title":"Trespass LACES 130 Schn\u00fcrsenkel","og_description":"Runde Schn\u00fcrsenkel Wanderschuhe 130cm, Schwarz Entdecken Sie die idealen Ersatzschn\u00fcrsenkel Trekkingstiefel , die h\u00f6chste Zuverl\u00e4ssigkeit und Langlebigkeit gara","og_url":"https:\/\/schweizversand.ch\/it\/produkt\/trespass-laces-130-schnuersenkel-2\/","og_site_name":"Schweizer Shop f\u00fcr Sport, Spiel und Freizeit","article_publisher":"https:\/\/www.facebook.com\/Schweizversand","article_modified_time":"2026-04-15T00:05:28+00:00","og_image":[{"width":710,"height":1024,"url":"https:\/\/schweizversand.ch\/wp-content\/uploads\/2026\/03\/5678299012.jpg","type":"image\/jpeg"}],"twitter_card":"summary_large_image","twitter_misc":{"Tempo di lettura stimato":"1 minuto"},"schema":{"@context":"https:\/\/schema.org","@graph":[{"@type":"WebPage","@id":"https:\/\/schweizversand.ch\/it\/produkt\/trespass-laces-130-schnuersenkel-2\/","url":"https:\/\/schweizversand.ch\/it\/produkt\/trespass-laces-130-schnuersenkel-2\/","name":"Trespass LACES 130 Schn\u00fcrsenkel","isPartOf":{"@id":"https:\/\/schweizversand.ch\/it\/#website"},"primaryImageOfPage":{"@id":"https:\/\/schweizversand.ch\/it\/produkt\/trespass-laces-130-schnuersenkel-2\/#primaryimage"},"image":{"@id":"https:\/\/schweizversand.ch\/it\/produkt\/trespass-laces-130-schnuersenkel-2\/#primaryimage"},"thumbnailUrl":"https:\/\/schweizversand.ch\/wp-content\/uploads\/2026\/03\/5678299012.jpg","datePublished":"2026-03-20T01:01:07+00:00","dateModified":"2026-04-15T00:05:28+00:00","description":"Runde Schn\u00fcrsenkel Wanderschuhe 130cm, Schwarz Entdecken Sie die idealen Ersatzschn\u00fcrsenkel Trekkingstiefel , die h\u00f6chste Zuverl\u00e4ssigkeit und Langlebigkeit gara","breadcrumb":{"@id":"https:\/\/schweizversand.ch\/it\/produkt\/trespass-laces-130-schnuersenkel-2\/#breadcrumb"},"inLanguage":"it-IT","potentialAction":[{"@type":"ReadAction","target":["https:\/\/schweizversand.ch\/it\/produkt\/trespass-laces-130-schnuersenkel-2\/"]}]},{"@type":"ImageObject","inLanguage":"it-IT","@id":"https:\/\/schweizversand.ch\/it\/produkt\/trespass-laces-130-schnuersenkel-2\/#primaryimage","url":"https:\/\/schweizversand.ch\/wp-content\/uploads\/2026\/03\/5678299012.jpg","contentUrl":"https:\/\/schweizversand.ch\/wp-content\/uploads\/2026\/03\/5678299012.jpg","width":710,"height":1024},{"@type":"BreadcrumbList","@id":"https:\/\/schweizversand.ch\/it\/produkt\/trespass-laces-130-schnuersenkel-2\/#breadcrumb","itemListElement":[{"@type":"ListItem","position":1,"name":"Startseite","item":"https:\/\/schweizversand.ch\/it\/"},{"@type":"ListItem","position":2,"name":"Shop","item":"https:\/\/schweizversand.ch\/it\/shop\/"},{"@type":"ListItem","position":3,"name":"Sport","item":"https:\/\/schweizversand.ch\/it\/produkt-kategorie\/sport-it\/"},{"@type":"ListItem","position":4,"name":"All'aperto","item":"https:\/\/schweizversand.ch\/it\/produkt-kategorie\/sport-it\/allaperto\/"},{"@type":"ListItem","position":5,"name":"Outdoorschuhe","item":"https:\/\/schweizversand.ch\/it\/produkt-kategorie\/sport-it\/allaperto\/outdoorschuhe\/"},{"@type":"ListItem","position":6,"name":"Trespass LACES 130 lacci per scarpe"}]},{"@type":"WebSite","@id":"https:\/\/schweizversand.ch\/it\/#website","url":"https:\/\/schweizversand.ch\/it\/","name":"Schweizer Shop f\u00fcr Sport, Spiel und Freizeit","description":"Gratisversand ab 50.- (netto), ab eigenem schweizer Lager, Lieferung innert 48h","publisher":{"@id":"https:\/\/schweizversand.ch\/it\/#organization"},"alternateName":"Schweizversand.ch","potentialAction":[{"@type":"SearchAction","target":{"@type":"EntryPoint","urlTemplate":"https:\/\/schweizversand.ch\/it\/?s={search_term_string}"},"query-input":{"@type":"PropertyValueSpecification","valueRequired":true,"valueName":"search_term_string"}}],"inLanguage":"it-IT"},{"@type":"Organization","@id":"https:\/\/schweizversand.ch\/it\/#organization","name":"Schweizversand.ch","url":"https:\/\/schweizversand.ch\/it\/","logo":{"@type":"ImageObject","inLanguage":"it-IT","@id":"https:\/\/schweizversand.ch\/it\/#\/schema\/logo\/image\/","url":"https:\/\/schweizversand.ch\/wp-content\/uploads\/2026\/03\/Logo_Rund_Final-1.png","contentUrl":"https:\/\/schweizversand.ch\/wp-content\/uploads\/2026\/03\/Logo_Rund_Final-1.png","width":404,"height":404,"caption":"Schweizversand.ch"},"image":{"@id":"https:\/\/schweizversand.ch\/it\/#\/schema\/logo\/image\/"},"sameAs":["https:\/\/www.facebook.com\/Schweizversand","https:\/\/www.instagram.com\/schweizversand.ch\/"]}]}},"jetpack_sharing_enabled":true,"_links":{"self":[{"href":"https:\/\/schweizversand.ch\/it\/wp-json\/wp\/v2\/product\/260810","targetHints":{"allow":["GET"]}}],"collection":[{"href":"https:\/\/schweizversand.ch\/it\/wp-json\/wp\/v2\/product"}],"about":[{"href":"https:\/\/schweizversand.ch\/it\/wp-json\/wp\/v2\/types\/product"}],"replies":[{"embeddable":true,"href":"https:\/\/schweizversand.ch\/it\/wp-json\/wp\/v2\/comments?post=260810"}],"wp:featuredmedia":[{"embeddable":true,"href":"https:\/\/schweizversand.ch\/it\/wp-json\/wp\/v2\/media\/261009"}],"wp:attachment":[{"href":"https:\/\/schweizversand.ch\/it\/wp-json\/wp\/v2\/media?parent=260810"}],"wp:term":[{"taxonomy":"product_brand","embeddable":true,"href":"https:\/\/schweizversand.ch\/it\/wp-json\/wp\/v2\/product_brand?post=260810"},{"taxonomy":"product_cat","embeddable":true,"href":"https:\/\/schweizversand.ch\/it\/wp-json\/wp\/v2\/product_cat?post=260810"},{"taxonomy":"product_tag","embeddable":true,"href":"https:\/\/schweizversand.ch\/it\/wp-json\/wp\/v2\/product_tag?post=260810"}],"curies":[{"name":"wp","href":"https:\/\/api.w.org\/{rel}","templated":true}]}}