{"id":260861,"date":"2026-03-15T00:56:42","date_gmt":"2026-03-14T23:56:42","guid":{"rendered":"https:\/\/schweizversand.ch\/produkt\/trespass-lock-x-schluesselanhaenger-set-a-3-stueck\/"},"modified":"2026-04-22T15:36:55","modified_gmt":"2026-04-22T13:36:55","slug":"trespass-lock-x-schluesselanhaenger-set-a-3-stueck","status":"publish","type":"product","link":"https:\/\/schweizversand.ch\/it\/produkt\/trespass-lock-x-schluesselanhaenger-set-a-3-stueck\/","title":{"rendered":"Trespass LOCK X &#8211; Set di 3 portachiavi"},"content":{"rendered":"<h1><strong>Set di 3 moschettoni in alluminio<\/strong><\/h1>\n<div>Scopri il versatile set di 3 moschettoni in alluminio, un elemento essenziale per qualsiasi attrezzatura da esterno. Questi moschettoni leggeri e robusti sono la soluzione ideale per tenere tutto in ordine e fissare saldamente la tua attrezzatura: perfetti per l&#8217;attrezzatura da campeggio e l&#8217;escursionismo.<\/p>\n<\/div>\n<div><strong>Caratteristiche principali e applicazioni del prodotto<\/strong><br \/>Questo compatto set di moschettoni \u00e8 realizzato in alluminio leggero e di alta qualit\u00e0, offrendo la massima funzionalit\u00e0 con il minimo peso. Che tu voglia fissare le borse allo zaino, organizzare le chiavi o ottimizzare il fissaggio dell&#8217;attrezzatura, questi moschettoni sono universali e semplificano la tua vita quotidiana e le tue avventure all&#8217;aria aperta.<\/p>\n<\/div>\n<div><strong>Avviso di sicurezza<\/strong><br \/>Si prega di notare che questi <strong>moschettoni leggeri<\/strong> sono progettati esclusivamente per applicazioni non critiche per la sicurezza. NON sono approvati per l&#8217;arrampicata, l&#8217;assicurazione di persone o altre attivit\u00e0 legate alla sicurezza.<\/p>\n<\/div>\n<div><strong>Dettagli tecnici e contenuto della confezione<\/strong><br \/>&#8211; Materiale: alluminio robusto<br \/>&#8211; Dimensioni per moschettone: ca. 5,5 x 3,5 cm<br \/>&#8211; Contenuto della confezione: 3 moschettoni da escursionismo<\/strong><br \/>&#8211; Caratteristiche: Leggero, compatto e resistente<\/p>\n<\/div>\n<div>Equipaggiati subito con questo set essenziale da 3 pezzi e approfitta dell&#8217;organizzazione semplice e sicura di tutta la tua attrezzatura.<\/p>\n<\/div>\n<div><\/div>\n","protected":false},"excerpt":{"rendered":"<p>Trespass LOCK X &#8211; Schl\u00fcsselanh\u00e4nger-Set \u00e0 3 St\u00fcck: Leichte, robuste Aluminium-Karabiner f\u00fcr vielseitige Befestigung und Ordnung bei Outdoor-Abenteuern und Alltag.<\/p>\n","protected":false},"featured_media":163279,"comment_status":"open","ping_status":"closed","template":"","meta":[],"product_brand":[],"product_cat":[38900],"product_tag":[],"class_list":{"0":"post-260861","1":"product","2":"type-product","3":"status-publish","4":"has-post-thumbnail","6":"product_cat-diverses","7":"product_shipping_class-global_methods","9":"first","10":"instock","11":"taxable","12":"shipping-taxable","13":"purchasable","14":"product-type-simple"},"yoast_head":"<!-- This site is optimized with the Yoast SEO plugin v27.4 - https:\/\/yoast.com\/product\/yoast-seo-wordpress\/ -->\n<title>Trespass LOCK X - Schl\u00fcsselanh\u00e4nger-Set \u00e0 3 St\u00fcck<\/title>\n<meta name=\"description\" content=\"3er Set Aluminium Karabiner Entdecken Sie das vielseitige 3er Set Aluminium Karabiner , das in keiner Outdoor-Ausr\u00fcstung fehlen darf. Diese leichten und robuste\" \/>\n<meta name=\"robots\" content=\"index, follow, max-snippet:-1, max-image-preview:large, max-video-preview:-1\" \/>\n<link rel=\"canonical\" href=\"https:\/\/schweizversand.ch\/it\/produkt\/trespass-lock-x-schluesselanhaenger-set-a-3-stueck\/\" \/>\n<meta property=\"og:locale\" content=\"it_IT\" \/>\n<meta property=\"og:type\" content=\"article\" \/>\n<meta property=\"og:title\" content=\"Trespass LOCK X - Schl\u00fcsselanh\u00e4nger-Set \u00e0 3 St\u00fcck\" \/>\n<meta property=\"og:description\" content=\"3er Set Aluminium Karabiner Entdecken Sie das vielseitige 3er Set Aluminium Karabiner , das in keiner Outdoor-Ausr\u00fcstung fehlen darf. Diese leichten und robuste\" \/>\n<meta property=\"og:url\" content=\"https:\/\/schweizversand.ch\/it\/produkt\/trespass-lock-x-schluesselanhaenger-set-a-3-stueck\/\" \/>\n<meta property=\"og:site_name\" content=\"Schweizer Shop f\u00fcr Sport, Spiel und Freizeit\" \/>\n<meta property=\"article:publisher\" content=\"https:\/\/www.facebook.com\/Schweizversand\" \/>\n<meta property=\"article:modified_time\" content=\"2026-04-22T13:36:55+00:00\" \/>\n<meta property=\"og:image\" content=\"https:\/\/schweizversand.ch\/wp-content\/uploads\/2026\/02\/5471510849.jpg\" \/>\n\t<meta property=\"og:image:width\" content=\"1024\" \/>\n\t<meta property=\"og:image:height\" content=\"768\" \/>\n\t<meta property=\"og:image:type\" content=\"image\/jpeg\" \/>\n<meta name=\"twitter:card\" content=\"summary_large_image\" \/>\n<meta name=\"twitter:label1\" content=\"Tempo di lettura stimato\" \/>\n\t<meta name=\"twitter:data1\" content=\"1 minuto\" \/>\n<script type=\"application\/ld+json\" class=\"yoast-schema-graph\">{\"@context\":\"https:\\\/\\\/schema.org\",\"@graph\":[{\"@type\":\"WebPage\",\"@id\":\"https:\\\/\\\/schweizversand.ch\\\/it\\\/produkt\\\/trespass-lock-x-schluesselanhaenger-set-a-3-stueck\\\/\",\"url\":\"https:\\\/\\\/schweizversand.ch\\\/it\\\/produkt\\\/trespass-lock-x-schluesselanhaenger-set-a-3-stueck\\\/\",\"name\":\"Trespass LOCK X - Schl\u00fcsselanh\u00e4nger-Set \u00e0 3 St\u00fcck\",\"isPartOf\":{\"@id\":\"https:\\\/\\\/schweizversand.ch\\\/it\\\/#website\"},\"primaryImageOfPage\":{\"@id\":\"https:\\\/\\\/schweizversand.ch\\\/it\\\/produkt\\\/trespass-lock-x-schluesselanhaenger-set-a-3-stueck\\\/#primaryimage\"},\"image\":{\"@id\":\"https:\\\/\\\/schweizversand.ch\\\/it\\\/produkt\\\/trespass-lock-x-schluesselanhaenger-set-a-3-stueck\\\/#primaryimage\"},\"thumbnailUrl\":\"https:\\\/\\\/schweizversand.ch\\\/wp-content\\\/uploads\\\/2026\\\/02\\\/5471510849.jpg\",\"datePublished\":\"2026-03-14T23:56:42+00:00\",\"dateModified\":\"2026-04-22T13:36:55+00:00\",\"description\":\"3er Set Aluminium Karabiner Entdecken Sie das vielseitige 3er Set Aluminium Karabiner , das in keiner Outdoor-Ausr\u00fcstung fehlen darf. Diese leichten und robuste\",\"breadcrumb\":{\"@id\":\"https:\\\/\\\/schweizversand.ch\\\/it\\\/produkt\\\/trespass-lock-x-schluesselanhaenger-set-a-3-stueck\\\/#breadcrumb\"},\"inLanguage\":\"it-IT\",\"potentialAction\":[{\"@type\":\"ReadAction\",\"target\":[\"https:\\\/\\\/schweizversand.ch\\\/it\\\/produkt\\\/trespass-lock-x-schluesselanhaenger-set-a-3-stueck\\\/\"]}]},{\"@type\":\"ImageObject\",\"inLanguage\":\"it-IT\",\"@id\":\"https:\\\/\\\/schweizversand.ch\\\/it\\\/produkt\\\/trespass-lock-x-schluesselanhaenger-set-a-3-stueck\\\/#primaryimage\",\"url\":\"https:\\\/\\\/schweizversand.ch\\\/wp-content\\\/uploads\\\/2026\\\/02\\\/5471510849.jpg\",\"contentUrl\":\"https:\\\/\\\/schweizversand.ch\\\/wp-content\\\/uploads\\\/2026\\\/02\\\/5471510849.jpg\",\"width\":1024,\"height\":768},{\"@type\":\"BreadcrumbList\",\"@id\":\"https:\\\/\\\/schweizversand.ch\\\/it\\\/produkt\\\/trespass-lock-x-schluesselanhaenger-set-a-3-stueck\\\/#breadcrumb\",\"itemListElement\":[{\"@type\":\"ListItem\",\"position\":1,\"name\":\"Startseite\",\"item\":\"https:\\\/\\\/schweizversand.ch\\\/it\\\/home\\\/\"},{\"@type\":\"ListItem\",\"position\":2,\"name\":\"Shop\",\"item\":\"https:\\\/\\\/schweizversand.ch\\\/it\\\/shop\\\/\"},{\"@type\":\"ListItem\",\"position\":3,\"name\":\"Moda\",\"item\":\"https:\\\/\\\/schweizversand.ch\\\/it\\\/produkt-kategorie\\\/moda\\\/\"},{\"@type\":\"ListItem\",\"position\":4,\"name\":\"Accessori moda\",\"item\":\"https:\\\/\\\/schweizversand.ch\\\/it\\\/produkt-kategorie\\\/moda\\\/accessori-moda\\\/\"},{\"@type\":\"ListItem\",\"position\":5,\"name\":\"Varie\",\"item\":\"https:\\\/\\\/schweizversand.ch\\\/it\\\/produkt-kategorie\\\/moda\\\/accessori-moda\\\/diverses\\\/\"},{\"@type\":\"ListItem\",\"position\":6,\"name\":\"Trespass LOCK X &#8211; Set di 3 portachiavi\"}]},{\"@type\":\"WebSite\",\"@id\":\"https:\\\/\\\/schweizversand.ch\\\/it\\\/#website\",\"url\":\"https:\\\/\\\/schweizversand.ch\\\/it\\\/\",\"name\":\"Schweizer Shop f\u00fcr Sport, Spiel und Freizeit\",\"description\":\"Gratisversand ab 50.- (netto), ab eigenem schweizer Lager, Lieferung innert 48h\",\"publisher\":{\"@id\":\"https:\\\/\\\/schweizversand.ch\\\/it\\\/#organization\"},\"alternateName\":\"Schweizversand.ch\",\"potentialAction\":[{\"@type\":\"SearchAction\",\"target\":{\"@type\":\"EntryPoint\",\"urlTemplate\":\"https:\\\/\\\/schweizversand.ch\\\/it\\\/?s={search_term_string}\"},\"query-input\":{\"@type\":\"PropertyValueSpecification\",\"valueRequired\":true,\"valueName\":\"search_term_string\"}}],\"inLanguage\":\"it-IT\"},{\"@type\":\"Organization\",\"@id\":\"https:\\\/\\\/schweizversand.ch\\\/it\\\/#organization\",\"name\":\"Schweizversand.ch\",\"url\":\"https:\\\/\\\/schweizversand.ch\\\/it\\\/\",\"logo\":{\"@type\":\"ImageObject\",\"inLanguage\":\"it-IT\",\"@id\":\"https:\\\/\\\/schweizversand.ch\\\/it\\\/#\\\/schema\\\/logo\\\/image\\\/\",\"url\":\"https:\\\/\\\/schweizversand.ch\\\/wp-content\\\/uploads\\\/2026\\\/03\\\/Logo_Rund_Final-1.png\",\"contentUrl\":\"https:\\\/\\\/schweizversand.ch\\\/wp-content\\\/uploads\\\/2026\\\/03\\\/Logo_Rund_Final-1.png\",\"width\":404,\"height\":404,\"caption\":\"Schweizversand.ch\"},\"image\":{\"@id\":\"https:\\\/\\\/schweizversand.ch\\\/it\\\/#\\\/schema\\\/logo\\\/image\\\/\"},\"sameAs\":[\"https:\\\/\\\/www.facebook.com\\\/Schweizversand\",\"https:\\\/\\\/www.instagram.com\\\/schweizversand.ch\\\/\"]}]}<\/script>\n<!-- \/ Yoast SEO plugin. -->","yoast_head_json":{"title":"Trespass LOCK X - Schl\u00fcsselanh\u00e4nger-Set \u00e0 3 St\u00fcck","description":"3er Set Aluminium Karabiner Entdecken Sie das vielseitige 3er Set Aluminium Karabiner , das in keiner Outdoor-Ausr\u00fcstung fehlen darf. Diese leichten und robuste","robots":{"index":"index","follow":"follow","max-snippet":"max-snippet:-1","max-image-preview":"max-image-preview:large","max-video-preview":"max-video-preview:-1"},"canonical":"https:\/\/schweizversand.ch\/it\/produkt\/trespass-lock-x-schluesselanhaenger-set-a-3-stueck\/","og_locale":"it_IT","og_type":"article","og_title":"Trespass LOCK X - Schl\u00fcsselanh\u00e4nger-Set \u00e0 3 St\u00fcck","og_description":"3er Set Aluminium Karabiner Entdecken Sie das vielseitige 3er Set Aluminium Karabiner , das in keiner Outdoor-Ausr\u00fcstung fehlen darf. Diese leichten und robuste","og_url":"https:\/\/schweizversand.ch\/it\/produkt\/trespass-lock-x-schluesselanhaenger-set-a-3-stueck\/","og_site_name":"Schweizer Shop f\u00fcr Sport, Spiel und Freizeit","article_publisher":"https:\/\/www.facebook.com\/Schweizversand","article_modified_time":"2026-04-22T13:36:55+00:00","og_image":[{"width":1024,"height":768,"url":"https:\/\/schweizversand.ch\/wp-content\/uploads\/2026\/02\/5471510849.jpg","type":"image\/jpeg"}],"twitter_card":"summary_large_image","twitter_misc":{"Tempo di lettura stimato":"1 minuto"},"schema":{"@context":"https:\/\/schema.org","@graph":[{"@type":"WebPage","@id":"https:\/\/schweizversand.ch\/it\/produkt\/trespass-lock-x-schluesselanhaenger-set-a-3-stueck\/","url":"https:\/\/schweizversand.ch\/it\/produkt\/trespass-lock-x-schluesselanhaenger-set-a-3-stueck\/","name":"Trespass LOCK X - Schl\u00fcsselanh\u00e4nger-Set \u00e0 3 St\u00fcck","isPartOf":{"@id":"https:\/\/schweizversand.ch\/it\/#website"},"primaryImageOfPage":{"@id":"https:\/\/schweizversand.ch\/it\/produkt\/trespass-lock-x-schluesselanhaenger-set-a-3-stueck\/#primaryimage"},"image":{"@id":"https:\/\/schweizversand.ch\/it\/produkt\/trespass-lock-x-schluesselanhaenger-set-a-3-stueck\/#primaryimage"},"thumbnailUrl":"https:\/\/schweizversand.ch\/wp-content\/uploads\/2026\/02\/5471510849.jpg","datePublished":"2026-03-14T23:56:42+00:00","dateModified":"2026-04-22T13:36:55+00:00","description":"3er Set Aluminium Karabiner Entdecken Sie das vielseitige 3er Set Aluminium Karabiner , das in keiner Outdoor-Ausr\u00fcstung fehlen darf. Diese leichten und robuste","breadcrumb":{"@id":"https:\/\/schweizversand.ch\/it\/produkt\/trespass-lock-x-schluesselanhaenger-set-a-3-stueck\/#breadcrumb"},"inLanguage":"it-IT","potentialAction":[{"@type":"ReadAction","target":["https:\/\/schweizversand.ch\/it\/produkt\/trespass-lock-x-schluesselanhaenger-set-a-3-stueck\/"]}]},{"@type":"ImageObject","inLanguage":"it-IT","@id":"https:\/\/schweizversand.ch\/it\/produkt\/trespass-lock-x-schluesselanhaenger-set-a-3-stueck\/#primaryimage","url":"https:\/\/schweizversand.ch\/wp-content\/uploads\/2026\/02\/5471510849.jpg","contentUrl":"https:\/\/schweizversand.ch\/wp-content\/uploads\/2026\/02\/5471510849.jpg","width":1024,"height":768},{"@type":"BreadcrumbList","@id":"https:\/\/schweizversand.ch\/it\/produkt\/trespass-lock-x-schluesselanhaenger-set-a-3-stueck\/#breadcrumb","itemListElement":[{"@type":"ListItem","position":1,"name":"Startseite","item":"https:\/\/schweizversand.ch\/it\/home\/"},{"@type":"ListItem","position":2,"name":"Shop","item":"https:\/\/schweizversand.ch\/it\/shop\/"},{"@type":"ListItem","position":3,"name":"Moda","item":"https:\/\/schweizversand.ch\/it\/produkt-kategorie\/moda\/"},{"@type":"ListItem","position":4,"name":"Accessori moda","item":"https:\/\/schweizversand.ch\/it\/produkt-kategorie\/moda\/accessori-moda\/"},{"@type":"ListItem","position":5,"name":"Varie","item":"https:\/\/schweizversand.ch\/it\/produkt-kategorie\/moda\/accessori-moda\/diverses\/"},{"@type":"ListItem","position":6,"name":"Trespass LOCK X &#8211; Set di 3 portachiavi"}]},{"@type":"WebSite","@id":"https:\/\/schweizversand.ch\/it\/#website","url":"https:\/\/schweizversand.ch\/it\/","name":"Schweizer Shop f\u00fcr Sport, Spiel und Freizeit","description":"Gratisversand ab 50.- (netto), ab eigenem schweizer Lager, Lieferung innert 48h","publisher":{"@id":"https:\/\/schweizversand.ch\/it\/#organization"},"alternateName":"Schweizversand.ch","potentialAction":[{"@type":"SearchAction","target":{"@type":"EntryPoint","urlTemplate":"https:\/\/schweizversand.ch\/it\/?s={search_term_string}"},"query-input":{"@type":"PropertyValueSpecification","valueRequired":true,"valueName":"search_term_string"}}],"inLanguage":"it-IT"},{"@type":"Organization","@id":"https:\/\/schweizversand.ch\/it\/#organization","name":"Schweizversand.ch","url":"https:\/\/schweizversand.ch\/it\/","logo":{"@type":"ImageObject","inLanguage":"it-IT","@id":"https:\/\/schweizversand.ch\/it\/#\/schema\/logo\/image\/","url":"https:\/\/schweizversand.ch\/wp-content\/uploads\/2026\/03\/Logo_Rund_Final-1.png","contentUrl":"https:\/\/schweizversand.ch\/wp-content\/uploads\/2026\/03\/Logo_Rund_Final-1.png","width":404,"height":404,"caption":"Schweizversand.ch"},"image":{"@id":"https:\/\/schweizversand.ch\/it\/#\/schema\/logo\/image\/"},"sameAs":["https:\/\/www.facebook.com\/Schweizversand","https:\/\/www.instagram.com\/schweizversand.ch\/"]}]}},"jetpack_sharing_enabled":true,"_links":{"self":[{"href":"https:\/\/schweizversand.ch\/it\/wp-json\/wp\/v2\/product\/260861","targetHints":{"allow":["GET"]}}],"collection":[{"href":"https:\/\/schweizversand.ch\/it\/wp-json\/wp\/v2\/product"}],"about":[{"href":"https:\/\/schweizversand.ch\/it\/wp-json\/wp\/v2\/types\/product"}],"replies":[{"embeddable":true,"href":"https:\/\/schweizversand.ch\/it\/wp-json\/wp\/v2\/comments?post=260861"}],"wp:featuredmedia":[{"embeddable":true,"href":"https:\/\/schweizversand.ch\/it\/wp-json\/wp\/v2\/media\/163279"}],"wp:attachment":[{"href":"https:\/\/schweizversand.ch\/it\/wp-json\/wp\/v2\/media?parent=260861"}],"wp:term":[{"taxonomy":"product_brand","embeddable":true,"href":"https:\/\/schweizversand.ch\/it\/wp-json\/wp\/v2\/product_brand?post=260861"},{"taxonomy":"product_cat","embeddable":true,"href":"https:\/\/schweizversand.ch\/it\/wp-json\/wp\/v2\/product_cat?post=260861"},{"taxonomy":"product_tag","embeddable":true,"href":"https:\/\/schweizversand.ch\/it\/wp-json\/wp\/v2\/product_tag?post=260861"}],"curies":[{"name":"wp","href":"https:\/\/api.w.org\/{rel}","templated":true}]}}