{"id":260867,"date":"2026-03-20T02:01:10","date_gmt":"2026-03-20T01:01:10","guid":{"rendered":"https:\/\/schweizversand.ch\/produkt\/trespass-handwarmers-x-1-paar-handwaermer\/"},"modified":"2026-04-11T09:46:26","modified_gmt":"2026-04-11T07:46:26","slug":"trespass-handwarmers-x-1-paar-handwaermer","status":"publish","type":"product","link":"https:\/\/schweizversand.ch\/it\/produkt\/trespass-handwarmers-x-1-paar-handwaermer\/","title":{"rendered":"Trespass HANDWARMERS X &#8211; Scaldamani tascabili"},"content":{"rendered":"<h1><strong>Scaldamani X &#8211; Scaldamani tascabili<\/strong><\/h1>\n<div>Di&#8217; addio alle mani fredde quest&#8217;inverno! Gli scaldamani tascabili HANDWARMERS X sono l&#8217;accessorio invernale per eccellenza, che mantiene le tue mani calde in modo affidabile. Questi fantastici scaldamani riutilizzabili offrono calore istantaneo ogni volta che ne hai bisogno.<\/p>\n<\/div>\n<div><strong>Calore istantaneo e duraturo<\/strong><br \/>Non lasciarti abbattere dal freddo quest&#8217;inverno. Questi potenti scaldamani si riscaldano all&#8217;istante, regalandoti un&#8217;attesa senza freddo. Goditi fino a 8 ore di calore per utilizzo: ideali per lunghe passeggiate, sciare o visitare i mercatini di Natale. Sicurezza e riutilizzabilit\u00e0: progettati come scaldamani istantanei, gli scaldamani HANDWARMERS X sono completamente sicuri da usare. Sono atossici e non infiammabili, il che li rende la scelta perfetta per tutta la famiglia. Grazie alla loro riutilizzabilit\u00e0, rappresentano anche una soluzione ecologica ed economica.<\/p>\n<\/div>\n<div><strong>Confezione e caratteristiche<\/strong><br \/>&#8211; Contiene 2 scaldamani (un paio)<br \/>&#8211; Fornisce fino a 8 ore di calore<br \/>&#8211; Non tossico e sicuro da usare<br \/>&#8211; Non infiammabile<br \/>&#8211; Ideale come <strong>scaldamani tascabili<\/strong> per quando si \u00e8 in viaggio<\/p>\n<\/div>\n<div>Assicurati oggi stesso questo <strong>accessorio invernale<\/strong> essenziale per tenere le mani al caldo, indipendentemente da quanto scendano le temperature.<\/p>\n<\/div>\n<div><\/div>\n","protected":false},"excerpt":{"rendered":"<p>Trespass HANDWARMERS X halten Ihre H\u00e4nde bis zu 8 Stunden sicher und wiederverwendbar warm \u2013 der perfekte Begleiter f\u00fcr kalte Wintertage und Outdoor-Aktivit\u00e4ten.<\/p>\n","protected":false},"featured_media":163313,"comment_status":"open","ping_status":"closed","template":"","meta":[],"product_brand":[],"product_cat":[38378],"product_tag":[],"class_list":{"0":"post-260867","1":"product","2":"type-product","3":"status-publish","4":"has-post-thumbnail","6":"product_cat-outdoorausruestung","7":"product_shipping_class-global_methods","9":"first","10":"instock","11":"taxable","12":"shipping-taxable","13":"purchasable","14":"product-type-simple"},"yoast_head":"<!-- This site is optimized with the Yoast SEO plugin v27.3 - https:\/\/yoast.com\/product\/yoast-seo-wordpress\/ -->\n<title>Trespass HANDWARMERS X - Taschenw\u00e4rmer<\/title>\n<meta name=\"description\" content=\"HANDWARMERS X - Taschenw\u00e4rmer Verabschieden Sie sich von kalten H\u00e4nden in der Winterzeit! Die HANDWARMERS X Taschenw\u00e4rmer sind das ultimative Winter Zubeh\u00f6r , d\" \/>\n<meta name=\"robots\" content=\"index, follow, max-snippet:-1, max-image-preview:large, max-video-preview:-1\" \/>\n<link rel=\"canonical\" href=\"https:\/\/schweizversand.ch\/it\/produkt\/trespass-handwarmers-x-1-paar-handwaermer\/\" \/>\n<meta property=\"og:locale\" content=\"it_IT\" \/>\n<meta property=\"og:type\" content=\"article\" \/>\n<meta property=\"og:title\" content=\"Trespass HANDWARMERS X - Taschenw\u00e4rmer\" \/>\n<meta property=\"og:description\" content=\"HANDWARMERS X - Taschenw\u00e4rmer Verabschieden Sie sich von kalten H\u00e4nden in der Winterzeit! Die HANDWARMERS X Taschenw\u00e4rmer sind das ultimative Winter Zubeh\u00f6r , d\" \/>\n<meta property=\"og:url\" content=\"https:\/\/schweizversand.ch\/it\/produkt\/trespass-handwarmers-x-1-paar-handwaermer\/\" \/>\n<meta property=\"og:site_name\" content=\"Schweizer Shop f\u00fcr Sport, Spiel und Freizeit\" \/>\n<meta property=\"article:publisher\" content=\"https:\/\/www.facebook.com\/Schweizversand\" \/>\n<meta property=\"article:modified_time\" content=\"2026-04-11T07:46:26+00:00\" \/>\n<meta property=\"og:image\" content=\"https:\/\/schweizversand.ch\/wp-content\/uploads\/2026\/02\/5471499636.jpg\" \/>\n\t<meta property=\"og:image:width\" content=\"985\" \/>\n\t<meta property=\"og:image:height\" content=\"1024\" \/>\n\t<meta property=\"og:image:type\" content=\"image\/jpeg\" \/>\n<meta name=\"twitter:card\" content=\"summary_large_image\" \/>\n<meta name=\"twitter:label1\" content=\"Tempo di lettura stimato\" \/>\n\t<meta name=\"twitter:data1\" content=\"1 minuto\" \/>\n<script type=\"application\/ld+json\" class=\"yoast-schema-graph\">{\"@context\":\"https:\\\/\\\/schema.org\",\"@graph\":[{\"@type\":\"WebPage\",\"@id\":\"https:\\\/\\\/schweizversand.ch\\\/it\\\/produkt\\\/trespass-handwarmers-x-1-paar-handwaermer\\\/\",\"url\":\"https:\\\/\\\/schweizversand.ch\\\/it\\\/produkt\\\/trespass-handwarmers-x-1-paar-handwaermer\\\/\",\"name\":\"Trespass HANDWARMERS X - Taschenw\u00e4rmer\",\"isPartOf\":{\"@id\":\"https:\\\/\\\/schweizversand.ch\\\/it\\\/#website\"},\"primaryImageOfPage\":{\"@id\":\"https:\\\/\\\/schweizversand.ch\\\/it\\\/produkt\\\/trespass-handwarmers-x-1-paar-handwaermer\\\/#primaryimage\"},\"image\":{\"@id\":\"https:\\\/\\\/schweizversand.ch\\\/it\\\/produkt\\\/trespass-handwarmers-x-1-paar-handwaermer\\\/#primaryimage\"},\"thumbnailUrl\":\"https:\\\/\\\/schweizversand.ch\\\/wp-content\\\/uploads\\\/2026\\\/02\\\/5471499636.jpg\",\"datePublished\":\"2026-03-20T01:01:10+00:00\",\"dateModified\":\"2026-04-11T07:46:26+00:00\",\"description\":\"HANDWARMERS X - Taschenw\u00e4rmer Verabschieden Sie sich von kalten H\u00e4nden in der Winterzeit! Die HANDWARMERS X Taschenw\u00e4rmer sind das ultimative Winter Zubeh\u00f6r , d\",\"breadcrumb\":{\"@id\":\"https:\\\/\\\/schweizversand.ch\\\/it\\\/produkt\\\/trespass-handwarmers-x-1-paar-handwaermer\\\/#breadcrumb\"},\"inLanguage\":\"it-IT\",\"potentialAction\":[{\"@type\":\"ReadAction\",\"target\":[\"https:\\\/\\\/schweizversand.ch\\\/it\\\/produkt\\\/trespass-handwarmers-x-1-paar-handwaermer\\\/\"]}]},{\"@type\":\"ImageObject\",\"inLanguage\":\"it-IT\",\"@id\":\"https:\\\/\\\/schweizversand.ch\\\/it\\\/produkt\\\/trespass-handwarmers-x-1-paar-handwaermer\\\/#primaryimage\",\"url\":\"https:\\\/\\\/schweizversand.ch\\\/wp-content\\\/uploads\\\/2026\\\/02\\\/5471499636.jpg\",\"contentUrl\":\"https:\\\/\\\/schweizversand.ch\\\/wp-content\\\/uploads\\\/2026\\\/02\\\/5471499636.jpg\",\"width\":985,\"height\":1024},{\"@type\":\"BreadcrumbList\",\"@id\":\"https:\\\/\\\/schweizversand.ch\\\/it\\\/produkt\\\/trespass-handwarmers-x-1-paar-handwaermer\\\/#breadcrumb\",\"itemListElement\":[{\"@type\":\"ListItem\",\"position\":1,\"name\":\"Startseite\",\"item\":\"https:\\\/\\\/schweizversand.ch\\\/it\\\/\"},{\"@type\":\"ListItem\",\"position\":2,\"name\":\"Shop\",\"item\":\"https:\\\/\\\/schweizversand.ch\\\/it\\\/shop\\\/\"},{\"@type\":\"ListItem\",\"position\":3,\"name\":\"Trespass HANDWARMERS X &#8211; Scaldamani tascabili\"}]},{\"@type\":\"WebSite\",\"@id\":\"https:\\\/\\\/schweizversand.ch\\\/it\\\/#website\",\"url\":\"https:\\\/\\\/schweizversand.ch\\\/it\\\/\",\"name\":\"Schweizer Shop f\u00fcr Sport, Spiel und Freizeit\",\"description\":\"Gratisversand ab 50.- (netto), ab eigenem schweizer Lager, Lieferung innert 48h\",\"publisher\":{\"@id\":\"https:\\\/\\\/schweizversand.ch\\\/it\\\/#organization\"},\"alternateName\":\"Schweizversand.ch\",\"potentialAction\":[{\"@type\":\"SearchAction\",\"target\":{\"@type\":\"EntryPoint\",\"urlTemplate\":\"https:\\\/\\\/schweizversand.ch\\\/it\\\/?s={search_term_string}\"},\"query-input\":{\"@type\":\"PropertyValueSpecification\",\"valueRequired\":true,\"valueName\":\"search_term_string\"}}],\"inLanguage\":\"it-IT\"},{\"@type\":\"Organization\",\"@id\":\"https:\\\/\\\/schweizversand.ch\\\/it\\\/#organization\",\"name\":\"Schweizversand.ch\",\"url\":\"https:\\\/\\\/schweizversand.ch\\\/it\\\/\",\"logo\":{\"@type\":\"ImageObject\",\"inLanguage\":\"it-IT\",\"@id\":\"https:\\\/\\\/schweizversand.ch\\\/it\\\/#\\\/schema\\\/logo\\\/image\\\/\",\"url\":\"https:\\\/\\\/schweizversand.ch\\\/wp-content\\\/uploads\\\/2026\\\/03\\\/Logo_Rund_Final-1.png\",\"contentUrl\":\"https:\\\/\\\/schweizversand.ch\\\/wp-content\\\/uploads\\\/2026\\\/03\\\/Logo_Rund_Final-1.png\",\"width\":404,\"height\":404,\"caption\":\"Schweizversand.ch\"},\"image\":{\"@id\":\"https:\\\/\\\/schweizversand.ch\\\/it\\\/#\\\/schema\\\/logo\\\/image\\\/\"},\"sameAs\":[\"https:\\\/\\\/www.facebook.com\\\/Schweizversand\",\"https:\\\/\\\/www.instagram.com\\\/schweizversand.ch\\\/\"]}]}<\/script>\n<!-- \/ Yoast SEO plugin. -->","yoast_head_json":{"title":"Trespass HANDWARMERS X - Taschenw\u00e4rmer","description":"HANDWARMERS X - Taschenw\u00e4rmer Verabschieden Sie sich von kalten H\u00e4nden in der Winterzeit! Die HANDWARMERS X Taschenw\u00e4rmer sind das ultimative Winter Zubeh\u00f6r , d","robots":{"index":"index","follow":"follow","max-snippet":"max-snippet:-1","max-image-preview":"max-image-preview:large","max-video-preview":"max-video-preview:-1"},"canonical":"https:\/\/schweizversand.ch\/it\/produkt\/trespass-handwarmers-x-1-paar-handwaermer\/","og_locale":"it_IT","og_type":"article","og_title":"Trespass HANDWARMERS X - Taschenw\u00e4rmer","og_description":"HANDWARMERS X - Taschenw\u00e4rmer Verabschieden Sie sich von kalten H\u00e4nden in der Winterzeit! Die HANDWARMERS X Taschenw\u00e4rmer sind das ultimative Winter Zubeh\u00f6r , d","og_url":"https:\/\/schweizversand.ch\/it\/produkt\/trespass-handwarmers-x-1-paar-handwaermer\/","og_site_name":"Schweizer Shop f\u00fcr Sport, Spiel und Freizeit","article_publisher":"https:\/\/www.facebook.com\/Schweizversand","article_modified_time":"2026-04-11T07:46:26+00:00","og_image":[{"width":985,"height":1024,"url":"https:\/\/schweizversand.ch\/wp-content\/uploads\/2026\/02\/5471499636.jpg","type":"image\/jpeg"}],"twitter_card":"summary_large_image","twitter_misc":{"Tempo di lettura stimato":"1 minuto"},"schema":{"@context":"https:\/\/schema.org","@graph":[{"@type":"WebPage","@id":"https:\/\/schweizversand.ch\/it\/produkt\/trespass-handwarmers-x-1-paar-handwaermer\/","url":"https:\/\/schweizversand.ch\/it\/produkt\/trespass-handwarmers-x-1-paar-handwaermer\/","name":"Trespass HANDWARMERS X - Taschenw\u00e4rmer","isPartOf":{"@id":"https:\/\/schweizversand.ch\/it\/#website"},"primaryImageOfPage":{"@id":"https:\/\/schweizversand.ch\/it\/produkt\/trespass-handwarmers-x-1-paar-handwaermer\/#primaryimage"},"image":{"@id":"https:\/\/schweizversand.ch\/it\/produkt\/trespass-handwarmers-x-1-paar-handwaermer\/#primaryimage"},"thumbnailUrl":"https:\/\/schweizversand.ch\/wp-content\/uploads\/2026\/02\/5471499636.jpg","datePublished":"2026-03-20T01:01:10+00:00","dateModified":"2026-04-11T07:46:26+00:00","description":"HANDWARMERS X - Taschenw\u00e4rmer Verabschieden Sie sich von kalten H\u00e4nden in der Winterzeit! Die HANDWARMERS X Taschenw\u00e4rmer sind das ultimative Winter Zubeh\u00f6r , d","breadcrumb":{"@id":"https:\/\/schweizversand.ch\/it\/produkt\/trespass-handwarmers-x-1-paar-handwaermer\/#breadcrumb"},"inLanguage":"it-IT","potentialAction":[{"@type":"ReadAction","target":["https:\/\/schweizversand.ch\/it\/produkt\/trespass-handwarmers-x-1-paar-handwaermer\/"]}]},{"@type":"ImageObject","inLanguage":"it-IT","@id":"https:\/\/schweizversand.ch\/it\/produkt\/trespass-handwarmers-x-1-paar-handwaermer\/#primaryimage","url":"https:\/\/schweizversand.ch\/wp-content\/uploads\/2026\/02\/5471499636.jpg","contentUrl":"https:\/\/schweizversand.ch\/wp-content\/uploads\/2026\/02\/5471499636.jpg","width":985,"height":1024},{"@type":"BreadcrumbList","@id":"https:\/\/schweizversand.ch\/it\/produkt\/trespass-handwarmers-x-1-paar-handwaermer\/#breadcrumb","itemListElement":[{"@type":"ListItem","position":1,"name":"Startseite","item":"https:\/\/schweizversand.ch\/it\/"},{"@type":"ListItem","position":2,"name":"Shop","item":"https:\/\/schweizversand.ch\/it\/shop\/"},{"@type":"ListItem","position":3,"name":"Trespass HANDWARMERS X &#8211; Scaldamani tascabili"}]},{"@type":"WebSite","@id":"https:\/\/schweizversand.ch\/it\/#website","url":"https:\/\/schweizversand.ch\/it\/","name":"Schweizer Shop f\u00fcr Sport, Spiel und Freizeit","description":"Gratisversand ab 50.- (netto), ab eigenem schweizer Lager, Lieferung innert 48h","publisher":{"@id":"https:\/\/schweizversand.ch\/it\/#organization"},"alternateName":"Schweizversand.ch","potentialAction":[{"@type":"SearchAction","target":{"@type":"EntryPoint","urlTemplate":"https:\/\/schweizversand.ch\/it\/?s={search_term_string}"},"query-input":{"@type":"PropertyValueSpecification","valueRequired":true,"valueName":"search_term_string"}}],"inLanguage":"it-IT"},{"@type":"Organization","@id":"https:\/\/schweizversand.ch\/it\/#organization","name":"Schweizversand.ch","url":"https:\/\/schweizversand.ch\/it\/","logo":{"@type":"ImageObject","inLanguage":"it-IT","@id":"https:\/\/schweizversand.ch\/it\/#\/schema\/logo\/image\/","url":"https:\/\/schweizversand.ch\/wp-content\/uploads\/2026\/03\/Logo_Rund_Final-1.png","contentUrl":"https:\/\/schweizversand.ch\/wp-content\/uploads\/2026\/03\/Logo_Rund_Final-1.png","width":404,"height":404,"caption":"Schweizversand.ch"},"image":{"@id":"https:\/\/schweizversand.ch\/it\/#\/schema\/logo\/image\/"},"sameAs":["https:\/\/www.facebook.com\/Schweizversand","https:\/\/www.instagram.com\/schweizversand.ch\/"]}]}},"jetpack_sharing_enabled":true,"_links":{"self":[{"href":"https:\/\/schweizversand.ch\/it\/wp-json\/wp\/v2\/product\/260867","targetHints":{"allow":["GET"]}}],"collection":[{"href":"https:\/\/schweizversand.ch\/it\/wp-json\/wp\/v2\/product"}],"about":[{"href":"https:\/\/schweizversand.ch\/it\/wp-json\/wp\/v2\/types\/product"}],"replies":[{"embeddable":true,"href":"https:\/\/schweizversand.ch\/it\/wp-json\/wp\/v2\/comments?post=260867"}],"wp:featuredmedia":[{"embeddable":true,"href":"https:\/\/schweizversand.ch\/it\/wp-json\/wp\/v2\/media\/163313"}],"wp:attachment":[{"href":"https:\/\/schweizversand.ch\/it\/wp-json\/wp\/v2\/media?parent=260867"}],"wp:term":[{"taxonomy":"product_brand","embeddable":true,"href":"https:\/\/schweizversand.ch\/it\/wp-json\/wp\/v2\/product_brand?post=260867"},{"taxonomy":"product_cat","embeddable":true,"href":"https:\/\/schweizversand.ch\/it\/wp-json\/wp\/v2\/product_cat?post=260867"},{"taxonomy":"product_tag","embeddable":true,"href":"https:\/\/schweizversand.ch\/it\/wp-json\/wp\/v2\/product_tag?post=260867"}],"curies":[{"name":"wp","href":"https:\/\/api.w.org\/{rel}","templated":true}]}}