{"id":260870,"date":"2026-03-20T02:01:10","date_gmt":"2026-03-20T01:01:10","guid":{"rendered":"https:\/\/schweizversand.ch\/produkt\/trespass-paddle-unisex-wasserschuhe-2\/"},"modified":"2026-04-12T15:36:12","modified_gmt":"2026-04-12T13:36:12","slug":"trespass-paddle-unisex-wasserschuhe-2","status":"publish","type":"product","link":"https:\/\/schweizversand.ch\/it\/produkt\/trespass-paddle-unisex-wasserschuhe-2\/","title":{"rendered":"Trespass PADDLE &#8211; Scarpe da acqua unisex"},"content":{"rendered":"<h1><strong>Scarpe da acqua Paddle per donna e uomo<\/strong><\/h1>\n<div>Scopri le compagne ideali per tutte le tue attivit\u00e0 acquatiche! Le scarpe da acqua Paddle combinano comfort, sicurezza e propriet\u00e0 di asciugatura rapida in un design elegante. Queste scarpe da acqua sono perfette per chi ama l&#8217;acqua e desidera proteggere i propri piedi in modo ottimale.<\/p>\n<\/div>\n<div><strong>Design e comfort<\/strong><br \/>Il pratico design slip-on consente di indossarle e toglierle senza sforzo, il che \u00e8 particolarmente vantaggioso quando ci si sposta tra terra e acqua. Grazie al mesh traspirante e al tessuto elasticizzato, i piedi rimangono ventilati e le scarpe si asciugano estremamente rapidamente: ideali per lunghe giornate in spiaggia o in barca.<\/p>\n<\/div>\n<div><strong>Sicurezza e funzionalit\u00e0<\/strong><br \/>Queste scarpe da acqua sono state progettate per offrirti la massima sicurezza. La chiusura con coulisse integrata garantisce una calzata sicura e impedisce in modo affidabile che le scarpe scivolino in acqua. La suola antiscivolo offre un&#8217;eccellente trazione, anche su superfici bagnate e scivolose. Questo riduce al minimo il rischio di cadute, sia in kayak che su terreni rocciosi. Usi versatili: le scarpe da spiaggia Paddle sono la scelta perfetta per una vasta gamma di sport acquatici e attivit\u00e0 ricreative. Usale come scarpe da surf, per lo stand-up paddle, lo snorkeling o semplicemente come comode calze da acqua a bordo piscina.<\/p>\n<\/div>\n<div><strong>Caratteristiche del prodotto in sintesi<\/strong><br \/>&#8211; Design slip-on leggero per una facile maneggevolezza<br \/>&#8211; Chiusura con coulisse sicura per una vestibilit\u00e0 ottimale<br \/>&#8211; Materiale in rete traspirante e ad asciugatura rapida<br \/>&#8211; Suola antiscivolo per la massima trazione su superfici bagnate<br \/>&#8211; Classico design nero, versatile e facile da abbinare<\/p>\n<\/div>\n<div>Acquista subito queste funzionali scarpe da acqua e goditi il \u200b\u200bmassimo comfort e protezione nelle tue prossime avventure dentro e intorno all&#8217;acqua.<\/p>\n<\/div>\n<div><\/div>\n","protected":false},"excerpt":{"rendered":"<p>Trespass PADDLE &#8211; Unisex Wasserschuhe bieten schnellen Sitz, Atmungsaktivit\u00e4t und sicheren Halt f\u00fcr maximalen Komfort bei allen Wasserabenteuern.<\/p>\n","protected":false},"featured_media":258368,"comment_status":"open","ping_status":"closed","template":"","meta":[],"product_brand":[],"product_cat":[39059],"product_tag":[],"class_list":{"0":"post-260870","1":"product","2":"type-product","3":"status-publish","4":"has-post-thumbnail","6":"product_cat-varie","7":"product_shipping_class-global_methods","9":"first","10":"instock","11":"taxable","12":"shipping-taxable","13":"purchasable","14":"product-type-simple"},"yoast_head":"<!-- This site is optimized with the Yoast SEO plugin v27.3 - https:\/\/yoast.com\/product\/yoast-seo-wordpress\/ -->\n<title>Trespass PADDLE - Unisex Wasserschuhe<\/title>\n<meta name=\"description\" content=\"Paddle Aquaschuhe f\u00fcr Damen und Herren Entdecken Sie die idealen Begleiter f\u00fcr alle Ihre Wasseraktivit\u00e4ten! Die Paddle Aquaschuhe vereinen Komfort, Sicherheit u\" \/>\n<meta name=\"robots\" content=\"index, follow, max-snippet:-1, max-image-preview:large, max-video-preview:-1\" \/>\n<link rel=\"canonical\" href=\"https:\/\/schweizversand.ch\/it\/produkt\/trespass-paddle-unisex-wasserschuhe-2\/\" \/>\n<meta property=\"og:locale\" content=\"it_IT\" \/>\n<meta property=\"og:type\" content=\"article\" \/>\n<meta property=\"og:title\" content=\"Trespass PADDLE - Unisex Wasserschuhe\" \/>\n<meta property=\"og:description\" content=\"Paddle Aquaschuhe f\u00fcr Damen und Herren Entdecken Sie die idealen Begleiter f\u00fcr alle Ihre Wasseraktivit\u00e4ten! Die Paddle Aquaschuhe vereinen Komfort, Sicherheit u\" \/>\n<meta property=\"og:url\" content=\"https:\/\/schweizversand.ch\/it\/produkt\/trespass-paddle-unisex-wasserschuhe-2\/\" \/>\n<meta property=\"og:site_name\" content=\"Schweizer Shop f\u00fcr Sport, Spiel und Freizeit\" \/>\n<meta property=\"article:publisher\" content=\"https:\/\/www.facebook.com\/Schweizversand\" \/>\n<meta property=\"article:modified_time\" content=\"2026-04-12T13:36:12+00:00\" \/>\n<meta property=\"og:image\" content=\"https:\/\/schweizversand.ch\/wp-content\/uploads\/2026\/03\/5471483711.jpg\" \/>\n\t<meta property=\"og:image:width\" content=\"1024\" \/>\n\t<meta property=\"og:image:height\" content=\"1024\" \/>\n\t<meta property=\"og:image:type\" content=\"image\/jpeg\" \/>\n<meta name=\"twitter:card\" content=\"summary_large_image\" \/>\n<meta name=\"twitter:label1\" content=\"Tempo di lettura stimato\" \/>\n\t<meta name=\"twitter:data1\" content=\"1 minuto\" \/>\n<script type=\"application\/ld+json\" class=\"yoast-schema-graph\">{\"@context\":\"https:\\\/\\\/schema.org\",\"@graph\":[{\"@type\":\"WebPage\",\"@id\":\"https:\\\/\\\/schweizversand.ch\\\/it\\\/produkt\\\/trespass-paddle-unisex-wasserschuhe-2\\\/\",\"url\":\"https:\\\/\\\/schweizversand.ch\\\/it\\\/produkt\\\/trespass-paddle-unisex-wasserschuhe-2\\\/\",\"name\":\"Trespass PADDLE - Unisex Wasserschuhe\",\"isPartOf\":{\"@id\":\"https:\\\/\\\/schweizversand.ch\\\/it\\\/#website\"},\"primaryImageOfPage\":{\"@id\":\"https:\\\/\\\/schweizversand.ch\\\/it\\\/produkt\\\/trespass-paddle-unisex-wasserschuhe-2\\\/#primaryimage\"},\"image\":{\"@id\":\"https:\\\/\\\/schweizversand.ch\\\/it\\\/produkt\\\/trespass-paddle-unisex-wasserschuhe-2\\\/#primaryimage\"},\"thumbnailUrl\":\"https:\\\/\\\/schweizversand.ch\\\/wp-content\\\/uploads\\\/2026\\\/03\\\/5471483711.jpg\",\"datePublished\":\"2026-03-20T01:01:10+00:00\",\"dateModified\":\"2026-04-12T13:36:12+00:00\",\"description\":\"Paddle Aquaschuhe f\u00fcr Damen und Herren Entdecken Sie die idealen Begleiter f\u00fcr alle Ihre Wasseraktivit\u00e4ten! Die Paddle Aquaschuhe vereinen Komfort, Sicherheit u\",\"breadcrumb\":{\"@id\":\"https:\\\/\\\/schweizversand.ch\\\/it\\\/produkt\\\/trespass-paddle-unisex-wasserschuhe-2\\\/#breadcrumb\"},\"inLanguage\":\"it-IT\",\"potentialAction\":[{\"@type\":\"ReadAction\",\"target\":[\"https:\\\/\\\/schweizversand.ch\\\/it\\\/produkt\\\/trespass-paddle-unisex-wasserschuhe-2\\\/\"]}]},{\"@type\":\"ImageObject\",\"inLanguage\":\"it-IT\",\"@id\":\"https:\\\/\\\/schweizversand.ch\\\/it\\\/produkt\\\/trespass-paddle-unisex-wasserschuhe-2\\\/#primaryimage\",\"url\":\"https:\\\/\\\/schweizversand.ch\\\/wp-content\\\/uploads\\\/2026\\\/03\\\/5471483711.jpg\",\"contentUrl\":\"https:\\\/\\\/schweizversand.ch\\\/wp-content\\\/uploads\\\/2026\\\/03\\\/5471483711.jpg\",\"width\":1024,\"height\":1024},{\"@type\":\"BreadcrumbList\",\"@id\":\"https:\\\/\\\/schweizversand.ch\\\/it\\\/produkt\\\/trespass-paddle-unisex-wasserschuhe-2\\\/#breadcrumb\",\"itemListElement\":[{\"@type\":\"ListItem\",\"position\":1,\"name\":\"Startseite\",\"item\":\"https:\\\/\\\/schweizversand.ch\\\/it\\\/\"},{\"@type\":\"ListItem\",\"position\":2,\"name\":\"Shop\",\"item\":\"https:\\\/\\\/schweizversand.ch\\\/it\\\/shop\\\/\"},{\"@type\":\"ListItem\",\"position\":3,\"name\":\"Trespass PADDLE &#8211; Scarpe da acqua unisex\"}]},{\"@type\":\"WebSite\",\"@id\":\"https:\\\/\\\/schweizversand.ch\\\/it\\\/#website\",\"url\":\"https:\\\/\\\/schweizversand.ch\\\/it\\\/\",\"name\":\"Schweizer Shop f\u00fcr Sport, Spiel und Freizeit\",\"description\":\"Gratisversand ab 50.- (netto), ab eigenem schweizer Lager, Lieferung innert 48h\",\"publisher\":{\"@id\":\"https:\\\/\\\/schweizversand.ch\\\/it\\\/#organization\"},\"alternateName\":\"Schweizversand.ch\",\"potentialAction\":[{\"@type\":\"SearchAction\",\"target\":{\"@type\":\"EntryPoint\",\"urlTemplate\":\"https:\\\/\\\/schweizversand.ch\\\/it\\\/?s={search_term_string}\"},\"query-input\":{\"@type\":\"PropertyValueSpecification\",\"valueRequired\":true,\"valueName\":\"search_term_string\"}}],\"inLanguage\":\"it-IT\"},{\"@type\":\"Organization\",\"@id\":\"https:\\\/\\\/schweizversand.ch\\\/it\\\/#organization\",\"name\":\"Schweizversand.ch\",\"url\":\"https:\\\/\\\/schweizversand.ch\\\/it\\\/\",\"logo\":{\"@type\":\"ImageObject\",\"inLanguage\":\"it-IT\",\"@id\":\"https:\\\/\\\/schweizversand.ch\\\/it\\\/#\\\/schema\\\/logo\\\/image\\\/\",\"url\":\"https:\\\/\\\/schweizversand.ch\\\/wp-content\\\/uploads\\\/2026\\\/03\\\/Logo_Rund_Final-1.png\",\"contentUrl\":\"https:\\\/\\\/schweizversand.ch\\\/wp-content\\\/uploads\\\/2026\\\/03\\\/Logo_Rund_Final-1.png\",\"width\":404,\"height\":404,\"caption\":\"Schweizversand.ch\"},\"image\":{\"@id\":\"https:\\\/\\\/schweizversand.ch\\\/it\\\/#\\\/schema\\\/logo\\\/image\\\/\"},\"sameAs\":[\"https:\\\/\\\/www.facebook.com\\\/Schweizversand\",\"https:\\\/\\\/www.instagram.com\\\/schweizversand.ch\\\/\"]}]}<\/script>\n<!-- \/ Yoast SEO plugin. -->","yoast_head_json":{"title":"Trespass PADDLE - Unisex Wasserschuhe","description":"Paddle Aquaschuhe f\u00fcr Damen und Herren Entdecken Sie die idealen Begleiter f\u00fcr alle Ihre Wasseraktivit\u00e4ten! Die Paddle Aquaschuhe vereinen Komfort, Sicherheit u","robots":{"index":"index","follow":"follow","max-snippet":"max-snippet:-1","max-image-preview":"max-image-preview:large","max-video-preview":"max-video-preview:-1"},"canonical":"https:\/\/schweizversand.ch\/it\/produkt\/trespass-paddle-unisex-wasserschuhe-2\/","og_locale":"it_IT","og_type":"article","og_title":"Trespass PADDLE - Unisex Wasserschuhe","og_description":"Paddle Aquaschuhe f\u00fcr Damen und Herren Entdecken Sie die idealen Begleiter f\u00fcr alle Ihre Wasseraktivit\u00e4ten! Die Paddle Aquaschuhe vereinen Komfort, Sicherheit u","og_url":"https:\/\/schweizversand.ch\/it\/produkt\/trespass-paddle-unisex-wasserschuhe-2\/","og_site_name":"Schweizer Shop f\u00fcr Sport, Spiel und Freizeit","article_publisher":"https:\/\/www.facebook.com\/Schweizversand","article_modified_time":"2026-04-12T13:36:12+00:00","og_image":[{"width":1024,"height":1024,"url":"https:\/\/schweizversand.ch\/wp-content\/uploads\/2026\/03\/5471483711.jpg","type":"image\/jpeg"}],"twitter_card":"summary_large_image","twitter_misc":{"Tempo di lettura stimato":"1 minuto"},"schema":{"@context":"https:\/\/schema.org","@graph":[{"@type":"WebPage","@id":"https:\/\/schweizversand.ch\/it\/produkt\/trespass-paddle-unisex-wasserschuhe-2\/","url":"https:\/\/schweizversand.ch\/it\/produkt\/trespass-paddle-unisex-wasserschuhe-2\/","name":"Trespass PADDLE - Unisex Wasserschuhe","isPartOf":{"@id":"https:\/\/schweizversand.ch\/it\/#website"},"primaryImageOfPage":{"@id":"https:\/\/schweizversand.ch\/it\/produkt\/trespass-paddle-unisex-wasserschuhe-2\/#primaryimage"},"image":{"@id":"https:\/\/schweizversand.ch\/it\/produkt\/trespass-paddle-unisex-wasserschuhe-2\/#primaryimage"},"thumbnailUrl":"https:\/\/schweizversand.ch\/wp-content\/uploads\/2026\/03\/5471483711.jpg","datePublished":"2026-03-20T01:01:10+00:00","dateModified":"2026-04-12T13:36:12+00:00","description":"Paddle Aquaschuhe f\u00fcr Damen und Herren Entdecken Sie die idealen Begleiter f\u00fcr alle Ihre Wasseraktivit\u00e4ten! Die Paddle Aquaschuhe vereinen Komfort, Sicherheit u","breadcrumb":{"@id":"https:\/\/schweizversand.ch\/it\/produkt\/trespass-paddle-unisex-wasserschuhe-2\/#breadcrumb"},"inLanguage":"it-IT","potentialAction":[{"@type":"ReadAction","target":["https:\/\/schweizversand.ch\/it\/produkt\/trespass-paddle-unisex-wasserschuhe-2\/"]}]},{"@type":"ImageObject","inLanguage":"it-IT","@id":"https:\/\/schweizversand.ch\/it\/produkt\/trespass-paddle-unisex-wasserschuhe-2\/#primaryimage","url":"https:\/\/schweizversand.ch\/wp-content\/uploads\/2026\/03\/5471483711.jpg","contentUrl":"https:\/\/schweizversand.ch\/wp-content\/uploads\/2026\/03\/5471483711.jpg","width":1024,"height":1024},{"@type":"BreadcrumbList","@id":"https:\/\/schweizversand.ch\/it\/produkt\/trespass-paddle-unisex-wasserschuhe-2\/#breadcrumb","itemListElement":[{"@type":"ListItem","position":1,"name":"Startseite","item":"https:\/\/schweizversand.ch\/it\/"},{"@type":"ListItem","position":2,"name":"Shop","item":"https:\/\/schweizversand.ch\/it\/shop\/"},{"@type":"ListItem","position":3,"name":"Trespass PADDLE &#8211; Scarpe da acqua unisex"}]},{"@type":"WebSite","@id":"https:\/\/schweizversand.ch\/it\/#website","url":"https:\/\/schweizversand.ch\/it\/","name":"Schweizer Shop f\u00fcr Sport, Spiel und Freizeit","description":"Gratisversand ab 50.- (netto), ab eigenem schweizer Lager, Lieferung innert 48h","publisher":{"@id":"https:\/\/schweizversand.ch\/it\/#organization"},"alternateName":"Schweizversand.ch","potentialAction":[{"@type":"SearchAction","target":{"@type":"EntryPoint","urlTemplate":"https:\/\/schweizversand.ch\/it\/?s={search_term_string}"},"query-input":{"@type":"PropertyValueSpecification","valueRequired":true,"valueName":"search_term_string"}}],"inLanguage":"it-IT"},{"@type":"Organization","@id":"https:\/\/schweizversand.ch\/it\/#organization","name":"Schweizversand.ch","url":"https:\/\/schweizversand.ch\/it\/","logo":{"@type":"ImageObject","inLanguage":"it-IT","@id":"https:\/\/schweizversand.ch\/it\/#\/schema\/logo\/image\/","url":"https:\/\/schweizversand.ch\/wp-content\/uploads\/2026\/03\/Logo_Rund_Final-1.png","contentUrl":"https:\/\/schweizversand.ch\/wp-content\/uploads\/2026\/03\/Logo_Rund_Final-1.png","width":404,"height":404,"caption":"Schweizversand.ch"},"image":{"@id":"https:\/\/schweizversand.ch\/it\/#\/schema\/logo\/image\/"},"sameAs":["https:\/\/www.facebook.com\/Schweizversand","https:\/\/www.instagram.com\/schweizversand.ch\/"]}]}},"jetpack_sharing_enabled":true,"_links":{"self":[{"href":"https:\/\/schweizversand.ch\/it\/wp-json\/wp\/v2\/product\/260870","targetHints":{"allow":["GET"]}}],"collection":[{"href":"https:\/\/schweizversand.ch\/it\/wp-json\/wp\/v2\/product"}],"about":[{"href":"https:\/\/schweizversand.ch\/it\/wp-json\/wp\/v2\/types\/product"}],"replies":[{"embeddable":true,"href":"https:\/\/schweizversand.ch\/it\/wp-json\/wp\/v2\/comments?post=260870"}],"wp:featuredmedia":[{"embeddable":true,"href":"https:\/\/schweizversand.ch\/it\/wp-json\/wp\/v2\/media\/258368"}],"wp:attachment":[{"href":"https:\/\/schweizversand.ch\/it\/wp-json\/wp\/v2\/media?parent=260870"}],"wp:term":[{"taxonomy":"product_brand","embeddable":true,"href":"https:\/\/schweizversand.ch\/it\/wp-json\/wp\/v2\/product_brand?post=260870"},{"taxonomy":"product_cat","embeddable":true,"href":"https:\/\/schweizversand.ch\/it\/wp-json\/wp\/v2\/product_cat?post=260870"},{"taxonomy":"product_tag","embeddable":true,"href":"https:\/\/schweizversand.ch\/it\/wp-json\/wp\/v2\/product_tag?post=260870"}],"curies":[{"name":"wp","href":"https:\/\/api.w.org\/{rel}","templated":true}]}}