{"id":260873,"date":"2026-03-20T02:01:11","date_gmt":"2026-03-20T01:01:11","guid":{"rendered":"https:\/\/schweizversand.ch\/produkt\/trespass-squeezebox-faltbarer-wasserkanister\/"},"modified":"2026-04-05T15:35:59","modified_gmt":"2026-04-05T13:35:59","slug":"trespass-squeezebox-faltbarer-wasserkanister","status":"publish","type":"product","link":"https:\/\/schweizversand.ch\/it\/produkt\/trespass-squeezebox-faltbarer-wasserkanister\/","title":{"rendered":"Trespass Squeezebox &#8211; Tanica per acqua pieghevole"},"content":{"rendered":"<p>Scopri Trespass SQUEEZEBOX, un contenitore per l&#8217;acqua pieghevole con una capacit\u00e0 di 8 litri che render\u00e0 le tue avventure in campeggio ancora pi\u00f9 comode! Questo contenitore per l&#8217;acqua portatile \u00e8 un accessorio essenziale per escursioni, campeggio o festival.<\/p>\n<\/p>\n<p>Il contenitore per l&#8217;acqua SQUEEZEBOX offre ampio spazio per le tue scorte d&#8217;acqua e si ripiega completamente per riporlo e trasportarlo facilmente quando non in uso.<\/p>\n<\/p>\n<p>Dimentica le lunghe camminate per raggiungere le fonti d&#8217;acqua: con il contenitore per l&#8217;acqua SQUEEZEBOX, l&#8217;acqua \u00e8 sempre a portata di mano. La comoda maniglia lo rende facile da trasportare, mentre il rubinetto consente un&#8217;erogazione precisa senza sprechi.<\/p>\n<\/p>\n<p>Realizzato in PVC resistente e antistrappo, il contenitore per l&#8217;acqua SQUEEZEBOX \u00e8 costruito per durare ed \u00e8 il compagno perfetto per tutte le tue attivit\u00e0 all&#8217;aperto.<\/p>\n<\/p>\n<p>Realizza i tuoi sogni di campeggio e vivi la libert\u00e0 assoluta con Trespass SQUEEZEBOX, il contenitore per l&#8217;acqua pieghevole. Ottieni subito la tua scorta d&#8217;acqua affidabile e goditi momenti indimenticabili nella natura, in modo comodo e senza preoccupazioni!<\/p>\n","protected":false},"excerpt":{"rendered":"<p>Trespass SQUEEZEBOX \u2013 faltbarer 8-Liter Wasserkanister mit Zapfhahn, robustem PVC und praktischem Griff. Perfekt f\u00fcr Camping, Wandern und Festivals.<\/p>\n","protected":false},"featured_media":258386,"comment_status":"open","ping_status":"closed","template":"","meta":[],"product_brand":[],"product_cat":[38378],"product_tag":[],"class_list":{"0":"post-260873","1":"product","2":"type-product","3":"status-publish","4":"has-post-thumbnail","6":"product_cat-outdoorausruestung","7":"product_shipping_class-global_methods","9":"first","10":"instock","11":"taxable","12":"shipping-taxable","13":"purchasable","14":"product-type-simple"},"yoast_head":"<!-- This site is optimized with the Yoast SEO plugin v27.3 - https:\/\/yoast.com\/product\/yoast-seo-wordpress\/ -->\n<title>Trespass SQUEEZEBOX - Faltbarer Wasserkanister<\/title>\n<meta name=\"description\" content=\"Entdecken Sie den Trespass SQUEEZEBOX - Faltbaren Wasserkanister mit einem Fassungsverm\u00f6gen von 8 Litern, der Ihre Campingabenteuer noch komfortabler macht! Die\" \/>\n<meta name=\"robots\" content=\"index, follow, max-snippet:-1, max-image-preview:large, max-video-preview:-1\" \/>\n<link rel=\"canonical\" href=\"https:\/\/schweizversand.ch\/it\/produkt\/trespass-squeezebox-faltbarer-wasserkanister\/\" \/>\n<meta property=\"og:locale\" content=\"it_IT\" \/>\n<meta property=\"og:type\" content=\"article\" \/>\n<meta property=\"og:title\" content=\"Trespass SQUEEZEBOX - Faltbarer Wasserkanister\" \/>\n<meta property=\"og:description\" content=\"Entdecken Sie den Trespass SQUEEZEBOX - Faltbaren Wasserkanister mit einem Fassungsverm\u00f6gen von 8 Litern, der Ihre Campingabenteuer noch komfortabler macht! Die\" \/>\n<meta property=\"og:url\" content=\"https:\/\/schweizversand.ch\/it\/produkt\/trespass-squeezebox-faltbarer-wasserkanister\/\" \/>\n<meta property=\"og:site_name\" content=\"Schweizer Shop f\u00fcr Sport, Spiel und Freizeit\" \/>\n<meta property=\"article:publisher\" content=\"https:\/\/www.facebook.com\/Schweizversand\" \/>\n<meta property=\"article:modified_time\" content=\"2026-04-05T13:35:59+00:00\" \/>\n<meta property=\"og:image\" content=\"https:\/\/schweizversand.ch\/wp-content\/uploads\/2026\/03\/5471516102.jpg\" \/>\n\t<meta property=\"og:image:width\" content=\"709\" \/>\n\t<meta property=\"og:image:height\" content=\"1024\" \/>\n\t<meta property=\"og:image:type\" content=\"image\/jpeg\" \/>\n<meta name=\"twitter:card\" content=\"summary_large_image\" \/>\n<meta name=\"twitter:label1\" content=\"Tempo di lettura stimato\" \/>\n\t<meta name=\"twitter:data1\" content=\"1 minuto\" \/>\n<script type=\"application\/ld+json\" class=\"yoast-schema-graph\">{\"@context\":\"https:\\\/\\\/schema.org\",\"@graph\":[{\"@type\":\"WebPage\",\"@id\":\"https:\\\/\\\/schweizversand.ch\\\/it\\\/produkt\\\/trespass-squeezebox-faltbarer-wasserkanister\\\/\",\"url\":\"https:\\\/\\\/schweizversand.ch\\\/it\\\/produkt\\\/trespass-squeezebox-faltbarer-wasserkanister\\\/\",\"name\":\"Trespass SQUEEZEBOX - Faltbarer Wasserkanister\",\"isPartOf\":{\"@id\":\"https:\\\/\\\/schweizversand.ch\\\/it\\\/#website\"},\"primaryImageOfPage\":{\"@id\":\"https:\\\/\\\/schweizversand.ch\\\/it\\\/produkt\\\/trespass-squeezebox-faltbarer-wasserkanister\\\/#primaryimage\"},\"image\":{\"@id\":\"https:\\\/\\\/schweizversand.ch\\\/it\\\/produkt\\\/trespass-squeezebox-faltbarer-wasserkanister\\\/#primaryimage\"},\"thumbnailUrl\":\"https:\\\/\\\/schweizversand.ch\\\/wp-content\\\/uploads\\\/2026\\\/03\\\/5471516102.jpg\",\"datePublished\":\"2026-03-20T01:01:11+00:00\",\"dateModified\":\"2026-04-05T13:35:59+00:00\",\"description\":\"Entdecken Sie den Trespass SQUEEZEBOX - Faltbaren Wasserkanister mit einem Fassungsverm\u00f6gen von 8 Litern, der Ihre Campingabenteuer noch komfortabler macht! Die\",\"breadcrumb\":{\"@id\":\"https:\\\/\\\/schweizversand.ch\\\/it\\\/produkt\\\/trespass-squeezebox-faltbarer-wasserkanister\\\/#breadcrumb\"},\"inLanguage\":\"it-IT\",\"potentialAction\":[{\"@type\":\"ReadAction\",\"target\":[\"https:\\\/\\\/schweizversand.ch\\\/it\\\/produkt\\\/trespass-squeezebox-faltbarer-wasserkanister\\\/\"]}]},{\"@type\":\"ImageObject\",\"inLanguage\":\"it-IT\",\"@id\":\"https:\\\/\\\/schweizversand.ch\\\/it\\\/produkt\\\/trespass-squeezebox-faltbarer-wasserkanister\\\/#primaryimage\",\"url\":\"https:\\\/\\\/schweizversand.ch\\\/wp-content\\\/uploads\\\/2026\\\/03\\\/5471516102.jpg\",\"contentUrl\":\"https:\\\/\\\/schweizversand.ch\\\/wp-content\\\/uploads\\\/2026\\\/03\\\/5471516102.jpg\",\"width\":709,\"height\":1024},{\"@type\":\"BreadcrumbList\",\"@id\":\"https:\\\/\\\/schweizversand.ch\\\/it\\\/produkt\\\/trespass-squeezebox-faltbarer-wasserkanister\\\/#breadcrumb\",\"itemListElement\":[{\"@type\":\"ListItem\",\"position\":1,\"name\":\"Startseite\",\"item\":\"https:\\\/\\\/schweizversand.ch\\\/it\\\/\"},{\"@type\":\"ListItem\",\"position\":2,\"name\":\"Shop\",\"item\":\"https:\\\/\\\/schweizversand.ch\\\/it\\\/shop\\\/\"},{\"@type\":\"ListItem\",\"position\":3,\"name\":\"Trespass Squeezebox &#8211; Tanica per acqua pieghevole\"}]},{\"@type\":\"WebSite\",\"@id\":\"https:\\\/\\\/schweizversand.ch\\\/it\\\/#website\",\"url\":\"https:\\\/\\\/schweizversand.ch\\\/it\\\/\",\"name\":\"Schweizer Shop f\u00fcr Sport, Spiel und Freizeit\",\"description\":\"Gratisversand ab 50.- (netto), ab eigenem schweizer Lager, Lieferung innert 48h\",\"publisher\":{\"@id\":\"https:\\\/\\\/schweizversand.ch\\\/it\\\/#organization\"},\"alternateName\":\"Schweizversand.ch\",\"potentialAction\":[{\"@type\":\"SearchAction\",\"target\":{\"@type\":\"EntryPoint\",\"urlTemplate\":\"https:\\\/\\\/schweizversand.ch\\\/it\\\/?s={search_term_string}\"},\"query-input\":{\"@type\":\"PropertyValueSpecification\",\"valueRequired\":true,\"valueName\":\"search_term_string\"}}],\"inLanguage\":\"it-IT\"},{\"@type\":\"Organization\",\"@id\":\"https:\\\/\\\/schweizversand.ch\\\/it\\\/#organization\",\"name\":\"Schweizversand.ch\",\"url\":\"https:\\\/\\\/schweizversand.ch\\\/it\\\/\",\"logo\":{\"@type\":\"ImageObject\",\"inLanguage\":\"it-IT\",\"@id\":\"https:\\\/\\\/schweizversand.ch\\\/it\\\/#\\\/schema\\\/logo\\\/image\\\/\",\"url\":\"https:\\\/\\\/schweizversand.ch\\\/wp-content\\\/uploads\\\/2026\\\/03\\\/Logo_Rund_Final-1.png\",\"contentUrl\":\"https:\\\/\\\/schweizversand.ch\\\/wp-content\\\/uploads\\\/2026\\\/03\\\/Logo_Rund_Final-1.png\",\"width\":404,\"height\":404,\"caption\":\"Schweizversand.ch\"},\"image\":{\"@id\":\"https:\\\/\\\/schweizversand.ch\\\/it\\\/#\\\/schema\\\/logo\\\/image\\\/\"},\"sameAs\":[\"https:\\\/\\\/www.facebook.com\\\/Schweizversand\",\"https:\\\/\\\/www.instagram.com\\\/schweizversand.ch\\\/\"]}]}<\/script>\n<!-- \/ Yoast SEO plugin. -->","yoast_head_json":{"title":"Trespass SQUEEZEBOX - Faltbarer Wasserkanister","description":"Entdecken Sie den Trespass SQUEEZEBOX - Faltbaren Wasserkanister mit einem Fassungsverm\u00f6gen von 8 Litern, der Ihre Campingabenteuer noch komfortabler macht! Die","robots":{"index":"index","follow":"follow","max-snippet":"max-snippet:-1","max-image-preview":"max-image-preview:large","max-video-preview":"max-video-preview:-1"},"canonical":"https:\/\/schweizversand.ch\/it\/produkt\/trespass-squeezebox-faltbarer-wasserkanister\/","og_locale":"it_IT","og_type":"article","og_title":"Trespass SQUEEZEBOX - Faltbarer Wasserkanister","og_description":"Entdecken Sie den Trespass SQUEEZEBOX - Faltbaren Wasserkanister mit einem Fassungsverm\u00f6gen von 8 Litern, der Ihre Campingabenteuer noch komfortabler macht! Die","og_url":"https:\/\/schweizversand.ch\/it\/produkt\/trespass-squeezebox-faltbarer-wasserkanister\/","og_site_name":"Schweizer Shop f\u00fcr Sport, Spiel und Freizeit","article_publisher":"https:\/\/www.facebook.com\/Schweizversand","article_modified_time":"2026-04-05T13:35:59+00:00","og_image":[{"width":709,"height":1024,"url":"https:\/\/schweizversand.ch\/wp-content\/uploads\/2026\/03\/5471516102.jpg","type":"image\/jpeg"}],"twitter_card":"summary_large_image","twitter_misc":{"Tempo di lettura stimato":"1 minuto"},"schema":{"@context":"https:\/\/schema.org","@graph":[{"@type":"WebPage","@id":"https:\/\/schweizversand.ch\/it\/produkt\/trespass-squeezebox-faltbarer-wasserkanister\/","url":"https:\/\/schweizversand.ch\/it\/produkt\/trespass-squeezebox-faltbarer-wasserkanister\/","name":"Trespass SQUEEZEBOX - Faltbarer Wasserkanister","isPartOf":{"@id":"https:\/\/schweizversand.ch\/it\/#website"},"primaryImageOfPage":{"@id":"https:\/\/schweizversand.ch\/it\/produkt\/trespass-squeezebox-faltbarer-wasserkanister\/#primaryimage"},"image":{"@id":"https:\/\/schweizversand.ch\/it\/produkt\/trespass-squeezebox-faltbarer-wasserkanister\/#primaryimage"},"thumbnailUrl":"https:\/\/schweizversand.ch\/wp-content\/uploads\/2026\/03\/5471516102.jpg","datePublished":"2026-03-20T01:01:11+00:00","dateModified":"2026-04-05T13:35:59+00:00","description":"Entdecken Sie den Trespass SQUEEZEBOX - Faltbaren Wasserkanister mit einem Fassungsverm\u00f6gen von 8 Litern, der Ihre Campingabenteuer noch komfortabler macht! Die","breadcrumb":{"@id":"https:\/\/schweizversand.ch\/it\/produkt\/trespass-squeezebox-faltbarer-wasserkanister\/#breadcrumb"},"inLanguage":"it-IT","potentialAction":[{"@type":"ReadAction","target":["https:\/\/schweizversand.ch\/it\/produkt\/trespass-squeezebox-faltbarer-wasserkanister\/"]}]},{"@type":"ImageObject","inLanguage":"it-IT","@id":"https:\/\/schweizversand.ch\/it\/produkt\/trespass-squeezebox-faltbarer-wasserkanister\/#primaryimage","url":"https:\/\/schweizversand.ch\/wp-content\/uploads\/2026\/03\/5471516102.jpg","contentUrl":"https:\/\/schweizversand.ch\/wp-content\/uploads\/2026\/03\/5471516102.jpg","width":709,"height":1024},{"@type":"BreadcrumbList","@id":"https:\/\/schweizversand.ch\/it\/produkt\/trespass-squeezebox-faltbarer-wasserkanister\/#breadcrumb","itemListElement":[{"@type":"ListItem","position":1,"name":"Startseite","item":"https:\/\/schweizversand.ch\/it\/"},{"@type":"ListItem","position":2,"name":"Shop","item":"https:\/\/schweizversand.ch\/it\/shop\/"},{"@type":"ListItem","position":3,"name":"Trespass Squeezebox &#8211; Tanica per acqua pieghevole"}]},{"@type":"WebSite","@id":"https:\/\/schweizversand.ch\/it\/#website","url":"https:\/\/schweizversand.ch\/it\/","name":"Schweizer Shop f\u00fcr Sport, Spiel und Freizeit","description":"Gratisversand ab 50.- (netto), ab eigenem schweizer Lager, Lieferung innert 48h","publisher":{"@id":"https:\/\/schweizversand.ch\/it\/#organization"},"alternateName":"Schweizversand.ch","potentialAction":[{"@type":"SearchAction","target":{"@type":"EntryPoint","urlTemplate":"https:\/\/schweizversand.ch\/it\/?s={search_term_string}"},"query-input":{"@type":"PropertyValueSpecification","valueRequired":true,"valueName":"search_term_string"}}],"inLanguage":"it-IT"},{"@type":"Organization","@id":"https:\/\/schweizversand.ch\/it\/#organization","name":"Schweizversand.ch","url":"https:\/\/schweizversand.ch\/it\/","logo":{"@type":"ImageObject","inLanguage":"it-IT","@id":"https:\/\/schweizversand.ch\/it\/#\/schema\/logo\/image\/","url":"https:\/\/schweizversand.ch\/wp-content\/uploads\/2026\/03\/Logo_Rund_Final-1.png","contentUrl":"https:\/\/schweizversand.ch\/wp-content\/uploads\/2026\/03\/Logo_Rund_Final-1.png","width":404,"height":404,"caption":"Schweizversand.ch"},"image":{"@id":"https:\/\/schweizversand.ch\/it\/#\/schema\/logo\/image\/"},"sameAs":["https:\/\/www.facebook.com\/Schweizversand","https:\/\/www.instagram.com\/schweizversand.ch\/"]}]}},"jetpack_sharing_enabled":true,"_links":{"self":[{"href":"https:\/\/schweizversand.ch\/it\/wp-json\/wp\/v2\/product\/260873","targetHints":{"allow":["GET"]}}],"collection":[{"href":"https:\/\/schweizversand.ch\/it\/wp-json\/wp\/v2\/product"}],"about":[{"href":"https:\/\/schweizversand.ch\/it\/wp-json\/wp\/v2\/types\/product"}],"replies":[{"embeddable":true,"href":"https:\/\/schweizversand.ch\/it\/wp-json\/wp\/v2\/comments?post=260873"}],"wp:featuredmedia":[{"embeddable":true,"href":"https:\/\/schweizversand.ch\/it\/wp-json\/wp\/v2\/media\/258386"}],"wp:attachment":[{"href":"https:\/\/schweizversand.ch\/it\/wp-json\/wp\/v2\/media?parent=260873"}],"wp:term":[{"taxonomy":"product_brand","embeddable":true,"href":"https:\/\/schweizversand.ch\/it\/wp-json\/wp\/v2\/product_brand?post=260873"},{"taxonomy":"product_cat","embeddable":true,"href":"https:\/\/schweizversand.ch\/it\/wp-json\/wp\/v2\/product_cat?post=260873"},{"taxonomy":"product_tag","embeddable":true,"href":"https:\/\/schweizversand.ch\/it\/wp-json\/wp\/v2\/product_tag?post=260873"}],"curies":[{"name":"wp","href":"https:\/\/api.w.org\/{rel}","templated":true}]}}