{"id":260886,"date":"2026-03-15T00:56:45","date_gmt":"2026-03-14T23:56:45","guid":{"rendered":"https:\/\/schweizversand.ch\/produkt\/winmau-cypher-steel-tip-dartpfeile-26g\/"},"modified":"2026-04-19T02:06:52","modified_gmt":"2026-04-19T00:06:52","slug":"winmau-cypher-steel-tip-dartpfeile-26g","status":"publish","type":"product","link":"https:\/\/schweizversand.ch\/it\/produkt\/winmau-cypher-steel-tip-dartpfeile-26g\/","title":{"rendered":"Freccette Winmau Cypher con punta in acciaio 26G"},"content":{"rendered":"<h1><strong>Freccette Cypher Steel: precisione e controllo per professionisti<\/strong><\/h1>\n<div>Scopri le <strong>freccette Cypher Tungsten<\/strong>, appositamente progettate per portare le tue prestazioni a un livello superiore. Queste freccette professionali offrono una combinazione impareggiabile di tecnologia di impugnatura innovativa e perfetto equilibrio per stabilizzare il ritmo di lancio e garantire la massima precisione.<\/p>\n<\/div>\n<div><strong>Controllo senza pari con Cluster Grip<\/strong><br \/>La rivoluzionaria <strong>Cluster Grip<\/strong> si estende per l&#8217;intera lunghezza del fusto, offrendo una superficie tattile unica. Questa speciale texture garantisce un <strong>controllo senza pari<\/strong> e consente una sensazione personalizzata. Progettata per un ritmo di lancio naturale e la massima stabilit\u00e0, questa freccetta garantisce un gioco costante e ad alte prestazioni che non ti deluder\u00e0 quando conta.<\/p>\n<\/div>\n<div><strong>Produzione e materiali ad alta precisione<\/strong><br \/>Lo straordinario profilo del barilotto \u00e8 lavorato parallelamente e realizzato in tungsteno al 90% (lega di tungsteno) ad alta precisione e ottimizzato atomicamente. Questo materiale garantisce non solo un&#8217;estrema durata, ma anche una distribuzione ottimale del peso al centro. La combinazione di questo materiale di alta qualit\u00e0 e dell&#8217;efficienza aerodinamica assicura che ogni tua freccetta voli con la massima precisione, per la massima accuratezza sul bersaglio.<\/p>\n<\/div>\n<div><strong>Design ed estetica<\/strong><br \/>Le freccette Cypher colpiscono non solo per le loro prestazioni, ma anche per il loro design accattivante. Le scanalature sono delicatamente rosse, creando un elegante contrasto con la superficie atomizzata. Una sottile incisione laser con il logo Winmau W sottolinea la qualit\u00e0 di queste freccette professionali. Il profilo anteriore \u00e8 leggermente rastremato, il che favorisce una guida pulita e un rilascio preciso.<\/p>\n<\/div>\n<div><strong>Specifiche tecniche<\/strong><br \/>&#8211; Materiale: lega di tungsteno al 90%<br \/>&#8211; Peso della canna: 26 grammi<br \/>&#8211; Dimensioni: 7,0 mm x 50,8 mm<br \/>&#8211; Distribuzione del peso: centrale<br \/>&#8211; Profilo della canna: parallelo<br \/>&#8211; Tipo di impugnatura: impugnatura a grappolo (lunghezza intera)<br \/>&#8211; Livello di impugnatura: 3 (medio-aggressivo)<br \/>&#8211; Tipo di punta: effetto argento, elevata forza di trazione<br \/>&#8211; Colore della scanalatura: rosso<\/p>\n<\/div>\n<div><strong>Confezione e accessori<\/strong><br \/>&#8211; Alette: X1 Prisma Delta Standard Extra Thick 6915-279<br \/>&#8211; Aste: x1 Vecta Short 7025-115<br \/>&#8211; Set composto da tre aste in acciaio complete Freccette<br \/><\/strong><\/div>\n<div>Decifra la tua traiettoria, mira al bersaglio e fai di ogni lancio un successo. Con le <strong>freccette<\/strong> Cypher, investi nella precisione e nella costanza che possono fare la differenza tra vittoria e sconfitta. Ordina ora e scopri i vantaggi dell&#8217;<strong>Cluster Grip<\/strong>.<\/p>\n<\/div>\n<div>\n<\/div>\n","protected":false},"excerpt":{"rendered":"<p>Winmau Cypher Steel Tip Dartpfeile 26G bieten mit innovativem Cluster-Grip und perfekter Balance maximale Kontrolle und Pr\u00e4zision f\u00fcr professionelle Spieler.<\/p>\n","protected":false},"featured_media":163421,"comment_status":"open","ping_status":"closed","template":"","meta":[],"product_brand":[],"product_cat":[38662],"product_tag":[],"class_list":{"0":"post-260886","1":"product","2":"type-product","3":"status-publish","4":"has-post-thumbnail","6":"product_cat-dart","7":"product_shipping_class-global_methods","9":"first","10":"instock","11":"taxable","12":"shipping-taxable","13":"purchasable","14":"product-type-simple"},"yoast_head":"<!-- This site is optimized with the Yoast SEO plugin v27.4 - https:\/\/yoast.com\/product\/yoast-seo-wordpress\/ -->\n<title>Winmau Cypher Steel Tip Dartpfeile 26G<\/title>\n<meta name=\"description\" content=\"Cypher Steeldarts \u2013 Pr\u00e4zision und Kontrolle f\u00fcr Profis Entdecken Sie die Cypher Tungsten Darts , die speziell entwickelt wurden, um Ihre Performance auf das n\u00e4c\" \/>\n<meta name=\"robots\" content=\"index, follow, max-snippet:-1, max-image-preview:large, max-video-preview:-1\" \/>\n<link rel=\"canonical\" href=\"https:\/\/schweizversand.ch\/it\/produkt\/winmau-cypher-steel-tip-dartpfeile-26g\/\" \/>\n<meta property=\"og:locale\" content=\"it_IT\" \/>\n<meta property=\"og:type\" content=\"article\" \/>\n<meta property=\"og:title\" content=\"Winmau Cypher Steel Tip Dartpfeile 26G\" \/>\n<meta property=\"og:description\" content=\"Cypher Steeldarts \u2013 Pr\u00e4zision und Kontrolle f\u00fcr Profis Entdecken Sie die Cypher Tungsten Darts , die speziell entwickelt wurden, um Ihre Performance auf das n\u00e4c\" \/>\n<meta property=\"og:url\" content=\"https:\/\/schweizversand.ch\/it\/produkt\/winmau-cypher-steel-tip-dartpfeile-26g\/\" \/>\n<meta property=\"og:site_name\" content=\"Schweizer Shop f\u00fcr Sport, Spiel und Freizeit\" \/>\n<meta property=\"article:publisher\" content=\"https:\/\/www.facebook.com\/Schweizversand\" \/>\n<meta property=\"article:modified_time\" content=\"2026-04-19T00:06:52+00:00\" \/>\n<meta property=\"og:image\" content=\"https:\/\/schweizversand.ch\/wp-content\/uploads\/2026\/02\/5471844732.jpg\" \/>\n\t<meta property=\"og:image:width\" content=\"1024\" \/>\n\t<meta property=\"og:image:height\" content=\"1024\" \/>\n\t<meta property=\"og:image:type\" content=\"image\/jpeg\" \/>\n<meta name=\"twitter:card\" content=\"summary_large_image\" \/>\n<meta name=\"twitter:label1\" content=\"Tempo di lettura stimato\" \/>\n\t<meta name=\"twitter:data1\" content=\"2 minuto\" \/>\n<script type=\"application\/ld+json\" class=\"yoast-schema-graph\">{\"@context\":\"https:\\\/\\\/schema.org\",\"@graph\":[{\"@type\":\"WebPage\",\"@id\":\"https:\\\/\\\/schweizversand.ch\\\/it\\\/produkt\\\/winmau-cypher-steel-tip-dartpfeile-26g\\\/\",\"url\":\"https:\\\/\\\/schweizversand.ch\\\/it\\\/produkt\\\/winmau-cypher-steel-tip-dartpfeile-26g\\\/\",\"name\":\"Winmau Cypher Steel Tip Dartpfeile 26G\",\"isPartOf\":{\"@id\":\"https:\\\/\\\/schweizversand.ch\\\/it\\\/#website\"},\"primaryImageOfPage\":{\"@id\":\"https:\\\/\\\/schweizversand.ch\\\/it\\\/produkt\\\/winmau-cypher-steel-tip-dartpfeile-26g\\\/#primaryimage\"},\"image\":{\"@id\":\"https:\\\/\\\/schweizversand.ch\\\/it\\\/produkt\\\/winmau-cypher-steel-tip-dartpfeile-26g\\\/#primaryimage\"},\"thumbnailUrl\":\"https:\\\/\\\/schweizversand.ch\\\/wp-content\\\/uploads\\\/2026\\\/02\\\/5471844732.jpg\",\"datePublished\":\"2026-03-14T23:56:45+00:00\",\"dateModified\":\"2026-04-19T00:06:52+00:00\",\"description\":\"Cypher Steeldarts \u2013 Pr\u00e4zision und Kontrolle f\u00fcr Profis Entdecken Sie die Cypher Tungsten Darts , die speziell entwickelt wurden, um Ihre Performance auf das n\u00e4c\",\"breadcrumb\":{\"@id\":\"https:\\\/\\\/schweizversand.ch\\\/it\\\/produkt\\\/winmau-cypher-steel-tip-dartpfeile-26g\\\/#breadcrumb\"},\"inLanguage\":\"it-IT\",\"potentialAction\":[{\"@type\":\"ReadAction\",\"target\":[\"https:\\\/\\\/schweizversand.ch\\\/it\\\/produkt\\\/winmau-cypher-steel-tip-dartpfeile-26g\\\/\"]}]},{\"@type\":\"ImageObject\",\"inLanguage\":\"it-IT\",\"@id\":\"https:\\\/\\\/schweizversand.ch\\\/it\\\/produkt\\\/winmau-cypher-steel-tip-dartpfeile-26g\\\/#primaryimage\",\"url\":\"https:\\\/\\\/schweizversand.ch\\\/wp-content\\\/uploads\\\/2026\\\/02\\\/5471844732.jpg\",\"contentUrl\":\"https:\\\/\\\/schweizversand.ch\\\/wp-content\\\/uploads\\\/2026\\\/02\\\/5471844732.jpg\",\"width\":1024,\"height\":1024},{\"@type\":\"BreadcrumbList\",\"@id\":\"https:\\\/\\\/schweizversand.ch\\\/it\\\/produkt\\\/winmau-cypher-steel-tip-dartpfeile-26g\\\/#breadcrumb\",\"itemListElement\":[{\"@type\":\"ListItem\",\"position\":1,\"name\":\"Startseite\",\"item\":\"https:\\\/\\\/schweizversand.ch\\\/it\\\/home\\\/\"},{\"@type\":\"ListItem\",\"position\":2,\"name\":\"Shop\",\"item\":\"https:\\\/\\\/schweizversand.ch\\\/it\\\/shop\\\/\"},{\"@type\":\"ListItem\",\"position\":3,\"name\":\"Sport\",\"item\":\"https:\\\/\\\/schweizversand.ch\\\/it\\\/produkt-kategorie\\\/sport-it\\\/\"},{\"@type\":\"ListItem\",\"position\":4,\"name\":\"sport con la palla e freccette\",\"item\":\"https:\\\/\\\/schweizversand.ch\\\/it\\\/produkt-kategorie\\\/sport-it\\\/sport-con-la-palla-e-freccette\\\/\"},{\"@type\":\"ListItem\",\"position\":5,\"name\":\"Freccette\",\"item\":\"https:\\\/\\\/schweizversand.ch\\\/it\\\/produkt-kategorie\\\/dart\\\/\"},{\"@type\":\"ListItem\",\"position\":6,\"name\":\"Freccette Winmau Cypher con punta in acciaio 26G\"}]},{\"@type\":\"WebSite\",\"@id\":\"https:\\\/\\\/schweizversand.ch\\\/it\\\/#website\",\"url\":\"https:\\\/\\\/schweizversand.ch\\\/it\\\/\",\"name\":\"Schweizer Shop f\u00fcr Sport, Spiel und Freizeit\",\"description\":\"Gratisversand ab 50.- (netto), ab eigenem schweizer Lager, Lieferung innert 48h\",\"publisher\":{\"@id\":\"https:\\\/\\\/schweizversand.ch\\\/it\\\/#organization\"},\"alternateName\":\"Schweizversand.ch\",\"potentialAction\":[{\"@type\":\"SearchAction\",\"target\":{\"@type\":\"EntryPoint\",\"urlTemplate\":\"https:\\\/\\\/schweizversand.ch\\\/it\\\/?s={search_term_string}\"},\"query-input\":{\"@type\":\"PropertyValueSpecification\",\"valueRequired\":true,\"valueName\":\"search_term_string\"}}],\"inLanguage\":\"it-IT\"},{\"@type\":\"Organization\",\"@id\":\"https:\\\/\\\/schweizversand.ch\\\/it\\\/#organization\",\"name\":\"Schweizversand.ch\",\"url\":\"https:\\\/\\\/schweizversand.ch\\\/it\\\/\",\"logo\":{\"@type\":\"ImageObject\",\"inLanguage\":\"it-IT\",\"@id\":\"https:\\\/\\\/schweizversand.ch\\\/it\\\/#\\\/schema\\\/logo\\\/image\\\/\",\"url\":\"https:\\\/\\\/schweizversand.ch\\\/wp-content\\\/uploads\\\/2026\\\/03\\\/Logo_Rund_Final-1.png\",\"contentUrl\":\"https:\\\/\\\/schweizversand.ch\\\/wp-content\\\/uploads\\\/2026\\\/03\\\/Logo_Rund_Final-1.png\",\"width\":404,\"height\":404,\"caption\":\"Schweizversand.ch\"},\"image\":{\"@id\":\"https:\\\/\\\/schweizversand.ch\\\/it\\\/#\\\/schema\\\/logo\\\/image\\\/\"},\"sameAs\":[\"https:\\\/\\\/www.facebook.com\\\/Schweizversand\",\"https:\\\/\\\/www.instagram.com\\\/schweizversand.ch\\\/\"]}]}<\/script>\n<!-- \/ Yoast SEO plugin. -->","yoast_head_json":{"title":"Winmau Cypher Steel Tip Dartpfeile 26G","description":"Cypher Steeldarts \u2013 Pr\u00e4zision und Kontrolle f\u00fcr Profis Entdecken Sie die Cypher Tungsten Darts , die speziell entwickelt wurden, um Ihre Performance auf das n\u00e4c","robots":{"index":"index","follow":"follow","max-snippet":"max-snippet:-1","max-image-preview":"max-image-preview:large","max-video-preview":"max-video-preview:-1"},"canonical":"https:\/\/schweizversand.ch\/it\/produkt\/winmau-cypher-steel-tip-dartpfeile-26g\/","og_locale":"it_IT","og_type":"article","og_title":"Winmau Cypher Steel Tip Dartpfeile 26G","og_description":"Cypher Steeldarts \u2013 Pr\u00e4zision und Kontrolle f\u00fcr Profis Entdecken Sie die Cypher Tungsten Darts , die speziell entwickelt wurden, um Ihre Performance auf das n\u00e4c","og_url":"https:\/\/schweizversand.ch\/it\/produkt\/winmau-cypher-steel-tip-dartpfeile-26g\/","og_site_name":"Schweizer Shop f\u00fcr Sport, Spiel und Freizeit","article_publisher":"https:\/\/www.facebook.com\/Schweizversand","article_modified_time":"2026-04-19T00:06:52+00:00","og_image":[{"width":1024,"height":1024,"url":"https:\/\/schweizversand.ch\/wp-content\/uploads\/2026\/02\/5471844732.jpg","type":"image\/jpeg"}],"twitter_card":"summary_large_image","twitter_misc":{"Tempo di lettura stimato":"2 minuto"},"schema":{"@context":"https:\/\/schema.org","@graph":[{"@type":"WebPage","@id":"https:\/\/schweizversand.ch\/it\/produkt\/winmau-cypher-steel-tip-dartpfeile-26g\/","url":"https:\/\/schweizversand.ch\/it\/produkt\/winmau-cypher-steel-tip-dartpfeile-26g\/","name":"Winmau Cypher Steel Tip Dartpfeile 26G","isPartOf":{"@id":"https:\/\/schweizversand.ch\/it\/#website"},"primaryImageOfPage":{"@id":"https:\/\/schweizversand.ch\/it\/produkt\/winmau-cypher-steel-tip-dartpfeile-26g\/#primaryimage"},"image":{"@id":"https:\/\/schweizversand.ch\/it\/produkt\/winmau-cypher-steel-tip-dartpfeile-26g\/#primaryimage"},"thumbnailUrl":"https:\/\/schweizversand.ch\/wp-content\/uploads\/2026\/02\/5471844732.jpg","datePublished":"2026-03-14T23:56:45+00:00","dateModified":"2026-04-19T00:06:52+00:00","description":"Cypher Steeldarts \u2013 Pr\u00e4zision und Kontrolle f\u00fcr Profis Entdecken Sie die Cypher Tungsten Darts , die speziell entwickelt wurden, um Ihre Performance auf das n\u00e4c","breadcrumb":{"@id":"https:\/\/schweizversand.ch\/it\/produkt\/winmau-cypher-steel-tip-dartpfeile-26g\/#breadcrumb"},"inLanguage":"it-IT","potentialAction":[{"@type":"ReadAction","target":["https:\/\/schweizversand.ch\/it\/produkt\/winmau-cypher-steel-tip-dartpfeile-26g\/"]}]},{"@type":"ImageObject","inLanguage":"it-IT","@id":"https:\/\/schweizversand.ch\/it\/produkt\/winmau-cypher-steel-tip-dartpfeile-26g\/#primaryimage","url":"https:\/\/schweizversand.ch\/wp-content\/uploads\/2026\/02\/5471844732.jpg","contentUrl":"https:\/\/schweizversand.ch\/wp-content\/uploads\/2026\/02\/5471844732.jpg","width":1024,"height":1024},{"@type":"BreadcrumbList","@id":"https:\/\/schweizversand.ch\/it\/produkt\/winmau-cypher-steel-tip-dartpfeile-26g\/#breadcrumb","itemListElement":[{"@type":"ListItem","position":1,"name":"Startseite","item":"https:\/\/schweizversand.ch\/it\/home\/"},{"@type":"ListItem","position":2,"name":"Shop","item":"https:\/\/schweizversand.ch\/it\/shop\/"},{"@type":"ListItem","position":3,"name":"Sport","item":"https:\/\/schweizversand.ch\/it\/produkt-kategorie\/sport-it\/"},{"@type":"ListItem","position":4,"name":"sport con la palla e freccette","item":"https:\/\/schweizversand.ch\/it\/produkt-kategorie\/sport-it\/sport-con-la-palla-e-freccette\/"},{"@type":"ListItem","position":5,"name":"Freccette","item":"https:\/\/schweizversand.ch\/it\/produkt-kategorie\/dart\/"},{"@type":"ListItem","position":6,"name":"Freccette Winmau Cypher con punta in acciaio 26G"}]},{"@type":"WebSite","@id":"https:\/\/schweizversand.ch\/it\/#website","url":"https:\/\/schweizversand.ch\/it\/","name":"Schweizer Shop f\u00fcr Sport, Spiel und Freizeit","description":"Gratisversand ab 50.- (netto), ab eigenem schweizer Lager, Lieferung innert 48h","publisher":{"@id":"https:\/\/schweizversand.ch\/it\/#organization"},"alternateName":"Schweizversand.ch","potentialAction":[{"@type":"SearchAction","target":{"@type":"EntryPoint","urlTemplate":"https:\/\/schweizversand.ch\/it\/?s={search_term_string}"},"query-input":{"@type":"PropertyValueSpecification","valueRequired":true,"valueName":"search_term_string"}}],"inLanguage":"it-IT"},{"@type":"Organization","@id":"https:\/\/schweizversand.ch\/it\/#organization","name":"Schweizversand.ch","url":"https:\/\/schweizversand.ch\/it\/","logo":{"@type":"ImageObject","inLanguage":"it-IT","@id":"https:\/\/schweizversand.ch\/it\/#\/schema\/logo\/image\/","url":"https:\/\/schweizversand.ch\/wp-content\/uploads\/2026\/03\/Logo_Rund_Final-1.png","contentUrl":"https:\/\/schweizversand.ch\/wp-content\/uploads\/2026\/03\/Logo_Rund_Final-1.png","width":404,"height":404,"caption":"Schweizversand.ch"},"image":{"@id":"https:\/\/schweizversand.ch\/it\/#\/schema\/logo\/image\/"},"sameAs":["https:\/\/www.facebook.com\/Schweizversand","https:\/\/www.instagram.com\/schweizversand.ch\/"]}]}},"jetpack_sharing_enabled":true,"_links":{"self":[{"href":"https:\/\/schweizversand.ch\/it\/wp-json\/wp\/v2\/product\/260886","targetHints":{"allow":["GET"]}}],"collection":[{"href":"https:\/\/schweizversand.ch\/it\/wp-json\/wp\/v2\/product"}],"about":[{"href":"https:\/\/schweizversand.ch\/it\/wp-json\/wp\/v2\/types\/product"}],"replies":[{"embeddable":true,"href":"https:\/\/schweizversand.ch\/it\/wp-json\/wp\/v2\/comments?post=260886"}],"wp:featuredmedia":[{"embeddable":true,"href":"https:\/\/schweizversand.ch\/it\/wp-json\/wp\/v2\/media\/163421"}],"wp:attachment":[{"href":"https:\/\/schweizversand.ch\/it\/wp-json\/wp\/v2\/media?parent=260886"}],"wp:term":[{"taxonomy":"product_brand","embeddable":true,"href":"https:\/\/schweizversand.ch\/it\/wp-json\/wp\/v2\/product_brand?post=260886"},{"taxonomy":"product_cat","embeddable":true,"href":"https:\/\/schweizversand.ch\/it\/wp-json\/wp\/v2\/product_cat?post=260886"},{"taxonomy":"product_tag","embeddable":true,"href":"https:\/\/schweizversand.ch\/it\/wp-json\/wp\/v2\/product_tag?post=260886"}],"curies":[{"name":"wp","href":"https:\/\/api.w.org\/{rel}","templated":true}]}}