{"id":260894,"date":"2026-03-15T00:56:46","date_gmt":"2026-03-14T23:56:46","guid":{"rendered":"https:\/\/schweizversand.ch\/produkt\/winmau-prism-alpha-diablo-dart-flights\/"},"modified":"2026-04-19T02:06:52","modified_gmt":"2026-04-19T00:06:52","slug":"winmau-prism-alpha-diablo-dart-flights","status":"publish","type":"product","link":"https:\/\/schweizversand.ch\/it\/produkt\/winmau-prism-alpha-diablo-dart-flights\/","title":{"rendered":"Voli per freccette Winmau Prism Alpha Diablo"},"content":{"rendered":"<p>Prova la precisione millimetrica con le alette Prism Alpha Diablo: il perfetto upgrade per i giocatori di freccette pi\u00f9 ambiziosi!<\/p>\n<\/p>\n<p>Ogni set contiene tre alette in un design traslucido di alta qualit\u00e0, dotate dell&#8217;innovativa tecnologia Prism. Le alette extra spesse (100 micron) offrono una stabilit\u00e0 eccezionale, anche durante il gioco pi\u00f9 intenso.<\/p>\n<\/p>\n<p>Progettate per la massima durata, garantiscono lanci sempre precisi, lancio dopo lancio.<\/p>\n<\/p>\n<p>L&#8217;accattivante design Diablo unisce stile e funzionalit\u00e0, rendendo le tue freccette un vero e proprio colpo d&#8217;occhio. Affidati a una resistenza leader del settore e a una tecnologia all&#8217;avanguardia per portare il tuo gioco a un livello superiore.<\/p>\n<\/p>\n<p>Perfette per professionisti e giocatori amatoriali ambiziosi. Migliora il tuo gioco con le alette Prism Alpha Diablo.<\/p>\n","protected":false},"excerpt":{"rendered":"<p>Winmau Prism Alpha Diablo Dart Flights bieten extra dicke 100 Mikron Stabilit\u00e4t, langlebiges Design und pr\u00e4zise W\u00fcrfe f\u00fcr ambitionierte Spieler \u2013 perfektes Upgrade f\u00fcr dein Spiel!<\/p>\n","protected":false},"featured_media":163460,"comment_status":"open","ping_status":"closed","template":"","meta":[],"product_brand":[],"product_cat":[38662],"product_tag":[],"class_list":{"0":"post-260894","1":"product","2":"type-product","3":"status-publish","4":"has-post-thumbnail","6":"product_cat-dart","7":"product_shipping_class-global_methods","9":"first","10":"instock","11":"taxable","12":"shipping-taxable","13":"purchasable","14":"product-type-simple"},"yoast_head":"<!-- This site is optimized with the Yoast SEO plugin v27.4 - https:\/\/yoast.com\/product\/yoast-seo-wordpress\/ -->\n<title>Winmau Prism Alpha Diablo Dart Flights<\/title>\n<meta name=\"description\" content=\"Erleben Sie Pr\u00e4zision auf h\u00f6chstem Niveau mit den Prism Alpha Diablo Dart Flights \u2013 dem perfekten Upgrade f\u00fcr ambitionierte Dartspieler! Jedes Set enth\u00e4lt 3 F\" \/>\n<meta name=\"robots\" content=\"index, follow, max-snippet:-1, max-image-preview:large, max-video-preview:-1\" \/>\n<link rel=\"canonical\" href=\"https:\/\/schweizversand.ch\/it\/produkt\/winmau-prism-alpha-diablo-dart-flights\/\" \/>\n<meta property=\"og:locale\" content=\"it_IT\" \/>\n<meta property=\"og:type\" content=\"article\" \/>\n<meta property=\"og:title\" content=\"Winmau Prism Alpha Diablo Dart Flights\" \/>\n<meta property=\"og:description\" content=\"Erleben Sie Pr\u00e4zision auf h\u00f6chstem Niveau mit den Prism Alpha Diablo Dart Flights \u2013 dem perfekten Upgrade f\u00fcr ambitionierte Dartspieler! Jedes Set enth\u00e4lt 3 F\" \/>\n<meta property=\"og:url\" content=\"https:\/\/schweizversand.ch\/it\/produkt\/winmau-prism-alpha-diablo-dart-flights\/\" \/>\n<meta property=\"og:site_name\" content=\"Schweizer Shop f\u00fcr Sport, Spiel und Freizeit\" \/>\n<meta property=\"article:publisher\" content=\"https:\/\/www.facebook.com\/Schweizversand\" \/>\n<meta property=\"article:modified_time\" content=\"2026-04-19T00:06:52+00:00\" \/>\n<meta property=\"og:image\" content=\"https:\/\/schweizversand.ch\/wp-content\/uploads\/2026\/02\/5471875735.jpg\" \/>\n\t<meta property=\"og:image:width\" content=\"1024\" \/>\n\t<meta property=\"og:image:height\" content=\"1024\" \/>\n\t<meta property=\"og:image:type\" content=\"image\/jpeg\" \/>\n<meta name=\"twitter:card\" content=\"summary_large_image\" \/>\n<meta name=\"twitter:label1\" content=\"Tempo di lettura stimato\" \/>\n\t<meta name=\"twitter:data1\" content=\"1 minuto\" \/>\n<script type=\"application\/ld+json\" class=\"yoast-schema-graph\">{\"@context\":\"https:\\\/\\\/schema.org\",\"@graph\":[{\"@type\":\"WebPage\",\"@id\":\"https:\\\/\\\/schweizversand.ch\\\/it\\\/produkt\\\/winmau-prism-alpha-diablo-dart-flights\\\/\",\"url\":\"https:\\\/\\\/schweizversand.ch\\\/it\\\/produkt\\\/winmau-prism-alpha-diablo-dart-flights\\\/\",\"name\":\"Winmau Prism Alpha Diablo Dart Flights\",\"isPartOf\":{\"@id\":\"https:\\\/\\\/schweizversand.ch\\\/it\\\/#website\"},\"primaryImageOfPage\":{\"@id\":\"https:\\\/\\\/schweizversand.ch\\\/it\\\/produkt\\\/winmau-prism-alpha-diablo-dart-flights\\\/#primaryimage\"},\"image\":{\"@id\":\"https:\\\/\\\/schweizversand.ch\\\/it\\\/produkt\\\/winmau-prism-alpha-diablo-dart-flights\\\/#primaryimage\"},\"thumbnailUrl\":\"https:\\\/\\\/schweizversand.ch\\\/wp-content\\\/uploads\\\/2026\\\/02\\\/5471875735.jpg\",\"datePublished\":\"2026-03-14T23:56:46+00:00\",\"dateModified\":\"2026-04-19T00:06:52+00:00\",\"description\":\"Erleben Sie Pr\u00e4zision auf h\u00f6chstem Niveau mit den Prism Alpha Diablo Dart Flights \u2013 dem perfekten Upgrade f\u00fcr ambitionierte Dartspieler! Jedes Set enth\u00e4lt 3 F\",\"breadcrumb\":{\"@id\":\"https:\\\/\\\/schweizversand.ch\\\/it\\\/produkt\\\/winmau-prism-alpha-diablo-dart-flights\\\/#breadcrumb\"},\"inLanguage\":\"it-IT\",\"potentialAction\":[{\"@type\":\"ReadAction\",\"target\":[\"https:\\\/\\\/schweizversand.ch\\\/it\\\/produkt\\\/winmau-prism-alpha-diablo-dart-flights\\\/\"]}]},{\"@type\":\"ImageObject\",\"inLanguage\":\"it-IT\",\"@id\":\"https:\\\/\\\/schweizversand.ch\\\/it\\\/produkt\\\/winmau-prism-alpha-diablo-dart-flights\\\/#primaryimage\",\"url\":\"https:\\\/\\\/schweizversand.ch\\\/wp-content\\\/uploads\\\/2026\\\/02\\\/5471875735.jpg\",\"contentUrl\":\"https:\\\/\\\/schweizversand.ch\\\/wp-content\\\/uploads\\\/2026\\\/02\\\/5471875735.jpg\",\"width\":1024,\"height\":1024},{\"@type\":\"BreadcrumbList\",\"@id\":\"https:\\\/\\\/schweizversand.ch\\\/it\\\/produkt\\\/winmau-prism-alpha-diablo-dart-flights\\\/#breadcrumb\",\"itemListElement\":[{\"@type\":\"ListItem\",\"position\":1,\"name\":\"Startseite\",\"item\":\"https:\\\/\\\/schweizversand.ch\\\/it\\\/home\\\/\"},{\"@type\":\"ListItem\",\"position\":2,\"name\":\"Shop\",\"item\":\"https:\\\/\\\/schweizversand.ch\\\/it\\\/shop\\\/\"},{\"@type\":\"ListItem\",\"position\":3,\"name\":\"Sport\",\"item\":\"https:\\\/\\\/schweizversand.ch\\\/it\\\/produkt-kategorie\\\/sport-it\\\/\"},{\"@type\":\"ListItem\",\"position\":4,\"name\":\"sport con la palla e freccette\",\"item\":\"https:\\\/\\\/schweizversand.ch\\\/it\\\/produkt-kategorie\\\/sport-it\\\/sport-con-la-palla-e-freccette\\\/\"},{\"@type\":\"ListItem\",\"position\":5,\"name\":\"Freccette\",\"item\":\"https:\\\/\\\/schweizversand.ch\\\/it\\\/produkt-kategorie\\\/dart\\\/\"},{\"@type\":\"ListItem\",\"position\":6,\"name\":\"Voli per freccette Winmau Prism Alpha Diablo\"}]},{\"@type\":\"WebSite\",\"@id\":\"https:\\\/\\\/schweizversand.ch\\\/it\\\/#website\",\"url\":\"https:\\\/\\\/schweizversand.ch\\\/it\\\/\",\"name\":\"Schweizer Shop f\u00fcr Sport, Spiel und Freizeit\",\"description\":\"Gratisversand ab 50.- (netto), ab eigenem schweizer Lager, Lieferung innert 48h\",\"publisher\":{\"@id\":\"https:\\\/\\\/schweizversand.ch\\\/it\\\/#organization\"},\"alternateName\":\"Schweizversand.ch\",\"potentialAction\":[{\"@type\":\"SearchAction\",\"target\":{\"@type\":\"EntryPoint\",\"urlTemplate\":\"https:\\\/\\\/schweizversand.ch\\\/it\\\/?s={search_term_string}\"},\"query-input\":{\"@type\":\"PropertyValueSpecification\",\"valueRequired\":true,\"valueName\":\"search_term_string\"}}],\"inLanguage\":\"it-IT\"},{\"@type\":\"Organization\",\"@id\":\"https:\\\/\\\/schweizversand.ch\\\/it\\\/#organization\",\"name\":\"Schweizversand.ch\",\"url\":\"https:\\\/\\\/schweizversand.ch\\\/it\\\/\",\"logo\":{\"@type\":\"ImageObject\",\"inLanguage\":\"it-IT\",\"@id\":\"https:\\\/\\\/schweizversand.ch\\\/it\\\/#\\\/schema\\\/logo\\\/image\\\/\",\"url\":\"https:\\\/\\\/schweizversand.ch\\\/wp-content\\\/uploads\\\/2026\\\/03\\\/Logo_Rund_Final-1.png\",\"contentUrl\":\"https:\\\/\\\/schweizversand.ch\\\/wp-content\\\/uploads\\\/2026\\\/03\\\/Logo_Rund_Final-1.png\",\"width\":404,\"height\":404,\"caption\":\"Schweizversand.ch\"},\"image\":{\"@id\":\"https:\\\/\\\/schweizversand.ch\\\/it\\\/#\\\/schema\\\/logo\\\/image\\\/\"},\"sameAs\":[\"https:\\\/\\\/www.facebook.com\\\/Schweizversand\",\"https:\\\/\\\/www.instagram.com\\\/schweizversand.ch\\\/\"]}]}<\/script>\n<!-- \/ Yoast SEO plugin. -->","yoast_head_json":{"title":"Winmau Prism Alpha Diablo Dart Flights","description":"Erleben Sie Pr\u00e4zision auf h\u00f6chstem Niveau mit den Prism Alpha Diablo Dart Flights \u2013 dem perfekten Upgrade f\u00fcr ambitionierte Dartspieler! Jedes Set enth\u00e4lt 3 F","robots":{"index":"index","follow":"follow","max-snippet":"max-snippet:-1","max-image-preview":"max-image-preview:large","max-video-preview":"max-video-preview:-1"},"canonical":"https:\/\/schweizversand.ch\/it\/produkt\/winmau-prism-alpha-diablo-dart-flights\/","og_locale":"it_IT","og_type":"article","og_title":"Winmau Prism Alpha Diablo Dart Flights","og_description":"Erleben Sie Pr\u00e4zision auf h\u00f6chstem Niveau mit den Prism Alpha Diablo Dart Flights \u2013 dem perfekten Upgrade f\u00fcr ambitionierte Dartspieler! Jedes Set enth\u00e4lt 3 F","og_url":"https:\/\/schweizversand.ch\/it\/produkt\/winmau-prism-alpha-diablo-dart-flights\/","og_site_name":"Schweizer Shop f\u00fcr Sport, Spiel und Freizeit","article_publisher":"https:\/\/www.facebook.com\/Schweizversand","article_modified_time":"2026-04-19T00:06:52+00:00","og_image":[{"width":1024,"height":1024,"url":"https:\/\/schweizversand.ch\/wp-content\/uploads\/2026\/02\/5471875735.jpg","type":"image\/jpeg"}],"twitter_card":"summary_large_image","twitter_misc":{"Tempo di lettura stimato":"1 minuto"},"schema":{"@context":"https:\/\/schema.org","@graph":[{"@type":"WebPage","@id":"https:\/\/schweizversand.ch\/it\/produkt\/winmau-prism-alpha-diablo-dart-flights\/","url":"https:\/\/schweizversand.ch\/it\/produkt\/winmau-prism-alpha-diablo-dart-flights\/","name":"Winmau Prism Alpha Diablo Dart Flights","isPartOf":{"@id":"https:\/\/schweizversand.ch\/it\/#website"},"primaryImageOfPage":{"@id":"https:\/\/schweizversand.ch\/it\/produkt\/winmau-prism-alpha-diablo-dart-flights\/#primaryimage"},"image":{"@id":"https:\/\/schweizversand.ch\/it\/produkt\/winmau-prism-alpha-diablo-dart-flights\/#primaryimage"},"thumbnailUrl":"https:\/\/schweizversand.ch\/wp-content\/uploads\/2026\/02\/5471875735.jpg","datePublished":"2026-03-14T23:56:46+00:00","dateModified":"2026-04-19T00:06:52+00:00","description":"Erleben Sie Pr\u00e4zision auf h\u00f6chstem Niveau mit den Prism Alpha Diablo Dart Flights \u2013 dem perfekten Upgrade f\u00fcr ambitionierte Dartspieler! Jedes Set enth\u00e4lt 3 F","breadcrumb":{"@id":"https:\/\/schweizversand.ch\/it\/produkt\/winmau-prism-alpha-diablo-dart-flights\/#breadcrumb"},"inLanguage":"it-IT","potentialAction":[{"@type":"ReadAction","target":["https:\/\/schweizversand.ch\/it\/produkt\/winmau-prism-alpha-diablo-dart-flights\/"]}]},{"@type":"ImageObject","inLanguage":"it-IT","@id":"https:\/\/schweizversand.ch\/it\/produkt\/winmau-prism-alpha-diablo-dart-flights\/#primaryimage","url":"https:\/\/schweizversand.ch\/wp-content\/uploads\/2026\/02\/5471875735.jpg","contentUrl":"https:\/\/schweizversand.ch\/wp-content\/uploads\/2026\/02\/5471875735.jpg","width":1024,"height":1024},{"@type":"BreadcrumbList","@id":"https:\/\/schweizversand.ch\/it\/produkt\/winmau-prism-alpha-diablo-dart-flights\/#breadcrumb","itemListElement":[{"@type":"ListItem","position":1,"name":"Startseite","item":"https:\/\/schweizversand.ch\/it\/home\/"},{"@type":"ListItem","position":2,"name":"Shop","item":"https:\/\/schweizversand.ch\/it\/shop\/"},{"@type":"ListItem","position":3,"name":"Sport","item":"https:\/\/schweizversand.ch\/it\/produkt-kategorie\/sport-it\/"},{"@type":"ListItem","position":4,"name":"sport con la palla e freccette","item":"https:\/\/schweizversand.ch\/it\/produkt-kategorie\/sport-it\/sport-con-la-palla-e-freccette\/"},{"@type":"ListItem","position":5,"name":"Freccette","item":"https:\/\/schweizversand.ch\/it\/produkt-kategorie\/dart\/"},{"@type":"ListItem","position":6,"name":"Voli per freccette Winmau Prism Alpha Diablo"}]},{"@type":"WebSite","@id":"https:\/\/schweizversand.ch\/it\/#website","url":"https:\/\/schweizversand.ch\/it\/","name":"Schweizer Shop f\u00fcr Sport, Spiel und Freizeit","description":"Gratisversand ab 50.- (netto), ab eigenem schweizer Lager, Lieferung innert 48h","publisher":{"@id":"https:\/\/schweizversand.ch\/it\/#organization"},"alternateName":"Schweizversand.ch","potentialAction":[{"@type":"SearchAction","target":{"@type":"EntryPoint","urlTemplate":"https:\/\/schweizversand.ch\/it\/?s={search_term_string}"},"query-input":{"@type":"PropertyValueSpecification","valueRequired":true,"valueName":"search_term_string"}}],"inLanguage":"it-IT"},{"@type":"Organization","@id":"https:\/\/schweizversand.ch\/it\/#organization","name":"Schweizversand.ch","url":"https:\/\/schweizversand.ch\/it\/","logo":{"@type":"ImageObject","inLanguage":"it-IT","@id":"https:\/\/schweizversand.ch\/it\/#\/schema\/logo\/image\/","url":"https:\/\/schweizversand.ch\/wp-content\/uploads\/2026\/03\/Logo_Rund_Final-1.png","contentUrl":"https:\/\/schweizversand.ch\/wp-content\/uploads\/2026\/03\/Logo_Rund_Final-1.png","width":404,"height":404,"caption":"Schweizversand.ch"},"image":{"@id":"https:\/\/schweizversand.ch\/it\/#\/schema\/logo\/image\/"},"sameAs":["https:\/\/www.facebook.com\/Schweizversand","https:\/\/www.instagram.com\/schweizversand.ch\/"]}]}},"jetpack_sharing_enabled":true,"_links":{"self":[{"href":"https:\/\/schweizversand.ch\/it\/wp-json\/wp\/v2\/product\/260894","targetHints":{"allow":["GET"]}}],"collection":[{"href":"https:\/\/schweizversand.ch\/it\/wp-json\/wp\/v2\/product"}],"about":[{"href":"https:\/\/schweizversand.ch\/it\/wp-json\/wp\/v2\/types\/product"}],"replies":[{"embeddable":true,"href":"https:\/\/schweizversand.ch\/it\/wp-json\/wp\/v2\/comments?post=260894"}],"wp:featuredmedia":[{"embeddable":true,"href":"https:\/\/schweizversand.ch\/it\/wp-json\/wp\/v2\/media\/163460"}],"wp:attachment":[{"href":"https:\/\/schweizversand.ch\/it\/wp-json\/wp\/v2\/media?parent=260894"}],"wp:term":[{"taxonomy":"product_brand","embeddable":true,"href":"https:\/\/schweizversand.ch\/it\/wp-json\/wp\/v2\/product_brand?post=260894"},{"taxonomy":"product_cat","embeddable":true,"href":"https:\/\/schweizversand.ch\/it\/wp-json\/wp\/v2\/product_cat?post=260894"},{"taxonomy":"product_tag","embeddable":true,"href":"https:\/\/schweizversand.ch\/it\/wp-json\/wp\/v2\/product_tag?post=260894"}],"curies":[{"name":"wp","href":"https:\/\/api.w.org\/{rel}","templated":true}]}}