{"id":260895,"date":"2026-03-15T00:56:46","date_gmt":"2026-03-14T23:56:46","guid":{"rendered":"https:\/\/schweizversand.ch\/produkt\/winmau-prism-delta-mvg-trilogy-dart-flights\/"},"modified":"2026-04-19T02:06:52","modified_gmt":"2026-04-19T00:06:52","slug":"winmau-prism-delta-mvg-trilogy-dart-flights","status":"publish","type":"product","link":"https:\/\/schweizversand.ch\/it\/produkt\/winmau-prism-delta-mvg-trilogy-dart-flights\/","title":{"rendered":"Voli Winmau Prism Delta MVG Trilogy Dart"},"content":{"rendered":"<p>Prism Delta MVG Trilogy \u2013 Massima precisione, controllo assoluto con lo speciale design di Michael van Gerwen!<\/p>\n<p>MvG Design Flight Range \u2013 Precisione e prestazioni da professionisti<\/p>\n<p>La MvG Design Flight Range \u00e8 stata sviluppata appositamente per il miglior giocatore di freccette al mondo e combina una tecnologia di volo all&#8217;avanguardia con la massima qualit\u00e0. Grazie a materiali innovativi e ai pi\u00f9 recenti processi di produzione, questa serie di alette offre caratteristiche di volo ottimali, massima stabilit\u00e0 e una superficie di presa tattile per un controllo ottimale.<\/p>\n<p>&#8211; Alette di ultima generazione \u2013 progettate per lanci precisi e una lunga durata<\/p>\n<p>&#8211; Struttura dell&#8217;impugnatura tattile \u2013 migliora la presa durante il lancio e garantisce prestazioni costanti<\/p>\n<p>&#8211; Design professionale \u2013 ispirato a Michael van Gerwen, uno dei pi\u00f9 grandi giocatori di freccette di tutti i tempi<\/p>\n<p>Prestazioni al top della categoria \u2013 equilibrio ottimale tra resistenza, peso e aerodinamica<\/p>\n<p>Porta il tuo gioco a un livello superiore con le alette MvG Design, che tu sia un amatore o un giocatore di tornei ambizioso.<\/p>\n","protected":false},"excerpt":{"rendered":"<p>Winmau Prism Delta MVG Trilogy Dart Flights bieten maximale Pr\u00e4zision, verbesserte Kontrolle und langlebige Performance im Michael van Gerwen Design f\u00fcr Profi-Darts.<\/p>\n","protected":false},"featured_media":163463,"comment_status":"open","ping_status":"closed","template":"","meta":[],"product_brand":[],"product_cat":[38662],"product_tag":[],"class_list":{"0":"post-260895","1":"product","2":"type-product","3":"status-publish","4":"has-post-thumbnail","6":"product_cat-dart","7":"product_shipping_class-global_methods","9":"first","10":"instock","11":"taxable","12":"shipping-taxable","13":"purchasable","14":"product-type-simple"},"yoast_head":"<!-- This site is optimized with the Yoast SEO plugin v27.4 - https:\/\/yoast.com\/product\/yoast-seo-wordpress\/ -->\n<title>Winmau Prism Delta MVG Trilogy Dart Flights<\/title>\n<meta name=\"description\" content=\"Prism Delta MVG Trilogy \u2013 Maximale Pr\u00e4zision, ultimative Kontrolle mit dem speziellen Michael van Gerwen Design!\u00a0 MvG Design Flight Range \u2013 Pr\u00e4zision &amp; Perform\" \/>\n<meta name=\"robots\" content=\"index, follow, max-snippet:-1, max-image-preview:large, max-video-preview:-1\" \/>\n<link rel=\"canonical\" href=\"https:\/\/schweizversand.ch\/it\/produkt\/winmau-prism-delta-mvg-trilogy-dart-flights\/\" \/>\n<meta property=\"og:locale\" content=\"it_IT\" \/>\n<meta property=\"og:type\" content=\"article\" \/>\n<meta property=\"og:title\" content=\"Winmau Prism Delta MVG Trilogy Dart Flights\" \/>\n<meta property=\"og:description\" content=\"Prism Delta MVG Trilogy \u2013 Maximale Pr\u00e4zision, ultimative Kontrolle mit dem speziellen Michael van Gerwen Design!\u00a0 MvG Design Flight Range \u2013 Pr\u00e4zision &amp; Perform\" \/>\n<meta property=\"og:url\" content=\"https:\/\/schweizversand.ch\/it\/produkt\/winmau-prism-delta-mvg-trilogy-dart-flights\/\" \/>\n<meta property=\"og:site_name\" content=\"Schweizer Shop f\u00fcr Sport, Spiel und Freizeit\" \/>\n<meta property=\"article:publisher\" content=\"https:\/\/www.facebook.com\/Schweizversand\" \/>\n<meta property=\"article:modified_time\" content=\"2026-04-19T00:06:52+00:00\" \/>\n<meta property=\"og:image\" content=\"https:\/\/schweizversand.ch\/wp-content\/uploads\/2026\/02\/5471942301.jpg\" \/>\n\t<meta property=\"og:image:width\" content=\"1024\" \/>\n\t<meta property=\"og:image:height\" content=\"1024\" \/>\n\t<meta property=\"og:image:type\" content=\"image\/jpeg\" \/>\n<meta name=\"twitter:card\" content=\"summary_large_image\" \/>\n<meta name=\"twitter:label1\" content=\"Tempo di lettura stimato\" \/>\n\t<meta name=\"twitter:data1\" content=\"1 minuto\" \/>\n<script type=\"application\/ld+json\" class=\"yoast-schema-graph\">{\"@context\":\"https:\\\/\\\/schema.org\",\"@graph\":[{\"@type\":\"WebPage\",\"@id\":\"https:\\\/\\\/schweizversand.ch\\\/it\\\/produkt\\\/winmau-prism-delta-mvg-trilogy-dart-flights\\\/\",\"url\":\"https:\\\/\\\/schweizversand.ch\\\/it\\\/produkt\\\/winmau-prism-delta-mvg-trilogy-dart-flights\\\/\",\"name\":\"Winmau Prism Delta MVG Trilogy Dart Flights\",\"isPartOf\":{\"@id\":\"https:\\\/\\\/schweizversand.ch\\\/it\\\/#website\"},\"primaryImageOfPage\":{\"@id\":\"https:\\\/\\\/schweizversand.ch\\\/it\\\/produkt\\\/winmau-prism-delta-mvg-trilogy-dart-flights\\\/#primaryimage\"},\"image\":{\"@id\":\"https:\\\/\\\/schweizversand.ch\\\/it\\\/produkt\\\/winmau-prism-delta-mvg-trilogy-dart-flights\\\/#primaryimage\"},\"thumbnailUrl\":\"https:\\\/\\\/schweizversand.ch\\\/wp-content\\\/uploads\\\/2026\\\/02\\\/5471942301.jpg\",\"datePublished\":\"2026-03-14T23:56:46+00:00\",\"dateModified\":\"2026-04-19T00:06:52+00:00\",\"description\":\"Prism Delta MVG Trilogy \u2013 Maximale Pr\u00e4zision, ultimative Kontrolle mit dem speziellen Michael van Gerwen Design!\u00a0 MvG Design Flight Range \u2013 Pr\u00e4zision & Perform\",\"breadcrumb\":{\"@id\":\"https:\\\/\\\/schweizversand.ch\\\/it\\\/produkt\\\/winmau-prism-delta-mvg-trilogy-dart-flights\\\/#breadcrumb\"},\"inLanguage\":\"it-IT\",\"potentialAction\":[{\"@type\":\"ReadAction\",\"target\":[\"https:\\\/\\\/schweizversand.ch\\\/it\\\/produkt\\\/winmau-prism-delta-mvg-trilogy-dart-flights\\\/\"]}]},{\"@type\":\"ImageObject\",\"inLanguage\":\"it-IT\",\"@id\":\"https:\\\/\\\/schweizversand.ch\\\/it\\\/produkt\\\/winmau-prism-delta-mvg-trilogy-dart-flights\\\/#primaryimage\",\"url\":\"https:\\\/\\\/schweizversand.ch\\\/wp-content\\\/uploads\\\/2026\\\/02\\\/5471942301.jpg\",\"contentUrl\":\"https:\\\/\\\/schweizversand.ch\\\/wp-content\\\/uploads\\\/2026\\\/02\\\/5471942301.jpg\",\"width\":1024,\"height\":1024},{\"@type\":\"BreadcrumbList\",\"@id\":\"https:\\\/\\\/schweizversand.ch\\\/it\\\/produkt\\\/winmau-prism-delta-mvg-trilogy-dart-flights\\\/#breadcrumb\",\"itemListElement\":[{\"@type\":\"ListItem\",\"position\":1,\"name\":\"Startseite\",\"item\":\"https:\\\/\\\/schweizversand.ch\\\/it\\\/home\\\/\"},{\"@type\":\"ListItem\",\"position\":2,\"name\":\"Shop\",\"item\":\"https:\\\/\\\/schweizversand.ch\\\/it\\\/shop\\\/\"},{\"@type\":\"ListItem\",\"position\":3,\"name\":\"Sport\",\"item\":\"https:\\\/\\\/schweizversand.ch\\\/it\\\/produkt-kategorie\\\/sport-it\\\/\"},{\"@type\":\"ListItem\",\"position\":4,\"name\":\"sport con la palla e freccette\",\"item\":\"https:\\\/\\\/schweizversand.ch\\\/it\\\/produkt-kategorie\\\/sport-it\\\/sport-con-la-palla-e-freccette\\\/\"},{\"@type\":\"ListItem\",\"position\":5,\"name\":\"Freccette\",\"item\":\"https:\\\/\\\/schweizversand.ch\\\/it\\\/produkt-kategorie\\\/dart\\\/\"},{\"@type\":\"ListItem\",\"position\":6,\"name\":\"Voli Winmau Prism Delta MVG Trilogy Dart\"}]},{\"@type\":\"WebSite\",\"@id\":\"https:\\\/\\\/schweizversand.ch\\\/it\\\/#website\",\"url\":\"https:\\\/\\\/schweizversand.ch\\\/it\\\/\",\"name\":\"Schweizer Shop f\u00fcr Sport, Spiel und Freizeit\",\"description\":\"Gratisversand ab 50.- (netto), ab eigenem schweizer Lager, Lieferung innert 48h\",\"publisher\":{\"@id\":\"https:\\\/\\\/schweizversand.ch\\\/it\\\/#organization\"},\"alternateName\":\"Schweizversand.ch\",\"potentialAction\":[{\"@type\":\"SearchAction\",\"target\":{\"@type\":\"EntryPoint\",\"urlTemplate\":\"https:\\\/\\\/schweizversand.ch\\\/it\\\/?s={search_term_string}\"},\"query-input\":{\"@type\":\"PropertyValueSpecification\",\"valueRequired\":true,\"valueName\":\"search_term_string\"}}],\"inLanguage\":\"it-IT\"},{\"@type\":\"Organization\",\"@id\":\"https:\\\/\\\/schweizversand.ch\\\/it\\\/#organization\",\"name\":\"Schweizversand.ch\",\"url\":\"https:\\\/\\\/schweizversand.ch\\\/it\\\/\",\"logo\":{\"@type\":\"ImageObject\",\"inLanguage\":\"it-IT\",\"@id\":\"https:\\\/\\\/schweizversand.ch\\\/it\\\/#\\\/schema\\\/logo\\\/image\\\/\",\"url\":\"https:\\\/\\\/schweizversand.ch\\\/wp-content\\\/uploads\\\/2026\\\/03\\\/Logo_Rund_Final-1.png\",\"contentUrl\":\"https:\\\/\\\/schweizversand.ch\\\/wp-content\\\/uploads\\\/2026\\\/03\\\/Logo_Rund_Final-1.png\",\"width\":404,\"height\":404,\"caption\":\"Schweizversand.ch\"},\"image\":{\"@id\":\"https:\\\/\\\/schweizversand.ch\\\/it\\\/#\\\/schema\\\/logo\\\/image\\\/\"},\"sameAs\":[\"https:\\\/\\\/www.facebook.com\\\/Schweizversand\",\"https:\\\/\\\/www.instagram.com\\\/schweizversand.ch\\\/\"]}]}<\/script>\n<!-- \/ Yoast SEO plugin. -->","yoast_head_json":{"title":"Winmau Prism Delta MVG Trilogy Dart Flights","description":"Prism Delta MVG Trilogy \u2013 Maximale Pr\u00e4zision, ultimative Kontrolle mit dem speziellen Michael van Gerwen Design!\u00a0 MvG Design Flight Range \u2013 Pr\u00e4zision & Perform","robots":{"index":"index","follow":"follow","max-snippet":"max-snippet:-1","max-image-preview":"max-image-preview:large","max-video-preview":"max-video-preview:-1"},"canonical":"https:\/\/schweizversand.ch\/it\/produkt\/winmau-prism-delta-mvg-trilogy-dart-flights\/","og_locale":"it_IT","og_type":"article","og_title":"Winmau Prism Delta MVG Trilogy Dart Flights","og_description":"Prism Delta MVG Trilogy \u2013 Maximale Pr\u00e4zision, ultimative Kontrolle mit dem speziellen Michael van Gerwen Design!\u00a0 MvG Design Flight Range \u2013 Pr\u00e4zision & Perform","og_url":"https:\/\/schweizversand.ch\/it\/produkt\/winmau-prism-delta-mvg-trilogy-dart-flights\/","og_site_name":"Schweizer Shop f\u00fcr Sport, Spiel und Freizeit","article_publisher":"https:\/\/www.facebook.com\/Schweizversand","article_modified_time":"2026-04-19T00:06:52+00:00","og_image":[{"width":1024,"height":1024,"url":"https:\/\/schweizversand.ch\/wp-content\/uploads\/2026\/02\/5471942301.jpg","type":"image\/jpeg"}],"twitter_card":"summary_large_image","twitter_misc":{"Tempo di lettura stimato":"1 minuto"},"schema":{"@context":"https:\/\/schema.org","@graph":[{"@type":"WebPage","@id":"https:\/\/schweizversand.ch\/it\/produkt\/winmau-prism-delta-mvg-trilogy-dart-flights\/","url":"https:\/\/schweizversand.ch\/it\/produkt\/winmau-prism-delta-mvg-trilogy-dart-flights\/","name":"Winmau Prism Delta MVG Trilogy Dart Flights","isPartOf":{"@id":"https:\/\/schweizversand.ch\/it\/#website"},"primaryImageOfPage":{"@id":"https:\/\/schweizversand.ch\/it\/produkt\/winmau-prism-delta-mvg-trilogy-dart-flights\/#primaryimage"},"image":{"@id":"https:\/\/schweizversand.ch\/it\/produkt\/winmau-prism-delta-mvg-trilogy-dart-flights\/#primaryimage"},"thumbnailUrl":"https:\/\/schweizversand.ch\/wp-content\/uploads\/2026\/02\/5471942301.jpg","datePublished":"2026-03-14T23:56:46+00:00","dateModified":"2026-04-19T00:06:52+00:00","description":"Prism Delta MVG Trilogy \u2013 Maximale Pr\u00e4zision, ultimative Kontrolle mit dem speziellen Michael van Gerwen Design!\u00a0 MvG Design Flight Range \u2013 Pr\u00e4zision & Perform","breadcrumb":{"@id":"https:\/\/schweizversand.ch\/it\/produkt\/winmau-prism-delta-mvg-trilogy-dart-flights\/#breadcrumb"},"inLanguage":"it-IT","potentialAction":[{"@type":"ReadAction","target":["https:\/\/schweizversand.ch\/it\/produkt\/winmau-prism-delta-mvg-trilogy-dart-flights\/"]}]},{"@type":"ImageObject","inLanguage":"it-IT","@id":"https:\/\/schweizversand.ch\/it\/produkt\/winmau-prism-delta-mvg-trilogy-dart-flights\/#primaryimage","url":"https:\/\/schweizversand.ch\/wp-content\/uploads\/2026\/02\/5471942301.jpg","contentUrl":"https:\/\/schweizversand.ch\/wp-content\/uploads\/2026\/02\/5471942301.jpg","width":1024,"height":1024},{"@type":"BreadcrumbList","@id":"https:\/\/schweizversand.ch\/it\/produkt\/winmau-prism-delta-mvg-trilogy-dart-flights\/#breadcrumb","itemListElement":[{"@type":"ListItem","position":1,"name":"Startseite","item":"https:\/\/schweizversand.ch\/it\/home\/"},{"@type":"ListItem","position":2,"name":"Shop","item":"https:\/\/schweizversand.ch\/it\/shop\/"},{"@type":"ListItem","position":3,"name":"Sport","item":"https:\/\/schweizversand.ch\/it\/produkt-kategorie\/sport-it\/"},{"@type":"ListItem","position":4,"name":"sport con la palla e freccette","item":"https:\/\/schweizversand.ch\/it\/produkt-kategorie\/sport-it\/sport-con-la-palla-e-freccette\/"},{"@type":"ListItem","position":5,"name":"Freccette","item":"https:\/\/schweizversand.ch\/it\/produkt-kategorie\/dart\/"},{"@type":"ListItem","position":6,"name":"Voli Winmau Prism Delta MVG Trilogy Dart"}]},{"@type":"WebSite","@id":"https:\/\/schweizversand.ch\/it\/#website","url":"https:\/\/schweizversand.ch\/it\/","name":"Schweizer Shop f\u00fcr Sport, Spiel und Freizeit","description":"Gratisversand ab 50.- (netto), ab eigenem schweizer Lager, Lieferung innert 48h","publisher":{"@id":"https:\/\/schweizversand.ch\/it\/#organization"},"alternateName":"Schweizversand.ch","potentialAction":[{"@type":"SearchAction","target":{"@type":"EntryPoint","urlTemplate":"https:\/\/schweizversand.ch\/it\/?s={search_term_string}"},"query-input":{"@type":"PropertyValueSpecification","valueRequired":true,"valueName":"search_term_string"}}],"inLanguage":"it-IT"},{"@type":"Organization","@id":"https:\/\/schweizversand.ch\/it\/#organization","name":"Schweizversand.ch","url":"https:\/\/schweizversand.ch\/it\/","logo":{"@type":"ImageObject","inLanguage":"it-IT","@id":"https:\/\/schweizversand.ch\/it\/#\/schema\/logo\/image\/","url":"https:\/\/schweizversand.ch\/wp-content\/uploads\/2026\/03\/Logo_Rund_Final-1.png","contentUrl":"https:\/\/schweizversand.ch\/wp-content\/uploads\/2026\/03\/Logo_Rund_Final-1.png","width":404,"height":404,"caption":"Schweizversand.ch"},"image":{"@id":"https:\/\/schweizversand.ch\/it\/#\/schema\/logo\/image\/"},"sameAs":["https:\/\/www.facebook.com\/Schweizversand","https:\/\/www.instagram.com\/schweizversand.ch\/"]}]}},"jetpack_sharing_enabled":true,"_links":{"self":[{"href":"https:\/\/schweizversand.ch\/it\/wp-json\/wp\/v2\/product\/260895","targetHints":{"allow":["GET"]}}],"collection":[{"href":"https:\/\/schweizversand.ch\/it\/wp-json\/wp\/v2\/product"}],"about":[{"href":"https:\/\/schweizversand.ch\/it\/wp-json\/wp\/v2\/types\/product"}],"replies":[{"embeddable":true,"href":"https:\/\/schweizversand.ch\/it\/wp-json\/wp\/v2\/comments?post=260895"}],"wp:featuredmedia":[{"embeddable":true,"href":"https:\/\/schweizversand.ch\/it\/wp-json\/wp\/v2\/media\/163463"}],"wp:attachment":[{"href":"https:\/\/schweizversand.ch\/it\/wp-json\/wp\/v2\/media?parent=260895"}],"wp:term":[{"taxonomy":"product_brand","embeddable":true,"href":"https:\/\/schweizversand.ch\/it\/wp-json\/wp\/v2\/product_brand?post=260895"},{"taxonomy":"product_cat","embeddable":true,"href":"https:\/\/schweizversand.ch\/it\/wp-json\/wp\/v2\/product_cat?post=260895"},{"taxonomy":"product_tag","embeddable":true,"href":"https:\/\/schweizversand.ch\/it\/wp-json\/wp\/v2\/product_tag?post=260895"}],"curies":[{"name":"wp","href":"https:\/\/api.w.org\/{rel}","templated":true}]}}