{"id":260897,"date":"2026-03-15T00:56:46","date_gmt":"2026-03-14T23:56:46","guid":{"rendered":"https:\/\/schweizversand.ch\/produkt\/winmau-aspria-steel-dartpfeile-26g\/"},"modified":"2026-04-19T02:06:52","modified_gmt":"2026-04-19T00:06:52","slug":"winmau-aspria-steel-dartpfeile-26g","status":"publish","type":"product","link":"https:\/\/schweizversand.ch\/it\/produkt\/winmau-aspria-steel-dartpfeile-26g\/","title":{"rendered":"Freccette Winmau Aspria Steel 26G"},"content":{"rendered":"<p>Prendi il controllo del bersaglio con le freccette Aspria: strumenti di precisione realizzati in tungsteno di alta qualit\u00e0 all&#8217;85% che combinano un profilo sottile con un peso perfetto. Il design dell&#8217;impugnatura, scientificamente sviluppato, garantisce un controllo eccezionale in ogni fase del tiro. La sofisticata struttura del corpo combina diverse zone di presa per consentire un posizionamento naturale delle dita, per lanci costanti, lancio dopo lancio.<\/p>\n<\/p>\n<p>Ogni corpo viene sottoposto a rigorosi controlli di qualit\u00e0 per garantire una distribuzione ottimale del peso e una precisione aerodinamica. L&#8217;elegante finitura non \u00e8 solo esteticamente gradevole, ma offre anche una presa affidabile, indipendentemente dalle condizioni di gioco. Per giocatori ambiziosi che sanno che un&#8217;attrezzatura di alta qualit\u00e0 \u00e8 la chiave per prestazioni costanti. Freccette Aspria: qualit\u00e0 da torneo per il tuo gioco quando conta.<\/p>\n<\/p>\n<p>Dettagli:<\/p>\n<\/p>\n<p>\u2022 Alette: X1 Prism Alpha Standard extra spesse<\/p>\n<\/p>\n<p>\u2022 Aste: x1 Prisma Force medie<\/p>\n<\/p>\n<p>\u2022 Peso del corpo: 24 grammi<\/p>\n<\/p>\n<p>\u2022 Materiale: 95%\/85% tungsteno Dual Core<\/p>\n<\/p>\n<p>\u2022 Distribuzione del peso: Centrale<\/p>\n<\/p>\n<p>\u2022 Profilo del corpo: Parallelo<\/p>\n<\/p>\n<p>\u2022 Profilo anteriore: Conico<\/p>\n<\/p>\n<p>\u2022 Tipo di punta: Nera, resistente<\/p>\n<\/p>\n<p>\u2022 Caratteristiche dell&#8217;impugnatura per freccette<\/p>\n<\/p>\n<p>&#8211; Zona di presa: Lunga<\/p>\n<\/p>\n<p>&#8211; Tipo di impugnatura: Axle grip<\/p>\n<\/p>\n<p>&#8211; Livello di presa: 5 (1 = Morbido, 5 = Aggressivo)<\/p>\n<\/p>\n<p>\u2022 Superficie: Lucidata<\/p>\n<\/p>\n<p>\u2022 Dimensioni: 6,7 mm x 50,8 mm<\/p>\n","protected":false},"excerpt":{"rendered":"<p>Winmau Aspria Steel Dartpfeile 26G bieten pr\u00e4zises 85% Tungsten, perfektes Gewicht und innovatives Griffdesign f\u00fcr maximale Kontrolle und konstante W\u00fcrfe.<\/p>\n","protected":false},"featured_media":163479,"comment_status":"open","ping_status":"closed","template":"","meta":[],"product_brand":[],"product_cat":[38662],"product_tag":[],"class_list":{"0":"post-260897","1":"product","2":"type-product","3":"status-publish","4":"has-post-thumbnail","6":"product_cat-dart","7":"product_shipping_class-global_methods","9":"first","10":"instock","11":"taxable","12":"shipping-taxable","13":"purchasable","14":"product-type-simple"},"yoast_head":"<!-- This site is optimized with the Yoast SEO plugin v27.4 - https:\/\/yoast.com\/product\/yoast-seo-wordpress\/ -->\n<title>Winmau Aspria Steel Dartpfeile 26G<\/title>\n<meta name=\"description\" content=\"\u00dcbernimm die Kontrolle am Dartboard mit den Aspria Darts \u2013 Pr\u00e4zisionswerkzeuge aus hochwertigem 85% Tungsten, die ein schlankes Profil mit perfektem Gewicht ver\" \/>\n<meta name=\"robots\" content=\"index, follow, max-snippet:-1, max-image-preview:large, max-video-preview:-1\" \/>\n<link rel=\"canonical\" href=\"https:\/\/schweizversand.ch\/it\/produkt\/winmau-aspria-steel-dartpfeile-26g\/\" \/>\n<meta property=\"og:locale\" content=\"it_IT\" \/>\n<meta property=\"og:type\" content=\"article\" \/>\n<meta property=\"og:title\" content=\"Winmau Aspria Steel Dartpfeile 26G\" \/>\n<meta property=\"og:description\" content=\"\u00dcbernimm die Kontrolle am Dartboard mit den Aspria Darts \u2013 Pr\u00e4zisionswerkzeuge aus hochwertigem 85% Tungsten, die ein schlankes Profil mit perfektem Gewicht ver\" \/>\n<meta property=\"og:url\" content=\"https:\/\/schweizversand.ch\/it\/produkt\/winmau-aspria-steel-dartpfeile-26g\/\" \/>\n<meta property=\"og:site_name\" content=\"Schweizer Shop f\u00fcr Sport, Spiel und Freizeit\" \/>\n<meta property=\"article:publisher\" content=\"https:\/\/www.facebook.com\/Schweizversand\" \/>\n<meta property=\"article:modified_time\" content=\"2026-04-19T00:06:52+00:00\" \/>\n<meta property=\"og:image\" content=\"https:\/\/schweizversand.ch\/wp-content\/uploads\/2026\/02\/5471875837.jpg\" \/>\n\t<meta property=\"og:image:width\" content=\"1024\" \/>\n\t<meta property=\"og:image:height\" content=\"1024\" \/>\n\t<meta property=\"og:image:type\" content=\"image\/jpeg\" \/>\n<meta name=\"twitter:card\" content=\"summary_large_image\" \/>\n<meta name=\"twitter:label1\" content=\"Tempo di lettura stimato\" \/>\n\t<meta name=\"twitter:data1\" content=\"1 minuto\" \/>\n<script type=\"application\/ld+json\" class=\"yoast-schema-graph\">{\"@context\":\"https:\\\/\\\/schema.org\",\"@graph\":[{\"@type\":\"WebPage\",\"@id\":\"https:\\\/\\\/schweizversand.ch\\\/it\\\/produkt\\\/winmau-aspria-steel-dartpfeile-26g\\\/\",\"url\":\"https:\\\/\\\/schweizversand.ch\\\/it\\\/produkt\\\/winmau-aspria-steel-dartpfeile-26g\\\/\",\"name\":\"Winmau Aspria Steel Dartpfeile 26G\",\"isPartOf\":{\"@id\":\"https:\\\/\\\/schweizversand.ch\\\/it\\\/#website\"},\"primaryImageOfPage\":{\"@id\":\"https:\\\/\\\/schweizversand.ch\\\/it\\\/produkt\\\/winmau-aspria-steel-dartpfeile-26g\\\/#primaryimage\"},\"image\":{\"@id\":\"https:\\\/\\\/schweizversand.ch\\\/it\\\/produkt\\\/winmau-aspria-steel-dartpfeile-26g\\\/#primaryimage\"},\"thumbnailUrl\":\"https:\\\/\\\/schweizversand.ch\\\/wp-content\\\/uploads\\\/2026\\\/02\\\/5471875837.jpg\",\"datePublished\":\"2026-03-14T23:56:46+00:00\",\"dateModified\":\"2026-04-19T00:06:52+00:00\",\"description\":\"\u00dcbernimm die Kontrolle am Dartboard mit den Aspria Darts \u2013 Pr\u00e4zisionswerkzeuge aus hochwertigem 85% Tungsten, die ein schlankes Profil mit perfektem Gewicht ver\",\"breadcrumb\":{\"@id\":\"https:\\\/\\\/schweizversand.ch\\\/it\\\/produkt\\\/winmau-aspria-steel-dartpfeile-26g\\\/#breadcrumb\"},\"inLanguage\":\"it-IT\",\"potentialAction\":[{\"@type\":\"ReadAction\",\"target\":[\"https:\\\/\\\/schweizversand.ch\\\/it\\\/produkt\\\/winmau-aspria-steel-dartpfeile-26g\\\/\"]}]},{\"@type\":\"ImageObject\",\"inLanguage\":\"it-IT\",\"@id\":\"https:\\\/\\\/schweizversand.ch\\\/it\\\/produkt\\\/winmau-aspria-steel-dartpfeile-26g\\\/#primaryimage\",\"url\":\"https:\\\/\\\/schweizversand.ch\\\/wp-content\\\/uploads\\\/2026\\\/02\\\/5471875837.jpg\",\"contentUrl\":\"https:\\\/\\\/schweizversand.ch\\\/wp-content\\\/uploads\\\/2026\\\/02\\\/5471875837.jpg\",\"width\":1024,\"height\":1024},{\"@type\":\"BreadcrumbList\",\"@id\":\"https:\\\/\\\/schweizversand.ch\\\/it\\\/produkt\\\/winmau-aspria-steel-dartpfeile-26g\\\/#breadcrumb\",\"itemListElement\":[{\"@type\":\"ListItem\",\"position\":1,\"name\":\"Startseite\",\"item\":\"https:\\\/\\\/schweizversand.ch\\\/it\\\/home\\\/\"},{\"@type\":\"ListItem\",\"position\":2,\"name\":\"Shop\",\"item\":\"https:\\\/\\\/schweizversand.ch\\\/it\\\/shop\\\/\"},{\"@type\":\"ListItem\",\"position\":3,\"name\":\"Sport\",\"item\":\"https:\\\/\\\/schweizversand.ch\\\/it\\\/produkt-kategorie\\\/sport-it\\\/\"},{\"@type\":\"ListItem\",\"position\":4,\"name\":\"sport con la palla e freccette\",\"item\":\"https:\\\/\\\/schweizversand.ch\\\/it\\\/produkt-kategorie\\\/sport-it\\\/sport-con-la-palla-e-freccette\\\/\"},{\"@type\":\"ListItem\",\"position\":5,\"name\":\"Freccette\",\"item\":\"https:\\\/\\\/schweizversand.ch\\\/it\\\/produkt-kategorie\\\/dart\\\/\"},{\"@type\":\"ListItem\",\"position\":6,\"name\":\"Freccette Winmau Aspria Steel 26G\"}]},{\"@type\":\"WebSite\",\"@id\":\"https:\\\/\\\/schweizversand.ch\\\/it\\\/#website\",\"url\":\"https:\\\/\\\/schweizversand.ch\\\/it\\\/\",\"name\":\"Schweizer Shop f\u00fcr Sport, Spiel und Freizeit\",\"description\":\"Gratisversand ab 50.- (netto), ab eigenem schweizer Lager, Lieferung innert 48h\",\"publisher\":{\"@id\":\"https:\\\/\\\/schweizversand.ch\\\/it\\\/#organization\"},\"alternateName\":\"Schweizversand.ch\",\"potentialAction\":[{\"@type\":\"SearchAction\",\"target\":{\"@type\":\"EntryPoint\",\"urlTemplate\":\"https:\\\/\\\/schweizversand.ch\\\/it\\\/?s={search_term_string}\"},\"query-input\":{\"@type\":\"PropertyValueSpecification\",\"valueRequired\":true,\"valueName\":\"search_term_string\"}}],\"inLanguage\":\"it-IT\"},{\"@type\":\"Organization\",\"@id\":\"https:\\\/\\\/schweizversand.ch\\\/it\\\/#organization\",\"name\":\"Schweizversand.ch\",\"url\":\"https:\\\/\\\/schweizversand.ch\\\/it\\\/\",\"logo\":{\"@type\":\"ImageObject\",\"inLanguage\":\"it-IT\",\"@id\":\"https:\\\/\\\/schweizversand.ch\\\/it\\\/#\\\/schema\\\/logo\\\/image\\\/\",\"url\":\"https:\\\/\\\/schweizversand.ch\\\/wp-content\\\/uploads\\\/2026\\\/03\\\/Logo_Rund_Final-1.png\",\"contentUrl\":\"https:\\\/\\\/schweizversand.ch\\\/wp-content\\\/uploads\\\/2026\\\/03\\\/Logo_Rund_Final-1.png\",\"width\":404,\"height\":404,\"caption\":\"Schweizversand.ch\"},\"image\":{\"@id\":\"https:\\\/\\\/schweizversand.ch\\\/it\\\/#\\\/schema\\\/logo\\\/image\\\/\"},\"sameAs\":[\"https:\\\/\\\/www.facebook.com\\\/Schweizversand\",\"https:\\\/\\\/www.instagram.com\\\/schweizversand.ch\\\/\"]}]}<\/script>\n<!-- \/ Yoast SEO plugin. -->","yoast_head_json":{"title":"Winmau Aspria Steel Dartpfeile 26G","description":"\u00dcbernimm die Kontrolle am Dartboard mit den Aspria Darts \u2013 Pr\u00e4zisionswerkzeuge aus hochwertigem 85% Tungsten, die ein schlankes Profil mit perfektem Gewicht ver","robots":{"index":"index","follow":"follow","max-snippet":"max-snippet:-1","max-image-preview":"max-image-preview:large","max-video-preview":"max-video-preview:-1"},"canonical":"https:\/\/schweizversand.ch\/it\/produkt\/winmau-aspria-steel-dartpfeile-26g\/","og_locale":"it_IT","og_type":"article","og_title":"Winmau Aspria Steel Dartpfeile 26G","og_description":"\u00dcbernimm die Kontrolle am Dartboard mit den Aspria Darts \u2013 Pr\u00e4zisionswerkzeuge aus hochwertigem 85% Tungsten, die ein schlankes Profil mit perfektem Gewicht ver","og_url":"https:\/\/schweizversand.ch\/it\/produkt\/winmau-aspria-steel-dartpfeile-26g\/","og_site_name":"Schweizer Shop f\u00fcr Sport, Spiel und Freizeit","article_publisher":"https:\/\/www.facebook.com\/Schweizversand","article_modified_time":"2026-04-19T00:06:52+00:00","og_image":[{"width":1024,"height":1024,"url":"https:\/\/schweizversand.ch\/wp-content\/uploads\/2026\/02\/5471875837.jpg","type":"image\/jpeg"}],"twitter_card":"summary_large_image","twitter_misc":{"Tempo di lettura stimato":"1 minuto"},"schema":{"@context":"https:\/\/schema.org","@graph":[{"@type":"WebPage","@id":"https:\/\/schweizversand.ch\/it\/produkt\/winmau-aspria-steel-dartpfeile-26g\/","url":"https:\/\/schweizversand.ch\/it\/produkt\/winmau-aspria-steel-dartpfeile-26g\/","name":"Winmau Aspria Steel Dartpfeile 26G","isPartOf":{"@id":"https:\/\/schweizversand.ch\/it\/#website"},"primaryImageOfPage":{"@id":"https:\/\/schweizversand.ch\/it\/produkt\/winmau-aspria-steel-dartpfeile-26g\/#primaryimage"},"image":{"@id":"https:\/\/schweizversand.ch\/it\/produkt\/winmau-aspria-steel-dartpfeile-26g\/#primaryimage"},"thumbnailUrl":"https:\/\/schweizversand.ch\/wp-content\/uploads\/2026\/02\/5471875837.jpg","datePublished":"2026-03-14T23:56:46+00:00","dateModified":"2026-04-19T00:06:52+00:00","description":"\u00dcbernimm die Kontrolle am Dartboard mit den Aspria Darts \u2013 Pr\u00e4zisionswerkzeuge aus hochwertigem 85% Tungsten, die ein schlankes Profil mit perfektem Gewicht ver","breadcrumb":{"@id":"https:\/\/schweizversand.ch\/it\/produkt\/winmau-aspria-steel-dartpfeile-26g\/#breadcrumb"},"inLanguage":"it-IT","potentialAction":[{"@type":"ReadAction","target":["https:\/\/schweizversand.ch\/it\/produkt\/winmau-aspria-steel-dartpfeile-26g\/"]}]},{"@type":"ImageObject","inLanguage":"it-IT","@id":"https:\/\/schweizversand.ch\/it\/produkt\/winmau-aspria-steel-dartpfeile-26g\/#primaryimage","url":"https:\/\/schweizversand.ch\/wp-content\/uploads\/2026\/02\/5471875837.jpg","contentUrl":"https:\/\/schweizversand.ch\/wp-content\/uploads\/2026\/02\/5471875837.jpg","width":1024,"height":1024},{"@type":"BreadcrumbList","@id":"https:\/\/schweizversand.ch\/it\/produkt\/winmau-aspria-steel-dartpfeile-26g\/#breadcrumb","itemListElement":[{"@type":"ListItem","position":1,"name":"Startseite","item":"https:\/\/schweizversand.ch\/it\/home\/"},{"@type":"ListItem","position":2,"name":"Shop","item":"https:\/\/schweizversand.ch\/it\/shop\/"},{"@type":"ListItem","position":3,"name":"Sport","item":"https:\/\/schweizversand.ch\/it\/produkt-kategorie\/sport-it\/"},{"@type":"ListItem","position":4,"name":"sport con la palla e freccette","item":"https:\/\/schweizversand.ch\/it\/produkt-kategorie\/sport-it\/sport-con-la-palla-e-freccette\/"},{"@type":"ListItem","position":5,"name":"Freccette","item":"https:\/\/schweizversand.ch\/it\/produkt-kategorie\/dart\/"},{"@type":"ListItem","position":6,"name":"Freccette Winmau Aspria Steel 26G"}]},{"@type":"WebSite","@id":"https:\/\/schweizversand.ch\/it\/#website","url":"https:\/\/schweizversand.ch\/it\/","name":"Schweizer Shop f\u00fcr Sport, Spiel und Freizeit","description":"Gratisversand ab 50.- (netto), ab eigenem schweizer Lager, Lieferung innert 48h","publisher":{"@id":"https:\/\/schweizversand.ch\/it\/#organization"},"alternateName":"Schweizversand.ch","potentialAction":[{"@type":"SearchAction","target":{"@type":"EntryPoint","urlTemplate":"https:\/\/schweizversand.ch\/it\/?s={search_term_string}"},"query-input":{"@type":"PropertyValueSpecification","valueRequired":true,"valueName":"search_term_string"}}],"inLanguage":"it-IT"},{"@type":"Organization","@id":"https:\/\/schweizversand.ch\/it\/#organization","name":"Schweizversand.ch","url":"https:\/\/schweizversand.ch\/it\/","logo":{"@type":"ImageObject","inLanguage":"it-IT","@id":"https:\/\/schweizversand.ch\/it\/#\/schema\/logo\/image\/","url":"https:\/\/schweizversand.ch\/wp-content\/uploads\/2026\/03\/Logo_Rund_Final-1.png","contentUrl":"https:\/\/schweizversand.ch\/wp-content\/uploads\/2026\/03\/Logo_Rund_Final-1.png","width":404,"height":404,"caption":"Schweizversand.ch"},"image":{"@id":"https:\/\/schweizversand.ch\/it\/#\/schema\/logo\/image\/"},"sameAs":["https:\/\/www.facebook.com\/Schweizversand","https:\/\/www.instagram.com\/schweizversand.ch\/"]}]}},"jetpack_sharing_enabled":true,"_links":{"self":[{"href":"https:\/\/schweizversand.ch\/it\/wp-json\/wp\/v2\/product\/260897","targetHints":{"allow":["GET"]}}],"collection":[{"href":"https:\/\/schweizversand.ch\/it\/wp-json\/wp\/v2\/product"}],"about":[{"href":"https:\/\/schweizversand.ch\/it\/wp-json\/wp\/v2\/types\/product"}],"replies":[{"embeddable":true,"href":"https:\/\/schweizversand.ch\/it\/wp-json\/wp\/v2\/comments?post=260897"}],"wp:featuredmedia":[{"embeddable":true,"href":"https:\/\/schweizversand.ch\/it\/wp-json\/wp\/v2\/media\/163479"}],"wp:attachment":[{"href":"https:\/\/schweizversand.ch\/it\/wp-json\/wp\/v2\/media?parent=260897"}],"wp:term":[{"taxonomy":"product_brand","embeddable":true,"href":"https:\/\/schweizversand.ch\/it\/wp-json\/wp\/v2\/product_brand?post=260897"},{"taxonomy":"product_cat","embeddable":true,"href":"https:\/\/schweizversand.ch\/it\/wp-json\/wp\/v2\/product_cat?post=260897"},{"taxonomy":"product_tag","embeddable":true,"href":"https:\/\/schweizversand.ch\/it\/wp-json\/wp\/v2\/product_tag?post=260897"}],"curies":[{"name":"wp","href":"https:\/\/api.w.org\/{rel}","templated":true}]}}