{"id":260901,"date":"2026-03-15T00:28:39","date_gmt":"2026-03-14T23:28:39","guid":{"rendered":"https:\/\/schweizversand.ch\/produkt\/unicorn-vanguard-dart-tasche\/"},"modified":"2026-04-19T02:06:52","modified_gmt":"2026-04-19T00:06:52","slug":"unicorn-vanguard-dart-tasche","status":"publish","type":"product","link":"https:\/\/schweizversand.ch\/it\/produkt\/unicorn-vanguard-dart-tasche\/","title":{"rendered":"Borsa per freccette Unicorn Vanguard"},"content":{"rendered":"<h1><strong>Portafoglio piccolo per freccette Vanguard &#8211; Portafoglio compatto premium<\/strong><\/h1>\n<div>Il portafoglio piccolo per freccette Vanguard combina un design elegante, una lavorazione di alta qualit\u00e0 e la massima funzionalit\u00e0 in un formato compatto. Questo portafoglio premium \u00e8 stato sviluppato appositamente per i giocatori che desiderano trasportare le proprie freccette e accessori in modo sicuro, organizzato ed elegante. Assicurati che la tua attrezzatura sia sempre protetta in modo ottimale.<\/p>\n<\/div>\n<div><strong>Organizzazione perfetta per le tue freccette<\/strong><br \/>Con il portafoglio piccolo per freccette Vanguard, hai abbastanza spazio per riporre la tua attrezzatura da freccette pi\u00f9 importante. Offre spazio per <strong>1 set di freccette completamente assemblato<\/strong>, cos\u00ec sei pronto a giocare immediatamente. Inoltre, scomparti e supporti speciali garantiscono la perfetta organizzazione di tutti i tuoi piccoli oggetti.<\/p>\n<\/div>\n<div><strong>Design di alta qualit\u00e0 e comfort di trasporto<\/strong><br \/>La parte anteriore della borsa presenta l&#8217;elegante logo Unicorn e la caratteristica <strong>finitura tattile Vanguard<\/strong>: un vero colpo d&#8217;occhio per ogni serata di freccette. Grazie al pratico cinturino da polso, il portafoglio pu\u00f2 essere trasportato ovunque in modo comodo e sicuro, rendendo il trasporto estremamente confortevole.<\/p>\n<\/div>\n<div><strong>Caratteristiche complete<\/strong><br \/>&#8211; Spazio per 1 set di freccette assemblato<br \/>&#8211; 6 scomparti per le freccette per un&#8217;organizzazione ottimale<br \/>&#8211; 9 porta-asta per la massima organizzazione<br \/>&#8211; Scomparto aggiuntivo con cerniera per accessori e pezzi di ricambio<br \/>&#8211; Design di alta qualit\u00e0 con logo unicorno e finitura tattile Vanguard<br \/>&#8211; Include cinturino da polso per un trasporto confortevole<\/p>\n<\/div>\n<div>Acquista questo compatto ed elegante portafoglio per freccette Vanguard per riporre la tua attrezzatura in modo professionale e sicuro ed essere sempre pronto per la prossima partita.<\/p>\n<\/div>\n<div><\/div>\n","protected":false},"excerpt":{"rendered":"<p>Unicorn Vanguard Dart-Tasche sch\u00fctzt Ihr Dart-Set sicher und stilvoll. Kompaktes Premium-Design mit perfekter Organisation f\u00fcr Spieler, die maximale Funktionalit\u00e4t sch\u00e4tzen.<\/p>\n","protected":false},"featured_media":163500,"comment_status":"open","ping_status":"closed","template":"","meta":[],"product_brand":[],"product_cat":[38204],"product_tag":[],"class_list":{"0":"post-260901","1":"product","2":"type-product","3":"status-publish","4":"has-post-thumbnail","6":"product_cat-diverses-zubehoer","7":"product_shipping_class-global_methods","9":"first","10":"instock","11":"taxable","12":"shipping-taxable","13":"purchasable","14":"product-type-simple"},"yoast_head":"<!-- This site is optimized with the Yoast SEO plugin v27.4 - https:\/\/yoast.com\/product\/yoast-seo-wordpress\/ -->\n<title>Unicorn Vanguard Dart-Tasche<\/title>\n<meta name=\"description\" content=\"Vanguard Dart-Tasche klein \u2013 Kompaktes Premium-Wallet Das Vanguard Dart-Tasche klein vereint elegantes Design, hochwertige Verarbeitung und maximale Funktionali\" \/>\n<meta name=\"robots\" content=\"index, follow, max-snippet:-1, max-image-preview:large, max-video-preview:-1\" \/>\n<link rel=\"canonical\" href=\"https:\/\/schweizversand.ch\/it\/produkt\/unicorn-vanguard-dart-tasche\/\" \/>\n<meta property=\"og:locale\" content=\"it_IT\" \/>\n<meta property=\"og:type\" content=\"article\" \/>\n<meta property=\"og:title\" content=\"Unicorn Vanguard Dart-Tasche\" \/>\n<meta property=\"og:description\" content=\"Vanguard Dart-Tasche klein \u2013 Kompaktes Premium-Wallet Das Vanguard Dart-Tasche klein vereint elegantes Design, hochwertige Verarbeitung und maximale Funktionali\" \/>\n<meta property=\"og:url\" content=\"https:\/\/schweizversand.ch\/it\/produkt\/unicorn-vanguard-dart-tasche\/\" \/>\n<meta property=\"og:site_name\" content=\"Schweizer Shop f\u00fcr Sport, Spiel und Freizeit\" \/>\n<meta property=\"article:publisher\" content=\"https:\/\/www.facebook.com\/Schweizversand\" \/>\n<meta property=\"article:modified_time\" content=\"2026-04-19T00:06:52+00:00\" \/>\n<meta property=\"og:image\" content=\"https:\/\/schweizversand.ch\/wp-content\/uploads\/2026\/02\/5472012315.jpg\" \/>\n\t<meta property=\"og:image:width\" content=\"1024\" \/>\n\t<meta property=\"og:image:height\" content=\"1024\" \/>\n\t<meta property=\"og:image:type\" content=\"image\/jpeg\" \/>\n<meta name=\"twitter:card\" content=\"summary_large_image\" \/>\n<meta name=\"twitter:label1\" content=\"Tempo di lettura stimato\" \/>\n\t<meta name=\"twitter:data1\" content=\"1 minuto\" \/>\n<script type=\"application\/ld+json\" class=\"yoast-schema-graph\">{\"@context\":\"https:\\\/\\\/schema.org\",\"@graph\":[{\"@type\":\"WebPage\",\"@id\":\"https:\\\/\\\/schweizversand.ch\\\/it\\\/produkt\\\/unicorn-vanguard-dart-tasche\\\/\",\"url\":\"https:\\\/\\\/schweizversand.ch\\\/it\\\/produkt\\\/unicorn-vanguard-dart-tasche\\\/\",\"name\":\"Unicorn Vanguard Dart-Tasche\",\"isPartOf\":{\"@id\":\"https:\\\/\\\/schweizversand.ch\\\/it\\\/#website\"},\"primaryImageOfPage\":{\"@id\":\"https:\\\/\\\/schweizversand.ch\\\/it\\\/produkt\\\/unicorn-vanguard-dart-tasche\\\/#primaryimage\"},\"image\":{\"@id\":\"https:\\\/\\\/schweizversand.ch\\\/it\\\/produkt\\\/unicorn-vanguard-dart-tasche\\\/#primaryimage\"},\"thumbnailUrl\":\"https:\\\/\\\/schweizversand.ch\\\/wp-content\\\/uploads\\\/2026\\\/02\\\/5472012315.jpg\",\"datePublished\":\"2026-03-14T23:28:39+00:00\",\"dateModified\":\"2026-04-19T00:06:52+00:00\",\"description\":\"Vanguard Dart-Tasche klein \u2013 Kompaktes Premium-Wallet Das Vanguard Dart-Tasche klein vereint elegantes Design, hochwertige Verarbeitung und maximale Funktionali\",\"breadcrumb\":{\"@id\":\"https:\\\/\\\/schweizversand.ch\\\/it\\\/produkt\\\/unicorn-vanguard-dart-tasche\\\/#breadcrumb\"},\"inLanguage\":\"it-IT\",\"potentialAction\":[{\"@type\":\"ReadAction\",\"target\":[\"https:\\\/\\\/schweizversand.ch\\\/it\\\/produkt\\\/unicorn-vanguard-dart-tasche\\\/\"]}]},{\"@type\":\"ImageObject\",\"inLanguage\":\"it-IT\",\"@id\":\"https:\\\/\\\/schweizversand.ch\\\/it\\\/produkt\\\/unicorn-vanguard-dart-tasche\\\/#primaryimage\",\"url\":\"https:\\\/\\\/schweizversand.ch\\\/wp-content\\\/uploads\\\/2026\\\/02\\\/5472012315.jpg\",\"contentUrl\":\"https:\\\/\\\/schweizversand.ch\\\/wp-content\\\/uploads\\\/2026\\\/02\\\/5472012315.jpg\",\"width\":1024,\"height\":1024},{\"@type\":\"BreadcrumbList\",\"@id\":\"https:\\\/\\\/schweizversand.ch\\\/it\\\/produkt\\\/unicorn-vanguard-dart-tasche\\\/#breadcrumb\",\"itemListElement\":[{\"@type\":\"ListItem\",\"position\":1,\"name\":\"Startseite\",\"item\":\"https:\\\/\\\/schweizversand.ch\\\/it\\\/home\\\/\"},{\"@type\":\"ListItem\",\"position\":2,\"name\":\"Shop\",\"item\":\"https:\\\/\\\/schweizversand.ch\\\/it\\\/shop\\\/\"},{\"@type\":\"ListItem\",\"position\":3,\"name\":\"Sport\",\"item\":\"https:\\\/\\\/schweizversand.ch\\\/it\\\/produkt-kategorie\\\/sport-it\\\/\"},{\"@type\":\"ListItem\",\"position\":4,\"name\":\"sport con la palla e freccette\",\"item\":\"https:\\\/\\\/schweizversand.ch\\\/it\\\/produkt-kategorie\\\/sport-it\\\/sport-con-la-palla-e-freccette\\\/\"},{\"@type\":\"ListItem\",\"position\":5,\"name\":\"Varie e accessori\",\"item\":\"https:\\\/\\\/schweizversand.ch\\\/it\\\/produkt-kategorie\\\/sport-it\\\/sport-con-la-palla-e-freccette\\\/diverses-zubehoer\\\/\"},{\"@type\":\"ListItem\",\"position\":6,\"name\":\"Borsa per freccette Unicorn Vanguard\"}]},{\"@type\":\"WebSite\",\"@id\":\"https:\\\/\\\/schweizversand.ch\\\/it\\\/#website\",\"url\":\"https:\\\/\\\/schweizversand.ch\\\/it\\\/\",\"name\":\"Schweizer Shop f\u00fcr Sport, Spiel und Freizeit\",\"description\":\"Gratisversand ab 50.- (netto), ab eigenem schweizer Lager, Lieferung innert 48h\",\"publisher\":{\"@id\":\"https:\\\/\\\/schweizversand.ch\\\/it\\\/#organization\"},\"alternateName\":\"Schweizversand.ch\",\"potentialAction\":[{\"@type\":\"SearchAction\",\"target\":{\"@type\":\"EntryPoint\",\"urlTemplate\":\"https:\\\/\\\/schweizversand.ch\\\/it\\\/?s={search_term_string}\"},\"query-input\":{\"@type\":\"PropertyValueSpecification\",\"valueRequired\":true,\"valueName\":\"search_term_string\"}}],\"inLanguage\":\"it-IT\"},{\"@type\":\"Organization\",\"@id\":\"https:\\\/\\\/schweizversand.ch\\\/it\\\/#organization\",\"name\":\"Schweizversand.ch\",\"url\":\"https:\\\/\\\/schweizversand.ch\\\/it\\\/\",\"logo\":{\"@type\":\"ImageObject\",\"inLanguage\":\"it-IT\",\"@id\":\"https:\\\/\\\/schweizversand.ch\\\/it\\\/#\\\/schema\\\/logo\\\/image\\\/\",\"url\":\"https:\\\/\\\/schweizversand.ch\\\/wp-content\\\/uploads\\\/2026\\\/03\\\/Logo_Rund_Final-1.png\",\"contentUrl\":\"https:\\\/\\\/schweizversand.ch\\\/wp-content\\\/uploads\\\/2026\\\/03\\\/Logo_Rund_Final-1.png\",\"width\":404,\"height\":404,\"caption\":\"Schweizversand.ch\"},\"image\":{\"@id\":\"https:\\\/\\\/schweizversand.ch\\\/it\\\/#\\\/schema\\\/logo\\\/image\\\/\"},\"sameAs\":[\"https:\\\/\\\/www.facebook.com\\\/Schweizversand\",\"https:\\\/\\\/www.instagram.com\\\/schweizversand.ch\\\/\"]}]}<\/script>\n<!-- \/ Yoast SEO plugin. -->","yoast_head_json":{"title":"Unicorn Vanguard Dart-Tasche","description":"Vanguard Dart-Tasche klein \u2013 Kompaktes Premium-Wallet Das Vanguard Dart-Tasche klein vereint elegantes Design, hochwertige Verarbeitung und maximale Funktionali","robots":{"index":"index","follow":"follow","max-snippet":"max-snippet:-1","max-image-preview":"max-image-preview:large","max-video-preview":"max-video-preview:-1"},"canonical":"https:\/\/schweizversand.ch\/it\/produkt\/unicorn-vanguard-dart-tasche\/","og_locale":"it_IT","og_type":"article","og_title":"Unicorn Vanguard Dart-Tasche","og_description":"Vanguard Dart-Tasche klein \u2013 Kompaktes Premium-Wallet Das Vanguard Dart-Tasche klein vereint elegantes Design, hochwertige Verarbeitung und maximale Funktionali","og_url":"https:\/\/schweizversand.ch\/it\/produkt\/unicorn-vanguard-dart-tasche\/","og_site_name":"Schweizer Shop f\u00fcr Sport, Spiel und Freizeit","article_publisher":"https:\/\/www.facebook.com\/Schweizversand","article_modified_time":"2026-04-19T00:06:52+00:00","og_image":[{"width":1024,"height":1024,"url":"https:\/\/schweizversand.ch\/wp-content\/uploads\/2026\/02\/5472012315.jpg","type":"image\/jpeg"}],"twitter_card":"summary_large_image","twitter_misc":{"Tempo di lettura stimato":"1 minuto"},"schema":{"@context":"https:\/\/schema.org","@graph":[{"@type":"WebPage","@id":"https:\/\/schweizversand.ch\/it\/produkt\/unicorn-vanguard-dart-tasche\/","url":"https:\/\/schweizversand.ch\/it\/produkt\/unicorn-vanguard-dart-tasche\/","name":"Unicorn Vanguard Dart-Tasche","isPartOf":{"@id":"https:\/\/schweizversand.ch\/it\/#website"},"primaryImageOfPage":{"@id":"https:\/\/schweizversand.ch\/it\/produkt\/unicorn-vanguard-dart-tasche\/#primaryimage"},"image":{"@id":"https:\/\/schweizversand.ch\/it\/produkt\/unicorn-vanguard-dart-tasche\/#primaryimage"},"thumbnailUrl":"https:\/\/schweizversand.ch\/wp-content\/uploads\/2026\/02\/5472012315.jpg","datePublished":"2026-03-14T23:28:39+00:00","dateModified":"2026-04-19T00:06:52+00:00","description":"Vanguard Dart-Tasche klein \u2013 Kompaktes Premium-Wallet Das Vanguard Dart-Tasche klein vereint elegantes Design, hochwertige Verarbeitung und maximale Funktionali","breadcrumb":{"@id":"https:\/\/schweizversand.ch\/it\/produkt\/unicorn-vanguard-dart-tasche\/#breadcrumb"},"inLanguage":"it-IT","potentialAction":[{"@type":"ReadAction","target":["https:\/\/schweizversand.ch\/it\/produkt\/unicorn-vanguard-dart-tasche\/"]}]},{"@type":"ImageObject","inLanguage":"it-IT","@id":"https:\/\/schweizversand.ch\/it\/produkt\/unicorn-vanguard-dart-tasche\/#primaryimage","url":"https:\/\/schweizversand.ch\/wp-content\/uploads\/2026\/02\/5472012315.jpg","contentUrl":"https:\/\/schweizversand.ch\/wp-content\/uploads\/2026\/02\/5472012315.jpg","width":1024,"height":1024},{"@type":"BreadcrumbList","@id":"https:\/\/schweizversand.ch\/it\/produkt\/unicorn-vanguard-dart-tasche\/#breadcrumb","itemListElement":[{"@type":"ListItem","position":1,"name":"Startseite","item":"https:\/\/schweizversand.ch\/it\/home\/"},{"@type":"ListItem","position":2,"name":"Shop","item":"https:\/\/schweizversand.ch\/it\/shop\/"},{"@type":"ListItem","position":3,"name":"Sport","item":"https:\/\/schweizversand.ch\/it\/produkt-kategorie\/sport-it\/"},{"@type":"ListItem","position":4,"name":"sport con la palla e freccette","item":"https:\/\/schweizversand.ch\/it\/produkt-kategorie\/sport-it\/sport-con-la-palla-e-freccette\/"},{"@type":"ListItem","position":5,"name":"Varie e accessori","item":"https:\/\/schweizversand.ch\/it\/produkt-kategorie\/sport-it\/sport-con-la-palla-e-freccette\/diverses-zubehoer\/"},{"@type":"ListItem","position":6,"name":"Borsa per freccette Unicorn Vanguard"}]},{"@type":"WebSite","@id":"https:\/\/schweizversand.ch\/it\/#website","url":"https:\/\/schweizversand.ch\/it\/","name":"Schweizer Shop f\u00fcr Sport, Spiel und Freizeit","description":"Gratisversand ab 50.- (netto), ab eigenem schweizer Lager, Lieferung innert 48h","publisher":{"@id":"https:\/\/schweizversand.ch\/it\/#organization"},"alternateName":"Schweizversand.ch","potentialAction":[{"@type":"SearchAction","target":{"@type":"EntryPoint","urlTemplate":"https:\/\/schweizversand.ch\/it\/?s={search_term_string}"},"query-input":{"@type":"PropertyValueSpecification","valueRequired":true,"valueName":"search_term_string"}}],"inLanguage":"it-IT"},{"@type":"Organization","@id":"https:\/\/schweizversand.ch\/it\/#organization","name":"Schweizversand.ch","url":"https:\/\/schweizversand.ch\/it\/","logo":{"@type":"ImageObject","inLanguage":"it-IT","@id":"https:\/\/schweizversand.ch\/it\/#\/schema\/logo\/image\/","url":"https:\/\/schweizversand.ch\/wp-content\/uploads\/2026\/03\/Logo_Rund_Final-1.png","contentUrl":"https:\/\/schweizversand.ch\/wp-content\/uploads\/2026\/03\/Logo_Rund_Final-1.png","width":404,"height":404,"caption":"Schweizversand.ch"},"image":{"@id":"https:\/\/schweizversand.ch\/it\/#\/schema\/logo\/image\/"},"sameAs":["https:\/\/www.facebook.com\/Schweizversand","https:\/\/www.instagram.com\/schweizversand.ch\/"]}]}},"jetpack_sharing_enabled":true,"_links":{"self":[{"href":"https:\/\/schweizversand.ch\/it\/wp-json\/wp\/v2\/product\/260901","targetHints":{"allow":["GET"]}}],"collection":[{"href":"https:\/\/schweizversand.ch\/it\/wp-json\/wp\/v2\/product"}],"about":[{"href":"https:\/\/schweizversand.ch\/it\/wp-json\/wp\/v2\/types\/product"}],"replies":[{"embeddable":true,"href":"https:\/\/schweizversand.ch\/it\/wp-json\/wp\/v2\/comments?post=260901"}],"wp:featuredmedia":[{"embeddable":true,"href":"https:\/\/schweizversand.ch\/it\/wp-json\/wp\/v2\/media\/163500"}],"wp:attachment":[{"href":"https:\/\/schweizversand.ch\/it\/wp-json\/wp\/v2\/media?parent=260901"}],"wp:term":[{"taxonomy":"product_brand","embeddable":true,"href":"https:\/\/schweizversand.ch\/it\/wp-json\/wp\/v2\/product_brand?post=260901"},{"taxonomy":"product_cat","embeddable":true,"href":"https:\/\/schweizversand.ch\/it\/wp-json\/wp\/v2\/product_cat?post=260901"},{"taxonomy":"product_tag","embeddable":true,"href":"https:\/\/schweizversand.ch\/it\/wp-json\/wp\/v2\/product_tag?post=260901"}],"curies":[{"name":"wp","href":"https:\/\/api.w.org\/{rel}","templated":true}]}}