{"id":260903,"date":"2026-03-15T00:28:39","date_gmt":"2026-03-14T23:28:39","guid":{"rendered":"https:\/\/schweizversand.ch\/produkt\/unicorn-john-lowe-phase-4-steel-tip-dart-90-tungsten-21g\/"},"modified":"2026-04-19T15:37:36","modified_gmt":"2026-04-19T13:37:36","slug":"unicorn-john-lowe-phase-4-steel-tip-dart-90-tungsten-21g","status":"publish","type":"product","link":"https:\/\/schweizversand.ch\/it\/produkt\/unicorn-john-lowe-phase-4-steel-tip-dart-90-tungsten-21g\/","title":{"rendered":"Unicorn John Lowe Phase 4 freccette con punta in acciaio 90% tungsteno 21G"},"content":{"rendered":"<p>Freccia Unicorn John Lowe Phase 4 \u2013 La scelta di un campione del mondo<\/p>\n<p>Il Team Unicorn vanta tre campioni del mondo: nessuno ha pi\u00f9 titoli o vittorie. Scelgono solo il meglio, ed \u00e8 esattamente ci\u00f2 che offre la freccia Unicorn John Lowe Phase 4. Sviluppata in stretta collaborazione con il leggendario tre volte campione del mondo John Lowe MBE, questa freccia combina un design classico con la moderna tecnologia di precisione.<\/p>\n<p>Il corpo Phase 4 in tungsteno al 90% \u00e8 stato finemente messo a punto per adattarsi alla precisione infallibile e allo stile di gioco controllato di John Lowe. Un micro-blocco fresato centralmente migliora la presa e la sensazione per un controllo ancora maggiore. L&#8217;iconico profilo &#8220;bomb&#8221; aumenta la velocit\u00e0 di volo per una precisione eccezionale. L&#8217;elegante finitura PVD oro riflette lo status di John Lowe, abbinata alle aste in alluminio Gold Premier per la massima raffinatezza. Le punte in acciaio Volute\u00ae dorate brevettate garantiscono una presa perfetta nel sisal e prolungano la durata del bersaglio.<\/p>\n<p>La freccetta per i campioni: gioca come un campione del mondo.<\/p>\n<p>&#8220;&#8220;&#8220;&#8220;&#8220;&#8220;&#8220;&#8220;&#8220;&#8220;&#8220;&#8220;&#8220;` Caratteristiche principali del prodotto<\/p>\n<p>\u2022 Approvato ufficialmente da John Lowe MBE, tre volte campione del mondo<\/p>\n<p>\u2022 Corpo Phase 4 in tungsteno al 90% lavorato con precisione<\/p>\n<p>\u2022 Microblocco centrale lavorato per una presa migliore<\/p>\n<p>\u2022 Iconico profilo &#8220;bomb&#8221; per una maggiore velocit\u00e0 di volo<\/p>\n<p>\u2022 Finitura PVD oro con aste in alluminio Gold Premier<\/p>\n<p>\u2022 Punte in acciaio Volute\u00ae brevettate per una presa ottimale in sisal<\/p>\n<p>\u2022 Include alette Phase 4 PLUS UltraFly\u2122<\/p>\n<p>\u2022 Ideale per giocatori avanzati e competitivi<\/p>\n<p>\u2022 Peso: 21 g, Lunghezza: 36 mm, Diametro: 7,9 mm<\/p>\n","protected":false},"excerpt":{"rendered":"<p>Unicorn John Lowe Phase 4 Steel Tip Dart 90% Tungsten 21G vereint weltmeisterliche Pr\u00e4zision, verbesserten Grip und schnelles Flugprofil f\u00fcr perfekte W\u00fcrfe.<\/p>\n","protected":false},"featured_media":166727,"comment_status":"open","ping_status":"closed","template":"","meta":[],"product_brand":[],"product_cat":[38662],"product_tag":[],"class_list":{"0":"post-260903","1":"product","2":"type-product","3":"status-publish","4":"has-post-thumbnail","6":"product_cat-dart","7":"product_shipping_class-global_methods","9":"first","10":"instock","11":"taxable","12":"shipping-taxable","13":"purchasable","14":"product-type-simple"},"yoast_head":"<!-- This site is optimized with the Yoast SEO plugin v27.4 - https:\/\/yoast.com\/product\/yoast-seo-wordpress\/ -->\n<title>Unicorn John Lowe Phase 4 Steel Tip Dart 90% Tungsten 21G<\/title>\n<meta name=\"description\" content=\"Unicorn John Lowe Phase 4 Dart \u2013 Die Wahl eines Weltmeisters Team Unicorn kann stolz auf drei Weltmeister sein \u2013 keiner hat mehr Titel oder Siege. Was sie w\u00e4hl\" \/>\n<meta name=\"robots\" content=\"index, follow, max-snippet:-1, max-image-preview:large, max-video-preview:-1\" \/>\n<link rel=\"canonical\" href=\"https:\/\/schweizversand.ch\/it\/produkt\/unicorn-john-lowe-phase-4-steel-tip-dart-90-tungsten-21g\/\" \/>\n<meta property=\"og:locale\" content=\"it_IT\" \/>\n<meta property=\"og:type\" content=\"article\" \/>\n<meta property=\"og:title\" content=\"Unicorn John Lowe Phase 4 Steel Tip Dart 90% Tungsten 21G\" \/>\n<meta property=\"og:description\" content=\"Unicorn John Lowe Phase 4 Dart \u2013 Die Wahl eines Weltmeisters Team Unicorn kann stolz auf drei Weltmeister sein \u2013 keiner hat mehr Titel oder Siege. Was sie w\u00e4hl\" \/>\n<meta property=\"og:url\" content=\"https:\/\/schweizversand.ch\/it\/produkt\/unicorn-john-lowe-phase-4-steel-tip-dart-90-tungsten-21g\/\" \/>\n<meta property=\"og:site_name\" content=\"Schweizer Shop f\u00fcr Sport, Spiel und Freizeit\" \/>\n<meta property=\"article:publisher\" content=\"https:\/\/www.facebook.com\/Schweizversand\" \/>\n<meta property=\"article:modified_time\" content=\"2026-04-19T13:37:36+00:00\" \/>\n<meta property=\"og:image\" content=\"https:\/\/schweizversand.ch\/wp-content\/uploads\/2026\/02\/5471998605.jpg\" \/>\n\t<meta property=\"og:image:width\" content=\"1024\" \/>\n\t<meta property=\"og:image:height\" content=\"1024\" \/>\n\t<meta property=\"og:image:type\" content=\"image\/jpeg\" \/>\n<meta name=\"twitter:card\" content=\"summary_large_image\" \/>\n<meta name=\"twitter:label1\" content=\"Tempo di lettura stimato\" \/>\n\t<meta name=\"twitter:data1\" content=\"1 minuto\" \/>\n<script type=\"application\/ld+json\" class=\"yoast-schema-graph\">{\"@context\":\"https:\\\/\\\/schema.org\",\"@graph\":[{\"@type\":\"WebPage\",\"@id\":\"https:\\\/\\\/schweizversand.ch\\\/it\\\/produkt\\\/unicorn-john-lowe-phase-4-steel-tip-dart-90-tungsten-21g\\\/\",\"url\":\"https:\\\/\\\/schweizversand.ch\\\/it\\\/produkt\\\/unicorn-john-lowe-phase-4-steel-tip-dart-90-tungsten-21g\\\/\",\"name\":\"Unicorn John Lowe Phase 4 Steel Tip Dart 90% Tungsten 21G\",\"isPartOf\":{\"@id\":\"https:\\\/\\\/schweizversand.ch\\\/it\\\/#website\"},\"primaryImageOfPage\":{\"@id\":\"https:\\\/\\\/schweizversand.ch\\\/it\\\/produkt\\\/unicorn-john-lowe-phase-4-steel-tip-dart-90-tungsten-21g\\\/#primaryimage\"},\"image\":{\"@id\":\"https:\\\/\\\/schweizversand.ch\\\/it\\\/produkt\\\/unicorn-john-lowe-phase-4-steel-tip-dart-90-tungsten-21g\\\/#primaryimage\"},\"thumbnailUrl\":\"https:\\\/\\\/schweizversand.ch\\\/wp-content\\\/uploads\\\/2026\\\/02\\\/5471998605.jpg\",\"datePublished\":\"2026-03-14T23:28:39+00:00\",\"dateModified\":\"2026-04-19T13:37:36+00:00\",\"description\":\"Unicorn John Lowe Phase 4 Dart \u2013 Die Wahl eines Weltmeisters Team Unicorn kann stolz auf drei Weltmeister sein \u2013 keiner hat mehr Titel oder Siege. Was sie w\u00e4hl\",\"breadcrumb\":{\"@id\":\"https:\\\/\\\/schweizversand.ch\\\/it\\\/produkt\\\/unicorn-john-lowe-phase-4-steel-tip-dart-90-tungsten-21g\\\/#breadcrumb\"},\"inLanguage\":\"it-IT\",\"potentialAction\":[{\"@type\":\"ReadAction\",\"target\":[\"https:\\\/\\\/schweizversand.ch\\\/it\\\/produkt\\\/unicorn-john-lowe-phase-4-steel-tip-dart-90-tungsten-21g\\\/\"]}]},{\"@type\":\"ImageObject\",\"inLanguage\":\"it-IT\",\"@id\":\"https:\\\/\\\/schweizversand.ch\\\/it\\\/produkt\\\/unicorn-john-lowe-phase-4-steel-tip-dart-90-tungsten-21g\\\/#primaryimage\",\"url\":\"https:\\\/\\\/schweizversand.ch\\\/wp-content\\\/uploads\\\/2026\\\/02\\\/5471998605.jpg\",\"contentUrl\":\"https:\\\/\\\/schweizversand.ch\\\/wp-content\\\/uploads\\\/2026\\\/02\\\/5471998605.jpg\",\"width\":1024,\"height\":1024},{\"@type\":\"BreadcrumbList\",\"@id\":\"https:\\\/\\\/schweizversand.ch\\\/it\\\/produkt\\\/unicorn-john-lowe-phase-4-steel-tip-dart-90-tungsten-21g\\\/#breadcrumb\",\"itemListElement\":[{\"@type\":\"ListItem\",\"position\":1,\"name\":\"Startseite\",\"item\":\"https:\\\/\\\/schweizversand.ch\\\/it\\\/home\\\/\"},{\"@type\":\"ListItem\",\"position\":2,\"name\":\"Shop\",\"item\":\"https:\\\/\\\/schweizversand.ch\\\/it\\\/shop\\\/\"},{\"@type\":\"ListItem\",\"position\":3,\"name\":\"Sport\",\"item\":\"https:\\\/\\\/schweizversand.ch\\\/it\\\/produkt-kategorie\\\/sport-it\\\/\"},{\"@type\":\"ListItem\",\"position\":4,\"name\":\"Ballsport &amp; Dart\",\"item\":\"https:\\\/\\\/schweizversand.ch\\\/produkt-kategorie\\\/sport\\\/ballsport-dart-sport\\\/\"},{\"@type\":\"ListItem\",\"position\":5,\"name\":\"Freccette\",\"item\":\"https:\\\/\\\/schweizversand.ch\\\/it\\\/produkt-kategorie\\\/dart\\\/\"},{\"@type\":\"ListItem\",\"position\":6,\"name\":\"Unicorn John Lowe Phase 4 freccette con punta in acciaio 90% tungsteno 21G\"}]},{\"@type\":\"WebSite\",\"@id\":\"https:\\\/\\\/schweizversand.ch\\\/it\\\/#website\",\"url\":\"https:\\\/\\\/schweizversand.ch\\\/it\\\/\",\"name\":\"Schweizer Shop f\u00fcr Sport, Spiel und Freizeit\",\"description\":\"Gratisversand ab 50.- (netto), ab eigenem schweizer Lager, Lieferung innert 48h\",\"publisher\":{\"@id\":\"https:\\\/\\\/schweizversand.ch\\\/it\\\/#organization\"},\"alternateName\":\"Schweizversand.ch\",\"potentialAction\":[{\"@type\":\"SearchAction\",\"target\":{\"@type\":\"EntryPoint\",\"urlTemplate\":\"https:\\\/\\\/schweizversand.ch\\\/it\\\/?s={search_term_string}\"},\"query-input\":{\"@type\":\"PropertyValueSpecification\",\"valueRequired\":true,\"valueName\":\"search_term_string\"}}],\"inLanguage\":\"it-IT\"},{\"@type\":\"Organization\",\"@id\":\"https:\\\/\\\/schweizversand.ch\\\/it\\\/#organization\",\"name\":\"Schweizversand.ch\",\"url\":\"https:\\\/\\\/schweizversand.ch\\\/it\\\/\",\"logo\":{\"@type\":\"ImageObject\",\"inLanguage\":\"it-IT\",\"@id\":\"https:\\\/\\\/schweizversand.ch\\\/it\\\/#\\\/schema\\\/logo\\\/image\\\/\",\"url\":\"https:\\\/\\\/schweizversand.ch\\\/wp-content\\\/uploads\\\/2026\\\/03\\\/Logo_Rund_Final-1.png\",\"contentUrl\":\"https:\\\/\\\/schweizversand.ch\\\/wp-content\\\/uploads\\\/2026\\\/03\\\/Logo_Rund_Final-1.png\",\"width\":404,\"height\":404,\"caption\":\"Schweizversand.ch\"},\"image\":{\"@id\":\"https:\\\/\\\/schweizversand.ch\\\/it\\\/#\\\/schema\\\/logo\\\/image\\\/\"},\"sameAs\":[\"https:\\\/\\\/www.facebook.com\\\/Schweizversand\",\"https:\\\/\\\/www.instagram.com\\\/schweizversand.ch\\\/\"]}]}<\/script>\n<!-- \/ Yoast SEO plugin. -->","yoast_head_json":{"title":"Unicorn John Lowe Phase 4 Steel Tip Dart 90% Tungsten 21G","description":"Unicorn John Lowe Phase 4 Dart \u2013 Die Wahl eines Weltmeisters Team Unicorn kann stolz auf drei Weltmeister sein \u2013 keiner hat mehr Titel oder Siege. Was sie w\u00e4hl","robots":{"index":"index","follow":"follow","max-snippet":"max-snippet:-1","max-image-preview":"max-image-preview:large","max-video-preview":"max-video-preview:-1"},"canonical":"https:\/\/schweizversand.ch\/it\/produkt\/unicorn-john-lowe-phase-4-steel-tip-dart-90-tungsten-21g\/","og_locale":"it_IT","og_type":"article","og_title":"Unicorn John Lowe Phase 4 Steel Tip Dart 90% Tungsten 21G","og_description":"Unicorn John Lowe Phase 4 Dart \u2013 Die Wahl eines Weltmeisters Team Unicorn kann stolz auf drei Weltmeister sein \u2013 keiner hat mehr Titel oder Siege. Was sie w\u00e4hl","og_url":"https:\/\/schweizversand.ch\/it\/produkt\/unicorn-john-lowe-phase-4-steel-tip-dart-90-tungsten-21g\/","og_site_name":"Schweizer Shop f\u00fcr Sport, Spiel und Freizeit","article_publisher":"https:\/\/www.facebook.com\/Schweizversand","article_modified_time":"2026-04-19T13:37:36+00:00","og_image":[{"width":1024,"height":1024,"url":"https:\/\/schweizversand.ch\/wp-content\/uploads\/2026\/02\/5471998605.jpg","type":"image\/jpeg"}],"twitter_card":"summary_large_image","twitter_misc":{"Tempo di lettura stimato":"1 minuto"},"schema":{"@context":"https:\/\/schema.org","@graph":[{"@type":"WebPage","@id":"https:\/\/schweizversand.ch\/it\/produkt\/unicorn-john-lowe-phase-4-steel-tip-dart-90-tungsten-21g\/","url":"https:\/\/schweizversand.ch\/it\/produkt\/unicorn-john-lowe-phase-4-steel-tip-dart-90-tungsten-21g\/","name":"Unicorn John Lowe Phase 4 Steel Tip Dart 90% Tungsten 21G","isPartOf":{"@id":"https:\/\/schweizversand.ch\/it\/#website"},"primaryImageOfPage":{"@id":"https:\/\/schweizversand.ch\/it\/produkt\/unicorn-john-lowe-phase-4-steel-tip-dart-90-tungsten-21g\/#primaryimage"},"image":{"@id":"https:\/\/schweizversand.ch\/it\/produkt\/unicorn-john-lowe-phase-4-steel-tip-dart-90-tungsten-21g\/#primaryimage"},"thumbnailUrl":"https:\/\/schweizversand.ch\/wp-content\/uploads\/2026\/02\/5471998605.jpg","datePublished":"2026-03-14T23:28:39+00:00","dateModified":"2026-04-19T13:37:36+00:00","description":"Unicorn John Lowe Phase 4 Dart \u2013 Die Wahl eines Weltmeisters Team Unicorn kann stolz auf drei Weltmeister sein \u2013 keiner hat mehr Titel oder Siege. Was sie w\u00e4hl","breadcrumb":{"@id":"https:\/\/schweizversand.ch\/it\/produkt\/unicorn-john-lowe-phase-4-steel-tip-dart-90-tungsten-21g\/#breadcrumb"},"inLanguage":"it-IT","potentialAction":[{"@type":"ReadAction","target":["https:\/\/schweizversand.ch\/it\/produkt\/unicorn-john-lowe-phase-4-steel-tip-dart-90-tungsten-21g\/"]}]},{"@type":"ImageObject","inLanguage":"it-IT","@id":"https:\/\/schweizversand.ch\/it\/produkt\/unicorn-john-lowe-phase-4-steel-tip-dart-90-tungsten-21g\/#primaryimage","url":"https:\/\/schweizversand.ch\/wp-content\/uploads\/2026\/02\/5471998605.jpg","contentUrl":"https:\/\/schweizversand.ch\/wp-content\/uploads\/2026\/02\/5471998605.jpg","width":1024,"height":1024},{"@type":"BreadcrumbList","@id":"https:\/\/schweizversand.ch\/it\/produkt\/unicorn-john-lowe-phase-4-steel-tip-dart-90-tungsten-21g\/#breadcrumb","itemListElement":[{"@type":"ListItem","position":1,"name":"Startseite","item":"https:\/\/schweizversand.ch\/it\/home\/"},{"@type":"ListItem","position":2,"name":"Shop","item":"https:\/\/schweizversand.ch\/it\/shop\/"},{"@type":"ListItem","position":3,"name":"Sport","item":"https:\/\/schweizversand.ch\/it\/produkt-kategorie\/sport-it\/"},{"@type":"ListItem","position":4,"name":"Ballsport &amp; Dart","item":"https:\/\/schweizversand.ch\/produkt-kategorie\/sport\/ballsport-dart-sport\/"},{"@type":"ListItem","position":5,"name":"Freccette","item":"https:\/\/schweizversand.ch\/it\/produkt-kategorie\/dart\/"},{"@type":"ListItem","position":6,"name":"Unicorn John Lowe Phase 4 freccette con punta in acciaio 90% tungsteno 21G"}]},{"@type":"WebSite","@id":"https:\/\/schweizversand.ch\/it\/#website","url":"https:\/\/schweizversand.ch\/it\/","name":"Schweizer Shop f\u00fcr Sport, Spiel und Freizeit","description":"Gratisversand ab 50.- (netto), ab eigenem schweizer Lager, Lieferung innert 48h","publisher":{"@id":"https:\/\/schweizversand.ch\/it\/#organization"},"alternateName":"Schweizversand.ch","potentialAction":[{"@type":"SearchAction","target":{"@type":"EntryPoint","urlTemplate":"https:\/\/schweizversand.ch\/it\/?s={search_term_string}"},"query-input":{"@type":"PropertyValueSpecification","valueRequired":true,"valueName":"search_term_string"}}],"inLanguage":"it-IT"},{"@type":"Organization","@id":"https:\/\/schweizversand.ch\/it\/#organization","name":"Schweizversand.ch","url":"https:\/\/schweizversand.ch\/it\/","logo":{"@type":"ImageObject","inLanguage":"it-IT","@id":"https:\/\/schweizversand.ch\/it\/#\/schema\/logo\/image\/","url":"https:\/\/schweizversand.ch\/wp-content\/uploads\/2026\/03\/Logo_Rund_Final-1.png","contentUrl":"https:\/\/schweizversand.ch\/wp-content\/uploads\/2026\/03\/Logo_Rund_Final-1.png","width":404,"height":404,"caption":"Schweizversand.ch"},"image":{"@id":"https:\/\/schweizversand.ch\/it\/#\/schema\/logo\/image\/"},"sameAs":["https:\/\/www.facebook.com\/Schweizversand","https:\/\/www.instagram.com\/schweizversand.ch\/"]}]}},"jetpack_sharing_enabled":true,"_links":{"self":[{"href":"https:\/\/schweizversand.ch\/it\/wp-json\/wp\/v2\/product\/260903","targetHints":{"allow":["GET"]}}],"collection":[{"href":"https:\/\/schweizversand.ch\/it\/wp-json\/wp\/v2\/product"}],"about":[{"href":"https:\/\/schweizversand.ch\/it\/wp-json\/wp\/v2\/types\/product"}],"replies":[{"embeddable":true,"href":"https:\/\/schweizversand.ch\/it\/wp-json\/wp\/v2\/comments?post=260903"}],"wp:featuredmedia":[{"embeddable":true,"href":"https:\/\/schweizversand.ch\/it\/wp-json\/wp\/v2\/media\/166727"}],"wp:attachment":[{"href":"https:\/\/schweizversand.ch\/it\/wp-json\/wp\/v2\/media?parent=260903"}],"wp:term":[{"taxonomy":"product_brand","embeddable":true,"href":"https:\/\/schweizversand.ch\/it\/wp-json\/wp\/v2\/product_brand?post=260903"},{"taxonomy":"product_cat","embeddable":true,"href":"https:\/\/schweizversand.ch\/it\/wp-json\/wp\/v2\/product_cat?post=260903"},{"taxonomy":"product_tag","embeddable":true,"href":"https:\/\/schweizversand.ch\/it\/wp-json\/wp\/v2\/product_tag?post=260903"}],"curies":[{"name":"wp","href":"https:\/\/api.w.org\/{rel}","templated":true}]}}