{"id":260912,"date":"2026-03-15T00:28:43","date_gmt":"2026-03-14T23:28:43","guid":{"rendered":"https:\/\/schweizversand.ch\/produkt\/yumetoys-transformers-starscream\/"},"modified":"2026-04-19T02:06:53","modified_gmt":"2026-04-19T00:06:53","slug":"yumetoys-transformers-starscream","status":"publish","type":"product","link":"https:\/\/schweizversand.ch\/it\/produkt\/yumetoys-transformers-starscream\/","title":{"rendered":"YumeToys Transformers: Starscream"},"content":{"rendered":"<h1><strong>Transformers: Starscream<\/strong><\/h1>\n<div>Immergiti nell&#8217;epico mondo degli Autobot e dei Decepticon con questo esclusivo <strong>peluche di Starscream<\/strong>. Essendo uno dei volti pi\u00f9 riconoscibili dei Decepticon, questo peluche \u00e8 un must per ogni fan e un ideale <strong>oggetto da collezione Transformers<\/strong>, che unisce qualit\u00e0 e attenzione ai dettagli.<\/p>\n<\/div>\n<div><strong>Design autentico e alta qualit\u00e0<\/strong><br \/>Questo <strong>peluche di Transformers<\/strong> vanta un design colorato e dettagliato che cattura perfettamente le caratteristiche distintive del personaggio originale. Dalle ali appuntite all&#8217;iconico casco, ogni dettaglio \u00e8 stato meticolosamente realizzato per dare vita a Starscream. Il prodotto \u00e8 realizzato esclusivamente con materiali di alta qualit\u00e0 e sicuri, che garantiscono durata e lo rendono ideale per tutte le et\u00e0. Il perfetto oggetto da collezione e giocattolo: che sia come elemento decorativo nella tua collezione o come fedele compagno durante il gioco, questo giocattolo di Starscream offre un utilizzo versatile. Per i collezionisti, la statuetta con licenza Transformers \u00e8 un&#8217;aggiunta preziosa che sottolinea l&#8217;autenticit\u00e0 della vostra collezione. I bambini adoreranno la consistenza morbida e la possibilit\u00e0 di ricreare le proprie avventure Transformers. Le dimensioni sono state scelte con cura per garantire un aspetto impeccabile sia su uno scaffale che nelle mani dei bambini. Sicurezza e materiali: diamo grande importanza alla sicurezza dei nostri prodotti. Il peluche Starscream \u00e8 realizzato con materiali morbidi e atossici che soddisfano i pi\u00f9 elevati standard di sicurezza. Potete essere certi che questo peluche \u00e8 robusto ma delicato sulla pelle. Le cuciture resistenti garantiscono che la figura possa resistere anche al gioco pi\u00f9 intenso.<\/p>\n<\/div>\n<div><strong>Caratteristiche del prodotto a colpo d&#8217;occhio<\/strong><br \/>&#8211; Materiale: Materiali di peluche morbidi, sicuri e di alta qualit\u00e0<br \/>&#8211; Design: Replica dettagliata del personaggio del film<br \/>&#8211; Ideale per: Collezionisti, bambini e fan della serie Transformers<br \/>&#8211; Istruzioni per la cura: Lavabile in superficie<\/p>\n<\/div>\n<div><strong>Un regalo ideale per ogni fan dei Transformers<\/strong><br \/>Cerchi un regalo speciale? Questo peluche di Starscream<\/strong> \u00e8 un regalo meraviglioso per bambini e adulti che amano la serie Transformers. Regala gioia e un pezzo di storia del cinema che susciter\u00e0 sicuramente entusiasmo. Assicurati subito questo esclusivo <strong>peluche dei Transformers<\/strong> e amplia la tua collezione con questo leggendario Decepticon.<\/p>\n<\/div>\n<div><\/div>\n","protected":false},"excerpt":{"rendered":"<p>Transformers: Starscream Immergiti nell&#8217;epico mondo degli Autobot e dei Decepticon con questo esclusivo peluche di Starscream. Essendo uno dei volti pi\u00f9 riconoscibili dei Decepticon, questo peluche \u00e8 un must per ogni fan e un ideale oggetto da collezione Transformers, che unisce qualit\u00e0 e attenzione ai dettagli. Design autentico e alta qualit\u00e0Questo peluche di Transformers vanta un design colorato e dettagliato che cattura perfettamente le caratteristiche distintive del personaggio originale. Dalle ali appuntite all&#8217;iconico casco, ogni&hellip;<\/p>\n","protected":false},"featured_media":163622,"comment_status":"open","ping_status":"closed","template":"","meta":[],"product_brand":[],"product_cat":[38907],"product_tag":[],"class_list":{"0":"post-260912","1":"product","2":"type-product","3":"status-publish","4":"has-post-thumbnail","6":"product_cat-plueschtier","7":"product_shipping_class-global_methods","9":"first","10":"instock","11":"taxable","12":"shipping-taxable","13":"purchasable","14":"product-type-simple"},"yoast_head":"<!-- This site is optimized with the Yoast SEO plugin v27.4 - https:\/\/yoast.com\/product\/yoast-seo-wordpress\/ -->\n<title>YumeToys Transformers: Starscream<\/title>\n<meta name=\"description\" content=\"Transformers: Starscream\u00a0\u00a0 Tauchen Sie ein in die epische Welt der Autobots und Decepticons mit diesem exklusiven Starscream Stofftier . Als eines der bekanntes\" \/>\n<meta name=\"robots\" content=\"index, follow, max-snippet:-1, max-image-preview:large, max-video-preview:-1\" \/>\n<link rel=\"canonical\" href=\"https:\/\/schweizversand.ch\/it\/produkt\/yumetoys-transformers-starscream\/\" \/>\n<meta property=\"og:locale\" content=\"it_IT\" \/>\n<meta property=\"og:type\" content=\"article\" \/>\n<meta property=\"og:title\" content=\"YumeToys Transformers: Starscream\" \/>\n<meta property=\"og:description\" content=\"Transformers: Starscream\u00a0\u00a0 Tauchen Sie ein in die epische Welt der Autobots und Decepticons mit diesem exklusiven Starscream Stofftier . Als eines der bekanntes\" \/>\n<meta property=\"og:url\" content=\"https:\/\/schweizversand.ch\/it\/produkt\/yumetoys-transformers-starscream\/\" \/>\n<meta property=\"og:site_name\" content=\"Schweizer Shop f\u00fcr Sport, Spiel und Freizeit\" \/>\n<meta property=\"article:publisher\" content=\"https:\/\/www.facebook.com\/Schweizversand\" \/>\n<meta property=\"article:modified_time\" content=\"2026-04-19T00:06:53+00:00\" \/>\n<meta property=\"og:image\" content=\"https:\/\/schweizversand.ch\/wp-content\/uploads\/2026\/02\/5528749327.jpg\" \/>\n\t<meta property=\"og:image:width\" content=\"1024\" \/>\n\t<meta property=\"og:image:height\" content=\"1024\" \/>\n\t<meta property=\"og:image:type\" content=\"image\/jpeg\" \/>\n<meta name=\"twitter:card\" content=\"summary_large_image\" \/>\n<meta name=\"twitter:label1\" content=\"Tempo di lettura stimato\" \/>\n\t<meta name=\"twitter:data1\" content=\"2 minuto\" \/>\n<script type=\"application\/ld+json\" class=\"yoast-schema-graph\">{\"@context\":\"https:\\\/\\\/schema.org\",\"@graph\":[{\"@type\":\"WebPage\",\"@id\":\"https:\\\/\\\/schweizversand.ch\\\/it\\\/produkt\\\/yumetoys-transformers-starscream\\\/\",\"url\":\"https:\\\/\\\/schweizversand.ch\\\/it\\\/produkt\\\/yumetoys-transformers-starscream\\\/\",\"name\":\"YumeToys Transformers: Starscream\",\"isPartOf\":{\"@id\":\"https:\\\/\\\/schweizversand.ch\\\/it\\\/#website\"},\"primaryImageOfPage\":{\"@id\":\"https:\\\/\\\/schweizversand.ch\\\/it\\\/produkt\\\/yumetoys-transformers-starscream\\\/#primaryimage\"},\"image\":{\"@id\":\"https:\\\/\\\/schweizversand.ch\\\/it\\\/produkt\\\/yumetoys-transformers-starscream\\\/#primaryimage\"},\"thumbnailUrl\":\"https:\\\/\\\/schweizversand.ch\\\/wp-content\\\/uploads\\\/2026\\\/02\\\/5528749327.jpg\",\"datePublished\":\"2026-03-14T23:28:43+00:00\",\"dateModified\":\"2026-04-19T00:06:53+00:00\",\"description\":\"Transformers: Starscream\u00a0\u00a0 Tauchen Sie ein in die epische Welt der Autobots und Decepticons mit diesem exklusiven Starscream Stofftier . Als eines der bekanntes\",\"breadcrumb\":{\"@id\":\"https:\\\/\\\/schweizversand.ch\\\/it\\\/produkt\\\/yumetoys-transformers-starscream\\\/#breadcrumb\"},\"inLanguage\":\"it-IT\",\"potentialAction\":[{\"@type\":\"ReadAction\",\"target\":[\"https:\\\/\\\/schweizversand.ch\\\/it\\\/produkt\\\/yumetoys-transformers-starscream\\\/\"]}]},{\"@type\":\"ImageObject\",\"inLanguage\":\"it-IT\",\"@id\":\"https:\\\/\\\/schweizversand.ch\\\/it\\\/produkt\\\/yumetoys-transformers-starscream\\\/#primaryimage\",\"url\":\"https:\\\/\\\/schweizversand.ch\\\/wp-content\\\/uploads\\\/2026\\\/02\\\/5528749327.jpg\",\"contentUrl\":\"https:\\\/\\\/schweizversand.ch\\\/wp-content\\\/uploads\\\/2026\\\/02\\\/5528749327.jpg\",\"width\":1024,\"height\":1024},{\"@type\":\"BreadcrumbList\",\"@id\":\"https:\\\/\\\/schweizversand.ch\\\/it\\\/produkt\\\/yumetoys-transformers-starscream\\\/#breadcrumb\",\"itemListElement\":[{\"@type\":\"ListItem\",\"position\":1,\"name\":\"Startseite\",\"item\":\"https:\\\/\\\/schweizversand.ch\\\/it\\\/home\\\/\"},{\"@type\":\"ListItem\",\"position\":2,\"name\":\"Shop\",\"item\":\"https:\\\/\\\/schweizversand.ch\\\/it\\\/shop\\\/\"},{\"@type\":\"ListItem\",\"position\":3,\"name\":\"Giocattoli e giochi\",\"item\":\"https:\\\/\\\/schweizversand.ch\\\/it\\\/produkt-kategorie\\\/giocattoli-e-giochi\\\/\"},{\"@type\":\"ListItem\",\"position\":4,\"name\":\"Figuren &amp; Puppen\",\"item\":\"https:\\\/\\\/schweizversand.ch\\\/produkt-kategorie\\\/spielzeuge-spiele\\\/figuren-puppen-spielzeuge-spiele\\\/\"},{\"@type\":\"ListItem\",\"position\":5,\"name\":\"Pl\u00fcschtier\",\"item\":\"https:\\\/\\\/schweizversand.ch\\\/produkt-kategorie\\\/spielzeuge-spiele\\\/figuren-puppen-spielzeuge-spiele\\\/plueschtier\\\/\"},{\"@type\":\"ListItem\",\"position\":6,\"name\":\"YumeToys Transformers: Starscream\"}]},{\"@type\":\"WebSite\",\"@id\":\"https:\\\/\\\/schweizversand.ch\\\/it\\\/#website\",\"url\":\"https:\\\/\\\/schweizversand.ch\\\/it\\\/\",\"name\":\"Schweizer Shop f\u00fcr Sport, Spiel und Freizeit\",\"description\":\"Gratisversand ab 50.- (netto), ab eigenem schweizer Lager, Lieferung innert 48h\",\"publisher\":{\"@id\":\"https:\\\/\\\/schweizversand.ch\\\/it\\\/#organization\"},\"alternateName\":\"Schweizversand.ch\",\"potentialAction\":[{\"@type\":\"SearchAction\",\"target\":{\"@type\":\"EntryPoint\",\"urlTemplate\":\"https:\\\/\\\/schweizversand.ch\\\/it\\\/?s={search_term_string}\"},\"query-input\":{\"@type\":\"PropertyValueSpecification\",\"valueRequired\":true,\"valueName\":\"search_term_string\"}}],\"inLanguage\":\"it-IT\"},{\"@type\":\"Organization\",\"@id\":\"https:\\\/\\\/schweizversand.ch\\\/it\\\/#organization\",\"name\":\"Schweizversand.ch\",\"url\":\"https:\\\/\\\/schweizversand.ch\\\/it\\\/\",\"logo\":{\"@type\":\"ImageObject\",\"inLanguage\":\"it-IT\",\"@id\":\"https:\\\/\\\/schweizversand.ch\\\/it\\\/#\\\/schema\\\/logo\\\/image\\\/\",\"url\":\"https:\\\/\\\/schweizversand.ch\\\/wp-content\\\/uploads\\\/2026\\\/03\\\/Logo_Rund_Final-1.png\",\"contentUrl\":\"https:\\\/\\\/schweizversand.ch\\\/wp-content\\\/uploads\\\/2026\\\/03\\\/Logo_Rund_Final-1.png\",\"width\":404,\"height\":404,\"caption\":\"Schweizversand.ch\"},\"image\":{\"@id\":\"https:\\\/\\\/schweizversand.ch\\\/it\\\/#\\\/schema\\\/logo\\\/image\\\/\"},\"sameAs\":[\"https:\\\/\\\/www.facebook.com\\\/Schweizversand\",\"https:\\\/\\\/www.instagram.com\\\/schweizversand.ch\\\/\"]}]}<\/script>\n<!-- \/ Yoast SEO plugin. -->","yoast_head_json":{"title":"YumeToys Transformers: Starscream","description":"Transformers: Starscream\u00a0\u00a0 Tauchen Sie ein in die epische Welt der Autobots und Decepticons mit diesem exklusiven Starscream Stofftier . Als eines der bekanntes","robots":{"index":"index","follow":"follow","max-snippet":"max-snippet:-1","max-image-preview":"max-image-preview:large","max-video-preview":"max-video-preview:-1"},"canonical":"https:\/\/schweizversand.ch\/it\/produkt\/yumetoys-transformers-starscream\/","og_locale":"it_IT","og_type":"article","og_title":"YumeToys Transformers: Starscream","og_description":"Transformers: Starscream\u00a0\u00a0 Tauchen Sie ein in die epische Welt der Autobots und Decepticons mit diesem exklusiven Starscream Stofftier . Als eines der bekanntes","og_url":"https:\/\/schweizversand.ch\/it\/produkt\/yumetoys-transformers-starscream\/","og_site_name":"Schweizer Shop f\u00fcr Sport, Spiel und Freizeit","article_publisher":"https:\/\/www.facebook.com\/Schweizversand","article_modified_time":"2026-04-19T00:06:53+00:00","og_image":[{"width":1024,"height":1024,"url":"https:\/\/schweizversand.ch\/wp-content\/uploads\/2026\/02\/5528749327.jpg","type":"image\/jpeg"}],"twitter_card":"summary_large_image","twitter_misc":{"Tempo di lettura stimato":"2 minuto"},"schema":{"@context":"https:\/\/schema.org","@graph":[{"@type":"WebPage","@id":"https:\/\/schweizversand.ch\/it\/produkt\/yumetoys-transformers-starscream\/","url":"https:\/\/schweizversand.ch\/it\/produkt\/yumetoys-transformers-starscream\/","name":"YumeToys Transformers: Starscream","isPartOf":{"@id":"https:\/\/schweizversand.ch\/it\/#website"},"primaryImageOfPage":{"@id":"https:\/\/schweizversand.ch\/it\/produkt\/yumetoys-transformers-starscream\/#primaryimage"},"image":{"@id":"https:\/\/schweizversand.ch\/it\/produkt\/yumetoys-transformers-starscream\/#primaryimage"},"thumbnailUrl":"https:\/\/schweizversand.ch\/wp-content\/uploads\/2026\/02\/5528749327.jpg","datePublished":"2026-03-14T23:28:43+00:00","dateModified":"2026-04-19T00:06:53+00:00","description":"Transformers: Starscream\u00a0\u00a0 Tauchen Sie ein in die epische Welt der Autobots und Decepticons mit diesem exklusiven Starscream Stofftier . Als eines der bekanntes","breadcrumb":{"@id":"https:\/\/schweizversand.ch\/it\/produkt\/yumetoys-transformers-starscream\/#breadcrumb"},"inLanguage":"it-IT","potentialAction":[{"@type":"ReadAction","target":["https:\/\/schweizversand.ch\/it\/produkt\/yumetoys-transformers-starscream\/"]}]},{"@type":"ImageObject","inLanguage":"it-IT","@id":"https:\/\/schweizversand.ch\/it\/produkt\/yumetoys-transformers-starscream\/#primaryimage","url":"https:\/\/schweizversand.ch\/wp-content\/uploads\/2026\/02\/5528749327.jpg","contentUrl":"https:\/\/schweizversand.ch\/wp-content\/uploads\/2026\/02\/5528749327.jpg","width":1024,"height":1024},{"@type":"BreadcrumbList","@id":"https:\/\/schweizversand.ch\/it\/produkt\/yumetoys-transformers-starscream\/#breadcrumb","itemListElement":[{"@type":"ListItem","position":1,"name":"Startseite","item":"https:\/\/schweizversand.ch\/it\/home\/"},{"@type":"ListItem","position":2,"name":"Shop","item":"https:\/\/schweizversand.ch\/it\/shop\/"},{"@type":"ListItem","position":3,"name":"Giocattoli e giochi","item":"https:\/\/schweizversand.ch\/it\/produkt-kategorie\/giocattoli-e-giochi\/"},{"@type":"ListItem","position":4,"name":"Figuren &amp; Puppen","item":"https:\/\/schweizversand.ch\/produkt-kategorie\/spielzeuge-spiele\/figuren-puppen-spielzeuge-spiele\/"},{"@type":"ListItem","position":5,"name":"Pl\u00fcschtier","item":"https:\/\/schweizversand.ch\/produkt-kategorie\/spielzeuge-spiele\/figuren-puppen-spielzeuge-spiele\/plueschtier\/"},{"@type":"ListItem","position":6,"name":"YumeToys Transformers: Starscream"}]},{"@type":"WebSite","@id":"https:\/\/schweizversand.ch\/it\/#website","url":"https:\/\/schweizversand.ch\/it\/","name":"Schweizer Shop f\u00fcr Sport, Spiel und Freizeit","description":"Gratisversand ab 50.- (netto), ab eigenem schweizer Lager, Lieferung innert 48h","publisher":{"@id":"https:\/\/schweizversand.ch\/it\/#organization"},"alternateName":"Schweizversand.ch","potentialAction":[{"@type":"SearchAction","target":{"@type":"EntryPoint","urlTemplate":"https:\/\/schweizversand.ch\/it\/?s={search_term_string}"},"query-input":{"@type":"PropertyValueSpecification","valueRequired":true,"valueName":"search_term_string"}}],"inLanguage":"it-IT"},{"@type":"Organization","@id":"https:\/\/schweizversand.ch\/it\/#organization","name":"Schweizversand.ch","url":"https:\/\/schweizversand.ch\/it\/","logo":{"@type":"ImageObject","inLanguage":"it-IT","@id":"https:\/\/schweizversand.ch\/it\/#\/schema\/logo\/image\/","url":"https:\/\/schweizversand.ch\/wp-content\/uploads\/2026\/03\/Logo_Rund_Final-1.png","contentUrl":"https:\/\/schweizversand.ch\/wp-content\/uploads\/2026\/03\/Logo_Rund_Final-1.png","width":404,"height":404,"caption":"Schweizversand.ch"},"image":{"@id":"https:\/\/schweizversand.ch\/it\/#\/schema\/logo\/image\/"},"sameAs":["https:\/\/www.facebook.com\/Schweizversand","https:\/\/www.instagram.com\/schweizversand.ch\/"]}]}},"jetpack_sharing_enabled":true,"_links":{"self":[{"href":"https:\/\/schweizversand.ch\/it\/wp-json\/wp\/v2\/product\/260912","targetHints":{"allow":["GET"]}}],"collection":[{"href":"https:\/\/schweizversand.ch\/it\/wp-json\/wp\/v2\/product"}],"about":[{"href":"https:\/\/schweizversand.ch\/it\/wp-json\/wp\/v2\/types\/product"}],"replies":[{"embeddable":true,"href":"https:\/\/schweizversand.ch\/it\/wp-json\/wp\/v2\/comments?post=260912"}],"wp:featuredmedia":[{"embeddable":true,"href":"https:\/\/schweizversand.ch\/it\/wp-json\/wp\/v2\/media\/163622"}],"wp:attachment":[{"href":"https:\/\/schweizversand.ch\/it\/wp-json\/wp\/v2\/media?parent=260912"}],"wp:term":[{"taxonomy":"product_brand","embeddable":true,"href":"https:\/\/schweizversand.ch\/it\/wp-json\/wp\/v2\/product_brand?post=260912"},{"taxonomy":"product_cat","embeddable":true,"href":"https:\/\/schweizversand.ch\/it\/wp-json\/wp\/v2\/product_cat?post=260912"},{"taxonomy":"product_tag","embeddable":true,"href":"https:\/\/schweizversand.ch\/it\/wp-json\/wp\/v2\/product_tag?post=260912"}],"curies":[{"name":"wp","href":"https:\/\/api.w.org\/{rel}","templated":true}]}}