{"id":260932,"date":"2026-03-15T00:28:51","date_gmt":"2026-03-14T23:28:51","guid":{"rendered":"https:\/\/schweizversand.ch\/produkt\/share-textmarker-2er-set\/"},"modified":"2026-04-21T15:36:43","modified_gmt":"2026-04-21T13:36:43","slug":"share-textmarker-2er-set","status":"publish","type":"product","link":"https:\/\/schweizversand.ch\/it\/produkt\/share-textmarker-2er-set\/","title":{"rendered":"Condividi Evidenziatore confezione da 2"},"content":{"rendered":"<p>Confezione da 2 evidenziatori Share (giallo e arancione): un passo avanti verso un futuro sostenibile!<\/p>\n<p>Evidenzia le informazioni chiave con la coscienza pulita! Il set di evidenziatori Share by Edding EcoLine \u00e8 sinonimo di qualit\u00e0, prestazioni e sostenibilit\u00e0. Progettati in un vivace giallo e arancione, questi evidenziatori non sono solo uno strumento essenziale per i tuoi appunti, ma anche un&#8217;espressione del tuo impegno per il nostro pianeta.<\/p>\n<p>Caratteristiche principali degli evidenziatori Share:<\/p>\n<p>1. Materiali sostenibili: il cappuccio e il corpo sono realizzati con almeno il 90% di materie prime rinnovabili, mentre la confezione \u00e8 realizzata con almeno l&#8217;85% di materiale riciclato.<\/p>\n<p>2. Opzione ricaricabile: prolunga la durata dei tuoi evidenziatori utilizzando l&#8217;inchiostro di ricarica Edding (HTK 25), riducendo gli sprechi e promuovendo un&#8217;economia circolare.<\/p>\n<p>3. Qualit\u00e0 tedesca: prodotto in Germania da Edding, questo set \u00e8 sinonimo di qualit\u00e0 e affidabilit\u00e0 di prima classe.<\/p>\n<p>4. Inchiostro a base d&#8217;acqua: l&#8217;inchiostro a base d&#8217;acqua garantisce riflessi vivaci e duraturi, rispettando al contempo l&#8217;ambiente.<\/p>\n<p>5. Climaticamente neutro: con la compensazione di CO2 attraverso il supporto di progetti certificati per la protezione del clima, contribuisci alla tutela dell&#8217;ambiente con ogni acquisto (ClimatePartner.com\/13742-2102-1001).<\/p>\n<p>6. Versatilit\u00e0 d&#8217;uso: con uno spessore del tratto di 2-5 mm, reso possibile dalla punta a scalpello, questi evidenziatori sono perfetti per evidenziare testi di varie dimensioni.<\/p>\n<p>Conclusione: la confezione da 2 evidenziatori Share \u00e8 pi\u00f9 di un semplice strumento di scrittura: \u00e8 l&#8217;espressione del nostro impegno per un mondo pi\u00f9 sostenibile e responsabile. Con ogni tratto, diventi parte di un movimento che si batte per un futuro migliore. Evidenzia non solo i tuoi testi, ma anche la differenza che un&#8217;azione consapevole pu\u00f2 fare!<\/p>\n","protected":false},"excerpt":{"rendered":"<p>share Textmarker 2er Set: Leuchtend gelb &amp; orange, nachhaltig aus nachwachsenden Rohstoffen, nachf\u00fcllbar und recycelbar \u2013 f\u00fcr klare Notizen mit gutem Gewissen.<\/p>\n","protected":false},"featured_media":163791,"comment_status":"open","ping_status":"closed","template":"","meta":[],"product_brand":[],"product_cat":[38187],"product_tag":[],"class_list":{"0":"post-260932","1":"product","2":"type-product","3":"status-publish","4":"has-post-thumbnail","6":"product_cat-stifte-schreibgeraete","7":"product_shipping_class-global_methods","9":"first","10":"instock","11":"taxable","12":"shipping-taxable","13":"purchasable","14":"product-type-simple"},"yoast_head":"<!-- This site is optimized with the Yoast SEO plugin v27.4 - https:\/\/yoast.com\/product\/yoast-seo-wordpress\/ -->\n<title>share Textmarker 2er Set<\/title>\n<meta name=\"description\" content=\"share Textmarker 2er Set (gelb &amp; orange): Ein leuchtender Schritt in eine nachhaltige Zukunft!\u00a0 Heben Sie die Schl\u00fcsselinformationen mit einem klaren Gewissen\" \/>\n<meta name=\"robots\" content=\"index, follow, max-snippet:-1, max-image-preview:large, max-video-preview:-1\" \/>\n<link rel=\"canonical\" href=\"https:\/\/schweizversand.ch\/it\/produkt\/share-textmarker-2er-set\/\" \/>\n<meta property=\"og:locale\" content=\"it_IT\" \/>\n<meta property=\"og:type\" content=\"article\" \/>\n<meta property=\"og:title\" content=\"share Textmarker 2er Set\" \/>\n<meta property=\"og:description\" content=\"share Textmarker 2er Set (gelb &amp; orange): Ein leuchtender Schritt in eine nachhaltige Zukunft!\u00a0 Heben Sie die Schl\u00fcsselinformationen mit einem klaren Gewissen\" \/>\n<meta property=\"og:url\" content=\"https:\/\/schweizversand.ch\/it\/produkt\/share-textmarker-2er-set\/\" \/>\n<meta property=\"og:site_name\" content=\"Schweizer Shop f\u00fcr Sport, Spiel und Freizeit\" \/>\n<meta property=\"article:publisher\" content=\"https:\/\/www.facebook.com\/Schweizversand\" \/>\n<meta property=\"article:modified_time\" content=\"2026-04-21T13:36:43+00:00\" \/>\n<meta property=\"og:image\" content=\"https:\/\/schweizversand.ch\/wp-content\/uploads\/2026\/02\/5471652574.jpg\" \/>\n\t<meta property=\"og:image:width\" content=\"1024\" \/>\n\t<meta property=\"og:image:height\" content=\"683\" \/>\n\t<meta property=\"og:image:type\" content=\"image\/jpeg\" \/>\n<meta name=\"twitter:card\" content=\"summary_large_image\" \/>\n<meta name=\"twitter:label1\" content=\"Tempo di lettura stimato\" \/>\n\t<meta name=\"twitter:data1\" content=\"1 minuto\" \/>\n<script type=\"application\/ld+json\" class=\"yoast-schema-graph\">{\"@context\":\"https:\\\/\\\/schema.org\",\"@graph\":[{\"@type\":\"WebPage\",\"@id\":\"https:\\\/\\\/schweizversand.ch\\\/it\\\/produkt\\\/share-textmarker-2er-set\\\/\",\"url\":\"https:\\\/\\\/schweizversand.ch\\\/it\\\/produkt\\\/share-textmarker-2er-set\\\/\",\"name\":\"share Textmarker 2er Set\",\"isPartOf\":{\"@id\":\"https:\\\/\\\/schweizversand.ch\\\/it\\\/#website\"},\"primaryImageOfPage\":{\"@id\":\"https:\\\/\\\/schweizversand.ch\\\/it\\\/produkt\\\/share-textmarker-2er-set\\\/#primaryimage\"},\"image\":{\"@id\":\"https:\\\/\\\/schweizversand.ch\\\/it\\\/produkt\\\/share-textmarker-2er-set\\\/#primaryimage\"},\"thumbnailUrl\":\"https:\\\/\\\/schweizversand.ch\\\/wp-content\\\/uploads\\\/2026\\\/02\\\/5471652574.jpg\",\"datePublished\":\"2026-03-14T23:28:51+00:00\",\"dateModified\":\"2026-04-21T13:36:43+00:00\",\"description\":\"share Textmarker 2er Set (gelb & orange): Ein leuchtender Schritt in eine nachhaltige Zukunft!\u00a0 Heben Sie die Schl\u00fcsselinformationen mit einem klaren Gewissen\",\"breadcrumb\":{\"@id\":\"https:\\\/\\\/schweizversand.ch\\\/it\\\/produkt\\\/share-textmarker-2er-set\\\/#breadcrumb\"},\"inLanguage\":\"it-IT\",\"potentialAction\":[{\"@type\":\"ReadAction\",\"target\":[\"https:\\\/\\\/schweizversand.ch\\\/it\\\/produkt\\\/share-textmarker-2er-set\\\/\"]}]},{\"@type\":\"ImageObject\",\"inLanguage\":\"it-IT\",\"@id\":\"https:\\\/\\\/schweizversand.ch\\\/it\\\/produkt\\\/share-textmarker-2er-set\\\/#primaryimage\",\"url\":\"https:\\\/\\\/schweizversand.ch\\\/wp-content\\\/uploads\\\/2026\\\/02\\\/5471652574.jpg\",\"contentUrl\":\"https:\\\/\\\/schweizversand.ch\\\/wp-content\\\/uploads\\\/2026\\\/02\\\/5471652574.jpg\",\"width\":1024,\"height\":683},{\"@type\":\"BreadcrumbList\",\"@id\":\"https:\\\/\\\/schweizversand.ch\\\/it\\\/produkt\\\/share-textmarker-2er-set\\\/#breadcrumb\",\"itemListElement\":[{\"@type\":\"ListItem\",\"position\":1,\"name\":\"Startseite\",\"item\":\"https:\\\/\\\/schweizversand.ch\\\/it\\\/home\\\/\"},{\"@type\":\"ListItem\",\"position\":2,\"name\":\"Shop\",\"item\":\"https:\\\/\\\/schweizversand.ch\\\/it\\\/shop\\\/\"},{\"@type\":\"ListItem\",\"position\":3,\"name\":\"Ufficio e cancelleria\",\"item\":\"https:\\\/\\\/schweizversand.ch\\\/it\\\/produkt-kategorie\\\/ufficio-e-cancelleria\\\/\"},{\"@type\":\"ListItem\",\"position\":4,\"name\":\"Posto di lavoro\",\"item\":\"https:\\\/\\\/schweizversand.ch\\\/it\\\/produkt-kategorie\\\/ufficio-e-cancelleria\\\/posto-di-lavoro\\\/\"},{\"@type\":\"ListItem\",\"position\":5,\"name\":\"Penne e strumenti di scrittura\",\"item\":\"https:\\\/\\\/schweizversand.ch\\\/it\\\/produkt-kategorie\\\/ufficio-e-cancelleria\\\/posto-di-lavoro\\\/stifte-schreibgeraete\\\/\"},{\"@type\":\"ListItem\",\"position\":6,\"name\":\"Condividi Evidenziatore confezione da 2\"}]},{\"@type\":\"WebSite\",\"@id\":\"https:\\\/\\\/schweizversand.ch\\\/it\\\/#website\",\"url\":\"https:\\\/\\\/schweizversand.ch\\\/it\\\/\",\"name\":\"Schweizer Shop f\u00fcr Sport, Spiel und Freizeit\",\"description\":\"Gratisversand ab 50.- (netto), ab eigenem schweizer Lager, Lieferung innert 48h\",\"publisher\":{\"@id\":\"https:\\\/\\\/schweizversand.ch\\\/it\\\/#organization\"},\"alternateName\":\"Schweizversand.ch\",\"potentialAction\":[{\"@type\":\"SearchAction\",\"target\":{\"@type\":\"EntryPoint\",\"urlTemplate\":\"https:\\\/\\\/schweizversand.ch\\\/it\\\/?s={search_term_string}\"},\"query-input\":{\"@type\":\"PropertyValueSpecification\",\"valueRequired\":true,\"valueName\":\"search_term_string\"}}],\"inLanguage\":\"it-IT\"},{\"@type\":\"Organization\",\"@id\":\"https:\\\/\\\/schweizversand.ch\\\/it\\\/#organization\",\"name\":\"Schweizversand.ch\",\"url\":\"https:\\\/\\\/schweizversand.ch\\\/it\\\/\",\"logo\":{\"@type\":\"ImageObject\",\"inLanguage\":\"it-IT\",\"@id\":\"https:\\\/\\\/schweizversand.ch\\\/it\\\/#\\\/schema\\\/logo\\\/image\\\/\",\"url\":\"https:\\\/\\\/schweizversand.ch\\\/wp-content\\\/uploads\\\/2026\\\/03\\\/Logo_Rund_Final-1.png\",\"contentUrl\":\"https:\\\/\\\/schweizversand.ch\\\/wp-content\\\/uploads\\\/2026\\\/03\\\/Logo_Rund_Final-1.png\",\"width\":404,\"height\":404,\"caption\":\"Schweizversand.ch\"},\"image\":{\"@id\":\"https:\\\/\\\/schweizversand.ch\\\/it\\\/#\\\/schema\\\/logo\\\/image\\\/\"},\"sameAs\":[\"https:\\\/\\\/www.facebook.com\\\/Schweizversand\",\"https:\\\/\\\/www.instagram.com\\\/schweizversand.ch\\\/\"]}]}<\/script>\n<!-- \/ Yoast SEO plugin. -->","yoast_head_json":{"title":"share Textmarker 2er Set","description":"share Textmarker 2er Set (gelb & orange): Ein leuchtender Schritt in eine nachhaltige Zukunft!\u00a0 Heben Sie die Schl\u00fcsselinformationen mit einem klaren Gewissen","robots":{"index":"index","follow":"follow","max-snippet":"max-snippet:-1","max-image-preview":"max-image-preview:large","max-video-preview":"max-video-preview:-1"},"canonical":"https:\/\/schweizversand.ch\/it\/produkt\/share-textmarker-2er-set\/","og_locale":"it_IT","og_type":"article","og_title":"share Textmarker 2er Set","og_description":"share Textmarker 2er Set (gelb & orange): Ein leuchtender Schritt in eine nachhaltige Zukunft!\u00a0 Heben Sie die Schl\u00fcsselinformationen mit einem klaren Gewissen","og_url":"https:\/\/schweizversand.ch\/it\/produkt\/share-textmarker-2er-set\/","og_site_name":"Schweizer Shop f\u00fcr Sport, Spiel und Freizeit","article_publisher":"https:\/\/www.facebook.com\/Schweizversand","article_modified_time":"2026-04-21T13:36:43+00:00","og_image":[{"width":1024,"height":683,"url":"https:\/\/schweizversand.ch\/wp-content\/uploads\/2026\/02\/5471652574.jpg","type":"image\/jpeg"}],"twitter_card":"summary_large_image","twitter_misc":{"Tempo di lettura stimato":"1 minuto"},"schema":{"@context":"https:\/\/schema.org","@graph":[{"@type":"WebPage","@id":"https:\/\/schweizversand.ch\/it\/produkt\/share-textmarker-2er-set\/","url":"https:\/\/schweizversand.ch\/it\/produkt\/share-textmarker-2er-set\/","name":"share Textmarker 2er Set","isPartOf":{"@id":"https:\/\/schweizversand.ch\/it\/#website"},"primaryImageOfPage":{"@id":"https:\/\/schweizversand.ch\/it\/produkt\/share-textmarker-2er-set\/#primaryimage"},"image":{"@id":"https:\/\/schweizversand.ch\/it\/produkt\/share-textmarker-2er-set\/#primaryimage"},"thumbnailUrl":"https:\/\/schweizversand.ch\/wp-content\/uploads\/2026\/02\/5471652574.jpg","datePublished":"2026-03-14T23:28:51+00:00","dateModified":"2026-04-21T13:36:43+00:00","description":"share Textmarker 2er Set (gelb & orange): Ein leuchtender Schritt in eine nachhaltige Zukunft!\u00a0 Heben Sie die Schl\u00fcsselinformationen mit einem klaren Gewissen","breadcrumb":{"@id":"https:\/\/schweizversand.ch\/it\/produkt\/share-textmarker-2er-set\/#breadcrumb"},"inLanguage":"it-IT","potentialAction":[{"@type":"ReadAction","target":["https:\/\/schweizversand.ch\/it\/produkt\/share-textmarker-2er-set\/"]}]},{"@type":"ImageObject","inLanguage":"it-IT","@id":"https:\/\/schweizversand.ch\/it\/produkt\/share-textmarker-2er-set\/#primaryimage","url":"https:\/\/schweizversand.ch\/wp-content\/uploads\/2026\/02\/5471652574.jpg","contentUrl":"https:\/\/schweizversand.ch\/wp-content\/uploads\/2026\/02\/5471652574.jpg","width":1024,"height":683},{"@type":"BreadcrumbList","@id":"https:\/\/schweizversand.ch\/it\/produkt\/share-textmarker-2er-set\/#breadcrumb","itemListElement":[{"@type":"ListItem","position":1,"name":"Startseite","item":"https:\/\/schweizversand.ch\/it\/home\/"},{"@type":"ListItem","position":2,"name":"Shop","item":"https:\/\/schweizversand.ch\/it\/shop\/"},{"@type":"ListItem","position":3,"name":"Ufficio e cancelleria","item":"https:\/\/schweizversand.ch\/it\/produkt-kategorie\/ufficio-e-cancelleria\/"},{"@type":"ListItem","position":4,"name":"Posto di lavoro","item":"https:\/\/schweizversand.ch\/it\/produkt-kategorie\/ufficio-e-cancelleria\/posto-di-lavoro\/"},{"@type":"ListItem","position":5,"name":"Penne e strumenti di scrittura","item":"https:\/\/schweizversand.ch\/it\/produkt-kategorie\/ufficio-e-cancelleria\/posto-di-lavoro\/stifte-schreibgeraete\/"},{"@type":"ListItem","position":6,"name":"Condividi Evidenziatore confezione da 2"}]},{"@type":"WebSite","@id":"https:\/\/schweizversand.ch\/it\/#website","url":"https:\/\/schweizversand.ch\/it\/","name":"Schweizer Shop f\u00fcr Sport, Spiel und Freizeit","description":"Gratisversand ab 50.- (netto), ab eigenem schweizer Lager, Lieferung innert 48h","publisher":{"@id":"https:\/\/schweizversand.ch\/it\/#organization"},"alternateName":"Schweizversand.ch","potentialAction":[{"@type":"SearchAction","target":{"@type":"EntryPoint","urlTemplate":"https:\/\/schweizversand.ch\/it\/?s={search_term_string}"},"query-input":{"@type":"PropertyValueSpecification","valueRequired":true,"valueName":"search_term_string"}}],"inLanguage":"it-IT"},{"@type":"Organization","@id":"https:\/\/schweizversand.ch\/it\/#organization","name":"Schweizversand.ch","url":"https:\/\/schweizversand.ch\/it\/","logo":{"@type":"ImageObject","inLanguage":"it-IT","@id":"https:\/\/schweizversand.ch\/it\/#\/schema\/logo\/image\/","url":"https:\/\/schweizversand.ch\/wp-content\/uploads\/2026\/03\/Logo_Rund_Final-1.png","contentUrl":"https:\/\/schweizversand.ch\/wp-content\/uploads\/2026\/03\/Logo_Rund_Final-1.png","width":404,"height":404,"caption":"Schweizversand.ch"},"image":{"@id":"https:\/\/schweizversand.ch\/it\/#\/schema\/logo\/image\/"},"sameAs":["https:\/\/www.facebook.com\/Schweizversand","https:\/\/www.instagram.com\/schweizversand.ch\/"]}]}},"jetpack_sharing_enabled":true,"_links":{"self":[{"href":"https:\/\/schweizversand.ch\/it\/wp-json\/wp\/v2\/product\/260932","targetHints":{"allow":["GET"]}}],"collection":[{"href":"https:\/\/schweizversand.ch\/it\/wp-json\/wp\/v2\/product"}],"about":[{"href":"https:\/\/schweizversand.ch\/it\/wp-json\/wp\/v2\/types\/product"}],"replies":[{"embeddable":true,"href":"https:\/\/schweizversand.ch\/it\/wp-json\/wp\/v2\/comments?post=260932"}],"wp:featuredmedia":[{"embeddable":true,"href":"https:\/\/schweizversand.ch\/it\/wp-json\/wp\/v2\/media\/163791"}],"wp:attachment":[{"href":"https:\/\/schweizversand.ch\/it\/wp-json\/wp\/v2\/media?parent=260932"}],"wp:term":[{"taxonomy":"product_brand","embeddable":true,"href":"https:\/\/schweizversand.ch\/it\/wp-json\/wp\/v2\/product_brand?post=260932"},{"taxonomy":"product_cat","embeddable":true,"href":"https:\/\/schweizversand.ch\/it\/wp-json\/wp\/v2\/product_cat?post=260932"},{"taxonomy":"product_tag","embeddable":true,"href":"https:\/\/schweizversand.ch\/it\/wp-json\/wp\/v2\/product_tag?post=260932"}],"curies":[{"name":"wp","href":"https:\/\/api.w.org\/{rel}","templated":true}]}}