{"id":260936,"date":"2026-03-15T00:28:59","date_gmt":"2026-03-14T23:28:59","guid":{"rendered":"https:\/\/schweizversand.ch\/produkt\/welliebellies-waermetier-giraffe\/"},"modified":"2026-04-19T15:37:41","modified_gmt":"2026-04-19T13:37:41","slug":"welliebellies-waermetier-giraffe","status":"publish","type":"product","link":"https:\/\/schweizversand.ch\/it\/produkt\/welliebellies-waermetier-giraffe\/","title":{"rendered":"Giocattolo giraffa riscaldabile di Welliebellie"},"content":{"rendered":"<h1><strong>Giraffa giocattolo riscaldabile<\/strong><\/h1>\n<div>Scopri il <strong>giocattolo riscaldabile<\/strong>, un compagno fedele che non solo invita alle coccole, ma fornisce anche un calore rilassante. Questo adorabile <strong>cuscino riscaldabile<\/strong> \u00e8 perfetto per offrire comfort e portare gioia ai cuori di grandi e piccini.<\/p>\n<\/div>\n<div><strong>Comfort unico per il tuo bambino<\/strong><br \/>Il nostro <strong>peluche<\/strong> \u00e8 pi\u00f9 di un semplice giocattolo: \u00e8 un amico che offre calore e comfort. Ideale per momenti di relax, per addormentarsi o semplicemente come fonte di calore nelle giornate fredde. Il <strong>peluche riscaldabile<\/strong> \u00e8 un regalo meraviglioso che garantisce gioia e benessere.<\/p>\n<\/div>\n<div><strong>Calore rilassante e sicurezza<\/strong><br \/>Il cuscinetto riscaldante rimovibile rende questo <strong>peluche riscaldabile<\/strong> adatto ai bambini e sicuro da usare. \u00c8 facile da riscaldare e garantisce una temperatura piacevole e duratura. \u00c8 semplice da usare e offre un modo delicato per calmare e rilassare il tuo bambino.<\/p>\n<\/div>\n<div><strong>Importanti istruzioni di sicurezza per l&#8217;uso<\/strong><br \/>Si prega di notare che il <strong>peluche riscaldabile<\/strong> \u00e8 adatto a bambini dai 36 mesi in su. Assicurarsi che il prodotto sia pulito e asciutto prima di riscaldarlo. Deve essere completamente raffreddato a temperatura ambiente prima di ogni riscaldamento. Rimuovere sempre il cuscinetto riscaldante dal peluche prima di riscaldarlo. Il peluche stesso non deve essere riscaldato! Non superare mai le temperature e i tempi di riscaldamento consigliati per evitare il rischio di incendio. I forni a microonde e altri forni devono essere utilizzati solo da adulti. Qualsiasi funzione grill deve essere disattivata e il piatto girevole deve poter ruotare liberamente. Controllare attentamente la temperatura del cibo prima di darlo ai bambini per evitare ustioni. Possono verificarsi reazioni allergiche in gruppi vulnerabili come persone con sistema immunitario indebolito o allergie. Il contenuto del cuscino non \u00e8 destinato al consumo e deve essere utilizzato solo sotto la stretta supervisione di un adulto.<\/p>\n<\/div>\n<div><strong>Dettagli del prodotto<\/strong><br \/>&#8211; Peso: 250 g<br \/>&#8211; Dimensioni da imballato (lunghezza x larghezza x altezza): 20 x 18 x 12 cm<br \/>&#8211; Materiale: Peluche di alta qualit\u00e0 con termoconvettore rimovibile<br \/>&#8211; Design: Adorabile leone<\/p>\n<\/div>\n<div>Regala al tuo bambino un tenero amico con questo <strong>giocattolo riscaldabile<\/strong> che porta calore e comfort nella vita di tutti i giorni.<\/p>\n<\/div>\n<div><\/div>\n","protected":false},"excerpt":{"rendered":"<p>Giraffa giocattolo riscaldabile Scopri il giocattolo riscaldabile, un compagno fedele che non solo invita alle coccole, ma fornisce anche un calore rilassante. Questo adorabile cuscino riscaldabile \u00e8 perfetto per offrire comfort e portare gioia ai cuori di grandi e piccini. Comfort unico per il tuo bambinoIl nostro peluche \u00e8 pi\u00f9 di un semplice giocattolo: \u00e8 un amico che offre calore e comfort. Ideale per momenti di relax, per addormentarsi o semplicemente come fonte di calore&hellip;<\/p>\n","protected":false},"featured_media":164054,"comment_status":"open","ping_status":"closed","template":"","meta":[],"product_brand":[],"product_cat":[38909],"product_tag":[],"class_list":{"0":"post-260936","1":"product","2":"type-product","3":"status-publish","4":"has-post-thumbnail","6":"product_cat-diverses","7":"product_shipping_class-global_methods","9":"first","10":"instock","11":"taxable","12":"shipping-taxable","13":"purchasable","14":"product-type-simple"},"yoast_head":"<!-- This site is optimized with the Yoast SEO plugin v27.4 - https:\/\/yoast.com\/product\/yoast-seo-wordpress\/ -->\n<title>Welliebellies W\u00e4rmetier Giraffe<\/title>\n<meta name=\"description\" content=\"W\u00e4rmetier Giraffe Entdecken Sie das W\u00e4rmetier , einen treuen Begleiter, der nicht nur zum Kuscheln einl\u00e4dt, sondern auch wohltuende W\u00e4rme spendet. Dieses entz\u00fcc\" \/>\n<meta name=\"robots\" content=\"index, follow, max-snippet:-1, max-image-preview:large, max-video-preview:-1\" \/>\n<link rel=\"canonical\" href=\"https:\/\/schweizversand.ch\/it\/produkt\/welliebellies-waermetier-giraffe\/\" \/>\n<meta property=\"og:locale\" content=\"it_IT\" \/>\n<meta property=\"og:type\" content=\"article\" \/>\n<meta property=\"og:title\" content=\"Welliebellies W\u00e4rmetier Giraffe\" \/>\n<meta property=\"og:description\" content=\"W\u00e4rmetier Giraffe Entdecken Sie das W\u00e4rmetier , einen treuen Begleiter, der nicht nur zum Kuscheln einl\u00e4dt, sondern auch wohltuende W\u00e4rme spendet. Dieses entz\u00fcc\" \/>\n<meta property=\"og:url\" content=\"https:\/\/schweizversand.ch\/it\/produkt\/welliebellies-waermetier-giraffe\/\" \/>\n<meta property=\"og:site_name\" content=\"Schweizer Shop f\u00fcr Sport, Spiel und Freizeit\" \/>\n<meta property=\"article:publisher\" content=\"https:\/\/www.facebook.com\/Schweizversand\" \/>\n<meta property=\"article:modified_time\" content=\"2026-04-19T13:37:41+00:00\" \/>\n<meta property=\"og:image\" content=\"https:\/\/schweizversand.ch\/wp-content\/uploads\/2026\/02\/5511273871.jpg\" \/>\n\t<meta property=\"og:image:width\" content=\"800\" \/>\n\t<meta property=\"og:image:height\" content=\"1024\" \/>\n\t<meta property=\"og:image:type\" content=\"image\/jpeg\" \/>\n<meta name=\"twitter:card\" content=\"summary_large_image\" \/>\n<meta name=\"twitter:label1\" content=\"Tempo di lettura stimato\" \/>\n\t<meta name=\"twitter:data1\" content=\"2 minuto\" \/>\n<script type=\"application\/ld+json\" class=\"yoast-schema-graph\">{\"@context\":\"https:\\\/\\\/schema.org\",\"@graph\":[{\"@type\":\"WebPage\",\"@id\":\"https:\\\/\\\/schweizversand.ch\\\/it\\\/produkt\\\/welliebellies-waermetier-giraffe\\\/\",\"url\":\"https:\\\/\\\/schweizversand.ch\\\/it\\\/produkt\\\/welliebellies-waermetier-giraffe\\\/\",\"name\":\"Welliebellies W\u00e4rmetier Giraffe\",\"isPartOf\":{\"@id\":\"https:\\\/\\\/schweizversand.ch\\\/it\\\/#website\"},\"primaryImageOfPage\":{\"@id\":\"https:\\\/\\\/schweizversand.ch\\\/it\\\/produkt\\\/welliebellies-waermetier-giraffe\\\/#primaryimage\"},\"image\":{\"@id\":\"https:\\\/\\\/schweizversand.ch\\\/it\\\/produkt\\\/welliebellies-waermetier-giraffe\\\/#primaryimage\"},\"thumbnailUrl\":\"https:\\\/\\\/schweizversand.ch\\\/wp-content\\\/uploads\\\/2026\\\/02\\\/5511273871.jpg\",\"datePublished\":\"2026-03-14T23:28:59+00:00\",\"dateModified\":\"2026-04-19T13:37:41+00:00\",\"description\":\"W\u00e4rmetier Giraffe Entdecken Sie das W\u00e4rmetier , einen treuen Begleiter, der nicht nur zum Kuscheln einl\u00e4dt, sondern auch wohltuende W\u00e4rme spendet. Dieses entz\u00fcc\",\"breadcrumb\":{\"@id\":\"https:\\\/\\\/schweizversand.ch\\\/it\\\/produkt\\\/welliebellies-waermetier-giraffe\\\/#breadcrumb\"},\"inLanguage\":\"it-IT\",\"potentialAction\":[{\"@type\":\"ReadAction\",\"target\":[\"https:\\\/\\\/schweizversand.ch\\\/it\\\/produkt\\\/welliebellies-waermetier-giraffe\\\/\"]}]},{\"@type\":\"ImageObject\",\"inLanguage\":\"it-IT\",\"@id\":\"https:\\\/\\\/schweizversand.ch\\\/it\\\/produkt\\\/welliebellies-waermetier-giraffe\\\/#primaryimage\",\"url\":\"https:\\\/\\\/schweizversand.ch\\\/wp-content\\\/uploads\\\/2026\\\/02\\\/5511273871.jpg\",\"contentUrl\":\"https:\\\/\\\/schweizversand.ch\\\/wp-content\\\/uploads\\\/2026\\\/02\\\/5511273871.jpg\",\"width\":800,\"height\":1024},{\"@type\":\"BreadcrumbList\",\"@id\":\"https:\\\/\\\/schweizversand.ch\\\/it\\\/produkt\\\/welliebellies-waermetier-giraffe\\\/#breadcrumb\",\"itemListElement\":[{\"@type\":\"ListItem\",\"position\":1,\"name\":\"Startseite\",\"item\":\"https:\\\/\\\/schweizversand.ch\\\/it\\\/home\\\/\"},{\"@type\":\"ListItem\",\"position\":2,\"name\":\"Shop\",\"item\":\"https:\\\/\\\/schweizversand.ch\\\/it\\\/shop\\\/\"},{\"@type\":\"ListItem\",\"position\":3,\"name\":\"Bambini e genitori\",\"item\":\"https:\\\/\\\/schweizversand.ch\\\/it\\\/produkt-kategorie\\\/bambini-e-genitori\\\/\"},{\"@type\":\"ListItem\",\"position\":4,\"name\":\"Giocattoli per bambini\",\"item\":\"https:\\\/\\\/schweizversand.ch\\\/it\\\/produkt-kategorie\\\/bambini-e-genitori\\\/giocattoli-per-bambini\\\/\"},{\"@type\":\"ListItem\",\"position\":5,\"name\":\"Varie\",\"item\":\"https:\\\/\\\/schweizversand.ch\\\/it\\\/produkt-kategorie\\\/bambini-e-genitori\\\/giocattoli-per-bambini\\\/diverses\\\/\"},{\"@type\":\"ListItem\",\"position\":6,\"name\":\"Giocattolo giraffa riscaldabile di Welliebellie\"}]},{\"@type\":\"WebSite\",\"@id\":\"https:\\\/\\\/schweizversand.ch\\\/it\\\/#website\",\"url\":\"https:\\\/\\\/schweizversand.ch\\\/it\\\/\",\"name\":\"Schweizer Shop f\u00fcr Sport, Spiel und Freizeit\",\"description\":\"Gratisversand ab 50.- (netto), ab eigenem schweizer Lager, Lieferung innert 48h\",\"publisher\":{\"@id\":\"https:\\\/\\\/schweizversand.ch\\\/it\\\/#organization\"},\"alternateName\":\"Schweizversand.ch\",\"potentialAction\":[{\"@type\":\"SearchAction\",\"target\":{\"@type\":\"EntryPoint\",\"urlTemplate\":\"https:\\\/\\\/schweizversand.ch\\\/it\\\/?s={search_term_string}\"},\"query-input\":{\"@type\":\"PropertyValueSpecification\",\"valueRequired\":true,\"valueName\":\"search_term_string\"}}],\"inLanguage\":\"it-IT\"},{\"@type\":\"Organization\",\"@id\":\"https:\\\/\\\/schweizversand.ch\\\/it\\\/#organization\",\"name\":\"Schweizversand.ch\",\"url\":\"https:\\\/\\\/schweizversand.ch\\\/it\\\/\",\"logo\":{\"@type\":\"ImageObject\",\"inLanguage\":\"it-IT\",\"@id\":\"https:\\\/\\\/schweizversand.ch\\\/it\\\/#\\\/schema\\\/logo\\\/image\\\/\",\"url\":\"https:\\\/\\\/schweizversand.ch\\\/wp-content\\\/uploads\\\/2026\\\/03\\\/Logo_Rund_Final-1.png\",\"contentUrl\":\"https:\\\/\\\/schweizversand.ch\\\/wp-content\\\/uploads\\\/2026\\\/03\\\/Logo_Rund_Final-1.png\",\"width\":404,\"height\":404,\"caption\":\"Schweizversand.ch\"},\"image\":{\"@id\":\"https:\\\/\\\/schweizversand.ch\\\/it\\\/#\\\/schema\\\/logo\\\/image\\\/\"},\"sameAs\":[\"https:\\\/\\\/www.facebook.com\\\/Schweizversand\",\"https:\\\/\\\/www.instagram.com\\\/schweizversand.ch\\\/\"]}]}<\/script>\n<!-- \/ Yoast SEO plugin. -->","yoast_head_json":{"title":"Welliebellies W\u00e4rmetier Giraffe","description":"W\u00e4rmetier Giraffe Entdecken Sie das W\u00e4rmetier , einen treuen Begleiter, der nicht nur zum Kuscheln einl\u00e4dt, sondern auch wohltuende W\u00e4rme spendet. Dieses entz\u00fcc","robots":{"index":"index","follow":"follow","max-snippet":"max-snippet:-1","max-image-preview":"max-image-preview:large","max-video-preview":"max-video-preview:-1"},"canonical":"https:\/\/schweizversand.ch\/it\/produkt\/welliebellies-waermetier-giraffe\/","og_locale":"it_IT","og_type":"article","og_title":"Welliebellies W\u00e4rmetier Giraffe","og_description":"W\u00e4rmetier Giraffe Entdecken Sie das W\u00e4rmetier , einen treuen Begleiter, der nicht nur zum Kuscheln einl\u00e4dt, sondern auch wohltuende W\u00e4rme spendet. Dieses entz\u00fcc","og_url":"https:\/\/schweizversand.ch\/it\/produkt\/welliebellies-waermetier-giraffe\/","og_site_name":"Schweizer Shop f\u00fcr Sport, Spiel und Freizeit","article_publisher":"https:\/\/www.facebook.com\/Schweizversand","article_modified_time":"2026-04-19T13:37:41+00:00","og_image":[{"width":800,"height":1024,"url":"https:\/\/schweizversand.ch\/wp-content\/uploads\/2026\/02\/5511273871.jpg","type":"image\/jpeg"}],"twitter_card":"summary_large_image","twitter_misc":{"Tempo di lettura stimato":"2 minuto"},"schema":{"@context":"https:\/\/schema.org","@graph":[{"@type":"WebPage","@id":"https:\/\/schweizversand.ch\/it\/produkt\/welliebellies-waermetier-giraffe\/","url":"https:\/\/schweizversand.ch\/it\/produkt\/welliebellies-waermetier-giraffe\/","name":"Welliebellies W\u00e4rmetier Giraffe","isPartOf":{"@id":"https:\/\/schweizversand.ch\/it\/#website"},"primaryImageOfPage":{"@id":"https:\/\/schweizversand.ch\/it\/produkt\/welliebellies-waermetier-giraffe\/#primaryimage"},"image":{"@id":"https:\/\/schweizversand.ch\/it\/produkt\/welliebellies-waermetier-giraffe\/#primaryimage"},"thumbnailUrl":"https:\/\/schweizversand.ch\/wp-content\/uploads\/2026\/02\/5511273871.jpg","datePublished":"2026-03-14T23:28:59+00:00","dateModified":"2026-04-19T13:37:41+00:00","description":"W\u00e4rmetier Giraffe Entdecken Sie das W\u00e4rmetier , einen treuen Begleiter, der nicht nur zum Kuscheln einl\u00e4dt, sondern auch wohltuende W\u00e4rme spendet. Dieses entz\u00fcc","breadcrumb":{"@id":"https:\/\/schweizversand.ch\/it\/produkt\/welliebellies-waermetier-giraffe\/#breadcrumb"},"inLanguage":"it-IT","potentialAction":[{"@type":"ReadAction","target":["https:\/\/schweizversand.ch\/it\/produkt\/welliebellies-waermetier-giraffe\/"]}]},{"@type":"ImageObject","inLanguage":"it-IT","@id":"https:\/\/schweizversand.ch\/it\/produkt\/welliebellies-waermetier-giraffe\/#primaryimage","url":"https:\/\/schweizversand.ch\/wp-content\/uploads\/2026\/02\/5511273871.jpg","contentUrl":"https:\/\/schweizversand.ch\/wp-content\/uploads\/2026\/02\/5511273871.jpg","width":800,"height":1024},{"@type":"BreadcrumbList","@id":"https:\/\/schweizversand.ch\/it\/produkt\/welliebellies-waermetier-giraffe\/#breadcrumb","itemListElement":[{"@type":"ListItem","position":1,"name":"Startseite","item":"https:\/\/schweizversand.ch\/it\/home\/"},{"@type":"ListItem","position":2,"name":"Shop","item":"https:\/\/schweizversand.ch\/it\/shop\/"},{"@type":"ListItem","position":3,"name":"Bambini e genitori","item":"https:\/\/schweizversand.ch\/it\/produkt-kategorie\/bambini-e-genitori\/"},{"@type":"ListItem","position":4,"name":"Giocattoli per bambini","item":"https:\/\/schweizversand.ch\/it\/produkt-kategorie\/bambini-e-genitori\/giocattoli-per-bambini\/"},{"@type":"ListItem","position":5,"name":"Varie","item":"https:\/\/schweizversand.ch\/it\/produkt-kategorie\/bambini-e-genitori\/giocattoli-per-bambini\/diverses\/"},{"@type":"ListItem","position":6,"name":"Giocattolo giraffa riscaldabile di Welliebellie"}]},{"@type":"WebSite","@id":"https:\/\/schweizversand.ch\/it\/#website","url":"https:\/\/schweizversand.ch\/it\/","name":"Schweizer Shop f\u00fcr Sport, Spiel und Freizeit","description":"Gratisversand ab 50.- (netto), ab eigenem schweizer Lager, Lieferung innert 48h","publisher":{"@id":"https:\/\/schweizversand.ch\/it\/#organization"},"alternateName":"Schweizversand.ch","potentialAction":[{"@type":"SearchAction","target":{"@type":"EntryPoint","urlTemplate":"https:\/\/schweizversand.ch\/it\/?s={search_term_string}"},"query-input":{"@type":"PropertyValueSpecification","valueRequired":true,"valueName":"search_term_string"}}],"inLanguage":"it-IT"},{"@type":"Organization","@id":"https:\/\/schweizversand.ch\/it\/#organization","name":"Schweizversand.ch","url":"https:\/\/schweizversand.ch\/it\/","logo":{"@type":"ImageObject","inLanguage":"it-IT","@id":"https:\/\/schweizversand.ch\/it\/#\/schema\/logo\/image\/","url":"https:\/\/schweizversand.ch\/wp-content\/uploads\/2026\/03\/Logo_Rund_Final-1.png","contentUrl":"https:\/\/schweizversand.ch\/wp-content\/uploads\/2026\/03\/Logo_Rund_Final-1.png","width":404,"height":404,"caption":"Schweizversand.ch"},"image":{"@id":"https:\/\/schweizversand.ch\/it\/#\/schema\/logo\/image\/"},"sameAs":["https:\/\/www.facebook.com\/Schweizversand","https:\/\/www.instagram.com\/schweizversand.ch\/"]}]}},"jetpack_sharing_enabled":true,"_links":{"self":[{"href":"https:\/\/schweizversand.ch\/it\/wp-json\/wp\/v2\/product\/260936","targetHints":{"allow":["GET"]}}],"collection":[{"href":"https:\/\/schweizversand.ch\/it\/wp-json\/wp\/v2\/product"}],"about":[{"href":"https:\/\/schweizversand.ch\/it\/wp-json\/wp\/v2\/types\/product"}],"replies":[{"embeddable":true,"href":"https:\/\/schweizversand.ch\/it\/wp-json\/wp\/v2\/comments?post=260936"}],"wp:featuredmedia":[{"embeddable":true,"href":"https:\/\/schweizversand.ch\/it\/wp-json\/wp\/v2\/media\/164054"}],"wp:attachment":[{"href":"https:\/\/schweizversand.ch\/it\/wp-json\/wp\/v2\/media?parent=260936"}],"wp:term":[{"taxonomy":"product_brand","embeddable":true,"href":"https:\/\/schweizversand.ch\/it\/wp-json\/wp\/v2\/product_brand?post=260936"},{"taxonomy":"product_cat","embeddable":true,"href":"https:\/\/schweizversand.ch\/it\/wp-json\/wp\/v2\/product_cat?post=260936"},{"taxonomy":"product_tag","embeddable":true,"href":"https:\/\/schweizversand.ch\/it\/wp-json\/wp\/v2\/product_tag?post=260936"}],"curies":[{"name":"wp","href":"https:\/\/api.w.org\/{rel}","templated":true}]}}