{"id":260937,"date":"2026-03-15T00:28:59","date_gmt":"2026-03-14T23:28:59","guid":{"rendered":"https:\/\/schweizversand.ch\/produkt\/welliebellies-waermetier-loewe\/"},"modified":"2026-04-19T02:06:56","modified_gmt":"2026-04-19T00:06:56","slug":"welliebellies-waermetier-loewe","status":"publish","type":"product","link":"https:\/\/schweizversand.ch\/it\/produkt\/welliebellies-waermetier-loewe\/","title":{"rendered":"Giocattolo riscaldabile a forma di leone di Welliebellie"},"content":{"rendered":"<h1><strong>Peluche riscaldabile a forma di leone<\/strong><\/h1>\n<div><\/div>\n<div>Scopri il <strong>peluche riscaldabile<\/strong>, un compagno fedele che non solo invita alle coccole, ma offre anche un calore rilassante. Questo adorabile <strong>cuscino riscaldabile<\/strong> \u00e8 perfetto per offrire comfort e portare gioia ai cuori di grandi e piccini.<\/p>\n<\/div>\n<div><strong>Comfort unico per il tuo bambino<\/strong><br \/>Il nostro <strong>peluche<\/strong> \u00e8 pi\u00f9 di un semplice giocattolo: \u00e8 un amico che offre calore e conforto. Ideale per momenti di relax, per addormentarsi o semplicemente come fonte di calore nelle giornate fredde. Il <strong>peluche riscaldabile<\/strong> \u00e8 un regalo meraviglioso che garantisce gioia e benessere.<\/p>\n<\/div>\n<div><strong>Calore rilassante e sicurezza<\/strong><br \/>Il cuscinetto riscaldante rimovibile rende questo <strong>peluche riscaldabile<\/strong> adatto ai bambini e sicuro da usare. \u00c8 facile da riscaldare e garantisce una temperatura piacevole e duratura. \u00c8 semplice da usare e offre un modo delicato per calmare e rilassare il bambino.<\/p>\n<\/div>\n<div><strong>Importanti istruzioni di sicurezza per l&#8217;uso<\/strong><br \/>Si prega di notare che il <strong>peluche riscaldabile<\/strong> \u00e8 adatto a bambini dai 36 mesi in su. Assicurarsi che il prodotto sia pulito e asciutto prima di riscaldarlo. Deve essere completamente raffreddato a temperatura ambiente prima di ogni riscaldamento. Rimuovere sempre il cuscinetto riscaldante dal peluche prima di riscaldarlo. Il peluche stesso non deve essere riscaldato! Non superare mai le temperature e i tempi di riscaldamento consigliati per evitare il rischio di incendio. Il microonde o il forno devono essere utilizzati solo da adulti. Qualsiasi funzione grill deve essere disattivata e il piatto girevole deve poter ruotare liberamente. Controllare attentamente la temperatura del cuscinetto riscaldante prima di darlo ai bambini per evitare ustioni. Possono verificarsi reazioni allergiche in gruppi a rischio come individui immunocompromessi o soggetti allergici. Il contenuto della confezione non \u00e8 destinato al consumo e deve essere utilizzato solo sotto la stretta supervisione di un adulto.<\/p>\n<\/div>\n<div><strong>Dettagli del prodotto<\/strong><br \/>&#8211; Peso: 250 g<br \/>&#8211; Dimensioni: (Lunghezza x Larghezza x Altezza): 20 x 18 x 12 cm<br \/>&#8211; Materiale: Peluche di alta qualit\u00e0 con cuscinetto termico rimovibile<br \/><strong>&#8211; Pu\u00f2 essere utilizzato anche freddo, per alleviare gonfiore e dolore<\/strong><\/p>\n<\/div>\n<div>Regala al tuo bambino un amico coccoloso con l&#8217;<strong>animale riscaldabile<\/strong>, che porter\u00e0 calore e comfort nella vita di tutti i giorni.<\/p>\n<\/div>\n<div><\/div>\n","protected":false},"excerpt":{"rendered":"<p>Peluche riscaldabile a forma di leone Scopri il peluche riscaldabile, un compagno fedele che non solo invita alle coccole, ma offre anche un calore rilassante. Questo adorabile cuscino riscaldabile \u00e8 perfetto per offrire comfort e portare gioia ai cuori di grandi e piccini. Comfort unico per il tuo bambinoIl nostro peluche \u00e8 pi\u00f9 di un semplice giocattolo: \u00e8 un amico che offre calore e conforto. Ideale per momenti di relax, per addormentarsi o semplicemente come&hellip;<\/p>\n","protected":false},"featured_media":164055,"comment_status":"open","ping_status":"closed","template":"","meta":[],"product_brand":[],"product_cat":[38909],"product_tag":[],"class_list":{"0":"post-260937","1":"product","2":"type-product","3":"status-publish","4":"has-post-thumbnail","6":"product_cat-diverses","7":"product_shipping_class-global_methods","9":"first","10":"instock","11":"taxable","12":"shipping-taxable","13":"purchasable","14":"product-type-simple"},"yoast_head":"<!-- This site is optimized with the Yoast SEO plugin v27.4 - https:\/\/yoast.com\/product\/yoast-seo-wordpress\/ -->\n<title>Welliebellies W\u00e4rmetier L\u00f6we<\/title>\n<meta name=\"description\" content=\"W\u00e4rmetier L\u00f6we Entdecken Sie das W\u00e4rmetier , einen treuen Begleiter, der nicht nur zum Kuscheln einl\u00e4dt, sondern auch wohltuende W\u00e4rme spendet. Dieses entz\u00fccken\" \/>\n<meta name=\"robots\" content=\"index, follow, max-snippet:-1, max-image-preview:large, max-video-preview:-1\" \/>\n<link rel=\"canonical\" href=\"https:\/\/schweizversand.ch\/it\/produkt\/welliebellies-waermetier-loewe\/\" \/>\n<meta property=\"og:locale\" content=\"it_IT\" \/>\n<meta property=\"og:type\" content=\"article\" \/>\n<meta property=\"og:title\" content=\"Welliebellies W\u00e4rmetier L\u00f6we\" \/>\n<meta property=\"og:description\" content=\"W\u00e4rmetier L\u00f6we Entdecken Sie das W\u00e4rmetier , einen treuen Begleiter, der nicht nur zum Kuscheln einl\u00e4dt, sondern auch wohltuende W\u00e4rme spendet. Dieses entz\u00fccken\" \/>\n<meta property=\"og:url\" content=\"https:\/\/schweizversand.ch\/it\/produkt\/welliebellies-waermetier-loewe\/\" \/>\n<meta property=\"og:site_name\" content=\"Schweizer Shop f\u00fcr Sport, Spiel und Freizeit\" \/>\n<meta property=\"article:publisher\" content=\"https:\/\/www.facebook.com\/Schweizversand\" \/>\n<meta property=\"article:modified_time\" content=\"2026-04-19T00:06:56+00:00\" \/>\n<meta property=\"og:image\" content=\"https:\/\/schweizversand.ch\/wp-content\/uploads\/2026\/02\/5511227084.jpg\" \/>\n\t<meta property=\"og:image:width\" content=\"1024\" \/>\n\t<meta property=\"og:image:height\" content=\"995\" \/>\n\t<meta property=\"og:image:type\" content=\"image\/jpeg\" \/>\n<meta name=\"twitter:card\" content=\"summary_large_image\" \/>\n<meta name=\"twitter:label1\" content=\"Tempo di lettura stimato\" \/>\n\t<meta name=\"twitter:data1\" content=\"2 minuto\" \/>\n<script type=\"application\/ld+json\" class=\"yoast-schema-graph\">{\"@context\":\"https:\\\/\\\/schema.org\",\"@graph\":[{\"@type\":\"WebPage\",\"@id\":\"https:\\\/\\\/schweizversand.ch\\\/it\\\/produkt\\\/welliebellies-waermetier-loewe\\\/\",\"url\":\"https:\\\/\\\/schweizversand.ch\\\/it\\\/produkt\\\/welliebellies-waermetier-loewe\\\/\",\"name\":\"Welliebellies W\u00e4rmetier L\u00f6we\",\"isPartOf\":{\"@id\":\"https:\\\/\\\/schweizversand.ch\\\/it\\\/#website\"},\"primaryImageOfPage\":{\"@id\":\"https:\\\/\\\/schweizversand.ch\\\/it\\\/produkt\\\/welliebellies-waermetier-loewe\\\/#primaryimage\"},\"image\":{\"@id\":\"https:\\\/\\\/schweizversand.ch\\\/it\\\/produkt\\\/welliebellies-waermetier-loewe\\\/#primaryimage\"},\"thumbnailUrl\":\"https:\\\/\\\/schweizversand.ch\\\/wp-content\\\/uploads\\\/2026\\\/02\\\/5511227084.jpg\",\"datePublished\":\"2026-03-14T23:28:59+00:00\",\"dateModified\":\"2026-04-19T00:06:56+00:00\",\"description\":\"W\u00e4rmetier L\u00f6we Entdecken Sie das W\u00e4rmetier , einen treuen Begleiter, der nicht nur zum Kuscheln einl\u00e4dt, sondern auch wohltuende W\u00e4rme spendet. Dieses entz\u00fccken\",\"breadcrumb\":{\"@id\":\"https:\\\/\\\/schweizversand.ch\\\/it\\\/produkt\\\/welliebellies-waermetier-loewe\\\/#breadcrumb\"},\"inLanguage\":\"it-IT\",\"potentialAction\":[{\"@type\":\"ReadAction\",\"target\":[\"https:\\\/\\\/schweizversand.ch\\\/it\\\/produkt\\\/welliebellies-waermetier-loewe\\\/\"]}]},{\"@type\":\"ImageObject\",\"inLanguage\":\"it-IT\",\"@id\":\"https:\\\/\\\/schweizversand.ch\\\/it\\\/produkt\\\/welliebellies-waermetier-loewe\\\/#primaryimage\",\"url\":\"https:\\\/\\\/schweizversand.ch\\\/wp-content\\\/uploads\\\/2026\\\/02\\\/5511227084.jpg\",\"contentUrl\":\"https:\\\/\\\/schweizversand.ch\\\/wp-content\\\/uploads\\\/2026\\\/02\\\/5511227084.jpg\",\"width\":1024,\"height\":995},{\"@type\":\"BreadcrumbList\",\"@id\":\"https:\\\/\\\/schweizversand.ch\\\/it\\\/produkt\\\/welliebellies-waermetier-loewe\\\/#breadcrumb\",\"itemListElement\":[{\"@type\":\"ListItem\",\"position\":1,\"name\":\"Startseite\",\"item\":\"https:\\\/\\\/schweizversand.ch\\\/it\\\/home\\\/\"},{\"@type\":\"ListItem\",\"position\":2,\"name\":\"Shop\",\"item\":\"https:\\\/\\\/schweizversand.ch\\\/it\\\/shop\\\/\"},{\"@type\":\"ListItem\",\"position\":3,\"name\":\"Bambini e genitori\",\"item\":\"https:\\\/\\\/schweizversand.ch\\\/it\\\/produkt-kategorie\\\/bambini-e-genitori\\\/\"},{\"@type\":\"ListItem\",\"position\":4,\"name\":\"Giocattoli per bambini\",\"item\":\"https:\\\/\\\/schweizversand.ch\\\/it\\\/produkt-kategorie\\\/bambini-e-genitori\\\/giocattoli-per-bambini\\\/\"},{\"@type\":\"ListItem\",\"position\":5,\"name\":\"Varie\",\"item\":\"https:\\\/\\\/schweizversand.ch\\\/it\\\/produkt-kategorie\\\/bambini-e-genitori\\\/giocattoli-per-bambini\\\/diverses\\\/\"},{\"@type\":\"ListItem\",\"position\":6,\"name\":\"Giocattolo riscaldabile a forma di leone di Welliebellie\"}]},{\"@type\":\"WebSite\",\"@id\":\"https:\\\/\\\/schweizversand.ch\\\/it\\\/#website\",\"url\":\"https:\\\/\\\/schweizversand.ch\\\/it\\\/\",\"name\":\"Schweizer Shop f\u00fcr Sport, Spiel und Freizeit\",\"description\":\"Gratisversand ab 50.- (netto), ab eigenem schweizer Lager, Lieferung innert 48h\",\"publisher\":{\"@id\":\"https:\\\/\\\/schweizversand.ch\\\/it\\\/#organization\"},\"alternateName\":\"Schweizversand.ch\",\"potentialAction\":[{\"@type\":\"SearchAction\",\"target\":{\"@type\":\"EntryPoint\",\"urlTemplate\":\"https:\\\/\\\/schweizversand.ch\\\/it\\\/?s={search_term_string}\"},\"query-input\":{\"@type\":\"PropertyValueSpecification\",\"valueRequired\":true,\"valueName\":\"search_term_string\"}}],\"inLanguage\":\"it-IT\"},{\"@type\":\"Organization\",\"@id\":\"https:\\\/\\\/schweizversand.ch\\\/it\\\/#organization\",\"name\":\"Schweizversand.ch\",\"url\":\"https:\\\/\\\/schweizversand.ch\\\/it\\\/\",\"logo\":{\"@type\":\"ImageObject\",\"inLanguage\":\"it-IT\",\"@id\":\"https:\\\/\\\/schweizversand.ch\\\/it\\\/#\\\/schema\\\/logo\\\/image\\\/\",\"url\":\"https:\\\/\\\/schweizversand.ch\\\/wp-content\\\/uploads\\\/2026\\\/03\\\/Logo_Rund_Final-1.png\",\"contentUrl\":\"https:\\\/\\\/schweizversand.ch\\\/wp-content\\\/uploads\\\/2026\\\/03\\\/Logo_Rund_Final-1.png\",\"width\":404,\"height\":404,\"caption\":\"Schweizversand.ch\"},\"image\":{\"@id\":\"https:\\\/\\\/schweizversand.ch\\\/it\\\/#\\\/schema\\\/logo\\\/image\\\/\"},\"sameAs\":[\"https:\\\/\\\/www.facebook.com\\\/Schweizversand\",\"https:\\\/\\\/www.instagram.com\\\/schweizversand.ch\\\/\"]}]}<\/script>\n<!-- \/ Yoast SEO plugin. -->","yoast_head_json":{"title":"Welliebellies W\u00e4rmetier L\u00f6we","description":"W\u00e4rmetier L\u00f6we Entdecken Sie das W\u00e4rmetier , einen treuen Begleiter, der nicht nur zum Kuscheln einl\u00e4dt, sondern auch wohltuende W\u00e4rme spendet. Dieses entz\u00fccken","robots":{"index":"index","follow":"follow","max-snippet":"max-snippet:-1","max-image-preview":"max-image-preview:large","max-video-preview":"max-video-preview:-1"},"canonical":"https:\/\/schweizversand.ch\/it\/produkt\/welliebellies-waermetier-loewe\/","og_locale":"it_IT","og_type":"article","og_title":"Welliebellies W\u00e4rmetier L\u00f6we","og_description":"W\u00e4rmetier L\u00f6we Entdecken Sie das W\u00e4rmetier , einen treuen Begleiter, der nicht nur zum Kuscheln einl\u00e4dt, sondern auch wohltuende W\u00e4rme spendet. Dieses entz\u00fccken","og_url":"https:\/\/schweizversand.ch\/it\/produkt\/welliebellies-waermetier-loewe\/","og_site_name":"Schweizer Shop f\u00fcr Sport, Spiel und Freizeit","article_publisher":"https:\/\/www.facebook.com\/Schweizversand","article_modified_time":"2026-04-19T00:06:56+00:00","og_image":[{"width":1024,"height":995,"url":"https:\/\/schweizversand.ch\/wp-content\/uploads\/2026\/02\/5511227084.jpg","type":"image\/jpeg"}],"twitter_card":"summary_large_image","twitter_misc":{"Tempo di lettura stimato":"2 minuto"},"schema":{"@context":"https:\/\/schema.org","@graph":[{"@type":"WebPage","@id":"https:\/\/schweizversand.ch\/it\/produkt\/welliebellies-waermetier-loewe\/","url":"https:\/\/schweizversand.ch\/it\/produkt\/welliebellies-waermetier-loewe\/","name":"Welliebellies W\u00e4rmetier L\u00f6we","isPartOf":{"@id":"https:\/\/schweizversand.ch\/it\/#website"},"primaryImageOfPage":{"@id":"https:\/\/schweizversand.ch\/it\/produkt\/welliebellies-waermetier-loewe\/#primaryimage"},"image":{"@id":"https:\/\/schweizversand.ch\/it\/produkt\/welliebellies-waermetier-loewe\/#primaryimage"},"thumbnailUrl":"https:\/\/schweizversand.ch\/wp-content\/uploads\/2026\/02\/5511227084.jpg","datePublished":"2026-03-14T23:28:59+00:00","dateModified":"2026-04-19T00:06:56+00:00","description":"W\u00e4rmetier L\u00f6we Entdecken Sie das W\u00e4rmetier , einen treuen Begleiter, der nicht nur zum Kuscheln einl\u00e4dt, sondern auch wohltuende W\u00e4rme spendet. Dieses entz\u00fccken","breadcrumb":{"@id":"https:\/\/schweizversand.ch\/it\/produkt\/welliebellies-waermetier-loewe\/#breadcrumb"},"inLanguage":"it-IT","potentialAction":[{"@type":"ReadAction","target":["https:\/\/schweizversand.ch\/it\/produkt\/welliebellies-waermetier-loewe\/"]}]},{"@type":"ImageObject","inLanguage":"it-IT","@id":"https:\/\/schweizversand.ch\/it\/produkt\/welliebellies-waermetier-loewe\/#primaryimage","url":"https:\/\/schweizversand.ch\/wp-content\/uploads\/2026\/02\/5511227084.jpg","contentUrl":"https:\/\/schweizversand.ch\/wp-content\/uploads\/2026\/02\/5511227084.jpg","width":1024,"height":995},{"@type":"BreadcrumbList","@id":"https:\/\/schweizversand.ch\/it\/produkt\/welliebellies-waermetier-loewe\/#breadcrumb","itemListElement":[{"@type":"ListItem","position":1,"name":"Startseite","item":"https:\/\/schweizversand.ch\/it\/home\/"},{"@type":"ListItem","position":2,"name":"Shop","item":"https:\/\/schweizversand.ch\/it\/shop\/"},{"@type":"ListItem","position":3,"name":"Bambini e genitori","item":"https:\/\/schweizversand.ch\/it\/produkt-kategorie\/bambini-e-genitori\/"},{"@type":"ListItem","position":4,"name":"Giocattoli per bambini","item":"https:\/\/schweizversand.ch\/it\/produkt-kategorie\/bambini-e-genitori\/giocattoli-per-bambini\/"},{"@type":"ListItem","position":5,"name":"Varie","item":"https:\/\/schweizversand.ch\/it\/produkt-kategorie\/bambini-e-genitori\/giocattoli-per-bambini\/diverses\/"},{"@type":"ListItem","position":6,"name":"Giocattolo riscaldabile a forma di leone di Welliebellie"}]},{"@type":"WebSite","@id":"https:\/\/schweizversand.ch\/it\/#website","url":"https:\/\/schweizversand.ch\/it\/","name":"Schweizer Shop f\u00fcr Sport, Spiel und Freizeit","description":"Gratisversand ab 50.- (netto), ab eigenem schweizer Lager, Lieferung innert 48h","publisher":{"@id":"https:\/\/schweizversand.ch\/it\/#organization"},"alternateName":"Schweizversand.ch","potentialAction":[{"@type":"SearchAction","target":{"@type":"EntryPoint","urlTemplate":"https:\/\/schweizversand.ch\/it\/?s={search_term_string}"},"query-input":{"@type":"PropertyValueSpecification","valueRequired":true,"valueName":"search_term_string"}}],"inLanguage":"it-IT"},{"@type":"Organization","@id":"https:\/\/schweizversand.ch\/it\/#organization","name":"Schweizversand.ch","url":"https:\/\/schweizversand.ch\/it\/","logo":{"@type":"ImageObject","inLanguage":"it-IT","@id":"https:\/\/schweizversand.ch\/it\/#\/schema\/logo\/image\/","url":"https:\/\/schweizversand.ch\/wp-content\/uploads\/2026\/03\/Logo_Rund_Final-1.png","contentUrl":"https:\/\/schweizversand.ch\/wp-content\/uploads\/2026\/03\/Logo_Rund_Final-1.png","width":404,"height":404,"caption":"Schweizversand.ch"},"image":{"@id":"https:\/\/schweizversand.ch\/it\/#\/schema\/logo\/image\/"},"sameAs":["https:\/\/www.facebook.com\/Schweizversand","https:\/\/www.instagram.com\/schweizversand.ch\/"]}]}},"jetpack_sharing_enabled":true,"_links":{"self":[{"href":"https:\/\/schweizversand.ch\/it\/wp-json\/wp\/v2\/product\/260937","targetHints":{"allow":["GET"]}}],"collection":[{"href":"https:\/\/schweizversand.ch\/it\/wp-json\/wp\/v2\/product"}],"about":[{"href":"https:\/\/schweizversand.ch\/it\/wp-json\/wp\/v2\/types\/product"}],"replies":[{"embeddable":true,"href":"https:\/\/schweizversand.ch\/it\/wp-json\/wp\/v2\/comments?post=260937"}],"wp:featuredmedia":[{"embeddable":true,"href":"https:\/\/schweizversand.ch\/it\/wp-json\/wp\/v2\/media\/164055"}],"wp:attachment":[{"href":"https:\/\/schweizversand.ch\/it\/wp-json\/wp\/v2\/media?parent=260937"}],"wp:term":[{"taxonomy":"product_brand","embeddable":true,"href":"https:\/\/schweizversand.ch\/it\/wp-json\/wp\/v2\/product_brand?post=260937"},{"taxonomy":"product_cat","embeddable":true,"href":"https:\/\/schweizversand.ch\/it\/wp-json\/wp\/v2\/product_cat?post=260937"},{"taxonomy":"product_tag","embeddable":true,"href":"https:\/\/schweizversand.ch\/it\/wp-json\/wp\/v2\/product_tag?post=260937"}],"curies":[{"name":"wp","href":"https:\/\/api.w.org\/{rel}","templated":true}]}}