{"id":260942,"date":"2026-03-30T15:30:34","date_gmt":"2026-03-30T13:30:34","guid":{"rendered":"https:\/\/schweizversand.ch\/produkt\/kynast-keramik-heizluefter-2000-watt\/"},"modified":"2026-04-11T15:36:19","modified_gmt":"2026-04-11T13:36:19","slug":"kynast-keramik-heizluefter-2000-watt","status":"publish","type":"product","link":"https:\/\/schweizversand.ch\/it\/produkt\/kynast-keramik-heizluefter-2000-watt\/","title":{"rendered":"Riscaldatore ventilato in ceramica Kynast 2000 Watt"},"content":{"rendered":"<div><strong>Termoventilatore in ceramica Kynast &#8211; 2000 Watt<br \/><\/strong><\/div>\n<div>Cerchi una soluzione rapida, sicura ed efficiente per riscaldare stanze fredde? Il <strong>termoventilatore in ceramica Kynast<\/strong> \u00e8 il <strong>riscaldatore elettrico ausiliario<\/strong> ideale, con tecnologia all&#8217;avanguardia e design compatto. Scopri calore immediato e il massimo comfort ovunque tu ne abbia bisogno.<\/p>\n<\/div>\n<div><strong>Prestazioni ed efficienza<\/strong><br \/> Questo potente <strong>termoventilatore in ceramica<\/strong> di Kynast offre una potenza termica massima di ben <strong>2000 Watt<\/strong> grazie al suo <strong>elemento riscaldante in ceramica<\/strong> di alta qualit\u00e0. A differenza dei cavi riscaldanti convenzionali, la tecnologia in ceramica garantisce un riscaldamento pi\u00f9 rapido, una distribuzione del calore pi\u00f9 uniforme e una maggiore durata. Puoi scegliere tra due livelli di riscaldamento (1000 W o 2000 W) per adattare con precisione la potenza termica alle tue esigenze. Controllo e utilizzo comodi: il termoventilatore compatto \u00e8 dotato di un termostato a regolazione continua. Questo consente di impostare con precisione la temperatura ambiente desiderata. Una volta raggiunta la temperatura desiderata, il dispositivo si spegne automaticamente, risparmiando cos\u00ec energia. Grazie alla maniglia di trasporto integrata e alle dimensioni ridotte, il termoventilatore \u00e8 facile da trasportare ed \u00e8 ideale per uffici, sale hobby o come fonte di riscaldamento temporanea. Massima sicurezza durante il funzionamento: la vostra sicurezza \u00e8 la nostra massima priorit\u00e0. Il termoventilatore Kynast \u00e8 dotato di un&#8217;affidabile protezione contro il surriscaldamento, che spegne automaticamente il dispositivo se la temperatura diventa troppo elevata. Questo lo rende una scelta particolarmente sicura tra i termoventilatori in ceramica. Si prega di notare che questo modello \u00e8 progettato solo per uso interno e non deve essere utilizzato in ambienti umidi come bagni o cantine.<\/p>\n<\/div>\n<div><strong>Specifiche tecniche<\/strong><br \/> &#8211; Dimensioni: 24,0 x 13,5 x 23,5 cm<br \/> &#8211; Max. potenza: 2000 watt<br \/> &#8211; Livelli di riscaldamento: 1000 W \/ 2000 W<br \/> &#8211; Voltaggio: 220\u2013240 V \/ 50\u201360 Hz<br \/> &#8211; Lunghezza del cavo: 1,49 m<\/p>\n<\/div>\n<div>Investi nel <strong>termoventilatore in ceramica Kynast<\/strong> e goditi un calore immediato, sicuro ed efficiente: il perfetto <strong>riscaldatore elettrico supplementare<\/strong> per la stagione fredda.<\/p>\n<\/div>\n","protected":false},"excerpt":{"rendered":"<p>Kynast Keramik Heizl\u00fcfter 2000 Watt sorgt mit schneller Keramik-Technologie f\u00fcr sofortige, effiziente W\u00e4rme. Kompakt, sicher und flexibel mit zwei Heizstufen.<\/p>\n","protected":false},"featured_media":261015,"comment_status":"open","ping_status":"closed","template":"","meta":[],"product_brand":[],"product_cat":[38217],"product_tag":[],"class_list":{"0":"post-260942","1":"product","2":"type-product","3":"status-publish","4":"has-post-thumbnail","6":"product_cat-diverses","7":"product_shipping_class-global_methods","9":"first","10":"instock","11":"taxable","12":"shipping-taxable","13":"purchasable","14":"product-type-simple"},"yoast_head":"<!-- This site is optimized with the Yoast SEO plugin v27.3 - https:\/\/yoast.com\/product\/yoast-seo-wordpress\/ -->\n<title>Kynast Keramik Heizl\u00fcfter 2000 Watt<\/title>\n<meta name=\"description\" content=\"Kynast Keramik Heizl\u00fcfter \u2013 2000 Watt Suchen Sie nach einer schnellen, sicheren und effizienten L\u00f6sung, um k\u00fchle R\u00e4ume aufzuheizen? Der Kynast Keramik Heizl\u00fcfte\" \/>\n<meta name=\"robots\" content=\"index, follow, max-snippet:-1, max-image-preview:large, max-video-preview:-1\" \/>\n<link rel=\"canonical\" href=\"https:\/\/schweizversand.ch\/it\/produkt\/kynast-keramik-heizluefter-2000-watt\/\" \/>\n<meta property=\"og:locale\" content=\"it_IT\" \/>\n<meta property=\"og:type\" content=\"article\" \/>\n<meta property=\"og:title\" content=\"Kynast Keramik Heizl\u00fcfter 2000 Watt\" \/>\n<meta property=\"og:description\" content=\"Kynast Keramik Heizl\u00fcfter \u2013 2000 Watt Suchen Sie nach einer schnellen, sicheren und effizienten L\u00f6sung, um k\u00fchle R\u00e4ume aufzuheizen? Der Kynast Keramik Heizl\u00fcfte\" \/>\n<meta property=\"og:url\" content=\"https:\/\/schweizversand.ch\/it\/produkt\/kynast-keramik-heizluefter-2000-watt\/\" \/>\n<meta property=\"og:site_name\" content=\"Schweizer Shop f\u00fcr Sport, Spiel und Freizeit\" \/>\n<meta property=\"article:publisher\" content=\"https:\/\/www.facebook.com\/Schweizversand\" \/>\n<meta property=\"article:modified_time\" content=\"2026-04-11T13:36:19+00:00\" \/>\n<meta property=\"og:image\" content=\"https:\/\/schweizversand.ch\/wp-content\/uploads\/2026\/03\/5483746422.jpg\" \/>\n\t<meta property=\"og:image:width\" content=\"928\" \/>\n\t<meta property=\"og:image:height\" content=\"1024\" \/>\n\t<meta property=\"og:image:type\" content=\"image\/jpeg\" \/>\n<meta name=\"twitter:card\" content=\"summary_large_image\" \/>\n<meta name=\"twitter:label1\" content=\"Tempo di lettura stimato\" \/>\n\t<meta name=\"twitter:data1\" content=\"1 minuto\" \/>\n<script type=\"application\/ld+json\" class=\"yoast-schema-graph\">{\"@context\":\"https:\\\/\\\/schema.org\",\"@graph\":[{\"@type\":\"WebPage\",\"@id\":\"https:\\\/\\\/schweizversand.ch\\\/it\\\/produkt\\\/kynast-keramik-heizluefter-2000-watt\\\/\",\"url\":\"https:\\\/\\\/schweizversand.ch\\\/it\\\/produkt\\\/kynast-keramik-heizluefter-2000-watt\\\/\",\"name\":\"Kynast Keramik Heizl\u00fcfter 2000 Watt\",\"isPartOf\":{\"@id\":\"https:\\\/\\\/schweizversand.ch\\\/it\\\/#website\"},\"primaryImageOfPage\":{\"@id\":\"https:\\\/\\\/schweizversand.ch\\\/it\\\/produkt\\\/kynast-keramik-heizluefter-2000-watt\\\/#primaryimage\"},\"image\":{\"@id\":\"https:\\\/\\\/schweizversand.ch\\\/it\\\/produkt\\\/kynast-keramik-heizluefter-2000-watt\\\/#primaryimage\"},\"thumbnailUrl\":\"https:\\\/\\\/schweizversand.ch\\\/wp-content\\\/uploads\\\/2026\\\/03\\\/5483746422.jpg\",\"datePublished\":\"2026-03-30T13:30:34+00:00\",\"dateModified\":\"2026-04-11T13:36:19+00:00\",\"description\":\"Kynast Keramik Heizl\u00fcfter \u2013 2000 Watt Suchen Sie nach einer schnellen, sicheren und effizienten L\u00f6sung, um k\u00fchle R\u00e4ume aufzuheizen? Der Kynast Keramik Heizl\u00fcfte\",\"breadcrumb\":{\"@id\":\"https:\\\/\\\/schweizversand.ch\\\/it\\\/produkt\\\/kynast-keramik-heizluefter-2000-watt\\\/#breadcrumb\"},\"inLanguage\":\"it-IT\",\"potentialAction\":[{\"@type\":\"ReadAction\",\"target\":[\"https:\\\/\\\/schweizversand.ch\\\/it\\\/produkt\\\/kynast-keramik-heizluefter-2000-watt\\\/\"]}]},{\"@type\":\"ImageObject\",\"inLanguage\":\"it-IT\",\"@id\":\"https:\\\/\\\/schweizversand.ch\\\/it\\\/produkt\\\/kynast-keramik-heizluefter-2000-watt\\\/#primaryimage\",\"url\":\"https:\\\/\\\/schweizversand.ch\\\/wp-content\\\/uploads\\\/2026\\\/03\\\/5483746422.jpg\",\"contentUrl\":\"https:\\\/\\\/schweizversand.ch\\\/wp-content\\\/uploads\\\/2026\\\/03\\\/5483746422.jpg\",\"width\":928,\"height\":1024},{\"@type\":\"BreadcrumbList\",\"@id\":\"https:\\\/\\\/schweizversand.ch\\\/it\\\/produkt\\\/kynast-keramik-heizluefter-2000-watt\\\/#breadcrumb\",\"itemListElement\":[{\"@type\":\"ListItem\",\"position\":1,\"name\":\"Startseite\",\"item\":\"https:\\\/\\\/schweizversand.ch\\\/it\\\/\"},{\"@type\":\"ListItem\",\"position\":2,\"name\":\"Shop\",\"item\":\"https:\\\/\\\/schweizversand.ch\\\/it\\\/shop\\\/\"},{\"@type\":\"ListItem\",\"position\":3,\"name\":\"Riscaldatore ventilato in ceramica Kynast 2000 Watt\"}]},{\"@type\":\"WebSite\",\"@id\":\"https:\\\/\\\/schweizversand.ch\\\/it\\\/#website\",\"url\":\"https:\\\/\\\/schweizversand.ch\\\/it\\\/\",\"name\":\"Schweizer Shop f\u00fcr Sport, Spiel und Freizeit\",\"description\":\"Gratisversand ab 50.- (netto), ab eigenem schweizer Lager, Lieferung innert 48h\",\"publisher\":{\"@id\":\"https:\\\/\\\/schweizversand.ch\\\/it\\\/#organization\"},\"alternateName\":\"Schweizversand.ch\",\"potentialAction\":[{\"@type\":\"SearchAction\",\"target\":{\"@type\":\"EntryPoint\",\"urlTemplate\":\"https:\\\/\\\/schweizversand.ch\\\/it\\\/?s={search_term_string}\"},\"query-input\":{\"@type\":\"PropertyValueSpecification\",\"valueRequired\":true,\"valueName\":\"search_term_string\"}}],\"inLanguage\":\"it-IT\"},{\"@type\":\"Organization\",\"@id\":\"https:\\\/\\\/schweizversand.ch\\\/it\\\/#organization\",\"name\":\"Schweizversand.ch\",\"url\":\"https:\\\/\\\/schweizversand.ch\\\/it\\\/\",\"logo\":{\"@type\":\"ImageObject\",\"inLanguage\":\"it-IT\",\"@id\":\"https:\\\/\\\/schweizversand.ch\\\/it\\\/#\\\/schema\\\/logo\\\/image\\\/\",\"url\":\"https:\\\/\\\/schweizversand.ch\\\/wp-content\\\/uploads\\\/2026\\\/03\\\/Logo_Rund_Final-1.png\",\"contentUrl\":\"https:\\\/\\\/schweizversand.ch\\\/wp-content\\\/uploads\\\/2026\\\/03\\\/Logo_Rund_Final-1.png\",\"width\":404,\"height\":404,\"caption\":\"Schweizversand.ch\"},\"image\":{\"@id\":\"https:\\\/\\\/schweizversand.ch\\\/it\\\/#\\\/schema\\\/logo\\\/image\\\/\"},\"sameAs\":[\"https:\\\/\\\/www.facebook.com\\\/Schweizversand\",\"https:\\\/\\\/www.instagram.com\\\/schweizversand.ch\\\/\"]}]}<\/script>\n<!-- \/ Yoast SEO plugin. -->","yoast_head_json":{"title":"Kynast Keramik Heizl\u00fcfter 2000 Watt","description":"Kynast Keramik Heizl\u00fcfter \u2013 2000 Watt Suchen Sie nach einer schnellen, sicheren und effizienten L\u00f6sung, um k\u00fchle R\u00e4ume aufzuheizen? Der Kynast Keramik Heizl\u00fcfte","robots":{"index":"index","follow":"follow","max-snippet":"max-snippet:-1","max-image-preview":"max-image-preview:large","max-video-preview":"max-video-preview:-1"},"canonical":"https:\/\/schweizversand.ch\/it\/produkt\/kynast-keramik-heizluefter-2000-watt\/","og_locale":"it_IT","og_type":"article","og_title":"Kynast Keramik Heizl\u00fcfter 2000 Watt","og_description":"Kynast Keramik Heizl\u00fcfter \u2013 2000 Watt Suchen Sie nach einer schnellen, sicheren und effizienten L\u00f6sung, um k\u00fchle R\u00e4ume aufzuheizen? Der Kynast Keramik Heizl\u00fcfte","og_url":"https:\/\/schweizversand.ch\/it\/produkt\/kynast-keramik-heizluefter-2000-watt\/","og_site_name":"Schweizer Shop f\u00fcr Sport, Spiel und Freizeit","article_publisher":"https:\/\/www.facebook.com\/Schweizversand","article_modified_time":"2026-04-11T13:36:19+00:00","og_image":[{"width":928,"height":1024,"url":"https:\/\/schweizversand.ch\/wp-content\/uploads\/2026\/03\/5483746422.jpg","type":"image\/jpeg"}],"twitter_card":"summary_large_image","twitter_misc":{"Tempo di lettura stimato":"1 minuto"},"schema":{"@context":"https:\/\/schema.org","@graph":[{"@type":"WebPage","@id":"https:\/\/schweizversand.ch\/it\/produkt\/kynast-keramik-heizluefter-2000-watt\/","url":"https:\/\/schweizversand.ch\/it\/produkt\/kynast-keramik-heizluefter-2000-watt\/","name":"Kynast Keramik Heizl\u00fcfter 2000 Watt","isPartOf":{"@id":"https:\/\/schweizversand.ch\/it\/#website"},"primaryImageOfPage":{"@id":"https:\/\/schweizversand.ch\/it\/produkt\/kynast-keramik-heizluefter-2000-watt\/#primaryimage"},"image":{"@id":"https:\/\/schweizversand.ch\/it\/produkt\/kynast-keramik-heizluefter-2000-watt\/#primaryimage"},"thumbnailUrl":"https:\/\/schweizversand.ch\/wp-content\/uploads\/2026\/03\/5483746422.jpg","datePublished":"2026-03-30T13:30:34+00:00","dateModified":"2026-04-11T13:36:19+00:00","description":"Kynast Keramik Heizl\u00fcfter \u2013 2000 Watt Suchen Sie nach einer schnellen, sicheren und effizienten L\u00f6sung, um k\u00fchle R\u00e4ume aufzuheizen? Der Kynast Keramik Heizl\u00fcfte","breadcrumb":{"@id":"https:\/\/schweizversand.ch\/it\/produkt\/kynast-keramik-heizluefter-2000-watt\/#breadcrumb"},"inLanguage":"it-IT","potentialAction":[{"@type":"ReadAction","target":["https:\/\/schweizversand.ch\/it\/produkt\/kynast-keramik-heizluefter-2000-watt\/"]}]},{"@type":"ImageObject","inLanguage":"it-IT","@id":"https:\/\/schweizversand.ch\/it\/produkt\/kynast-keramik-heizluefter-2000-watt\/#primaryimage","url":"https:\/\/schweizversand.ch\/wp-content\/uploads\/2026\/03\/5483746422.jpg","contentUrl":"https:\/\/schweizversand.ch\/wp-content\/uploads\/2026\/03\/5483746422.jpg","width":928,"height":1024},{"@type":"BreadcrumbList","@id":"https:\/\/schweizversand.ch\/it\/produkt\/kynast-keramik-heizluefter-2000-watt\/#breadcrumb","itemListElement":[{"@type":"ListItem","position":1,"name":"Startseite","item":"https:\/\/schweizversand.ch\/it\/"},{"@type":"ListItem","position":2,"name":"Shop","item":"https:\/\/schweizversand.ch\/it\/shop\/"},{"@type":"ListItem","position":3,"name":"Riscaldatore ventilato in ceramica Kynast 2000 Watt"}]},{"@type":"WebSite","@id":"https:\/\/schweizversand.ch\/it\/#website","url":"https:\/\/schweizversand.ch\/it\/","name":"Schweizer Shop f\u00fcr Sport, Spiel und Freizeit","description":"Gratisversand ab 50.- (netto), ab eigenem schweizer Lager, Lieferung innert 48h","publisher":{"@id":"https:\/\/schweizversand.ch\/it\/#organization"},"alternateName":"Schweizversand.ch","potentialAction":[{"@type":"SearchAction","target":{"@type":"EntryPoint","urlTemplate":"https:\/\/schweizversand.ch\/it\/?s={search_term_string}"},"query-input":{"@type":"PropertyValueSpecification","valueRequired":true,"valueName":"search_term_string"}}],"inLanguage":"it-IT"},{"@type":"Organization","@id":"https:\/\/schweizversand.ch\/it\/#organization","name":"Schweizversand.ch","url":"https:\/\/schweizversand.ch\/it\/","logo":{"@type":"ImageObject","inLanguage":"it-IT","@id":"https:\/\/schweizversand.ch\/it\/#\/schema\/logo\/image\/","url":"https:\/\/schweizversand.ch\/wp-content\/uploads\/2026\/03\/Logo_Rund_Final-1.png","contentUrl":"https:\/\/schweizversand.ch\/wp-content\/uploads\/2026\/03\/Logo_Rund_Final-1.png","width":404,"height":404,"caption":"Schweizversand.ch"},"image":{"@id":"https:\/\/schweizversand.ch\/it\/#\/schema\/logo\/image\/"},"sameAs":["https:\/\/www.facebook.com\/Schweizversand","https:\/\/www.instagram.com\/schweizversand.ch\/"]}]}},"jetpack_sharing_enabled":true,"_links":{"self":[{"href":"https:\/\/schweizversand.ch\/it\/wp-json\/wp\/v2\/product\/260942","targetHints":{"allow":["GET"]}}],"collection":[{"href":"https:\/\/schweizversand.ch\/it\/wp-json\/wp\/v2\/product"}],"about":[{"href":"https:\/\/schweizversand.ch\/it\/wp-json\/wp\/v2\/types\/product"}],"replies":[{"embeddable":true,"href":"https:\/\/schweizversand.ch\/it\/wp-json\/wp\/v2\/comments?post=260942"}],"wp:featuredmedia":[{"embeddable":true,"href":"https:\/\/schweizversand.ch\/it\/wp-json\/wp\/v2\/media\/261015"}],"wp:attachment":[{"href":"https:\/\/schweizversand.ch\/it\/wp-json\/wp\/v2\/media?parent=260942"}],"wp:term":[{"taxonomy":"product_brand","embeddable":true,"href":"https:\/\/schweizversand.ch\/it\/wp-json\/wp\/v2\/product_brand?post=260942"},{"taxonomy":"product_cat","embeddable":true,"href":"https:\/\/schweizversand.ch\/it\/wp-json\/wp\/v2\/product_cat?post=260942"},{"taxonomy":"product_tag","embeddable":true,"href":"https:\/\/schweizversand.ch\/it\/wp-json\/wp\/v2\/product_tag?post=260942"}],"curies":[{"name":"wp","href":"https:\/\/api.w.org\/{rel}","templated":true}]}}