{"id":260943,"date":"2026-03-30T15:30:34","date_gmt":"2026-03-30T13:30:34","guid":{"rendered":"https:\/\/schweizversand.ch\/produkt\/homeline-doppel-kleiderstaender-verstellbar\/"},"modified":"2026-04-12T02:11:16","modified_gmt":"2026-04-12T00:11:16","slug":"homeline-doppel-kleiderstaender-verstellbar","status":"publish","type":"product","link":"https:\/\/schweizversand.ch\/it\/produkt\/homeline-doppel-kleiderstaender-verstellbar\/","title":{"rendered":"Homeline Appendiabiti doppio, regolabile"},"content":{"rendered":"<h1><strong>Appendiabiti doppio con ruote, nero opaco<\/strong><\/h1>\n<div>Di&#8217; addio al disordine! Questo <strong>appendiabiti doppio<\/strong> in elegante nero opaco \u00e8 la soluzione perfetta per organizzare il tuo guardaroba in modo ordinato e salvaspazio. Grazie alla sua struttura ben progettata, offre la massima funzionalit\u00e0 e un&#8217;elevata mobilit\u00e0 per qualsiasi stanza.<\/p>\n<\/div>\n<div><strong>Design e versatilit\u00e0<\/strong><br \/>Il moderno <strong>appendiabiti nero opaco<\/strong> si integra armoniosamente in qualsiasi ambiente e pu\u00f2 essere perfettamente abbinato a diversi mobili. Non serve solo per riporre camicie, giacche e abiti, ma pu\u00f2 essere utilizzato anche come guardaroba su ruote, nella stireria o come aggiunta al tuo guardaroba. Il ripiano per scarpe integrato nella parte inferiore offre ulteriore spazio di archiviazione e mantiene tutto in ordine.<\/p>\n<\/div>\n<div><strong>Massima flessibilit\u00e0 e stabilit\u00e0<\/strong><br \/>Questo <strong>appendiabiti con ruote<\/strong> colpisce per la sua elevata mobilit\u00e0. Le quattro ruote girevoli a 360\u00b0 consentono un facile spostamento, mentre due ruote con freni di bloccaggio garantiscono una posizione stabile. L&#8217;appendiabiti doppio offre ampio spazio per appendere gli abiti ed entrambe le barre sono regolabili in altezza in modo continuo tramite morsetti a sgancio rapido facili da usare, rendendo l&#8217;appendiabiti su ruote estremamente adattabile. Dettagli e dimensioni del prodotto: &#8211; Colore: Nero \/ Argento &#8211; 2 aste appendiabiti &#8211; Robusta struttura in metallo con barre cromate &#8211; Altezza regolabile fino a 155 cm &#8211; Capacit\u00e0 di carico: fino a 30 kg &#8211; Ruote girevoli a 360\u00b0 (2 con freni di bloccaggio) &#8211; Consegnato smontato, incluse semplici istruzioni di montaggio. Investi in questo appendiabiti doppio funzionale e robusto per portare ordine e stile nella tua casa. Ordina ora e scopri la comodit\u00e0 di un guardaroba organizzato!<\/p>\n<\/div>\n<div>\n<\/div>\n","protected":false},"excerpt":{"rendered":"<p>Homeline Doppel-Kleiderst\u00e4nder verstellbar bietet platzsparende Ordnung mit Rollen, schwarzem Matt-Design und integrierter Schuhablage \u2013 flexibel und stilvoll f\u00fcr jedes Zuhause.<\/p>\n","protected":false},"featured_media":261021,"comment_status":"open","ping_status":"closed","template":"","meta":[],"product_brand":[],"product_cat":[38892],"product_tag":[],"class_list":{"0":"post-260943","1":"product","2":"type-product","3":"status-publish","4":"has-post-thumbnail","6":"product_cat-kleideraufbewahrung","7":"product_shipping_class-global_methods","9":"first","10":"instock","11":"taxable","12":"shipping-taxable","13":"purchasable","14":"product-type-simple"},"yoast_head":"<!-- This site is optimized with the Yoast SEO plugin v27.3 - https:\/\/yoast.com\/product\/yoast-seo-wordpress\/ -->\n<title>Homeline Doppel-Kleiderst\u00e4nder verstellbar<\/title>\n<meta name=\"description\" content=\"Doppel-Kleiderst\u00e4nder mit Rollen, Schwarz Matt Verabschieden Sie sich von Unordnung! Dieser Doppel-Kleiderst\u00e4nder in edlem Schwarz Matt ist die perfekte L\u00f6sung,\" \/>\n<meta name=\"robots\" content=\"index, follow, max-snippet:-1, max-image-preview:large, max-video-preview:-1\" \/>\n<link rel=\"canonical\" href=\"https:\/\/schweizversand.ch\/it\/produkt\/homeline-doppel-kleiderstaender-verstellbar\/\" \/>\n<meta property=\"og:locale\" content=\"it_IT\" \/>\n<meta property=\"og:type\" content=\"article\" \/>\n<meta property=\"og:title\" content=\"Homeline Doppel-Kleiderst\u00e4nder verstellbar\" \/>\n<meta property=\"og:description\" content=\"Doppel-Kleiderst\u00e4nder mit Rollen, Schwarz Matt Verabschieden Sie sich von Unordnung! Dieser Doppel-Kleiderst\u00e4nder in edlem Schwarz Matt ist die perfekte L\u00f6sung,\" \/>\n<meta property=\"og:url\" content=\"https:\/\/schweizversand.ch\/it\/produkt\/homeline-doppel-kleiderstaender-verstellbar\/\" \/>\n<meta property=\"og:site_name\" content=\"Schweizer Shop f\u00fcr Sport, Spiel und Freizeit\" \/>\n<meta property=\"article:publisher\" content=\"https:\/\/www.facebook.com\/Schweizversand\" \/>\n<meta property=\"article:modified_time\" content=\"2026-04-12T00:11:16+00:00\" \/>\n<meta property=\"og:image\" content=\"https:\/\/schweizversand.ch\/wp-content\/uploads\/2026\/03\/5504666194.jpg\" \/>\n\t<meta property=\"og:image:width\" content=\"1024\" \/>\n\t<meta property=\"og:image:height\" content=\"870\" \/>\n\t<meta property=\"og:image:type\" content=\"image\/jpeg\" \/>\n<meta name=\"twitter:card\" content=\"summary_large_image\" \/>\n<meta name=\"twitter:label1\" content=\"Tempo di lettura stimato\" \/>\n\t<meta name=\"twitter:data1\" content=\"1 minuto\" \/>\n<script type=\"application\/ld+json\" class=\"yoast-schema-graph\">{\"@context\":\"https:\\\/\\\/schema.org\",\"@graph\":[{\"@type\":\"WebPage\",\"@id\":\"https:\\\/\\\/schweizversand.ch\\\/it\\\/produkt\\\/homeline-doppel-kleiderstaender-verstellbar\\\/\",\"url\":\"https:\\\/\\\/schweizversand.ch\\\/it\\\/produkt\\\/homeline-doppel-kleiderstaender-verstellbar\\\/\",\"name\":\"Homeline Doppel-Kleiderst\u00e4nder verstellbar\",\"isPartOf\":{\"@id\":\"https:\\\/\\\/schweizversand.ch\\\/it\\\/#website\"},\"primaryImageOfPage\":{\"@id\":\"https:\\\/\\\/schweizversand.ch\\\/it\\\/produkt\\\/homeline-doppel-kleiderstaender-verstellbar\\\/#primaryimage\"},\"image\":{\"@id\":\"https:\\\/\\\/schweizversand.ch\\\/it\\\/produkt\\\/homeline-doppel-kleiderstaender-verstellbar\\\/#primaryimage\"},\"thumbnailUrl\":\"https:\\\/\\\/schweizversand.ch\\\/wp-content\\\/uploads\\\/2026\\\/03\\\/5504666194.jpg\",\"datePublished\":\"2026-03-30T13:30:34+00:00\",\"dateModified\":\"2026-04-12T00:11:16+00:00\",\"description\":\"Doppel-Kleiderst\u00e4nder mit Rollen, Schwarz Matt Verabschieden Sie sich von Unordnung! Dieser Doppel-Kleiderst\u00e4nder in edlem Schwarz Matt ist die perfekte L\u00f6sung,\",\"breadcrumb\":{\"@id\":\"https:\\\/\\\/schweizversand.ch\\\/it\\\/produkt\\\/homeline-doppel-kleiderstaender-verstellbar\\\/#breadcrumb\"},\"inLanguage\":\"it-IT\",\"potentialAction\":[{\"@type\":\"ReadAction\",\"target\":[\"https:\\\/\\\/schweizversand.ch\\\/it\\\/produkt\\\/homeline-doppel-kleiderstaender-verstellbar\\\/\"]}]},{\"@type\":\"ImageObject\",\"inLanguage\":\"it-IT\",\"@id\":\"https:\\\/\\\/schweizversand.ch\\\/it\\\/produkt\\\/homeline-doppel-kleiderstaender-verstellbar\\\/#primaryimage\",\"url\":\"https:\\\/\\\/schweizversand.ch\\\/wp-content\\\/uploads\\\/2026\\\/03\\\/5504666194.jpg\",\"contentUrl\":\"https:\\\/\\\/schweizversand.ch\\\/wp-content\\\/uploads\\\/2026\\\/03\\\/5504666194.jpg\",\"width\":1024,\"height\":870},{\"@type\":\"BreadcrumbList\",\"@id\":\"https:\\\/\\\/schweizversand.ch\\\/it\\\/produkt\\\/homeline-doppel-kleiderstaender-verstellbar\\\/#breadcrumb\",\"itemListElement\":[{\"@type\":\"ListItem\",\"position\":1,\"name\":\"Startseite\",\"item\":\"https:\\\/\\\/schweizversand.ch\\\/it\\\/\"},{\"@type\":\"ListItem\",\"position\":2,\"name\":\"Shop\",\"item\":\"https:\\\/\\\/schweizversand.ch\\\/it\\\/shop\\\/\"},{\"@type\":\"ListItem\",\"position\":3,\"name\":\"Homeline Appendiabiti doppio, regolabile\"}]},{\"@type\":\"WebSite\",\"@id\":\"https:\\\/\\\/schweizversand.ch\\\/it\\\/#website\",\"url\":\"https:\\\/\\\/schweizversand.ch\\\/it\\\/\",\"name\":\"Schweizer Shop f\u00fcr Sport, Spiel und Freizeit\",\"description\":\"Gratisversand ab 50.- (netto), ab eigenem schweizer Lager, Lieferung innert 48h\",\"publisher\":{\"@id\":\"https:\\\/\\\/schweizversand.ch\\\/it\\\/#organization\"},\"alternateName\":\"Schweizversand.ch\",\"potentialAction\":[{\"@type\":\"SearchAction\",\"target\":{\"@type\":\"EntryPoint\",\"urlTemplate\":\"https:\\\/\\\/schweizversand.ch\\\/it\\\/?s={search_term_string}\"},\"query-input\":{\"@type\":\"PropertyValueSpecification\",\"valueRequired\":true,\"valueName\":\"search_term_string\"}}],\"inLanguage\":\"it-IT\"},{\"@type\":\"Organization\",\"@id\":\"https:\\\/\\\/schweizversand.ch\\\/it\\\/#organization\",\"name\":\"Schweizversand.ch\",\"url\":\"https:\\\/\\\/schweizversand.ch\\\/it\\\/\",\"logo\":{\"@type\":\"ImageObject\",\"inLanguage\":\"it-IT\",\"@id\":\"https:\\\/\\\/schweizversand.ch\\\/it\\\/#\\\/schema\\\/logo\\\/image\\\/\",\"url\":\"https:\\\/\\\/schweizversand.ch\\\/wp-content\\\/uploads\\\/2026\\\/03\\\/Logo_Rund_Final-1.png\",\"contentUrl\":\"https:\\\/\\\/schweizversand.ch\\\/wp-content\\\/uploads\\\/2026\\\/03\\\/Logo_Rund_Final-1.png\",\"width\":404,\"height\":404,\"caption\":\"Schweizversand.ch\"},\"image\":{\"@id\":\"https:\\\/\\\/schweizversand.ch\\\/it\\\/#\\\/schema\\\/logo\\\/image\\\/\"},\"sameAs\":[\"https:\\\/\\\/www.facebook.com\\\/Schweizversand\",\"https:\\\/\\\/www.instagram.com\\\/schweizversand.ch\\\/\"]}]}<\/script>\n<!-- \/ Yoast SEO plugin. -->","yoast_head_json":{"title":"Homeline Doppel-Kleiderst\u00e4nder verstellbar","description":"Doppel-Kleiderst\u00e4nder mit Rollen, Schwarz Matt Verabschieden Sie sich von Unordnung! Dieser Doppel-Kleiderst\u00e4nder in edlem Schwarz Matt ist die perfekte L\u00f6sung,","robots":{"index":"index","follow":"follow","max-snippet":"max-snippet:-1","max-image-preview":"max-image-preview:large","max-video-preview":"max-video-preview:-1"},"canonical":"https:\/\/schweizversand.ch\/it\/produkt\/homeline-doppel-kleiderstaender-verstellbar\/","og_locale":"it_IT","og_type":"article","og_title":"Homeline Doppel-Kleiderst\u00e4nder verstellbar","og_description":"Doppel-Kleiderst\u00e4nder mit Rollen, Schwarz Matt Verabschieden Sie sich von Unordnung! Dieser Doppel-Kleiderst\u00e4nder in edlem Schwarz Matt ist die perfekte L\u00f6sung,","og_url":"https:\/\/schweizversand.ch\/it\/produkt\/homeline-doppel-kleiderstaender-verstellbar\/","og_site_name":"Schweizer Shop f\u00fcr Sport, Spiel und Freizeit","article_publisher":"https:\/\/www.facebook.com\/Schweizversand","article_modified_time":"2026-04-12T00:11:16+00:00","og_image":[{"width":1024,"height":870,"url":"https:\/\/schweizversand.ch\/wp-content\/uploads\/2026\/03\/5504666194.jpg","type":"image\/jpeg"}],"twitter_card":"summary_large_image","twitter_misc":{"Tempo di lettura stimato":"1 minuto"},"schema":{"@context":"https:\/\/schema.org","@graph":[{"@type":"WebPage","@id":"https:\/\/schweizversand.ch\/it\/produkt\/homeline-doppel-kleiderstaender-verstellbar\/","url":"https:\/\/schweizversand.ch\/it\/produkt\/homeline-doppel-kleiderstaender-verstellbar\/","name":"Homeline Doppel-Kleiderst\u00e4nder verstellbar","isPartOf":{"@id":"https:\/\/schweizversand.ch\/it\/#website"},"primaryImageOfPage":{"@id":"https:\/\/schweizversand.ch\/it\/produkt\/homeline-doppel-kleiderstaender-verstellbar\/#primaryimage"},"image":{"@id":"https:\/\/schweizversand.ch\/it\/produkt\/homeline-doppel-kleiderstaender-verstellbar\/#primaryimage"},"thumbnailUrl":"https:\/\/schweizversand.ch\/wp-content\/uploads\/2026\/03\/5504666194.jpg","datePublished":"2026-03-30T13:30:34+00:00","dateModified":"2026-04-12T00:11:16+00:00","description":"Doppel-Kleiderst\u00e4nder mit Rollen, Schwarz Matt Verabschieden Sie sich von Unordnung! Dieser Doppel-Kleiderst\u00e4nder in edlem Schwarz Matt ist die perfekte L\u00f6sung,","breadcrumb":{"@id":"https:\/\/schweizversand.ch\/it\/produkt\/homeline-doppel-kleiderstaender-verstellbar\/#breadcrumb"},"inLanguage":"it-IT","potentialAction":[{"@type":"ReadAction","target":["https:\/\/schweizversand.ch\/it\/produkt\/homeline-doppel-kleiderstaender-verstellbar\/"]}]},{"@type":"ImageObject","inLanguage":"it-IT","@id":"https:\/\/schweizversand.ch\/it\/produkt\/homeline-doppel-kleiderstaender-verstellbar\/#primaryimage","url":"https:\/\/schweizversand.ch\/wp-content\/uploads\/2026\/03\/5504666194.jpg","contentUrl":"https:\/\/schweizversand.ch\/wp-content\/uploads\/2026\/03\/5504666194.jpg","width":1024,"height":870},{"@type":"BreadcrumbList","@id":"https:\/\/schweizversand.ch\/it\/produkt\/homeline-doppel-kleiderstaender-verstellbar\/#breadcrumb","itemListElement":[{"@type":"ListItem","position":1,"name":"Startseite","item":"https:\/\/schweizversand.ch\/it\/"},{"@type":"ListItem","position":2,"name":"Shop","item":"https:\/\/schweizversand.ch\/it\/shop\/"},{"@type":"ListItem","position":3,"name":"Homeline Appendiabiti doppio, regolabile"}]},{"@type":"WebSite","@id":"https:\/\/schweizversand.ch\/it\/#website","url":"https:\/\/schweizversand.ch\/it\/","name":"Schweizer Shop f\u00fcr Sport, Spiel und Freizeit","description":"Gratisversand ab 50.- (netto), ab eigenem schweizer Lager, Lieferung innert 48h","publisher":{"@id":"https:\/\/schweizversand.ch\/it\/#organization"},"alternateName":"Schweizversand.ch","potentialAction":[{"@type":"SearchAction","target":{"@type":"EntryPoint","urlTemplate":"https:\/\/schweizversand.ch\/it\/?s={search_term_string}"},"query-input":{"@type":"PropertyValueSpecification","valueRequired":true,"valueName":"search_term_string"}}],"inLanguage":"it-IT"},{"@type":"Organization","@id":"https:\/\/schweizversand.ch\/it\/#organization","name":"Schweizversand.ch","url":"https:\/\/schweizversand.ch\/it\/","logo":{"@type":"ImageObject","inLanguage":"it-IT","@id":"https:\/\/schweizversand.ch\/it\/#\/schema\/logo\/image\/","url":"https:\/\/schweizversand.ch\/wp-content\/uploads\/2026\/03\/Logo_Rund_Final-1.png","contentUrl":"https:\/\/schweizversand.ch\/wp-content\/uploads\/2026\/03\/Logo_Rund_Final-1.png","width":404,"height":404,"caption":"Schweizversand.ch"},"image":{"@id":"https:\/\/schweizversand.ch\/it\/#\/schema\/logo\/image\/"},"sameAs":["https:\/\/www.facebook.com\/Schweizversand","https:\/\/www.instagram.com\/schweizversand.ch\/"]}]}},"jetpack_sharing_enabled":true,"_links":{"self":[{"href":"https:\/\/schweizversand.ch\/it\/wp-json\/wp\/v2\/product\/260943","targetHints":{"allow":["GET"]}}],"collection":[{"href":"https:\/\/schweizversand.ch\/it\/wp-json\/wp\/v2\/product"}],"about":[{"href":"https:\/\/schweizversand.ch\/it\/wp-json\/wp\/v2\/types\/product"}],"replies":[{"embeddable":true,"href":"https:\/\/schweizversand.ch\/it\/wp-json\/wp\/v2\/comments?post=260943"}],"wp:featuredmedia":[{"embeddable":true,"href":"https:\/\/schweizversand.ch\/it\/wp-json\/wp\/v2\/media\/261021"}],"wp:attachment":[{"href":"https:\/\/schweizversand.ch\/it\/wp-json\/wp\/v2\/media?parent=260943"}],"wp:term":[{"taxonomy":"product_brand","embeddable":true,"href":"https:\/\/schweizversand.ch\/it\/wp-json\/wp\/v2\/product_brand?post=260943"},{"taxonomy":"product_cat","embeddable":true,"href":"https:\/\/schweizversand.ch\/it\/wp-json\/wp\/v2\/product_cat?post=260943"},{"taxonomy":"product_tag","embeddable":true,"href":"https:\/\/schweizversand.ch\/it\/wp-json\/wp\/v2\/product_tag?post=260943"}],"curies":[{"name":"wp","href":"https:\/\/api.w.org\/{rel}","templated":true}]}}