{"id":260948,"date":"2026-03-15T00:57:06","date_gmt":"2026-03-14T23:57:06","guid":{"rendered":"https:\/\/schweizversand.ch\/produkt\/uhlsport-herren-torwarthandschuhe-speed-up-now-soft-sf-lite\/"},"modified":"2026-04-21T15:36:52","modified_gmt":"2026-04-21T13:36:52","slug":"uhlsport-herren-torwarthandschuhe-speed-up-now-soft-sf-lite","status":"publish","type":"product","link":"https:\/\/schweizversand.ch\/it\/produkt\/uhlsport-herren-torwarthandschuhe-speed-up-now-soft-sf-lite\/","title":{"rendered":"Guanti da portiere da uomo Uhlsport Speed \u200b\u200b\u200b\u200bUp Now Soft SF Lite"},"content":{"rendered":"<p>I guanti da portiere Uhlsport con lattice SOFT in giallo fluorescente LITE sono la scelta ideale per i portieri che esigono prestazioni elevate e una presa superiore. Ecco alcune delle caratteristiche principali di questi guanti:<\/p>\n<\/p>\n<p>Palmo: I guanti sono dotati di lattice SOFT in giallo fluorescente LITE, che offre una presa e un controllo di palla eccezionali. Questo lattice garantisce una presa sicura, indipendentemente dalle condizioni del campo.<\/p>\n<\/p>\n<p>Dorso: Il dorso dei guanti \u00e8 realizzato in lattice, offrendo maggiore stabilit\u00e0 e protezione durante le parate.<\/p>\n<\/p>\n<p>Taglio: Il taglio classico di questi guanti offre la pi\u00f9 ampia area di presa possibile, aiutandoti a tenere la palla al sicuro e a indirizzarla esattamente dove vuoi.<\/p>\n<p>&#8230; Chiusura: I guanti sono dotati di una patta avvolgente con etichetta per il nome e un&#8217;apertura a V, che garantisce una vestibilit\u00e0 sicura e personalizzata.<\/p>\n<\/p>\n<p>Materiale: Questi guanti sono realizzati con una variet\u00e0 di materiali, tra cui lattice (46%), EVA (5%), PU (21%), TPU (13%), poliestere (9%) e nylon (6%), offrendo un eccellente equilibrio tra presa, durata e comfort.<\/p>\n<\/p>\n<p>Taglia e colore: Questi guanti sono disponibili nella taglia 11 e presentano una sorprendente combinazione di colori giallo, blu e nero.<\/p>\n<\/p>\n<p>I guanti da portiere Uhlsport sono una scelta affidabile per i portieri che cercano prestazioni al top e una presa eccellente. Questi guanti ti aiuteranno a portare il tuo gioco a un livello superiore e a dominare in campo. Affidati a Uhlsport per qualit\u00e0 e precisione.<\/p>\n","protected":false},"excerpt":{"rendered":"<p>Uhlsport Herren Torwarthandschuhe Speed Up Now Soft SF Lite bieten dank SOFT Latex in LITE fluo Gelb maximalen Grip, Stabilit\u00e4t und eine gro\u00dfe Fangfl\u00e4che f\u00fcr Top-Leistung.<\/p>\n","protected":false},"featured_media":164877,"comment_status":"open","ping_status":"closed","template":"","meta":[],"product_brand":[],"product_cat":[38559],"product_tag":[],"class_list":{"0":"post-260948","1":"product","2":"type-product","3":"status-publish","4":"has-post-thumbnail","6":"product_cat-fussball","7":"product_shipping_class-global_methods","9":"first","10":"instock","11":"taxable","12":"shipping-taxable","13":"purchasable","14":"product-type-simple"},"yoast_head":"<!-- This site is optimized with the Yoast SEO plugin v27.4 - https:\/\/yoast.com\/product\/yoast-seo-wordpress\/ -->\n<title>Uhlsport Herren Torwarthandschuhe Speed Up Now Soft SF Lite<\/title>\n<meta name=\"description\" content=\"Die Uhlsport Torwarthandschuhe mit dem SOFT Latex in LITE fluo gelb sind die ideale Wahl f\u00fcr Torh\u00fcter, die auf h\u00f6chste Leistung und erstklassigen Grip setzen. H\" \/>\n<meta name=\"robots\" content=\"index, follow, max-snippet:-1, max-image-preview:large, max-video-preview:-1\" \/>\n<link rel=\"canonical\" href=\"https:\/\/schweizversand.ch\/it\/produkt\/uhlsport-herren-torwarthandschuhe-speed-up-now-soft-sf-lite\/\" \/>\n<meta property=\"og:locale\" content=\"it_IT\" \/>\n<meta property=\"og:type\" content=\"article\" \/>\n<meta property=\"og:title\" content=\"Uhlsport Herren Torwarthandschuhe Speed Up Now Soft SF Lite\" \/>\n<meta property=\"og:description\" content=\"Die Uhlsport Torwarthandschuhe mit dem SOFT Latex in LITE fluo gelb sind die ideale Wahl f\u00fcr Torh\u00fcter, die auf h\u00f6chste Leistung und erstklassigen Grip setzen. H\" \/>\n<meta property=\"og:url\" content=\"https:\/\/schweizversand.ch\/it\/produkt\/uhlsport-herren-torwarthandschuhe-speed-up-now-soft-sf-lite\/\" \/>\n<meta property=\"og:site_name\" content=\"Schweizer Shop f\u00fcr Sport, Spiel und Freizeit\" \/>\n<meta property=\"article:publisher\" content=\"https:\/\/www.facebook.com\/Schweizversand\" \/>\n<meta property=\"article:modified_time\" content=\"2026-04-21T13:36:52+00:00\" \/>\n<meta property=\"og:image\" content=\"https:\/\/schweizversand.ch\/wp-content\/uploads\/2026\/02\/5471557487.jpg\" \/>\n\t<meta property=\"og:image:width\" content=\"853\" \/>\n\t<meta property=\"og:image:height\" content=\"1024\" \/>\n\t<meta property=\"og:image:type\" content=\"image\/jpeg\" \/>\n<meta name=\"twitter:card\" content=\"summary_large_image\" \/>\n<meta name=\"twitter:label1\" content=\"Tempo di lettura stimato\" \/>\n\t<meta name=\"twitter:data1\" content=\"1 minuto\" \/>\n<script type=\"application\/ld+json\" class=\"yoast-schema-graph\">{\"@context\":\"https:\\\/\\\/schema.org\",\"@graph\":[{\"@type\":\"WebPage\",\"@id\":\"https:\\\/\\\/schweizversand.ch\\\/it\\\/produkt\\\/uhlsport-herren-torwarthandschuhe-speed-up-now-soft-sf-lite\\\/\",\"url\":\"https:\\\/\\\/schweizversand.ch\\\/it\\\/produkt\\\/uhlsport-herren-torwarthandschuhe-speed-up-now-soft-sf-lite\\\/\",\"name\":\"Uhlsport Herren Torwarthandschuhe Speed Up Now Soft SF Lite\",\"isPartOf\":{\"@id\":\"https:\\\/\\\/schweizversand.ch\\\/it\\\/#website\"},\"primaryImageOfPage\":{\"@id\":\"https:\\\/\\\/schweizversand.ch\\\/it\\\/produkt\\\/uhlsport-herren-torwarthandschuhe-speed-up-now-soft-sf-lite\\\/#primaryimage\"},\"image\":{\"@id\":\"https:\\\/\\\/schweizversand.ch\\\/it\\\/produkt\\\/uhlsport-herren-torwarthandschuhe-speed-up-now-soft-sf-lite\\\/#primaryimage\"},\"thumbnailUrl\":\"https:\\\/\\\/schweizversand.ch\\\/wp-content\\\/uploads\\\/2026\\\/02\\\/5471557487.jpg\",\"datePublished\":\"2026-03-14T23:57:06+00:00\",\"dateModified\":\"2026-04-21T13:36:52+00:00\",\"description\":\"Die Uhlsport Torwarthandschuhe mit dem SOFT Latex in LITE fluo gelb sind die ideale Wahl f\u00fcr Torh\u00fcter, die auf h\u00f6chste Leistung und erstklassigen Grip setzen. H\",\"breadcrumb\":{\"@id\":\"https:\\\/\\\/schweizversand.ch\\\/it\\\/produkt\\\/uhlsport-herren-torwarthandschuhe-speed-up-now-soft-sf-lite\\\/#breadcrumb\"},\"inLanguage\":\"it-IT\",\"potentialAction\":[{\"@type\":\"ReadAction\",\"target\":[\"https:\\\/\\\/schweizversand.ch\\\/it\\\/produkt\\\/uhlsport-herren-torwarthandschuhe-speed-up-now-soft-sf-lite\\\/\"]}]},{\"@type\":\"ImageObject\",\"inLanguage\":\"it-IT\",\"@id\":\"https:\\\/\\\/schweizversand.ch\\\/it\\\/produkt\\\/uhlsport-herren-torwarthandschuhe-speed-up-now-soft-sf-lite\\\/#primaryimage\",\"url\":\"https:\\\/\\\/schweizversand.ch\\\/wp-content\\\/uploads\\\/2026\\\/02\\\/5471557487.jpg\",\"contentUrl\":\"https:\\\/\\\/schweizversand.ch\\\/wp-content\\\/uploads\\\/2026\\\/02\\\/5471557487.jpg\",\"width\":853,\"height\":1024},{\"@type\":\"BreadcrumbList\",\"@id\":\"https:\\\/\\\/schweizversand.ch\\\/it\\\/produkt\\\/uhlsport-herren-torwarthandschuhe-speed-up-now-soft-sf-lite\\\/#breadcrumb\",\"itemListElement\":[{\"@type\":\"ListItem\",\"position\":1,\"name\":\"Startseite\",\"item\":\"https:\\\/\\\/schweizversand.ch\\\/it\\\/home\\\/\"},{\"@type\":\"ListItem\",\"position\":2,\"name\":\"Shop\",\"item\":\"https:\\\/\\\/schweizversand.ch\\\/it\\\/shop\\\/\"},{\"@type\":\"ListItem\",\"position\":3,\"name\":\"Sport\",\"item\":\"https:\\\/\\\/schweizversand.ch\\\/it\\\/produkt-kategorie\\\/sport-it\\\/\"},{\"@type\":\"ListItem\",\"position\":4,\"name\":\"Ballsport &amp; Dart\",\"item\":\"https:\\\/\\\/schweizversand.ch\\\/produkt-kategorie\\\/sport\\\/ballsport-dart-sport\\\/\"},{\"@type\":\"ListItem\",\"position\":5,\"name\":\"Fussball\",\"item\":\"https:\\\/\\\/schweizversand.ch\\\/produkt-kategorie\\\/sport\\\/ballsport-dart-sport\\\/fussball\\\/\"},{\"@type\":\"ListItem\",\"position\":6,\"name\":\"Guanti da portiere da uomo Uhlsport Speed \u200b\u200b\u200b\u200bUp Now Soft SF Lite\"}]},{\"@type\":\"WebSite\",\"@id\":\"https:\\\/\\\/schweizversand.ch\\\/it\\\/#website\",\"url\":\"https:\\\/\\\/schweizversand.ch\\\/it\\\/\",\"name\":\"Schweizer Shop f\u00fcr Sport, Spiel und Freizeit\",\"description\":\"Gratisversand ab 50.- (netto), ab eigenem schweizer Lager, Lieferung innert 48h\",\"publisher\":{\"@id\":\"https:\\\/\\\/schweizversand.ch\\\/it\\\/#organization\"},\"alternateName\":\"Schweizversand.ch\",\"potentialAction\":[{\"@type\":\"SearchAction\",\"target\":{\"@type\":\"EntryPoint\",\"urlTemplate\":\"https:\\\/\\\/schweizversand.ch\\\/it\\\/?s={search_term_string}\"},\"query-input\":{\"@type\":\"PropertyValueSpecification\",\"valueRequired\":true,\"valueName\":\"search_term_string\"}}],\"inLanguage\":\"it-IT\"},{\"@type\":\"Organization\",\"@id\":\"https:\\\/\\\/schweizversand.ch\\\/it\\\/#organization\",\"name\":\"Schweizversand.ch\",\"url\":\"https:\\\/\\\/schweizversand.ch\\\/it\\\/\",\"logo\":{\"@type\":\"ImageObject\",\"inLanguage\":\"it-IT\",\"@id\":\"https:\\\/\\\/schweizversand.ch\\\/it\\\/#\\\/schema\\\/logo\\\/image\\\/\",\"url\":\"https:\\\/\\\/schweizversand.ch\\\/wp-content\\\/uploads\\\/2026\\\/03\\\/Logo_Rund_Final-1.png\",\"contentUrl\":\"https:\\\/\\\/schweizversand.ch\\\/wp-content\\\/uploads\\\/2026\\\/03\\\/Logo_Rund_Final-1.png\",\"width\":404,\"height\":404,\"caption\":\"Schweizversand.ch\"},\"image\":{\"@id\":\"https:\\\/\\\/schweizversand.ch\\\/it\\\/#\\\/schema\\\/logo\\\/image\\\/\"},\"sameAs\":[\"https:\\\/\\\/www.facebook.com\\\/Schweizversand\",\"https:\\\/\\\/www.instagram.com\\\/schweizversand.ch\\\/\"]}]}<\/script>\n<!-- \/ Yoast SEO plugin. -->","yoast_head_json":{"title":"Uhlsport Herren Torwarthandschuhe Speed Up Now Soft SF Lite","description":"Die Uhlsport Torwarthandschuhe mit dem SOFT Latex in LITE fluo gelb sind die ideale Wahl f\u00fcr Torh\u00fcter, die auf h\u00f6chste Leistung und erstklassigen Grip setzen. H","robots":{"index":"index","follow":"follow","max-snippet":"max-snippet:-1","max-image-preview":"max-image-preview:large","max-video-preview":"max-video-preview:-1"},"canonical":"https:\/\/schweizversand.ch\/it\/produkt\/uhlsport-herren-torwarthandschuhe-speed-up-now-soft-sf-lite\/","og_locale":"it_IT","og_type":"article","og_title":"Uhlsport Herren Torwarthandschuhe Speed Up Now Soft SF Lite","og_description":"Die Uhlsport Torwarthandschuhe mit dem SOFT Latex in LITE fluo gelb sind die ideale Wahl f\u00fcr Torh\u00fcter, die auf h\u00f6chste Leistung und erstklassigen Grip setzen. H","og_url":"https:\/\/schweizversand.ch\/it\/produkt\/uhlsport-herren-torwarthandschuhe-speed-up-now-soft-sf-lite\/","og_site_name":"Schweizer Shop f\u00fcr Sport, Spiel und Freizeit","article_publisher":"https:\/\/www.facebook.com\/Schweizversand","article_modified_time":"2026-04-21T13:36:52+00:00","og_image":[{"width":853,"height":1024,"url":"https:\/\/schweizversand.ch\/wp-content\/uploads\/2026\/02\/5471557487.jpg","type":"image\/jpeg"}],"twitter_card":"summary_large_image","twitter_misc":{"Tempo di lettura stimato":"1 minuto"},"schema":{"@context":"https:\/\/schema.org","@graph":[{"@type":"WebPage","@id":"https:\/\/schweizversand.ch\/it\/produkt\/uhlsport-herren-torwarthandschuhe-speed-up-now-soft-sf-lite\/","url":"https:\/\/schweizversand.ch\/it\/produkt\/uhlsport-herren-torwarthandschuhe-speed-up-now-soft-sf-lite\/","name":"Uhlsport Herren Torwarthandschuhe Speed Up Now Soft SF Lite","isPartOf":{"@id":"https:\/\/schweizversand.ch\/it\/#website"},"primaryImageOfPage":{"@id":"https:\/\/schweizversand.ch\/it\/produkt\/uhlsport-herren-torwarthandschuhe-speed-up-now-soft-sf-lite\/#primaryimage"},"image":{"@id":"https:\/\/schweizversand.ch\/it\/produkt\/uhlsport-herren-torwarthandschuhe-speed-up-now-soft-sf-lite\/#primaryimage"},"thumbnailUrl":"https:\/\/schweizversand.ch\/wp-content\/uploads\/2026\/02\/5471557487.jpg","datePublished":"2026-03-14T23:57:06+00:00","dateModified":"2026-04-21T13:36:52+00:00","description":"Die Uhlsport Torwarthandschuhe mit dem SOFT Latex in LITE fluo gelb sind die ideale Wahl f\u00fcr Torh\u00fcter, die auf h\u00f6chste Leistung und erstklassigen Grip setzen. H","breadcrumb":{"@id":"https:\/\/schweizversand.ch\/it\/produkt\/uhlsport-herren-torwarthandschuhe-speed-up-now-soft-sf-lite\/#breadcrumb"},"inLanguage":"it-IT","potentialAction":[{"@type":"ReadAction","target":["https:\/\/schweizversand.ch\/it\/produkt\/uhlsport-herren-torwarthandschuhe-speed-up-now-soft-sf-lite\/"]}]},{"@type":"ImageObject","inLanguage":"it-IT","@id":"https:\/\/schweizversand.ch\/it\/produkt\/uhlsport-herren-torwarthandschuhe-speed-up-now-soft-sf-lite\/#primaryimage","url":"https:\/\/schweizversand.ch\/wp-content\/uploads\/2026\/02\/5471557487.jpg","contentUrl":"https:\/\/schweizversand.ch\/wp-content\/uploads\/2026\/02\/5471557487.jpg","width":853,"height":1024},{"@type":"BreadcrumbList","@id":"https:\/\/schweizversand.ch\/it\/produkt\/uhlsport-herren-torwarthandschuhe-speed-up-now-soft-sf-lite\/#breadcrumb","itemListElement":[{"@type":"ListItem","position":1,"name":"Startseite","item":"https:\/\/schweizversand.ch\/it\/home\/"},{"@type":"ListItem","position":2,"name":"Shop","item":"https:\/\/schweizversand.ch\/it\/shop\/"},{"@type":"ListItem","position":3,"name":"Sport","item":"https:\/\/schweizversand.ch\/it\/produkt-kategorie\/sport-it\/"},{"@type":"ListItem","position":4,"name":"Ballsport &amp; Dart","item":"https:\/\/schweizversand.ch\/produkt-kategorie\/sport\/ballsport-dart-sport\/"},{"@type":"ListItem","position":5,"name":"Fussball","item":"https:\/\/schweizversand.ch\/produkt-kategorie\/sport\/ballsport-dart-sport\/fussball\/"},{"@type":"ListItem","position":6,"name":"Guanti da portiere da uomo Uhlsport Speed \u200b\u200b\u200b\u200bUp Now Soft SF Lite"}]},{"@type":"WebSite","@id":"https:\/\/schweizversand.ch\/it\/#website","url":"https:\/\/schweizversand.ch\/it\/","name":"Schweizer Shop f\u00fcr Sport, Spiel und Freizeit","description":"Gratisversand ab 50.- (netto), ab eigenem schweizer Lager, Lieferung innert 48h","publisher":{"@id":"https:\/\/schweizversand.ch\/it\/#organization"},"alternateName":"Schweizversand.ch","potentialAction":[{"@type":"SearchAction","target":{"@type":"EntryPoint","urlTemplate":"https:\/\/schweizversand.ch\/it\/?s={search_term_string}"},"query-input":{"@type":"PropertyValueSpecification","valueRequired":true,"valueName":"search_term_string"}}],"inLanguage":"it-IT"},{"@type":"Organization","@id":"https:\/\/schweizversand.ch\/it\/#organization","name":"Schweizversand.ch","url":"https:\/\/schweizversand.ch\/it\/","logo":{"@type":"ImageObject","inLanguage":"it-IT","@id":"https:\/\/schweizversand.ch\/it\/#\/schema\/logo\/image\/","url":"https:\/\/schweizversand.ch\/wp-content\/uploads\/2026\/03\/Logo_Rund_Final-1.png","contentUrl":"https:\/\/schweizversand.ch\/wp-content\/uploads\/2026\/03\/Logo_Rund_Final-1.png","width":404,"height":404,"caption":"Schweizversand.ch"},"image":{"@id":"https:\/\/schweizversand.ch\/it\/#\/schema\/logo\/image\/"},"sameAs":["https:\/\/www.facebook.com\/Schweizversand","https:\/\/www.instagram.com\/schweizversand.ch\/"]}]}},"jetpack_sharing_enabled":true,"_links":{"self":[{"href":"https:\/\/schweizversand.ch\/it\/wp-json\/wp\/v2\/product\/260948","targetHints":{"allow":["GET"]}}],"collection":[{"href":"https:\/\/schweizversand.ch\/it\/wp-json\/wp\/v2\/product"}],"about":[{"href":"https:\/\/schweizversand.ch\/it\/wp-json\/wp\/v2\/types\/product"}],"replies":[{"embeddable":true,"href":"https:\/\/schweizversand.ch\/it\/wp-json\/wp\/v2\/comments?post=260948"}],"wp:featuredmedia":[{"embeddable":true,"href":"https:\/\/schweizversand.ch\/it\/wp-json\/wp\/v2\/media\/164877"}],"wp:attachment":[{"href":"https:\/\/schweizversand.ch\/it\/wp-json\/wp\/v2\/media?parent=260948"}],"wp:term":[{"taxonomy":"product_brand","embeddable":true,"href":"https:\/\/schweizversand.ch\/it\/wp-json\/wp\/v2\/product_brand?post=260948"},{"taxonomy":"product_cat","embeddable":true,"href":"https:\/\/schweizversand.ch\/it\/wp-json\/wp\/v2\/product_cat?post=260948"},{"taxonomy":"product_tag","embeddable":true,"href":"https:\/\/schweizversand.ch\/it\/wp-json\/wp\/v2\/product_tag?post=260948"}],"curies":[{"name":"wp","href":"https:\/\/api.w.org\/{rel}","templated":true}]}}