{"id":260950,"date":"2026-03-30T15:30:35","date_gmt":"2026-03-30T13:30:35","guid":{"rendered":"https:\/\/schweizversand.ch\/produkt\/bio-vital-creme-pferdebalsam\/"},"modified":"2026-04-05T15:36:14","modified_gmt":"2026-04-05T13:36:14","slug":"bio-vital-creme-pferdebalsam","status":"publish","type":"product","link":"https:\/\/schweizversand.ch\/it\/produkt\/bio-vital-creme-pferdebalsam\/","title":{"rendered":"Balsamo per cavalli Bio-Vital Cream"},"content":{"rendered":"<h1><strong>Balsamo per cavalli all&#8217;eucalipto &#8211; Rilassamento muscolare intensivo<\/strong><\/h1>\n<div>Scopri il potere lenitivo del <strong>Balsamo per cavalli<\/strong> con olio naturale di eucalipto. Questo balsamo versatile \u00e8 stato sviluppato appositamente per <strong>alleviare la tensione<\/strong> e fornire un rapido sollievo dopo lo sforzo fisico o per i fastidi quotidiani. Prova un <strong>rilassamento muscolare<\/strong> intenso e un maggiore benessere.<\/p>\n<\/div>\n<div><strong>Il tuo vantaggio: Sollievo versatile dal dolore<\/strong><br \/>Il Balsamo per cavalli all&#8217;eucalipto \u00e8 un rimedio comprovato per alleviare i dolori muscolari e articolari. La sua speciale formula inizialmente fornisce una piacevole sensazione di freschezza e poi favorisce la circolazione sanguigna, aiutando a sciogliere i muscoli. \u00c8 il <strong>linimento per cavalli<\/strong> ideale per la tua vita quotidiana.<\/p>\n<\/div>\n<div><strong>Applicazioni ottimali<\/strong><br \/>Questo balsamo copre un&#8217;ampia gamma di disturbi e supporta specificamente la rigenerazione del tuo corpo:<\/p>\n<\/div>\n<div><strong>Aree di applicazione in sintesi<\/strong><br \/>&#8211; <strong>Rilassamento muscolare<\/strong>: aiuta ad allentare la tensione muscolare ostinata nel collo, nelle spalle e nella schiena.<br \/>&#8211; <strong>Sollievo dagli infortuni<\/strong>: pu\u00f2 aiutare ad alleviare il dolore e favorire il recupero da distorsioni e stiramenti.<br \/>&#8211; <strong>Dolore alle articolazioni e alla schiena<\/strong>: fornisce sollievo dal dolore cronico o da sovraccarico alla schiena e alle articolazioni.<br \/>&#8211; <strong>Stazione eretta prolungata<\/strong>: allevia il fastidio alle gambe dopo lunghi periodi di inattivit\u00e0 o in piedi.<br \/>&#8211; <strong>Malattie specifiche<\/strong>: pu\u00f2 fornire supporto per condizioni dolorose come lombalgia o sciatica.<\/p>\n<\/div>\n<div><strong>Istruzioni importanti per l&#8217;uso<\/strong><br \/>Leggere attentamente le istruzioni per l&#8217;uso e utilizzare il balsamo secondo le raccomandazioni. Prima di applicare il prodotto su una superficie pi\u00f9 ampia per la prima volta, testarlo su una piccola area di pelle per escludere eventuali reazioni allergiche. Si prega di notare che questo prodotto \u00e8 inteso come terapia complementare e un consulto medico \u00e8 sempre necessario per condizioni gravi o croniche.<\/p>\n<\/div>\n<div>Concedetevi l&#8217;efficace cura di <strong>Horse Balm<\/strong> e scoprite quanto velocemente il vostro corpo si riprende e si rilassa.<\/p>\n<\/div>\n<div>\n<\/div>\n","protected":false},"excerpt":{"rendered":"<p>Bio-Vital Creme Pferdebalsam lindert Muskelverspannungen mit nat\u00fcrlichem Eukalyptus\u00f6l. F\u00fcr schnelle, intensive Entspannung und gesteigertes Wohlbefinden im Alltag.<\/p>\n","protected":false},"featured_media":46840,"comment_status":"open","ping_status":"closed","template":"","meta":[],"product_brand":[],"product_cat":[39109],"product_tag":[],"class_list":{"0":"post-260950","1":"product","2":"type-product","3":"status-publish","4":"has-post-thumbnail","6":"product_cat-bodylotion","7":"product_shipping_class-global_methods","9":"first","10":"instock","11":"taxable","12":"shipping-taxable","13":"purchasable","14":"product-type-simple"},"yoast_head":"<!-- This site is optimized with the Yoast SEO plugin v27.3 - https:\/\/yoast.com\/product\/yoast-seo-wordpress\/ -->\n<title>Bio-Vital Creme Pferdebalsam<\/title>\n<meta name=\"description\" content=\"Pferdebalsam mit Eukalyptus \u2013 Intensive Muskelentspannung Entdecken Sie die wohltuende Kraft des Pferdebalsam mit nat\u00fcrlichem Eukalyptus\u00f6l. Dieses vielseitige B\" \/>\n<meta name=\"robots\" content=\"index, follow, max-snippet:-1, max-image-preview:large, max-video-preview:-1\" \/>\n<link rel=\"canonical\" href=\"https:\/\/schweizversand.ch\/it\/produkt\/bio-vital-creme-pferdebalsam\/\" \/>\n<meta property=\"og:locale\" content=\"it_IT\" \/>\n<meta property=\"og:type\" content=\"article\" \/>\n<meta property=\"og:title\" content=\"Bio-Vital Creme Pferdebalsam\" \/>\n<meta property=\"og:description\" content=\"Pferdebalsam mit Eukalyptus \u2013 Intensive Muskelentspannung Entdecken Sie die wohltuende Kraft des Pferdebalsam mit nat\u00fcrlichem Eukalyptus\u00f6l. Dieses vielseitige B\" \/>\n<meta property=\"og:url\" content=\"https:\/\/schweizversand.ch\/it\/produkt\/bio-vital-creme-pferdebalsam\/\" \/>\n<meta property=\"og:site_name\" content=\"Schweizer Shop f\u00fcr Sport, Spiel und Freizeit\" \/>\n<meta property=\"article:publisher\" content=\"https:\/\/www.facebook.com\/Schweizversand\" \/>\n<meta property=\"article:modified_time\" content=\"2026-04-05T13:36:14+00:00\" \/>\n<meta property=\"og:image\" content=\"https:\/\/schweizversand.ch\/wp-content\/uploads\/2026\/01\/5471516324.jpg\" \/>\n\t<meta property=\"og:image:width\" content=\"1024\" \/>\n\t<meta property=\"og:image:height\" content=\"1024\" \/>\n\t<meta property=\"og:image:type\" content=\"image\/jpeg\" \/>\n<meta name=\"twitter:card\" content=\"summary_large_image\" \/>\n<meta name=\"twitter:label1\" content=\"Tempo di lettura stimato\" \/>\n\t<meta name=\"twitter:data1\" content=\"1 minuto\" \/>\n<script type=\"application\/ld+json\" class=\"yoast-schema-graph\">{\"@context\":\"https:\\\/\\\/schema.org\",\"@graph\":[{\"@type\":\"WebPage\",\"@id\":\"https:\\\/\\\/schweizversand.ch\\\/it\\\/produkt\\\/bio-vital-creme-pferdebalsam\\\/\",\"url\":\"https:\\\/\\\/schweizversand.ch\\\/it\\\/produkt\\\/bio-vital-creme-pferdebalsam\\\/\",\"name\":\"Bio-Vital Creme Pferdebalsam\",\"isPartOf\":{\"@id\":\"https:\\\/\\\/schweizversand.ch\\\/it\\\/#website\"},\"primaryImageOfPage\":{\"@id\":\"https:\\\/\\\/schweizversand.ch\\\/it\\\/produkt\\\/bio-vital-creme-pferdebalsam\\\/#primaryimage\"},\"image\":{\"@id\":\"https:\\\/\\\/schweizversand.ch\\\/it\\\/produkt\\\/bio-vital-creme-pferdebalsam\\\/#primaryimage\"},\"thumbnailUrl\":\"https:\\\/\\\/schweizversand.ch\\\/wp-content\\\/uploads\\\/2026\\\/01\\\/5471516324.jpg\",\"datePublished\":\"2026-03-30T13:30:35+00:00\",\"dateModified\":\"2026-04-05T13:36:14+00:00\",\"description\":\"Pferdebalsam mit Eukalyptus \u2013 Intensive Muskelentspannung Entdecken Sie die wohltuende Kraft des Pferdebalsam mit nat\u00fcrlichem Eukalyptus\u00f6l. Dieses vielseitige B\",\"breadcrumb\":{\"@id\":\"https:\\\/\\\/schweizversand.ch\\\/it\\\/produkt\\\/bio-vital-creme-pferdebalsam\\\/#breadcrumb\"},\"inLanguage\":\"it-IT\",\"potentialAction\":[{\"@type\":\"ReadAction\",\"target\":[\"https:\\\/\\\/schweizversand.ch\\\/it\\\/produkt\\\/bio-vital-creme-pferdebalsam\\\/\"]}]},{\"@type\":\"ImageObject\",\"inLanguage\":\"it-IT\",\"@id\":\"https:\\\/\\\/schweizversand.ch\\\/it\\\/produkt\\\/bio-vital-creme-pferdebalsam\\\/#primaryimage\",\"url\":\"https:\\\/\\\/schweizversand.ch\\\/wp-content\\\/uploads\\\/2026\\\/01\\\/5471516324.jpg\",\"contentUrl\":\"https:\\\/\\\/schweizversand.ch\\\/wp-content\\\/uploads\\\/2026\\\/01\\\/5471516324.jpg\",\"width\":1024,\"height\":1024},{\"@type\":\"BreadcrumbList\",\"@id\":\"https:\\\/\\\/schweizversand.ch\\\/it\\\/produkt\\\/bio-vital-creme-pferdebalsam\\\/#breadcrumb\",\"itemListElement\":[{\"@type\":\"ListItem\",\"position\":1,\"name\":\"Startseite\",\"item\":\"https:\\\/\\\/schweizversand.ch\\\/it\\\/\"},{\"@type\":\"ListItem\",\"position\":2,\"name\":\"Shop\",\"item\":\"https:\\\/\\\/schweizversand.ch\\\/it\\\/shop\\\/\"},{\"@type\":\"ListItem\",\"position\":3,\"name\":\"Balsamo per cavalli Bio-Vital Cream\"}]},{\"@type\":\"WebSite\",\"@id\":\"https:\\\/\\\/schweizversand.ch\\\/it\\\/#website\",\"url\":\"https:\\\/\\\/schweizversand.ch\\\/it\\\/\",\"name\":\"Schweizer Shop f\u00fcr Sport, Spiel und Freizeit\",\"description\":\"Gratisversand ab 50.- (netto), ab eigenem schweizer Lager, Lieferung innert 48h\",\"publisher\":{\"@id\":\"https:\\\/\\\/schweizversand.ch\\\/it\\\/#organization\"},\"alternateName\":\"Schweizversand.ch\",\"potentialAction\":[{\"@type\":\"SearchAction\",\"target\":{\"@type\":\"EntryPoint\",\"urlTemplate\":\"https:\\\/\\\/schweizversand.ch\\\/it\\\/?s={search_term_string}\"},\"query-input\":{\"@type\":\"PropertyValueSpecification\",\"valueRequired\":true,\"valueName\":\"search_term_string\"}}],\"inLanguage\":\"it-IT\"},{\"@type\":\"Organization\",\"@id\":\"https:\\\/\\\/schweizversand.ch\\\/it\\\/#organization\",\"name\":\"Schweizversand.ch\",\"url\":\"https:\\\/\\\/schweizversand.ch\\\/it\\\/\",\"logo\":{\"@type\":\"ImageObject\",\"inLanguage\":\"it-IT\",\"@id\":\"https:\\\/\\\/schweizversand.ch\\\/it\\\/#\\\/schema\\\/logo\\\/image\\\/\",\"url\":\"https:\\\/\\\/schweizversand.ch\\\/wp-content\\\/uploads\\\/2026\\\/03\\\/Logo_Rund_Final-1.png\",\"contentUrl\":\"https:\\\/\\\/schweizversand.ch\\\/wp-content\\\/uploads\\\/2026\\\/03\\\/Logo_Rund_Final-1.png\",\"width\":404,\"height\":404,\"caption\":\"Schweizversand.ch\"},\"image\":{\"@id\":\"https:\\\/\\\/schweizversand.ch\\\/it\\\/#\\\/schema\\\/logo\\\/image\\\/\"},\"sameAs\":[\"https:\\\/\\\/www.facebook.com\\\/Schweizversand\",\"https:\\\/\\\/www.instagram.com\\\/schweizversand.ch\\\/\"]}]}<\/script>\n<!-- \/ Yoast SEO plugin. -->","yoast_head_json":{"title":"Bio-Vital Creme Pferdebalsam","description":"Pferdebalsam mit Eukalyptus \u2013 Intensive Muskelentspannung Entdecken Sie die wohltuende Kraft des Pferdebalsam mit nat\u00fcrlichem Eukalyptus\u00f6l. Dieses vielseitige B","robots":{"index":"index","follow":"follow","max-snippet":"max-snippet:-1","max-image-preview":"max-image-preview:large","max-video-preview":"max-video-preview:-1"},"canonical":"https:\/\/schweizversand.ch\/it\/produkt\/bio-vital-creme-pferdebalsam\/","og_locale":"it_IT","og_type":"article","og_title":"Bio-Vital Creme Pferdebalsam","og_description":"Pferdebalsam mit Eukalyptus \u2013 Intensive Muskelentspannung Entdecken Sie die wohltuende Kraft des Pferdebalsam mit nat\u00fcrlichem Eukalyptus\u00f6l. Dieses vielseitige B","og_url":"https:\/\/schweizversand.ch\/it\/produkt\/bio-vital-creme-pferdebalsam\/","og_site_name":"Schweizer Shop f\u00fcr Sport, Spiel und Freizeit","article_publisher":"https:\/\/www.facebook.com\/Schweizversand","article_modified_time":"2026-04-05T13:36:14+00:00","og_image":[{"width":1024,"height":1024,"url":"https:\/\/schweizversand.ch\/wp-content\/uploads\/2026\/01\/5471516324.jpg","type":"image\/jpeg"}],"twitter_card":"summary_large_image","twitter_misc":{"Tempo di lettura stimato":"1 minuto"},"schema":{"@context":"https:\/\/schema.org","@graph":[{"@type":"WebPage","@id":"https:\/\/schweizversand.ch\/it\/produkt\/bio-vital-creme-pferdebalsam\/","url":"https:\/\/schweizversand.ch\/it\/produkt\/bio-vital-creme-pferdebalsam\/","name":"Bio-Vital Creme Pferdebalsam","isPartOf":{"@id":"https:\/\/schweizversand.ch\/it\/#website"},"primaryImageOfPage":{"@id":"https:\/\/schweizversand.ch\/it\/produkt\/bio-vital-creme-pferdebalsam\/#primaryimage"},"image":{"@id":"https:\/\/schweizversand.ch\/it\/produkt\/bio-vital-creme-pferdebalsam\/#primaryimage"},"thumbnailUrl":"https:\/\/schweizversand.ch\/wp-content\/uploads\/2026\/01\/5471516324.jpg","datePublished":"2026-03-30T13:30:35+00:00","dateModified":"2026-04-05T13:36:14+00:00","description":"Pferdebalsam mit Eukalyptus \u2013 Intensive Muskelentspannung Entdecken Sie die wohltuende Kraft des Pferdebalsam mit nat\u00fcrlichem Eukalyptus\u00f6l. Dieses vielseitige B","breadcrumb":{"@id":"https:\/\/schweizversand.ch\/it\/produkt\/bio-vital-creme-pferdebalsam\/#breadcrumb"},"inLanguage":"it-IT","potentialAction":[{"@type":"ReadAction","target":["https:\/\/schweizversand.ch\/it\/produkt\/bio-vital-creme-pferdebalsam\/"]}]},{"@type":"ImageObject","inLanguage":"it-IT","@id":"https:\/\/schweizversand.ch\/it\/produkt\/bio-vital-creme-pferdebalsam\/#primaryimage","url":"https:\/\/schweizversand.ch\/wp-content\/uploads\/2026\/01\/5471516324.jpg","contentUrl":"https:\/\/schweizversand.ch\/wp-content\/uploads\/2026\/01\/5471516324.jpg","width":1024,"height":1024},{"@type":"BreadcrumbList","@id":"https:\/\/schweizversand.ch\/it\/produkt\/bio-vital-creme-pferdebalsam\/#breadcrumb","itemListElement":[{"@type":"ListItem","position":1,"name":"Startseite","item":"https:\/\/schweizversand.ch\/it\/"},{"@type":"ListItem","position":2,"name":"Shop","item":"https:\/\/schweizversand.ch\/it\/shop\/"},{"@type":"ListItem","position":3,"name":"Balsamo per cavalli Bio-Vital Cream"}]},{"@type":"WebSite","@id":"https:\/\/schweizversand.ch\/it\/#website","url":"https:\/\/schweizversand.ch\/it\/","name":"Schweizer Shop f\u00fcr Sport, Spiel und Freizeit","description":"Gratisversand ab 50.- (netto), ab eigenem schweizer Lager, Lieferung innert 48h","publisher":{"@id":"https:\/\/schweizversand.ch\/it\/#organization"},"alternateName":"Schweizversand.ch","potentialAction":[{"@type":"SearchAction","target":{"@type":"EntryPoint","urlTemplate":"https:\/\/schweizversand.ch\/it\/?s={search_term_string}"},"query-input":{"@type":"PropertyValueSpecification","valueRequired":true,"valueName":"search_term_string"}}],"inLanguage":"it-IT"},{"@type":"Organization","@id":"https:\/\/schweizversand.ch\/it\/#organization","name":"Schweizversand.ch","url":"https:\/\/schweizversand.ch\/it\/","logo":{"@type":"ImageObject","inLanguage":"it-IT","@id":"https:\/\/schweizversand.ch\/it\/#\/schema\/logo\/image\/","url":"https:\/\/schweizversand.ch\/wp-content\/uploads\/2026\/03\/Logo_Rund_Final-1.png","contentUrl":"https:\/\/schweizversand.ch\/wp-content\/uploads\/2026\/03\/Logo_Rund_Final-1.png","width":404,"height":404,"caption":"Schweizversand.ch"},"image":{"@id":"https:\/\/schweizversand.ch\/it\/#\/schema\/logo\/image\/"},"sameAs":["https:\/\/www.facebook.com\/Schweizversand","https:\/\/www.instagram.com\/schweizversand.ch\/"]}]}},"jetpack_sharing_enabled":true,"_links":{"self":[{"href":"https:\/\/schweizversand.ch\/it\/wp-json\/wp\/v2\/product\/260950","targetHints":{"allow":["GET"]}}],"collection":[{"href":"https:\/\/schweizversand.ch\/it\/wp-json\/wp\/v2\/product"}],"about":[{"href":"https:\/\/schweizversand.ch\/it\/wp-json\/wp\/v2\/types\/product"}],"replies":[{"embeddable":true,"href":"https:\/\/schweizversand.ch\/it\/wp-json\/wp\/v2\/comments?post=260950"}],"wp:featuredmedia":[{"embeddable":true,"href":"https:\/\/schweizversand.ch\/it\/wp-json\/wp\/v2\/media\/46840"}],"wp:attachment":[{"href":"https:\/\/schweizversand.ch\/it\/wp-json\/wp\/v2\/media?parent=260950"}],"wp:term":[{"taxonomy":"product_brand","embeddable":true,"href":"https:\/\/schweizversand.ch\/it\/wp-json\/wp\/v2\/product_brand?post=260950"},{"taxonomy":"product_cat","embeddable":true,"href":"https:\/\/schweizversand.ch\/it\/wp-json\/wp\/v2\/product_cat?post=260950"},{"taxonomy":"product_tag","embeddable":true,"href":"https:\/\/schweizversand.ch\/it\/wp-json\/wp\/v2\/product_tag?post=260950"}],"curies":[{"name":"wp","href":"https:\/\/api.w.org\/{rel}","templated":true}]}}