{"id":260951,"date":"2026-03-30T15:30:35","date_gmt":"2026-03-30T13:30:35","guid":{"rendered":"https:\/\/schweizversand.ch\/produkt\/kynast-gartentonne-pop-up\/"},"modified":"2026-04-12T02:11:19","modified_gmt":"2026-04-12T00:11:19","slug":"kynast-gartentonne-pop-up","status":"publish","type":"product","link":"https:\/\/schweizversand.ch\/it\/produkt\/kynast-gartentonne-pop-up\/","title":{"rendered":"Kynast Garden Barrel POP UP"},"content":{"rendered":"<p>Bidone da giardino Kynast POP UP (\u230045 cm \u00d7 75 cm, 120 l)<br \/>\n<br \/>La soluzione definitiva per lo smaltimento dei rifiuti da giardino: semplice, efficiente e sostenibile<\/p>\n<p>Informazioni sul prodotto<\/p>\n<p>Il bidone da giardino Kynast POP UP \u00e8 un vero tuttofare per chi ama un giardino ben curato. Questo sacco per rifiuti da giardino pieghevole e automontante \u00e8 pratico e robusto, con una capacit\u00e0 di 120 litri per tutti i rifiuti da giardino.<\/p>\n<p>Caratteristiche principali:<\/p>\n<p>\u2022 Tessuto impermeabile: questo sacco per rifiuti da giardino \u00e8 realizzato con materiali impermeabili di alta qualit\u00e0 per garantire una lunga durata.<\/p>\n<p>\u2022 Flessibilit\u00e0 e robustezza: resistente agli strappi e riutilizzabile, ideale per tutti i tipi di rifiuti da giardino come foglie, sfalci e altro.<\/p>\n<p>\u2022 Facile da usare: dotato di due maniglie integrate per un trasporto comodo e uno smaltimento facile.<\/p>\n<p>\u2022 Salvaspazio: il design pieghevole facilita lo stoccaggio del bidone quando non in uso.<\/p>\n<p>\u2022 Autoportante: un anello di rinforzo assicura che il bidone resti in posizione verticale da solo, lasciando entrambe le mani libere per il giardinaggio.<\/p>\n<p>Specifiche tecniche:<\/p>\n<p>\u2022 Dimensioni: Diametro 45 cm, Altezza 75 cm<\/p>\n<p>\u2022 Capacit\u00e0: 120 litri<\/p>\n<p>\u2022 Materiale: Tessuto impermeabile<\/p>\n<p>Conclusioni:<\/p>\n<p>Il bidone da giardino Kynast POP UP \u00e8 un must per ogni appassionato di giardinaggio. Combina facilit\u00e0 d&#8217;uso con funzionalit\u00e0 e durata. La sua struttura flessibile e robusta lo rende la scelta ideale per lo smaltimento di tutti i tipi di rifiuti da giardino. Il suo design pieghevole e salvaspazio lo rende facile da riporre e quindi un&#8217;aggiunta perfetta a qualsiasi giardino.<\/p>\n","protected":false},"excerpt":{"rendered":"<p>Kynast Gartentonne POP UP vereinfacht die Gartenarbeit mit 120 l Fassungsverm\u00f6gen, rei\u00dffestem, wasserdichtem Material und selbstaufstellendem Pop-Up-Design.<\/p>\n","protected":false},"featured_media":261042,"comment_status":"open","ping_status":"closed","template":"","meta":[],"product_brand":[],"product_cat":[],"product_tag":[],"class_list":{"0":"post-260951","1":"product","2":"type-product","3":"status-publish","4":"has-post-thumbnail","6":"product_shipping_class-global_methods","8":"first","9":"instock","10":"taxable","11":"shipping-taxable","12":"purchasable","13":"product-type-simple"},"yoast_head":"<!-- This site is optimized with the Yoast SEO plugin v27.3 - https:\/\/yoast.com\/product\/yoast-seo-wordpress\/ -->\n<title>Kynast Gartentonne POP UP<\/title>\n<meta name=\"description\" content=\"Kynast Gartentonne POP UP (\u230045cm \u00d7 75cm, 120l) Die ultimative L\u00f6sung f\u00fcr die Gartenabfallentsorgung: Einfach, effizient und nachhaltig\u00a0 \u00dcber das Produkt\u00a0 Die\" \/>\n<meta name=\"robots\" content=\"index, follow, max-snippet:-1, max-image-preview:large, max-video-preview:-1\" \/>\n<link rel=\"canonical\" href=\"https:\/\/schweizversand.ch\/it\/produkt\/kynast-gartentonne-pop-up\/\" \/>\n<meta property=\"og:locale\" content=\"it_IT\" \/>\n<meta property=\"og:type\" content=\"article\" \/>\n<meta property=\"og:title\" content=\"Kynast Gartentonne POP UP\" \/>\n<meta property=\"og:description\" content=\"Kynast Gartentonne POP UP (\u230045cm \u00d7 75cm, 120l) Die ultimative L\u00f6sung f\u00fcr die Gartenabfallentsorgung: Einfach, effizient und nachhaltig\u00a0 \u00dcber das Produkt\u00a0 Die\" \/>\n<meta property=\"og:url\" content=\"https:\/\/schweizversand.ch\/it\/produkt\/kynast-gartentonne-pop-up\/\" \/>\n<meta property=\"og:site_name\" content=\"Schweizer Shop f\u00fcr Sport, Spiel und Freizeit\" \/>\n<meta property=\"article:publisher\" content=\"https:\/\/www.facebook.com\/Schweizversand\" \/>\n<meta property=\"article:modified_time\" content=\"2026-04-12T00:11:19+00:00\" \/>\n<meta property=\"og:image\" content=\"https:\/\/schweizversand.ch\/wp-content\/uploads\/2026\/03\/5520099604.jpg\" \/>\n\t<meta property=\"og:image:width\" content=\"740\" \/>\n\t<meta property=\"og:image:height\" content=\"1024\" \/>\n\t<meta property=\"og:image:type\" content=\"image\/jpeg\" \/>\n<meta name=\"twitter:card\" content=\"summary_large_image\" \/>\n<meta name=\"twitter:label1\" content=\"Tempo di lettura stimato\" \/>\n\t<meta name=\"twitter:data1\" content=\"1 minuto\" \/>\n<script type=\"application\/ld+json\" class=\"yoast-schema-graph\">{\"@context\":\"https:\\\/\\\/schema.org\",\"@graph\":[{\"@type\":\"WebPage\",\"@id\":\"https:\\\/\\\/schweizversand.ch\\\/it\\\/produkt\\\/kynast-gartentonne-pop-up\\\/\",\"url\":\"https:\\\/\\\/schweizversand.ch\\\/it\\\/produkt\\\/kynast-gartentonne-pop-up\\\/\",\"name\":\"Kynast Gartentonne POP UP\",\"isPartOf\":{\"@id\":\"https:\\\/\\\/schweizversand.ch\\\/it\\\/#website\"},\"primaryImageOfPage\":{\"@id\":\"https:\\\/\\\/schweizversand.ch\\\/it\\\/produkt\\\/kynast-gartentonne-pop-up\\\/#primaryimage\"},\"image\":{\"@id\":\"https:\\\/\\\/schweizversand.ch\\\/it\\\/produkt\\\/kynast-gartentonne-pop-up\\\/#primaryimage\"},\"thumbnailUrl\":\"https:\\\/\\\/schweizversand.ch\\\/wp-content\\\/uploads\\\/2026\\\/03\\\/5520099604.jpg\",\"datePublished\":\"2026-03-30T13:30:35+00:00\",\"dateModified\":\"2026-04-12T00:11:19+00:00\",\"description\":\"Kynast Gartentonne POP UP (\u230045cm \u00d7 75cm, 120l) Die ultimative L\u00f6sung f\u00fcr die Gartenabfallentsorgung: Einfach, effizient und nachhaltig\u00a0 \u00dcber das Produkt\u00a0 Die\",\"breadcrumb\":{\"@id\":\"https:\\\/\\\/schweizversand.ch\\\/it\\\/produkt\\\/kynast-gartentonne-pop-up\\\/#breadcrumb\"},\"inLanguage\":\"it-IT\",\"potentialAction\":[{\"@type\":\"ReadAction\",\"target\":[\"https:\\\/\\\/schweizversand.ch\\\/it\\\/produkt\\\/kynast-gartentonne-pop-up\\\/\"]}]},{\"@type\":\"ImageObject\",\"inLanguage\":\"it-IT\",\"@id\":\"https:\\\/\\\/schweizversand.ch\\\/it\\\/produkt\\\/kynast-gartentonne-pop-up\\\/#primaryimage\",\"url\":\"https:\\\/\\\/schweizversand.ch\\\/wp-content\\\/uploads\\\/2026\\\/03\\\/5520099604.jpg\",\"contentUrl\":\"https:\\\/\\\/schweizversand.ch\\\/wp-content\\\/uploads\\\/2026\\\/03\\\/5520099604.jpg\",\"width\":740,\"height\":1024},{\"@type\":\"BreadcrumbList\",\"@id\":\"https:\\\/\\\/schweizversand.ch\\\/it\\\/produkt\\\/kynast-gartentonne-pop-up\\\/#breadcrumb\",\"itemListElement\":[{\"@type\":\"ListItem\",\"position\":1,\"name\":\"Startseite\",\"item\":\"https:\\\/\\\/schweizversand.ch\\\/it\\\/\"},{\"@type\":\"ListItem\",\"position\":2,\"name\":\"Shop\",\"item\":\"https:\\\/\\\/schweizversand.ch\\\/it\\\/shop\\\/\"},{\"@type\":\"ListItem\",\"position\":3,\"name\":\"Kynast Garden Barrel POP UP\"}]},{\"@type\":\"WebSite\",\"@id\":\"https:\\\/\\\/schweizversand.ch\\\/it\\\/#website\",\"url\":\"https:\\\/\\\/schweizversand.ch\\\/it\\\/\",\"name\":\"Schweizer Shop f\u00fcr Sport, Spiel und Freizeit\",\"description\":\"Gratisversand ab 50.- (netto), ab eigenem schweizer Lager, Lieferung innert 48h\",\"publisher\":{\"@id\":\"https:\\\/\\\/schweizversand.ch\\\/it\\\/#organization\"},\"alternateName\":\"Schweizversand.ch\",\"potentialAction\":[{\"@type\":\"SearchAction\",\"target\":{\"@type\":\"EntryPoint\",\"urlTemplate\":\"https:\\\/\\\/schweizversand.ch\\\/it\\\/?s={search_term_string}\"},\"query-input\":{\"@type\":\"PropertyValueSpecification\",\"valueRequired\":true,\"valueName\":\"search_term_string\"}}],\"inLanguage\":\"it-IT\"},{\"@type\":\"Organization\",\"@id\":\"https:\\\/\\\/schweizversand.ch\\\/it\\\/#organization\",\"name\":\"Schweizversand.ch\",\"url\":\"https:\\\/\\\/schweizversand.ch\\\/it\\\/\",\"logo\":{\"@type\":\"ImageObject\",\"inLanguage\":\"it-IT\",\"@id\":\"https:\\\/\\\/schweizversand.ch\\\/it\\\/#\\\/schema\\\/logo\\\/image\\\/\",\"url\":\"https:\\\/\\\/schweizversand.ch\\\/wp-content\\\/uploads\\\/2026\\\/03\\\/Logo_Rund_Final-1.png\",\"contentUrl\":\"https:\\\/\\\/schweizversand.ch\\\/wp-content\\\/uploads\\\/2026\\\/03\\\/Logo_Rund_Final-1.png\",\"width\":404,\"height\":404,\"caption\":\"Schweizversand.ch\"},\"image\":{\"@id\":\"https:\\\/\\\/schweizversand.ch\\\/it\\\/#\\\/schema\\\/logo\\\/image\\\/\"},\"sameAs\":[\"https:\\\/\\\/www.facebook.com\\\/Schweizversand\",\"https:\\\/\\\/www.instagram.com\\\/schweizversand.ch\\\/\"]}]}<\/script>\n<!-- \/ Yoast SEO plugin. -->","yoast_head_json":{"title":"Kynast Gartentonne POP UP","description":"Kynast Gartentonne POP UP (\u230045cm \u00d7 75cm, 120l) Die ultimative L\u00f6sung f\u00fcr die Gartenabfallentsorgung: Einfach, effizient und nachhaltig\u00a0 \u00dcber das Produkt\u00a0 Die","robots":{"index":"index","follow":"follow","max-snippet":"max-snippet:-1","max-image-preview":"max-image-preview:large","max-video-preview":"max-video-preview:-1"},"canonical":"https:\/\/schweizversand.ch\/it\/produkt\/kynast-gartentonne-pop-up\/","og_locale":"it_IT","og_type":"article","og_title":"Kynast Gartentonne POP UP","og_description":"Kynast Gartentonne POP UP (\u230045cm \u00d7 75cm, 120l) Die ultimative L\u00f6sung f\u00fcr die Gartenabfallentsorgung: Einfach, effizient und nachhaltig\u00a0 \u00dcber das Produkt\u00a0 Die","og_url":"https:\/\/schweizversand.ch\/it\/produkt\/kynast-gartentonne-pop-up\/","og_site_name":"Schweizer Shop f\u00fcr Sport, Spiel und Freizeit","article_publisher":"https:\/\/www.facebook.com\/Schweizversand","article_modified_time":"2026-04-12T00:11:19+00:00","og_image":[{"width":740,"height":1024,"url":"https:\/\/schweizversand.ch\/wp-content\/uploads\/2026\/03\/5520099604.jpg","type":"image\/jpeg"}],"twitter_card":"summary_large_image","twitter_misc":{"Tempo di lettura stimato":"1 minuto"},"schema":{"@context":"https:\/\/schema.org","@graph":[{"@type":"WebPage","@id":"https:\/\/schweizversand.ch\/it\/produkt\/kynast-gartentonne-pop-up\/","url":"https:\/\/schweizversand.ch\/it\/produkt\/kynast-gartentonne-pop-up\/","name":"Kynast Gartentonne POP UP","isPartOf":{"@id":"https:\/\/schweizversand.ch\/it\/#website"},"primaryImageOfPage":{"@id":"https:\/\/schweizversand.ch\/it\/produkt\/kynast-gartentonne-pop-up\/#primaryimage"},"image":{"@id":"https:\/\/schweizversand.ch\/it\/produkt\/kynast-gartentonne-pop-up\/#primaryimage"},"thumbnailUrl":"https:\/\/schweizversand.ch\/wp-content\/uploads\/2026\/03\/5520099604.jpg","datePublished":"2026-03-30T13:30:35+00:00","dateModified":"2026-04-12T00:11:19+00:00","description":"Kynast Gartentonne POP UP (\u230045cm \u00d7 75cm, 120l) Die ultimative L\u00f6sung f\u00fcr die Gartenabfallentsorgung: Einfach, effizient und nachhaltig\u00a0 \u00dcber das Produkt\u00a0 Die","breadcrumb":{"@id":"https:\/\/schweizversand.ch\/it\/produkt\/kynast-gartentonne-pop-up\/#breadcrumb"},"inLanguage":"it-IT","potentialAction":[{"@type":"ReadAction","target":["https:\/\/schweizversand.ch\/it\/produkt\/kynast-gartentonne-pop-up\/"]}]},{"@type":"ImageObject","inLanguage":"it-IT","@id":"https:\/\/schweizversand.ch\/it\/produkt\/kynast-gartentonne-pop-up\/#primaryimage","url":"https:\/\/schweizversand.ch\/wp-content\/uploads\/2026\/03\/5520099604.jpg","contentUrl":"https:\/\/schweizversand.ch\/wp-content\/uploads\/2026\/03\/5520099604.jpg","width":740,"height":1024},{"@type":"BreadcrumbList","@id":"https:\/\/schweizversand.ch\/it\/produkt\/kynast-gartentonne-pop-up\/#breadcrumb","itemListElement":[{"@type":"ListItem","position":1,"name":"Startseite","item":"https:\/\/schweizversand.ch\/it\/"},{"@type":"ListItem","position":2,"name":"Shop","item":"https:\/\/schweizversand.ch\/it\/shop\/"},{"@type":"ListItem","position":3,"name":"Kynast Garden Barrel POP UP"}]},{"@type":"WebSite","@id":"https:\/\/schweizversand.ch\/it\/#website","url":"https:\/\/schweizversand.ch\/it\/","name":"Schweizer Shop f\u00fcr Sport, Spiel und Freizeit","description":"Gratisversand ab 50.- (netto), ab eigenem schweizer Lager, Lieferung innert 48h","publisher":{"@id":"https:\/\/schweizversand.ch\/it\/#organization"},"alternateName":"Schweizversand.ch","potentialAction":[{"@type":"SearchAction","target":{"@type":"EntryPoint","urlTemplate":"https:\/\/schweizversand.ch\/it\/?s={search_term_string}"},"query-input":{"@type":"PropertyValueSpecification","valueRequired":true,"valueName":"search_term_string"}}],"inLanguage":"it-IT"},{"@type":"Organization","@id":"https:\/\/schweizversand.ch\/it\/#organization","name":"Schweizversand.ch","url":"https:\/\/schweizversand.ch\/it\/","logo":{"@type":"ImageObject","inLanguage":"it-IT","@id":"https:\/\/schweizversand.ch\/it\/#\/schema\/logo\/image\/","url":"https:\/\/schweizversand.ch\/wp-content\/uploads\/2026\/03\/Logo_Rund_Final-1.png","contentUrl":"https:\/\/schweizversand.ch\/wp-content\/uploads\/2026\/03\/Logo_Rund_Final-1.png","width":404,"height":404,"caption":"Schweizversand.ch"},"image":{"@id":"https:\/\/schweizversand.ch\/it\/#\/schema\/logo\/image\/"},"sameAs":["https:\/\/www.facebook.com\/Schweizversand","https:\/\/www.instagram.com\/schweizversand.ch\/"]}]}},"jetpack_sharing_enabled":true,"_links":{"self":[{"href":"https:\/\/schweizversand.ch\/it\/wp-json\/wp\/v2\/product\/260951","targetHints":{"allow":["GET"]}}],"collection":[{"href":"https:\/\/schweizversand.ch\/it\/wp-json\/wp\/v2\/product"}],"about":[{"href":"https:\/\/schweizversand.ch\/it\/wp-json\/wp\/v2\/types\/product"}],"replies":[{"embeddable":true,"href":"https:\/\/schweizversand.ch\/it\/wp-json\/wp\/v2\/comments?post=260951"}],"wp:featuredmedia":[{"embeddable":true,"href":"https:\/\/schweizversand.ch\/it\/wp-json\/wp\/v2\/media\/261042"}],"wp:attachment":[{"href":"https:\/\/schweizversand.ch\/it\/wp-json\/wp\/v2\/media?parent=260951"}],"wp:term":[{"taxonomy":"product_brand","embeddable":true,"href":"https:\/\/schweizversand.ch\/it\/wp-json\/wp\/v2\/product_brand?post=260951"},{"taxonomy":"product_cat","embeddable":true,"href":"https:\/\/schweizversand.ch\/it\/wp-json\/wp\/v2\/product_cat?post=260951"},{"taxonomy":"product_tag","embeddable":true,"href":"https:\/\/schweizversand.ch\/it\/wp-json\/wp\/v2\/product_tag?post=260951"}],"curies":[{"name":"wp","href":"https:\/\/api.w.org\/{rel}","templated":true}]}}