{"id":260956,"date":"2026-03-14T23:21:50","date_gmt":"2026-03-14T22:21:50","guid":{"rendered":"https:\/\/schweizversand.ch\/produkt\/vollmar-stumpenkerze\/"},"modified":"2026-04-19T02:07:04","modified_gmt":"2026-04-19T00:07:04","slug":"vollmar-stumpenkerze","status":"publish","type":"product","link":"https:\/\/schweizversand.ch\/it\/produkt\/vollmar-stumpenkerze\/","title":{"rendered":"Candela a colonna Vollmar"},"content":{"rendered":"<h1><strong>Candela a colonna 5&#215;10 cm a immersione &#8211; Eleganza semplice<\/strong><\/h1>\n<div>Scopri la bellezza senza tempo della <strong>candela a colonna da 10 cm<\/strong>, che colpisce per la sua semplice eleganza e l&#8217;<strong>alta qualit\u00e0<\/strong>. Questa candela a immersione \u00e8 la scelta perfetta per impreziosire con stile la tua casa o la decorazione della tavola e creare un&#8217;atmosfera calda e accogliente.<\/p>\n<\/div>\n<div><strong>Design e dimensioni<\/strong><br \/>Con dimensioni ideali di 5 cm di diametro e 10 cm di altezza, questa <strong>candela a colonna 5&#215;10 cm<\/strong> \u00e8 estremamente versatile. Offre il perfetto equilibrio tra facilit\u00e0 d&#8217;uso e stabilit\u00e0 e si integra perfettamente in portacandele o composizioni.<\/p>\n<\/div>\n<div><strong>Metodo di produzione speciale<\/strong><br \/>Questa <strong>candela decorativa<\/strong> \u00e8 realizzata utilizzando uno speciale processo di immersione. La candela viene immersa pi\u00f9 volte nella cera colorata, conferendole un rivestimento uniforme e intenso. Questa tecnica garantisce un aspetto unico e una lunga durata di combustione. Qualit\u00e0 e origine: &#8211; Prodotto in Europa secondo rigorosi standard di qualit\u00e0 &#8211; Lavorazione artigianale accurata e materiali di alta qualit\u00e0 &#8211; Ideale per occasioni festive, celebrazioni o per l&#8217;uso quotidiano. Decorazione versatile: Grazie al suo design classico, questa candela immersa \u00e8 un must per qualsiasi arredamento elegante. Usala come centrotavola per la tua tavola o per creare un&#8217;atmosfera calda e invitante nel tuo spazio abitativo. Scegli questa candela a colonna di alta qualit\u00e0 per illuminare efficacemente il tuo ambiente.<\/p>\n","protected":false},"excerpt":{"rendered":"<p>Vollmar Stumpenkerze 5&#215;10 cm \u00fcberzeugt mit schlichter Eleganz, hochwertigem Tauchverfahren und vielseitigem Einsatz \u2013 f\u00fcr warme, stilvolle Atmosph\u00e4re in jedem Raum.<\/p>\n","protected":false},"featured_media":165254,"comment_status":"open","ping_status":"closed","template":"","meta":[],"product_brand":[],"product_cat":[38236],"product_tag":[],"class_list":{"0":"post-260956","1":"product","2":"type-product","3":"status-publish","4":"has-post-thumbnail","6":"product_cat-kerzen-feuer","7":"product_shipping_class-global_methods","9":"first","10":"instock","11":"taxable","12":"shipping-taxable","13":"purchasable","14":"product-type-simple"},"yoast_head":"<!-- This site is optimized with the Yoast SEO plugin v27.4 - https:\/\/yoast.com\/product\/yoast-seo-wordpress\/ -->\n<title>Vollmar Stumpenkerze<\/title>\n<meta name=\"description\" content=\"Stumpenkerze 5x10 cm getaucht \u2013 Schlichte Eleganz Entdecken Sie die zeitlose Sch\u00f6nheit der Stumpenkerze 10cm , die durch ihre schlichte Eleganz und hohe Qualit\u00e4\" \/>\n<meta name=\"robots\" content=\"index, follow, max-snippet:-1, max-image-preview:large, max-video-preview:-1\" \/>\n<link rel=\"canonical\" href=\"https:\/\/schweizversand.ch\/it\/produkt\/vollmar-stumpenkerze\/\" \/>\n<meta property=\"og:locale\" content=\"it_IT\" \/>\n<meta property=\"og:type\" content=\"article\" \/>\n<meta property=\"og:title\" content=\"Vollmar Stumpenkerze\" \/>\n<meta property=\"og:description\" content=\"Stumpenkerze 5x10 cm getaucht \u2013 Schlichte Eleganz Entdecken Sie die zeitlose Sch\u00f6nheit der Stumpenkerze 10cm , die durch ihre schlichte Eleganz und hohe Qualit\u00e4\" \/>\n<meta property=\"og:url\" content=\"https:\/\/schweizversand.ch\/it\/produkt\/vollmar-stumpenkerze\/\" \/>\n<meta property=\"og:site_name\" content=\"Schweizer Shop f\u00fcr Sport, Spiel und Freizeit\" \/>\n<meta property=\"article:publisher\" content=\"https:\/\/www.facebook.com\/Schweizversand\" \/>\n<meta property=\"article:modified_time\" content=\"2026-04-19T00:07:04+00:00\" \/>\n<meta property=\"og:image\" content=\"https:\/\/schweizversand.ch\/wp-content\/uploads\/2026\/02\/5471819359.png\" \/>\n\t<meta property=\"og:image:width\" content=\"707\" \/>\n\t<meta property=\"og:image:height\" content=\"1024\" \/>\n\t<meta property=\"og:image:type\" content=\"image\/png\" \/>\n<meta name=\"twitter:card\" content=\"summary_large_image\" \/>\n<meta name=\"twitter:label1\" content=\"Tempo di lettura stimato\" \/>\n\t<meta name=\"twitter:data1\" content=\"1 minuto\" \/>\n<script type=\"application\/ld+json\" class=\"yoast-schema-graph\">{\"@context\":\"https:\\\/\\\/schema.org\",\"@graph\":[{\"@type\":\"WebPage\",\"@id\":\"https:\\\/\\\/schweizversand.ch\\\/it\\\/produkt\\\/vollmar-stumpenkerze\\\/\",\"url\":\"https:\\\/\\\/schweizversand.ch\\\/it\\\/produkt\\\/vollmar-stumpenkerze\\\/\",\"name\":\"Vollmar Stumpenkerze\",\"isPartOf\":{\"@id\":\"https:\\\/\\\/schweizversand.ch\\\/it\\\/#website\"},\"primaryImageOfPage\":{\"@id\":\"https:\\\/\\\/schweizversand.ch\\\/it\\\/produkt\\\/vollmar-stumpenkerze\\\/#primaryimage\"},\"image\":{\"@id\":\"https:\\\/\\\/schweizversand.ch\\\/it\\\/produkt\\\/vollmar-stumpenkerze\\\/#primaryimage\"},\"thumbnailUrl\":\"https:\\\/\\\/schweizversand.ch\\\/wp-content\\\/uploads\\\/2026\\\/02\\\/5471819359.png\",\"datePublished\":\"2026-03-14T22:21:50+00:00\",\"dateModified\":\"2026-04-19T00:07:04+00:00\",\"description\":\"Stumpenkerze 5x10 cm getaucht \u2013 Schlichte Eleganz Entdecken Sie die zeitlose Sch\u00f6nheit der Stumpenkerze 10cm , die durch ihre schlichte Eleganz und hohe Qualit\u00e4\",\"breadcrumb\":{\"@id\":\"https:\\\/\\\/schweizversand.ch\\\/it\\\/produkt\\\/vollmar-stumpenkerze\\\/#breadcrumb\"},\"inLanguage\":\"it-IT\",\"potentialAction\":[{\"@type\":\"ReadAction\",\"target\":[\"https:\\\/\\\/schweizversand.ch\\\/it\\\/produkt\\\/vollmar-stumpenkerze\\\/\"]}]},{\"@type\":\"ImageObject\",\"inLanguage\":\"it-IT\",\"@id\":\"https:\\\/\\\/schweizversand.ch\\\/it\\\/produkt\\\/vollmar-stumpenkerze\\\/#primaryimage\",\"url\":\"https:\\\/\\\/schweizversand.ch\\\/wp-content\\\/uploads\\\/2026\\\/02\\\/5471819359.png\",\"contentUrl\":\"https:\\\/\\\/schweizversand.ch\\\/wp-content\\\/uploads\\\/2026\\\/02\\\/5471819359.png\",\"width\":707,\"height\":1024},{\"@type\":\"BreadcrumbList\",\"@id\":\"https:\\\/\\\/schweizversand.ch\\\/it\\\/produkt\\\/vollmar-stumpenkerze\\\/#breadcrumb\",\"itemListElement\":[{\"@type\":\"ListItem\",\"position\":1,\"name\":\"Startseite\",\"item\":\"https:\\\/\\\/schweizversand.ch\\\/it\\\/home\\\/\"},{\"@type\":\"ListItem\",\"position\":2,\"name\":\"Shop\",\"item\":\"https:\\\/\\\/schweizversand.ch\\\/it\\\/shop\\\/\"},{\"@type\":\"ListItem\",\"position\":3,\"name\":\"Home\",\"item\":\"https:\\\/\\\/schweizversand.ch\\\/it\\\/produkt-kategorie\\\/home\\\/\"},{\"@type\":\"ListItem\",\"position\":4,\"name\":\"Decorazioni e accessori\",\"item\":\"https:\\\/\\\/schweizversand.ch\\\/it\\\/produkt-kategorie\\\/home\\\/decorazioni-e-accessori\\\/\"},{\"@type\":\"ListItem\",\"position\":5,\"name\":\"Candele e fuoco\",\"item\":\"https:\\\/\\\/schweizversand.ch\\\/it\\\/produkt-kategorie\\\/home\\\/decorazioni-e-accessori\\\/kerzen-feuer\\\/\"},{\"@type\":\"ListItem\",\"position\":6,\"name\":\"Candela a colonna Vollmar\"}]},{\"@type\":\"WebSite\",\"@id\":\"https:\\\/\\\/schweizversand.ch\\\/it\\\/#website\",\"url\":\"https:\\\/\\\/schweizversand.ch\\\/it\\\/\",\"name\":\"Schweizer Shop f\u00fcr Sport, Spiel und Freizeit\",\"description\":\"Gratisversand ab 50.- (netto), ab eigenem schweizer Lager, Lieferung innert 48h\",\"publisher\":{\"@id\":\"https:\\\/\\\/schweizversand.ch\\\/it\\\/#organization\"},\"alternateName\":\"Schweizversand.ch\",\"potentialAction\":[{\"@type\":\"SearchAction\",\"target\":{\"@type\":\"EntryPoint\",\"urlTemplate\":\"https:\\\/\\\/schweizversand.ch\\\/it\\\/?s={search_term_string}\"},\"query-input\":{\"@type\":\"PropertyValueSpecification\",\"valueRequired\":true,\"valueName\":\"search_term_string\"}}],\"inLanguage\":\"it-IT\"},{\"@type\":\"Organization\",\"@id\":\"https:\\\/\\\/schweizversand.ch\\\/it\\\/#organization\",\"name\":\"Schweizversand.ch\",\"url\":\"https:\\\/\\\/schweizversand.ch\\\/it\\\/\",\"logo\":{\"@type\":\"ImageObject\",\"inLanguage\":\"it-IT\",\"@id\":\"https:\\\/\\\/schweizversand.ch\\\/it\\\/#\\\/schema\\\/logo\\\/image\\\/\",\"url\":\"https:\\\/\\\/schweizversand.ch\\\/wp-content\\\/uploads\\\/2026\\\/03\\\/Logo_Rund_Final-1.png\",\"contentUrl\":\"https:\\\/\\\/schweizversand.ch\\\/wp-content\\\/uploads\\\/2026\\\/03\\\/Logo_Rund_Final-1.png\",\"width\":404,\"height\":404,\"caption\":\"Schweizversand.ch\"},\"image\":{\"@id\":\"https:\\\/\\\/schweizversand.ch\\\/it\\\/#\\\/schema\\\/logo\\\/image\\\/\"},\"sameAs\":[\"https:\\\/\\\/www.facebook.com\\\/Schweizversand\",\"https:\\\/\\\/www.instagram.com\\\/schweizversand.ch\\\/\"]}]}<\/script>\n<!-- \/ Yoast SEO plugin. -->","yoast_head_json":{"title":"Vollmar Stumpenkerze","description":"Stumpenkerze 5x10 cm getaucht \u2013 Schlichte Eleganz Entdecken Sie die zeitlose Sch\u00f6nheit der Stumpenkerze 10cm , die durch ihre schlichte Eleganz und hohe Qualit\u00e4","robots":{"index":"index","follow":"follow","max-snippet":"max-snippet:-1","max-image-preview":"max-image-preview:large","max-video-preview":"max-video-preview:-1"},"canonical":"https:\/\/schweizversand.ch\/it\/produkt\/vollmar-stumpenkerze\/","og_locale":"it_IT","og_type":"article","og_title":"Vollmar Stumpenkerze","og_description":"Stumpenkerze 5x10 cm getaucht \u2013 Schlichte Eleganz Entdecken Sie die zeitlose Sch\u00f6nheit der Stumpenkerze 10cm , die durch ihre schlichte Eleganz und hohe Qualit\u00e4","og_url":"https:\/\/schweizversand.ch\/it\/produkt\/vollmar-stumpenkerze\/","og_site_name":"Schweizer Shop f\u00fcr Sport, Spiel und Freizeit","article_publisher":"https:\/\/www.facebook.com\/Schweizversand","article_modified_time":"2026-04-19T00:07:04+00:00","og_image":[{"width":707,"height":1024,"url":"https:\/\/schweizversand.ch\/wp-content\/uploads\/2026\/02\/5471819359.png","type":"image\/png"}],"twitter_card":"summary_large_image","twitter_misc":{"Tempo di lettura stimato":"1 minuto"},"schema":{"@context":"https:\/\/schema.org","@graph":[{"@type":"WebPage","@id":"https:\/\/schweizversand.ch\/it\/produkt\/vollmar-stumpenkerze\/","url":"https:\/\/schweizversand.ch\/it\/produkt\/vollmar-stumpenkerze\/","name":"Vollmar Stumpenkerze","isPartOf":{"@id":"https:\/\/schweizversand.ch\/it\/#website"},"primaryImageOfPage":{"@id":"https:\/\/schweizversand.ch\/it\/produkt\/vollmar-stumpenkerze\/#primaryimage"},"image":{"@id":"https:\/\/schweizversand.ch\/it\/produkt\/vollmar-stumpenkerze\/#primaryimage"},"thumbnailUrl":"https:\/\/schweizversand.ch\/wp-content\/uploads\/2026\/02\/5471819359.png","datePublished":"2026-03-14T22:21:50+00:00","dateModified":"2026-04-19T00:07:04+00:00","description":"Stumpenkerze 5x10 cm getaucht \u2013 Schlichte Eleganz Entdecken Sie die zeitlose Sch\u00f6nheit der Stumpenkerze 10cm , die durch ihre schlichte Eleganz und hohe Qualit\u00e4","breadcrumb":{"@id":"https:\/\/schweizversand.ch\/it\/produkt\/vollmar-stumpenkerze\/#breadcrumb"},"inLanguage":"it-IT","potentialAction":[{"@type":"ReadAction","target":["https:\/\/schweizversand.ch\/it\/produkt\/vollmar-stumpenkerze\/"]}]},{"@type":"ImageObject","inLanguage":"it-IT","@id":"https:\/\/schweizversand.ch\/it\/produkt\/vollmar-stumpenkerze\/#primaryimage","url":"https:\/\/schweizversand.ch\/wp-content\/uploads\/2026\/02\/5471819359.png","contentUrl":"https:\/\/schweizversand.ch\/wp-content\/uploads\/2026\/02\/5471819359.png","width":707,"height":1024},{"@type":"BreadcrumbList","@id":"https:\/\/schweizversand.ch\/it\/produkt\/vollmar-stumpenkerze\/#breadcrumb","itemListElement":[{"@type":"ListItem","position":1,"name":"Startseite","item":"https:\/\/schweizversand.ch\/it\/home\/"},{"@type":"ListItem","position":2,"name":"Shop","item":"https:\/\/schweizversand.ch\/it\/shop\/"},{"@type":"ListItem","position":3,"name":"Home","item":"https:\/\/schweizversand.ch\/it\/produkt-kategorie\/home\/"},{"@type":"ListItem","position":4,"name":"Decorazioni e accessori","item":"https:\/\/schweizversand.ch\/it\/produkt-kategorie\/home\/decorazioni-e-accessori\/"},{"@type":"ListItem","position":5,"name":"Candele e fuoco","item":"https:\/\/schweizversand.ch\/it\/produkt-kategorie\/home\/decorazioni-e-accessori\/kerzen-feuer\/"},{"@type":"ListItem","position":6,"name":"Candela a colonna Vollmar"}]},{"@type":"WebSite","@id":"https:\/\/schweizversand.ch\/it\/#website","url":"https:\/\/schweizversand.ch\/it\/","name":"Schweizer Shop f\u00fcr Sport, Spiel und Freizeit","description":"Gratisversand ab 50.- (netto), ab eigenem schweizer Lager, Lieferung innert 48h","publisher":{"@id":"https:\/\/schweizversand.ch\/it\/#organization"},"alternateName":"Schweizversand.ch","potentialAction":[{"@type":"SearchAction","target":{"@type":"EntryPoint","urlTemplate":"https:\/\/schweizversand.ch\/it\/?s={search_term_string}"},"query-input":{"@type":"PropertyValueSpecification","valueRequired":true,"valueName":"search_term_string"}}],"inLanguage":"it-IT"},{"@type":"Organization","@id":"https:\/\/schweizversand.ch\/it\/#organization","name":"Schweizversand.ch","url":"https:\/\/schweizversand.ch\/it\/","logo":{"@type":"ImageObject","inLanguage":"it-IT","@id":"https:\/\/schweizversand.ch\/it\/#\/schema\/logo\/image\/","url":"https:\/\/schweizversand.ch\/wp-content\/uploads\/2026\/03\/Logo_Rund_Final-1.png","contentUrl":"https:\/\/schweizversand.ch\/wp-content\/uploads\/2026\/03\/Logo_Rund_Final-1.png","width":404,"height":404,"caption":"Schweizversand.ch"},"image":{"@id":"https:\/\/schweizversand.ch\/it\/#\/schema\/logo\/image\/"},"sameAs":["https:\/\/www.facebook.com\/Schweizversand","https:\/\/www.instagram.com\/schweizversand.ch\/"]}]}},"jetpack_sharing_enabled":true,"_links":{"self":[{"href":"https:\/\/schweizversand.ch\/it\/wp-json\/wp\/v2\/product\/260956","targetHints":{"allow":["GET"]}}],"collection":[{"href":"https:\/\/schweizversand.ch\/it\/wp-json\/wp\/v2\/product"}],"about":[{"href":"https:\/\/schweizversand.ch\/it\/wp-json\/wp\/v2\/types\/product"}],"replies":[{"embeddable":true,"href":"https:\/\/schweizversand.ch\/it\/wp-json\/wp\/v2\/comments?post=260956"}],"wp:featuredmedia":[{"embeddable":true,"href":"https:\/\/schweizversand.ch\/it\/wp-json\/wp\/v2\/media\/165254"}],"wp:attachment":[{"href":"https:\/\/schweizversand.ch\/it\/wp-json\/wp\/v2\/media?parent=260956"}],"wp:term":[{"taxonomy":"product_brand","embeddable":true,"href":"https:\/\/schweizversand.ch\/it\/wp-json\/wp\/v2\/product_brand?post=260956"},{"taxonomy":"product_cat","embeddable":true,"href":"https:\/\/schweizversand.ch\/it\/wp-json\/wp\/v2\/product_cat?post=260956"},{"taxonomy":"product_tag","embeddable":true,"href":"https:\/\/schweizversand.ch\/it\/wp-json\/wp\/v2\/product_tag?post=260956"}],"curies":[{"name":"wp","href":"https:\/\/api.w.org\/{rel}","templated":true}]}}