{"id":260965,"date":"2026-03-15T00:57:20","date_gmt":"2026-03-14T23:57:20","guid":{"rendered":"https:\/\/schweizversand.ch\/produkt\/trespass-squidge-ii-damen-softshell-hosen-groesse-xxs\/"},"modified":"2026-04-12T02:11:32","modified_gmt":"2026-04-12T00:11:32","slug":"trespass-squidge-ii-damen-softshell-hosen-groesse-xxs","status":"publish","type":"product","link":"https:\/\/schweizversand.ch\/it\/produkt\/trespass-squidge-ii-damen-softshell-hosen-groesse-xxs\/","title":{"rendered":"Trespass SQUIDGE II &#8211; Pantaloni softshell da donna"},"content":{"rendered":"<p>Scopri la combinazione perfetta di stile, funzionalit\u00e0 e le ultime innovazioni tecnologiche!<\/p>\n<\/p>\n<p>Questi pantaloni non offrono solo un design alla moda, ma anche una variet\u00e0 di caratteristiche pratiche che aggiungeranno una nuova dimensione alle tue esperienze all&#8217;aria aperta.<\/p>\n<\/p>\n<p>Dotati di due tasche con cerniera, avrai tutto lo spazio necessario per i tuoi oggetti essenziali, mentre i regolatori laterali in vita e le ginocchia ergonomiche garantiscono una vestibilit\u00e0 personalizzata.<\/p>\n<\/p>\n<p>Grazie alle cerniere laterali sulle gambe con rinforzi alle caviglie, puoi indossare e togliere facilmente i pantaloni, anche con le scarpe.<\/p>\n<\/p>\n<p>Realizzati in un tessuto softshell di alta qualit\u00e0 con texture intrecciata e una miscela di 94% poliestere e 6% elastan, offrono la massima libert\u00e0 di movimento e comfort.<\/p>\n<\/p>\n<p>&#8220;` Con un grado di impermeabilit\u00e0 di 2000 mm e una traspirabilit\u00e0 di 3000 mvp, sei perfettamente equipaggiato per qualsiasi condizione atmosferica. Scopri il perfetto equilibrio tra stile e funzionalit\u00e0: acquista subito i nostri pantaloni tecnici e parti!<\/p>\n<\/p>\n<p>Composizione del materiale:<\/p>\n<\/p>\n<p>\u2022 Tessuto<\/p>\n<\/p>\n<p>\u2022 94% poliestere \/ 6% elastan<\/p>\n<\/p>\n<p>Propriet\u00e0 del materiale:<\/p>\n<\/p>\n<p>\u2022 Impermeabilit\u00e0: 2000 mm<\/p>\n<\/p>\n<p>\u2022 Traspirabilit\u00e0: 3000 mvp<\/p>\n","protected":false},"excerpt":{"rendered":"<p>Trespass SQUIDGE II &#8211; Damen Softshell Hosen bieten perfekte Passform, flexible Bewegungsfreiheit und praktische Rei\u00dfverschl\u00fcsse f\u00fcr komfortable Outdoor-Abenteuer bei jedem Wetter.<\/p>\n","protected":false},"featured_media":244036,"comment_status":"open","ping_status":"closed","template":"","meta":[],"product_brand":[],"product_cat":[38992],"product_tag":[],"class_list":{"0":"post-260965","1":"product","2":"type-product","3":"status-publish","4":"has-post-thumbnail","6":"product_cat-trekking-zubehoer","7":"product_shipping_class-global_methods","9":"first","10":"instock","11":"taxable","12":"shipping-taxable","13":"purchasable","14":"product-type-simple"},"yoast_head":"<!-- This site is optimized with the Yoast SEO plugin v27.3 - https:\/\/yoast.com\/product\/yoast-seo-wordpress\/ -->\n<title>Trespass SQUIDGE II - Damen Softshell Hosen (Gr\u00f6sse XXS)<\/title>\n<meta name=\"description\" content=\"Bei diesem Artikel handelt es sich um eine Retoure . Die Softshellhose kann leichte Gebrauchsspuren aufweisen, ist jedoch ansonsten einwandfrei und voll funktio\" \/>\n<meta name=\"robots\" content=\"index, follow, max-snippet:-1, max-image-preview:large, max-video-preview:-1\" \/>\n<link rel=\"canonical\" href=\"https:\/\/schweizversand.ch\/it\/produkt\/trespass-squidge-ii-damen-softshell-hosen-groesse-xxs\/\" \/>\n<meta property=\"og:locale\" content=\"it_IT\" \/>\n<meta property=\"og:type\" content=\"article\" \/>\n<meta property=\"og:title\" content=\"Trespass SQUIDGE II - Damen Softshell Hosen (Gr\u00f6sse XXS)\" \/>\n<meta property=\"og:description\" content=\"Bei diesem Artikel handelt es sich um eine Retoure . Die Softshellhose kann leichte Gebrauchsspuren aufweisen, ist jedoch ansonsten einwandfrei und voll funktio\" \/>\n<meta property=\"og:url\" content=\"https:\/\/schweizversand.ch\/it\/produkt\/trespass-squidge-ii-damen-softshell-hosen-groesse-xxs\/\" \/>\n<meta property=\"og:site_name\" content=\"Schweizer Shop f\u00fcr Sport, Spiel und Freizeit\" \/>\n<meta property=\"article:publisher\" content=\"https:\/\/www.facebook.com\/Schweizversand\" \/>\n<meta property=\"article:modified_time\" content=\"2026-04-12T00:11:32+00:00\" \/>\n<meta property=\"og:image\" content=\"https:\/\/schweizversand.ch\/wp-content\/uploads\/2026\/03\/5567897684.jpg\" \/>\n\t<meta property=\"og:image:width\" content=\"810\" \/>\n\t<meta property=\"og:image:height\" content=\"1080\" \/>\n\t<meta property=\"og:image:type\" content=\"image\/jpeg\" \/>\n<meta name=\"twitter:card\" content=\"summary_large_image\" \/>\n<meta name=\"twitter:label1\" content=\"Tempo di lettura stimato\" \/>\n\t<meta name=\"twitter:data1\" content=\"1 minuto\" \/>\n<script type=\"application\/ld+json\" class=\"yoast-schema-graph\">{\"@context\":\"https:\\\/\\\/schema.org\",\"@graph\":[{\"@type\":\"WebPage\",\"@id\":\"https:\\\/\\\/schweizversand.ch\\\/it\\\/produkt\\\/trespass-squidge-ii-damen-softshell-hosen-groesse-xxs\\\/\",\"url\":\"https:\\\/\\\/schweizversand.ch\\\/it\\\/produkt\\\/trespass-squidge-ii-damen-softshell-hosen-groesse-xxs\\\/\",\"name\":\"Trespass SQUIDGE II - Damen Softshell Hosen (Gr\u00f6sse XXS)\",\"isPartOf\":{\"@id\":\"https:\\\/\\\/schweizversand.ch\\\/it\\\/#website\"},\"primaryImageOfPage\":{\"@id\":\"https:\\\/\\\/schweizversand.ch\\\/it\\\/produkt\\\/trespass-squidge-ii-damen-softshell-hosen-groesse-xxs\\\/#primaryimage\"},\"image\":{\"@id\":\"https:\\\/\\\/schweizversand.ch\\\/it\\\/produkt\\\/trespass-squidge-ii-damen-softshell-hosen-groesse-xxs\\\/#primaryimage\"},\"thumbnailUrl\":\"https:\\\/\\\/schweizversand.ch\\\/wp-content\\\/uploads\\\/2026\\\/03\\\/5567897684.jpg\",\"datePublished\":\"2026-03-14T23:57:20+00:00\",\"dateModified\":\"2026-04-12T00:11:32+00:00\",\"description\":\"Bei diesem Artikel handelt es sich um eine Retoure . Die Softshellhose kann leichte Gebrauchsspuren aufweisen, ist jedoch ansonsten einwandfrei und voll funktio\",\"breadcrumb\":{\"@id\":\"https:\\\/\\\/schweizversand.ch\\\/it\\\/produkt\\\/trespass-squidge-ii-damen-softshell-hosen-groesse-xxs\\\/#breadcrumb\"},\"inLanguage\":\"it-IT\",\"potentialAction\":[{\"@type\":\"ReadAction\",\"target\":[\"https:\\\/\\\/schweizversand.ch\\\/it\\\/produkt\\\/trespass-squidge-ii-damen-softshell-hosen-groesse-xxs\\\/\"]}]},{\"@type\":\"ImageObject\",\"inLanguage\":\"it-IT\",\"@id\":\"https:\\\/\\\/schweizversand.ch\\\/it\\\/produkt\\\/trespass-squidge-ii-damen-softshell-hosen-groesse-xxs\\\/#primaryimage\",\"url\":\"https:\\\/\\\/schweizversand.ch\\\/wp-content\\\/uploads\\\/2026\\\/03\\\/5567897684.jpg\",\"contentUrl\":\"https:\\\/\\\/schweizversand.ch\\\/wp-content\\\/uploads\\\/2026\\\/03\\\/5567897684.jpg\",\"width\":810,\"height\":1080},{\"@type\":\"BreadcrumbList\",\"@id\":\"https:\\\/\\\/schweizversand.ch\\\/it\\\/produkt\\\/trespass-squidge-ii-damen-softshell-hosen-groesse-xxs\\\/#breadcrumb\",\"itemListElement\":[{\"@type\":\"ListItem\",\"position\":1,\"name\":\"Startseite\",\"item\":\"https:\\\/\\\/schweizversand.ch\\\/it\\\/\"},{\"@type\":\"ListItem\",\"position\":2,\"name\":\"Shop\",\"item\":\"https:\\\/\\\/schweizversand.ch\\\/it\\\/shop\\\/\"},{\"@type\":\"ListItem\",\"position\":3,\"name\":\"Trespass SQUIDGE II &#8211; Pantaloni softshell da donna\"}]},{\"@type\":\"WebSite\",\"@id\":\"https:\\\/\\\/schweizversand.ch\\\/it\\\/#website\",\"url\":\"https:\\\/\\\/schweizversand.ch\\\/it\\\/\",\"name\":\"Schweizer Shop f\u00fcr Sport, Spiel und Freizeit\",\"description\":\"Gratisversand ab 50.- (netto), ab eigenem schweizer Lager, Lieferung innert 48h\",\"publisher\":{\"@id\":\"https:\\\/\\\/schweizversand.ch\\\/it\\\/#organization\"},\"alternateName\":\"Schweizversand.ch\",\"potentialAction\":[{\"@type\":\"SearchAction\",\"target\":{\"@type\":\"EntryPoint\",\"urlTemplate\":\"https:\\\/\\\/schweizversand.ch\\\/it\\\/?s={search_term_string}\"},\"query-input\":{\"@type\":\"PropertyValueSpecification\",\"valueRequired\":true,\"valueName\":\"search_term_string\"}}],\"inLanguage\":\"it-IT\"},{\"@type\":\"Organization\",\"@id\":\"https:\\\/\\\/schweizversand.ch\\\/it\\\/#organization\",\"name\":\"Schweizversand.ch\",\"url\":\"https:\\\/\\\/schweizversand.ch\\\/it\\\/\",\"logo\":{\"@type\":\"ImageObject\",\"inLanguage\":\"it-IT\",\"@id\":\"https:\\\/\\\/schweizversand.ch\\\/it\\\/#\\\/schema\\\/logo\\\/image\\\/\",\"url\":\"https:\\\/\\\/schweizversand.ch\\\/wp-content\\\/uploads\\\/2026\\\/03\\\/Logo_Rund_Final-1.png\",\"contentUrl\":\"https:\\\/\\\/schweizversand.ch\\\/wp-content\\\/uploads\\\/2026\\\/03\\\/Logo_Rund_Final-1.png\",\"width\":404,\"height\":404,\"caption\":\"Schweizversand.ch\"},\"image\":{\"@id\":\"https:\\\/\\\/schweizversand.ch\\\/it\\\/#\\\/schema\\\/logo\\\/image\\\/\"},\"sameAs\":[\"https:\\\/\\\/www.facebook.com\\\/Schweizversand\",\"https:\\\/\\\/www.instagram.com\\\/schweizversand.ch\\\/\"]}]}<\/script>\n<!-- \/ Yoast SEO plugin. -->","yoast_head_json":{"title":"Trespass SQUIDGE II - Damen Softshell Hosen (Gr\u00f6sse XXS)","description":"Bei diesem Artikel handelt es sich um eine Retoure . Die Softshellhose kann leichte Gebrauchsspuren aufweisen, ist jedoch ansonsten einwandfrei und voll funktio","robots":{"index":"index","follow":"follow","max-snippet":"max-snippet:-1","max-image-preview":"max-image-preview:large","max-video-preview":"max-video-preview:-1"},"canonical":"https:\/\/schweizversand.ch\/it\/produkt\/trespass-squidge-ii-damen-softshell-hosen-groesse-xxs\/","og_locale":"it_IT","og_type":"article","og_title":"Trespass SQUIDGE II - Damen Softshell Hosen (Gr\u00f6sse XXS)","og_description":"Bei diesem Artikel handelt es sich um eine Retoure . Die Softshellhose kann leichte Gebrauchsspuren aufweisen, ist jedoch ansonsten einwandfrei und voll funktio","og_url":"https:\/\/schweizversand.ch\/it\/produkt\/trespass-squidge-ii-damen-softshell-hosen-groesse-xxs\/","og_site_name":"Schweizer Shop f\u00fcr Sport, Spiel und Freizeit","article_publisher":"https:\/\/www.facebook.com\/Schweizversand","article_modified_time":"2026-04-12T00:11:32+00:00","og_image":[{"width":810,"height":1080,"url":"https:\/\/schweizversand.ch\/wp-content\/uploads\/2026\/03\/5567897684.jpg","type":"image\/jpeg"}],"twitter_card":"summary_large_image","twitter_misc":{"Tempo di lettura stimato":"1 minuto"},"schema":{"@context":"https:\/\/schema.org","@graph":[{"@type":"WebPage","@id":"https:\/\/schweizversand.ch\/it\/produkt\/trespass-squidge-ii-damen-softshell-hosen-groesse-xxs\/","url":"https:\/\/schweizversand.ch\/it\/produkt\/trespass-squidge-ii-damen-softshell-hosen-groesse-xxs\/","name":"Trespass SQUIDGE II - Damen Softshell Hosen (Gr\u00f6sse XXS)","isPartOf":{"@id":"https:\/\/schweizversand.ch\/it\/#website"},"primaryImageOfPage":{"@id":"https:\/\/schweizversand.ch\/it\/produkt\/trespass-squidge-ii-damen-softshell-hosen-groesse-xxs\/#primaryimage"},"image":{"@id":"https:\/\/schweizversand.ch\/it\/produkt\/trespass-squidge-ii-damen-softshell-hosen-groesse-xxs\/#primaryimage"},"thumbnailUrl":"https:\/\/schweizversand.ch\/wp-content\/uploads\/2026\/03\/5567897684.jpg","datePublished":"2026-03-14T23:57:20+00:00","dateModified":"2026-04-12T00:11:32+00:00","description":"Bei diesem Artikel handelt es sich um eine Retoure . Die Softshellhose kann leichte Gebrauchsspuren aufweisen, ist jedoch ansonsten einwandfrei und voll funktio","breadcrumb":{"@id":"https:\/\/schweizversand.ch\/it\/produkt\/trespass-squidge-ii-damen-softshell-hosen-groesse-xxs\/#breadcrumb"},"inLanguage":"it-IT","potentialAction":[{"@type":"ReadAction","target":["https:\/\/schweizversand.ch\/it\/produkt\/trespass-squidge-ii-damen-softshell-hosen-groesse-xxs\/"]}]},{"@type":"ImageObject","inLanguage":"it-IT","@id":"https:\/\/schweizversand.ch\/it\/produkt\/trespass-squidge-ii-damen-softshell-hosen-groesse-xxs\/#primaryimage","url":"https:\/\/schweizversand.ch\/wp-content\/uploads\/2026\/03\/5567897684.jpg","contentUrl":"https:\/\/schweizversand.ch\/wp-content\/uploads\/2026\/03\/5567897684.jpg","width":810,"height":1080},{"@type":"BreadcrumbList","@id":"https:\/\/schweizversand.ch\/it\/produkt\/trespass-squidge-ii-damen-softshell-hosen-groesse-xxs\/#breadcrumb","itemListElement":[{"@type":"ListItem","position":1,"name":"Startseite","item":"https:\/\/schweizversand.ch\/it\/"},{"@type":"ListItem","position":2,"name":"Shop","item":"https:\/\/schweizversand.ch\/it\/shop\/"},{"@type":"ListItem","position":3,"name":"Trespass SQUIDGE II &#8211; Pantaloni softshell da donna"}]},{"@type":"WebSite","@id":"https:\/\/schweizversand.ch\/it\/#website","url":"https:\/\/schweizversand.ch\/it\/","name":"Schweizer Shop f\u00fcr Sport, Spiel und Freizeit","description":"Gratisversand ab 50.- (netto), ab eigenem schweizer Lager, Lieferung innert 48h","publisher":{"@id":"https:\/\/schweizversand.ch\/it\/#organization"},"alternateName":"Schweizversand.ch","potentialAction":[{"@type":"SearchAction","target":{"@type":"EntryPoint","urlTemplate":"https:\/\/schweizversand.ch\/it\/?s={search_term_string}"},"query-input":{"@type":"PropertyValueSpecification","valueRequired":true,"valueName":"search_term_string"}}],"inLanguage":"it-IT"},{"@type":"Organization","@id":"https:\/\/schweizversand.ch\/it\/#organization","name":"Schweizversand.ch","url":"https:\/\/schweizversand.ch\/it\/","logo":{"@type":"ImageObject","inLanguage":"it-IT","@id":"https:\/\/schweizversand.ch\/it\/#\/schema\/logo\/image\/","url":"https:\/\/schweizversand.ch\/wp-content\/uploads\/2026\/03\/Logo_Rund_Final-1.png","contentUrl":"https:\/\/schweizversand.ch\/wp-content\/uploads\/2026\/03\/Logo_Rund_Final-1.png","width":404,"height":404,"caption":"Schweizversand.ch"},"image":{"@id":"https:\/\/schweizversand.ch\/it\/#\/schema\/logo\/image\/"},"sameAs":["https:\/\/www.facebook.com\/Schweizversand","https:\/\/www.instagram.com\/schweizversand.ch\/"]}]}},"jetpack_sharing_enabled":true,"_links":{"self":[{"href":"https:\/\/schweizversand.ch\/it\/wp-json\/wp\/v2\/product\/260965","targetHints":{"allow":["GET"]}}],"collection":[{"href":"https:\/\/schweizversand.ch\/it\/wp-json\/wp\/v2\/product"}],"about":[{"href":"https:\/\/schweizversand.ch\/it\/wp-json\/wp\/v2\/types\/product"}],"replies":[{"embeddable":true,"href":"https:\/\/schweizversand.ch\/it\/wp-json\/wp\/v2\/comments?post=260965"}],"wp:featuredmedia":[{"embeddable":true,"href":"https:\/\/schweizversand.ch\/it\/wp-json\/wp\/v2\/media\/244036"}],"wp:attachment":[{"href":"https:\/\/schweizversand.ch\/it\/wp-json\/wp\/v2\/media?parent=260965"}],"wp:term":[{"taxonomy":"product_brand","embeddable":true,"href":"https:\/\/schweizversand.ch\/it\/wp-json\/wp\/v2\/product_brand?post=260965"},{"taxonomy":"product_cat","embeddable":true,"href":"https:\/\/schweizversand.ch\/it\/wp-json\/wp\/v2\/product_cat?post=260965"},{"taxonomy":"product_tag","embeddable":true,"href":"https:\/\/schweizversand.ch\/it\/wp-json\/wp\/v2\/product_tag?post=260965"}],"curies":[{"name":"wp","href":"https:\/\/api.w.org\/{rel}","templated":true}]}}