{"id":260968,"date":"2026-03-15T00:57:23","date_gmt":"2026-03-14T23:57:23","guid":{"rendered":"https:\/\/schweizversand.ch\/produkt\/trespass-rested-kinderschlafsack\/"},"modified":"2026-04-19T02:07:12","modified_gmt":"2026-04-19T00:07:12","slug":"trespass-rested-kinderschlafsack","status":"publish","type":"product","link":"https:\/\/schweizversand.ch\/it\/produkt\/trespass-rested-kinderschlafsack\/","title":{"rendered":"Sacco a pelo per bambini Trespass RESTED"},"content":{"rendered":"<p>Sacco a pelo per bambini Rested: caldo, confortevole e pronto per qualsiasi avventura<\/p>\n<\/p>\n<p>Che sia in campeggio o per il prossimo pigiama party, il sacco a pelo per bambini Rested garantisce notti accoglienti in qualsiasi situazione. Con il suo materiale esterno resistente, la morbida fodera interna e la calda imbottitura, tutti realizzati in 100% poliestere, \u00e8 ideale per i bambini che desiderano vivere l&#8217;esperienza all&#8217;aria aperta.<\/p>\n<\/p>\n<p>Grazie alla sua forma rettangolare (160 x 65 cm), il sacco a pelo offre ampio spazio e libert\u00e0 di movimento. La pratica cerniera a doppio cursore consente una facile ventilazione, a seconda della temperatura.<\/p>\n<\/p>\n<p>Intervallo di comfort: 1 \u00b0C \/ Limite superiore: 6 \u00b0C \/ Limite inferiore: -10 \u00b0C &#8211; perfetto per tre stagioni.<\/p>\n<\/p>\n<p>Caratteristiche:<\/p>\n<\/p>\n<p>\u2022 Sacco a pelo 3 stagioni per bambini<\/p>\n<\/p>\n<p>\u2022 Comoda forma a coperta per una maggiore libert\u00e0 di movimento<\/p>\n<\/p>\n<p>\u2022 Facile da pulire e resistente (100% poliestere)<\/p>\n<\/p>\n<p>\u2022 Design unisex per bambine e bambini<\/p>\n","protected":false},"excerpt":{"rendered":"<p>Trespass RESTED Kinderschlafsack bietet warmen Komfort bis 1 \u00b0C, viel Platz und robuste Qualit\u00e4t \u2013 ideal f\u00fcr Abenteuer und \u00dcbernachtungen mit praktischem 2-Wege-Rei\u00dfverschluss.<\/p>\n","protected":false},"featured_media":244087,"comment_status":"open","ping_status":"closed","template":"","meta":[],"product_brand":[],"product_cat":[38760],"product_tag":[],"class_list":{"0":"post-260968","1":"product","2":"type-product","3":"status-publish","4":"has-post-thumbnail","6":"product_cat-campingartikel","7":"product_shipping_class-global_methods","9":"first","10":"instock","11":"taxable","12":"shipping-taxable","13":"purchasable","14":"product-type-simple"},"yoast_head":"<!-- This site is optimized with the Yoast SEO plugin v27.4 - https:\/\/yoast.com\/product\/yoast-seo-wordpress\/ -->\n<title>Trespass RESTED Kinderschlafsack<\/title>\n<meta name=\"description\" content=\"Bei diesem Artikel handelt es sich um ein Ausstellungsst\u00fcck , das daher leichte Gebrauchsspuren , wie zum Beispiel geringe Verschmutzungen, aufweisen kann. Die\" \/>\n<meta name=\"robots\" content=\"index, follow, max-snippet:-1, max-image-preview:large, max-video-preview:-1\" \/>\n<link rel=\"canonical\" href=\"https:\/\/schweizversand.ch\/it\/produkt\/trespass-rested-kinderschlafsack\/\" \/>\n<meta property=\"og:locale\" content=\"it_IT\" \/>\n<meta property=\"og:type\" content=\"article\" \/>\n<meta property=\"og:title\" content=\"Trespass RESTED Kinderschlafsack\" \/>\n<meta property=\"og:description\" content=\"Bei diesem Artikel handelt es sich um ein Ausstellungsst\u00fcck , das daher leichte Gebrauchsspuren , wie zum Beispiel geringe Verschmutzungen, aufweisen kann. Die\" \/>\n<meta property=\"og:url\" content=\"https:\/\/schweizversand.ch\/it\/produkt\/trespass-rested-kinderschlafsack\/\" \/>\n<meta property=\"og:site_name\" content=\"Schweizer Shop f\u00fcr Sport, Spiel und Freizeit\" \/>\n<meta property=\"article:publisher\" content=\"https:\/\/www.facebook.com\/Schweizversand\" \/>\n<meta property=\"article:modified_time\" content=\"2026-04-19T00:07:12+00:00\" \/>\n<meta property=\"og:image\" content=\"https:\/\/schweizversand.ch\/wp-content\/uploads\/2026\/03\/5471887724.jpg\" \/>\n\t<meta property=\"og:image:width\" content=\"732\" \/>\n\t<meta property=\"og:image:height\" content=\"1024\" \/>\n\t<meta property=\"og:image:type\" content=\"image\/jpeg\" \/>\n<meta name=\"twitter:card\" content=\"summary_large_image\" \/>\n<meta name=\"twitter:label1\" content=\"Tempo di lettura stimato\" \/>\n\t<meta name=\"twitter:data1\" content=\"1 minuto\" \/>\n<script type=\"application\/ld+json\" class=\"yoast-schema-graph\">{\"@context\":\"https:\\\/\\\/schema.org\",\"@graph\":[{\"@type\":\"WebPage\",\"@id\":\"https:\\\/\\\/schweizversand.ch\\\/it\\\/produkt\\\/trespass-rested-kinderschlafsack\\\/\",\"url\":\"https:\\\/\\\/schweizversand.ch\\\/it\\\/produkt\\\/trespass-rested-kinderschlafsack\\\/\",\"name\":\"Trespass RESTED Kinderschlafsack\",\"isPartOf\":{\"@id\":\"https:\\\/\\\/schweizversand.ch\\\/it\\\/#website\"},\"primaryImageOfPage\":{\"@id\":\"https:\\\/\\\/schweizversand.ch\\\/it\\\/produkt\\\/trespass-rested-kinderschlafsack\\\/#primaryimage\"},\"image\":{\"@id\":\"https:\\\/\\\/schweizversand.ch\\\/it\\\/produkt\\\/trespass-rested-kinderschlafsack\\\/#primaryimage\"},\"thumbnailUrl\":\"https:\\\/\\\/schweizversand.ch\\\/wp-content\\\/uploads\\\/2026\\\/03\\\/5471887724.jpg\",\"datePublished\":\"2026-03-14T23:57:23+00:00\",\"dateModified\":\"2026-04-19T00:07:12+00:00\",\"description\":\"Bei diesem Artikel handelt es sich um ein Ausstellungsst\u00fcck , das daher leichte Gebrauchsspuren , wie zum Beispiel geringe Verschmutzungen, aufweisen kann. Die\",\"breadcrumb\":{\"@id\":\"https:\\\/\\\/schweizversand.ch\\\/it\\\/produkt\\\/trespass-rested-kinderschlafsack\\\/#breadcrumb\"},\"inLanguage\":\"it-IT\",\"potentialAction\":[{\"@type\":\"ReadAction\",\"target\":[\"https:\\\/\\\/schweizversand.ch\\\/it\\\/produkt\\\/trespass-rested-kinderschlafsack\\\/\"]}]},{\"@type\":\"ImageObject\",\"inLanguage\":\"it-IT\",\"@id\":\"https:\\\/\\\/schweizversand.ch\\\/it\\\/produkt\\\/trespass-rested-kinderschlafsack\\\/#primaryimage\",\"url\":\"https:\\\/\\\/schweizversand.ch\\\/wp-content\\\/uploads\\\/2026\\\/03\\\/5471887724.jpg\",\"contentUrl\":\"https:\\\/\\\/schweizversand.ch\\\/wp-content\\\/uploads\\\/2026\\\/03\\\/5471887724.jpg\",\"width\":732,\"height\":1024},{\"@type\":\"BreadcrumbList\",\"@id\":\"https:\\\/\\\/schweizversand.ch\\\/it\\\/produkt\\\/trespass-rested-kinderschlafsack\\\/#breadcrumb\",\"itemListElement\":[{\"@type\":\"ListItem\",\"position\":1,\"name\":\"Startseite\",\"item\":\"https:\\\/\\\/schweizversand.ch\\\/it\\\/home\\\/\"},{\"@type\":\"ListItem\",\"position\":2,\"name\":\"Shop\",\"item\":\"https:\\\/\\\/schweizversand.ch\\\/it\\\/shop\\\/\"},{\"@type\":\"ListItem\",\"position\":3,\"name\":\"Prodotti di categoria B\",\"item\":\"https:\\\/\\\/schweizversand.ch\\\/it\\\/produkt-kategorie\\\/beni-di-categoria-b\\\/\"},{\"@type\":\"ListItem\",\"position\":4,\"name\":\"attrezzatura da campeggio\",\"item\":\"https:\\\/\\\/schweizversand.ch\\\/it\\\/produkt-kategorie\\\/beni-di-categoria-b\\\/campingartikel\\\/\"},{\"@type\":\"ListItem\",\"position\":5,\"name\":\"Sacco a pelo per bambini Trespass RESTED\"}]},{\"@type\":\"WebSite\",\"@id\":\"https:\\\/\\\/schweizversand.ch\\\/it\\\/#website\",\"url\":\"https:\\\/\\\/schweizversand.ch\\\/it\\\/\",\"name\":\"Schweizer Shop f\u00fcr Sport, Spiel und Freizeit\",\"description\":\"Gratisversand ab 50.- (netto), ab eigenem schweizer Lager, Lieferung innert 48h\",\"publisher\":{\"@id\":\"https:\\\/\\\/schweizversand.ch\\\/it\\\/#organization\"},\"alternateName\":\"Schweizversand.ch\",\"potentialAction\":[{\"@type\":\"SearchAction\",\"target\":{\"@type\":\"EntryPoint\",\"urlTemplate\":\"https:\\\/\\\/schweizversand.ch\\\/it\\\/?s={search_term_string}\"},\"query-input\":{\"@type\":\"PropertyValueSpecification\",\"valueRequired\":true,\"valueName\":\"search_term_string\"}}],\"inLanguage\":\"it-IT\"},{\"@type\":\"Organization\",\"@id\":\"https:\\\/\\\/schweizversand.ch\\\/it\\\/#organization\",\"name\":\"Schweizversand.ch\",\"url\":\"https:\\\/\\\/schweizversand.ch\\\/it\\\/\",\"logo\":{\"@type\":\"ImageObject\",\"inLanguage\":\"it-IT\",\"@id\":\"https:\\\/\\\/schweizversand.ch\\\/it\\\/#\\\/schema\\\/logo\\\/image\\\/\",\"url\":\"https:\\\/\\\/schweizversand.ch\\\/wp-content\\\/uploads\\\/2026\\\/03\\\/Logo_Rund_Final-1.png\",\"contentUrl\":\"https:\\\/\\\/schweizversand.ch\\\/wp-content\\\/uploads\\\/2026\\\/03\\\/Logo_Rund_Final-1.png\",\"width\":404,\"height\":404,\"caption\":\"Schweizversand.ch\"},\"image\":{\"@id\":\"https:\\\/\\\/schweizversand.ch\\\/it\\\/#\\\/schema\\\/logo\\\/image\\\/\"},\"sameAs\":[\"https:\\\/\\\/www.facebook.com\\\/Schweizversand\",\"https:\\\/\\\/www.instagram.com\\\/schweizversand.ch\\\/\"]}]}<\/script>\n<!-- \/ Yoast SEO plugin. -->","yoast_head_json":{"title":"Trespass RESTED Kinderschlafsack","description":"Bei diesem Artikel handelt es sich um ein Ausstellungsst\u00fcck , das daher leichte Gebrauchsspuren , wie zum Beispiel geringe Verschmutzungen, aufweisen kann. Die","robots":{"index":"index","follow":"follow","max-snippet":"max-snippet:-1","max-image-preview":"max-image-preview:large","max-video-preview":"max-video-preview:-1"},"canonical":"https:\/\/schweizversand.ch\/it\/produkt\/trespass-rested-kinderschlafsack\/","og_locale":"it_IT","og_type":"article","og_title":"Trespass RESTED Kinderschlafsack","og_description":"Bei diesem Artikel handelt es sich um ein Ausstellungsst\u00fcck , das daher leichte Gebrauchsspuren , wie zum Beispiel geringe Verschmutzungen, aufweisen kann. Die","og_url":"https:\/\/schweizversand.ch\/it\/produkt\/trespass-rested-kinderschlafsack\/","og_site_name":"Schweizer Shop f\u00fcr Sport, Spiel und Freizeit","article_publisher":"https:\/\/www.facebook.com\/Schweizversand","article_modified_time":"2026-04-19T00:07:12+00:00","og_image":[{"width":732,"height":1024,"url":"https:\/\/schweizversand.ch\/wp-content\/uploads\/2026\/03\/5471887724.jpg","type":"image\/jpeg"}],"twitter_card":"summary_large_image","twitter_misc":{"Tempo di lettura stimato":"1 minuto"},"schema":{"@context":"https:\/\/schema.org","@graph":[{"@type":"WebPage","@id":"https:\/\/schweizversand.ch\/it\/produkt\/trespass-rested-kinderschlafsack\/","url":"https:\/\/schweizversand.ch\/it\/produkt\/trespass-rested-kinderschlafsack\/","name":"Trespass RESTED Kinderschlafsack","isPartOf":{"@id":"https:\/\/schweizversand.ch\/it\/#website"},"primaryImageOfPage":{"@id":"https:\/\/schweizversand.ch\/it\/produkt\/trespass-rested-kinderschlafsack\/#primaryimage"},"image":{"@id":"https:\/\/schweizversand.ch\/it\/produkt\/trespass-rested-kinderschlafsack\/#primaryimage"},"thumbnailUrl":"https:\/\/schweizversand.ch\/wp-content\/uploads\/2026\/03\/5471887724.jpg","datePublished":"2026-03-14T23:57:23+00:00","dateModified":"2026-04-19T00:07:12+00:00","description":"Bei diesem Artikel handelt es sich um ein Ausstellungsst\u00fcck , das daher leichte Gebrauchsspuren , wie zum Beispiel geringe Verschmutzungen, aufweisen kann. Die","breadcrumb":{"@id":"https:\/\/schweizversand.ch\/it\/produkt\/trespass-rested-kinderschlafsack\/#breadcrumb"},"inLanguage":"it-IT","potentialAction":[{"@type":"ReadAction","target":["https:\/\/schweizversand.ch\/it\/produkt\/trespass-rested-kinderschlafsack\/"]}]},{"@type":"ImageObject","inLanguage":"it-IT","@id":"https:\/\/schweizversand.ch\/it\/produkt\/trespass-rested-kinderschlafsack\/#primaryimage","url":"https:\/\/schweizversand.ch\/wp-content\/uploads\/2026\/03\/5471887724.jpg","contentUrl":"https:\/\/schweizversand.ch\/wp-content\/uploads\/2026\/03\/5471887724.jpg","width":732,"height":1024},{"@type":"BreadcrumbList","@id":"https:\/\/schweizversand.ch\/it\/produkt\/trespass-rested-kinderschlafsack\/#breadcrumb","itemListElement":[{"@type":"ListItem","position":1,"name":"Startseite","item":"https:\/\/schweizversand.ch\/it\/home\/"},{"@type":"ListItem","position":2,"name":"Shop","item":"https:\/\/schweizversand.ch\/it\/shop\/"},{"@type":"ListItem","position":3,"name":"Prodotti di categoria B","item":"https:\/\/schweizversand.ch\/it\/produkt-kategorie\/beni-di-categoria-b\/"},{"@type":"ListItem","position":4,"name":"attrezzatura da campeggio","item":"https:\/\/schweizversand.ch\/it\/produkt-kategorie\/beni-di-categoria-b\/campingartikel\/"},{"@type":"ListItem","position":5,"name":"Sacco a pelo per bambini Trespass RESTED"}]},{"@type":"WebSite","@id":"https:\/\/schweizversand.ch\/it\/#website","url":"https:\/\/schweizversand.ch\/it\/","name":"Schweizer Shop f\u00fcr Sport, Spiel und Freizeit","description":"Gratisversand ab 50.- (netto), ab eigenem schweizer Lager, Lieferung innert 48h","publisher":{"@id":"https:\/\/schweizversand.ch\/it\/#organization"},"alternateName":"Schweizversand.ch","potentialAction":[{"@type":"SearchAction","target":{"@type":"EntryPoint","urlTemplate":"https:\/\/schweizversand.ch\/it\/?s={search_term_string}"},"query-input":{"@type":"PropertyValueSpecification","valueRequired":true,"valueName":"search_term_string"}}],"inLanguage":"it-IT"},{"@type":"Organization","@id":"https:\/\/schweizversand.ch\/it\/#organization","name":"Schweizversand.ch","url":"https:\/\/schweizversand.ch\/it\/","logo":{"@type":"ImageObject","inLanguage":"it-IT","@id":"https:\/\/schweizversand.ch\/it\/#\/schema\/logo\/image\/","url":"https:\/\/schweizversand.ch\/wp-content\/uploads\/2026\/03\/Logo_Rund_Final-1.png","contentUrl":"https:\/\/schweizversand.ch\/wp-content\/uploads\/2026\/03\/Logo_Rund_Final-1.png","width":404,"height":404,"caption":"Schweizversand.ch"},"image":{"@id":"https:\/\/schweizversand.ch\/it\/#\/schema\/logo\/image\/"},"sameAs":["https:\/\/www.facebook.com\/Schweizversand","https:\/\/www.instagram.com\/schweizversand.ch\/"]}]}},"jetpack_sharing_enabled":true,"_links":{"self":[{"href":"https:\/\/schweizversand.ch\/it\/wp-json\/wp\/v2\/product\/260968","targetHints":{"allow":["GET"]}}],"collection":[{"href":"https:\/\/schweizversand.ch\/it\/wp-json\/wp\/v2\/product"}],"about":[{"href":"https:\/\/schweizversand.ch\/it\/wp-json\/wp\/v2\/types\/product"}],"replies":[{"embeddable":true,"href":"https:\/\/schweizversand.ch\/it\/wp-json\/wp\/v2\/comments?post=260968"}],"wp:featuredmedia":[{"embeddable":true,"href":"https:\/\/schweizversand.ch\/it\/wp-json\/wp\/v2\/media\/244087"}],"wp:attachment":[{"href":"https:\/\/schweizversand.ch\/it\/wp-json\/wp\/v2\/media?parent=260968"}],"wp:term":[{"taxonomy":"product_brand","embeddable":true,"href":"https:\/\/schweizversand.ch\/it\/wp-json\/wp\/v2\/product_brand?post=260968"},{"taxonomy":"product_cat","embeddable":true,"href":"https:\/\/schweizversand.ch\/it\/wp-json\/wp\/v2\/product_cat?post=260968"},{"taxonomy":"product_tag","embeddable":true,"href":"https:\/\/schweizversand.ch\/it\/wp-json\/wp\/v2\/product_tag?post=260968"}],"curies":[{"name":"wp","href":"https:\/\/api.w.org\/{rel}","templated":true}]}}